{"id":490375,"date":"2025-07-03T13:13:38","date_gmt":"2025-07-03T11:13:38","guid":{"rendered":"https:\/\/shopatoa.com\/ro\/depot-200-hair-treatments-no-208-detoxifying-spray-lotion-tratament-de-detoxificare-pentru-scalp-100-ml\/"},"modified":"2025-12-09T17:43:17","modified_gmt":"2025-12-09T16:43:17","slug":"depot-200-hair-treatments-no-208-detoxifying-spray-lotion-tratament-de-detoxificare-pentru-scalp-100-ml","status":"publish","type":"product","link":"https:\/\/shopatoa.com\/ro\/depot-200-hair-treatments-no-208-detoxifying-spray-lotion-tratament-de-detoxificare-pentru-scalp-100-ml\/","title":{"rendered":"DEPOT 200 HAIR TREATMENTS NO. 208 DETOXIFYING SPRAY LOTION tratament de detoxificare pentru scalp 100 ml"},"content":{"rendered":"<p>DEPOT 200 HAIR TREATMENTS NO. 208 DETOXIFYING SPRAY LOTION, 100 ml, Balsamuri \u0219i lo\u021biuni de p\u0103r  pentru b\u0103rba\u021bi, Produsul f\u0103r\u0103 cl\u0103tire DEPOT 200 HAIR TREATMENTS NO. 208 DETOXIFYING SPRAY LOTION ofer\u0103 p\u0103rului \u00eengrijirea de care are nevoie.  Caracteristici:  are efect regenerator ofer\u0103 p\u0103rului hidratare \u0219i nutri\u021bie produsul este conceput special pentru b\u0103rba\u021bi previne \u00eengr\u0103\u0219area p\u0103rului  Cum se utilizeaz\u0103: Aplica\u021bi direct pe scalp. Efectua\u021bi un masaj delicat al scalpului. Nu cl\u0103ti\u021bi.<\/p>\n","protected":false},"excerpt":{"rendered":"<p>DEPOT 200 HAIR TREATMENTS NO. 208 DETOXIFYING SPRAY LOTION, 100 ml, Balsamuri \u0219i lo\u021biuni de p\u0103r pentru b\u0103rba\u021bi, Produsul f\u0103r\u0103 cl\u0103tire DEPOT 200 HAIR TREATMENTS NO. 208 DETOXIFYING SPRAY LOTION ofer\u0103 p\u0103rului \u00eengrijirea de care are nevoie. Caracteristici: are efect regenerator ofer\u0103 p\u0103rului hidratare \u0219i nutri\u021bie produsul este conceput special pentru b\u0103rba\u021bi previne \u00eengr\u0103\u0219area p\u0103rului&#8230;<\/p>\n","protected":false},"featured_media":490376,"comment_status":"closed","ping_status":"open","template":"","meta":{"_acf_changed":false,"_kadence_starter_templates_imported_post":false,"_kad_post_transparent":"","_kad_post_title":"","_kad_post_layout":"","_kad_post_sidebar_id":"","_kad_post_content_style":"","_kad_post_vertical_padding":"","_kad_post_feature":"","_kad_post_feature_position":"","_kad_post_header":false,"_kad_post_footer":false,"_kad_post_classname":""},"product_brand":[2236],"product_cat":[1563,1590,1562],"product_tag":[],"class_list":{"0":"post-490375","1":"product","2":"type-product","3":"status-publish","4":"has-post-thumbnail","6":"product_brand-depot","7":"product_cat-ingrijire-personala","8":"product_cat-ingrijirea-parului","9":"product_cat-sanatate-si-frumusete","10":"pa_gen-male","11":"pa_marime-100-ml","13":"first","14":"instock","15":"product-type-external","16":"entry","17":"content-bg","18":"loop-entry"},"acf":[],"yoast_head":"<!-- This site is optimized with the Yoast SEO plugin v27.4 - https:\/\/yoast.com\/product\/yoast-seo-wordpress\/ -->\n<title>DEPOT 200 HAIR TREATMENTS NO. 208 DETOXIFYING SPRAY LOTION tratament de detoxificare pentru scalp 100 ml - SHOPATOA.COM<\/title>\n<meta name=\"robots\" content=\"index, follow, max-snippet:-1, max-image-preview:large, max-video-preview:-1\" \/>\n<link rel=\"canonical\" href=\"https:\/\/shopatoa.com\/ro\/depot-200-hair-treatments-no-208-detoxifying-spray-lotion-tratament-de-detoxificare-pentru-scalp-100-ml\/\" \/>\n<meta property=\"og:locale\" content=\"ro_RO\" \/>\n<meta property=\"og:type\" content=\"article\" \/>\n<meta property=\"og:title\" content=\"DEPOT 200 HAIR TREATMENTS NO. 208 DETOXIFYING SPRAY LOTION tratament de detoxificare pentru scalp 100 ml - SHOPATOA.COM\" \/>\n<meta property=\"og:description\" content=\"DEPOT 200 HAIR TREATMENTS NO. 208 DETOXIFYING SPRAY LOTION, 100 ml, Balsamuri \u0219i lo\u021biuni de p\u0103r pentru b\u0103rba\u021bi, Produsul f\u0103r\u0103 cl\u0103tire DEPOT 200 HAIR TREATMENTS NO. 208 DETOXIFYING SPRAY LOTION ofer\u0103 p\u0103rului \u00eengrijirea de care are nevoie. Caracteristici: are efect regenerator ofer\u0103 p\u0103rului hidratare \u0219i nutri\u021bie produsul este conceput special pentru b\u0103rba\u021bi previne \u00eengr\u0103\u0219area p\u0103rului...\" \/>\n<meta property=\"og:url\" content=\"https:\/\/shopatoa.com\/ro\/depot-200-hair-treatments-no-208-detoxifying-spray-lotion-tratament-de-detoxificare-pentru-scalp-100-ml\/\" \/>\n<meta property=\"og:site_name\" content=\"SHOPATOA\" \/>\n<meta property=\"article:modified_time\" content=\"2025-12-09T16:43:17+00:00\" \/>\n<meta property=\"og:image\" content=\"https:\/\/storage.googleapis.com\/cz-shopatoa-img\/ro\/b6c5fd96-unnamed-file.webp\" \/>\n\t<meta property=\"og:image:width\" content=\"800\" \/>\n\t<meta property=\"og:image:height\" content=\"800\" \/>\n\t<meta property=\"og:image:type\" content=\"image\/webp\" \/>\n<meta name=\"twitter:card\" content=\"summary_large_image\" \/>\n<script type=\"application\/ld+json\" class=\"yoast-schema-graph\">{\"@context\":\"https:\\\/\\\/schema.org\",\"@graph\":[{\"@type\":\"WebPage\",\"@id\":\"https:\\\/\\\/shopatoa.com\\\/ro\\\/depot-200-hair-treatments-no-208-detoxifying-spray-lotion-tratament-de-detoxificare-pentru-scalp-100-ml\\\/\",\"url\":\"https:\\\/\\\/shopatoa.com\\\/ro\\\/depot-200-hair-treatments-no-208-detoxifying-spray-lotion-tratament-de-detoxificare-pentru-scalp-100-ml\\\/\",\"name\":\"DEPOT 200 HAIR TREATMENTS NO. 208 DETOXIFYING SPRAY LOTION tratament de detoxificare pentru scalp 100 ml - SHOPATOA.COM\",\"isPartOf\":{\"@id\":\"https:\\\/\\\/shopatoa.com\\\/ro\\\/#website\"},\"primaryImageOfPage\":{\"@id\":\"https:\\\/\\\/shopatoa.com\\\/ro\\\/depot-200-hair-treatments-no-208-detoxifying-spray-lotion-tratament-de-detoxificare-pentru-scalp-100-ml\\\/#primaryimage\"},\"image\":{\"@id\":\"https:\\\/\\\/shopatoa.com\\\/ro\\\/depot-200-hair-treatments-no-208-detoxifying-spray-lotion-tratament-de-detoxificare-pentru-scalp-100-ml\\\/#primaryimage\"},\"thumbnailUrl\":\"https:\\\/\\\/storage.googleapis.com\\\/cz-shopatoa-img\\\/ro\\\/b6c5fd96-unnamed-file.webp\",\"datePublished\":\"2025-07-03T11:13:38+00:00\",\"dateModified\":\"2025-12-09T16:43:17+00:00\",\"breadcrumb\":{\"@id\":\"https:\\\/\\\/shopatoa.com\\\/ro\\\/depot-200-hair-treatments-no-208-detoxifying-spray-lotion-tratament-de-detoxificare-pentru-scalp-100-ml\\\/#breadcrumb\"},\"inLanguage\":\"ro-RO\",\"potentialAction\":[{\"@type\":\"ReadAction\",\"target\":[\"https:\\\/\\\/shopatoa.com\\\/ro\\\/depot-200-hair-treatments-no-208-detoxifying-spray-lotion-tratament-de-detoxificare-pentru-scalp-100-ml\\\/\"]}]},{\"@type\":\"ImageObject\",\"inLanguage\":\"ro-RO\",\"@id\":\"https:\\\/\\\/shopatoa.com\\\/ro\\\/depot-200-hair-treatments-no-208-detoxifying-spray-lotion-tratament-de-detoxificare-pentru-scalp-100-ml\\\/#primaryimage\",\"url\":\"https:\\\/\\\/storage.googleapis.com\\\/cz-shopatoa-img\\\/ro\\\/b6c5fd96-unnamed-file.webp\",\"contentUrl\":\"https:\\\/\\\/storage.googleapis.com\\\/cz-shopatoa-img\\\/ro\\\/b6c5fd96-unnamed-file.webp\",\"width\":800,\"height\":800},{\"@type\":\"BreadcrumbList\",\"@id\":\"https:\\\/\\\/shopatoa.com\\\/ro\\\/depot-200-hair-treatments-no-208-detoxifying-spray-lotion-tratament-de-detoxificare-pentru-scalp-100-ml\\\/#breadcrumb\",\"itemListElement\":[{\"@type\":\"ListItem\",\"position\":1,\"name\":\"Dom\u016f\",\"item\":\"https:\\\/\\\/shopatoa.com\\\/ro\\\/\"},{\"@type\":\"ListItem\",\"position\":2,\"name\":\"Shop\",\"item\":\"https:\\\/\\\/shopatoa.com\\\/ro\\\/shop\\\/\"},{\"@type\":\"ListItem\",\"position\":3,\"name\":\"S\u0103n\u0103tate \u0219i frumuse\u021be\",\"item\":\"https:\\\/\\\/shopatoa.com\\\/ro\\\/sanatate-si-frumusete\\\/\"},{\"@type\":\"ListItem\",\"position\":4,\"name\":\"\u00cengrijire personal\u0103\",\"item\":\"https:\\\/\\\/shopatoa.com\\\/ro\\\/ingrijire-personala\\\/\"},{\"@type\":\"ListItem\",\"position\":5,\"name\":\"\u00cengrijirea p\u0103rului\",\"item\":\"https:\\\/\\\/shopatoa.com\\\/ro\\\/ingrijirea-parului\\\/\"},{\"@type\":\"ListItem\",\"position\":6,\"name\":\"DEPOT 200 HAIR TREATMENTS NO. 208 DETOXIFYING SPRAY LOTION tratament de detoxificare pentru scalp 100 ml\"}]},{\"@type\":\"WebSite\",\"@id\":\"https:\\\/\\\/shopatoa.com\\\/ro\\\/#website\",\"url\":\"https:\\\/\\\/shopatoa.com\\\/ro\\\/\",\"name\":\"SHOPATOA\",\"description\":\"\",\"publisher\":{\"@id\":\"https:\\\/\\\/shopatoa.com\\\/ro\\\/#organization\"},\"potentialAction\":[{\"@type\":\"SearchAction\",\"target\":{\"@type\":\"EntryPoint\",\"urlTemplate\":\"https:\\\/\\\/shopatoa.com\\\/ro\\\/?s={search_term_string}\"},\"query-input\":{\"@type\":\"PropertyValueSpecification\",\"valueRequired\":true,\"valueName\":\"search_term_string\"}}],\"inLanguage\":\"ro-RO\"},{\"@type\":\"Organization\",\"@id\":\"https:\\\/\\\/shopatoa.com\\\/ro\\\/#organization\",\"name\":\"SHOPATOA\",\"url\":\"https:\\\/\\\/shopatoa.com\\\/ro\\\/\",\"logo\":{\"@type\":\"ImageObject\",\"inLanguage\":\"ro-RO\",\"@id\":\"https:\\\/\\\/shopatoa.com\\\/ro\\\/#\\\/schema\\\/logo\\\/image\\\/\",\"url\":\"https:\\\/\\\/storage.googleapis.com\\\/cz-shopatoa-img\\\/ro\\\/b4dac915-shopatoa_logo.png\",\"contentUrl\":\"https:\\\/\\\/storage.googleapis.com\\\/cz-shopatoa-img\\\/ro\\\/b4dac915-shopatoa_logo.png\",\"width\":416,\"height\":63,\"caption\":\"SHOPATOA\"},\"image\":{\"@id\":\"https:\\\/\\\/shopatoa.com\\\/ro\\\/#\\\/schema\\\/logo\\\/image\\\/\"}}]}<\/script>\n<!-- \/ Yoast SEO plugin. -->","yoast_head_json":{"title":"DEPOT 200 HAIR TREATMENTS NO. 208 DETOXIFYING SPRAY LOTION tratament de detoxificare pentru scalp 100 ml - SHOPATOA.COM","robots":{"index":"index","follow":"follow","max-snippet":"max-snippet:-1","max-image-preview":"max-image-preview:large","max-video-preview":"max-video-preview:-1"},"canonical":"https:\/\/shopatoa.com\/ro\/depot-200-hair-treatments-no-208-detoxifying-spray-lotion-tratament-de-detoxificare-pentru-scalp-100-ml\/","og_locale":"ro_RO","og_type":"article","og_title":"DEPOT 200 HAIR TREATMENTS NO. 208 DETOXIFYING SPRAY LOTION tratament de detoxificare pentru scalp 100 ml - SHOPATOA.COM","og_description":"DEPOT 200 HAIR TREATMENTS NO. 208 DETOXIFYING SPRAY LOTION, 100 ml, Balsamuri \u0219i lo\u021biuni de p\u0103r pentru b\u0103rba\u021bi, Produsul f\u0103r\u0103 cl\u0103tire DEPOT 200 HAIR TREATMENTS NO. 208 DETOXIFYING SPRAY LOTION ofer\u0103 p\u0103rului \u00eengrijirea de care are nevoie. Caracteristici: are efect regenerator ofer\u0103 p\u0103rului hidratare \u0219i nutri\u021bie produsul este conceput special pentru b\u0103rba\u021bi previne \u00eengr\u0103\u0219area p\u0103rului...","og_url":"https:\/\/shopatoa.com\/ro\/depot-200-hair-treatments-no-208-detoxifying-spray-lotion-tratament-de-detoxificare-pentru-scalp-100-ml\/","og_site_name":"SHOPATOA","article_modified_time":"2025-12-09T16:43:17+00:00","og_image":[{"width":800,"height":800,"url":"https:\/\/storage.googleapis.com\/cz-shopatoa-img\/ro\/b6c5fd96-unnamed-file.webp","type":"image\/webp"}],"twitter_card":"summary_large_image","schema":{"@context":"https:\/\/schema.org","@graph":[{"@type":"WebPage","@id":"https:\/\/shopatoa.com\/ro\/depot-200-hair-treatments-no-208-detoxifying-spray-lotion-tratament-de-detoxificare-pentru-scalp-100-ml\/","url":"https:\/\/shopatoa.com\/ro\/depot-200-hair-treatments-no-208-detoxifying-spray-lotion-tratament-de-detoxificare-pentru-scalp-100-ml\/","name":"DEPOT 200 HAIR TREATMENTS NO. 208 DETOXIFYING SPRAY LOTION tratament de detoxificare pentru scalp 100 ml - SHOPATOA.COM","isPartOf":{"@id":"https:\/\/shopatoa.com\/ro\/#website"},"primaryImageOfPage":{"@id":"https:\/\/shopatoa.com\/ro\/depot-200-hair-treatments-no-208-detoxifying-spray-lotion-tratament-de-detoxificare-pentru-scalp-100-ml\/#primaryimage"},"image":{"@id":"https:\/\/shopatoa.com\/ro\/depot-200-hair-treatments-no-208-detoxifying-spray-lotion-tratament-de-detoxificare-pentru-scalp-100-ml\/#primaryimage"},"thumbnailUrl":"https:\/\/storage.googleapis.com\/cz-shopatoa-img\/ro\/b6c5fd96-unnamed-file.webp","datePublished":"2025-07-03T11:13:38+00:00","dateModified":"2025-12-09T16:43:17+00:00","breadcrumb":{"@id":"https:\/\/shopatoa.com\/ro\/depot-200-hair-treatments-no-208-detoxifying-spray-lotion-tratament-de-detoxificare-pentru-scalp-100-ml\/#breadcrumb"},"inLanguage":"ro-RO","potentialAction":[{"@type":"ReadAction","target":["https:\/\/shopatoa.com\/ro\/depot-200-hair-treatments-no-208-detoxifying-spray-lotion-tratament-de-detoxificare-pentru-scalp-100-ml\/"]}]},{"@type":"ImageObject","inLanguage":"ro-RO","@id":"https:\/\/shopatoa.com\/ro\/depot-200-hair-treatments-no-208-detoxifying-spray-lotion-tratament-de-detoxificare-pentru-scalp-100-ml\/#primaryimage","url":"https:\/\/storage.googleapis.com\/cz-shopatoa-img\/ro\/b6c5fd96-unnamed-file.webp","contentUrl":"https:\/\/storage.googleapis.com\/cz-shopatoa-img\/ro\/b6c5fd96-unnamed-file.webp","width":800,"height":800},{"@type":"BreadcrumbList","@id":"https:\/\/shopatoa.com\/ro\/depot-200-hair-treatments-no-208-detoxifying-spray-lotion-tratament-de-detoxificare-pentru-scalp-100-ml\/#breadcrumb","itemListElement":[{"@type":"ListItem","position":1,"name":"Dom\u016f","item":"https:\/\/shopatoa.com\/ro\/"},{"@type":"ListItem","position":2,"name":"Shop","item":"https:\/\/shopatoa.com\/ro\/shop\/"},{"@type":"ListItem","position":3,"name":"S\u0103n\u0103tate \u0219i frumuse\u021be","item":"https:\/\/shopatoa.com\/ro\/sanatate-si-frumusete\/"},{"@type":"ListItem","position":4,"name":"\u00cengrijire personal\u0103","item":"https:\/\/shopatoa.com\/ro\/ingrijire-personala\/"},{"@type":"ListItem","position":5,"name":"\u00cengrijirea p\u0103rului","item":"https:\/\/shopatoa.com\/ro\/ingrijirea-parului\/"},{"@type":"ListItem","position":6,"name":"DEPOT 200 HAIR TREATMENTS NO. 208 DETOXIFYING SPRAY LOTION tratament de detoxificare pentru scalp 100 ml"}]},{"@type":"WebSite","@id":"https:\/\/shopatoa.com\/ro\/#website","url":"https:\/\/shopatoa.com\/ro\/","name":"SHOPATOA","description":"","publisher":{"@id":"https:\/\/shopatoa.com\/ro\/#organization"},"potentialAction":[{"@type":"SearchAction","target":{"@type":"EntryPoint","urlTemplate":"https:\/\/shopatoa.com\/ro\/?s={search_term_string}"},"query-input":{"@type":"PropertyValueSpecification","valueRequired":true,"valueName":"search_term_string"}}],"inLanguage":"ro-RO"},{"@type":"Organization","@id":"https:\/\/shopatoa.com\/ro\/#organization","name":"SHOPATOA","url":"https:\/\/shopatoa.com\/ro\/","logo":{"@type":"ImageObject","inLanguage":"ro-RO","@id":"https:\/\/shopatoa.com\/ro\/#\/schema\/logo\/image\/","url":"https:\/\/storage.googleapis.com\/cz-shopatoa-img\/ro\/b4dac915-shopatoa_logo.png","contentUrl":"https:\/\/storage.googleapis.com\/cz-shopatoa-img\/ro\/b4dac915-shopatoa_logo.png","width":416,"height":63,"caption":"SHOPATOA"},"image":{"@id":"https:\/\/shopatoa.com\/ro\/#\/schema\/logo\/image\/"}}]}},"_links":{"self":[{"href":"https:\/\/shopatoa.com\/ro\/wp-json\/wp\/v2\/product\/490375","targetHints":{"allow":["GET"]}}],"collection":[{"href":"https:\/\/shopatoa.com\/ro\/wp-json\/wp\/v2\/product"}],"about":[{"href":"https:\/\/shopatoa.com\/ro\/wp-json\/wp\/v2\/types\/product"}],"replies":[{"embeddable":true,"href":"https:\/\/shopatoa.com\/ro\/wp-json\/wp\/v2\/comments?post=490375"}],"wp:featuredmedia":[{"embeddable":true,"href":"https:\/\/shopatoa.com\/ro\/wp-json\/wp\/v2\/media\/490376"}],"wp:attachment":[{"href":"https:\/\/shopatoa.com\/ro\/wp-json\/wp\/v2\/media?parent=490375"}],"wp:term":[{"taxonomy":"product_brand","embeddable":true,"href":"https:\/\/shopatoa.com\/ro\/wp-json\/wp\/v2\/product_brand?post=490375"},{"taxonomy":"product_cat","embeddable":true,"href":"https:\/\/shopatoa.com\/ro\/wp-json\/wp\/v2\/product_cat?post=490375"},{"taxonomy":"product_tag","embeddable":true,"href":"https:\/\/shopatoa.com\/ro\/wp-json\/wp\/v2\/product_tag?post=490375"}],"curies":[{"name":"wp","href":"https:\/\/api.w.org\/{rel}","templated":true}]}}