{"id":490873,"date":"2025-07-03T14:19:40","date_gmt":"2025-07-03T12:19:40","guid":{"rendered":"https:\/\/shopatoa.com\/ro\/idc-institute-in-love-set-cadou-pentru-femei-2\/"},"modified":"2025-12-09T10:05:26","modified_gmt":"2025-12-09T09:05:26","slug":"idc-institute-in-love-set-cadou-pentru-femei-2","status":"publish","type":"product","link":"https:\/\/shopatoa.com\/ro\/idc-institute-in-love-set-cadou-pentru-femei-2\/","title":{"rendered":"IDC Institute In Love set cadou pentru femei"},"content":{"rendered":"<p>IDC Institute In Love, Spray de corp pentru femei, Ocaziile speciale presupun cadouri speciale, fie c\u0103 dori\u021bi s\u0103 v\u0103 oferi\u021bi o bucurie dvs. sau celor dragi. Setul cadou IDC Institute In Love include o combina\u021bie de parfumuri \u0219i produse cosmetice atent selec\u021bionate \u0219i asortate cu mult\u0103 dragoste, care vor aduce cu siguran\u021b\u0103 un z\u00e2mbet pe fa\u021b\u0103, fie dvs., fie celor dragi, indiferent dac\u0103 le ve\u021bi \u00eencerca pe toate deodat\u0103, sau dac\u0103 le ve\u021bi deschide treptat, pe parcursul lunii.  Setul con\u021bine:  masc\u0103 pentru dormit 1 buc lo\u021biune de corp hidratant\u0103 50 ml spray de corp hidratant 90 ml saruri de baie 50 g  Caracteristici:  spal\u0103 pielea \u0219i \u00eendep\u0103rteaz\u0103 impurit\u0103\u021bile creeaz\u0103 o spum\u0103 abundent\u0103 \u00eent\u0103re\u0219te bariera de protec\u021bie a pielii miroase pl\u0103cut \u00eemprosp\u0103teaz\u0103 pl\u0103cut are efecte emoliente bucur\u0103 orice femeie ambalare cadou pentru hidratare intens\u0103 catifeleaz\u0103 \u0219i \u00eenmoaie pielea<\/p>\n","protected":false},"excerpt":{"rendered":"<p>IDC Institute In Love, Spray de corp pentru femei, Ocaziile speciale presupun cadouri speciale, fie c\u0103 dori\u021bi s\u0103 v\u0103 oferi\u021bi o bucurie dvs. sau celor dragi. Setul cadou IDC Institute In Love include o combina\u021bie de parfumuri \u0219i produse cosmetice atent selec\u021bionate \u0219i asortate cu mult\u0103 dragoste, care vor aduce cu siguran\u021b\u0103 un z\u00e2mbet pe&#8230;<\/p>\n","protected":false},"featured_media":490874,"comment_status":"closed","ping_status":"open","template":"","meta":{"_acf_changed":false,"_kadence_starter_templates_imported_post":false,"_kad_post_transparent":"","_kad_post_title":"","_kad_post_layout":"","_kad_post_sidebar_id":"","_kad_post_content_style":"","_kad_post_vertical_padding":"","_kad_post_feature":"","_kad_post_feature_position":"","_kad_post_header":false,"_kad_post_footer":false,"_kad_post_classname":""},"product_brand":[2154],"product_cat":[4227,4226,4228,4225,4224],"product_tag":[],"class_list":{"0":"post-490873","1":"product","2":"type-product","3":"status-publish","4":"has-post-thumbnail","6":"product_brand-idc-institute","7":"product_cat-baie-si-corp-cosmetice-ingrijire-personala-sanatate-si-ingrijire-personala","8":"product_cat-cosmetice-ingrijire-personala-sanatate-si-ingrijire-personala","9":"product_cat-gel-de-dus-baie-si-corp-cosmetice-ingrijire-personala-sanatate-si-ingrijire-personala","10":"product_cat-ingrijire-personala-sanatate-si-ingrijire-personala","11":"product_cat-sanatate-si-ingrijire-personala","12":"pa_gen-female","14":"first","15":"instock","16":"sale","17":"product-type-external","18":"entry","19":"content-bg","20":"loop-entry"},"acf":[],"yoast_head":"<!-- This site is optimized with the Yoast SEO plugin v27.4 - https:\/\/yoast.com\/product\/yoast-seo-wordpress\/ -->\n<title>IDC Institute In Love set cadou pentru femei - SHOPATOA.COM<\/title>\n<meta name=\"robots\" content=\"index, follow, max-snippet:-1, max-image-preview:large, max-video-preview:-1\" \/>\n<link rel=\"canonical\" href=\"https:\/\/shopatoa.com\/ro\/idc-institute-in-love-set-cadou-pentru-femei-2\/\" \/>\n<meta property=\"og:locale\" content=\"ro_RO\" \/>\n<meta property=\"og:type\" content=\"article\" \/>\n<meta property=\"og:title\" content=\"IDC Institute In Love set cadou pentru femei - SHOPATOA.COM\" \/>\n<meta property=\"og:description\" content=\"IDC Institute In Love, Spray de corp pentru femei, Ocaziile speciale presupun cadouri speciale, fie c\u0103 dori\u021bi s\u0103 v\u0103 oferi\u021bi o bucurie dvs. sau celor dragi. Setul cadou IDC Institute In Love include o combina\u021bie de parfumuri \u0219i produse cosmetice atent selec\u021bionate \u0219i asortate cu mult\u0103 dragoste, care vor aduce cu siguran\u021b\u0103 un z\u00e2mbet pe...\" \/>\n<meta property=\"og:url\" content=\"https:\/\/shopatoa.com\/ro\/idc-institute-in-love-set-cadou-pentru-femei-2\/\" \/>\n<meta property=\"og:site_name\" content=\"SHOPATOA\" \/>\n<meta property=\"article:modified_time\" content=\"2025-12-09T09:05:26+00:00\" \/>\n<meta property=\"og:image\" content=\"https:\/\/storage.googleapis.com\/cz-shopatoa-img\/ro\/36ad137f-unnamed-file.webp\" \/>\n\t<meta property=\"og:image:width\" content=\"800\" \/>\n\t<meta property=\"og:image:height\" content=\"800\" \/>\n\t<meta property=\"og:image:type\" content=\"image\/webp\" \/>\n<meta name=\"twitter:card\" content=\"summary_large_image\" \/>\n<meta name=\"twitter:label1\" content=\"Timp estimat pentru citire\" \/>\n\t<meta name=\"twitter:data1\" content=\"1 minut\" \/>\n<script type=\"application\/ld+json\" class=\"yoast-schema-graph\">{\"@context\":\"https:\\\/\\\/schema.org\",\"@graph\":[{\"@type\":\"WebPage\",\"@id\":\"https:\\\/\\\/shopatoa.com\\\/ro\\\/idc-institute-in-love-set-cadou-pentru-femei-2\\\/\",\"url\":\"https:\\\/\\\/shopatoa.com\\\/ro\\\/idc-institute-in-love-set-cadou-pentru-femei-2\\\/\",\"name\":\"IDC Institute In Love set cadou pentru femei - SHOPATOA.COM\",\"isPartOf\":{\"@id\":\"https:\\\/\\\/shopatoa.com\\\/ro\\\/#website\"},\"primaryImageOfPage\":{\"@id\":\"https:\\\/\\\/shopatoa.com\\\/ro\\\/idc-institute-in-love-set-cadou-pentru-femei-2\\\/#primaryimage\"},\"image\":{\"@id\":\"https:\\\/\\\/shopatoa.com\\\/ro\\\/idc-institute-in-love-set-cadou-pentru-femei-2\\\/#primaryimage\"},\"thumbnailUrl\":\"https:\\\/\\\/storage.googleapis.com\\\/cz-shopatoa-img\\\/ro\\\/36ad137f-unnamed-file.webp\",\"datePublished\":\"2025-07-03T12:19:40+00:00\",\"dateModified\":\"2025-12-09T09:05:26+00:00\",\"breadcrumb\":{\"@id\":\"https:\\\/\\\/shopatoa.com\\\/ro\\\/idc-institute-in-love-set-cadou-pentru-femei-2\\\/#breadcrumb\"},\"inLanguage\":\"ro-RO\",\"potentialAction\":[{\"@type\":\"ReadAction\",\"target\":[\"https:\\\/\\\/shopatoa.com\\\/ro\\\/idc-institute-in-love-set-cadou-pentru-femei-2\\\/\"]}]},{\"@type\":\"ImageObject\",\"inLanguage\":\"ro-RO\",\"@id\":\"https:\\\/\\\/shopatoa.com\\\/ro\\\/idc-institute-in-love-set-cadou-pentru-femei-2\\\/#primaryimage\",\"url\":\"https:\\\/\\\/storage.googleapis.com\\\/cz-shopatoa-img\\\/ro\\\/36ad137f-unnamed-file.webp\",\"contentUrl\":\"https:\\\/\\\/storage.googleapis.com\\\/cz-shopatoa-img\\\/ro\\\/36ad137f-unnamed-file.webp\",\"width\":800,\"height\":800},{\"@type\":\"BreadcrumbList\",\"@id\":\"https:\\\/\\\/shopatoa.com\\\/ro\\\/idc-institute-in-love-set-cadou-pentru-femei-2\\\/#breadcrumb\",\"itemListElement\":[{\"@type\":\"ListItem\",\"position\":1,\"name\":\"Dom\u016f\",\"item\":\"https:\\\/\\\/shopatoa.com\\\/ro\\\/\"},{\"@type\":\"ListItem\",\"position\":2,\"name\":\"Shop\",\"item\":\"https:\\\/\\\/shopatoa.com\\\/ro\\\/shop\\\/\"},{\"@type\":\"ListItem\",\"position\":3,\"name\":\"S\u0103n\u0103tate \u0219i \u00cengrijire personal\u0103\",\"item\":\"https:\\\/\\\/shopatoa.com\\\/ro\\\/sanatate-si-ingrijire-personala\\\/\"},{\"@type\":\"ListItem\",\"position\":4,\"name\":\"\u00cengrijire personal\u0103\",\"item\":\"https:\\\/\\\/shopatoa.com\\\/ro\\\/ingrijire-personala-sanatate-si-ingrijire-personala\\\/\"},{\"@type\":\"ListItem\",\"position\":5,\"name\":\"Cosmetice\",\"item\":\"https:\\\/\\\/shopatoa.com\\\/ro\\\/cosmetice-ingrijire-personala-sanatate-si-ingrijire-personala\\\/\"},{\"@type\":\"ListItem\",\"position\":6,\"name\":\"Baie \u0219i Corp\",\"item\":\"https:\\\/\\\/shopatoa.com\\\/ro\\\/baie-si-corp-cosmetice-ingrijire-personala-sanatate-si-ingrijire-personala\\\/\"},{\"@type\":\"ListItem\",\"position\":7,\"name\":\"Gel de du\u0219\",\"item\":\"https:\\\/\\\/shopatoa.com\\\/ro\\\/gel-de-dus-baie-si-corp-cosmetice-ingrijire-personala-sanatate-si-ingrijire-personala\\\/\"},{\"@type\":\"ListItem\",\"position\":8,\"name\":\"IDC Institute In Love set cadou pentru femei\"}]},{\"@type\":\"WebSite\",\"@id\":\"https:\\\/\\\/shopatoa.com\\\/ro\\\/#website\",\"url\":\"https:\\\/\\\/shopatoa.com\\\/ro\\\/\",\"name\":\"SHOPATOA\",\"description\":\"\",\"publisher\":{\"@id\":\"https:\\\/\\\/shopatoa.com\\\/ro\\\/#organization\"},\"potentialAction\":[{\"@type\":\"SearchAction\",\"target\":{\"@type\":\"EntryPoint\",\"urlTemplate\":\"https:\\\/\\\/shopatoa.com\\\/ro\\\/?s={search_term_string}\"},\"query-input\":{\"@type\":\"PropertyValueSpecification\",\"valueRequired\":true,\"valueName\":\"search_term_string\"}}],\"inLanguage\":\"ro-RO\"},{\"@type\":\"Organization\",\"@id\":\"https:\\\/\\\/shopatoa.com\\\/ro\\\/#organization\",\"name\":\"SHOPATOA\",\"url\":\"https:\\\/\\\/shopatoa.com\\\/ro\\\/\",\"logo\":{\"@type\":\"ImageObject\",\"inLanguage\":\"ro-RO\",\"@id\":\"https:\\\/\\\/shopatoa.com\\\/ro\\\/#\\\/schema\\\/logo\\\/image\\\/\",\"url\":\"https:\\\/\\\/storage.googleapis.com\\\/cz-shopatoa-img\\\/ro\\\/b4dac915-shopatoa_logo.png\",\"contentUrl\":\"https:\\\/\\\/storage.googleapis.com\\\/cz-shopatoa-img\\\/ro\\\/b4dac915-shopatoa_logo.png\",\"width\":416,\"height\":63,\"caption\":\"SHOPATOA\"},\"image\":{\"@id\":\"https:\\\/\\\/shopatoa.com\\\/ro\\\/#\\\/schema\\\/logo\\\/image\\\/\"}}]}<\/script>\n<!-- \/ Yoast SEO plugin. -->","yoast_head_json":{"title":"IDC Institute In Love set cadou pentru femei - SHOPATOA.COM","robots":{"index":"index","follow":"follow","max-snippet":"max-snippet:-1","max-image-preview":"max-image-preview:large","max-video-preview":"max-video-preview:-1"},"canonical":"https:\/\/shopatoa.com\/ro\/idc-institute-in-love-set-cadou-pentru-femei-2\/","og_locale":"ro_RO","og_type":"article","og_title":"IDC Institute In Love set cadou pentru femei - SHOPATOA.COM","og_description":"IDC Institute In Love, Spray de corp pentru femei, Ocaziile speciale presupun cadouri speciale, fie c\u0103 dori\u021bi s\u0103 v\u0103 oferi\u021bi o bucurie dvs. sau celor dragi. Setul cadou IDC Institute In Love include o combina\u021bie de parfumuri \u0219i produse cosmetice atent selec\u021bionate \u0219i asortate cu mult\u0103 dragoste, care vor aduce cu siguran\u021b\u0103 un z\u00e2mbet pe...","og_url":"https:\/\/shopatoa.com\/ro\/idc-institute-in-love-set-cadou-pentru-femei-2\/","og_site_name":"SHOPATOA","article_modified_time":"2025-12-09T09:05:26+00:00","og_image":[{"width":800,"height":800,"url":"https:\/\/storage.googleapis.com\/cz-shopatoa-img\/ro\/36ad137f-unnamed-file.webp","type":"image\/webp"}],"twitter_card":"summary_large_image","twitter_misc":{"Timp estimat pentru citire":"1 minut"},"schema":{"@context":"https:\/\/schema.org","@graph":[{"@type":"WebPage","@id":"https:\/\/shopatoa.com\/ro\/idc-institute-in-love-set-cadou-pentru-femei-2\/","url":"https:\/\/shopatoa.com\/ro\/idc-institute-in-love-set-cadou-pentru-femei-2\/","name":"IDC Institute In Love set cadou pentru femei - SHOPATOA.COM","isPartOf":{"@id":"https:\/\/shopatoa.com\/ro\/#website"},"primaryImageOfPage":{"@id":"https:\/\/shopatoa.com\/ro\/idc-institute-in-love-set-cadou-pentru-femei-2\/#primaryimage"},"image":{"@id":"https:\/\/shopatoa.com\/ro\/idc-institute-in-love-set-cadou-pentru-femei-2\/#primaryimage"},"thumbnailUrl":"https:\/\/storage.googleapis.com\/cz-shopatoa-img\/ro\/36ad137f-unnamed-file.webp","datePublished":"2025-07-03T12:19:40+00:00","dateModified":"2025-12-09T09:05:26+00:00","breadcrumb":{"@id":"https:\/\/shopatoa.com\/ro\/idc-institute-in-love-set-cadou-pentru-femei-2\/#breadcrumb"},"inLanguage":"ro-RO","potentialAction":[{"@type":"ReadAction","target":["https:\/\/shopatoa.com\/ro\/idc-institute-in-love-set-cadou-pentru-femei-2\/"]}]},{"@type":"ImageObject","inLanguage":"ro-RO","@id":"https:\/\/shopatoa.com\/ro\/idc-institute-in-love-set-cadou-pentru-femei-2\/#primaryimage","url":"https:\/\/storage.googleapis.com\/cz-shopatoa-img\/ro\/36ad137f-unnamed-file.webp","contentUrl":"https:\/\/storage.googleapis.com\/cz-shopatoa-img\/ro\/36ad137f-unnamed-file.webp","width":800,"height":800},{"@type":"BreadcrumbList","@id":"https:\/\/shopatoa.com\/ro\/idc-institute-in-love-set-cadou-pentru-femei-2\/#breadcrumb","itemListElement":[{"@type":"ListItem","position":1,"name":"Dom\u016f","item":"https:\/\/shopatoa.com\/ro\/"},{"@type":"ListItem","position":2,"name":"Shop","item":"https:\/\/shopatoa.com\/ro\/shop\/"},{"@type":"ListItem","position":3,"name":"S\u0103n\u0103tate \u0219i \u00cengrijire personal\u0103","item":"https:\/\/shopatoa.com\/ro\/sanatate-si-ingrijire-personala\/"},{"@type":"ListItem","position":4,"name":"\u00cengrijire personal\u0103","item":"https:\/\/shopatoa.com\/ro\/ingrijire-personala-sanatate-si-ingrijire-personala\/"},{"@type":"ListItem","position":5,"name":"Cosmetice","item":"https:\/\/shopatoa.com\/ro\/cosmetice-ingrijire-personala-sanatate-si-ingrijire-personala\/"},{"@type":"ListItem","position":6,"name":"Baie \u0219i Corp","item":"https:\/\/shopatoa.com\/ro\/baie-si-corp-cosmetice-ingrijire-personala-sanatate-si-ingrijire-personala\/"},{"@type":"ListItem","position":7,"name":"Gel de du\u0219","item":"https:\/\/shopatoa.com\/ro\/gel-de-dus-baie-si-corp-cosmetice-ingrijire-personala-sanatate-si-ingrijire-personala\/"},{"@type":"ListItem","position":8,"name":"IDC Institute In Love set cadou pentru femei"}]},{"@type":"WebSite","@id":"https:\/\/shopatoa.com\/ro\/#website","url":"https:\/\/shopatoa.com\/ro\/","name":"SHOPATOA","description":"","publisher":{"@id":"https:\/\/shopatoa.com\/ro\/#organization"},"potentialAction":[{"@type":"SearchAction","target":{"@type":"EntryPoint","urlTemplate":"https:\/\/shopatoa.com\/ro\/?s={search_term_string}"},"query-input":{"@type":"PropertyValueSpecification","valueRequired":true,"valueName":"search_term_string"}}],"inLanguage":"ro-RO"},{"@type":"Organization","@id":"https:\/\/shopatoa.com\/ro\/#organization","name":"SHOPATOA","url":"https:\/\/shopatoa.com\/ro\/","logo":{"@type":"ImageObject","inLanguage":"ro-RO","@id":"https:\/\/shopatoa.com\/ro\/#\/schema\/logo\/image\/","url":"https:\/\/storage.googleapis.com\/cz-shopatoa-img\/ro\/b4dac915-shopatoa_logo.png","contentUrl":"https:\/\/storage.googleapis.com\/cz-shopatoa-img\/ro\/b4dac915-shopatoa_logo.png","width":416,"height":63,"caption":"SHOPATOA"},"image":{"@id":"https:\/\/shopatoa.com\/ro\/#\/schema\/logo\/image\/"}}]}},"_links":{"self":[{"href":"https:\/\/shopatoa.com\/ro\/wp-json\/wp\/v2\/product\/490873","targetHints":{"allow":["GET"]}}],"collection":[{"href":"https:\/\/shopatoa.com\/ro\/wp-json\/wp\/v2\/product"}],"about":[{"href":"https:\/\/shopatoa.com\/ro\/wp-json\/wp\/v2\/types\/product"}],"replies":[{"embeddable":true,"href":"https:\/\/shopatoa.com\/ro\/wp-json\/wp\/v2\/comments?post=490873"}],"wp:featuredmedia":[{"embeddable":true,"href":"https:\/\/shopatoa.com\/ro\/wp-json\/wp\/v2\/media\/490874"}],"wp:attachment":[{"href":"https:\/\/shopatoa.com\/ro\/wp-json\/wp\/v2\/media?parent=490873"}],"wp:term":[{"taxonomy":"product_brand","embeddable":true,"href":"https:\/\/shopatoa.com\/ro\/wp-json\/wp\/v2\/product_brand?post=490873"},{"taxonomy":"product_cat","embeddable":true,"href":"https:\/\/shopatoa.com\/ro\/wp-json\/wp\/v2\/product_cat?post=490873"},{"taxonomy":"product_tag","embeddable":true,"href":"https:\/\/shopatoa.com\/ro\/wp-json\/wp\/v2\/product_tag?post=490873"}],"curies":[{"name":"wp","href":"https:\/\/api.w.org\/{rel}","templated":true}]}}