{"id":491735,"date":"2025-07-03T15:59:39","date_gmt":"2025-07-03T13:59:39","guid":{"rendered":"https:\/\/shopatoa.com\/ro\/cantu-avocado-oil-elixir-ulei-hidratant-pentru-par-59-ml\/"},"modified":"2025-12-09T03:54:15","modified_gmt":"2025-12-09T02:54:15","slug":"cantu-avocado-oil-elixir-ulei-hidratant-pentru-par-59-ml","status":"publish","type":"product","link":"https:\/\/shopatoa.com\/ro\/cantu-avocado-oil-elixir-ulei-hidratant-pentru-par-59-ml\/","title":{"rendered":"CANTU Avocado Oil Elixir ulei hidratant pentru p\u0103r 59 ml"},"content":{"rendered":"<p>CANTU Avocado Oil Elixir, 59 ml, Seruri pentru p\u0103r pentru femei, Ave\u021bi senza\u021bia c\u0103 p\u0103rul dvs. are nevoie de ceva \u00een plus fa\u021b\u0103 de \u00eengrijirea oferit\u0103 de \u0219ampon, balsam sau chiar de masc\u0103? Uleiul de p\u0103r clasic CANTU Avocado Oil Elixir v\u0103 va \u00eembog\u0103\u021bi perfect rutina de \u00eengrijire \u2013 va oferi p\u0103rului o doz\u0103 suplimentar\u0103 de nutri\u021bie, va contribui la restabilirea elasticit\u0103\u021bii \u0219i flexibilit\u0103\u021bii, va favoriza regenerarea p\u0103rului \u0219i, nu \u00een ultimul r\u00e2nd, \u00eei va netezi suprafa\u021ba. Rezultatul va fi un p\u0103r mai delicat, mai catifelat \u0219i s\u0103n\u0103tos str\u0103lucitor, cu o tendin\u021b\u0103 mai redus\u0103 de frizz.  Caracteristici:  ofer\u0103 p\u0103rului rezisten\u021b\u0103 \u0219i flexibilitate nu \u00eencarc\u0103 p\u0103rul d\u0103 str\u0103lucire p\u0103rului \u00eembun\u0103t\u0103\u021be\u0219te structura p\u0103rului  Ingrediente:  con\u021bine cel pu\u021bin 99 % ingrediente de origine natural\u0103 produs vegan f\u0103r\u0103 sulfa\u021bi f\u0103r\u0103 silicon extract de bambus vitamina C \u2013 ofer\u0103 protec\u021bie antioxidant\u0103 \u00eempotriva radicalilor liberi, revitalizeaz\u0103 p\u0103rul \u0219i \u00eel protejeaz\u0103 \u00eempotriva cas\u0103rii \u0219i despic\u0103rii, stimuleaz\u0103 produc\u021bia de colagen \u0219i \u00eembun\u0103t\u0103\u021be\u0219te cre\u0219terea \u0219i calitatea p\u0103rului, previne c\u0103derea excesiv\u0103 unt de shea \u2013 hidrateaz\u0103 \u0219i hr\u0103ne\u0219te p\u0103rul \u00een profunzime, \u00eei red\u0103 str\u0103lucirea \u0219i ajut\u0103 la remedierea deterior\u0103rilor ulei de tea tree \u2013 are efecte de cur\u0103\u021bare \u0219i deodorizante, calmeaz\u0103, combate transpira\u021bia excesiv\u0103 \u0219i mirosurile corporale vitamina E \u2013 ofer\u0103 protec\u021bie antioxidant\u0103 \u00eempotriva daunelor cauzate de radicalii liberi, hidrateaz\u0103 \u0219i regenereaz\u0103 scalpul, ajut\u0103 la combaterea m\u0103tre\u021bii, \u00eembun\u0103t\u0103\u021be\u0219te calitatea general\u0103 a p\u0103rului, previne despicarea \u0219i c\u0103derea excesiv\u0103 a p\u0103rului extract de urzic\u0103 \u2013 ajut\u0103 la men\u021binerea scalpului s\u0103n\u0103tos \u0219i \u00een echilibru, regleaz\u0103 produc\u021bia de sebum, fortific\u0103 r\u0103d\u0103cinile p\u0103rului, favorizeaz\u0103 cre\u0219terea p\u0103rului \u0219i combate c\u0103derea acestuia, \u00eel las\u0103 catifelat \u0219i lucios ment\u0103 \u2013 are efecte de cur\u0103\u021bare, stimuleaz\u0103 circula\u021bia sanguin\u0103 la nivelul scalpului \u0219i ajut\u0103 la cre\u0219terea firelor noi de p\u0103r, contribuie la men\u021binerea echilibrului scalpului rozmarin \u2013 hr\u0103ne\u0219te r\u0103d\u0103cinile p\u0103rului \u0219i scalpul, \u00eel calmeaz\u0103 \u0219i \u00eei \u00eembun\u0103t\u0103\u021be\u0219te circula\u021bia sanguin\u0103, ceea ce fortific\u0103 foliculii \u0219i stimuleaz\u0103 cre\u0219terea unui p\u0103r nou \u0219i s\u0103n\u0103tos, lupt\u0103 \u00eempotriva c\u0103derii \u0219i ruperii p\u0103rului, previne m\u0103trea\u021ba vitamina B \u2013 are efecte hidratante \u0219i calmante, amelioreaz\u0103 irita\u021biile, favorizeaz\u0103 func\u021bia barierei protectoare a pielii, ajut\u0103 la reglarea produc\u021biei de sebum vitamina A \u2013 ajut\u0103 \u00een lupta \u00eempotriva acneei, favorizeaz\u0103 \u00eendep\u0103rtarea celulelor moarte cutanate \u0219i, datorit\u0103 acestui fapt, netezirea texturii, reduce petele pigmentare, nu numai cele cauzate de acnee, \u0219i previne formarea lor ulei de avocado \u2013 hidrateaz\u0103, hr\u0103ne\u0219te \u0219i fortific\u0103, ajut\u0103 la restabilirea frumuse\u021bii p\u0103rului deteriorat, favorizeaz\u0103 regenerarea ulei din s\u00e2mburi de struguri \u2013 ajut\u0103 la \u00eendep\u0103rtarea impurit\u0103\u021bilor \u0219i la demachiere, \u00een timp ce \u00eengrije\u0219te tenul, dar nu las\u0103 o senza\u021bie gras\u0103, datorit\u0103 con\u021binutului ridicat de vitamina E \u0219i C are efect antioxidant ulei de struguri \u2013 datorit\u0103 capacit\u0103\u021bii sale de absorb\u021bie rapid\u0103, p\u0103trunde u\u0219or \u00een fibrele de p\u0103r \u0219i le men\u021bine hidratate, catifeleaz\u0103, hr\u0103ne\u0219te \u0219i calmeaz\u0103 scalpul, favorizeaz\u0103 cre\u0219terea unui p\u0103r s\u0103n\u0103tos \u0219i ajut\u0103 la combaterea m\u0103tre\u021bii biotin\u0103  Cum se utilizeaz\u0103: Se aplic\u0103 pe lungimile \u0219i pe v\u00e2rfurile p\u0103rului uscat sau umed.<\/p>\n","protected":false},"excerpt":{"rendered":"<p>CANTU Avocado Oil Elixir, 59 ml, Seruri pentru p\u0103r pentru femei, Ave\u021bi senza\u021bia c\u0103 p\u0103rul dvs. are nevoie de ceva \u00een plus fa\u021b\u0103 de \u00eengrijirea oferit\u0103 de \u0219ampon, balsam sau chiar de masc\u0103? Uleiul de p\u0103r clasic CANTU Avocado Oil Elixir v\u0103 va \u00eembog\u0103\u021bi perfect rutina de \u00eengrijire \u2013 va oferi p\u0103rului o doz\u0103 suplimentar\u0103&#8230;<\/p>\n","protected":false},"featured_media":491736,"comment_status":"closed","ping_status":"open","template":"","meta":{"_acf_changed":false,"_kadence_starter_templates_imported_post":false,"_kad_post_transparent":"","_kad_post_title":"","_kad_post_layout":"","_kad_post_sidebar_id":"","_kad_post_content_style":"","_kad_post_vertical_padding":"","_kad_post_feature":"","_kad_post_feature_position":"","_kad_post_header":false,"_kad_post_footer":false,"_kad_post_classname":""},"product_brand":[1927],"product_cat":[1563,1590,4223,1562],"product_tag":[],"class_list":{"0":"post-491735","1":"product","2":"type-product","3":"status-publish","4":"has-post-thumbnail","6":"product_brand-cantu","7":"product_cat-ingrijire-personala","8":"product_cat-ingrijirea-parului","9":"product_cat-produse-de-stilizare-a-parului","10":"product_cat-sanatate-si-frumusete","11":"pa_gen-female","12":"pa_marime-59-ml","14":"first","15":"instock","16":"sale","17":"product-type-external","18":"entry","19":"content-bg","20":"loop-entry"},"acf":[],"yoast_head":"<!-- This site is optimized with the Yoast SEO plugin v27.3 - https:\/\/yoast.com\/product\/yoast-seo-wordpress\/ -->\n<title>CANTU Avocado Oil Elixir ulei hidratant pentru p\u0103r 59 ml - SHOPATOA.COM<\/title>\n<meta name=\"robots\" content=\"index, follow, max-snippet:-1, max-image-preview:large, max-video-preview:-1\" \/>\n<link rel=\"canonical\" href=\"https:\/\/shopatoa.com\/ro\/cantu-avocado-oil-elixir-ulei-hidratant-pentru-par-59-ml\/\" \/>\n<meta property=\"og:locale\" content=\"ro_RO\" \/>\n<meta property=\"og:type\" content=\"article\" \/>\n<meta property=\"og:title\" content=\"CANTU Avocado Oil Elixir ulei hidratant pentru p\u0103r 59 ml - SHOPATOA.COM\" \/>\n<meta property=\"og:description\" content=\"CANTU Avocado Oil Elixir, 59 ml, Seruri pentru p\u0103r pentru femei, Ave\u021bi senza\u021bia c\u0103 p\u0103rul dvs. are nevoie de ceva \u00een plus fa\u021b\u0103 de \u00eengrijirea oferit\u0103 de \u0219ampon, balsam sau chiar de masc\u0103? Uleiul de p\u0103r clasic CANTU Avocado Oil Elixir v\u0103 va \u00eembog\u0103\u021bi perfect rutina de \u00eengrijire \u2013 va oferi p\u0103rului o doz\u0103 suplimentar\u0103...\" \/>\n<meta property=\"og:url\" content=\"https:\/\/shopatoa.com\/ro\/cantu-avocado-oil-elixir-ulei-hidratant-pentru-par-59-ml\/\" \/>\n<meta property=\"og:site_name\" content=\"SHOPATOA\" \/>\n<meta property=\"article:modified_time\" content=\"2025-12-09T02:54:15+00:00\" \/>\n<meta property=\"og:image\" content=\"https:\/\/storage.googleapis.com\/cz-shopatoa-img\/ro\/6e3da4b8-unnamed-file.webp\" \/>\n\t<meta property=\"og:image:width\" content=\"800\" \/>\n\t<meta property=\"og:image:height\" content=\"800\" \/>\n\t<meta property=\"og:image:type\" content=\"image\/webp\" \/>\n<meta name=\"twitter:card\" content=\"summary_large_image\" \/>\n<meta name=\"twitter:label1\" content=\"Timp estimat pentru citire\" \/>\n\t<meta name=\"twitter:data1\" content=\"3 minute\" \/>\n<script type=\"application\/ld+json\" class=\"yoast-schema-graph\">{\"@context\":\"https:\\\/\\\/schema.org\",\"@graph\":[{\"@type\":\"WebPage\",\"@id\":\"https:\\\/\\\/shopatoa.com\\\/ro\\\/cantu-avocado-oil-elixir-ulei-hidratant-pentru-par-59-ml\\\/\",\"url\":\"https:\\\/\\\/shopatoa.com\\\/ro\\\/cantu-avocado-oil-elixir-ulei-hidratant-pentru-par-59-ml\\\/\",\"name\":\"CANTU Avocado Oil Elixir ulei hidratant pentru p\u0103r 59 ml - SHOPATOA.COM\",\"isPartOf\":{\"@id\":\"https:\\\/\\\/shopatoa.com\\\/ro\\\/#website\"},\"primaryImageOfPage\":{\"@id\":\"https:\\\/\\\/shopatoa.com\\\/ro\\\/cantu-avocado-oil-elixir-ulei-hidratant-pentru-par-59-ml\\\/#primaryimage\"},\"image\":{\"@id\":\"https:\\\/\\\/shopatoa.com\\\/ro\\\/cantu-avocado-oil-elixir-ulei-hidratant-pentru-par-59-ml\\\/#primaryimage\"},\"thumbnailUrl\":\"https:\\\/\\\/storage.googleapis.com\\\/cz-shopatoa-img\\\/ro\\\/6e3da4b8-unnamed-file.webp\",\"datePublished\":\"2025-07-03T13:59:39+00:00\",\"dateModified\":\"2025-12-09T02:54:15+00:00\",\"breadcrumb\":{\"@id\":\"https:\\\/\\\/shopatoa.com\\\/ro\\\/cantu-avocado-oil-elixir-ulei-hidratant-pentru-par-59-ml\\\/#breadcrumb\"},\"inLanguage\":\"ro-RO\",\"potentialAction\":[{\"@type\":\"ReadAction\",\"target\":[\"https:\\\/\\\/shopatoa.com\\\/ro\\\/cantu-avocado-oil-elixir-ulei-hidratant-pentru-par-59-ml\\\/\"]}]},{\"@type\":\"ImageObject\",\"inLanguage\":\"ro-RO\",\"@id\":\"https:\\\/\\\/shopatoa.com\\\/ro\\\/cantu-avocado-oil-elixir-ulei-hidratant-pentru-par-59-ml\\\/#primaryimage\",\"url\":\"https:\\\/\\\/storage.googleapis.com\\\/cz-shopatoa-img\\\/ro\\\/6e3da4b8-unnamed-file.webp\",\"contentUrl\":\"https:\\\/\\\/storage.googleapis.com\\\/cz-shopatoa-img\\\/ro\\\/6e3da4b8-unnamed-file.webp\",\"width\":800,\"height\":800},{\"@type\":\"BreadcrumbList\",\"@id\":\"https:\\\/\\\/shopatoa.com\\\/ro\\\/cantu-avocado-oil-elixir-ulei-hidratant-pentru-par-59-ml\\\/#breadcrumb\",\"itemListElement\":[{\"@type\":\"ListItem\",\"position\":1,\"name\":\"Dom\u016f\",\"item\":\"https:\\\/\\\/shopatoa.com\\\/ro\\\/\"},{\"@type\":\"ListItem\",\"position\":2,\"name\":\"Shop\",\"item\":\"https:\\\/\\\/shopatoa.com\\\/ro\\\/shop\\\/\"},{\"@type\":\"ListItem\",\"position\":3,\"name\":\"S\u0103n\u0103tate \u0219i frumuse\u021be\",\"item\":\"https:\\\/\\\/shopatoa.com\\\/ro\\\/sanatate-si-frumusete\\\/\"},{\"@type\":\"ListItem\",\"position\":4,\"name\":\"\u00cengrijire personal\u0103\",\"item\":\"https:\\\/\\\/shopatoa.com\\\/ro\\\/ingrijire-personala\\\/\"},{\"@type\":\"ListItem\",\"position\":5,\"name\":\"\u00cengrijirea p\u0103rului\",\"item\":\"https:\\\/\\\/shopatoa.com\\\/ro\\\/ingrijirea-parului\\\/\"},{\"@type\":\"ListItem\",\"position\":6,\"name\":\"Produse de stilizare a p\u0103rului\",\"item\":\"https:\\\/\\\/shopatoa.com\\\/ro\\\/produse-de-stilizare-a-parului\\\/\"},{\"@type\":\"ListItem\",\"position\":7,\"name\":\"CANTU Avocado Oil Elixir ulei hidratant pentru p\u0103r 59 ml\"}]},{\"@type\":\"WebSite\",\"@id\":\"https:\\\/\\\/shopatoa.com\\\/ro\\\/#website\",\"url\":\"https:\\\/\\\/shopatoa.com\\\/ro\\\/\",\"name\":\"SHOPATOA\",\"description\":\"\",\"publisher\":{\"@id\":\"https:\\\/\\\/shopatoa.com\\\/ro\\\/#organization\"},\"potentialAction\":[{\"@type\":\"SearchAction\",\"target\":{\"@type\":\"EntryPoint\",\"urlTemplate\":\"https:\\\/\\\/shopatoa.com\\\/ro\\\/?s={search_term_string}\"},\"query-input\":{\"@type\":\"PropertyValueSpecification\",\"valueRequired\":true,\"valueName\":\"search_term_string\"}}],\"inLanguage\":\"ro-RO\"},{\"@type\":\"Organization\",\"@id\":\"https:\\\/\\\/shopatoa.com\\\/ro\\\/#organization\",\"name\":\"SHOPATOA\",\"url\":\"https:\\\/\\\/shopatoa.com\\\/ro\\\/\",\"logo\":{\"@type\":\"ImageObject\",\"inLanguage\":\"ro-RO\",\"@id\":\"https:\\\/\\\/shopatoa.com\\\/ro\\\/#\\\/schema\\\/logo\\\/image\\\/\",\"url\":\"https:\\\/\\\/storage.googleapis.com\\\/cz-shopatoa-img\\\/ro\\\/b4dac915-shopatoa_logo.png\",\"contentUrl\":\"https:\\\/\\\/storage.googleapis.com\\\/cz-shopatoa-img\\\/ro\\\/b4dac915-shopatoa_logo.png\",\"width\":416,\"height\":63,\"caption\":\"SHOPATOA\"},\"image\":{\"@id\":\"https:\\\/\\\/shopatoa.com\\\/ro\\\/#\\\/schema\\\/logo\\\/image\\\/\"}}]}<\/script>\n<!-- \/ Yoast SEO plugin. -->","yoast_head_json":{"title":"CANTU Avocado Oil Elixir ulei hidratant pentru p\u0103r 59 ml - SHOPATOA.COM","robots":{"index":"index","follow":"follow","max-snippet":"max-snippet:-1","max-image-preview":"max-image-preview:large","max-video-preview":"max-video-preview:-1"},"canonical":"https:\/\/shopatoa.com\/ro\/cantu-avocado-oil-elixir-ulei-hidratant-pentru-par-59-ml\/","og_locale":"ro_RO","og_type":"article","og_title":"CANTU Avocado Oil Elixir ulei hidratant pentru p\u0103r 59 ml - SHOPATOA.COM","og_description":"CANTU Avocado Oil Elixir, 59 ml, Seruri pentru p\u0103r pentru femei, Ave\u021bi senza\u021bia c\u0103 p\u0103rul dvs. are nevoie de ceva \u00een plus fa\u021b\u0103 de \u00eengrijirea oferit\u0103 de \u0219ampon, balsam sau chiar de masc\u0103? Uleiul de p\u0103r clasic CANTU Avocado Oil Elixir v\u0103 va \u00eembog\u0103\u021bi perfect rutina de \u00eengrijire \u2013 va oferi p\u0103rului o doz\u0103 suplimentar\u0103...","og_url":"https:\/\/shopatoa.com\/ro\/cantu-avocado-oil-elixir-ulei-hidratant-pentru-par-59-ml\/","og_site_name":"SHOPATOA","article_modified_time":"2025-12-09T02:54:15+00:00","og_image":[{"width":800,"height":800,"url":"https:\/\/storage.googleapis.com\/cz-shopatoa-img\/ro\/6e3da4b8-unnamed-file.webp","type":"image\/webp"}],"twitter_card":"summary_large_image","twitter_misc":{"Timp estimat pentru citire":"3 minute"},"schema":{"@context":"https:\/\/schema.org","@graph":[{"@type":"WebPage","@id":"https:\/\/shopatoa.com\/ro\/cantu-avocado-oil-elixir-ulei-hidratant-pentru-par-59-ml\/","url":"https:\/\/shopatoa.com\/ro\/cantu-avocado-oil-elixir-ulei-hidratant-pentru-par-59-ml\/","name":"CANTU Avocado Oil Elixir ulei hidratant pentru p\u0103r 59 ml - SHOPATOA.COM","isPartOf":{"@id":"https:\/\/shopatoa.com\/ro\/#website"},"primaryImageOfPage":{"@id":"https:\/\/shopatoa.com\/ro\/cantu-avocado-oil-elixir-ulei-hidratant-pentru-par-59-ml\/#primaryimage"},"image":{"@id":"https:\/\/shopatoa.com\/ro\/cantu-avocado-oil-elixir-ulei-hidratant-pentru-par-59-ml\/#primaryimage"},"thumbnailUrl":"https:\/\/storage.googleapis.com\/cz-shopatoa-img\/ro\/6e3da4b8-unnamed-file.webp","datePublished":"2025-07-03T13:59:39+00:00","dateModified":"2025-12-09T02:54:15+00:00","breadcrumb":{"@id":"https:\/\/shopatoa.com\/ro\/cantu-avocado-oil-elixir-ulei-hidratant-pentru-par-59-ml\/#breadcrumb"},"inLanguage":"ro-RO","potentialAction":[{"@type":"ReadAction","target":["https:\/\/shopatoa.com\/ro\/cantu-avocado-oil-elixir-ulei-hidratant-pentru-par-59-ml\/"]}]},{"@type":"ImageObject","inLanguage":"ro-RO","@id":"https:\/\/shopatoa.com\/ro\/cantu-avocado-oil-elixir-ulei-hidratant-pentru-par-59-ml\/#primaryimage","url":"https:\/\/storage.googleapis.com\/cz-shopatoa-img\/ro\/6e3da4b8-unnamed-file.webp","contentUrl":"https:\/\/storage.googleapis.com\/cz-shopatoa-img\/ro\/6e3da4b8-unnamed-file.webp","width":800,"height":800},{"@type":"BreadcrumbList","@id":"https:\/\/shopatoa.com\/ro\/cantu-avocado-oil-elixir-ulei-hidratant-pentru-par-59-ml\/#breadcrumb","itemListElement":[{"@type":"ListItem","position":1,"name":"Dom\u016f","item":"https:\/\/shopatoa.com\/ro\/"},{"@type":"ListItem","position":2,"name":"Shop","item":"https:\/\/shopatoa.com\/ro\/shop\/"},{"@type":"ListItem","position":3,"name":"S\u0103n\u0103tate \u0219i frumuse\u021be","item":"https:\/\/shopatoa.com\/ro\/sanatate-si-frumusete\/"},{"@type":"ListItem","position":4,"name":"\u00cengrijire personal\u0103","item":"https:\/\/shopatoa.com\/ro\/ingrijire-personala\/"},{"@type":"ListItem","position":5,"name":"\u00cengrijirea p\u0103rului","item":"https:\/\/shopatoa.com\/ro\/ingrijirea-parului\/"},{"@type":"ListItem","position":6,"name":"Produse de stilizare a p\u0103rului","item":"https:\/\/shopatoa.com\/ro\/produse-de-stilizare-a-parului\/"},{"@type":"ListItem","position":7,"name":"CANTU Avocado Oil Elixir ulei hidratant pentru p\u0103r 59 ml"}]},{"@type":"WebSite","@id":"https:\/\/shopatoa.com\/ro\/#website","url":"https:\/\/shopatoa.com\/ro\/","name":"SHOPATOA","description":"","publisher":{"@id":"https:\/\/shopatoa.com\/ro\/#organization"},"potentialAction":[{"@type":"SearchAction","target":{"@type":"EntryPoint","urlTemplate":"https:\/\/shopatoa.com\/ro\/?s={search_term_string}"},"query-input":{"@type":"PropertyValueSpecification","valueRequired":true,"valueName":"search_term_string"}}],"inLanguage":"ro-RO"},{"@type":"Organization","@id":"https:\/\/shopatoa.com\/ro\/#organization","name":"SHOPATOA","url":"https:\/\/shopatoa.com\/ro\/","logo":{"@type":"ImageObject","inLanguage":"ro-RO","@id":"https:\/\/shopatoa.com\/ro\/#\/schema\/logo\/image\/","url":"https:\/\/storage.googleapis.com\/cz-shopatoa-img\/ro\/b4dac915-shopatoa_logo.png","contentUrl":"https:\/\/storage.googleapis.com\/cz-shopatoa-img\/ro\/b4dac915-shopatoa_logo.png","width":416,"height":63,"caption":"SHOPATOA"},"image":{"@id":"https:\/\/shopatoa.com\/ro\/#\/schema\/logo\/image\/"}}]}},"_links":{"self":[{"href":"https:\/\/shopatoa.com\/ro\/wp-json\/wp\/v2\/product\/491735","targetHints":{"allow":["GET"]}}],"collection":[{"href":"https:\/\/shopatoa.com\/ro\/wp-json\/wp\/v2\/product"}],"about":[{"href":"https:\/\/shopatoa.com\/ro\/wp-json\/wp\/v2\/types\/product"}],"replies":[{"embeddable":true,"href":"https:\/\/shopatoa.com\/ro\/wp-json\/wp\/v2\/comments?post=491735"}],"wp:featuredmedia":[{"embeddable":true,"href":"https:\/\/shopatoa.com\/ro\/wp-json\/wp\/v2\/media\/491736"}],"wp:attachment":[{"href":"https:\/\/shopatoa.com\/ro\/wp-json\/wp\/v2\/media?parent=491735"}],"wp:term":[{"taxonomy":"product_brand","embeddable":true,"href":"https:\/\/shopatoa.com\/ro\/wp-json\/wp\/v2\/product_brand?post=491735"},{"taxonomy":"product_cat","embeddable":true,"href":"https:\/\/shopatoa.com\/ro\/wp-json\/wp\/v2\/product_cat?post=491735"},{"taxonomy":"product_tag","embeddable":true,"href":"https:\/\/shopatoa.com\/ro\/wp-json\/wp\/v2\/product_tag?post=491735"}],"curies":[{"name":"wp","href":"https:\/\/api.w.org\/{rel}","templated":true}]}}