{"id":491765,"date":"2025-07-03T16:12:13","date_gmt":"2025-07-03T14:12:13","guid":{"rendered":"https:\/\/shopatoa.com\/ro\/gk-hair-styling-mousse-spuma-de-styling-pentru-flexibilitate-si-volum-pentru-toate-tipurile-de-par-250-ml\/"},"modified":"2025-11-14T11:24:42","modified_gmt":"2025-11-14T10:24:42","slug":"gk-hair-styling-mousse-spuma-de-styling-pentru-flexibilitate-si-volum-pentru-toate-tipurile-de-par-250-ml","status":"publish","type":"product","link":"https:\/\/shopatoa.com\/ro\/gk-hair-styling-mousse-spuma-de-styling-pentru-flexibilitate-si-volum-pentru-toate-tipurile-de-par-250-ml\/","title":{"rendered":"GK Hair Styling Mousse spum\u0103 de styling pentru flexibilitate si volum pentru toate tipurile de par 250 ml"},"content":{"rendered":"<p>GK Hair Styling Mousse, 250 ml, Spume pentru p\u0103r pentru femei, P\u0103rul dvs. este sub\u021bire \u0219i arat\u0103 flasc? Spuma de styling GK Hair Styling Mousse v\u0103 va ajuta s\u0103 crea\u021bi o coafur\u0103 voluminoas\u0103 de vis. Confer\u0103 p\u0103rului volumul \u0219i str\u0103lucirea dorite, \u00eel ridic\u0103 \u0219i v\u0103 ajut\u0103 s\u0103 v\u0103 modela\u021bi coafura exact a\u0219a cum v\u0103 place. Ob\u021bine\u021bi astfel volum, f\u0103r\u0103 s\u0103 \u00eenc\u0103rca\u021bi p\u0103rul, control de lung\u0103 durat\u0103 \u0219i fixare ferm\u0103 de la r\u0103d\u0103cini p\u00e2n\u0103 la v\u00e2rfuri. P\u0103rul flasc va fi de domeniul trecutului, v\u0103 ve\u021bi bucura \u00een schimb de volum \u0219i coafur\u0103 bogat\u0103 la care a\u021bi \u00eendr\u0103zni\u021bi doar s\u0103 visa\u021bi.  Caracteristici:  fixeaz\u0103 coafura asigur\u0103 flexibilitatea p\u0103rului adaug\u0103 volum, de la r\u0103d\u0103cini protejeaz\u0103 p\u0103rul, \u00een timpul tratamentului termic  Cum se utilizeaz\u0103: Se agit\u0103 bine, \u00eenainte de utilizare. Aplica\u021bi direct pe r\u0103d\u0103cinile p\u0103rului. Masa\u021bi u\u0219or \u00een p\u0103r. Usca\u021bi p\u0103rul cu foehnul \u0219i aranja\u021bi-l ca de obicei.<\/p>\n","protected":false},"excerpt":{"rendered":"<p>GK Hair Styling Mousse, 250 ml, Spume pentru p\u0103r pentru femei, P\u0103rul dvs. este sub\u021bire \u0219i arat\u0103 flasc? Spuma de styling GK Hair Styling Mousse v\u0103 va ajuta s\u0103 crea\u021bi o coafur\u0103 voluminoas\u0103 de vis. Confer\u0103 p\u0103rului volumul \u0219i str\u0103lucirea dorite, \u00eel ridic\u0103 \u0219i v\u0103 ajut\u0103 s\u0103 v\u0103 modela\u021bi coafura exact a\u0219a cum v\u0103 place&#8230;.<\/p>\n","protected":false},"featured_media":491766,"comment_status":"closed","ping_status":"open","template":"","meta":{"_acf_changed":false,"_kadence_starter_templates_imported_post":false,"_kad_post_transparent":"","_kad_post_title":"","_kad_post_layout":"","_kad_post_sidebar_id":"","_kad_post_content_style":"","_kad_post_vertical_padding":"","_kad_post_feature":"","_kad_post_feature_position":"","_kad_post_header":false,"_kad_post_footer":false,"_kad_post_classname":""},"product_brand":[2414],"product_cat":[1563,1590,1562],"product_tag":[],"class_list":{"0":"post-491765","1":"product","2":"type-product","3":"status-publish","4":"has-post-thumbnail","6":"product_brand-gk-hair","7":"product_cat-ingrijire-personala","8":"product_cat-ingrijirea-parului","9":"product_cat-sanatate-si-frumusete","10":"pa_gen-female","11":"pa_marime-250-ml","13":"first","14":"instock","15":"sale","16":"product-type-external","17":"entry","18":"content-bg","19":"loop-entry"},"acf":[],"yoast_head":"<!-- This site is optimized with the Yoast SEO plugin v27.4 - https:\/\/yoast.com\/product\/yoast-seo-wordpress\/ -->\n<title>GK Hair Styling Mousse spum\u0103 de styling pentru flexibilitate si volum pentru toate tipurile de par 250 ml - SHOPATOA.COM<\/title>\n<meta name=\"robots\" content=\"index, follow, max-snippet:-1, max-image-preview:large, max-video-preview:-1\" \/>\n<link rel=\"canonical\" href=\"https:\/\/shopatoa.com\/ro\/gk-hair-styling-mousse-spuma-de-styling-pentru-flexibilitate-si-volum-pentru-toate-tipurile-de-par-250-ml\/\" \/>\n<meta property=\"og:locale\" content=\"ro_RO\" \/>\n<meta property=\"og:type\" content=\"article\" \/>\n<meta property=\"og:title\" content=\"GK Hair Styling Mousse spum\u0103 de styling pentru flexibilitate si volum pentru toate tipurile de par 250 ml - SHOPATOA.COM\" \/>\n<meta property=\"og:description\" content=\"GK Hair Styling Mousse, 250 ml, Spume pentru p\u0103r pentru femei, P\u0103rul dvs. este sub\u021bire \u0219i arat\u0103 flasc? Spuma de styling GK Hair Styling Mousse v\u0103 va ajuta s\u0103 crea\u021bi o coafur\u0103 voluminoas\u0103 de vis. Confer\u0103 p\u0103rului volumul \u0219i str\u0103lucirea dorite, \u00eel ridic\u0103 \u0219i v\u0103 ajut\u0103 s\u0103 v\u0103 modela\u021bi coafura exact a\u0219a cum v\u0103 place....\" \/>\n<meta property=\"og:url\" content=\"https:\/\/shopatoa.com\/ro\/gk-hair-styling-mousse-spuma-de-styling-pentru-flexibilitate-si-volum-pentru-toate-tipurile-de-par-250-ml\/\" \/>\n<meta property=\"og:site_name\" content=\"SHOPATOA\" \/>\n<meta property=\"article:modified_time\" content=\"2025-11-14T10:24:42+00:00\" \/>\n<meta property=\"og:image\" content=\"https:\/\/storage.googleapis.com\/cz-shopatoa-img\/ro\/e84ac13c-unnamed-file.webp\" \/>\n\t<meta property=\"og:image:width\" content=\"800\" \/>\n\t<meta property=\"og:image:height\" content=\"800\" \/>\n\t<meta property=\"og:image:type\" content=\"image\/webp\" \/>\n<meta name=\"twitter:card\" content=\"summary_large_image\" \/>\n<meta name=\"twitter:label1\" content=\"Timp estimat pentru citire\" \/>\n\t<meta name=\"twitter:data1\" content=\"1 minut\" \/>\n<script type=\"application\/ld+json\" class=\"yoast-schema-graph\">{\"@context\":\"https:\\\/\\\/schema.org\",\"@graph\":[{\"@type\":\"WebPage\",\"@id\":\"https:\\\/\\\/shopatoa.com\\\/ro\\\/gk-hair-styling-mousse-spuma-de-styling-pentru-flexibilitate-si-volum-pentru-toate-tipurile-de-par-250-ml\\\/\",\"url\":\"https:\\\/\\\/shopatoa.com\\\/ro\\\/gk-hair-styling-mousse-spuma-de-styling-pentru-flexibilitate-si-volum-pentru-toate-tipurile-de-par-250-ml\\\/\",\"name\":\"GK Hair Styling Mousse spum\u0103 de styling pentru flexibilitate si volum pentru toate tipurile de par 250 ml - SHOPATOA.COM\",\"isPartOf\":{\"@id\":\"https:\\\/\\\/shopatoa.com\\\/ro\\\/#website\"},\"primaryImageOfPage\":{\"@id\":\"https:\\\/\\\/shopatoa.com\\\/ro\\\/gk-hair-styling-mousse-spuma-de-styling-pentru-flexibilitate-si-volum-pentru-toate-tipurile-de-par-250-ml\\\/#primaryimage\"},\"image\":{\"@id\":\"https:\\\/\\\/shopatoa.com\\\/ro\\\/gk-hair-styling-mousse-spuma-de-styling-pentru-flexibilitate-si-volum-pentru-toate-tipurile-de-par-250-ml\\\/#primaryimage\"},\"thumbnailUrl\":\"https:\\\/\\\/storage.googleapis.com\\\/cz-shopatoa-img\\\/ro\\\/e84ac13c-unnamed-file.webp\",\"datePublished\":\"2025-07-03T14:12:13+00:00\",\"dateModified\":\"2025-11-14T10:24:42+00:00\",\"breadcrumb\":{\"@id\":\"https:\\\/\\\/shopatoa.com\\\/ro\\\/gk-hair-styling-mousse-spuma-de-styling-pentru-flexibilitate-si-volum-pentru-toate-tipurile-de-par-250-ml\\\/#breadcrumb\"},\"inLanguage\":\"ro-RO\",\"potentialAction\":[{\"@type\":\"ReadAction\",\"target\":[\"https:\\\/\\\/shopatoa.com\\\/ro\\\/gk-hair-styling-mousse-spuma-de-styling-pentru-flexibilitate-si-volum-pentru-toate-tipurile-de-par-250-ml\\\/\"]}]},{\"@type\":\"ImageObject\",\"inLanguage\":\"ro-RO\",\"@id\":\"https:\\\/\\\/shopatoa.com\\\/ro\\\/gk-hair-styling-mousse-spuma-de-styling-pentru-flexibilitate-si-volum-pentru-toate-tipurile-de-par-250-ml\\\/#primaryimage\",\"url\":\"https:\\\/\\\/storage.googleapis.com\\\/cz-shopatoa-img\\\/ro\\\/e84ac13c-unnamed-file.webp\",\"contentUrl\":\"https:\\\/\\\/storage.googleapis.com\\\/cz-shopatoa-img\\\/ro\\\/e84ac13c-unnamed-file.webp\",\"width\":800,\"height\":800},{\"@type\":\"BreadcrumbList\",\"@id\":\"https:\\\/\\\/shopatoa.com\\\/ro\\\/gk-hair-styling-mousse-spuma-de-styling-pentru-flexibilitate-si-volum-pentru-toate-tipurile-de-par-250-ml\\\/#breadcrumb\",\"itemListElement\":[{\"@type\":\"ListItem\",\"position\":1,\"name\":\"Dom\u016f\",\"item\":\"https:\\\/\\\/shopatoa.com\\\/ro\\\/\"},{\"@type\":\"ListItem\",\"position\":2,\"name\":\"Shop\",\"item\":\"https:\\\/\\\/shopatoa.com\\\/ro\\\/shop\\\/\"},{\"@type\":\"ListItem\",\"position\":3,\"name\":\"S\u0103n\u0103tate \u0219i frumuse\u021be\",\"item\":\"https:\\\/\\\/shopatoa.com\\\/ro\\\/sanatate-si-frumusete\\\/\"},{\"@type\":\"ListItem\",\"position\":4,\"name\":\"\u00cengrijire personal\u0103\",\"item\":\"https:\\\/\\\/shopatoa.com\\\/ro\\\/ingrijire-personala\\\/\"},{\"@type\":\"ListItem\",\"position\":5,\"name\":\"\u00cengrijirea p\u0103rului\",\"item\":\"https:\\\/\\\/shopatoa.com\\\/ro\\\/ingrijirea-parului\\\/\"},{\"@type\":\"ListItem\",\"position\":6,\"name\":\"GK Hair Styling Mousse spum\u0103 de styling pentru flexibilitate si volum pentru toate tipurile de par 250 ml\"}]},{\"@type\":\"WebSite\",\"@id\":\"https:\\\/\\\/shopatoa.com\\\/ro\\\/#website\",\"url\":\"https:\\\/\\\/shopatoa.com\\\/ro\\\/\",\"name\":\"SHOPATOA\",\"description\":\"\",\"publisher\":{\"@id\":\"https:\\\/\\\/shopatoa.com\\\/ro\\\/#organization\"},\"potentialAction\":[{\"@type\":\"SearchAction\",\"target\":{\"@type\":\"EntryPoint\",\"urlTemplate\":\"https:\\\/\\\/shopatoa.com\\\/ro\\\/?s={search_term_string}\"},\"query-input\":{\"@type\":\"PropertyValueSpecification\",\"valueRequired\":true,\"valueName\":\"search_term_string\"}}],\"inLanguage\":\"ro-RO\"},{\"@type\":\"Organization\",\"@id\":\"https:\\\/\\\/shopatoa.com\\\/ro\\\/#organization\",\"name\":\"SHOPATOA\",\"url\":\"https:\\\/\\\/shopatoa.com\\\/ro\\\/\",\"logo\":{\"@type\":\"ImageObject\",\"inLanguage\":\"ro-RO\",\"@id\":\"https:\\\/\\\/shopatoa.com\\\/ro\\\/#\\\/schema\\\/logo\\\/image\\\/\",\"url\":\"https:\\\/\\\/storage.googleapis.com\\\/cz-shopatoa-img\\\/ro\\\/b4dac915-shopatoa_logo.png\",\"contentUrl\":\"https:\\\/\\\/storage.googleapis.com\\\/cz-shopatoa-img\\\/ro\\\/b4dac915-shopatoa_logo.png\",\"width\":416,\"height\":63,\"caption\":\"SHOPATOA\"},\"image\":{\"@id\":\"https:\\\/\\\/shopatoa.com\\\/ro\\\/#\\\/schema\\\/logo\\\/image\\\/\"}}]}<\/script>\n<!-- \/ Yoast SEO plugin. -->","yoast_head_json":{"title":"GK Hair Styling Mousse spum\u0103 de styling pentru flexibilitate si volum pentru toate tipurile de par 250 ml - SHOPATOA.COM","robots":{"index":"index","follow":"follow","max-snippet":"max-snippet:-1","max-image-preview":"max-image-preview:large","max-video-preview":"max-video-preview:-1"},"canonical":"https:\/\/shopatoa.com\/ro\/gk-hair-styling-mousse-spuma-de-styling-pentru-flexibilitate-si-volum-pentru-toate-tipurile-de-par-250-ml\/","og_locale":"ro_RO","og_type":"article","og_title":"GK Hair Styling Mousse spum\u0103 de styling pentru flexibilitate si volum pentru toate tipurile de par 250 ml - SHOPATOA.COM","og_description":"GK Hair Styling Mousse, 250 ml, Spume pentru p\u0103r pentru femei, P\u0103rul dvs. este sub\u021bire \u0219i arat\u0103 flasc? Spuma de styling GK Hair Styling Mousse v\u0103 va ajuta s\u0103 crea\u021bi o coafur\u0103 voluminoas\u0103 de vis. Confer\u0103 p\u0103rului volumul \u0219i str\u0103lucirea dorite, \u00eel ridic\u0103 \u0219i v\u0103 ajut\u0103 s\u0103 v\u0103 modela\u021bi coafura exact a\u0219a cum v\u0103 place....","og_url":"https:\/\/shopatoa.com\/ro\/gk-hair-styling-mousse-spuma-de-styling-pentru-flexibilitate-si-volum-pentru-toate-tipurile-de-par-250-ml\/","og_site_name":"SHOPATOA","article_modified_time":"2025-11-14T10:24:42+00:00","og_image":[{"width":800,"height":800,"url":"https:\/\/storage.googleapis.com\/cz-shopatoa-img\/ro\/e84ac13c-unnamed-file.webp","type":"image\/webp"}],"twitter_card":"summary_large_image","twitter_misc":{"Timp estimat pentru citire":"1 minut"},"schema":{"@context":"https:\/\/schema.org","@graph":[{"@type":"WebPage","@id":"https:\/\/shopatoa.com\/ro\/gk-hair-styling-mousse-spuma-de-styling-pentru-flexibilitate-si-volum-pentru-toate-tipurile-de-par-250-ml\/","url":"https:\/\/shopatoa.com\/ro\/gk-hair-styling-mousse-spuma-de-styling-pentru-flexibilitate-si-volum-pentru-toate-tipurile-de-par-250-ml\/","name":"GK Hair Styling Mousse spum\u0103 de styling pentru flexibilitate si volum pentru toate tipurile de par 250 ml - SHOPATOA.COM","isPartOf":{"@id":"https:\/\/shopatoa.com\/ro\/#website"},"primaryImageOfPage":{"@id":"https:\/\/shopatoa.com\/ro\/gk-hair-styling-mousse-spuma-de-styling-pentru-flexibilitate-si-volum-pentru-toate-tipurile-de-par-250-ml\/#primaryimage"},"image":{"@id":"https:\/\/shopatoa.com\/ro\/gk-hair-styling-mousse-spuma-de-styling-pentru-flexibilitate-si-volum-pentru-toate-tipurile-de-par-250-ml\/#primaryimage"},"thumbnailUrl":"https:\/\/storage.googleapis.com\/cz-shopatoa-img\/ro\/e84ac13c-unnamed-file.webp","datePublished":"2025-07-03T14:12:13+00:00","dateModified":"2025-11-14T10:24:42+00:00","breadcrumb":{"@id":"https:\/\/shopatoa.com\/ro\/gk-hair-styling-mousse-spuma-de-styling-pentru-flexibilitate-si-volum-pentru-toate-tipurile-de-par-250-ml\/#breadcrumb"},"inLanguage":"ro-RO","potentialAction":[{"@type":"ReadAction","target":["https:\/\/shopatoa.com\/ro\/gk-hair-styling-mousse-spuma-de-styling-pentru-flexibilitate-si-volum-pentru-toate-tipurile-de-par-250-ml\/"]}]},{"@type":"ImageObject","inLanguage":"ro-RO","@id":"https:\/\/shopatoa.com\/ro\/gk-hair-styling-mousse-spuma-de-styling-pentru-flexibilitate-si-volum-pentru-toate-tipurile-de-par-250-ml\/#primaryimage","url":"https:\/\/storage.googleapis.com\/cz-shopatoa-img\/ro\/e84ac13c-unnamed-file.webp","contentUrl":"https:\/\/storage.googleapis.com\/cz-shopatoa-img\/ro\/e84ac13c-unnamed-file.webp","width":800,"height":800},{"@type":"BreadcrumbList","@id":"https:\/\/shopatoa.com\/ro\/gk-hair-styling-mousse-spuma-de-styling-pentru-flexibilitate-si-volum-pentru-toate-tipurile-de-par-250-ml\/#breadcrumb","itemListElement":[{"@type":"ListItem","position":1,"name":"Dom\u016f","item":"https:\/\/shopatoa.com\/ro\/"},{"@type":"ListItem","position":2,"name":"Shop","item":"https:\/\/shopatoa.com\/ro\/shop\/"},{"@type":"ListItem","position":3,"name":"S\u0103n\u0103tate \u0219i frumuse\u021be","item":"https:\/\/shopatoa.com\/ro\/sanatate-si-frumusete\/"},{"@type":"ListItem","position":4,"name":"\u00cengrijire personal\u0103","item":"https:\/\/shopatoa.com\/ro\/ingrijire-personala\/"},{"@type":"ListItem","position":5,"name":"\u00cengrijirea p\u0103rului","item":"https:\/\/shopatoa.com\/ro\/ingrijirea-parului\/"},{"@type":"ListItem","position":6,"name":"GK Hair Styling Mousse spum\u0103 de styling pentru flexibilitate si volum pentru toate tipurile de par 250 ml"}]},{"@type":"WebSite","@id":"https:\/\/shopatoa.com\/ro\/#website","url":"https:\/\/shopatoa.com\/ro\/","name":"SHOPATOA","description":"","publisher":{"@id":"https:\/\/shopatoa.com\/ro\/#organization"},"potentialAction":[{"@type":"SearchAction","target":{"@type":"EntryPoint","urlTemplate":"https:\/\/shopatoa.com\/ro\/?s={search_term_string}"},"query-input":{"@type":"PropertyValueSpecification","valueRequired":true,"valueName":"search_term_string"}}],"inLanguage":"ro-RO"},{"@type":"Organization","@id":"https:\/\/shopatoa.com\/ro\/#organization","name":"SHOPATOA","url":"https:\/\/shopatoa.com\/ro\/","logo":{"@type":"ImageObject","inLanguage":"ro-RO","@id":"https:\/\/shopatoa.com\/ro\/#\/schema\/logo\/image\/","url":"https:\/\/storage.googleapis.com\/cz-shopatoa-img\/ro\/b4dac915-shopatoa_logo.png","contentUrl":"https:\/\/storage.googleapis.com\/cz-shopatoa-img\/ro\/b4dac915-shopatoa_logo.png","width":416,"height":63,"caption":"SHOPATOA"},"image":{"@id":"https:\/\/shopatoa.com\/ro\/#\/schema\/logo\/image\/"}}]}},"_links":{"self":[{"href":"https:\/\/shopatoa.com\/ro\/wp-json\/wp\/v2\/product\/491765","targetHints":{"allow":["GET"]}}],"collection":[{"href":"https:\/\/shopatoa.com\/ro\/wp-json\/wp\/v2\/product"}],"about":[{"href":"https:\/\/shopatoa.com\/ro\/wp-json\/wp\/v2\/types\/product"}],"replies":[{"embeddable":true,"href":"https:\/\/shopatoa.com\/ro\/wp-json\/wp\/v2\/comments?post=491765"}],"wp:featuredmedia":[{"embeddable":true,"href":"https:\/\/shopatoa.com\/ro\/wp-json\/wp\/v2\/media\/491766"}],"wp:attachment":[{"href":"https:\/\/shopatoa.com\/ro\/wp-json\/wp\/v2\/media?parent=491765"}],"wp:term":[{"taxonomy":"product_brand","embeddable":true,"href":"https:\/\/shopatoa.com\/ro\/wp-json\/wp\/v2\/product_brand?post=491765"},{"taxonomy":"product_cat","embeddable":true,"href":"https:\/\/shopatoa.com\/ro\/wp-json\/wp\/v2\/product_cat?post=491765"},{"taxonomy":"product_tag","embeddable":true,"href":"https:\/\/shopatoa.com\/ro\/wp-json\/wp\/v2\/product_tag?post=491765"}],"curies":[{"name":"wp","href":"https:\/\/api.w.org\/{rel}","templated":true}]}}