{"id":491919,"date":"2025-07-03T16:26:15","date_gmt":"2025-07-03T14:26:15","guid":{"rendered":"https:\/\/shopatoa.com\/ro\/cantu-protective-styles-by-angela-gel-hidratant-pentru-par-227-g\/"},"modified":"2025-12-09T02:14:36","modified_gmt":"2025-12-09T01:14:36","slug":"cantu-protective-styles-by-angela-gel-hidratant-pentru-par-227-g","status":"publish","type":"product","link":"https:\/\/shopatoa.com\/ro\/cantu-protective-styles-by-angela-gel-hidratant-pentru-par-227-g\/","title":{"rendered":"CANTU Protective Styles By Angela gel hidratant pentru p\u0103r 227 g"},"content":{"rendered":"<p>CANTU Protective Styles By Angela, 227 g, Geluri de p\u0103r pentru femei, Atunci c\u00e2nd pieptenele, fixativul sau spray-ul de p\u0103r nu sunt de ajuns pentru a crea coafura dorit\u0103, vine \u00een ajutor gelul de p\u0103r CANTU Protective Styles By Angela . V\u0103 permite s\u0103 v\u0103 modela\u021bi p\u0103rul a\u0219a cum v\u0103 dori\u021bi \u0219i s\u0103 crea\u021bi un look perfect ca la salon. \u00cen plus, va asigura o fixare puternic\u0103 \u0219i rezisten\u021b\u0103, astfel \u00eenc\u00e2t fiecare \u0219uvi\u021b\u0103 s\u0103 r\u0103m\u00e2n\u0103 la locul ei, iar coafura dvs. s\u0103 reziste intact\u0103 \u00eentreaga zi.  Caracteristici:  miroase pl\u0103cut fixeaz\u0103 natural nu \u00eencarc\u0103 p\u0103rul nu lipe\u0219te p\u0103rul \u0219i se \u00eendep\u0103rteaz\u0103 rapid, prin periere previne electrizarea \u0219i firele de p\u0103r rebele nedorite  Ingrediente:  aloe vera \u2013 are efecte puternic hidratante \u0219i de regenerare, ac\u021bioneaz\u0103 ca antioxidant, ajut\u0103 la protejarea \u00eempotriva radicalilor liberi \u0219i a usc\u0103rii vitamina E \u2013 ofer\u0103 protec\u021bie antioxidant\u0103 \u00eempotriva daunelor cauzate de radicalii liberi, hidrateaz\u0103 \u0219i regenereaz\u0103 scalpul, ajut\u0103 la combaterea m\u0103tre\u021bii, \u00eembun\u0103t\u0103\u021be\u0219te calitatea general\u0103 a p\u0103rului, previne despicarea \u0219i c\u0103derea excesiv\u0103 a p\u0103rului produs vegan f\u0103r\u0103 alcool  Cum se utilizeaz\u0103: Se aplic\u0103 pe p\u0103r \u0219i se modeleaz\u0103 stilul dorit.<\/p>\n","protected":false},"excerpt":{"rendered":"<p>CANTU Protective Styles By Angela, 227 g, Geluri de p\u0103r pentru femei, Atunci c\u00e2nd pieptenele, fixativul sau spray-ul de p\u0103r nu sunt de ajuns pentru a crea coafura dorit\u0103, vine \u00een ajutor gelul de p\u0103r CANTU Protective Styles By Angela . V\u0103 permite s\u0103 v\u0103 modela\u021bi p\u0103rul a\u0219a cum v\u0103 dori\u021bi \u0219i s\u0103 crea\u021bi un&#8230;<\/p>\n","protected":false},"featured_media":491920,"comment_status":"closed","ping_status":"open","template":"","meta":{"_acf_changed":false,"_kadence_starter_templates_imported_post":false,"_kad_post_transparent":"","_kad_post_title":"","_kad_post_layout":"","_kad_post_sidebar_id":"","_kad_post_content_style":"","_kad_post_vertical_padding":"","_kad_post_feature":"","_kad_post_feature_position":"","_kad_post_header":false,"_kad_post_footer":false,"_kad_post_classname":""},"product_brand":[1927],"product_cat":[1563,1590,4223,1562],"product_tag":[],"class_list":{"0":"post-491919","1":"product","2":"type-product","3":"status-publish","4":"has-post-thumbnail","6":"product_brand-cantu","7":"product_cat-ingrijire-personala","8":"product_cat-ingrijirea-parului","9":"product_cat-produse-de-stilizare-a-parului","10":"product_cat-sanatate-si-frumusete","11":"pa_gen-female","12":"pa_marime-227-g","14":"first","15":"instock","16":"product-type-external","17":"entry","18":"content-bg","19":"loop-entry"},"acf":[],"yoast_head":"<!-- This site is optimized with the Yoast SEO plugin v27.3 - https:\/\/yoast.com\/product\/yoast-seo-wordpress\/ -->\n<title>CANTU Protective Styles By Angela gel hidratant pentru p\u0103r 227 g - SHOPATOA.COM<\/title>\n<meta name=\"robots\" content=\"index, follow, max-snippet:-1, max-image-preview:large, max-video-preview:-1\" \/>\n<link rel=\"canonical\" href=\"https:\/\/shopatoa.com\/ro\/cantu-protective-styles-by-angela-gel-hidratant-pentru-par-227-g\/\" \/>\n<meta property=\"og:locale\" content=\"ro_RO\" \/>\n<meta property=\"og:type\" content=\"article\" \/>\n<meta property=\"og:title\" content=\"CANTU Protective Styles By Angela gel hidratant pentru p\u0103r 227 g - SHOPATOA.COM\" \/>\n<meta property=\"og:description\" content=\"CANTU Protective Styles By Angela, 227 g, Geluri de p\u0103r pentru femei, Atunci c\u00e2nd pieptenele, fixativul sau spray-ul de p\u0103r nu sunt de ajuns pentru a crea coafura dorit\u0103, vine \u00een ajutor gelul de p\u0103r CANTU Protective Styles By Angela . V\u0103 permite s\u0103 v\u0103 modela\u021bi p\u0103rul a\u0219a cum v\u0103 dori\u021bi \u0219i s\u0103 crea\u021bi un...\" \/>\n<meta property=\"og:url\" content=\"https:\/\/shopatoa.com\/ro\/cantu-protective-styles-by-angela-gel-hidratant-pentru-par-227-g\/\" \/>\n<meta property=\"og:site_name\" content=\"SHOPATOA\" \/>\n<meta property=\"article:modified_time\" content=\"2025-12-09T01:14:36+00:00\" \/>\n<meta property=\"og:image\" content=\"https:\/\/storage.googleapis.com\/cz-shopatoa-img\/ro\/1e5b823a-unnamed-file.webp\" \/>\n\t<meta property=\"og:image:width\" content=\"800\" \/>\n\t<meta property=\"og:image:height\" content=\"800\" \/>\n\t<meta property=\"og:image:type\" content=\"image\/webp\" \/>\n<meta name=\"twitter:card\" content=\"summary_large_image\" \/>\n<meta name=\"twitter:label1\" content=\"Timp estimat pentru citire\" \/>\n\t<meta name=\"twitter:data1\" content=\"1 minut\" \/>\n<script type=\"application\/ld+json\" class=\"yoast-schema-graph\">{\"@context\":\"https:\\\/\\\/schema.org\",\"@graph\":[{\"@type\":\"WebPage\",\"@id\":\"https:\\\/\\\/shopatoa.com\\\/ro\\\/cantu-protective-styles-by-angela-gel-hidratant-pentru-par-227-g\\\/\",\"url\":\"https:\\\/\\\/shopatoa.com\\\/ro\\\/cantu-protective-styles-by-angela-gel-hidratant-pentru-par-227-g\\\/\",\"name\":\"CANTU Protective Styles By Angela gel hidratant pentru p\u0103r 227 g - SHOPATOA.COM\",\"isPartOf\":{\"@id\":\"https:\\\/\\\/shopatoa.com\\\/ro\\\/#website\"},\"primaryImageOfPage\":{\"@id\":\"https:\\\/\\\/shopatoa.com\\\/ro\\\/cantu-protective-styles-by-angela-gel-hidratant-pentru-par-227-g\\\/#primaryimage\"},\"image\":{\"@id\":\"https:\\\/\\\/shopatoa.com\\\/ro\\\/cantu-protective-styles-by-angela-gel-hidratant-pentru-par-227-g\\\/#primaryimage\"},\"thumbnailUrl\":\"https:\\\/\\\/storage.googleapis.com\\\/cz-shopatoa-img\\\/ro\\\/1e5b823a-unnamed-file.webp\",\"datePublished\":\"2025-07-03T14:26:15+00:00\",\"dateModified\":\"2025-12-09T01:14:36+00:00\",\"breadcrumb\":{\"@id\":\"https:\\\/\\\/shopatoa.com\\\/ro\\\/cantu-protective-styles-by-angela-gel-hidratant-pentru-par-227-g\\\/#breadcrumb\"},\"inLanguage\":\"ro-RO\",\"potentialAction\":[{\"@type\":\"ReadAction\",\"target\":[\"https:\\\/\\\/shopatoa.com\\\/ro\\\/cantu-protective-styles-by-angela-gel-hidratant-pentru-par-227-g\\\/\"]}]},{\"@type\":\"ImageObject\",\"inLanguage\":\"ro-RO\",\"@id\":\"https:\\\/\\\/shopatoa.com\\\/ro\\\/cantu-protective-styles-by-angela-gel-hidratant-pentru-par-227-g\\\/#primaryimage\",\"url\":\"https:\\\/\\\/storage.googleapis.com\\\/cz-shopatoa-img\\\/ro\\\/1e5b823a-unnamed-file.webp\",\"contentUrl\":\"https:\\\/\\\/storage.googleapis.com\\\/cz-shopatoa-img\\\/ro\\\/1e5b823a-unnamed-file.webp\",\"width\":800,\"height\":800},{\"@type\":\"BreadcrumbList\",\"@id\":\"https:\\\/\\\/shopatoa.com\\\/ro\\\/cantu-protective-styles-by-angela-gel-hidratant-pentru-par-227-g\\\/#breadcrumb\",\"itemListElement\":[{\"@type\":\"ListItem\",\"position\":1,\"name\":\"Dom\u016f\",\"item\":\"https:\\\/\\\/shopatoa.com\\\/ro\\\/\"},{\"@type\":\"ListItem\",\"position\":2,\"name\":\"Shop\",\"item\":\"https:\\\/\\\/shopatoa.com\\\/ro\\\/shop\\\/\"},{\"@type\":\"ListItem\",\"position\":3,\"name\":\"S\u0103n\u0103tate \u0219i frumuse\u021be\",\"item\":\"https:\\\/\\\/shopatoa.com\\\/ro\\\/sanatate-si-frumusete\\\/\"},{\"@type\":\"ListItem\",\"position\":4,\"name\":\"\u00cengrijire personal\u0103\",\"item\":\"https:\\\/\\\/shopatoa.com\\\/ro\\\/ingrijire-personala\\\/\"},{\"@type\":\"ListItem\",\"position\":5,\"name\":\"\u00cengrijirea p\u0103rului\",\"item\":\"https:\\\/\\\/shopatoa.com\\\/ro\\\/ingrijirea-parului\\\/\"},{\"@type\":\"ListItem\",\"position\":6,\"name\":\"Produse de stilizare a p\u0103rului\",\"item\":\"https:\\\/\\\/shopatoa.com\\\/ro\\\/produse-de-stilizare-a-parului\\\/\"},{\"@type\":\"ListItem\",\"position\":7,\"name\":\"CANTU Protective Styles By Angela gel hidratant pentru p\u0103r 227 g\"}]},{\"@type\":\"WebSite\",\"@id\":\"https:\\\/\\\/shopatoa.com\\\/ro\\\/#website\",\"url\":\"https:\\\/\\\/shopatoa.com\\\/ro\\\/\",\"name\":\"SHOPATOA\",\"description\":\"\",\"publisher\":{\"@id\":\"https:\\\/\\\/shopatoa.com\\\/ro\\\/#organization\"},\"potentialAction\":[{\"@type\":\"SearchAction\",\"target\":{\"@type\":\"EntryPoint\",\"urlTemplate\":\"https:\\\/\\\/shopatoa.com\\\/ro\\\/?s={search_term_string}\"},\"query-input\":{\"@type\":\"PropertyValueSpecification\",\"valueRequired\":true,\"valueName\":\"search_term_string\"}}],\"inLanguage\":\"ro-RO\"},{\"@type\":\"Organization\",\"@id\":\"https:\\\/\\\/shopatoa.com\\\/ro\\\/#organization\",\"name\":\"SHOPATOA\",\"url\":\"https:\\\/\\\/shopatoa.com\\\/ro\\\/\",\"logo\":{\"@type\":\"ImageObject\",\"inLanguage\":\"ro-RO\",\"@id\":\"https:\\\/\\\/shopatoa.com\\\/ro\\\/#\\\/schema\\\/logo\\\/image\\\/\",\"url\":\"https:\\\/\\\/storage.googleapis.com\\\/cz-shopatoa-img\\\/ro\\\/b4dac915-shopatoa_logo.png\",\"contentUrl\":\"https:\\\/\\\/storage.googleapis.com\\\/cz-shopatoa-img\\\/ro\\\/b4dac915-shopatoa_logo.png\",\"width\":416,\"height\":63,\"caption\":\"SHOPATOA\"},\"image\":{\"@id\":\"https:\\\/\\\/shopatoa.com\\\/ro\\\/#\\\/schema\\\/logo\\\/image\\\/\"}}]}<\/script>\n<!-- \/ Yoast SEO plugin. -->","yoast_head_json":{"title":"CANTU Protective Styles By Angela gel hidratant pentru p\u0103r 227 g - SHOPATOA.COM","robots":{"index":"index","follow":"follow","max-snippet":"max-snippet:-1","max-image-preview":"max-image-preview:large","max-video-preview":"max-video-preview:-1"},"canonical":"https:\/\/shopatoa.com\/ro\/cantu-protective-styles-by-angela-gel-hidratant-pentru-par-227-g\/","og_locale":"ro_RO","og_type":"article","og_title":"CANTU Protective Styles By Angela gel hidratant pentru p\u0103r 227 g - SHOPATOA.COM","og_description":"CANTU Protective Styles By Angela, 227 g, Geluri de p\u0103r pentru femei, Atunci c\u00e2nd pieptenele, fixativul sau spray-ul de p\u0103r nu sunt de ajuns pentru a crea coafura dorit\u0103, vine \u00een ajutor gelul de p\u0103r CANTU Protective Styles By Angela . V\u0103 permite s\u0103 v\u0103 modela\u021bi p\u0103rul a\u0219a cum v\u0103 dori\u021bi \u0219i s\u0103 crea\u021bi un...","og_url":"https:\/\/shopatoa.com\/ro\/cantu-protective-styles-by-angela-gel-hidratant-pentru-par-227-g\/","og_site_name":"SHOPATOA","article_modified_time":"2025-12-09T01:14:36+00:00","og_image":[{"width":800,"height":800,"url":"https:\/\/storage.googleapis.com\/cz-shopatoa-img\/ro\/1e5b823a-unnamed-file.webp","type":"image\/webp"}],"twitter_card":"summary_large_image","twitter_misc":{"Timp estimat pentru citire":"1 minut"},"schema":{"@context":"https:\/\/schema.org","@graph":[{"@type":"WebPage","@id":"https:\/\/shopatoa.com\/ro\/cantu-protective-styles-by-angela-gel-hidratant-pentru-par-227-g\/","url":"https:\/\/shopatoa.com\/ro\/cantu-protective-styles-by-angela-gel-hidratant-pentru-par-227-g\/","name":"CANTU Protective Styles By Angela gel hidratant pentru p\u0103r 227 g - SHOPATOA.COM","isPartOf":{"@id":"https:\/\/shopatoa.com\/ro\/#website"},"primaryImageOfPage":{"@id":"https:\/\/shopatoa.com\/ro\/cantu-protective-styles-by-angela-gel-hidratant-pentru-par-227-g\/#primaryimage"},"image":{"@id":"https:\/\/shopatoa.com\/ro\/cantu-protective-styles-by-angela-gel-hidratant-pentru-par-227-g\/#primaryimage"},"thumbnailUrl":"https:\/\/storage.googleapis.com\/cz-shopatoa-img\/ro\/1e5b823a-unnamed-file.webp","datePublished":"2025-07-03T14:26:15+00:00","dateModified":"2025-12-09T01:14:36+00:00","breadcrumb":{"@id":"https:\/\/shopatoa.com\/ro\/cantu-protective-styles-by-angela-gel-hidratant-pentru-par-227-g\/#breadcrumb"},"inLanguage":"ro-RO","potentialAction":[{"@type":"ReadAction","target":["https:\/\/shopatoa.com\/ro\/cantu-protective-styles-by-angela-gel-hidratant-pentru-par-227-g\/"]}]},{"@type":"ImageObject","inLanguage":"ro-RO","@id":"https:\/\/shopatoa.com\/ro\/cantu-protective-styles-by-angela-gel-hidratant-pentru-par-227-g\/#primaryimage","url":"https:\/\/storage.googleapis.com\/cz-shopatoa-img\/ro\/1e5b823a-unnamed-file.webp","contentUrl":"https:\/\/storage.googleapis.com\/cz-shopatoa-img\/ro\/1e5b823a-unnamed-file.webp","width":800,"height":800},{"@type":"BreadcrumbList","@id":"https:\/\/shopatoa.com\/ro\/cantu-protective-styles-by-angela-gel-hidratant-pentru-par-227-g\/#breadcrumb","itemListElement":[{"@type":"ListItem","position":1,"name":"Dom\u016f","item":"https:\/\/shopatoa.com\/ro\/"},{"@type":"ListItem","position":2,"name":"Shop","item":"https:\/\/shopatoa.com\/ro\/shop\/"},{"@type":"ListItem","position":3,"name":"S\u0103n\u0103tate \u0219i frumuse\u021be","item":"https:\/\/shopatoa.com\/ro\/sanatate-si-frumusete\/"},{"@type":"ListItem","position":4,"name":"\u00cengrijire personal\u0103","item":"https:\/\/shopatoa.com\/ro\/ingrijire-personala\/"},{"@type":"ListItem","position":5,"name":"\u00cengrijirea p\u0103rului","item":"https:\/\/shopatoa.com\/ro\/ingrijirea-parului\/"},{"@type":"ListItem","position":6,"name":"Produse de stilizare a p\u0103rului","item":"https:\/\/shopatoa.com\/ro\/produse-de-stilizare-a-parului\/"},{"@type":"ListItem","position":7,"name":"CANTU Protective Styles By Angela gel hidratant pentru p\u0103r 227 g"}]},{"@type":"WebSite","@id":"https:\/\/shopatoa.com\/ro\/#website","url":"https:\/\/shopatoa.com\/ro\/","name":"SHOPATOA","description":"","publisher":{"@id":"https:\/\/shopatoa.com\/ro\/#organization"},"potentialAction":[{"@type":"SearchAction","target":{"@type":"EntryPoint","urlTemplate":"https:\/\/shopatoa.com\/ro\/?s={search_term_string}"},"query-input":{"@type":"PropertyValueSpecification","valueRequired":true,"valueName":"search_term_string"}}],"inLanguage":"ro-RO"},{"@type":"Organization","@id":"https:\/\/shopatoa.com\/ro\/#organization","name":"SHOPATOA","url":"https:\/\/shopatoa.com\/ro\/","logo":{"@type":"ImageObject","inLanguage":"ro-RO","@id":"https:\/\/shopatoa.com\/ro\/#\/schema\/logo\/image\/","url":"https:\/\/storage.googleapis.com\/cz-shopatoa-img\/ro\/b4dac915-shopatoa_logo.png","contentUrl":"https:\/\/storage.googleapis.com\/cz-shopatoa-img\/ro\/b4dac915-shopatoa_logo.png","width":416,"height":63,"caption":"SHOPATOA"},"image":{"@id":"https:\/\/shopatoa.com\/ro\/#\/schema\/logo\/image\/"}}]}},"_links":{"self":[{"href":"https:\/\/shopatoa.com\/ro\/wp-json\/wp\/v2\/product\/491919","targetHints":{"allow":["GET"]}}],"collection":[{"href":"https:\/\/shopatoa.com\/ro\/wp-json\/wp\/v2\/product"}],"about":[{"href":"https:\/\/shopatoa.com\/ro\/wp-json\/wp\/v2\/types\/product"}],"replies":[{"embeddable":true,"href":"https:\/\/shopatoa.com\/ro\/wp-json\/wp\/v2\/comments?post=491919"}],"wp:featuredmedia":[{"embeddable":true,"href":"https:\/\/shopatoa.com\/ro\/wp-json\/wp\/v2\/media\/491920"}],"wp:attachment":[{"href":"https:\/\/shopatoa.com\/ro\/wp-json\/wp\/v2\/media?parent=491919"}],"wp:term":[{"taxonomy":"product_brand","embeddable":true,"href":"https:\/\/shopatoa.com\/ro\/wp-json\/wp\/v2\/product_brand?post=491919"},{"taxonomy":"product_cat","embeddable":true,"href":"https:\/\/shopatoa.com\/ro\/wp-json\/wp\/v2\/product_cat?post=491919"},{"taxonomy":"product_tag","embeddable":true,"href":"https:\/\/shopatoa.com\/ro\/wp-json\/wp\/v2\/product_tag?post=491919"}],"curies":[{"name":"wp","href":"https:\/\/api.w.org\/{rel}","templated":true}]}}