{"id":492379,"date":"2025-07-03T17:28:52","date_gmt":"2025-07-03T15:28:52","guid":{"rendered":"https:\/\/shopatoa.com\/ro\/tanorganic-skin-magic-wonder-serum-ser-hidratant-30-ml\/"},"modified":"2025-12-08T22:45:31","modified_gmt":"2025-12-08T21:45:31","slug":"tanorganic-skin-magic-wonder-serum-ser-hidratant-30-ml","status":"publish","type":"product","link":"https:\/\/shopatoa.com\/ro\/tanorganic-skin-magic-wonder-serum-ser-hidratant-30-ml\/","title":{"rendered":"TanOrganic Skin Magic Wonder Serum ser hidratant 30 ml"},"content":{"rendered":"<p>TanOrganic Skin Magic Wonder Serum, 30 ml, Seruri pentru piele pentru femei, Dori\u021bi s\u0103 radia\u021bi cu un ten frumos bronzat? \u00cengrijirea oferit\u0103 tenului \u00eenainte de bronzare este un pas care nu trebuie neglijat. Produsul TanOrganic Skin Magic Wonder Serum sus\u021bine procesul de bronzare, confer\u0103 tenului dvs. tot ce are nevoie \u0219i v\u0103 asigur\u0103 un rezultat \u0219i mai frumos.  Caracteristici:  hidrateaz\u0103 \u0219i hr\u0103ne\u0219te eficient protejeaz\u0103 tenul formeaz\u0103 o barier\u0103, care protejeaz\u0103 tenul \u00eempotriva influen\u021belor externe preg\u0103te\u0219te pielea pentru expunerea la soare  Ingrediente:  produs vegan  Cum se utilizeaz\u0103: Se aplic\u0103 \u00eenainte de expunerea la soare, \u00eentinz\u00e2ndu-se foarte bine.<\/p>\n","protected":false},"excerpt":{"rendered":"<p>TanOrganic Skin Magic Wonder Serum, 30 ml, Seruri pentru piele pentru femei, Dori\u021bi s\u0103 radia\u021bi cu un ten frumos bronzat? \u00cengrijirea oferit\u0103 tenului \u00eenainte de bronzare este un pas care nu trebuie neglijat. Produsul TanOrganic Skin Magic Wonder Serum sus\u021bine procesul de bronzare, confer\u0103 tenului dvs. tot ce are nevoie \u0219i v\u0103 asigur\u0103 un rezultat&#8230;<\/p>\n","protected":false},"featured_media":492380,"comment_status":"closed","ping_status":"open","template":"","meta":{"_acf_changed":false,"_kadence_starter_templates_imported_post":false,"_kad_post_transparent":"","_kad_post_title":"","_kad_post_layout":"","_kad_post_sidebar_id":"","_kad_post_content_style":"","_kad_post_vertical_padding":"","_kad_post_feature":"","_kad_post_feature_position":"","_kad_post_header":false,"_kad_post_footer":false,"_kad_post_classname":""},"product_brand":[4246],"product_cat":[1564,1563,1565,1562],"product_tag":[],"class_list":{"0":"post-492379","1":"product","2":"type-product","3":"status-publish","4":"has-post-thumbnail","6":"product_brand-tanorganic","7":"product_cat-cosmetice-ingrijire-personala","8":"product_cat-ingrijire-personala","9":"product_cat-ingrijirea-pielii","10":"product_cat-sanatate-si-frumusete","11":"pa_gen-female","12":"pa_marime-30-ml","14":"first","15":"instock","16":"sale","17":"product-type-external","18":"entry","19":"content-bg","20":"loop-entry"},"acf":[],"yoast_head":"<!-- This site is optimized with the Yoast SEO plugin v27.4 - https:\/\/yoast.com\/product\/yoast-seo-wordpress\/ -->\n<title>TanOrganic Skin Magic Wonder Serum ser hidratant 30 ml - SHOPATOA.COM<\/title>\n<meta name=\"robots\" content=\"index, follow, max-snippet:-1, max-image-preview:large, max-video-preview:-1\" \/>\n<link rel=\"canonical\" href=\"https:\/\/shopatoa.com\/ro\/tanorganic-skin-magic-wonder-serum-ser-hidratant-30-ml\/\" \/>\n<meta property=\"og:locale\" content=\"ro_RO\" \/>\n<meta property=\"og:type\" content=\"article\" \/>\n<meta property=\"og:title\" content=\"TanOrganic Skin Magic Wonder Serum ser hidratant 30 ml - SHOPATOA.COM\" \/>\n<meta property=\"og:description\" content=\"TanOrganic Skin Magic Wonder Serum, 30 ml, Seruri pentru piele pentru femei, Dori\u021bi s\u0103 radia\u021bi cu un ten frumos bronzat? \u00cengrijirea oferit\u0103 tenului \u00eenainte de bronzare este un pas care nu trebuie neglijat. Produsul TanOrganic Skin Magic Wonder Serum sus\u021bine procesul de bronzare, confer\u0103 tenului dvs. tot ce are nevoie \u0219i v\u0103 asigur\u0103 un rezultat...\" \/>\n<meta property=\"og:url\" content=\"https:\/\/shopatoa.com\/ro\/tanorganic-skin-magic-wonder-serum-ser-hidratant-30-ml\/\" \/>\n<meta property=\"og:site_name\" content=\"SHOPATOA\" \/>\n<meta property=\"article:modified_time\" content=\"2025-12-08T21:45:31+00:00\" \/>\n<meta property=\"og:image\" content=\"https:\/\/storage.googleapis.com\/cz-shopatoa-img\/ro\/fc6f0a45-unnamed-file.webp\" \/>\n\t<meta property=\"og:image:width\" content=\"800\" \/>\n\t<meta property=\"og:image:height\" content=\"800\" \/>\n\t<meta property=\"og:image:type\" content=\"image\/webp\" \/>\n<meta name=\"twitter:card\" content=\"summary_large_image\" \/>\n<meta name=\"twitter:label1\" content=\"Timp estimat pentru citire\" \/>\n\t<meta name=\"twitter:data1\" content=\"1 minut\" \/>\n<script type=\"application\/ld+json\" class=\"yoast-schema-graph\">{\"@context\":\"https:\\\/\\\/schema.org\",\"@graph\":[{\"@type\":\"WebPage\",\"@id\":\"https:\\\/\\\/shopatoa.com\\\/ro\\\/tanorganic-skin-magic-wonder-serum-ser-hidratant-30-ml\\\/\",\"url\":\"https:\\\/\\\/shopatoa.com\\\/ro\\\/tanorganic-skin-magic-wonder-serum-ser-hidratant-30-ml\\\/\",\"name\":\"TanOrganic Skin Magic Wonder Serum ser hidratant 30 ml - SHOPATOA.COM\",\"isPartOf\":{\"@id\":\"https:\\\/\\\/shopatoa.com\\\/ro\\\/#website\"},\"primaryImageOfPage\":{\"@id\":\"https:\\\/\\\/shopatoa.com\\\/ro\\\/tanorganic-skin-magic-wonder-serum-ser-hidratant-30-ml\\\/#primaryimage\"},\"image\":{\"@id\":\"https:\\\/\\\/shopatoa.com\\\/ro\\\/tanorganic-skin-magic-wonder-serum-ser-hidratant-30-ml\\\/#primaryimage\"},\"thumbnailUrl\":\"https:\\\/\\\/storage.googleapis.com\\\/cz-shopatoa-img\\\/ro\\\/fc6f0a45-unnamed-file.webp\",\"datePublished\":\"2025-07-03T15:28:52+00:00\",\"dateModified\":\"2025-12-08T21:45:31+00:00\",\"breadcrumb\":{\"@id\":\"https:\\\/\\\/shopatoa.com\\\/ro\\\/tanorganic-skin-magic-wonder-serum-ser-hidratant-30-ml\\\/#breadcrumb\"},\"inLanguage\":\"ro-RO\",\"potentialAction\":[{\"@type\":\"ReadAction\",\"target\":[\"https:\\\/\\\/shopatoa.com\\\/ro\\\/tanorganic-skin-magic-wonder-serum-ser-hidratant-30-ml\\\/\"]}]},{\"@type\":\"ImageObject\",\"inLanguage\":\"ro-RO\",\"@id\":\"https:\\\/\\\/shopatoa.com\\\/ro\\\/tanorganic-skin-magic-wonder-serum-ser-hidratant-30-ml\\\/#primaryimage\",\"url\":\"https:\\\/\\\/storage.googleapis.com\\\/cz-shopatoa-img\\\/ro\\\/fc6f0a45-unnamed-file.webp\",\"contentUrl\":\"https:\\\/\\\/storage.googleapis.com\\\/cz-shopatoa-img\\\/ro\\\/fc6f0a45-unnamed-file.webp\",\"width\":800,\"height\":800},{\"@type\":\"BreadcrumbList\",\"@id\":\"https:\\\/\\\/shopatoa.com\\\/ro\\\/tanorganic-skin-magic-wonder-serum-ser-hidratant-30-ml\\\/#breadcrumb\",\"itemListElement\":[{\"@type\":\"ListItem\",\"position\":1,\"name\":\"Dom\u016f\",\"item\":\"https:\\\/\\\/shopatoa.com\\\/ro\\\/\"},{\"@type\":\"ListItem\",\"position\":2,\"name\":\"Shop\",\"item\":\"https:\\\/\\\/shopatoa.com\\\/ro\\\/shop\\\/\"},{\"@type\":\"ListItem\",\"position\":3,\"name\":\"S\u0103n\u0103tate \u0219i frumuse\u021be\",\"item\":\"https:\\\/\\\/shopatoa.com\\\/ro\\\/sanatate-si-frumusete\\\/\"},{\"@type\":\"ListItem\",\"position\":4,\"name\":\"\u00cengrijire personal\u0103\",\"item\":\"https:\\\/\\\/shopatoa.com\\\/ro\\\/ingrijire-personala\\\/\"},{\"@type\":\"ListItem\",\"position\":5,\"name\":\"Cosmetice\",\"item\":\"https:\\\/\\\/shopatoa.com\\\/ro\\\/cosmetice-ingrijire-personala\\\/\"},{\"@type\":\"ListItem\",\"position\":6,\"name\":\"\u00cengrijirea pielii\",\"item\":\"https:\\\/\\\/shopatoa.com\\\/ro\\\/ingrijirea-pielii\\\/\"},{\"@type\":\"ListItem\",\"position\":7,\"name\":\"TanOrganic Skin Magic Wonder Serum ser hidratant 30 ml\"}]},{\"@type\":\"WebSite\",\"@id\":\"https:\\\/\\\/shopatoa.com\\\/ro\\\/#website\",\"url\":\"https:\\\/\\\/shopatoa.com\\\/ro\\\/\",\"name\":\"SHOPATOA\",\"description\":\"\",\"publisher\":{\"@id\":\"https:\\\/\\\/shopatoa.com\\\/ro\\\/#organization\"},\"potentialAction\":[{\"@type\":\"SearchAction\",\"target\":{\"@type\":\"EntryPoint\",\"urlTemplate\":\"https:\\\/\\\/shopatoa.com\\\/ro\\\/?s={search_term_string}\"},\"query-input\":{\"@type\":\"PropertyValueSpecification\",\"valueRequired\":true,\"valueName\":\"search_term_string\"}}],\"inLanguage\":\"ro-RO\"},{\"@type\":\"Organization\",\"@id\":\"https:\\\/\\\/shopatoa.com\\\/ro\\\/#organization\",\"name\":\"SHOPATOA\",\"url\":\"https:\\\/\\\/shopatoa.com\\\/ro\\\/\",\"logo\":{\"@type\":\"ImageObject\",\"inLanguage\":\"ro-RO\",\"@id\":\"https:\\\/\\\/shopatoa.com\\\/ro\\\/#\\\/schema\\\/logo\\\/image\\\/\",\"url\":\"https:\\\/\\\/storage.googleapis.com\\\/cz-shopatoa-img\\\/ro\\\/b4dac915-shopatoa_logo.png\",\"contentUrl\":\"https:\\\/\\\/storage.googleapis.com\\\/cz-shopatoa-img\\\/ro\\\/b4dac915-shopatoa_logo.png\",\"width\":416,\"height\":63,\"caption\":\"SHOPATOA\"},\"image\":{\"@id\":\"https:\\\/\\\/shopatoa.com\\\/ro\\\/#\\\/schema\\\/logo\\\/image\\\/\"}}]}<\/script>\n<!-- \/ Yoast SEO plugin. -->","yoast_head_json":{"title":"TanOrganic Skin Magic Wonder Serum ser hidratant 30 ml - SHOPATOA.COM","robots":{"index":"index","follow":"follow","max-snippet":"max-snippet:-1","max-image-preview":"max-image-preview:large","max-video-preview":"max-video-preview:-1"},"canonical":"https:\/\/shopatoa.com\/ro\/tanorganic-skin-magic-wonder-serum-ser-hidratant-30-ml\/","og_locale":"ro_RO","og_type":"article","og_title":"TanOrganic Skin Magic Wonder Serum ser hidratant 30 ml - SHOPATOA.COM","og_description":"TanOrganic Skin Magic Wonder Serum, 30 ml, Seruri pentru piele pentru femei, Dori\u021bi s\u0103 radia\u021bi cu un ten frumos bronzat? \u00cengrijirea oferit\u0103 tenului \u00eenainte de bronzare este un pas care nu trebuie neglijat. Produsul TanOrganic Skin Magic Wonder Serum sus\u021bine procesul de bronzare, confer\u0103 tenului dvs. tot ce are nevoie \u0219i v\u0103 asigur\u0103 un rezultat...","og_url":"https:\/\/shopatoa.com\/ro\/tanorganic-skin-magic-wonder-serum-ser-hidratant-30-ml\/","og_site_name":"SHOPATOA","article_modified_time":"2025-12-08T21:45:31+00:00","og_image":[{"width":800,"height":800,"url":"https:\/\/storage.googleapis.com\/cz-shopatoa-img\/ro\/fc6f0a45-unnamed-file.webp","type":"image\/webp"}],"twitter_card":"summary_large_image","twitter_misc":{"Timp estimat pentru citire":"1 minut"},"schema":{"@context":"https:\/\/schema.org","@graph":[{"@type":"WebPage","@id":"https:\/\/shopatoa.com\/ro\/tanorganic-skin-magic-wonder-serum-ser-hidratant-30-ml\/","url":"https:\/\/shopatoa.com\/ro\/tanorganic-skin-magic-wonder-serum-ser-hidratant-30-ml\/","name":"TanOrganic Skin Magic Wonder Serum ser hidratant 30 ml - SHOPATOA.COM","isPartOf":{"@id":"https:\/\/shopatoa.com\/ro\/#website"},"primaryImageOfPage":{"@id":"https:\/\/shopatoa.com\/ro\/tanorganic-skin-magic-wonder-serum-ser-hidratant-30-ml\/#primaryimage"},"image":{"@id":"https:\/\/shopatoa.com\/ro\/tanorganic-skin-magic-wonder-serum-ser-hidratant-30-ml\/#primaryimage"},"thumbnailUrl":"https:\/\/storage.googleapis.com\/cz-shopatoa-img\/ro\/fc6f0a45-unnamed-file.webp","datePublished":"2025-07-03T15:28:52+00:00","dateModified":"2025-12-08T21:45:31+00:00","breadcrumb":{"@id":"https:\/\/shopatoa.com\/ro\/tanorganic-skin-magic-wonder-serum-ser-hidratant-30-ml\/#breadcrumb"},"inLanguage":"ro-RO","potentialAction":[{"@type":"ReadAction","target":["https:\/\/shopatoa.com\/ro\/tanorganic-skin-magic-wonder-serum-ser-hidratant-30-ml\/"]}]},{"@type":"ImageObject","inLanguage":"ro-RO","@id":"https:\/\/shopatoa.com\/ro\/tanorganic-skin-magic-wonder-serum-ser-hidratant-30-ml\/#primaryimage","url":"https:\/\/storage.googleapis.com\/cz-shopatoa-img\/ro\/fc6f0a45-unnamed-file.webp","contentUrl":"https:\/\/storage.googleapis.com\/cz-shopatoa-img\/ro\/fc6f0a45-unnamed-file.webp","width":800,"height":800},{"@type":"BreadcrumbList","@id":"https:\/\/shopatoa.com\/ro\/tanorganic-skin-magic-wonder-serum-ser-hidratant-30-ml\/#breadcrumb","itemListElement":[{"@type":"ListItem","position":1,"name":"Dom\u016f","item":"https:\/\/shopatoa.com\/ro\/"},{"@type":"ListItem","position":2,"name":"Shop","item":"https:\/\/shopatoa.com\/ro\/shop\/"},{"@type":"ListItem","position":3,"name":"S\u0103n\u0103tate \u0219i frumuse\u021be","item":"https:\/\/shopatoa.com\/ro\/sanatate-si-frumusete\/"},{"@type":"ListItem","position":4,"name":"\u00cengrijire personal\u0103","item":"https:\/\/shopatoa.com\/ro\/ingrijire-personala\/"},{"@type":"ListItem","position":5,"name":"Cosmetice","item":"https:\/\/shopatoa.com\/ro\/cosmetice-ingrijire-personala\/"},{"@type":"ListItem","position":6,"name":"\u00cengrijirea pielii","item":"https:\/\/shopatoa.com\/ro\/ingrijirea-pielii\/"},{"@type":"ListItem","position":7,"name":"TanOrganic Skin Magic Wonder Serum ser hidratant 30 ml"}]},{"@type":"WebSite","@id":"https:\/\/shopatoa.com\/ro\/#website","url":"https:\/\/shopatoa.com\/ro\/","name":"SHOPATOA","description":"","publisher":{"@id":"https:\/\/shopatoa.com\/ro\/#organization"},"potentialAction":[{"@type":"SearchAction","target":{"@type":"EntryPoint","urlTemplate":"https:\/\/shopatoa.com\/ro\/?s={search_term_string}"},"query-input":{"@type":"PropertyValueSpecification","valueRequired":true,"valueName":"search_term_string"}}],"inLanguage":"ro-RO"},{"@type":"Organization","@id":"https:\/\/shopatoa.com\/ro\/#organization","name":"SHOPATOA","url":"https:\/\/shopatoa.com\/ro\/","logo":{"@type":"ImageObject","inLanguage":"ro-RO","@id":"https:\/\/shopatoa.com\/ro\/#\/schema\/logo\/image\/","url":"https:\/\/storage.googleapis.com\/cz-shopatoa-img\/ro\/b4dac915-shopatoa_logo.png","contentUrl":"https:\/\/storage.googleapis.com\/cz-shopatoa-img\/ro\/b4dac915-shopatoa_logo.png","width":416,"height":63,"caption":"SHOPATOA"},"image":{"@id":"https:\/\/shopatoa.com\/ro\/#\/schema\/logo\/image\/"}}]}},"_links":{"self":[{"href":"https:\/\/shopatoa.com\/ro\/wp-json\/wp\/v2\/product\/492379","targetHints":{"allow":["GET"]}}],"collection":[{"href":"https:\/\/shopatoa.com\/ro\/wp-json\/wp\/v2\/product"}],"about":[{"href":"https:\/\/shopatoa.com\/ro\/wp-json\/wp\/v2\/types\/product"}],"replies":[{"embeddable":true,"href":"https:\/\/shopatoa.com\/ro\/wp-json\/wp\/v2\/comments?post=492379"}],"wp:featuredmedia":[{"embeddable":true,"href":"https:\/\/shopatoa.com\/ro\/wp-json\/wp\/v2\/media\/492380"}],"wp:attachment":[{"href":"https:\/\/shopatoa.com\/ro\/wp-json\/wp\/v2\/media?parent=492379"}],"wp:term":[{"taxonomy":"product_brand","embeddable":true,"href":"https:\/\/shopatoa.com\/ro\/wp-json\/wp\/v2\/product_brand?post=492379"},{"taxonomy":"product_cat","embeddable":true,"href":"https:\/\/shopatoa.com\/ro\/wp-json\/wp\/v2\/product_cat?post=492379"},{"taxonomy":"product_tag","embeddable":true,"href":"https:\/\/shopatoa.com\/ro\/wp-json\/wp\/v2\/product_tag?post=492379"}],"curies":[{"name":"wp","href":"https:\/\/api.w.org\/{rel}","templated":true}]}}