{"id":492755,"date":"2025-07-03T18:24:48","date_gmt":"2025-07-03T16:24:48","guid":{"rendered":"https:\/\/shopatoa.com\/ro\/cantu-shea-butter-dressing-pomade-alifie-pentru-par-unt-de-shea-113-g\/"},"modified":"2025-12-08T20:03:11","modified_gmt":"2025-12-08T19:03:11","slug":"cantu-shea-butter-dressing-pomade-alifie-pentru-par-unt-de-shea-113-g","status":"publish","type":"product","link":"https:\/\/shopatoa.com\/ro\/cantu-shea-butter-dressing-pomade-alifie-pentru-par-unt-de-shea-113-g\/","title":{"rendered":"CANTU Shea Butter Dressing Pomade alifie pentru par unt de shea 113 g"},"content":{"rendered":"<p>CANTU Shea Butter Dressing Pomade, 113 g, Creme \u0219i geluri pentru p\u0103r pentru femei, \u00cengrijirea f\u0103r\u0103 cl\u0103tire CANTU Shea Butter Dressing Pomade asigur\u0103 o doz\u0103 instantanee de hidratare \u0219i o nutri\u021bie intens\u0103. Va oferi p\u0103rului dvs. tot ce are nevoie dup\u0103 sp\u0103lare, f\u0103r\u0103 a petrece \u00een baie mai mult timp dec\u00e2t este necesar. Va ajuta la netezirea \u0219i la restabilirea integrit\u0103\u021bii structurii \u0219i a str\u0103lucirii lui naturale. Va favoriza regenerarea p\u0103rului \u0219i va contribui la facilitarea piept\u0103n\u0103rii \u0219i a oric\u0103ror alte aranj\u0103ri \u2013 va fi mai u\u0219or de modelat exact a\u0219a cum v\u0103 dori\u021bi. Toate acestea u\u0219or, rapid, f\u0103r\u0103 s\u0103 \u00eempov\u0103reze p\u0103rul \u0219i f\u0103r\u0103 s\u0103 necesite cl\u0103tire. Este suficient s\u0103 aplica\u021bi, s\u0103 str\u00e2nge\u021bi p\u0103rul \u00een palme, eventual s\u0103 piept\u0103na\u021bi, iar frumuse\u021bea \u0219i s\u0103n\u0103tatea p\u0103rului dvs. vor fi asigurate.  Ingrediente:  produs vegan  Cum se utilizeaz\u0103: Se aplic\u0103 o cantitate mic\u0103 de produs, doar pe v\u00e2rfuri \u0219i pe por\u021biunile degradate ale p\u0103rului.<\/p>\n","protected":false},"excerpt":{"rendered":"<p>CANTU Shea Butter Dressing Pomade, 113 g, Creme \u0219i geluri pentru p\u0103r pentru femei, \u00cengrijirea f\u0103r\u0103 cl\u0103tire CANTU Shea Butter Dressing Pomade asigur\u0103 o doz\u0103 instantanee de hidratare \u0219i o nutri\u021bie intens\u0103. Va oferi p\u0103rului dvs. tot ce are nevoie dup\u0103 sp\u0103lare, f\u0103r\u0103 a petrece \u00een baie mai mult timp dec\u00e2t este necesar. Va ajuta&#8230;<\/p>\n","protected":false},"featured_media":492756,"comment_status":"closed","ping_status":"open","template":"","meta":{"_acf_changed":false,"_kadence_starter_templates_imported_post":false,"_kad_post_transparent":"","_kad_post_title":"","_kad_post_layout":"","_kad_post_sidebar_id":"","_kad_post_content_style":"","_kad_post_vertical_padding":"","_kad_post_feature":"","_kad_post_feature_position":"","_kad_post_header":false,"_kad_post_footer":false,"_kad_post_classname":""},"product_brand":[1927],"product_cat":[1563,1590,4223,1562],"product_tag":[],"class_list":{"0":"post-492755","1":"product","2":"type-product","3":"status-publish","4":"has-post-thumbnail","6":"product_brand-cantu","7":"product_cat-ingrijire-personala","8":"product_cat-ingrijirea-parului","9":"product_cat-produse-de-stilizare-a-parului","10":"product_cat-sanatate-si-frumusete","11":"pa_gen-female","12":"pa_marime-113-g","14":"first","15":"instock","16":"product-type-external","17":"entry","18":"content-bg","19":"loop-entry"},"acf":[],"yoast_head":"<!-- This site is optimized with the Yoast SEO plugin v27.3 - https:\/\/yoast.com\/product\/yoast-seo-wordpress\/ -->\n<title>CANTU Shea Butter Dressing Pomade alifie pentru par unt de shea 113 g - SHOPATOA.COM<\/title>\n<meta name=\"robots\" content=\"index, follow, max-snippet:-1, max-image-preview:large, max-video-preview:-1\" \/>\n<link rel=\"canonical\" href=\"https:\/\/shopatoa.com\/ro\/cantu-shea-butter-dressing-pomade-alifie-pentru-par-unt-de-shea-113-g\/\" \/>\n<meta property=\"og:locale\" content=\"ro_RO\" \/>\n<meta property=\"og:type\" content=\"article\" \/>\n<meta property=\"og:title\" content=\"CANTU Shea Butter Dressing Pomade alifie pentru par unt de shea 113 g - SHOPATOA.COM\" \/>\n<meta property=\"og:description\" content=\"CANTU Shea Butter Dressing Pomade, 113 g, Creme \u0219i geluri pentru p\u0103r pentru femei, \u00cengrijirea f\u0103r\u0103 cl\u0103tire CANTU Shea Butter Dressing Pomade asigur\u0103 o doz\u0103 instantanee de hidratare \u0219i o nutri\u021bie intens\u0103. Va oferi p\u0103rului dvs. tot ce are nevoie dup\u0103 sp\u0103lare, f\u0103r\u0103 a petrece \u00een baie mai mult timp dec\u00e2t este necesar. Va ajuta...\" \/>\n<meta property=\"og:url\" content=\"https:\/\/shopatoa.com\/ro\/cantu-shea-butter-dressing-pomade-alifie-pentru-par-unt-de-shea-113-g\/\" \/>\n<meta property=\"og:site_name\" content=\"SHOPATOA\" \/>\n<meta property=\"article:modified_time\" content=\"2025-12-08T19:03:11+00:00\" \/>\n<meta property=\"og:image\" content=\"https:\/\/storage.googleapis.com\/cz-shopatoa-img\/ro\/1395cfb2-unnamed-file.webp\" \/>\n\t<meta property=\"og:image:width\" content=\"800\" \/>\n\t<meta property=\"og:image:height\" content=\"800\" \/>\n\t<meta property=\"og:image:type\" content=\"image\/webp\" \/>\n<meta name=\"twitter:card\" content=\"summary_large_image\" \/>\n<meta name=\"twitter:label1\" content=\"Timp estimat pentru citire\" \/>\n\t<meta name=\"twitter:data1\" content=\"1 minut\" \/>\n<script type=\"application\/ld+json\" class=\"yoast-schema-graph\">{\"@context\":\"https:\\\/\\\/schema.org\",\"@graph\":[{\"@type\":\"WebPage\",\"@id\":\"https:\\\/\\\/shopatoa.com\\\/ro\\\/cantu-shea-butter-dressing-pomade-alifie-pentru-par-unt-de-shea-113-g\\\/\",\"url\":\"https:\\\/\\\/shopatoa.com\\\/ro\\\/cantu-shea-butter-dressing-pomade-alifie-pentru-par-unt-de-shea-113-g\\\/\",\"name\":\"CANTU Shea Butter Dressing Pomade alifie pentru par unt de shea 113 g - SHOPATOA.COM\",\"isPartOf\":{\"@id\":\"https:\\\/\\\/shopatoa.com\\\/ro\\\/#website\"},\"primaryImageOfPage\":{\"@id\":\"https:\\\/\\\/shopatoa.com\\\/ro\\\/cantu-shea-butter-dressing-pomade-alifie-pentru-par-unt-de-shea-113-g\\\/#primaryimage\"},\"image\":{\"@id\":\"https:\\\/\\\/shopatoa.com\\\/ro\\\/cantu-shea-butter-dressing-pomade-alifie-pentru-par-unt-de-shea-113-g\\\/#primaryimage\"},\"thumbnailUrl\":\"https:\\\/\\\/storage.googleapis.com\\\/cz-shopatoa-img\\\/ro\\\/1395cfb2-unnamed-file.webp\",\"datePublished\":\"2025-07-03T16:24:48+00:00\",\"dateModified\":\"2025-12-08T19:03:11+00:00\",\"breadcrumb\":{\"@id\":\"https:\\\/\\\/shopatoa.com\\\/ro\\\/cantu-shea-butter-dressing-pomade-alifie-pentru-par-unt-de-shea-113-g\\\/#breadcrumb\"},\"inLanguage\":\"ro-RO\",\"potentialAction\":[{\"@type\":\"ReadAction\",\"target\":[\"https:\\\/\\\/shopatoa.com\\\/ro\\\/cantu-shea-butter-dressing-pomade-alifie-pentru-par-unt-de-shea-113-g\\\/\"]}]},{\"@type\":\"ImageObject\",\"inLanguage\":\"ro-RO\",\"@id\":\"https:\\\/\\\/shopatoa.com\\\/ro\\\/cantu-shea-butter-dressing-pomade-alifie-pentru-par-unt-de-shea-113-g\\\/#primaryimage\",\"url\":\"https:\\\/\\\/storage.googleapis.com\\\/cz-shopatoa-img\\\/ro\\\/1395cfb2-unnamed-file.webp\",\"contentUrl\":\"https:\\\/\\\/storage.googleapis.com\\\/cz-shopatoa-img\\\/ro\\\/1395cfb2-unnamed-file.webp\",\"width\":800,\"height\":800},{\"@type\":\"BreadcrumbList\",\"@id\":\"https:\\\/\\\/shopatoa.com\\\/ro\\\/cantu-shea-butter-dressing-pomade-alifie-pentru-par-unt-de-shea-113-g\\\/#breadcrumb\",\"itemListElement\":[{\"@type\":\"ListItem\",\"position\":1,\"name\":\"Dom\u016f\",\"item\":\"https:\\\/\\\/shopatoa.com\\\/ro\\\/\"},{\"@type\":\"ListItem\",\"position\":2,\"name\":\"Shop\",\"item\":\"https:\\\/\\\/shopatoa.com\\\/ro\\\/shop\\\/\"},{\"@type\":\"ListItem\",\"position\":3,\"name\":\"S\u0103n\u0103tate \u0219i frumuse\u021be\",\"item\":\"https:\\\/\\\/shopatoa.com\\\/ro\\\/sanatate-si-frumusete\\\/\"},{\"@type\":\"ListItem\",\"position\":4,\"name\":\"\u00cengrijire personal\u0103\",\"item\":\"https:\\\/\\\/shopatoa.com\\\/ro\\\/ingrijire-personala\\\/\"},{\"@type\":\"ListItem\",\"position\":5,\"name\":\"\u00cengrijirea p\u0103rului\",\"item\":\"https:\\\/\\\/shopatoa.com\\\/ro\\\/ingrijirea-parului\\\/\"},{\"@type\":\"ListItem\",\"position\":6,\"name\":\"Produse de stilizare a p\u0103rului\",\"item\":\"https:\\\/\\\/shopatoa.com\\\/ro\\\/produse-de-stilizare-a-parului\\\/\"},{\"@type\":\"ListItem\",\"position\":7,\"name\":\"CANTU Shea Butter Dressing Pomade alifie pentru par unt de shea 113 g\"}]},{\"@type\":\"WebSite\",\"@id\":\"https:\\\/\\\/shopatoa.com\\\/ro\\\/#website\",\"url\":\"https:\\\/\\\/shopatoa.com\\\/ro\\\/\",\"name\":\"SHOPATOA\",\"description\":\"\",\"publisher\":{\"@id\":\"https:\\\/\\\/shopatoa.com\\\/ro\\\/#organization\"},\"potentialAction\":[{\"@type\":\"SearchAction\",\"target\":{\"@type\":\"EntryPoint\",\"urlTemplate\":\"https:\\\/\\\/shopatoa.com\\\/ro\\\/?s={search_term_string}\"},\"query-input\":{\"@type\":\"PropertyValueSpecification\",\"valueRequired\":true,\"valueName\":\"search_term_string\"}}],\"inLanguage\":\"ro-RO\"},{\"@type\":\"Organization\",\"@id\":\"https:\\\/\\\/shopatoa.com\\\/ro\\\/#organization\",\"name\":\"SHOPATOA\",\"url\":\"https:\\\/\\\/shopatoa.com\\\/ro\\\/\",\"logo\":{\"@type\":\"ImageObject\",\"inLanguage\":\"ro-RO\",\"@id\":\"https:\\\/\\\/shopatoa.com\\\/ro\\\/#\\\/schema\\\/logo\\\/image\\\/\",\"url\":\"https:\\\/\\\/storage.googleapis.com\\\/cz-shopatoa-img\\\/ro\\\/b4dac915-shopatoa_logo.png\",\"contentUrl\":\"https:\\\/\\\/storage.googleapis.com\\\/cz-shopatoa-img\\\/ro\\\/b4dac915-shopatoa_logo.png\",\"width\":416,\"height\":63,\"caption\":\"SHOPATOA\"},\"image\":{\"@id\":\"https:\\\/\\\/shopatoa.com\\\/ro\\\/#\\\/schema\\\/logo\\\/image\\\/\"}}]}<\/script>\n<!-- \/ Yoast SEO plugin. -->","yoast_head_json":{"title":"CANTU Shea Butter Dressing Pomade alifie pentru par unt de shea 113 g - SHOPATOA.COM","robots":{"index":"index","follow":"follow","max-snippet":"max-snippet:-1","max-image-preview":"max-image-preview:large","max-video-preview":"max-video-preview:-1"},"canonical":"https:\/\/shopatoa.com\/ro\/cantu-shea-butter-dressing-pomade-alifie-pentru-par-unt-de-shea-113-g\/","og_locale":"ro_RO","og_type":"article","og_title":"CANTU Shea Butter Dressing Pomade alifie pentru par unt de shea 113 g - SHOPATOA.COM","og_description":"CANTU Shea Butter Dressing Pomade, 113 g, Creme \u0219i geluri pentru p\u0103r pentru femei, \u00cengrijirea f\u0103r\u0103 cl\u0103tire CANTU Shea Butter Dressing Pomade asigur\u0103 o doz\u0103 instantanee de hidratare \u0219i o nutri\u021bie intens\u0103. Va oferi p\u0103rului dvs. tot ce are nevoie dup\u0103 sp\u0103lare, f\u0103r\u0103 a petrece \u00een baie mai mult timp dec\u00e2t este necesar. Va ajuta...","og_url":"https:\/\/shopatoa.com\/ro\/cantu-shea-butter-dressing-pomade-alifie-pentru-par-unt-de-shea-113-g\/","og_site_name":"SHOPATOA","article_modified_time":"2025-12-08T19:03:11+00:00","og_image":[{"width":800,"height":800,"url":"https:\/\/storage.googleapis.com\/cz-shopatoa-img\/ro\/1395cfb2-unnamed-file.webp","type":"image\/webp"}],"twitter_card":"summary_large_image","twitter_misc":{"Timp estimat pentru citire":"1 minut"},"schema":{"@context":"https:\/\/schema.org","@graph":[{"@type":"WebPage","@id":"https:\/\/shopatoa.com\/ro\/cantu-shea-butter-dressing-pomade-alifie-pentru-par-unt-de-shea-113-g\/","url":"https:\/\/shopatoa.com\/ro\/cantu-shea-butter-dressing-pomade-alifie-pentru-par-unt-de-shea-113-g\/","name":"CANTU Shea Butter Dressing Pomade alifie pentru par unt de shea 113 g - SHOPATOA.COM","isPartOf":{"@id":"https:\/\/shopatoa.com\/ro\/#website"},"primaryImageOfPage":{"@id":"https:\/\/shopatoa.com\/ro\/cantu-shea-butter-dressing-pomade-alifie-pentru-par-unt-de-shea-113-g\/#primaryimage"},"image":{"@id":"https:\/\/shopatoa.com\/ro\/cantu-shea-butter-dressing-pomade-alifie-pentru-par-unt-de-shea-113-g\/#primaryimage"},"thumbnailUrl":"https:\/\/storage.googleapis.com\/cz-shopatoa-img\/ro\/1395cfb2-unnamed-file.webp","datePublished":"2025-07-03T16:24:48+00:00","dateModified":"2025-12-08T19:03:11+00:00","breadcrumb":{"@id":"https:\/\/shopatoa.com\/ro\/cantu-shea-butter-dressing-pomade-alifie-pentru-par-unt-de-shea-113-g\/#breadcrumb"},"inLanguage":"ro-RO","potentialAction":[{"@type":"ReadAction","target":["https:\/\/shopatoa.com\/ro\/cantu-shea-butter-dressing-pomade-alifie-pentru-par-unt-de-shea-113-g\/"]}]},{"@type":"ImageObject","inLanguage":"ro-RO","@id":"https:\/\/shopatoa.com\/ro\/cantu-shea-butter-dressing-pomade-alifie-pentru-par-unt-de-shea-113-g\/#primaryimage","url":"https:\/\/storage.googleapis.com\/cz-shopatoa-img\/ro\/1395cfb2-unnamed-file.webp","contentUrl":"https:\/\/storage.googleapis.com\/cz-shopatoa-img\/ro\/1395cfb2-unnamed-file.webp","width":800,"height":800},{"@type":"BreadcrumbList","@id":"https:\/\/shopatoa.com\/ro\/cantu-shea-butter-dressing-pomade-alifie-pentru-par-unt-de-shea-113-g\/#breadcrumb","itemListElement":[{"@type":"ListItem","position":1,"name":"Dom\u016f","item":"https:\/\/shopatoa.com\/ro\/"},{"@type":"ListItem","position":2,"name":"Shop","item":"https:\/\/shopatoa.com\/ro\/shop\/"},{"@type":"ListItem","position":3,"name":"S\u0103n\u0103tate \u0219i frumuse\u021be","item":"https:\/\/shopatoa.com\/ro\/sanatate-si-frumusete\/"},{"@type":"ListItem","position":4,"name":"\u00cengrijire personal\u0103","item":"https:\/\/shopatoa.com\/ro\/ingrijire-personala\/"},{"@type":"ListItem","position":5,"name":"\u00cengrijirea p\u0103rului","item":"https:\/\/shopatoa.com\/ro\/ingrijirea-parului\/"},{"@type":"ListItem","position":6,"name":"Produse de stilizare a p\u0103rului","item":"https:\/\/shopatoa.com\/ro\/produse-de-stilizare-a-parului\/"},{"@type":"ListItem","position":7,"name":"CANTU Shea Butter Dressing Pomade alifie pentru par unt de shea 113 g"}]},{"@type":"WebSite","@id":"https:\/\/shopatoa.com\/ro\/#website","url":"https:\/\/shopatoa.com\/ro\/","name":"SHOPATOA","description":"","publisher":{"@id":"https:\/\/shopatoa.com\/ro\/#organization"},"potentialAction":[{"@type":"SearchAction","target":{"@type":"EntryPoint","urlTemplate":"https:\/\/shopatoa.com\/ro\/?s={search_term_string}"},"query-input":{"@type":"PropertyValueSpecification","valueRequired":true,"valueName":"search_term_string"}}],"inLanguage":"ro-RO"},{"@type":"Organization","@id":"https:\/\/shopatoa.com\/ro\/#organization","name":"SHOPATOA","url":"https:\/\/shopatoa.com\/ro\/","logo":{"@type":"ImageObject","inLanguage":"ro-RO","@id":"https:\/\/shopatoa.com\/ro\/#\/schema\/logo\/image\/","url":"https:\/\/storage.googleapis.com\/cz-shopatoa-img\/ro\/b4dac915-shopatoa_logo.png","contentUrl":"https:\/\/storage.googleapis.com\/cz-shopatoa-img\/ro\/b4dac915-shopatoa_logo.png","width":416,"height":63,"caption":"SHOPATOA"},"image":{"@id":"https:\/\/shopatoa.com\/ro\/#\/schema\/logo\/image\/"}}]}},"_links":{"self":[{"href":"https:\/\/shopatoa.com\/ro\/wp-json\/wp\/v2\/product\/492755","targetHints":{"allow":["GET"]}}],"collection":[{"href":"https:\/\/shopatoa.com\/ro\/wp-json\/wp\/v2\/product"}],"about":[{"href":"https:\/\/shopatoa.com\/ro\/wp-json\/wp\/v2\/types\/product"}],"replies":[{"embeddable":true,"href":"https:\/\/shopatoa.com\/ro\/wp-json\/wp\/v2\/comments?post=492755"}],"wp:featuredmedia":[{"embeddable":true,"href":"https:\/\/shopatoa.com\/ro\/wp-json\/wp\/v2\/media\/492756"}],"wp:attachment":[{"href":"https:\/\/shopatoa.com\/ro\/wp-json\/wp\/v2\/media?parent=492755"}],"wp:term":[{"taxonomy":"product_brand","embeddable":true,"href":"https:\/\/shopatoa.com\/ro\/wp-json\/wp\/v2\/product_brand?post=492755"},{"taxonomy":"product_cat","embeddable":true,"href":"https:\/\/shopatoa.com\/ro\/wp-json\/wp\/v2\/product_cat?post=492755"},{"taxonomy":"product_tag","embeddable":true,"href":"https:\/\/shopatoa.com\/ro\/wp-json\/wp\/v2\/product_tag?post=492755"}],"curies":[{"name":"wp","href":"https:\/\/api.w.org\/{rel}","templated":true}]}}