{"id":492848,"date":"2025-07-03T18:43:24","date_gmt":"2025-07-03T16:43:24","guid":{"rendered":"https:\/\/shopatoa.com\/ro\/fenjal-sensitive-deo-cu-atomizor-24-de-ore-pentru-femei-75-ml-2\/"},"modified":"2025-12-08T19:25:59","modified_gmt":"2025-12-08T18:25:59","slug":"fenjal-sensitive-deo-cu-atomizor-24-de-ore-pentru-femei-75-ml-2","status":"publish","type":"product","link":"https:\/\/shopatoa.com\/ro\/fenjal-sensitive-deo-cu-atomizor-24-de-ore-pentru-femei-75-ml-2\/","title":{"rendered":"Fenjal Sensitive Deo cu atomizor 24 de ore pentru femei 75 ml"},"content":{"rendered":"<p>Fenjal Sensitive, 75 ml, Deodorante \u0219i antiperspirante pentru femei, Oricare ar fi programul zilei, pute\u021bi l\u0103sa \u00een urm\u0103 grijile privind mirosul nepl\u0103cut al transpira\u021biei. Deodorantul Fenjal Sensitive previne nepl\u0103cerea pe care o reprezint\u0103 mirosul corporal. Las\u0103 pielea pl\u0103cut parfumat\u0103 \u0219i combate mirosul nepl\u0103cut, care se produce atunci c\u00e2nd transpira\u021bia reac\u021bioneaz\u0103 cu bacteriile de pe piele. V\u0103 va asigura o protec\u021bie de lung\u0103 durat\u0103, datorit\u0103 efectului s\u0103u deodorant eficient, pentru a v\u0103 bucura de o senza\u021bie de prospe\u021bime \u0219i curat pe tot parcursul zilei.  Caracteristici:  protejeaz\u0103 \u00eempotriva mirosurilor nepl\u0103cute confer\u0103 prospe\u021bime nu irit\u0103 pielea asigur\u0103 o senza\u021bie de prospe\u021bime, de lung\u0103 durat\u0103  Ingrediente:  f\u0103r\u0103 s\u0103ruri de aluminiu pantenol \u2013 are efecte hidratante \u0219i calmante, amelioreaz\u0103 irita\u021bia, ro\u0219ea\u021ba, uscarea \u0219i senza\u021biilor de disconfort  Cum se utilizeaz\u0103: Se aplic\u0103 pe pielea uscat\u0103 \u0219i curat\u0103 a axilei. Aplicarea poate fi repetat\u0103 oric\u00e2nd \u00een timpul zilei.<\/p>\n","protected":false},"excerpt":{"rendered":"<p>Fenjal Sensitive, 75 ml, Deodorante \u0219i antiperspirante pentru femei, Oricare ar fi programul zilei, pute\u021bi l\u0103sa \u00een urm\u0103 grijile privind mirosul nepl\u0103cut al transpira\u021biei. Deodorantul Fenjal Sensitive previne nepl\u0103cerea pe care o reprezint\u0103 mirosul corporal. Las\u0103 pielea pl\u0103cut parfumat\u0103 \u0219i combate mirosul nepl\u0103cut, care se produce atunci c\u00e2nd transpira\u021bia reac\u021bioneaz\u0103 cu bacteriile de pe piele&#8230;.<\/p>\n","protected":false},"featured_media":492849,"comment_status":"closed","ping_status":"open","template":"","meta":{"_acf_changed":false,"_kadence_starter_templates_imported_post":false,"_kad_post_transparent":"","_kad_post_title":"","_kad_post_layout":"","_kad_post_sidebar_id":"","_kad_post_content_style":"","_kad_post_vertical_padding":"","_kad_post_feature":"","_kad_post_feature_position":"","_kad_post_header":false,"_kad_post_footer":false,"_kad_post_classname":""},"product_brand":[2708],"product_cat":[4222,1563,1562],"product_tag":[],"class_list":{"0":"post-492848","1":"product","2":"type-product","3":"status-publish","4":"has-post-thumbnail","6":"product_brand-fenjal","7":"product_cat-deodorant-antiperspirant","8":"product_cat-ingrijire-personala","9":"product_cat-sanatate-si-frumusete","10":"pa_gen-female","11":"pa_marime-75-ml","13":"first","14":"instock","15":"sale","16":"product-type-external","17":"entry","18":"content-bg","19":"loop-entry"},"acf":[],"yoast_head":"<!-- This site is optimized with the Yoast SEO plugin v27.4 - https:\/\/yoast.com\/product\/yoast-seo-wordpress\/ -->\n<title>Fenjal Sensitive Deo cu atomizor 24 de ore pentru femei 75 ml - SHOPATOA.COM<\/title>\n<meta name=\"robots\" content=\"index, follow, max-snippet:-1, max-image-preview:large, max-video-preview:-1\" \/>\n<link rel=\"canonical\" href=\"https:\/\/shopatoa.com\/ro\/fenjal-sensitive-deo-cu-atomizor-24-de-ore-pentru-femei-75-ml-2\/\" \/>\n<meta property=\"og:locale\" content=\"ro_RO\" \/>\n<meta property=\"og:type\" content=\"article\" \/>\n<meta property=\"og:title\" content=\"Fenjal Sensitive Deo cu atomizor 24 de ore pentru femei 75 ml - SHOPATOA.COM\" \/>\n<meta property=\"og:description\" content=\"Fenjal Sensitive, 75 ml, Deodorante \u0219i antiperspirante pentru femei, Oricare ar fi programul zilei, pute\u021bi l\u0103sa \u00een urm\u0103 grijile privind mirosul nepl\u0103cut al transpira\u021biei. Deodorantul Fenjal Sensitive previne nepl\u0103cerea pe care o reprezint\u0103 mirosul corporal. Las\u0103 pielea pl\u0103cut parfumat\u0103 \u0219i combate mirosul nepl\u0103cut, care se produce atunci c\u00e2nd transpira\u021bia reac\u021bioneaz\u0103 cu bacteriile de pe piele....\" \/>\n<meta property=\"og:url\" content=\"https:\/\/shopatoa.com\/ro\/fenjal-sensitive-deo-cu-atomizor-24-de-ore-pentru-femei-75-ml-2\/\" \/>\n<meta property=\"og:site_name\" content=\"SHOPATOA\" \/>\n<meta property=\"article:modified_time\" content=\"2025-12-08T18:25:59+00:00\" \/>\n<meta property=\"og:image\" content=\"https:\/\/storage.googleapis.com\/cz-shopatoa-img\/ro\/1d7fd3ae-unnamed-file.webp\" \/>\n\t<meta property=\"og:image:width\" content=\"800\" \/>\n\t<meta property=\"og:image:height\" content=\"800\" \/>\n\t<meta property=\"og:image:type\" content=\"image\/webp\" \/>\n<meta name=\"twitter:card\" content=\"summary_large_image\" \/>\n<meta name=\"twitter:label1\" content=\"Timp estimat pentru citire\" \/>\n\t<meta name=\"twitter:data1\" content=\"1 minut\" \/>\n<script type=\"application\/ld+json\" class=\"yoast-schema-graph\">{\"@context\":\"https:\\\/\\\/schema.org\",\"@graph\":[{\"@type\":\"WebPage\",\"@id\":\"https:\\\/\\\/shopatoa.com\\\/ro\\\/fenjal-sensitive-deo-cu-atomizor-24-de-ore-pentru-femei-75-ml-2\\\/\",\"url\":\"https:\\\/\\\/shopatoa.com\\\/ro\\\/fenjal-sensitive-deo-cu-atomizor-24-de-ore-pentru-femei-75-ml-2\\\/\",\"name\":\"Fenjal Sensitive Deo cu atomizor 24 de ore pentru femei 75 ml - SHOPATOA.COM\",\"isPartOf\":{\"@id\":\"https:\\\/\\\/shopatoa.com\\\/ro\\\/#website\"},\"primaryImageOfPage\":{\"@id\":\"https:\\\/\\\/shopatoa.com\\\/ro\\\/fenjal-sensitive-deo-cu-atomizor-24-de-ore-pentru-femei-75-ml-2\\\/#primaryimage\"},\"image\":{\"@id\":\"https:\\\/\\\/shopatoa.com\\\/ro\\\/fenjal-sensitive-deo-cu-atomizor-24-de-ore-pentru-femei-75-ml-2\\\/#primaryimage\"},\"thumbnailUrl\":\"https:\\\/\\\/storage.googleapis.com\\\/cz-shopatoa-img\\\/ro\\\/1d7fd3ae-unnamed-file.webp\",\"datePublished\":\"2025-07-03T16:43:24+00:00\",\"dateModified\":\"2025-12-08T18:25:59+00:00\",\"breadcrumb\":{\"@id\":\"https:\\\/\\\/shopatoa.com\\\/ro\\\/fenjal-sensitive-deo-cu-atomizor-24-de-ore-pentru-femei-75-ml-2\\\/#breadcrumb\"},\"inLanguage\":\"ro-RO\",\"potentialAction\":[{\"@type\":\"ReadAction\",\"target\":[\"https:\\\/\\\/shopatoa.com\\\/ro\\\/fenjal-sensitive-deo-cu-atomizor-24-de-ore-pentru-femei-75-ml-2\\\/\"]}]},{\"@type\":\"ImageObject\",\"inLanguage\":\"ro-RO\",\"@id\":\"https:\\\/\\\/shopatoa.com\\\/ro\\\/fenjal-sensitive-deo-cu-atomizor-24-de-ore-pentru-femei-75-ml-2\\\/#primaryimage\",\"url\":\"https:\\\/\\\/storage.googleapis.com\\\/cz-shopatoa-img\\\/ro\\\/1d7fd3ae-unnamed-file.webp\",\"contentUrl\":\"https:\\\/\\\/storage.googleapis.com\\\/cz-shopatoa-img\\\/ro\\\/1d7fd3ae-unnamed-file.webp\",\"width\":800,\"height\":800},{\"@type\":\"BreadcrumbList\",\"@id\":\"https:\\\/\\\/shopatoa.com\\\/ro\\\/fenjal-sensitive-deo-cu-atomizor-24-de-ore-pentru-femei-75-ml-2\\\/#breadcrumb\",\"itemListElement\":[{\"@type\":\"ListItem\",\"position\":1,\"name\":\"Dom\u016f\",\"item\":\"https:\\\/\\\/shopatoa.com\\\/ro\\\/\"},{\"@type\":\"ListItem\",\"position\":2,\"name\":\"Shop\",\"item\":\"https:\\\/\\\/shopatoa.com\\\/ro\\\/shop\\\/\"},{\"@type\":\"ListItem\",\"position\":3,\"name\":\"S\u0103n\u0103tate \u0219i frumuse\u021be\",\"item\":\"https:\\\/\\\/shopatoa.com\\\/ro\\\/sanatate-si-frumusete\\\/\"},{\"@type\":\"ListItem\",\"position\":4,\"name\":\"\u00cengrijire personal\u0103\",\"item\":\"https:\\\/\\\/shopatoa.com\\\/ro\\\/ingrijire-personala\\\/\"},{\"@type\":\"ListItem\",\"position\":5,\"name\":\"Deodorant &amp; Antiperspirant\",\"item\":\"https:\\\/\\\/shopatoa.com\\\/ro\\\/deodorant-antiperspirant\\\/\"},{\"@type\":\"ListItem\",\"position\":6,\"name\":\"Fenjal Sensitive Deo cu atomizor 24 de ore pentru femei 75 ml\"}]},{\"@type\":\"WebSite\",\"@id\":\"https:\\\/\\\/shopatoa.com\\\/ro\\\/#website\",\"url\":\"https:\\\/\\\/shopatoa.com\\\/ro\\\/\",\"name\":\"SHOPATOA\",\"description\":\"\",\"publisher\":{\"@id\":\"https:\\\/\\\/shopatoa.com\\\/ro\\\/#organization\"},\"potentialAction\":[{\"@type\":\"SearchAction\",\"target\":{\"@type\":\"EntryPoint\",\"urlTemplate\":\"https:\\\/\\\/shopatoa.com\\\/ro\\\/?s={search_term_string}\"},\"query-input\":{\"@type\":\"PropertyValueSpecification\",\"valueRequired\":true,\"valueName\":\"search_term_string\"}}],\"inLanguage\":\"ro-RO\"},{\"@type\":\"Organization\",\"@id\":\"https:\\\/\\\/shopatoa.com\\\/ro\\\/#organization\",\"name\":\"SHOPATOA\",\"url\":\"https:\\\/\\\/shopatoa.com\\\/ro\\\/\",\"logo\":{\"@type\":\"ImageObject\",\"inLanguage\":\"ro-RO\",\"@id\":\"https:\\\/\\\/shopatoa.com\\\/ro\\\/#\\\/schema\\\/logo\\\/image\\\/\",\"url\":\"https:\\\/\\\/storage.googleapis.com\\\/cz-shopatoa-img\\\/ro\\\/b4dac915-shopatoa_logo.png\",\"contentUrl\":\"https:\\\/\\\/storage.googleapis.com\\\/cz-shopatoa-img\\\/ro\\\/b4dac915-shopatoa_logo.png\",\"width\":416,\"height\":63,\"caption\":\"SHOPATOA\"},\"image\":{\"@id\":\"https:\\\/\\\/shopatoa.com\\\/ro\\\/#\\\/schema\\\/logo\\\/image\\\/\"}}]}<\/script>\n<!-- \/ Yoast SEO plugin. -->","yoast_head_json":{"title":"Fenjal Sensitive Deo cu atomizor 24 de ore pentru femei 75 ml - SHOPATOA.COM","robots":{"index":"index","follow":"follow","max-snippet":"max-snippet:-1","max-image-preview":"max-image-preview:large","max-video-preview":"max-video-preview:-1"},"canonical":"https:\/\/shopatoa.com\/ro\/fenjal-sensitive-deo-cu-atomizor-24-de-ore-pentru-femei-75-ml-2\/","og_locale":"ro_RO","og_type":"article","og_title":"Fenjal Sensitive Deo cu atomizor 24 de ore pentru femei 75 ml - SHOPATOA.COM","og_description":"Fenjal Sensitive, 75 ml, Deodorante \u0219i antiperspirante pentru femei, Oricare ar fi programul zilei, pute\u021bi l\u0103sa \u00een urm\u0103 grijile privind mirosul nepl\u0103cut al transpira\u021biei. Deodorantul Fenjal Sensitive previne nepl\u0103cerea pe care o reprezint\u0103 mirosul corporal. Las\u0103 pielea pl\u0103cut parfumat\u0103 \u0219i combate mirosul nepl\u0103cut, care se produce atunci c\u00e2nd transpira\u021bia reac\u021bioneaz\u0103 cu bacteriile de pe piele....","og_url":"https:\/\/shopatoa.com\/ro\/fenjal-sensitive-deo-cu-atomizor-24-de-ore-pentru-femei-75-ml-2\/","og_site_name":"SHOPATOA","article_modified_time":"2025-12-08T18:25:59+00:00","og_image":[{"width":800,"height":800,"url":"https:\/\/storage.googleapis.com\/cz-shopatoa-img\/ro\/1d7fd3ae-unnamed-file.webp","type":"image\/webp"}],"twitter_card":"summary_large_image","twitter_misc":{"Timp estimat pentru citire":"1 minut"},"schema":{"@context":"https:\/\/schema.org","@graph":[{"@type":"WebPage","@id":"https:\/\/shopatoa.com\/ro\/fenjal-sensitive-deo-cu-atomizor-24-de-ore-pentru-femei-75-ml-2\/","url":"https:\/\/shopatoa.com\/ro\/fenjal-sensitive-deo-cu-atomizor-24-de-ore-pentru-femei-75-ml-2\/","name":"Fenjal Sensitive Deo cu atomizor 24 de ore pentru femei 75 ml - SHOPATOA.COM","isPartOf":{"@id":"https:\/\/shopatoa.com\/ro\/#website"},"primaryImageOfPage":{"@id":"https:\/\/shopatoa.com\/ro\/fenjal-sensitive-deo-cu-atomizor-24-de-ore-pentru-femei-75-ml-2\/#primaryimage"},"image":{"@id":"https:\/\/shopatoa.com\/ro\/fenjal-sensitive-deo-cu-atomizor-24-de-ore-pentru-femei-75-ml-2\/#primaryimage"},"thumbnailUrl":"https:\/\/storage.googleapis.com\/cz-shopatoa-img\/ro\/1d7fd3ae-unnamed-file.webp","datePublished":"2025-07-03T16:43:24+00:00","dateModified":"2025-12-08T18:25:59+00:00","breadcrumb":{"@id":"https:\/\/shopatoa.com\/ro\/fenjal-sensitive-deo-cu-atomizor-24-de-ore-pentru-femei-75-ml-2\/#breadcrumb"},"inLanguage":"ro-RO","potentialAction":[{"@type":"ReadAction","target":["https:\/\/shopatoa.com\/ro\/fenjal-sensitive-deo-cu-atomizor-24-de-ore-pentru-femei-75-ml-2\/"]}]},{"@type":"ImageObject","inLanguage":"ro-RO","@id":"https:\/\/shopatoa.com\/ro\/fenjal-sensitive-deo-cu-atomizor-24-de-ore-pentru-femei-75-ml-2\/#primaryimage","url":"https:\/\/storage.googleapis.com\/cz-shopatoa-img\/ro\/1d7fd3ae-unnamed-file.webp","contentUrl":"https:\/\/storage.googleapis.com\/cz-shopatoa-img\/ro\/1d7fd3ae-unnamed-file.webp","width":800,"height":800},{"@type":"BreadcrumbList","@id":"https:\/\/shopatoa.com\/ro\/fenjal-sensitive-deo-cu-atomizor-24-de-ore-pentru-femei-75-ml-2\/#breadcrumb","itemListElement":[{"@type":"ListItem","position":1,"name":"Dom\u016f","item":"https:\/\/shopatoa.com\/ro\/"},{"@type":"ListItem","position":2,"name":"Shop","item":"https:\/\/shopatoa.com\/ro\/shop\/"},{"@type":"ListItem","position":3,"name":"S\u0103n\u0103tate \u0219i frumuse\u021be","item":"https:\/\/shopatoa.com\/ro\/sanatate-si-frumusete\/"},{"@type":"ListItem","position":4,"name":"\u00cengrijire personal\u0103","item":"https:\/\/shopatoa.com\/ro\/ingrijire-personala\/"},{"@type":"ListItem","position":5,"name":"Deodorant &amp; Antiperspirant","item":"https:\/\/shopatoa.com\/ro\/deodorant-antiperspirant\/"},{"@type":"ListItem","position":6,"name":"Fenjal Sensitive Deo cu atomizor 24 de ore pentru femei 75 ml"}]},{"@type":"WebSite","@id":"https:\/\/shopatoa.com\/ro\/#website","url":"https:\/\/shopatoa.com\/ro\/","name":"SHOPATOA","description":"","publisher":{"@id":"https:\/\/shopatoa.com\/ro\/#organization"},"potentialAction":[{"@type":"SearchAction","target":{"@type":"EntryPoint","urlTemplate":"https:\/\/shopatoa.com\/ro\/?s={search_term_string}"},"query-input":{"@type":"PropertyValueSpecification","valueRequired":true,"valueName":"search_term_string"}}],"inLanguage":"ro-RO"},{"@type":"Organization","@id":"https:\/\/shopatoa.com\/ro\/#organization","name":"SHOPATOA","url":"https:\/\/shopatoa.com\/ro\/","logo":{"@type":"ImageObject","inLanguage":"ro-RO","@id":"https:\/\/shopatoa.com\/ro\/#\/schema\/logo\/image\/","url":"https:\/\/storage.googleapis.com\/cz-shopatoa-img\/ro\/b4dac915-shopatoa_logo.png","contentUrl":"https:\/\/storage.googleapis.com\/cz-shopatoa-img\/ro\/b4dac915-shopatoa_logo.png","width":416,"height":63,"caption":"SHOPATOA"},"image":{"@id":"https:\/\/shopatoa.com\/ro\/#\/schema\/logo\/image\/"}}]}},"_links":{"self":[{"href":"https:\/\/shopatoa.com\/ro\/wp-json\/wp\/v2\/product\/492848","targetHints":{"allow":["GET"]}}],"collection":[{"href":"https:\/\/shopatoa.com\/ro\/wp-json\/wp\/v2\/product"}],"about":[{"href":"https:\/\/shopatoa.com\/ro\/wp-json\/wp\/v2\/types\/product"}],"replies":[{"embeddable":true,"href":"https:\/\/shopatoa.com\/ro\/wp-json\/wp\/v2\/comments?post=492848"}],"wp:featuredmedia":[{"embeddable":true,"href":"https:\/\/shopatoa.com\/ro\/wp-json\/wp\/v2\/media\/492849"}],"wp:attachment":[{"href":"https:\/\/shopatoa.com\/ro\/wp-json\/wp\/v2\/media?parent=492848"}],"wp:term":[{"taxonomy":"product_brand","embeddable":true,"href":"https:\/\/shopatoa.com\/ro\/wp-json\/wp\/v2\/product_brand?post=492848"},{"taxonomy":"product_cat","embeddable":true,"href":"https:\/\/shopatoa.com\/ro\/wp-json\/wp\/v2\/product_cat?post=492848"},{"taxonomy":"product_tag","embeddable":true,"href":"https:\/\/shopatoa.com\/ro\/wp-json\/wp\/v2\/product_tag?post=492848"}],"curies":[{"name":"wp","href":"https:\/\/api.w.org\/{rel}","templated":true}]}}