{"id":493024,"date":"2025-07-03T18:59:26","date_gmt":"2025-07-03T16:59:26","guid":{"rendered":"https:\/\/shopatoa.com\/ro\/pierre-rene-velvet-effect-make-up-fin-spf-30-culoare-no-04-warm-nude-25-ml\/"},"modified":"2025-12-08T18:16:08","modified_gmt":"2025-12-08T17:16:08","slug":"pierre-rene-velvet-effect-make-up-fin-spf-30-culoare-no-04-warm-nude-25-ml","status":"publish","type":"product","link":"https:\/\/shopatoa.com\/ro\/pierre-rene-velvet-effect-make-up-fin-spf-30-culoare-no-04-warm-nude-25-ml\/","title":{"rendered":"Pierre Ren\u00e9 Velvet Effect make-up fin SPF 30 culoare no. 04 Warm Nude 25 ml"},"content":{"rendered":"<p>Pierre Ren\u00e9 Velvet Effect, 25 ml, Fond de ten pentru femei, Efectul lejer \u0219i matifiant al pudrei sau propriet\u0103\u021bile de acoperire ale fondului de ten lichid? Fondul de ten pudr\u0103 hibrid Pierre Ren\u00e9Velvet Effect combin\u0103 ce este mai bun din ambele lumi \u2013 rezist\u0103 bine \u0219i ofer\u0103 aceea\u0219i acoperire puternic\u0103 precum fondul de ten lichid, \u00een timp ce matifiaz\u0103 tenul precum pudra, se aplic\u0103 pl\u0103cut \u0219i nu \u00eencarc\u0103 tenul. Uniformizeaz\u0103 perfect nuan\u021ba tenului, f\u0103r\u0103 s\u0103 ave\u021bi senza\u021bia c\u0103 purta\u021bi straturi groase de fond de ten, l\u0103s\u00e2nd tenul catifelat \u0219i proasp\u0103t. Efectul de estompare ajut\u0103 apoi la ascunderea vizual\u0103 a porilor foarte vizibili \u0219i a altor imperfec\u021biuni ale tenului. V\u0103 permite s\u0103 ob\u021bine\u021bi un ten impecabil, cu o acoperire perfect\u0103 a ro\u0219e\u021bii, petelor pigmentare sau semnelor cauzate de acnee, men\u021bin\u00e2nd \u00een acela\u0219i timp aspectul natural. De parc\u0103 nici nu a\u021bi fi machiat\u0103.  Caracteristici:  se contope\u0219te perfect cu tenul uniformizeaz\u0103 nuan\u021ba tenului efect de lung\u0103 durat\u0103 capacitate de acoperire excelent\u0103 nu creeaz\u0103 un efect inestetic de masc\u0103 ofer\u0103 protec\u021bie \u00eempotriva razelor solare hidrateaz\u0103  Ingrediente:  SPF \u2013 asigur\u0103 protec\u021bie \u00eempotriva radia\u021biilor UV d\u0103un\u0103toare acid hialuronic \u2013 leag\u0103 o cantitate mare de ap\u0103 \u0219i hidrateaz\u0103 intens vitamina E \u2013 hr\u0103ne\u0219te, ofer\u0103 protec\u021bie antioxidant\u0103 \u00eempotriva \u00eemb\u0103tr\u00e2nirii premature \u0219i a deterior\u0103rii cauzate de radicalii liberi, ajut\u0103 la netezirea ridurilor \u0219i la restabilirea fermit\u0103\u021bii \u0219i elasticit\u0103\u021bii pielii pantenol \u2013 are efecte hidratante \u0219i calmante, amelioreaz\u0103 irita\u021bia, ro\u0219ea\u021ba, uscarea \u0219i senza\u021biilor de disconfort zinc \u2013 men\u021bine sebumul \u00een echilibru, calmeaz\u0103 \u0219i reduce ro\u0219ea\u021ba, are efecte de cur\u0103\u021bare, ajut\u0103 la combaterea acneei, favorizeaz\u0103 minimizarea porilor alantoin\u0103 \u2013 calmeaz\u0103, hidrateaz\u0103 \u0219i catifeleaz\u0103, favorizeaz\u0103 regenerarea produs vegan  Cum se utilizeaz\u0103: Se aplic\u0103 fondul de ten pe fa\u021b\u0103, cu tu\u0219e u\u0219oare. Se \u00eentinde uniform \u0219i temeinic, folosind fie degetele, fie buretele de fond de ten, fie peria.<\/p>\n","protected":false},"excerpt":{"rendered":"<p>Pierre Ren\u00e9 Velvet Effect, 25 ml, Fond de ten pentru femei, Efectul lejer \u0219i matifiant al pudrei sau propriet\u0103\u021bile de acoperire ale fondului de ten lichid? Fondul de ten pudr\u0103 hibrid Pierre Ren\u00e9Velvet Effect combin\u0103 ce este mai bun din ambele lumi \u2013 rezist\u0103 bine \u0219i ofer\u0103 aceea\u0219i acoperire puternic\u0103 precum fondul de ten lichid,&#8230;<\/p>\n","protected":false},"featured_media":493025,"comment_status":"closed","ping_status":"open","template":"","meta":{"_acf_changed":false,"_kadence_starter_templates_imported_post":false,"_kad_post_transparent":"","_kad_post_title":"","_kad_post_layout":"","_kad_post_sidebar_id":"","_kad_post_content_style":"","_kad_post_vertical_padding":"","_kad_post_feature":"","_kad_post_feature_position":"","_kad_post_header":false,"_kad_post_footer":false,"_kad_post_classname":""},"product_brand":[1800],"product_cat":[1564,1563,1576,1562],"product_tag":[],"class_list":{"0":"post-493024","1":"product","2":"type-product","3":"status-publish","4":"has-post-thumbnail","6":"product_brand-pierre-rene","7":"product_cat-cosmetice-ingrijire-personala","8":"product_cat-ingrijire-personala","9":"product_cat-machiaj","10":"product_cat-sanatate-si-frumusete","11":"pa_gen-female","12":"pa_marime-25-ml","14":"first","15":"instock","16":"product-type-external","17":"entry","18":"content-bg","19":"loop-entry"},"acf":[],"yoast_head":"<!-- This site is optimized with the Yoast SEO plugin v27.4 - https:\/\/yoast.com\/product\/yoast-seo-wordpress\/ -->\n<title>Pierre Ren\u00e9 Velvet Effect make-up fin SPF 30 culoare no. 04 Warm Nude 25 ml - SHOPATOA.COM<\/title>\n<meta name=\"robots\" content=\"index, follow, max-snippet:-1, max-image-preview:large, max-video-preview:-1\" \/>\n<link rel=\"canonical\" href=\"https:\/\/shopatoa.com\/ro\/pierre-rene-velvet-effect-make-up-fin-spf-30-culoare-no-04-warm-nude-25-ml\/\" \/>\n<meta property=\"og:locale\" content=\"ro_RO\" \/>\n<meta property=\"og:type\" content=\"article\" \/>\n<meta property=\"og:title\" content=\"Pierre Ren\u00e9 Velvet Effect make-up fin SPF 30 culoare no. 04 Warm Nude 25 ml - SHOPATOA.COM\" \/>\n<meta property=\"og:description\" content=\"Pierre Ren\u00e9 Velvet Effect, 25 ml, Fond de ten pentru femei, Efectul lejer \u0219i matifiant al pudrei sau propriet\u0103\u021bile de acoperire ale fondului de ten lichid? Fondul de ten pudr\u0103 hibrid Pierre Ren\u00e9Velvet Effect combin\u0103 ce este mai bun din ambele lumi \u2013 rezist\u0103 bine \u0219i ofer\u0103 aceea\u0219i acoperire puternic\u0103 precum fondul de ten lichid,...\" \/>\n<meta property=\"og:url\" content=\"https:\/\/shopatoa.com\/ro\/pierre-rene-velvet-effect-make-up-fin-spf-30-culoare-no-04-warm-nude-25-ml\/\" \/>\n<meta property=\"og:site_name\" content=\"SHOPATOA\" \/>\n<meta property=\"article:modified_time\" content=\"2025-12-08T17:16:08+00:00\" \/>\n<meta property=\"og:image\" content=\"https:\/\/storage.googleapis.com\/cz-shopatoa-img\/ro\/24719b33-unnamed-file.webp\" \/>\n\t<meta property=\"og:image:width\" content=\"800\" \/>\n\t<meta property=\"og:image:height\" content=\"800\" \/>\n\t<meta property=\"og:image:type\" content=\"image\/webp\" \/>\n<meta name=\"twitter:card\" content=\"summary_large_image\" \/>\n<meta name=\"twitter:label1\" content=\"Timp estimat pentru citire\" \/>\n\t<meta name=\"twitter:data1\" content=\"2 minute\" \/>\n<script type=\"application\/ld+json\" class=\"yoast-schema-graph\">{\"@context\":\"https:\\\/\\\/schema.org\",\"@graph\":[{\"@type\":\"WebPage\",\"@id\":\"https:\\\/\\\/shopatoa.com\\\/ro\\\/pierre-rene-velvet-effect-make-up-fin-spf-30-culoare-no-04-warm-nude-25-ml\\\/\",\"url\":\"https:\\\/\\\/shopatoa.com\\\/ro\\\/pierre-rene-velvet-effect-make-up-fin-spf-30-culoare-no-04-warm-nude-25-ml\\\/\",\"name\":\"Pierre Ren\u00e9 Velvet Effect make-up fin SPF 30 culoare no. 04 Warm Nude 25 ml - SHOPATOA.COM\",\"isPartOf\":{\"@id\":\"https:\\\/\\\/shopatoa.com\\\/ro\\\/#website\"},\"primaryImageOfPage\":{\"@id\":\"https:\\\/\\\/shopatoa.com\\\/ro\\\/pierre-rene-velvet-effect-make-up-fin-spf-30-culoare-no-04-warm-nude-25-ml\\\/#primaryimage\"},\"image\":{\"@id\":\"https:\\\/\\\/shopatoa.com\\\/ro\\\/pierre-rene-velvet-effect-make-up-fin-spf-30-culoare-no-04-warm-nude-25-ml\\\/#primaryimage\"},\"thumbnailUrl\":\"https:\\\/\\\/storage.googleapis.com\\\/cz-shopatoa-img\\\/ro\\\/24719b33-unnamed-file.webp\",\"datePublished\":\"2025-07-03T16:59:26+00:00\",\"dateModified\":\"2025-12-08T17:16:08+00:00\",\"breadcrumb\":{\"@id\":\"https:\\\/\\\/shopatoa.com\\\/ro\\\/pierre-rene-velvet-effect-make-up-fin-spf-30-culoare-no-04-warm-nude-25-ml\\\/#breadcrumb\"},\"inLanguage\":\"ro-RO\",\"potentialAction\":[{\"@type\":\"ReadAction\",\"target\":[\"https:\\\/\\\/shopatoa.com\\\/ro\\\/pierre-rene-velvet-effect-make-up-fin-spf-30-culoare-no-04-warm-nude-25-ml\\\/\"]}]},{\"@type\":\"ImageObject\",\"inLanguage\":\"ro-RO\",\"@id\":\"https:\\\/\\\/shopatoa.com\\\/ro\\\/pierre-rene-velvet-effect-make-up-fin-spf-30-culoare-no-04-warm-nude-25-ml\\\/#primaryimage\",\"url\":\"https:\\\/\\\/storage.googleapis.com\\\/cz-shopatoa-img\\\/ro\\\/24719b33-unnamed-file.webp\",\"contentUrl\":\"https:\\\/\\\/storage.googleapis.com\\\/cz-shopatoa-img\\\/ro\\\/24719b33-unnamed-file.webp\",\"width\":800,\"height\":800},{\"@type\":\"BreadcrumbList\",\"@id\":\"https:\\\/\\\/shopatoa.com\\\/ro\\\/pierre-rene-velvet-effect-make-up-fin-spf-30-culoare-no-04-warm-nude-25-ml\\\/#breadcrumb\",\"itemListElement\":[{\"@type\":\"ListItem\",\"position\":1,\"name\":\"Dom\u016f\",\"item\":\"https:\\\/\\\/shopatoa.com\\\/ro\\\/\"},{\"@type\":\"ListItem\",\"position\":2,\"name\":\"Shop\",\"item\":\"https:\\\/\\\/shopatoa.com\\\/ro\\\/shop\\\/\"},{\"@type\":\"ListItem\",\"position\":3,\"name\":\"S\u0103n\u0103tate \u0219i frumuse\u021be\",\"item\":\"https:\\\/\\\/shopatoa.com\\\/ro\\\/sanatate-si-frumusete\\\/\"},{\"@type\":\"ListItem\",\"position\":4,\"name\":\"\u00cengrijire personal\u0103\",\"item\":\"https:\\\/\\\/shopatoa.com\\\/ro\\\/ingrijire-personala\\\/\"},{\"@type\":\"ListItem\",\"position\":5,\"name\":\"Cosmetice\",\"item\":\"https:\\\/\\\/shopatoa.com\\\/ro\\\/cosmetice-ingrijire-personala\\\/\"},{\"@type\":\"ListItem\",\"position\":6,\"name\":\"Machiaj\",\"item\":\"https:\\\/\\\/shopatoa.com\\\/ro\\\/machiaj\\\/\"},{\"@type\":\"ListItem\",\"position\":7,\"name\":\"Pierre Ren\u00e9 Velvet Effect make-up fin SPF 30 culoare no. 04 Warm Nude 25 ml\"}]},{\"@type\":\"WebSite\",\"@id\":\"https:\\\/\\\/shopatoa.com\\\/ro\\\/#website\",\"url\":\"https:\\\/\\\/shopatoa.com\\\/ro\\\/\",\"name\":\"SHOPATOA\",\"description\":\"\",\"publisher\":{\"@id\":\"https:\\\/\\\/shopatoa.com\\\/ro\\\/#organization\"},\"potentialAction\":[{\"@type\":\"SearchAction\",\"target\":{\"@type\":\"EntryPoint\",\"urlTemplate\":\"https:\\\/\\\/shopatoa.com\\\/ro\\\/?s={search_term_string}\"},\"query-input\":{\"@type\":\"PropertyValueSpecification\",\"valueRequired\":true,\"valueName\":\"search_term_string\"}}],\"inLanguage\":\"ro-RO\"},{\"@type\":\"Organization\",\"@id\":\"https:\\\/\\\/shopatoa.com\\\/ro\\\/#organization\",\"name\":\"SHOPATOA\",\"url\":\"https:\\\/\\\/shopatoa.com\\\/ro\\\/\",\"logo\":{\"@type\":\"ImageObject\",\"inLanguage\":\"ro-RO\",\"@id\":\"https:\\\/\\\/shopatoa.com\\\/ro\\\/#\\\/schema\\\/logo\\\/image\\\/\",\"url\":\"https:\\\/\\\/storage.googleapis.com\\\/cz-shopatoa-img\\\/ro\\\/b4dac915-shopatoa_logo.png\",\"contentUrl\":\"https:\\\/\\\/storage.googleapis.com\\\/cz-shopatoa-img\\\/ro\\\/b4dac915-shopatoa_logo.png\",\"width\":416,\"height\":63,\"caption\":\"SHOPATOA\"},\"image\":{\"@id\":\"https:\\\/\\\/shopatoa.com\\\/ro\\\/#\\\/schema\\\/logo\\\/image\\\/\"}}]}<\/script>\n<!-- \/ Yoast SEO plugin. -->","yoast_head_json":{"title":"Pierre Ren\u00e9 Velvet Effect make-up fin SPF 30 culoare no. 04 Warm Nude 25 ml - SHOPATOA.COM","robots":{"index":"index","follow":"follow","max-snippet":"max-snippet:-1","max-image-preview":"max-image-preview:large","max-video-preview":"max-video-preview:-1"},"canonical":"https:\/\/shopatoa.com\/ro\/pierre-rene-velvet-effect-make-up-fin-spf-30-culoare-no-04-warm-nude-25-ml\/","og_locale":"ro_RO","og_type":"article","og_title":"Pierre Ren\u00e9 Velvet Effect make-up fin SPF 30 culoare no. 04 Warm Nude 25 ml - SHOPATOA.COM","og_description":"Pierre Ren\u00e9 Velvet Effect, 25 ml, Fond de ten pentru femei, Efectul lejer \u0219i matifiant al pudrei sau propriet\u0103\u021bile de acoperire ale fondului de ten lichid? Fondul de ten pudr\u0103 hibrid Pierre Ren\u00e9Velvet Effect combin\u0103 ce este mai bun din ambele lumi \u2013 rezist\u0103 bine \u0219i ofer\u0103 aceea\u0219i acoperire puternic\u0103 precum fondul de ten lichid,...","og_url":"https:\/\/shopatoa.com\/ro\/pierre-rene-velvet-effect-make-up-fin-spf-30-culoare-no-04-warm-nude-25-ml\/","og_site_name":"SHOPATOA","article_modified_time":"2025-12-08T17:16:08+00:00","og_image":[{"width":800,"height":800,"url":"https:\/\/storage.googleapis.com\/cz-shopatoa-img\/ro\/24719b33-unnamed-file.webp","type":"image\/webp"}],"twitter_card":"summary_large_image","twitter_misc":{"Timp estimat pentru citire":"2 minute"},"schema":{"@context":"https:\/\/schema.org","@graph":[{"@type":"WebPage","@id":"https:\/\/shopatoa.com\/ro\/pierre-rene-velvet-effect-make-up-fin-spf-30-culoare-no-04-warm-nude-25-ml\/","url":"https:\/\/shopatoa.com\/ro\/pierre-rene-velvet-effect-make-up-fin-spf-30-culoare-no-04-warm-nude-25-ml\/","name":"Pierre Ren\u00e9 Velvet Effect make-up fin SPF 30 culoare no. 04 Warm Nude 25 ml - SHOPATOA.COM","isPartOf":{"@id":"https:\/\/shopatoa.com\/ro\/#website"},"primaryImageOfPage":{"@id":"https:\/\/shopatoa.com\/ro\/pierre-rene-velvet-effect-make-up-fin-spf-30-culoare-no-04-warm-nude-25-ml\/#primaryimage"},"image":{"@id":"https:\/\/shopatoa.com\/ro\/pierre-rene-velvet-effect-make-up-fin-spf-30-culoare-no-04-warm-nude-25-ml\/#primaryimage"},"thumbnailUrl":"https:\/\/storage.googleapis.com\/cz-shopatoa-img\/ro\/24719b33-unnamed-file.webp","datePublished":"2025-07-03T16:59:26+00:00","dateModified":"2025-12-08T17:16:08+00:00","breadcrumb":{"@id":"https:\/\/shopatoa.com\/ro\/pierre-rene-velvet-effect-make-up-fin-spf-30-culoare-no-04-warm-nude-25-ml\/#breadcrumb"},"inLanguage":"ro-RO","potentialAction":[{"@type":"ReadAction","target":["https:\/\/shopatoa.com\/ro\/pierre-rene-velvet-effect-make-up-fin-spf-30-culoare-no-04-warm-nude-25-ml\/"]}]},{"@type":"ImageObject","inLanguage":"ro-RO","@id":"https:\/\/shopatoa.com\/ro\/pierre-rene-velvet-effect-make-up-fin-spf-30-culoare-no-04-warm-nude-25-ml\/#primaryimage","url":"https:\/\/storage.googleapis.com\/cz-shopatoa-img\/ro\/24719b33-unnamed-file.webp","contentUrl":"https:\/\/storage.googleapis.com\/cz-shopatoa-img\/ro\/24719b33-unnamed-file.webp","width":800,"height":800},{"@type":"BreadcrumbList","@id":"https:\/\/shopatoa.com\/ro\/pierre-rene-velvet-effect-make-up-fin-spf-30-culoare-no-04-warm-nude-25-ml\/#breadcrumb","itemListElement":[{"@type":"ListItem","position":1,"name":"Dom\u016f","item":"https:\/\/shopatoa.com\/ro\/"},{"@type":"ListItem","position":2,"name":"Shop","item":"https:\/\/shopatoa.com\/ro\/shop\/"},{"@type":"ListItem","position":3,"name":"S\u0103n\u0103tate \u0219i frumuse\u021be","item":"https:\/\/shopatoa.com\/ro\/sanatate-si-frumusete\/"},{"@type":"ListItem","position":4,"name":"\u00cengrijire personal\u0103","item":"https:\/\/shopatoa.com\/ro\/ingrijire-personala\/"},{"@type":"ListItem","position":5,"name":"Cosmetice","item":"https:\/\/shopatoa.com\/ro\/cosmetice-ingrijire-personala\/"},{"@type":"ListItem","position":6,"name":"Machiaj","item":"https:\/\/shopatoa.com\/ro\/machiaj\/"},{"@type":"ListItem","position":7,"name":"Pierre Ren\u00e9 Velvet Effect make-up fin SPF 30 culoare no. 04 Warm Nude 25 ml"}]},{"@type":"WebSite","@id":"https:\/\/shopatoa.com\/ro\/#website","url":"https:\/\/shopatoa.com\/ro\/","name":"SHOPATOA","description":"","publisher":{"@id":"https:\/\/shopatoa.com\/ro\/#organization"},"potentialAction":[{"@type":"SearchAction","target":{"@type":"EntryPoint","urlTemplate":"https:\/\/shopatoa.com\/ro\/?s={search_term_string}"},"query-input":{"@type":"PropertyValueSpecification","valueRequired":true,"valueName":"search_term_string"}}],"inLanguage":"ro-RO"},{"@type":"Organization","@id":"https:\/\/shopatoa.com\/ro\/#organization","name":"SHOPATOA","url":"https:\/\/shopatoa.com\/ro\/","logo":{"@type":"ImageObject","inLanguage":"ro-RO","@id":"https:\/\/shopatoa.com\/ro\/#\/schema\/logo\/image\/","url":"https:\/\/storage.googleapis.com\/cz-shopatoa-img\/ro\/b4dac915-shopatoa_logo.png","contentUrl":"https:\/\/storage.googleapis.com\/cz-shopatoa-img\/ro\/b4dac915-shopatoa_logo.png","width":416,"height":63,"caption":"SHOPATOA"},"image":{"@id":"https:\/\/shopatoa.com\/ro\/#\/schema\/logo\/image\/"}}]}},"_links":{"self":[{"href":"https:\/\/shopatoa.com\/ro\/wp-json\/wp\/v2\/product\/493024","targetHints":{"allow":["GET"]}}],"collection":[{"href":"https:\/\/shopatoa.com\/ro\/wp-json\/wp\/v2\/product"}],"about":[{"href":"https:\/\/shopatoa.com\/ro\/wp-json\/wp\/v2\/types\/product"}],"replies":[{"embeddable":true,"href":"https:\/\/shopatoa.com\/ro\/wp-json\/wp\/v2\/comments?post=493024"}],"wp:featuredmedia":[{"embeddable":true,"href":"https:\/\/shopatoa.com\/ro\/wp-json\/wp\/v2\/media\/493025"}],"wp:attachment":[{"href":"https:\/\/shopatoa.com\/ro\/wp-json\/wp\/v2\/media?parent=493024"}],"wp:term":[{"taxonomy":"product_brand","embeddable":true,"href":"https:\/\/shopatoa.com\/ro\/wp-json\/wp\/v2\/product_brand?post=493024"},{"taxonomy":"product_cat","embeddable":true,"href":"https:\/\/shopatoa.com\/ro\/wp-json\/wp\/v2\/product_cat?post=493024"},{"taxonomy":"product_tag","embeddable":true,"href":"https:\/\/shopatoa.com\/ro\/wp-json\/wp\/v2\/product_tag?post=493024"}],"curies":[{"name":"wp","href":"https:\/\/api.w.org\/{rel}","templated":true}]}}