{"id":493608,"date":"2025-07-03T20:24:01","date_gmt":"2025-07-03T18:24:01","guid":{"rendered":"https:\/\/shopatoa.com\/ro\/venira-rosemary-water-ingrijire-leave-in-pe-fata-corp-si-par-200-ml\/"},"modified":"2025-12-08T14:46:43","modified_gmt":"2025-12-08T13:46:43","slug":"venira-rosemary-water-ingrijire-leave-in-pe-fata-corp-si-par-200-ml","status":"publish","type":"product","link":"https:\/\/shopatoa.com\/ro\/venira-rosemary-water-ingrijire-leave-in-pe-fata-corp-si-par-200-ml\/","title":{"rendered":"Venira Rosemary water ingrijire leave-in pe fata , corp si par 200 ml"},"content":{"rendered":"<p>Venira Rosemary water, 200 ml, Ap\u0103 de fa\u021b\u0103 unisex, Lo\u021biunea facial\u0103 Venira Rosemary water este un pas indispensabil \u00een demachierea tenului. Elibereaz\u0103 tenul de impurit\u0103\u021bile r\u0103mase \u0219i are efect tonifiant.  Caracteristici:  reface aspectul tineresc al tenului hr\u0103ne\u0219te \u0219i hidrateaz\u0103 pielea \u00een profunzime protejeaz\u0103 tenul \u00eempotriva influen\u021belor nocive externe m\u0103re\u0219te densitatea \u0219i rezisten\u021ba p\u0103rului previne despicarea v\u00e2rfurilor  Ingrediente:  produs vegan testat dermatologic  Cum se utilizeaz\u0103: Pulveriza\u021bi pe fa\u021b\u0103 o cantitate potrivit\u0103 de produs. Poate fi utilizat \u00een orice moment al zilei. Pulveriza\u021bi la r\u0103d\u0103cina fiec\u0103rei \u0219uvi\u021be. Pulveriza\u021bi o cantitate generoas\u0103 \u00een p\u0103rul umed. Se utilizeaz\u0103 \u00een mod regulat. Nu cl\u0103ti\u021bi.<\/p>\n","protected":false},"excerpt":{"rendered":"<p>Venira Rosemary water, 200 ml, Ap\u0103 de fa\u021b\u0103 unisex, Lo\u021biunea facial\u0103 Venira Rosemary water este un pas indispensabil \u00een demachierea tenului. Elibereaz\u0103 tenul de impurit\u0103\u021bile r\u0103mase \u0219i are efect tonifiant. Caracteristici: reface aspectul tineresc al tenului hr\u0103ne\u0219te \u0219i hidrateaz\u0103 pielea \u00een profunzime protejeaz\u0103 tenul \u00eempotriva influen\u021belor nocive externe m\u0103re\u0219te densitatea \u0219i rezisten\u021ba p\u0103rului previne despicarea&#8230;<\/p>\n","protected":false},"featured_media":493609,"comment_status":"closed","ping_status":"open","template":"","meta":{"_acf_changed":false,"_kadence_starter_templates_imported_post":false,"_kad_post_transparent":"","_kad_post_title":"","_kad_post_layout":"","_kad_post_sidebar_id":"","_kad_post_content_style":"","_kad_post_vertical_padding":"","_kad_post_feature":"","_kad_post_feature_position":"","_kad_post_header":false,"_kad_post_footer":false,"_kad_post_classname":""},"product_brand":[2474],"product_cat":[1564,1563,1565,1562],"product_tag":[],"class_list":{"0":"post-493608","1":"product","2":"type-product","3":"status-publish","4":"has-post-thumbnail","6":"product_brand-venira","7":"product_cat-cosmetice-ingrijire-personala","8":"product_cat-ingrijire-personala","9":"product_cat-ingrijirea-pielii","10":"product_cat-sanatate-si-frumusete","11":"pa_gen-unisex","12":"pa_marime-200-ml","14":"first","15":"instock","16":"sale","17":"product-type-external","18":"entry","19":"content-bg","20":"loop-entry"},"acf":[],"yoast_head":"<!-- This site is optimized with the Yoast SEO plugin v27.4 - https:\/\/yoast.com\/product\/yoast-seo-wordpress\/ -->\n<title>Venira Rosemary water ingrijire leave-in pe fata , corp si par 200 ml - SHOPATOA.COM<\/title>\n<meta name=\"robots\" content=\"index, follow, max-snippet:-1, max-image-preview:large, max-video-preview:-1\" \/>\n<link rel=\"canonical\" href=\"https:\/\/shopatoa.com\/ro\/venira-rosemary-water-ingrijire-leave-in-pe-fata-corp-si-par-200-ml\/\" \/>\n<meta property=\"og:locale\" content=\"ro_RO\" \/>\n<meta property=\"og:type\" content=\"article\" \/>\n<meta property=\"og:title\" content=\"Venira Rosemary water ingrijire leave-in pe fata , corp si par 200 ml - SHOPATOA.COM\" \/>\n<meta property=\"og:description\" content=\"Venira Rosemary water, 200 ml, Ap\u0103 de fa\u021b\u0103 unisex, Lo\u021biunea facial\u0103 Venira Rosemary water este un pas indispensabil \u00een demachierea tenului. Elibereaz\u0103 tenul de impurit\u0103\u021bile r\u0103mase \u0219i are efect tonifiant. Caracteristici: reface aspectul tineresc al tenului hr\u0103ne\u0219te \u0219i hidrateaz\u0103 pielea \u00een profunzime protejeaz\u0103 tenul \u00eempotriva influen\u021belor nocive externe m\u0103re\u0219te densitatea \u0219i rezisten\u021ba p\u0103rului previne despicarea...\" \/>\n<meta property=\"og:url\" content=\"https:\/\/shopatoa.com\/ro\/venira-rosemary-water-ingrijire-leave-in-pe-fata-corp-si-par-200-ml\/\" \/>\n<meta property=\"og:site_name\" content=\"SHOPATOA\" \/>\n<meta property=\"article:modified_time\" content=\"2025-12-08T13:46:43+00:00\" \/>\n<meta property=\"og:image\" content=\"https:\/\/storage.googleapis.com\/cz-shopatoa-img\/ro\/d8d73bf0-unnamed-file.webp\" \/>\n\t<meta property=\"og:image:width\" content=\"800\" \/>\n\t<meta property=\"og:image:height\" content=\"800\" \/>\n\t<meta property=\"og:image:type\" content=\"image\/webp\" \/>\n<meta name=\"twitter:card\" content=\"summary_large_image\" \/>\n<meta name=\"twitter:label1\" content=\"Timp estimat pentru citire\" \/>\n\t<meta name=\"twitter:data1\" content=\"1 minut\" \/>\n<script type=\"application\/ld+json\" class=\"yoast-schema-graph\">{\"@context\":\"https:\\\/\\\/schema.org\",\"@graph\":[{\"@type\":\"WebPage\",\"@id\":\"https:\\\/\\\/shopatoa.com\\\/ro\\\/venira-rosemary-water-ingrijire-leave-in-pe-fata-corp-si-par-200-ml\\\/\",\"url\":\"https:\\\/\\\/shopatoa.com\\\/ro\\\/venira-rosemary-water-ingrijire-leave-in-pe-fata-corp-si-par-200-ml\\\/\",\"name\":\"Venira Rosemary water ingrijire leave-in pe fata , corp si par 200 ml - SHOPATOA.COM\",\"isPartOf\":{\"@id\":\"https:\\\/\\\/shopatoa.com\\\/ro\\\/#website\"},\"primaryImageOfPage\":{\"@id\":\"https:\\\/\\\/shopatoa.com\\\/ro\\\/venira-rosemary-water-ingrijire-leave-in-pe-fata-corp-si-par-200-ml\\\/#primaryimage\"},\"image\":{\"@id\":\"https:\\\/\\\/shopatoa.com\\\/ro\\\/venira-rosemary-water-ingrijire-leave-in-pe-fata-corp-si-par-200-ml\\\/#primaryimage\"},\"thumbnailUrl\":\"https:\\\/\\\/storage.googleapis.com\\\/cz-shopatoa-img\\\/ro\\\/d8d73bf0-unnamed-file.webp\",\"datePublished\":\"2025-07-03T18:24:01+00:00\",\"dateModified\":\"2025-12-08T13:46:43+00:00\",\"breadcrumb\":{\"@id\":\"https:\\\/\\\/shopatoa.com\\\/ro\\\/venira-rosemary-water-ingrijire-leave-in-pe-fata-corp-si-par-200-ml\\\/#breadcrumb\"},\"inLanguage\":\"ro-RO\",\"potentialAction\":[{\"@type\":\"ReadAction\",\"target\":[\"https:\\\/\\\/shopatoa.com\\\/ro\\\/venira-rosemary-water-ingrijire-leave-in-pe-fata-corp-si-par-200-ml\\\/\"]}]},{\"@type\":\"ImageObject\",\"inLanguage\":\"ro-RO\",\"@id\":\"https:\\\/\\\/shopatoa.com\\\/ro\\\/venira-rosemary-water-ingrijire-leave-in-pe-fata-corp-si-par-200-ml\\\/#primaryimage\",\"url\":\"https:\\\/\\\/storage.googleapis.com\\\/cz-shopatoa-img\\\/ro\\\/d8d73bf0-unnamed-file.webp\",\"contentUrl\":\"https:\\\/\\\/storage.googleapis.com\\\/cz-shopatoa-img\\\/ro\\\/d8d73bf0-unnamed-file.webp\",\"width\":800,\"height\":800},{\"@type\":\"BreadcrumbList\",\"@id\":\"https:\\\/\\\/shopatoa.com\\\/ro\\\/venira-rosemary-water-ingrijire-leave-in-pe-fata-corp-si-par-200-ml\\\/#breadcrumb\",\"itemListElement\":[{\"@type\":\"ListItem\",\"position\":1,\"name\":\"Dom\u016f\",\"item\":\"https:\\\/\\\/shopatoa.com\\\/ro\\\/\"},{\"@type\":\"ListItem\",\"position\":2,\"name\":\"Shop\",\"item\":\"https:\\\/\\\/shopatoa.com\\\/ro\\\/shop\\\/\"},{\"@type\":\"ListItem\",\"position\":3,\"name\":\"S\u0103n\u0103tate \u0219i frumuse\u021be\",\"item\":\"https:\\\/\\\/shopatoa.com\\\/ro\\\/sanatate-si-frumusete\\\/\"},{\"@type\":\"ListItem\",\"position\":4,\"name\":\"\u00cengrijire personal\u0103\",\"item\":\"https:\\\/\\\/shopatoa.com\\\/ro\\\/ingrijire-personala\\\/\"},{\"@type\":\"ListItem\",\"position\":5,\"name\":\"Cosmetice\",\"item\":\"https:\\\/\\\/shopatoa.com\\\/ro\\\/cosmetice-ingrijire-personala\\\/\"},{\"@type\":\"ListItem\",\"position\":6,\"name\":\"\u00cengrijirea pielii\",\"item\":\"https:\\\/\\\/shopatoa.com\\\/ro\\\/ingrijirea-pielii\\\/\"},{\"@type\":\"ListItem\",\"position\":7,\"name\":\"Venira Rosemary water ingrijire leave-in pe fata , corp si par 200 ml\"}]},{\"@type\":\"WebSite\",\"@id\":\"https:\\\/\\\/shopatoa.com\\\/ro\\\/#website\",\"url\":\"https:\\\/\\\/shopatoa.com\\\/ro\\\/\",\"name\":\"SHOPATOA\",\"description\":\"\",\"publisher\":{\"@id\":\"https:\\\/\\\/shopatoa.com\\\/ro\\\/#organization\"},\"potentialAction\":[{\"@type\":\"SearchAction\",\"target\":{\"@type\":\"EntryPoint\",\"urlTemplate\":\"https:\\\/\\\/shopatoa.com\\\/ro\\\/?s={search_term_string}\"},\"query-input\":{\"@type\":\"PropertyValueSpecification\",\"valueRequired\":true,\"valueName\":\"search_term_string\"}}],\"inLanguage\":\"ro-RO\"},{\"@type\":\"Organization\",\"@id\":\"https:\\\/\\\/shopatoa.com\\\/ro\\\/#organization\",\"name\":\"SHOPATOA\",\"url\":\"https:\\\/\\\/shopatoa.com\\\/ro\\\/\",\"logo\":{\"@type\":\"ImageObject\",\"inLanguage\":\"ro-RO\",\"@id\":\"https:\\\/\\\/shopatoa.com\\\/ro\\\/#\\\/schema\\\/logo\\\/image\\\/\",\"url\":\"https:\\\/\\\/storage.googleapis.com\\\/cz-shopatoa-img\\\/ro\\\/b4dac915-shopatoa_logo.png\",\"contentUrl\":\"https:\\\/\\\/storage.googleapis.com\\\/cz-shopatoa-img\\\/ro\\\/b4dac915-shopatoa_logo.png\",\"width\":416,\"height\":63,\"caption\":\"SHOPATOA\"},\"image\":{\"@id\":\"https:\\\/\\\/shopatoa.com\\\/ro\\\/#\\\/schema\\\/logo\\\/image\\\/\"}}]}<\/script>\n<!-- \/ Yoast SEO plugin. -->","yoast_head_json":{"title":"Venira Rosemary water ingrijire leave-in pe fata , corp si par 200 ml - SHOPATOA.COM","robots":{"index":"index","follow":"follow","max-snippet":"max-snippet:-1","max-image-preview":"max-image-preview:large","max-video-preview":"max-video-preview:-1"},"canonical":"https:\/\/shopatoa.com\/ro\/venira-rosemary-water-ingrijire-leave-in-pe-fata-corp-si-par-200-ml\/","og_locale":"ro_RO","og_type":"article","og_title":"Venira Rosemary water ingrijire leave-in pe fata , corp si par 200 ml - SHOPATOA.COM","og_description":"Venira Rosemary water, 200 ml, Ap\u0103 de fa\u021b\u0103 unisex, Lo\u021biunea facial\u0103 Venira Rosemary water este un pas indispensabil \u00een demachierea tenului. Elibereaz\u0103 tenul de impurit\u0103\u021bile r\u0103mase \u0219i are efect tonifiant. Caracteristici: reface aspectul tineresc al tenului hr\u0103ne\u0219te \u0219i hidrateaz\u0103 pielea \u00een profunzime protejeaz\u0103 tenul \u00eempotriva influen\u021belor nocive externe m\u0103re\u0219te densitatea \u0219i rezisten\u021ba p\u0103rului previne despicarea...","og_url":"https:\/\/shopatoa.com\/ro\/venira-rosemary-water-ingrijire-leave-in-pe-fata-corp-si-par-200-ml\/","og_site_name":"SHOPATOA","article_modified_time":"2025-12-08T13:46:43+00:00","og_image":[{"width":800,"height":800,"url":"https:\/\/storage.googleapis.com\/cz-shopatoa-img\/ro\/d8d73bf0-unnamed-file.webp","type":"image\/webp"}],"twitter_card":"summary_large_image","twitter_misc":{"Timp estimat pentru citire":"1 minut"},"schema":{"@context":"https:\/\/schema.org","@graph":[{"@type":"WebPage","@id":"https:\/\/shopatoa.com\/ro\/venira-rosemary-water-ingrijire-leave-in-pe-fata-corp-si-par-200-ml\/","url":"https:\/\/shopatoa.com\/ro\/venira-rosemary-water-ingrijire-leave-in-pe-fata-corp-si-par-200-ml\/","name":"Venira Rosemary water ingrijire leave-in pe fata , corp si par 200 ml - SHOPATOA.COM","isPartOf":{"@id":"https:\/\/shopatoa.com\/ro\/#website"},"primaryImageOfPage":{"@id":"https:\/\/shopatoa.com\/ro\/venira-rosemary-water-ingrijire-leave-in-pe-fata-corp-si-par-200-ml\/#primaryimage"},"image":{"@id":"https:\/\/shopatoa.com\/ro\/venira-rosemary-water-ingrijire-leave-in-pe-fata-corp-si-par-200-ml\/#primaryimage"},"thumbnailUrl":"https:\/\/storage.googleapis.com\/cz-shopatoa-img\/ro\/d8d73bf0-unnamed-file.webp","datePublished":"2025-07-03T18:24:01+00:00","dateModified":"2025-12-08T13:46:43+00:00","breadcrumb":{"@id":"https:\/\/shopatoa.com\/ro\/venira-rosemary-water-ingrijire-leave-in-pe-fata-corp-si-par-200-ml\/#breadcrumb"},"inLanguage":"ro-RO","potentialAction":[{"@type":"ReadAction","target":["https:\/\/shopatoa.com\/ro\/venira-rosemary-water-ingrijire-leave-in-pe-fata-corp-si-par-200-ml\/"]}]},{"@type":"ImageObject","inLanguage":"ro-RO","@id":"https:\/\/shopatoa.com\/ro\/venira-rosemary-water-ingrijire-leave-in-pe-fata-corp-si-par-200-ml\/#primaryimage","url":"https:\/\/storage.googleapis.com\/cz-shopatoa-img\/ro\/d8d73bf0-unnamed-file.webp","contentUrl":"https:\/\/storage.googleapis.com\/cz-shopatoa-img\/ro\/d8d73bf0-unnamed-file.webp","width":800,"height":800},{"@type":"BreadcrumbList","@id":"https:\/\/shopatoa.com\/ro\/venira-rosemary-water-ingrijire-leave-in-pe-fata-corp-si-par-200-ml\/#breadcrumb","itemListElement":[{"@type":"ListItem","position":1,"name":"Dom\u016f","item":"https:\/\/shopatoa.com\/ro\/"},{"@type":"ListItem","position":2,"name":"Shop","item":"https:\/\/shopatoa.com\/ro\/shop\/"},{"@type":"ListItem","position":3,"name":"S\u0103n\u0103tate \u0219i frumuse\u021be","item":"https:\/\/shopatoa.com\/ro\/sanatate-si-frumusete\/"},{"@type":"ListItem","position":4,"name":"\u00cengrijire personal\u0103","item":"https:\/\/shopatoa.com\/ro\/ingrijire-personala\/"},{"@type":"ListItem","position":5,"name":"Cosmetice","item":"https:\/\/shopatoa.com\/ro\/cosmetice-ingrijire-personala\/"},{"@type":"ListItem","position":6,"name":"\u00cengrijirea pielii","item":"https:\/\/shopatoa.com\/ro\/ingrijirea-pielii\/"},{"@type":"ListItem","position":7,"name":"Venira Rosemary water ingrijire leave-in pe fata , corp si par 200 ml"}]},{"@type":"WebSite","@id":"https:\/\/shopatoa.com\/ro\/#website","url":"https:\/\/shopatoa.com\/ro\/","name":"SHOPATOA","description":"","publisher":{"@id":"https:\/\/shopatoa.com\/ro\/#organization"},"potentialAction":[{"@type":"SearchAction","target":{"@type":"EntryPoint","urlTemplate":"https:\/\/shopatoa.com\/ro\/?s={search_term_string}"},"query-input":{"@type":"PropertyValueSpecification","valueRequired":true,"valueName":"search_term_string"}}],"inLanguage":"ro-RO"},{"@type":"Organization","@id":"https:\/\/shopatoa.com\/ro\/#organization","name":"SHOPATOA","url":"https:\/\/shopatoa.com\/ro\/","logo":{"@type":"ImageObject","inLanguage":"ro-RO","@id":"https:\/\/shopatoa.com\/ro\/#\/schema\/logo\/image\/","url":"https:\/\/storage.googleapis.com\/cz-shopatoa-img\/ro\/b4dac915-shopatoa_logo.png","contentUrl":"https:\/\/storage.googleapis.com\/cz-shopatoa-img\/ro\/b4dac915-shopatoa_logo.png","width":416,"height":63,"caption":"SHOPATOA"},"image":{"@id":"https:\/\/shopatoa.com\/ro\/#\/schema\/logo\/image\/"}}]}},"_links":{"self":[{"href":"https:\/\/shopatoa.com\/ro\/wp-json\/wp\/v2\/product\/493608","targetHints":{"allow":["GET"]}}],"collection":[{"href":"https:\/\/shopatoa.com\/ro\/wp-json\/wp\/v2\/product"}],"about":[{"href":"https:\/\/shopatoa.com\/ro\/wp-json\/wp\/v2\/types\/product"}],"replies":[{"embeddable":true,"href":"https:\/\/shopatoa.com\/ro\/wp-json\/wp\/v2\/comments?post=493608"}],"wp:featuredmedia":[{"embeddable":true,"href":"https:\/\/shopatoa.com\/ro\/wp-json\/wp\/v2\/media\/493609"}],"wp:attachment":[{"href":"https:\/\/shopatoa.com\/ro\/wp-json\/wp\/v2\/media?parent=493608"}],"wp:term":[{"taxonomy":"product_brand","embeddable":true,"href":"https:\/\/shopatoa.com\/ro\/wp-json\/wp\/v2\/product_brand?post=493608"},{"taxonomy":"product_cat","embeddable":true,"href":"https:\/\/shopatoa.com\/ro\/wp-json\/wp\/v2\/product_cat?post=493608"},{"taxonomy":"product_tag","embeddable":true,"href":"https:\/\/shopatoa.com\/ro\/wp-json\/wp\/v2\/product_tag?post=493608"}],"curies":[{"name":"wp","href":"https:\/\/api.w.org\/{rel}","templated":true}]}}