{"id":493917,"date":"2025-07-03T21:04:12","date_gmt":"2025-07-03T19:04:12","guid":{"rendered":"https:\/\/shopatoa.com\/ro\/moroccanoil-body-spa-du-maroc-gel-de-dus-hranitor-250-ml\/"},"modified":"2025-12-08T12:34:32","modified_gmt":"2025-12-08T11:34:32","slug":"moroccanoil-body-spa-du-maroc-gel-de-dus-hranitor-250-ml","status":"publish","type":"product","link":"https:\/\/shopatoa.com\/ro\/moroccanoil-body-spa-du-maroc-gel-de-dus-hranitor-250-ml\/","title":{"rendered":"Moroccanoil Body Spa du Maroc gel de dus hranitor 250 ml"},"content":{"rendered":"<p>Moroccanoil Body Spa du Maroc, 250 ml, Ulei de dus pentru femei, Dori\u021bi s\u0103 transforma\u021bi du\u0219ul obi\u0219nuit \u00eentr-o experien\u021b\u0103 unic\u0103, impregnat\u0103 cu un parfum pl\u0103cut? V\u0103 va ajuta gelul de du\u0219 Moroccanoil Body Spa du Maroc. \u00cen timp ce sim\u021burile v\u0103 vor fi r\u0103sf\u0103\u021bate de parfumul s\u0103u irezistibil, textura sa spumoas\u0103 \u00eendep\u0103rteaz\u0103 eficient toate impurit\u0103\u021bile de pe piele, f\u0103r\u0103 s\u0103 o usuce. Ve\u021bi ie\u0219i din du\u0219 sau din baie cu o piele perfect curat\u0103, dar totodat\u0103 catifelat\u0103 \u0219i frumos parfumat\u0103. Astfel, acest gel de du\u0219 va deveni o parte esen\u021bial\u0103 a igienei dvs. zilnice, transform\u00e2nd-o \u00eentr-un ritual pl\u0103cut pe care \u00eel ve\u021bi a\u0219tepta cu ner\u0103bdare.  Caracteristici:  spal\u0103 pielea \u0219i \u00eendep\u0103rteaz\u0103 impurit\u0103\u021bile las\u0103 pielea catifelat\u0103, moale \u0219i neted\u0103 creeaz\u0103 o spum\u0103 abundent\u0103 la sp\u0103lare  Cum se utilizeaz\u0103: Se aplic\u0103 \u00een timpul du\u0219ului sau al b\u0103ii. Se aplic\u0103 pe \u00eentregul corp \u0219i se cl\u0103te\u0219te cu ap\u0103 cald\u0103.<\/p>\n","protected":false},"excerpt":{"rendered":"<p>Moroccanoil Body Spa du Maroc, 250 ml, Ulei de dus pentru femei, Dori\u021bi s\u0103 transforma\u021bi du\u0219ul obi\u0219nuit \u00eentr-o experien\u021b\u0103 unic\u0103, impregnat\u0103 cu un parfum pl\u0103cut? V\u0103 va ajuta gelul de du\u0219 Moroccanoil Body Spa du Maroc. \u00cen timp ce sim\u021burile v\u0103 vor fi r\u0103sf\u0103\u021bate de parfumul s\u0103u irezistibil, textura sa spumoas\u0103 \u00eendep\u0103rteaz\u0103 eficient toate impurit\u0103\u021bile&#8230;<\/p>\n","protected":false},"featured_media":493918,"comment_status":"closed","ping_status":"open","template":"","meta":{"_acf_changed":false,"_kadence_starter_templates_imported_post":false,"_kad_post_transparent":"","_kad_post_title":"","_kad_post_layout":"","_kad_post_sidebar_id":"","_kad_post_content_style":"","_kad_post_vertical_padding":"","_kad_post_feature":"","_kad_post_feature_position":"","_kad_post_header":false,"_kad_post_footer":false,"_kad_post_classname":""},"product_brand":[551],"product_cat":[4227,4226,4228,4225,4224],"product_tag":[],"class_list":{"0":"post-493917","1":"product","2":"type-product","3":"status-publish","4":"has-post-thumbnail","6":"product_brand-moroccanoil","7":"product_cat-baie-si-corp-cosmetice-ingrijire-personala-sanatate-si-ingrijire-personala","8":"product_cat-cosmetice-ingrijire-personala-sanatate-si-ingrijire-personala","9":"product_cat-gel-de-dus-baie-si-corp-cosmetice-ingrijire-personala-sanatate-si-ingrijire-personala","10":"product_cat-ingrijire-personala-sanatate-si-ingrijire-personala","11":"product_cat-sanatate-si-ingrijire-personala","12":"pa_gen-female","13":"pa_marime-250-ml","15":"first","16":"instock","17":"product-type-external","18":"entry","19":"content-bg","20":"loop-entry"},"acf":[],"yoast_head":"<!-- This site is optimized with the Yoast SEO plugin v27.4 - https:\/\/yoast.com\/product\/yoast-seo-wordpress\/ -->\n<title>Moroccanoil Body Spa du Maroc gel de dus hranitor 250 ml - SHOPATOA.COM<\/title>\n<meta name=\"robots\" content=\"index, follow, max-snippet:-1, max-image-preview:large, max-video-preview:-1\" \/>\n<link rel=\"canonical\" href=\"https:\/\/shopatoa.com\/ro\/moroccanoil-body-spa-du-maroc-gel-de-dus-hranitor-250-ml\/\" \/>\n<meta property=\"og:locale\" content=\"ro_RO\" \/>\n<meta property=\"og:type\" content=\"article\" \/>\n<meta property=\"og:title\" content=\"Moroccanoil Body Spa du Maroc gel de dus hranitor 250 ml - SHOPATOA.COM\" \/>\n<meta property=\"og:description\" content=\"Moroccanoil Body Spa du Maroc, 250 ml, Ulei de dus pentru femei, Dori\u021bi s\u0103 transforma\u021bi du\u0219ul obi\u0219nuit \u00eentr-o experien\u021b\u0103 unic\u0103, impregnat\u0103 cu un parfum pl\u0103cut? V\u0103 va ajuta gelul de du\u0219 Moroccanoil Body Spa du Maroc. \u00cen timp ce sim\u021burile v\u0103 vor fi r\u0103sf\u0103\u021bate de parfumul s\u0103u irezistibil, textura sa spumoas\u0103 \u00eendep\u0103rteaz\u0103 eficient toate impurit\u0103\u021bile...\" \/>\n<meta property=\"og:url\" content=\"https:\/\/shopatoa.com\/ro\/moroccanoil-body-spa-du-maroc-gel-de-dus-hranitor-250-ml\/\" \/>\n<meta property=\"og:site_name\" content=\"SHOPATOA\" \/>\n<meta property=\"article:modified_time\" content=\"2025-12-08T11:34:32+00:00\" \/>\n<meta property=\"og:image\" content=\"https:\/\/storage.googleapis.com\/cz-shopatoa-img\/ro\/8163881c-unnamed-file.webp\" \/>\n\t<meta property=\"og:image:width\" content=\"800\" \/>\n\t<meta property=\"og:image:height\" content=\"800\" \/>\n\t<meta property=\"og:image:type\" content=\"image\/webp\" \/>\n<meta name=\"twitter:card\" content=\"summary_large_image\" \/>\n<meta name=\"twitter:label1\" content=\"Timp estimat pentru citire\" \/>\n\t<meta name=\"twitter:data1\" content=\"1 minut\" \/>\n<script type=\"application\/ld+json\" class=\"yoast-schema-graph\">{\"@context\":\"https:\\\/\\\/schema.org\",\"@graph\":[{\"@type\":\"WebPage\",\"@id\":\"https:\\\/\\\/shopatoa.com\\\/ro\\\/moroccanoil-body-spa-du-maroc-gel-de-dus-hranitor-250-ml\\\/\",\"url\":\"https:\\\/\\\/shopatoa.com\\\/ro\\\/moroccanoil-body-spa-du-maroc-gel-de-dus-hranitor-250-ml\\\/\",\"name\":\"Moroccanoil Body Spa du Maroc gel de dus hranitor 250 ml - SHOPATOA.COM\",\"isPartOf\":{\"@id\":\"https:\\\/\\\/shopatoa.com\\\/ro\\\/#website\"},\"primaryImageOfPage\":{\"@id\":\"https:\\\/\\\/shopatoa.com\\\/ro\\\/moroccanoil-body-spa-du-maroc-gel-de-dus-hranitor-250-ml\\\/#primaryimage\"},\"image\":{\"@id\":\"https:\\\/\\\/shopatoa.com\\\/ro\\\/moroccanoil-body-spa-du-maroc-gel-de-dus-hranitor-250-ml\\\/#primaryimage\"},\"thumbnailUrl\":\"https:\\\/\\\/storage.googleapis.com\\\/cz-shopatoa-img\\\/ro\\\/8163881c-unnamed-file.webp\",\"datePublished\":\"2025-07-03T19:04:12+00:00\",\"dateModified\":\"2025-12-08T11:34:32+00:00\",\"breadcrumb\":{\"@id\":\"https:\\\/\\\/shopatoa.com\\\/ro\\\/moroccanoil-body-spa-du-maroc-gel-de-dus-hranitor-250-ml\\\/#breadcrumb\"},\"inLanguage\":\"ro-RO\",\"potentialAction\":[{\"@type\":\"ReadAction\",\"target\":[\"https:\\\/\\\/shopatoa.com\\\/ro\\\/moroccanoil-body-spa-du-maroc-gel-de-dus-hranitor-250-ml\\\/\"]}]},{\"@type\":\"ImageObject\",\"inLanguage\":\"ro-RO\",\"@id\":\"https:\\\/\\\/shopatoa.com\\\/ro\\\/moroccanoil-body-spa-du-maroc-gel-de-dus-hranitor-250-ml\\\/#primaryimage\",\"url\":\"https:\\\/\\\/storage.googleapis.com\\\/cz-shopatoa-img\\\/ro\\\/8163881c-unnamed-file.webp\",\"contentUrl\":\"https:\\\/\\\/storage.googleapis.com\\\/cz-shopatoa-img\\\/ro\\\/8163881c-unnamed-file.webp\",\"width\":800,\"height\":800},{\"@type\":\"BreadcrumbList\",\"@id\":\"https:\\\/\\\/shopatoa.com\\\/ro\\\/moroccanoil-body-spa-du-maroc-gel-de-dus-hranitor-250-ml\\\/#breadcrumb\",\"itemListElement\":[{\"@type\":\"ListItem\",\"position\":1,\"name\":\"Dom\u016f\",\"item\":\"https:\\\/\\\/shopatoa.com\\\/ro\\\/\"},{\"@type\":\"ListItem\",\"position\":2,\"name\":\"Shop\",\"item\":\"https:\\\/\\\/shopatoa.com\\\/ro\\\/shop\\\/\"},{\"@type\":\"ListItem\",\"position\":3,\"name\":\"S\u0103n\u0103tate \u0219i \u00cengrijire personal\u0103\",\"item\":\"https:\\\/\\\/shopatoa.com\\\/ro\\\/sanatate-si-ingrijire-personala\\\/\"},{\"@type\":\"ListItem\",\"position\":4,\"name\":\"\u00cengrijire personal\u0103\",\"item\":\"https:\\\/\\\/shopatoa.com\\\/ro\\\/ingrijire-personala-sanatate-si-ingrijire-personala\\\/\"},{\"@type\":\"ListItem\",\"position\":5,\"name\":\"Cosmetice\",\"item\":\"https:\\\/\\\/shopatoa.com\\\/ro\\\/cosmetice-ingrijire-personala-sanatate-si-ingrijire-personala\\\/\"},{\"@type\":\"ListItem\",\"position\":6,\"name\":\"Baie \u0219i Corp\",\"item\":\"https:\\\/\\\/shopatoa.com\\\/ro\\\/baie-si-corp-cosmetice-ingrijire-personala-sanatate-si-ingrijire-personala\\\/\"},{\"@type\":\"ListItem\",\"position\":7,\"name\":\"Gel de du\u0219\",\"item\":\"https:\\\/\\\/shopatoa.com\\\/ro\\\/gel-de-dus-baie-si-corp-cosmetice-ingrijire-personala-sanatate-si-ingrijire-personala\\\/\"},{\"@type\":\"ListItem\",\"position\":8,\"name\":\"Moroccanoil Body Spa du Maroc gel de dus hranitor 250 ml\"}]},{\"@type\":\"WebSite\",\"@id\":\"https:\\\/\\\/shopatoa.com\\\/ro\\\/#website\",\"url\":\"https:\\\/\\\/shopatoa.com\\\/ro\\\/\",\"name\":\"SHOPATOA\",\"description\":\"\",\"publisher\":{\"@id\":\"https:\\\/\\\/shopatoa.com\\\/ro\\\/#organization\"},\"potentialAction\":[{\"@type\":\"SearchAction\",\"target\":{\"@type\":\"EntryPoint\",\"urlTemplate\":\"https:\\\/\\\/shopatoa.com\\\/ro\\\/?s={search_term_string}\"},\"query-input\":{\"@type\":\"PropertyValueSpecification\",\"valueRequired\":true,\"valueName\":\"search_term_string\"}}],\"inLanguage\":\"ro-RO\"},{\"@type\":\"Organization\",\"@id\":\"https:\\\/\\\/shopatoa.com\\\/ro\\\/#organization\",\"name\":\"SHOPATOA\",\"url\":\"https:\\\/\\\/shopatoa.com\\\/ro\\\/\",\"logo\":{\"@type\":\"ImageObject\",\"inLanguage\":\"ro-RO\",\"@id\":\"https:\\\/\\\/shopatoa.com\\\/ro\\\/#\\\/schema\\\/logo\\\/image\\\/\",\"url\":\"https:\\\/\\\/storage.googleapis.com\\\/cz-shopatoa-img\\\/ro\\\/b4dac915-shopatoa_logo.png\",\"contentUrl\":\"https:\\\/\\\/storage.googleapis.com\\\/cz-shopatoa-img\\\/ro\\\/b4dac915-shopatoa_logo.png\",\"width\":416,\"height\":63,\"caption\":\"SHOPATOA\"},\"image\":{\"@id\":\"https:\\\/\\\/shopatoa.com\\\/ro\\\/#\\\/schema\\\/logo\\\/image\\\/\"}}]}<\/script>\n<!-- \/ Yoast SEO plugin. -->","yoast_head_json":{"title":"Moroccanoil Body Spa du Maroc gel de dus hranitor 250 ml - SHOPATOA.COM","robots":{"index":"index","follow":"follow","max-snippet":"max-snippet:-1","max-image-preview":"max-image-preview:large","max-video-preview":"max-video-preview:-1"},"canonical":"https:\/\/shopatoa.com\/ro\/moroccanoil-body-spa-du-maroc-gel-de-dus-hranitor-250-ml\/","og_locale":"ro_RO","og_type":"article","og_title":"Moroccanoil Body Spa du Maroc gel de dus hranitor 250 ml - SHOPATOA.COM","og_description":"Moroccanoil Body Spa du Maroc, 250 ml, Ulei de dus pentru femei, Dori\u021bi s\u0103 transforma\u021bi du\u0219ul obi\u0219nuit \u00eentr-o experien\u021b\u0103 unic\u0103, impregnat\u0103 cu un parfum pl\u0103cut? V\u0103 va ajuta gelul de du\u0219 Moroccanoil Body Spa du Maroc. \u00cen timp ce sim\u021burile v\u0103 vor fi r\u0103sf\u0103\u021bate de parfumul s\u0103u irezistibil, textura sa spumoas\u0103 \u00eendep\u0103rteaz\u0103 eficient toate impurit\u0103\u021bile...","og_url":"https:\/\/shopatoa.com\/ro\/moroccanoil-body-spa-du-maroc-gel-de-dus-hranitor-250-ml\/","og_site_name":"SHOPATOA","article_modified_time":"2025-12-08T11:34:32+00:00","og_image":[{"width":800,"height":800,"url":"https:\/\/storage.googleapis.com\/cz-shopatoa-img\/ro\/8163881c-unnamed-file.webp","type":"image\/webp"}],"twitter_card":"summary_large_image","twitter_misc":{"Timp estimat pentru citire":"1 minut"},"schema":{"@context":"https:\/\/schema.org","@graph":[{"@type":"WebPage","@id":"https:\/\/shopatoa.com\/ro\/moroccanoil-body-spa-du-maroc-gel-de-dus-hranitor-250-ml\/","url":"https:\/\/shopatoa.com\/ro\/moroccanoil-body-spa-du-maroc-gel-de-dus-hranitor-250-ml\/","name":"Moroccanoil Body Spa du Maroc gel de dus hranitor 250 ml - SHOPATOA.COM","isPartOf":{"@id":"https:\/\/shopatoa.com\/ro\/#website"},"primaryImageOfPage":{"@id":"https:\/\/shopatoa.com\/ro\/moroccanoil-body-spa-du-maroc-gel-de-dus-hranitor-250-ml\/#primaryimage"},"image":{"@id":"https:\/\/shopatoa.com\/ro\/moroccanoil-body-spa-du-maroc-gel-de-dus-hranitor-250-ml\/#primaryimage"},"thumbnailUrl":"https:\/\/storage.googleapis.com\/cz-shopatoa-img\/ro\/8163881c-unnamed-file.webp","datePublished":"2025-07-03T19:04:12+00:00","dateModified":"2025-12-08T11:34:32+00:00","breadcrumb":{"@id":"https:\/\/shopatoa.com\/ro\/moroccanoil-body-spa-du-maroc-gel-de-dus-hranitor-250-ml\/#breadcrumb"},"inLanguage":"ro-RO","potentialAction":[{"@type":"ReadAction","target":["https:\/\/shopatoa.com\/ro\/moroccanoil-body-spa-du-maroc-gel-de-dus-hranitor-250-ml\/"]}]},{"@type":"ImageObject","inLanguage":"ro-RO","@id":"https:\/\/shopatoa.com\/ro\/moroccanoil-body-spa-du-maroc-gel-de-dus-hranitor-250-ml\/#primaryimage","url":"https:\/\/storage.googleapis.com\/cz-shopatoa-img\/ro\/8163881c-unnamed-file.webp","contentUrl":"https:\/\/storage.googleapis.com\/cz-shopatoa-img\/ro\/8163881c-unnamed-file.webp","width":800,"height":800},{"@type":"BreadcrumbList","@id":"https:\/\/shopatoa.com\/ro\/moroccanoil-body-spa-du-maroc-gel-de-dus-hranitor-250-ml\/#breadcrumb","itemListElement":[{"@type":"ListItem","position":1,"name":"Dom\u016f","item":"https:\/\/shopatoa.com\/ro\/"},{"@type":"ListItem","position":2,"name":"Shop","item":"https:\/\/shopatoa.com\/ro\/shop\/"},{"@type":"ListItem","position":3,"name":"S\u0103n\u0103tate \u0219i \u00cengrijire personal\u0103","item":"https:\/\/shopatoa.com\/ro\/sanatate-si-ingrijire-personala\/"},{"@type":"ListItem","position":4,"name":"\u00cengrijire personal\u0103","item":"https:\/\/shopatoa.com\/ro\/ingrijire-personala-sanatate-si-ingrijire-personala\/"},{"@type":"ListItem","position":5,"name":"Cosmetice","item":"https:\/\/shopatoa.com\/ro\/cosmetice-ingrijire-personala-sanatate-si-ingrijire-personala\/"},{"@type":"ListItem","position":6,"name":"Baie \u0219i Corp","item":"https:\/\/shopatoa.com\/ro\/baie-si-corp-cosmetice-ingrijire-personala-sanatate-si-ingrijire-personala\/"},{"@type":"ListItem","position":7,"name":"Gel de du\u0219","item":"https:\/\/shopatoa.com\/ro\/gel-de-dus-baie-si-corp-cosmetice-ingrijire-personala-sanatate-si-ingrijire-personala\/"},{"@type":"ListItem","position":8,"name":"Moroccanoil Body Spa du Maroc gel de dus hranitor 250 ml"}]},{"@type":"WebSite","@id":"https:\/\/shopatoa.com\/ro\/#website","url":"https:\/\/shopatoa.com\/ro\/","name":"SHOPATOA","description":"","publisher":{"@id":"https:\/\/shopatoa.com\/ro\/#organization"},"potentialAction":[{"@type":"SearchAction","target":{"@type":"EntryPoint","urlTemplate":"https:\/\/shopatoa.com\/ro\/?s={search_term_string}"},"query-input":{"@type":"PropertyValueSpecification","valueRequired":true,"valueName":"search_term_string"}}],"inLanguage":"ro-RO"},{"@type":"Organization","@id":"https:\/\/shopatoa.com\/ro\/#organization","name":"SHOPATOA","url":"https:\/\/shopatoa.com\/ro\/","logo":{"@type":"ImageObject","inLanguage":"ro-RO","@id":"https:\/\/shopatoa.com\/ro\/#\/schema\/logo\/image\/","url":"https:\/\/storage.googleapis.com\/cz-shopatoa-img\/ro\/b4dac915-shopatoa_logo.png","contentUrl":"https:\/\/storage.googleapis.com\/cz-shopatoa-img\/ro\/b4dac915-shopatoa_logo.png","width":416,"height":63,"caption":"SHOPATOA"},"image":{"@id":"https:\/\/shopatoa.com\/ro\/#\/schema\/logo\/image\/"}}]}},"_links":{"self":[{"href":"https:\/\/shopatoa.com\/ro\/wp-json\/wp\/v2\/product\/493917","targetHints":{"allow":["GET"]}}],"collection":[{"href":"https:\/\/shopatoa.com\/ro\/wp-json\/wp\/v2\/product"}],"about":[{"href":"https:\/\/shopatoa.com\/ro\/wp-json\/wp\/v2\/types\/product"}],"replies":[{"embeddable":true,"href":"https:\/\/shopatoa.com\/ro\/wp-json\/wp\/v2\/comments?post=493917"}],"wp:featuredmedia":[{"embeddable":true,"href":"https:\/\/shopatoa.com\/ro\/wp-json\/wp\/v2\/media\/493918"}],"wp:attachment":[{"href":"https:\/\/shopatoa.com\/ro\/wp-json\/wp\/v2\/media?parent=493917"}],"wp:term":[{"taxonomy":"product_brand","embeddable":true,"href":"https:\/\/shopatoa.com\/ro\/wp-json\/wp\/v2\/product_brand?post=493917"},{"taxonomy":"product_cat","embeddable":true,"href":"https:\/\/shopatoa.com\/ro\/wp-json\/wp\/v2\/product_cat?post=493917"},{"taxonomy":"product_tag","embeddable":true,"href":"https:\/\/shopatoa.com\/ro\/wp-json\/wp\/v2\/product_tag?post=493917"}],"curies":[{"name":"wp","href":"https:\/\/api.w.org\/{rel}","templated":true}]}}