{"id":494003,"date":"2025-07-03T21:12:13","date_gmt":"2025-07-03T19:12:13","guid":{"rendered":"https:\/\/shopatoa.com\/ro\/manyo-panthe-calming-sun-cream-crema-protectoare-calmanta-pentru-ten-deosebit-de-sensibil-si-intolerant-spf-50-50-ml\/"},"modified":"2025-12-08T11:36:02","modified_gmt":"2025-12-08T10:36:02","slug":"manyo-panthe-calming-sun-cream-crema-protectoare-calmanta-pentru-ten-deosebit-de-sensibil-si-intolerant-spf-50-50-ml","status":"publish","type":"product","link":"https:\/\/shopatoa.com\/ro\/manyo-panthe-calming-sun-cream-crema-protectoare-calmanta-pentru-ten-deosebit-de-sensibil-si-intolerant-spf-50-50-ml\/","title":{"rendered":"ma:nyo Panthe-Calming Sun Cream crem\u0103 protectoare calmant\u0103 pentru ten deosebit de sensibil \u0219i intolerant SPF 50+ 50 ml"},"content":{"rendered":"<p>ma:nyo Panthe-Calming Sun Cream, 50 ml, Protec\u021bie contra radia\u021biilor solare pentru femei, Proteja\u021bi-v\u0103 tenul \u00eempotriva \u00eemb\u0103tr\u00e2nirii premature \u0219i a altor afec\u021biuni cauzate de expunerea la soare. Tenul delicat al fe\u021bei este mult mai sensibil dec\u00e2t pielea celorlalte zone ale corpului \u0219i este expus la razele soarelui pe tot parcursul anului \u2013 de aceea este foarte important s\u0103 nu-i subestima\u021bi protec\u021bia. Protec\u021bia solar\u0103 ma:nyo Panthe-Calming Sun Cream v\u0103 va proteja eficient tenul de radia\u021biile UV \u0219i v\u0103 va ajuta s\u0103 preveni\u021bi nu doar arsurile solare sau petele pigmentare, ci \u0219i reducerea elasticit\u0103\u021bii pielii, pierderea colagenului \u0219i alte semne de \u00eemb\u0103tr\u00e2nire a tenului.  Caracteristici:  protejeaz\u0103 pielea fa\u021b\u0103 de radia\u021biile UVA \u0219i UVB hidrateaz\u0103 intens se absoarbe rapid \u00eempotriva ro\u0219e\u021bii se recomand\u0103 pentru tenul sensibil are efect de calmare \u00eent\u0103re\u0219te bariera de protec\u021bie a pielii  Ingrediente:  produs vegan  Cum se utilizeaz\u0103: Se aplic\u0103 pe pielea curat\u0103, \u00eenainte de expunerea la soare. Produsul de protec\u021bie trebuie aplicat \u00een cantitate suficient\u0103. Se repet\u0103 dac\u0103 este necesar, \u00een special dup\u0103 \u00eemb\u0103iere, \u00een caz de transpira\u021bie \u0219i dup\u0103 uscarea pielii cu prosopul.<\/p>\n","protected":false},"excerpt":{"rendered":"<p>ma:nyo Panthe-Calming Sun Cream, 50 ml, Protec\u021bie contra radia\u021biilor solare pentru femei, Proteja\u021bi-v\u0103 tenul \u00eempotriva \u00eemb\u0103tr\u00e2nirii premature \u0219i a altor afec\u021biuni cauzate de expunerea la soare. Tenul delicat al fe\u021bei este mult mai sensibil dec\u00e2t pielea celorlalte zone ale corpului \u0219i este expus la razele soarelui pe tot parcursul anului \u2013 de aceea este foarte&#8230;<\/p>\n","protected":false},"featured_media":494004,"comment_status":"closed","ping_status":"open","template":"","meta":{"_acf_changed":false,"_kadence_starter_templates_imported_post":false,"_kad_post_transparent":"","_kad_post_title":"","_kad_post_layout":"","_kad_post_sidebar_id":"","_kad_post_content_style":"","_kad_post_vertical_padding":"","_kad_post_feature":"","_kad_post_feature_position":"","_kad_post_header":false,"_kad_post_footer":false,"_kad_post_classname":""},"product_brand":[2598],"product_cat":[1564,1563,1565,1562],"product_tag":[],"class_list":{"0":"post-494003","1":"product","2":"type-product","3":"status-publish","4":"has-post-thumbnail","6":"product_brand-manyo","7":"product_cat-cosmetice-ingrijire-personala","8":"product_cat-ingrijire-personala","9":"product_cat-ingrijirea-pielii","10":"product_cat-sanatate-si-frumusete","11":"pa_gen-female","12":"pa_marime-50-ml","14":"first","15":"instock","16":"sale","17":"product-type-external","18":"entry","19":"content-bg","20":"loop-entry"},"acf":[],"yoast_head":"<!-- This site is optimized with the Yoast SEO plugin v27.4 - https:\/\/yoast.com\/product\/yoast-seo-wordpress\/ -->\n<title>ma:nyo Panthe-Calming Sun Cream crem\u0103 protectoare calmant\u0103 pentru ten deosebit de sensibil \u0219i intolerant SPF 50+ 50 ml - SHOPATOA.COM<\/title>\n<meta name=\"robots\" content=\"index, follow, max-snippet:-1, max-image-preview:large, max-video-preview:-1\" \/>\n<link rel=\"canonical\" href=\"https:\/\/shopatoa.com\/ro\/manyo-panthe-calming-sun-cream-crema-protectoare-calmanta-pentru-ten-deosebit-de-sensibil-si-intolerant-spf-50-50-ml\/\" \/>\n<meta property=\"og:locale\" content=\"ro_RO\" \/>\n<meta property=\"og:type\" content=\"article\" \/>\n<meta property=\"og:title\" content=\"ma:nyo Panthe-Calming Sun Cream crem\u0103 protectoare calmant\u0103 pentru ten deosebit de sensibil \u0219i intolerant SPF 50+ 50 ml - SHOPATOA.COM\" \/>\n<meta property=\"og:description\" content=\"ma:nyo Panthe-Calming Sun Cream, 50 ml, Protec\u021bie contra radia\u021biilor solare pentru femei, Proteja\u021bi-v\u0103 tenul \u00eempotriva \u00eemb\u0103tr\u00e2nirii premature \u0219i a altor afec\u021biuni cauzate de expunerea la soare. Tenul delicat al fe\u021bei este mult mai sensibil dec\u00e2t pielea celorlalte zone ale corpului \u0219i este expus la razele soarelui pe tot parcursul anului \u2013 de aceea este foarte...\" \/>\n<meta property=\"og:url\" content=\"https:\/\/shopatoa.com\/ro\/manyo-panthe-calming-sun-cream-crema-protectoare-calmanta-pentru-ten-deosebit-de-sensibil-si-intolerant-spf-50-50-ml\/\" \/>\n<meta property=\"og:site_name\" content=\"SHOPATOA\" \/>\n<meta property=\"article:modified_time\" content=\"2025-12-08T10:36:02+00:00\" \/>\n<meta property=\"og:image\" content=\"https:\/\/storage.googleapis.com\/cz-shopatoa-img\/ro\/2ebcf8f2-unnamed-file.webp\" \/>\n\t<meta property=\"og:image:width\" content=\"800\" \/>\n\t<meta property=\"og:image:height\" content=\"800\" \/>\n\t<meta property=\"og:image:type\" content=\"image\/webp\" \/>\n<meta name=\"twitter:card\" content=\"summary_large_image\" \/>\n<meta name=\"twitter:label1\" content=\"Timp estimat pentru citire\" \/>\n\t<meta name=\"twitter:data1\" content=\"1 minut\" \/>\n<script type=\"application\/ld+json\" class=\"yoast-schema-graph\">{\"@context\":\"https:\\\/\\\/schema.org\",\"@graph\":[{\"@type\":\"WebPage\",\"@id\":\"https:\\\/\\\/shopatoa.com\\\/ro\\\/manyo-panthe-calming-sun-cream-crema-protectoare-calmanta-pentru-ten-deosebit-de-sensibil-si-intolerant-spf-50-50-ml\\\/\",\"url\":\"https:\\\/\\\/shopatoa.com\\\/ro\\\/manyo-panthe-calming-sun-cream-crema-protectoare-calmanta-pentru-ten-deosebit-de-sensibil-si-intolerant-spf-50-50-ml\\\/\",\"name\":\"ma:nyo Panthe-Calming Sun Cream crem\u0103 protectoare calmant\u0103 pentru ten deosebit de sensibil \u0219i intolerant SPF 50+ 50 ml - SHOPATOA.COM\",\"isPartOf\":{\"@id\":\"https:\\\/\\\/shopatoa.com\\\/ro\\\/#website\"},\"primaryImageOfPage\":{\"@id\":\"https:\\\/\\\/shopatoa.com\\\/ro\\\/manyo-panthe-calming-sun-cream-crema-protectoare-calmanta-pentru-ten-deosebit-de-sensibil-si-intolerant-spf-50-50-ml\\\/#primaryimage\"},\"image\":{\"@id\":\"https:\\\/\\\/shopatoa.com\\\/ro\\\/manyo-panthe-calming-sun-cream-crema-protectoare-calmanta-pentru-ten-deosebit-de-sensibil-si-intolerant-spf-50-50-ml\\\/#primaryimage\"},\"thumbnailUrl\":\"https:\\\/\\\/storage.googleapis.com\\\/cz-shopatoa-img\\\/ro\\\/2ebcf8f2-unnamed-file.webp\",\"datePublished\":\"2025-07-03T19:12:13+00:00\",\"dateModified\":\"2025-12-08T10:36:02+00:00\",\"breadcrumb\":{\"@id\":\"https:\\\/\\\/shopatoa.com\\\/ro\\\/manyo-panthe-calming-sun-cream-crema-protectoare-calmanta-pentru-ten-deosebit-de-sensibil-si-intolerant-spf-50-50-ml\\\/#breadcrumb\"},\"inLanguage\":\"ro-RO\",\"potentialAction\":[{\"@type\":\"ReadAction\",\"target\":[\"https:\\\/\\\/shopatoa.com\\\/ro\\\/manyo-panthe-calming-sun-cream-crema-protectoare-calmanta-pentru-ten-deosebit-de-sensibil-si-intolerant-spf-50-50-ml\\\/\"]}]},{\"@type\":\"ImageObject\",\"inLanguage\":\"ro-RO\",\"@id\":\"https:\\\/\\\/shopatoa.com\\\/ro\\\/manyo-panthe-calming-sun-cream-crema-protectoare-calmanta-pentru-ten-deosebit-de-sensibil-si-intolerant-spf-50-50-ml\\\/#primaryimage\",\"url\":\"https:\\\/\\\/storage.googleapis.com\\\/cz-shopatoa-img\\\/ro\\\/2ebcf8f2-unnamed-file.webp\",\"contentUrl\":\"https:\\\/\\\/storage.googleapis.com\\\/cz-shopatoa-img\\\/ro\\\/2ebcf8f2-unnamed-file.webp\",\"width\":800,\"height\":800},{\"@type\":\"BreadcrumbList\",\"@id\":\"https:\\\/\\\/shopatoa.com\\\/ro\\\/manyo-panthe-calming-sun-cream-crema-protectoare-calmanta-pentru-ten-deosebit-de-sensibil-si-intolerant-spf-50-50-ml\\\/#breadcrumb\",\"itemListElement\":[{\"@type\":\"ListItem\",\"position\":1,\"name\":\"Dom\u016f\",\"item\":\"https:\\\/\\\/shopatoa.com\\\/ro\\\/\"},{\"@type\":\"ListItem\",\"position\":2,\"name\":\"Shop\",\"item\":\"https:\\\/\\\/shopatoa.com\\\/ro\\\/shop\\\/\"},{\"@type\":\"ListItem\",\"position\":3,\"name\":\"S\u0103n\u0103tate \u0219i frumuse\u021be\",\"item\":\"https:\\\/\\\/shopatoa.com\\\/ro\\\/sanatate-si-frumusete\\\/\"},{\"@type\":\"ListItem\",\"position\":4,\"name\":\"\u00cengrijire personal\u0103\",\"item\":\"https:\\\/\\\/shopatoa.com\\\/ro\\\/ingrijire-personala\\\/\"},{\"@type\":\"ListItem\",\"position\":5,\"name\":\"Cosmetice\",\"item\":\"https:\\\/\\\/shopatoa.com\\\/ro\\\/cosmetice-ingrijire-personala\\\/\"},{\"@type\":\"ListItem\",\"position\":6,\"name\":\"\u00cengrijirea pielii\",\"item\":\"https:\\\/\\\/shopatoa.com\\\/ro\\\/ingrijirea-pielii\\\/\"},{\"@type\":\"ListItem\",\"position\":7,\"name\":\"ma:nyo Panthe-Calming Sun Cream crem\u0103 protectoare calmant\u0103 pentru ten deosebit de sensibil \u0219i intolerant SPF 50+ 50 ml\"}]},{\"@type\":\"WebSite\",\"@id\":\"https:\\\/\\\/shopatoa.com\\\/ro\\\/#website\",\"url\":\"https:\\\/\\\/shopatoa.com\\\/ro\\\/\",\"name\":\"SHOPATOA\",\"description\":\"\",\"publisher\":{\"@id\":\"https:\\\/\\\/shopatoa.com\\\/ro\\\/#organization\"},\"potentialAction\":[{\"@type\":\"SearchAction\",\"target\":{\"@type\":\"EntryPoint\",\"urlTemplate\":\"https:\\\/\\\/shopatoa.com\\\/ro\\\/?s={search_term_string}\"},\"query-input\":{\"@type\":\"PropertyValueSpecification\",\"valueRequired\":true,\"valueName\":\"search_term_string\"}}],\"inLanguage\":\"ro-RO\"},{\"@type\":\"Organization\",\"@id\":\"https:\\\/\\\/shopatoa.com\\\/ro\\\/#organization\",\"name\":\"SHOPATOA\",\"url\":\"https:\\\/\\\/shopatoa.com\\\/ro\\\/\",\"logo\":{\"@type\":\"ImageObject\",\"inLanguage\":\"ro-RO\",\"@id\":\"https:\\\/\\\/shopatoa.com\\\/ro\\\/#\\\/schema\\\/logo\\\/image\\\/\",\"url\":\"https:\\\/\\\/storage.googleapis.com\\\/cz-shopatoa-img\\\/ro\\\/b4dac915-shopatoa_logo.png\",\"contentUrl\":\"https:\\\/\\\/storage.googleapis.com\\\/cz-shopatoa-img\\\/ro\\\/b4dac915-shopatoa_logo.png\",\"width\":416,\"height\":63,\"caption\":\"SHOPATOA\"},\"image\":{\"@id\":\"https:\\\/\\\/shopatoa.com\\\/ro\\\/#\\\/schema\\\/logo\\\/image\\\/\"}}]}<\/script>\n<!-- \/ Yoast SEO plugin. -->","yoast_head_json":{"title":"ma:nyo Panthe-Calming Sun Cream crem\u0103 protectoare calmant\u0103 pentru ten deosebit de sensibil \u0219i intolerant SPF 50+ 50 ml - SHOPATOA.COM","robots":{"index":"index","follow":"follow","max-snippet":"max-snippet:-1","max-image-preview":"max-image-preview:large","max-video-preview":"max-video-preview:-1"},"canonical":"https:\/\/shopatoa.com\/ro\/manyo-panthe-calming-sun-cream-crema-protectoare-calmanta-pentru-ten-deosebit-de-sensibil-si-intolerant-spf-50-50-ml\/","og_locale":"ro_RO","og_type":"article","og_title":"ma:nyo Panthe-Calming Sun Cream crem\u0103 protectoare calmant\u0103 pentru ten deosebit de sensibil \u0219i intolerant SPF 50+ 50 ml - SHOPATOA.COM","og_description":"ma:nyo Panthe-Calming Sun Cream, 50 ml, Protec\u021bie contra radia\u021biilor solare pentru femei, Proteja\u021bi-v\u0103 tenul \u00eempotriva \u00eemb\u0103tr\u00e2nirii premature \u0219i a altor afec\u021biuni cauzate de expunerea la soare. Tenul delicat al fe\u021bei este mult mai sensibil dec\u00e2t pielea celorlalte zone ale corpului \u0219i este expus la razele soarelui pe tot parcursul anului \u2013 de aceea este foarte...","og_url":"https:\/\/shopatoa.com\/ro\/manyo-panthe-calming-sun-cream-crema-protectoare-calmanta-pentru-ten-deosebit-de-sensibil-si-intolerant-spf-50-50-ml\/","og_site_name":"SHOPATOA","article_modified_time":"2025-12-08T10:36:02+00:00","og_image":[{"width":800,"height":800,"url":"https:\/\/storage.googleapis.com\/cz-shopatoa-img\/ro\/2ebcf8f2-unnamed-file.webp","type":"image\/webp"}],"twitter_card":"summary_large_image","twitter_misc":{"Timp estimat pentru citire":"1 minut"},"schema":{"@context":"https:\/\/schema.org","@graph":[{"@type":"WebPage","@id":"https:\/\/shopatoa.com\/ro\/manyo-panthe-calming-sun-cream-crema-protectoare-calmanta-pentru-ten-deosebit-de-sensibil-si-intolerant-spf-50-50-ml\/","url":"https:\/\/shopatoa.com\/ro\/manyo-panthe-calming-sun-cream-crema-protectoare-calmanta-pentru-ten-deosebit-de-sensibil-si-intolerant-spf-50-50-ml\/","name":"ma:nyo Panthe-Calming Sun Cream crem\u0103 protectoare calmant\u0103 pentru ten deosebit de sensibil \u0219i intolerant SPF 50+ 50 ml - SHOPATOA.COM","isPartOf":{"@id":"https:\/\/shopatoa.com\/ro\/#website"},"primaryImageOfPage":{"@id":"https:\/\/shopatoa.com\/ro\/manyo-panthe-calming-sun-cream-crema-protectoare-calmanta-pentru-ten-deosebit-de-sensibil-si-intolerant-spf-50-50-ml\/#primaryimage"},"image":{"@id":"https:\/\/shopatoa.com\/ro\/manyo-panthe-calming-sun-cream-crema-protectoare-calmanta-pentru-ten-deosebit-de-sensibil-si-intolerant-spf-50-50-ml\/#primaryimage"},"thumbnailUrl":"https:\/\/storage.googleapis.com\/cz-shopatoa-img\/ro\/2ebcf8f2-unnamed-file.webp","datePublished":"2025-07-03T19:12:13+00:00","dateModified":"2025-12-08T10:36:02+00:00","breadcrumb":{"@id":"https:\/\/shopatoa.com\/ro\/manyo-panthe-calming-sun-cream-crema-protectoare-calmanta-pentru-ten-deosebit-de-sensibil-si-intolerant-spf-50-50-ml\/#breadcrumb"},"inLanguage":"ro-RO","potentialAction":[{"@type":"ReadAction","target":["https:\/\/shopatoa.com\/ro\/manyo-panthe-calming-sun-cream-crema-protectoare-calmanta-pentru-ten-deosebit-de-sensibil-si-intolerant-spf-50-50-ml\/"]}]},{"@type":"ImageObject","inLanguage":"ro-RO","@id":"https:\/\/shopatoa.com\/ro\/manyo-panthe-calming-sun-cream-crema-protectoare-calmanta-pentru-ten-deosebit-de-sensibil-si-intolerant-spf-50-50-ml\/#primaryimage","url":"https:\/\/storage.googleapis.com\/cz-shopatoa-img\/ro\/2ebcf8f2-unnamed-file.webp","contentUrl":"https:\/\/storage.googleapis.com\/cz-shopatoa-img\/ro\/2ebcf8f2-unnamed-file.webp","width":800,"height":800},{"@type":"BreadcrumbList","@id":"https:\/\/shopatoa.com\/ro\/manyo-panthe-calming-sun-cream-crema-protectoare-calmanta-pentru-ten-deosebit-de-sensibil-si-intolerant-spf-50-50-ml\/#breadcrumb","itemListElement":[{"@type":"ListItem","position":1,"name":"Dom\u016f","item":"https:\/\/shopatoa.com\/ro\/"},{"@type":"ListItem","position":2,"name":"Shop","item":"https:\/\/shopatoa.com\/ro\/shop\/"},{"@type":"ListItem","position":3,"name":"S\u0103n\u0103tate \u0219i frumuse\u021be","item":"https:\/\/shopatoa.com\/ro\/sanatate-si-frumusete\/"},{"@type":"ListItem","position":4,"name":"\u00cengrijire personal\u0103","item":"https:\/\/shopatoa.com\/ro\/ingrijire-personala\/"},{"@type":"ListItem","position":5,"name":"Cosmetice","item":"https:\/\/shopatoa.com\/ro\/cosmetice-ingrijire-personala\/"},{"@type":"ListItem","position":6,"name":"\u00cengrijirea pielii","item":"https:\/\/shopatoa.com\/ro\/ingrijirea-pielii\/"},{"@type":"ListItem","position":7,"name":"ma:nyo Panthe-Calming Sun Cream crem\u0103 protectoare calmant\u0103 pentru ten deosebit de sensibil \u0219i intolerant SPF 50+ 50 ml"}]},{"@type":"WebSite","@id":"https:\/\/shopatoa.com\/ro\/#website","url":"https:\/\/shopatoa.com\/ro\/","name":"SHOPATOA","description":"","publisher":{"@id":"https:\/\/shopatoa.com\/ro\/#organization"},"potentialAction":[{"@type":"SearchAction","target":{"@type":"EntryPoint","urlTemplate":"https:\/\/shopatoa.com\/ro\/?s={search_term_string}"},"query-input":{"@type":"PropertyValueSpecification","valueRequired":true,"valueName":"search_term_string"}}],"inLanguage":"ro-RO"},{"@type":"Organization","@id":"https:\/\/shopatoa.com\/ro\/#organization","name":"SHOPATOA","url":"https:\/\/shopatoa.com\/ro\/","logo":{"@type":"ImageObject","inLanguage":"ro-RO","@id":"https:\/\/shopatoa.com\/ro\/#\/schema\/logo\/image\/","url":"https:\/\/storage.googleapis.com\/cz-shopatoa-img\/ro\/b4dac915-shopatoa_logo.png","contentUrl":"https:\/\/storage.googleapis.com\/cz-shopatoa-img\/ro\/b4dac915-shopatoa_logo.png","width":416,"height":63,"caption":"SHOPATOA"},"image":{"@id":"https:\/\/shopatoa.com\/ro\/#\/schema\/logo\/image\/"}}]}},"_links":{"self":[{"href":"https:\/\/shopatoa.com\/ro\/wp-json\/wp\/v2\/product\/494003","targetHints":{"allow":["GET"]}}],"collection":[{"href":"https:\/\/shopatoa.com\/ro\/wp-json\/wp\/v2\/product"}],"about":[{"href":"https:\/\/shopatoa.com\/ro\/wp-json\/wp\/v2\/types\/product"}],"replies":[{"embeddable":true,"href":"https:\/\/shopatoa.com\/ro\/wp-json\/wp\/v2\/comments?post=494003"}],"wp:featuredmedia":[{"embeddable":true,"href":"https:\/\/shopatoa.com\/ro\/wp-json\/wp\/v2\/media\/494004"}],"wp:attachment":[{"href":"https:\/\/shopatoa.com\/ro\/wp-json\/wp\/v2\/media?parent=494003"}],"wp:term":[{"taxonomy":"product_brand","embeddable":true,"href":"https:\/\/shopatoa.com\/ro\/wp-json\/wp\/v2\/product_brand?post=494003"},{"taxonomy":"product_cat","embeddable":true,"href":"https:\/\/shopatoa.com\/ro\/wp-json\/wp\/v2\/product_cat?post=494003"},{"taxonomy":"product_tag","embeddable":true,"href":"https:\/\/shopatoa.com\/ro\/wp-json\/wp\/v2\/product_tag?post=494003"}],"curies":[{"name":"wp","href":"https:\/\/api.w.org\/{rel}","templated":true}]}}