{"id":494025,"date":"2025-07-03T21:14:07","date_gmt":"2025-07-03T19:14:07","guid":{"rendered":"https:\/\/shopatoa.com\/ro\/aveda-brilliant-humectant-pomade-alifie-pentru-par-pentru-formarea-buclelor-75-ml\/"},"modified":"2025-12-08T11:34:22","modified_gmt":"2025-12-08T10:34:22","slug":"aveda-brilliant-humectant-pomade-alifie-pentru-par-pentru-formarea-buclelor-75-ml","status":"publish","type":"product","link":"https:\/\/shopatoa.com\/ro\/aveda-brilliant-humectant-pomade-alifie-pentru-par-pentru-formarea-buclelor-75-ml\/","title":{"rendered":"Aveda Brilliant\u2122 Humectant Pomade alifie pentru par pentru formarea buclelor 75 ml"},"content":{"rendered":"<p>Aveda Brilliant\u2122 Humectant Pomade, 75 ml, Pomad\u0103 pentru p\u0103r pentru femei, Prefera\u021bi o coafur\u0103 perfect neted\u0103, bucle definite sau o coafur\u0103 rebel\u0103 dezordonat\u0103? Miza\u021bi pe produse cosmetice de styling dovedite. Indiferent de preferin\u021bele dvs. de coafare, pomada pentru p\u0103r Aveda Brilliant\u2122 Humectant Pomade v\u0103 va ajuta s\u0103 ob\u021bine\u021bi un rezultat perfect. V\u0103 va permite s\u0103 oferi\u021bi p\u0103rului forma dorit\u0103 \u0219i s\u0103 crea\u021bi un styling perfect ca din m\u00e2inile unui profesionist, \u00een confortul de acas\u0103. \u00cen plus, va asigura o fixare puternic\u0103 \u0219i rezisten\u021b\u0103, astfel \u00eenc\u00e2t fiecare \u0219uvi\u021b\u0103 s\u0103 r\u0103m\u00e2n\u0103 la locul ei, iar coafura dvs. s\u0103 reziste intact\u0103 \u00eentreaga zi. \u00cencerca\u021bi acest produs de styling testat \u00een timp \u0219i l\u0103sa\u021bi-l s\u0103 v\u0103 accentueze coafura \u0219i s\u0103 o fixeze pentru o perioad\u0103 lung\u0103 de timp.  Caracteristici:  fixeaz\u0103 coafura \u0219i \u00eei confer\u0103 textur\u0103 ofer\u0103 p\u0103rului o str\u0103lucire radiant\u0103  Cum se utilizeaz\u0103: Aplica\u021bi o cantitate mic\u0103 de pomad\u0103 pe p\u0103rul uscat \u0219i aranja\u021bi-l \u00een forma dorit\u0103.<\/p>\n","protected":false},"excerpt":{"rendered":"<p>Aveda Brilliant\u2122 Humectant Pomade, 75 ml, Pomad\u0103 pentru p\u0103r pentru femei, Prefera\u021bi o coafur\u0103 perfect neted\u0103, bucle definite sau o coafur\u0103 rebel\u0103 dezordonat\u0103? Miza\u021bi pe produse cosmetice de styling dovedite. Indiferent de preferin\u021bele dvs. de coafare, pomada pentru p\u0103r Aveda Brilliant\u2122 Humectant Pomade v\u0103 va ajuta s\u0103 ob\u021bine\u021bi un rezultat perfect. V\u0103 va permite s\u0103&#8230;<\/p>\n","protected":false},"featured_media":494026,"comment_status":"closed","ping_status":"open","template":"","meta":{"_acf_changed":false,"_kadence_starter_templates_imported_post":false,"_kad_post_transparent":"","_kad_post_title":"","_kad_post_layout":"","_kad_post_sidebar_id":"","_kad_post_content_style":"","_kad_post_vertical_padding":"","_kad_post_feature":"","_kad_post_feature_position":"","_kad_post_header":false,"_kad_post_footer":false,"_kad_post_classname":""},"product_brand":[1794],"product_cat":[1563,1590,4223,1562],"product_tag":[],"class_list":{"0":"post-494025","1":"product","2":"type-product","3":"status-publish","4":"has-post-thumbnail","6":"product_brand-aveda","7":"product_cat-ingrijire-personala","8":"product_cat-ingrijirea-parului","9":"product_cat-produse-de-stilizare-a-parului","10":"product_cat-sanatate-si-frumusete","11":"pa_gen-female","12":"pa_marime-75-ml","14":"first","15":"instock","16":"sale","17":"product-type-external","18":"entry","19":"content-bg","20":"loop-entry"},"acf":[],"yoast_head":"<!-- This site is optimized with the Yoast SEO plugin v27.3 - https:\/\/yoast.com\/product\/yoast-seo-wordpress\/ -->\n<title>Aveda Brilliant\u2122 Humectant Pomade alifie pentru par pentru formarea buclelor 75 ml - SHOPATOA.COM<\/title>\n<meta name=\"robots\" content=\"index, follow, max-snippet:-1, max-image-preview:large, max-video-preview:-1\" \/>\n<link rel=\"canonical\" href=\"https:\/\/shopatoa.com\/ro\/aveda-brilliant-humectant-pomade-alifie-pentru-par-pentru-formarea-buclelor-75-ml\/\" \/>\n<meta property=\"og:locale\" content=\"ro_RO\" \/>\n<meta property=\"og:type\" content=\"article\" \/>\n<meta property=\"og:title\" content=\"Aveda Brilliant\u2122 Humectant Pomade alifie pentru par pentru formarea buclelor 75 ml - SHOPATOA.COM\" \/>\n<meta property=\"og:description\" content=\"Aveda Brilliant\u2122 Humectant Pomade, 75 ml, Pomad\u0103 pentru p\u0103r pentru femei, Prefera\u021bi o coafur\u0103 perfect neted\u0103, bucle definite sau o coafur\u0103 rebel\u0103 dezordonat\u0103? Miza\u021bi pe produse cosmetice de styling dovedite. Indiferent de preferin\u021bele dvs. de coafare, pomada pentru p\u0103r Aveda Brilliant\u2122 Humectant Pomade v\u0103 va ajuta s\u0103 ob\u021bine\u021bi un rezultat perfect. V\u0103 va permite s\u0103...\" \/>\n<meta property=\"og:url\" content=\"https:\/\/shopatoa.com\/ro\/aveda-brilliant-humectant-pomade-alifie-pentru-par-pentru-formarea-buclelor-75-ml\/\" \/>\n<meta property=\"og:site_name\" content=\"SHOPATOA\" \/>\n<meta property=\"article:modified_time\" content=\"2025-12-08T10:34:22+00:00\" \/>\n<meta property=\"og:image\" content=\"https:\/\/storage.googleapis.com\/cz-shopatoa-img\/ro\/c6a8ffc6-unnamed-file.webp\" \/>\n\t<meta property=\"og:image:width\" content=\"800\" \/>\n\t<meta property=\"og:image:height\" content=\"800\" \/>\n\t<meta property=\"og:image:type\" content=\"image\/webp\" \/>\n<meta name=\"twitter:card\" content=\"summary_large_image\" \/>\n<meta name=\"twitter:label1\" content=\"Timp estimat pentru citire\" \/>\n\t<meta name=\"twitter:data1\" content=\"1 minut\" \/>\n<script type=\"application\/ld+json\" class=\"yoast-schema-graph\">{\"@context\":\"https:\\\/\\\/schema.org\",\"@graph\":[{\"@type\":\"WebPage\",\"@id\":\"https:\\\/\\\/shopatoa.com\\\/ro\\\/aveda-brilliant-humectant-pomade-alifie-pentru-par-pentru-formarea-buclelor-75-ml\\\/\",\"url\":\"https:\\\/\\\/shopatoa.com\\\/ro\\\/aveda-brilliant-humectant-pomade-alifie-pentru-par-pentru-formarea-buclelor-75-ml\\\/\",\"name\":\"Aveda Brilliant\u2122 Humectant Pomade alifie pentru par pentru formarea buclelor 75 ml - SHOPATOA.COM\",\"isPartOf\":{\"@id\":\"https:\\\/\\\/shopatoa.com\\\/ro\\\/#website\"},\"primaryImageOfPage\":{\"@id\":\"https:\\\/\\\/shopatoa.com\\\/ro\\\/aveda-brilliant-humectant-pomade-alifie-pentru-par-pentru-formarea-buclelor-75-ml\\\/#primaryimage\"},\"image\":{\"@id\":\"https:\\\/\\\/shopatoa.com\\\/ro\\\/aveda-brilliant-humectant-pomade-alifie-pentru-par-pentru-formarea-buclelor-75-ml\\\/#primaryimage\"},\"thumbnailUrl\":\"https:\\\/\\\/storage.googleapis.com\\\/cz-shopatoa-img\\\/ro\\\/c6a8ffc6-unnamed-file.webp\",\"datePublished\":\"2025-07-03T19:14:07+00:00\",\"dateModified\":\"2025-12-08T10:34:22+00:00\",\"breadcrumb\":{\"@id\":\"https:\\\/\\\/shopatoa.com\\\/ro\\\/aveda-brilliant-humectant-pomade-alifie-pentru-par-pentru-formarea-buclelor-75-ml\\\/#breadcrumb\"},\"inLanguage\":\"ro-RO\",\"potentialAction\":[{\"@type\":\"ReadAction\",\"target\":[\"https:\\\/\\\/shopatoa.com\\\/ro\\\/aveda-brilliant-humectant-pomade-alifie-pentru-par-pentru-formarea-buclelor-75-ml\\\/\"]}]},{\"@type\":\"ImageObject\",\"inLanguage\":\"ro-RO\",\"@id\":\"https:\\\/\\\/shopatoa.com\\\/ro\\\/aveda-brilliant-humectant-pomade-alifie-pentru-par-pentru-formarea-buclelor-75-ml\\\/#primaryimage\",\"url\":\"https:\\\/\\\/storage.googleapis.com\\\/cz-shopatoa-img\\\/ro\\\/c6a8ffc6-unnamed-file.webp\",\"contentUrl\":\"https:\\\/\\\/storage.googleapis.com\\\/cz-shopatoa-img\\\/ro\\\/c6a8ffc6-unnamed-file.webp\",\"width\":800,\"height\":800},{\"@type\":\"BreadcrumbList\",\"@id\":\"https:\\\/\\\/shopatoa.com\\\/ro\\\/aveda-brilliant-humectant-pomade-alifie-pentru-par-pentru-formarea-buclelor-75-ml\\\/#breadcrumb\",\"itemListElement\":[{\"@type\":\"ListItem\",\"position\":1,\"name\":\"Dom\u016f\",\"item\":\"https:\\\/\\\/shopatoa.com\\\/ro\\\/\"},{\"@type\":\"ListItem\",\"position\":2,\"name\":\"Shop\",\"item\":\"https:\\\/\\\/shopatoa.com\\\/ro\\\/shop\\\/\"},{\"@type\":\"ListItem\",\"position\":3,\"name\":\"S\u0103n\u0103tate \u0219i frumuse\u021be\",\"item\":\"https:\\\/\\\/shopatoa.com\\\/ro\\\/sanatate-si-frumusete\\\/\"},{\"@type\":\"ListItem\",\"position\":4,\"name\":\"\u00cengrijire personal\u0103\",\"item\":\"https:\\\/\\\/shopatoa.com\\\/ro\\\/ingrijire-personala\\\/\"},{\"@type\":\"ListItem\",\"position\":5,\"name\":\"\u00cengrijirea p\u0103rului\",\"item\":\"https:\\\/\\\/shopatoa.com\\\/ro\\\/ingrijirea-parului\\\/\"},{\"@type\":\"ListItem\",\"position\":6,\"name\":\"Produse de stilizare a p\u0103rului\",\"item\":\"https:\\\/\\\/shopatoa.com\\\/ro\\\/produse-de-stilizare-a-parului\\\/\"},{\"@type\":\"ListItem\",\"position\":7,\"name\":\"Aveda Brilliant\u2122 Humectant Pomade alifie pentru par pentru formarea buclelor 75 ml\"}]},{\"@type\":\"WebSite\",\"@id\":\"https:\\\/\\\/shopatoa.com\\\/ro\\\/#website\",\"url\":\"https:\\\/\\\/shopatoa.com\\\/ro\\\/\",\"name\":\"SHOPATOA\",\"description\":\"\",\"publisher\":{\"@id\":\"https:\\\/\\\/shopatoa.com\\\/ro\\\/#organization\"},\"potentialAction\":[{\"@type\":\"SearchAction\",\"target\":{\"@type\":\"EntryPoint\",\"urlTemplate\":\"https:\\\/\\\/shopatoa.com\\\/ro\\\/?s={search_term_string}\"},\"query-input\":{\"@type\":\"PropertyValueSpecification\",\"valueRequired\":true,\"valueName\":\"search_term_string\"}}],\"inLanguage\":\"ro-RO\"},{\"@type\":\"Organization\",\"@id\":\"https:\\\/\\\/shopatoa.com\\\/ro\\\/#organization\",\"name\":\"SHOPATOA\",\"url\":\"https:\\\/\\\/shopatoa.com\\\/ro\\\/\",\"logo\":{\"@type\":\"ImageObject\",\"inLanguage\":\"ro-RO\",\"@id\":\"https:\\\/\\\/shopatoa.com\\\/ro\\\/#\\\/schema\\\/logo\\\/image\\\/\",\"url\":\"https:\\\/\\\/storage.googleapis.com\\\/cz-shopatoa-img\\\/ro\\\/b4dac915-shopatoa_logo.png\",\"contentUrl\":\"https:\\\/\\\/storage.googleapis.com\\\/cz-shopatoa-img\\\/ro\\\/b4dac915-shopatoa_logo.png\",\"width\":416,\"height\":63,\"caption\":\"SHOPATOA\"},\"image\":{\"@id\":\"https:\\\/\\\/shopatoa.com\\\/ro\\\/#\\\/schema\\\/logo\\\/image\\\/\"}}]}<\/script>\n<!-- \/ Yoast SEO plugin. -->","yoast_head_json":{"title":"Aveda Brilliant\u2122 Humectant Pomade alifie pentru par pentru formarea buclelor 75 ml - SHOPATOA.COM","robots":{"index":"index","follow":"follow","max-snippet":"max-snippet:-1","max-image-preview":"max-image-preview:large","max-video-preview":"max-video-preview:-1"},"canonical":"https:\/\/shopatoa.com\/ro\/aveda-brilliant-humectant-pomade-alifie-pentru-par-pentru-formarea-buclelor-75-ml\/","og_locale":"ro_RO","og_type":"article","og_title":"Aveda Brilliant\u2122 Humectant Pomade alifie pentru par pentru formarea buclelor 75 ml - SHOPATOA.COM","og_description":"Aveda Brilliant\u2122 Humectant Pomade, 75 ml, Pomad\u0103 pentru p\u0103r pentru femei, Prefera\u021bi o coafur\u0103 perfect neted\u0103, bucle definite sau o coafur\u0103 rebel\u0103 dezordonat\u0103? Miza\u021bi pe produse cosmetice de styling dovedite. Indiferent de preferin\u021bele dvs. de coafare, pomada pentru p\u0103r Aveda Brilliant\u2122 Humectant Pomade v\u0103 va ajuta s\u0103 ob\u021bine\u021bi un rezultat perfect. V\u0103 va permite s\u0103...","og_url":"https:\/\/shopatoa.com\/ro\/aveda-brilliant-humectant-pomade-alifie-pentru-par-pentru-formarea-buclelor-75-ml\/","og_site_name":"SHOPATOA","article_modified_time":"2025-12-08T10:34:22+00:00","og_image":[{"width":800,"height":800,"url":"https:\/\/storage.googleapis.com\/cz-shopatoa-img\/ro\/c6a8ffc6-unnamed-file.webp","type":"image\/webp"}],"twitter_card":"summary_large_image","twitter_misc":{"Timp estimat pentru citire":"1 minut"},"schema":{"@context":"https:\/\/schema.org","@graph":[{"@type":"WebPage","@id":"https:\/\/shopatoa.com\/ro\/aveda-brilliant-humectant-pomade-alifie-pentru-par-pentru-formarea-buclelor-75-ml\/","url":"https:\/\/shopatoa.com\/ro\/aveda-brilliant-humectant-pomade-alifie-pentru-par-pentru-formarea-buclelor-75-ml\/","name":"Aveda Brilliant\u2122 Humectant Pomade alifie pentru par pentru formarea buclelor 75 ml - SHOPATOA.COM","isPartOf":{"@id":"https:\/\/shopatoa.com\/ro\/#website"},"primaryImageOfPage":{"@id":"https:\/\/shopatoa.com\/ro\/aveda-brilliant-humectant-pomade-alifie-pentru-par-pentru-formarea-buclelor-75-ml\/#primaryimage"},"image":{"@id":"https:\/\/shopatoa.com\/ro\/aveda-brilliant-humectant-pomade-alifie-pentru-par-pentru-formarea-buclelor-75-ml\/#primaryimage"},"thumbnailUrl":"https:\/\/storage.googleapis.com\/cz-shopatoa-img\/ro\/c6a8ffc6-unnamed-file.webp","datePublished":"2025-07-03T19:14:07+00:00","dateModified":"2025-12-08T10:34:22+00:00","breadcrumb":{"@id":"https:\/\/shopatoa.com\/ro\/aveda-brilliant-humectant-pomade-alifie-pentru-par-pentru-formarea-buclelor-75-ml\/#breadcrumb"},"inLanguage":"ro-RO","potentialAction":[{"@type":"ReadAction","target":["https:\/\/shopatoa.com\/ro\/aveda-brilliant-humectant-pomade-alifie-pentru-par-pentru-formarea-buclelor-75-ml\/"]}]},{"@type":"ImageObject","inLanguage":"ro-RO","@id":"https:\/\/shopatoa.com\/ro\/aveda-brilliant-humectant-pomade-alifie-pentru-par-pentru-formarea-buclelor-75-ml\/#primaryimage","url":"https:\/\/storage.googleapis.com\/cz-shopatoa-img\/ro\/c6a8ffc6-unnamed-file.webp","contentUrl":"https:\/\/storage.googleapis.com\/cz-shopatoa-img\/ro\/c6a8ffc6-unnamed-file.webp","width":800,"height":800},{"@type":"BreadcrumbList","@id":"https:\/\/shopatoa.com\/ro\/aveda-brilliant-humectant-pomade-alifie-pentru-par-pentru-formarea-buclelor-75-ml\/#breadcrumb","itemListElement":[{"@type":"ListItem","position":1,"name":"Dom\u016f","item":"https:\/\/shopatoa.com\/ro\/"},{"@type":"ListItem","position":2,"name":"Shop","item":"https:\/\/shopatoa.com\/ro\/shop\/"},{"@type":"ListItem","position":3,"name":"S\u0103n\u0103tate \u0219i frumuse\u021be","item":"https:\/\/shopatoa.com\/ro\/sanatate-si-frumusete\/"},{"@type":"ListItem","position":4,"name":"\u00cengrijire personal\u0103","item":"https:\/\/shopatoa.com\/ro\/ingrijire-personala\/"},{"@type":"ListItem","position":5,"name":"\u00cengrijirea p\u0103rului","item":"https:\/\/shopatoa.com\/ro\/ingrijirea-parului\/"},{"@type":"ListItem","position":6,"name":"Produse de stilizare a p\u0103rului","item":"https:\/\/shopatoa.com\/ro\/produse-de-stilizare-a-parului\/"},{"@type":"ListItem","position":7,"name":"Aveda Brilliant\u2122 Humectant Pomade alifie pentru par pentru formarea buclelor 75 ml"}]},{"@type":"WebSite","@id":"https:\/\/shopatoa.com\/ro\/#website","url":"https:\/\/shopatoa.com\/ro\/","name":"SHOPATOA","description":"","publisher":{"@id":"https:\/\/shopatoa.com\/ro\/#organization"},"potentialAction":[{"@type":"SearchAction","target":{"@type":"EntryPoint","urlTemplate":"https:\/\/shopatoa.com\/ro\/?s={search_term_string}"},"query-input":{"@type":"PropertyValueSpecification","valueRequired":true,"valueName":"search_term_string"}}],"inLanguage":"ro-RO"},{"@type":"Organization","@id":"https:\/\/shopatoa.com\/ro\/#organization","name":"SHOPATOA","url":"https:\/\/shopatoa.com\/ro\/","logo":{"@type":"ImageObject","inLanguage":"ro-RO","@id":"https:\/\/shopatoa.com\/ro\/#\/schema\/logo\/image\/","url":"https:\/\/storage.googleapis.com\/cz-shopatoa-img\/ro\/b4dac915-shopatoa_logo.png","contentUrl":"https:\/\/storage.googleapis.com\/cz-shopatoa-img\/ro\/b4dac915-shopatoa_logo.png","width":416,"height":63,"caption":"SHOPATOA"},"image":{"@id":"https:\/\/shopatoa.com\/ro\/#\/schema\/logo\/image\/"}}]}},"_links":{"self":[{"href":"https:\/\/shopatoa.com\/ro\/wp-json\/wp\/v2\/product\/494025","targetHints":{"allow":["GET"]}}],"collection":[{"href":"https:\/\/shopatoa.com\/ro\/wp-json\/wp\/v2\/product"}],"about":[{"href":"https:\/\/shopatoa.com\/ro\/wp-json\/wp\/v2\/types\/product"}],"replies":[{"embeddable":true,"href":"https:\/\/shopatoa.com\/ro\/wp-json\/wp\/v2\/comments?post=494025"}],"wp:featuredmedia":[{"embeddable":true,"href":"https:\/\/shopatoa.com\/ro\/wp-json\/wp\/v2\/media\/494026"}],"wp:attachment":[{"href":"https:\/\/shopatoa.com\/ro\/wp-json\/wp\/v2\/media?parent=494025"}],"wp:term":[{"taxonomy":"product_brand","embeddable":true,"href":"https:\/\/shopatoa.com\/ro\/wp-json\/wp\/v2\/product_brand?post=494025"},{"taxonomy":"product_cat","embeddable":true,"href":"https:\/\/shopatoa.com\/ro\/wp-json\/wp\/v2\/product_cat?post=494025"},{"taxonomy":"product_tag","embeddable":true,"href":"https:\/\/shopatoa.com\/ro\/wp-json\/wp\/v2\/product_tag?post=494025"}],"curies":[{"name":"wp","href":"https:\/\/api.w.org\/{rel}","templated":true}]}}