{"id":494298,"date":"2025-07-03T22:22:48","date_gmt":"2025-07-03T20:22:48","guid":{"rendered":"https:\/\/shopatoa.com\/ro\/dr-bronners-lavender-sapun-lichid-universal-240-ml\/"},"modified":"2025-12-15T09:33:09","modified_gmt":"2025-12-15T08:33:09","slug":"dr-bronners-lavender-sapun-lichid-universal-240-ml","status":"publish","type":"product","link":"https:\/\/shopatoa.com\/ro\/dr-bronners-lavender-sapun-lichid-universal-240-ml\/","title":{"rendered":"Dr. Bronner\u2019s Lavender s\u0103pun lichid universal 240 ml"},"content":{"rendered":"<p>Dr. Bronner\u2019s Lavender, 240 ml, Sapunuri lichid pentru femei, Caracteristici:  spal\u0103 pielea \u0219i \u00eendep\u0103rteaz\u0103 impurit\u0103\u021bile red\u0103 pielii senza\u021bia de confort hr\u0103ne\u0219te \u0219i trateaz\u0103 pielea  Cum se utilizeaz\u0103: Se aplic\u0103 pe m\u00e2inile ude \u0219i se spumeaz\u0103 u\u0219or. Se cl\u0103tesc bine m\u00e2inile. Se aplic\u0103 \u00een timpul du\u0219ului sau al b\u0103ii. Se aplic\u0103 pe \u00eentregul corp \u0219i se cl\u0103te\u0219te cu ap\u0103 cald\u0103.<\/p>\n","protected":false},"excerpt":{"rendered":"<p>Dr. Bronner\u2019s Lavender, 240 ml, Sapunuri lichid pentru femei, Caracteristici: spal\u0103 pielea \u0219i \u00eendep\u0103rteaz\u0103 impurit\u0103\u021bile red\u0103 pielii senza\u021bia de confort hr\u0103ne\u0219te \u0219i trateaz\u0103 pielea Cum se utilizeaz\u0103: Se aplic\u0103 pe m\u00e2inile ude \u0219i se spumeaz\u0103 u\u0219or. Se cl\u0103tesc bine m\u00e2inile. Se aplic\u0103 \u00een timpul du\u0219ului sau al b\u0103ii. Se aplic\u0103 pe \u00eentregul corp \u0219i se&#8230;<\/p>\n","protected":false},"featured_media":494299,"comment_status":"closed","ping_status":"open","template":"","meta":{"_acf_changed":false,"_kadence_starter_templates_imported_post":false,"_kad_post_transparent":"","_kad_post_title":"","_kad_post_layout":"","_kad_post_sidebar_id":"","_kad_post_content_style":"","_kad_post_vertical_padding":"","_kad_post_feature":"","_kad_post_feature_position":"","_kad_post_header":false,"_kad_post_footer":false,"_kad_post_classname":""},"product_brand":[2969],"product_cat":[4227,4226,4228,4225,4224],"product_tag":[],"class_list":{"0":"post-494298","1":"product","2":"type-product","3":"status-publish","4":"has-post-thumbnail","6":"product_brand-dr-bronners","7":"product_cat-baie-si-corp-cosmetice-ingrijire-personala-sanatate-si-ingrijire-personala","8":"product_cat-cosmetice-ingrijire-personala-sanatate-si-ingrijire-personala","9":"product_cat-gel-de-dus-baie-si-corp-cosmetice-ingrijire-personala-sanatate-si-ingrijire-personala","10":"product_cat-ingrijire-personala-sanatate-si-ingrijire-personala","11":"product_cat-sanatate-si-ingrijire-personala","12":"pa_gen-female","13":"pa_marime-240-ml","15":"first","16":"instock","17":"sale","18":"product-type-external","19":"entry","20":"content-bg","21":"loop-entry"},"acf":[],"yoast_head":"<!-- This site is optimized with the Yoast SEO plugin v27.4 - https:\/\/yoast.com\/product\/yoast-seo-wordpress\/ -->\n<title>Dr. Bronner\u2019s Lavender s\u0103pun lichid universal 240 ml - SHOPATOA.COM<\/title>\n<meta name=\"robots\" content=\"index, follow, max-snippet:-1, max-image-preview:large, max-video-preview:-1\" \/>\n<link rel=\"canonical\" href=\"https:\/\/shopatoa.com\/ro\/dr-bronners-lavender-sapun-lichid-universal-240-ml\/\" \/>\n<meta property=\"og:locale\" content=\"ro_RO\" \/>\n<meta property=\"og:type\" content=\"article\" \/>\n<meta property=\"og:title\" content=\"Dr. Bronner\u2019s Lavender s\u0103pun lichid universal 240 ml - SHOPATOA.COM\" \/>\n<meta property=\"og:description\" content=\"Dr. Bronner\u2019s Lavender, 240 ml, Sapunuri lichid pentru femei, Caracteristici: spal\u0103 pielea \u0219i \u00eendep\u0103rteaz\u0103 impurit\u0103\u021bile red\u0103 pielii senza\u021bia de confort hr\u0103ne\u0219te \u0219i trateaz\u0103 pielea Cum se utilizeaz\u0103: Se aplic\u0103 pe m\u00e2inile ude \u0219i se spumeaz\u0103 u\u0219or. Se cl\u0103tesc bine m\u00e2inile. Se aplic\u0103 \u00een timpul du\u0219ului sau al b\u0103ii. Se aplic\u0103 pe \u00eentregul corp \u0219i se...\" \/>\n<meta property=\"og:url\" content=\"https:\/\/shopatoa.com\/ro\/dr-bronners-lavender-sapun-lichid-universal-240-ml\/\" \/>\n<meta property=\"og:site_name\" content=\"SHOPATOA\" \/>\n<meta property=\"article:modified_time\" content=\"2025-12-15T08:33:09+00:00\" \/>\n<meta property=\"og:image\" content=\"https:\/\/storage.googleapis.com\/cz-shopatoa-img\/ro\/3c26d163-unnamed-file.webp\" \/>\n\t<meta property=\"og:image:width\" content=\"800\" \/>\n\t<meta property=\"og:image:height\" content=\"800\" \/>\n\t<meta property=\"og:image:type\" content=\"image\/webp\" \/>\n<meta name=\"twitter:card\" content=\"summary_large_image\" \/>\n<script type=\"application\/ld+json\" class=\"yoast-schema-graph\">{\"@context\":\"https:\\\/\\\/schema.org\",\"@graph\":[{\"@type\":\"WebPage\",\"@id\":\"https:\\\/\\\/shopatoa.com\\\/ro\\\/dr-bronners-lavender-sapun-lichid-universal-240-ml\\\/\",\"url\":\"https:\\\/\\\/shopatoa.com\\\/ro\\\/dr-bronners-lavender-sapun-lichid-universal-240-ml\\\/\",\"name\":\"Dr. Bronner\u2019s Lavender s\u0103pun lichid universal 240 ml - SHOPATOA.COM\",\"isPartOf\":{\"@id\":\"https:\\\/\\\/shopatoa.com\\\/ro\\\/#website\"},\"primaryImageOfPage\":{\"@id\":\"https:\\\/\\\/shopatoa.com\\\/ro\\\/dr-bronners-lavender-sapun-lichid-universal-240-ml\\\/#primaryimage\"},\"image\":{\"@id\":\"https:\\\/\\\/shopatoa.com\\\/ro\\\/dr-bronners-lavender-sapun-lichid-universal-240-ml\\\/#primaryimage\"},\"thumbnailUrl\":\"https:\\\/\\\/storage.googleapis.com\\\/cz-shopatoa-img\\\/ro\\\/3c26d163-unnamed-file.webp\",\"datePublished\":\"2025-07-03T20:22:48+00:00\",\"dateModified\":\"2025-12-15T08:33:09+00:00\",\"breadcrumb\":{\"@id\":\"https:\\\/\\\/shopatoa.com\\\/ro\\\/dr-bronners-lavender-sapun-lichid-universal-240-ml\\\/#breadcrumb\"},\"inLanguage\":\"ro-RO\",\"potentialAction\":[{\"@type\":\"ReadAction\",\"target\":[\"https:\\\/\\\/shopatoa.com\\\/ro\\\/dr-bronners-lavender-sapun-lichid-universal-240-ml\\\/\"]}]},{\"@type\":\"ImageObject\",\"inLanguage\":\"ro-RO\",\"@id\":\"https:\\\/\\\/shopatoa.com\\\/ro\\\/dr-bronners-lavender-sapun-lichid-universal-240-ml\\\/#primaryimage\",\"url\":\"https:\\\/\\\/storage.googleapis.com\\\/cz-shopatoa-img\\\/ro\\\/3c26d163-unnamed-file.webp\",\"contentUrl\":\"https:\\\/\\\/storage.googleapis.com\\\/cz-shopatoa-img\\\/ro\\\/3c26d163-unnamed-file.webp\",\"width\":800,\"height\":800},{\"@type\":\"BreadcrumbList\",\"@id\":\"https:\\\/\\\/shopatoa.com\\\/ro\\\/dr-bronners-lavender-sapun-lichid-universal-240-ml\\\/#breadcrumb\",\"itemListElement\":[{\"@type\":\"ListItem\",\"position\":1,\"name\":\"Dom\u016f\",\"item\":\"https:\\\/\\\/shopatoa.com\\\/ro\\\/\"},{\"@type\":\"ListItem\",\"position\":2,\"name\":\"Shop\",\"item\":\"https:\\\/\\\/shopatoa.com\\\/ro\\\/shop\\\/\"},{\"@type\":\"ListItem\",\"position\":3,\"name\":\"S\u0103n\u0103tate \u0219i \u00cengrijire personal\u0103\",\"item\":\"https:\\\/\\\/shopatoa.com\\\/ro\\\/sanatate-si-ingrijire-personala\\\/\"},{\"@type\":\"ListItem\",\"position\":4,\"name\":\"\u00cengrijire personal\u0103\",\"item\":\"https:\\\/\\\/shopatoa.com\\\/ro\\\/ingrijire-personala-sanatate-si-ingrijire-personala\\\/\"},{\"@type\":\"ListItem\",\"position\":5,\"name\":\"Cosmetice\",\"item\":\"https:\\\/\\\/shopatoa.com\\\/ro\\\/cosmetice-ingrijire-personala-sanatate-si-ingrijire-personala\\\/\"},{\"@type\":\"ListItem\",\"position\":6,\"name\":\"Baie \u0219i Corp\",\"item\":\"https:\\\/\\\/shopatoa.com\\\/ro\\\/baie-si-corp-cosmetice-ingrijire-personala-sanatate-si-ingrijire-personala\\\/\"},{\"@type\":\"ListItem\",\"position\":7,\"name\":\"Gel de du\u0219\",\"item\":\"https:\\\/\\\/shopatoa.com\\\/ro\\\/gel-de-dus-baie-si-corp-cosmetice-ingrijire-personala-sanatate-si-ingrijire-personala\\\/\"},{\"@type\":\"ListItem\",\"position\":8,\"name\":\"Dr. Bronner\u2019s Lavender s\u0103pun lichid universal 240 ml\"}]},{\"@type\":\"WebSite\",\"@id\":\"https:\\\/\\\/shopatoa.com\\\/ro\\\/#website\",\"url\":\"https:\\\/\\\/shopatoa.com\\\/ro\\\/\",\"name\":\"SHOPATOA\",\"description\":\"\",\"publisher\":{\"@id\":\"https:\\\/\\\/shopatoa.com\\\/ro\\\/#organization\"},\"potentialAction\":[{\"@type\":\"SearchAction\",\"target\":{\"@type\":\"EntryPoint\",\"urlTemplate\":\"https:\\\/\\\/shopatoa.com\\\/ro\\\/?s={search_term_string}\"},\"query-input\":{\"@type\":\"PropertyValueSpecification\",\"valueRequired\":true,\"valueName\":\"search_term_string\"}}],\"inLanguage\":\"ro-RO\"},{\"@type\":\"Organization\",\"@id\":\"https:\\\/\\\/shopatoa.com\\\/ro\\\/#organization\",\"name\":\"SHOPATOA\",\"url\":\"https:\\\/\\\/shopatoa.com\\\/ro\\\/\",\"logo\":{\"@type\":\"ImageObject\",\"inLanguage\":\"ro-RO\",\"@id\":\"https:\\\/\\\/shopatoa.com\\\/ro\\\/#\\\/schema\\\/logo\\\/image\\\/\",\"url\":\"https:\\\/\\\/storage.googleapis.com\\\/cz-shopatoa-img\\\/ro\\\/b4dac915-shopatoa_logo.png\",\"contentUrl\":\"https:\\\/\\\/storage.googleapis.com\\\/cz-shopatoa-img\\\/ro\\\/b4dac915-shopatoa_logo.png\",\"width\":416,\"height\":63,\"caption\":\"SHOPATOA\"},\"image\":{\"@id\":\"https:\\\/\\\/shopatoa.com\\\/ro\\\/#\\\/schema\\\/logo\\\/image\\\/\"}}]}<\/script>\n<!-- \/ Yoast SEO plugin. -->","yoast_head_json":{"title":"Dr. Bronner\u2019s Lavender s\u0103pun lichid universal 240 ml - SHOPATOA.COM","robots":{"index":"index","follow":"follow","max-snippet":"max-snippet:-1","max-image-preview":"max-image-preview:large","max-video-preview":"max-video-preview:-1"},"canonical":"https:\/\/shopatoa.com\/ro\/dr-bronners-lavender-sapun-lichid-universal-240-ml\/","og_locale":"ro_RO","og_type":"article","og_title":"Dr. Bronner\u2019s Lavender s\u0103pun lichid universal 240 ml - SHOPATOA.COM","og_description":"Dr. Bronner\u2019s Lavender, 240 ml, Sapunuri lichid pentru femei, Caracteristici: spal\u0103 pielea \u0219i \u00eendep\u0103rteaz\u0103 impurit\u0103\u021bile red\u0103 pielii senza\u021bia de confort hr\u0103ne\u0219te \u0219i trateaz\u0103 pielea Cum se utilizeaz\u0103: Se aplic\u0103 pe m\u00e2inile ude \u0219i se spumeaz\u0103 u\u0219or. Se cl\u0103tesc bine m\u00e2inile. Se aplic\u0103 \u00een timpul du\u0219ului sau al b\u0103ii. Se aplic\u0103 pe \u00eentregul corp \u0219i se...","og_url":"https:\/\/shopatoa.com\/ro\/dr-bronners-lavender-sapun-lichid-universal-240-ml\/","og_site_name":"SHOPATOA","article_modified_time":"2025-12-15T08:33:09+00:00","og_image":[{"width":800,"height":800,"url":"https:\/\/storage.googleapis.com\/cz-shopatoa-img\/ro\/3c26d163-unnamed-file.webp","type":"image\/webp"}],"twitter_card":"summary_large_image","schema":{"@context":"https:\/\/schema.org","@graph":[{"@type":"WebPage","@id":"https:\/\/shopatoa.com\/ro\/dr-bronners-lavender-sapun-lichid-universal-240-ml\/","url":"https:\/\/shopatoa.com\/ro\/dr-bronners-lavender-sapun-lichid-universal-240-ml\/","name":"Dr. Bronner\u2019s Lavender s\u0103pun lichid universal 240 ml - SHOPATOA.COM","isPartOf":{"@id":"https:\/\/shopatoa.com\/ro\/#website"},"primaryImageOfPage":{"@id":"https:\/\/shopatoa.com\/ro\/dr-bronners-lavender-sapun-lichid-universal-240-ml\/#primaryimage"},"image":{"@id":"https:\/\/shopatoa.com\/ro\/dr-bronners-lavender-sapun-lichid-universal-240-ml\/#primaryimage"},"thumbnailUrl":"https:\/\/storage.googleapis.com\/cz-shopatoa-img\/ro\/3c26d163-unnamed-file.webp","datePublished":"2025-07-03T20:22:48+00:00","dateModified":"2025-12-15T08:33:09+00:00","breadcrumb":{"@id":"https:\/\/shopatoa.com\/ro\/dr-bronners-lavender-sapun-lichid-universal-240-ml\/#breadcrumb"},"inLanguage":"ro-RO","potentialAction":[{"@type":"ReadAction","target":["https:\/\/shopatoa.com\/ro\/dr-bronners-lavender-sapun-lichid-universal-240-ml\/"]}]},{"@type":"ImageObject","inLanguage":"ro-RO","@id":"https:\/\/shopatoa.com\/ro\/dr-bronners-lavender-sapun-lichid-universal-240-ml\/#primaryimage","url":"https:\/\/storage.googleapis.com\/cz-shopatoa-img\/ro\/3c26d163-unnamed-file.webp","contentUrl":"https:\/\/storage.googleapis.com\/cz-shopatoa-img\/ro\/3c26d163-unnamed-file.webp","width":800,"height":800},{"@type":"BreadcrumbList","@id":"https:\/\/shopatoa.com\/ro\/dr-bronners-lavender-sapun-lichid-universal-240-ml\/#breadcrumb","itemListElement":[{"@type":"ListItem","position":1,"name":"Dom\u016f","item":"https:\/\/shopatoa.com\/ro\/"},{"@type":"ListItem","position":2,"name":"Shop","item":"https:\/\/shopatoa.com\/ro\/shop\/"},{"@type":"ListItem","position":3,"name":"S\u0103n\u0103tate \u0219i \u00cengrijire personal\u0103","item":"https:\/\/shopatoa.com\/ro\/sanatate-si-ingrijire-personala\/"},{"@type":"ListItem","position":4,"name":"\u00cengrijire personal\u0103","item":"https:\/\/shopatoa.com\/ro\/ingrijire-personala-sanatate-si-ingrijire-personala\/"},{"@type":"ListItem","position":5,"name":"Cosmetice","item":"https:\/\/shopatoa.com\/ro\/cosmetice-ingrijire-personala-sanatate-si-ingrijire-personala\/"},{"@type":"ListItem","position":6,"name":"Baie \u0219i Corp","item":"https:\/\/shopatoa.com\/ro\/baie-si-corp-cosmetice-ingrijire-personala-sanatate-si-ingrijire-personala\/"},{"@type":"ListItem","position":7,"name":"Gel de du\u0219","item":"https:\/\/shopatoa.com\/ro\/gel-de-dus-baie-si-corp-cosmetice-ingrijire-personala-sanatate-si-ingrijire-personala\/"},{"@type":"ListItem","position":8,"name":"Dr. Bronner\u2019s Lavender s\u0103pun lichid universal 240 ml"}]},{"@type":"WebSite","@id":"https:\/\/shopatoa.com\/ro\/#website","url":"https:\/\/shopatoa.com\/ro\/","name":"SHOPATOA","description":"","publisher":{"@id":"https:\/\/shopatoa.com\/ro\/#organization"},"potentialAction":[{"@type":"SearchAction","target":{"@type":"EntryPoint","urlTemplate":"https:\/\/shopatoa.com\/ro\/?s={search_term_string}"},"query-input":{"@type":"PropertyValueSpecification","valueRequired":true,"valueName":"search_term_string"}}],"inLanguage":"ro-RO"},{"@type":"Organization","@id":"https:\/\/shopatoa.com\/ro\/#organization","name":"SHOPATOA","url":"https:\/\/shopatoa.com\/ro\/","logo":{"@type":"ImageObject","inLanguage":"ro-RO","@id":"https:\/\/shopatoa.com\/ro\/#\/schema\/logo\/image\/","url":"https:\/\/storage.googleapis.com\/cz-shopatoa-img\/ro\/b4dac915-shopatoa_logo.png","contentUrl":"https:\/\/storage.googleapis.com\/cz-shopatoa-img\/ro\/b4dac915-shopatoa_logo.png","width":416,"height":63,"caption":"SHOPATOA"},"image":{"@id":"https:\/\/shopatoa.com\/ro\/#\/schema\/logo\/image\/"}}]}},"_links":{"self":[{"href":"https:\/\/shopatoa.com\/ro\/wp-json\/wp\/v2\/product\/494298","targetHints":{"allow":["GET"]}}],"collection":[{"href":"https:\/\/shopatoa.com\/ro\/wp-json\/wp\/v2\/product"}],"about":[{"href":"https:\/\/shopatoa.com\/ro\/wp-json\/wp\/v2\/types\/product"}],"replies":[{"embeddable":true,"href":"https:\/\/shopatoa.com\/ro\/wp-json\/wp\/v2\/comments?post=494298"}],"wp:featuredmedia":[{"embeddable":true,"href":"https:\/\/shopatoa.com\/ro\/wp-json\/wp\/v2\/media\/494299"}],"wp:attachment":[{"href":"https:\/\/shopatoa.com\/ro\/wp-json\/wp\/v2\/media?parent=494298"}],"wp:term":[{"taxonomy":"product_brand","embeddable":true,"href":"https:\/\/shopatoa.com\/ro\/wp-json\/wp\/v2\/product_brand?post=494298"},{"taxonomy":"product_cat","embeddable":true,"href":"https:\/\/shopatoa.com\/ro\/wp-json\/wp\/v2\/product_cat?post=494298"},{"taxonomy":"product_tag","embeddable":true,"href":"https:\/\/shopatoa.com\/ro\/wp-json\/wp\/v2\/product_tag?post=494298"}],"curies":[{"name":"wp","href":"https:\/\/api.w.org\/{rel}","templated":true}]}}