{"id":494728,"date":"2025-07-03T23:10:31","date_gmt":"2025-07-03T21:10:31","guid":{"rendered":"https:\/\/shopatoa.com\/ro\/acm-cicastim-repair-cream-crema-de-regenerare-si-calmare-20-ml\/"},"modified":"2025-12-15T07:02:17","modified_gmt":"2025-12-15T06:02:17","slug":"acm-cicastim-repair-cream-crema-de-regenerare-si-calmare-20-ml","status":"publish","type":"product","link":"https:\/\/shopatoa.com\/ro\/acm-cicastim-repair-cream-crema-de-regenerare-si-calmare-20-ml\/","title":{"rendered":"ACM Cicastim Repair Cream Crema de regenerare si calmare 20 ml"},"content":{"rendered":"<p>ACM Cicastim Repair Cream, 20 ml, Lo\u021biuni \u0219i creme de corp pentru b\u0103rba\u021bi, \u00cengrijire SOS pentru pielea uscat\u0103 sau stresat\u0103? C\u00e2nd vine vorba de hidratarea \u0219i regenerarea pielii, uneori este mai bine s\u0103 apela\u021bi la produse clasice dovedite. Vaselina ACM Cicastim Repair Cream formeaz\u0103 la suprafa\u021ba pielii o barier\u0103 protectoare, care re\u021bine umiditatea \u0219i previne uscarea sau deteriorarea pielii. \u00cen plus, favorizeaz\u0103 re\u00eennoirea acesteia, accelereaz\u0103 regenerarea \u0219i asigur\u0103 o lubrifiere temeinic\u0103.  Caracteristici:  reduce pruritul \u0219i senza\u021bia de arsur\u0103 a pielii calmeaz\u0103 irita\u021biile pielii se poate utiliza pe corp \u0219i pe fa\u021b\u0103 regenereaz\u0103 bariera pielii protejeaz\u0103 pielea \u00eempotriva usc\u0103rii  Ingrediente:  vitamina E \u2013 hr\u0103ne\u0219te, ofer\u0103 protec\u021bie antioxidant\u0103 \u00eempotriva \u00eemb\u0103tr\u00e2nirii premature \u0219i a deterior\u0103rii cauzate de radicalii liberi, ajut\u0103 la netezirea ridurilor \u0219i la restabilirea fermit\u0103\u021bii \u0219i elasticit\u0103\u021bii pielii  Cum se utilizeaz\u0103: Aplica\u021bi local pe zonele uscate \u0219i iritate. Utiliza\u021bi de 2\u00d7 pe zi.<\/p>\n","protected":false},"excerpt":{"rendered":"<p>ACM Cicastim Repair Cream, 20 ml, Lo\u021biuni \u0219i creme de corp pentru b\u0103rba\u021bi, \u00cengrijire SOS pentru pielea uscat\u0103 sau stresat\u0103? C\u00e2nd vine vorba de hidratarea \u0219i regenerarea pielii, uneori este mai bine s\u0103 apela\u021bi la produse clasice dovedite. Vaselina ACM Cicastim Repair Cream formeaz\u0103 la suprafa\u021ba pielii o barier\u0103 protectoare, care re\u021bine umiditatea \u0219i previne&#8230;<\/p>\n","protected":false},"featured_media":494729,"comment_status":"closed","ping_status":"open","template":"","meta":{"_acf_changed":false,"_kadence_starter_templates_imported_post":false,"_kad_post_transparent":"","_kad_post_title":"","_kad_post_layout":"","_kad_post_sidebar_id":"","_kad_post_content_style":"","_kad_post_vertical_padding":"","_kad_post_feature":"","_kad_post_feature_position":"","_kad_post_header":false,"_kad_post_footer":false,"_kad_post_classname":""},"product_brand":[281],"product_cat":[1564,1563,1565,1562],"product_tag":[],"class_list":{"0":"post-494728","1":"product","2":"type-product","3":"status-publish","4":"has-post-thumbnail","6":"product_brand-acm","7":"product_cat-cosmetice-ingrijire-personala","8":"product_cat-ingrijire-personala","9":"product_cat-ingrijirea-pielii","10":"product_cat-sanatate-si-frumusete","11":"pa_gen-female","12":"pa_marime-20-ml","14":"first","15":"instock","16":"sale","17":"product-type-external","18":"entry","19":"content-bg","20":"loop-entry"},"acf":[],"yoast_head":"<!-- This site is optimized with the Yoast SEO plugin v27.3 - https:\/\/yoast.com\/product\/yoast-seo-wordpress\/ -->\n<title>ACM Cicastim Repair Cream Crema de regenerare si calmare 20 ml - SHOPATOA.COM<\/title>\n<meta name=\"robots\" content=\"index, follow, max-snippet:-1, max-image-preview:large, max-video-preview:-1\" \/>\n<link rel=\"canonical\" href=\"https:\/\/shopatoa.com\/ro\/acm-cicastim-repair-cream-crema-de-regenerare-si-calmare-20-ml\/\" \/>\n<meta property=\"og:locale\" content=\"ro_RO\" \/>\n<meta property=\"og:type\" content=\"article\" \/>\n<meta property=\"og:title\" content=\"ACM Cicastim Repair Cream Crema de regenerare si calmare 20 ml - SHOPATOA.COM\" \/>\n<meta property=\"og:description\" content=\"ACM Cicastim Repair Cream, 20 ml, Lo\u021biuni \u0219i creme de corp pentru b\u0103rba\u021bi, \u00cengrijire SOS pentru pielea uscat\u0103 sau stresat\u0103? C\u00e2nd vine vorba de hidratarea \u0219i regenerarea pielii, uneori este mai bine s\u0103 apela\u021bi la produse clasice dovedite. Vaselina ACM Cicastim Repair Cream formeaz\u0103 la suprafa\u021ba pielii o barier\u0103 protectoare, care re\u021bine umiditatea \u0219i previne...\" \/>\n<meta property=\"og:url\" content=\"https:\/\/shopatoa.com\/ro\/acm-cicastim-repair-cream-crema-de-regenerare-si-calmare-20-ml\/\" \/>\n<meta property=\"og:site_name\" content=\"SHOPATOA\" \/>\n<meta property=\"article:modified_time\" content=\"2025-12-15T06:02:17+00:00\" \/>\n<meta property=\"og:image\" content=\"https:\/\/storage.googleapis.com\/cz-shopatoa-img\/ro\/b40cbdf2-unnamed-file.webp\" \/>\n\t<meta property=\"og:image:width\" content=\"800\" \/>\n\t<meta property=\"og:image:height\" content=\"800\" \/>\n\t<meta property=\"og:image:type\" content=\"image\/webp\" \/>\n<meta name=\"twitter:card\" content=\"summary_large_image\" \/>\n<meta name=\"twitter:label1\" content=\"Timp estimat pentru citire\" \/>\n\t<meta name=\"twitter:data1\" content=\"1 minut\" \/>\n<script type=\"application\/ld+json\" class=\"yoast-schema-graph\">{\"@context\":\"https:\\\/\\\/schema.org\",\"@graph\":[{\"@type\":\"WebPage\",\"@id\":\"https:\\\/\\\/shopatoa.com\\\/ro\\\/acm-cicastim-repair-cream-crema-de-regenerare-si-calmare-20-ml\\\/\",\"url\":\"https:\\\/\\\/shopatoa.com\\\/ro\\\/acm-cicastim-repair-cream-crema-de-regenerare-si-calmare-20-ml\\\/\",\"name\":\"ACM Cicastim Repair Cream Crema de regenerare si calmare 20 ml - SHOPATOA.COM\",\"isPartOf\":{\"@id\":\"https:\\\/\\\/shopatoa.com\\\/ro\\\/#website\"},\"primaryImageOfPage\":{\"@id\":\"https:\\\/\\\/shopatoa.com\\\/ro\\\/acm-cicastim-repair-cream-crema-de-regenerare-si-calmare-20-ml\\\/#primaryimage\"},\"image\":{\"@id\":\"https:\\\/\\\/shopatoa.com\\\/ro\\\/acm-cicastim-repair-cream-crema-de-regenerare-si-calmare-20-ml\\\/#primaryimage\"},\"thumbnailUrl\":\"https:\\\/\\\/storage.googleapis.com\\\/cz-shopatoa-img\\\/ro\\\/b40cbdf2-unnamed-file.webp\",\"datePublished\":\"2025-07-03T21:10:31+00:00\",\"dateModified\":\"2025-12-15T06:02:17+00:00\",\"breadcrumb\":{\"@id\":\"https:\\\/\\\/shopatoa.com\\\/ro\\\/acm-cicastim-repair-cream-crema-de-regenerare-si-calmare-20-ml\\\/#breadcrumb\"},\"inLanguage\":\"ro-RO\",\"potentialAction\":[{\"@type\":\"ReadAction\",\"target\":[\"https:\\\/\\\/shopatoa.com\\\/ro\\\/acm-cicastim-repair-cream-crema-de-regenerare-si-calmare-20-ml\\\/\"]}]},{\"@type\":\"ImageObject\",\"inLanguage\":\"ro-RO\",\"@id\":\"https:\\\/\\\/shopatoa.com\\\/ro\\\/acm-cicastim-repair-cream-crema-de-regenerare-si-calmare-20-ml\\\/#primaryimage\",\"url\":\"https:\\\/\\\/storage.googleapis.com\\\/cz-shopatoa-img\\\/ro\\\/b40cbdf2-unnamed-file.webp\",\"contentUrl\":\"https:\\\/\\\/storage.googleapis.com\\\/cz-shopatoa-img\\\/ro\\\/b40cbdf2-unnamed-file.webp\",\"width\":800,\"height\":800},{\"@type\":\"BreadcrumbList\",\"@id\":\"https:\\\/\\\/shopatoa.com\\\/ro\\\/acm-cicastim-repair-cream-crema-de-regenerare-si-calmare-20-ml\\\/#breadcrumb\",\"itemListElement\":[{\"@type\":\"ListItem\",\"position\":1,\"name\":\"Dom\u016f\",\"item\":\"https:\\\/\\\/shopatoa.com\\\/ro\\\/\"},{\"@type\":\"ListItem\",\"position\":2,\"name\":\"Shop\",\"item\":\"https:\\\/\\\/shopatoa.com\\\/ro\\\/shop\\\/\"},{\"@type\":\"ListItem\",\"position\":3,\"name\":\"S\u0103n\u0103tate \u0219i frumuse\u021be\",\"item\":\"https:\\\/\\\/shopatoa.com\\\/ro\\\/sanatate-si-frumusete\\\/\"},{\"@type\":\"ListItem\",\"position\":4,\"name\":\"\u00cengrijire personal\u0103\",\"item\":\"https:\\\/\\\/shopatoa.com\\\/ro\\\/ingrijire-personala\\\/\"},{\"@type\":\"ListItem\",\"position\":5,\"name\":\"Cosmetice\",\"item\":\"https:\\\/\\\/shopatoa.com\\\/ro\\\/cosmetice-ingrijire-personala\\\/\"},{\"@type\":\"ListItem\",\"position\":6,\"name\":\"\u00cengrijirea pielii\",\"item\":\"https:\\\/\\\/shopatoa.com\\\/ro\\\/ingrijirea-pielii\\\/\"},{\"@type\":\"ListItem\",\"position\":7,\"name\":\"ACM Cicastim Repair Cream Crema de regenerare si calmare 20 ml\"}]},{\"@type\":\"WebSite\",\"@id\":\"https:\\\/\\\/shopatoa.com\\\/ro\\\/#website\",\"url\":\"https:\\\/\\\/shopatoa.com\\\/ro\\\/\",\"name\":\"SHOPATOA\",\"description\":\"\",\"publisher\":{\"@id\":\"https:\\\/\\\/shopatoa.com\\\/ro\\\/#organization\"},\"potentialAction\":[{\"@type\":\"SearchAction\",\"target\":{\"@type\":\"EntryPoint\",\"urlTemplate\":\"https:\\\/\\\/shopatoa.com\\\/ro\\\/?s={search_term_string}\"},\"query-input\":{\"@type\":\"PropertyValueSpecification\",\"valueRequired\":true,\"valueName\":\"search_term_string\"}}],\"inLanguage\":\"ro-RO\"},{\"@type\":\"Organization\",\"@id\":\"https:\\\/\\\/shopatoa.com\\\/ro\\\/#organization\",\"name\":\"SHOPATOA\",\"url\":\"https:\\\/\\\/shopatoa.com\\\/ro\\\/\",\"logo\":{\"@type\":\"ImageObject\",\"inLanguage\":\"ro-RO\",\"@id\":\"https:\\\/\\\/shopatoa.com\\\/ro\\\/#\\\/schema\\\/logo\\\/image\\\/\",\"url\":\"https:\\\/\\\/storage.googleapis.com\\\/cz-shopatoa-img\\\/ro\\\/b4dac915-shopatoa_logo.png\",\"contentUrl\":\"https:\\\/\\\/storage.googleapis.com\\\/cz-shopatoa-img\\\/ro\\\/b4dac915-shopatoa_logo.png\",\"width\":416,\"height\":63,\"caption\":\"SHOPATOA\"},\"image\":{\"@id\":\"https:\\\/\\\/shopatoa.com\\\/ro\\\/#\\\/schema\\\/logo\\\/image\\\/\"}}]}<\/script>\n<!-- \/ Yoast SEO plugin. -->","yoast_head_json":{"title":"ACM Cicastim Repair Cream Crema de regenerare si calmare 20 ml - SHOPATOA.COM","robots":{"index":"index","follow":"follow","max-snippet":"max-snippet:-1","max-image-preview":"max-image-preview:large","max-video-preview":"max-video-preview:-1"},"canonical":"https:\/\/shopatoa.com\/ro\/acm-cicastim-repair-cream-crema-de-regenerare-si-calmare-20-ml\/","og_locale":"ro_RO","og_type":"article","og_title":"ACM Cicastim Repair Cream Crema de regenerare si calmare 20 ml - SHOPATOA.COM","og_description":"ACM Cicastim Repair Cream, 20 ml, Lo\u021biuni \u0219i creme de corp pentru b\u0103rba\u021bi, \u00cengrijire SOS pentru pielea uscat\u0103 sau stresat\u0103? C\u00e2nd vine vorba de hidratarea \u0219i regenerarea pielii, uneori este mai bine s\u0103 apela\u021bi la produse clasice dovedite. Vaselina ACM Cicastim Repair Cream formeaz\u0103 la suprafa\u021ba pielii o barier\u0103 protectoare, care re\u021bine umiditatea \u0219i previne...","og_url":"https:\/\/shopatoa.com\/ro\/acm-cicastim-repair-cream-crema-de-regenerare-si-calmare-20-ml\/","og_site_name":"SHOPATOA","article_modified_time":"2025-12-15T06:02:17+00:00","og_image":[{"width":800,"height":800,"url":"https:\/\/storage.googleapis.com\/cz-shopatoa-img\/ro\/b40cbdf2-unnamed-file.webp","type":"image\/webp"}],"twitter_card":"summary_large_image","twitter_misc":{"Timp estimat pentru citire":"1 minut"},"schema":{"@context":"https:\/\/schema.org","@graph":[{"@type":"WebPage","@id":"https:\/\/shopatoa.com\/ro\/acm-cicastim-repair-cream-crema-de-regenerare-si-calmare-20-ml\/","url":"https:\/\/shopatoa.com\/ro\/acm-cicastim-repair-cream-crema-de-regenerare-si-calmare-20-ml\/","name":"ACM Cicastim Repair Cream Crema de regenerare si calmare 20 ml - SHOPATOA.COM","isPartOf":{"@id":"https:\/\/shopatoa.com\/ro\/#website"},"primaryImageOfPage":{"@id":"https:\/\/shopatoa.com\/ro\/acm-cicastim-repair-cream-crema-de-regenerare-si-calmare-20-ml\/#primaryimage"},"image":{"@id":"https:\/\/shopatoa.com\/ro\/acm-cicastim-repair-cream-crema-de-regenerare-si-calmare-20-ml\/#primaryimage"},"thumbnailUrl":"https:\/\/storage.googleapis.com\/cz-shopatoa-img\/ro\/b40cbdf2-unnamed-file.webp","datePublished":"2025-07-03T21:10:31+00:00","dateModified":"2025-12-15T06:02:17+00:00","breadcrumb":{"@id":"https:\/\/shopatoa.com\/ro\/acm-cicastim-repair-cream-crema-de-regenerare-si-calmare-20-ml\/#breadcrumb"},"inLanguage":"ro-RO","potentialAction":[{"@type":"ReadAction","target":["https:\/\/shopatoa.com\/ro\/acm-cicastim-repair-cream-crema-de-regenerare-si-calmare-20-ml\/"]}]},{"@type":"ImageObject","inLanguage":"ro-RO","@id":"https:\/\/shopatoa.com\/ro\/acm-cicastim-repair-cream-crema-de-regenerare-si-calmare-20-ml\/#primaryimage","url":"https:\/\/storage.googleapis.com\/cz-shopatoa-img\/ro\/b40cbdf2-unnamed-file.webp","contentUrl":"https:\/\/storage.googleapis.com\/cz-shopatoa-img\/ro\/b40cbdf2-unnamed-file.webp","width":800,"height":800},{"@type":"BreadcrumbList","@id":"https:\/\/shopatoa.com\/ro\/acm-cicastim-repair-cream-crema-de-regenerare-si-calmare-20-ml\/#breadcrumb","itemListElement":[{"@type":"ListItem","position":1,"name":"Dom\u016f","item":"https:\/\/shopatoa.com\/ro\/"},{"@type":"ListItem","position":2,"name":"Shop","item":"https:\/\/shopatoa.com\/ro\/shop\/"},{"@type":"ListItem","position":3,"name":"S\u0103n\u0103tate \u0219i frumuse\u021be","item":"https:\/\/shopatoa.com\/ro\/sanatate-si-frumusete\/"},{"@type":"ListItem","position":4,"name":"\u00cengrijire personal\u0103","item":"https:\/\/shopatoa.com\/ro\/ingrijire-personala\/"},{"@type":"ListItem","position":5,"name":"Cosmetice","item":"https:\/\/shopatoa.com\/ro\/cosmetice-ingrijire-personala\/"},{"@type":"ListItem","position":6,"name":"\u00cengrijirea pielii","item":"https:\/\/shopatoa.com\/ro\/ingrijirea-pielii\/"},{"@type":"ListItem","position":7,"name":"ACM Cicastim Repair Cream Crema de regenerare si calmare 20 ml"}]},{"@type":"WebSite","@id":"https:\/\/shopatoa.com\/ro\/#website","url":"https:\/\/shopatoa.com\/ro\/","name":"SHOPATOA","description":"","publisher":{"@id":"https:\/\/shopatoa.com\/ro\/#organization"},"potentialAction":[{"@type":"SearchAction","target":{"@type":"EntryPoint","urlTemplate":"https:\/\/shopatoa.com\/ro\/?s={search_term_string}"},"query-input":{"@type":"PropertyValueSpecification","valueRequired":true,"valueName":"search_term_string"}}],"inLanguage":"ro-RO"},{"@type":"Organization","@id":"https:\/\/shopatoa.com\/ro\/#organization","name":"SHOPATOA","url":"https:\/\/shopatoa.com\/ro\/","logo":{"@type":"ImageObject","inLanguage":"ro-RO","@id":"https:\/\/shopatoa.com\/ro\/#\/schema\/logo\/image\/","url":"https:\/\/storage.googleapis.com\/cz-shopatoa-img\/ro\/b4dac915-shopatoa_logo.png","contentUrl":"https:\/\/storage.googleapis.com\/cz-shopatoa-img\/ro\/b4dac915-shopatoa_logo.png","width":416,"height":63,"caption":"SHOPATOA"},"image":{"@id":"https:\/\/shopatoa.com\/ro\/#\/schema\/logo\/image\/"}}]}},"_links":{"self":[{"href":"https:\/\/shopatoa.com\/ro\/wp-json\/wp\/v2\/product\/494728","targetHints":{"allow":["GET"]}}],"collection":[{"href":"https:\/\/shopatoa.com\/ro\/wp-json\/wp\/v2\/product"}],"about":[{"href":"https:\/\/shopatoa.com\/ro\/wp-json\/wp\/v2\/types\/product"}],"replies":[{"embeddable":true,"href":"https:\/\/shopatoa.com\/ro\/wp-json\/wp\/v2\/comments?post=494728"}],"wp:featuredmedia":[{"embeddable":true,"href":"https:\/\/shopatoa.com\/ro\/wp-json\/wp\/v2\/media\/494729"}],"wp:attachment":[{"href":"https:\/\/shopatoa.com\/ro\/wp-json\/wp\/v2\/media?parent=494728"}],"wp:term":[{"taxonomy":"product_brand","embeddable":true,"href":"https:\/\/shopatoa.com\/ro\/wp-json\/wp\/v2\/product_brand?post=494728"},{"taxonomy":"product_cat","embeddable":true,"href":"https:\/\/shopatoa.com\/ro\/wp-json\/wp\/v2\/product_cat?post=494728"},{"taxonomy":"product_tag","embeddable":true,"href":"https:\/\/shopatoa.com\/ro\/wp-json\/wp\/v2\/product_tag?post=494728"}],"curies":[{"name":"wp","href":"https:\/\/api.w.org\/{rel}","templated":true}]}}