{"id":494946,"date":"2025-07-03T23:30:32","date_gmt":"2025-07-03T21:30:32","guid":{"rendered":"https:\/\/shopatoa.com\/ro\/haruharu-wonder-black-rice-probiotics-barrier-esenta-pentru-nutritia-tenului-si-mentinerea-hidratarii-naturale-a-acestuia-120-ml\/"},"modified":"2025-12-15T05:42:26","modified_gmt":"2025-12-15T04:42:26","slug":"haruharu-wonder-black-rice-probiotics-barrier-esenta-pentru-nutritia-tenului-si-mentinerea-hidratarii-naturale-a-acestuia-120-ml","status":"publish","type":"product","link":"https:\/\/shopatoa.com\/ro\/haruharu-wonder-black-rice-probiotics-barrier-esenta-pentru-nutritia-tenului-si-mentinerea-hidratarii-naturale-a-acestuia-120-ml\/","title":{"rendered":"Haruharu Wonder Black Rice Probiotics Barrier Esenta pentru nutri\u021bia tenului \u0219i men\u021binerea hidrat\u0103rii naturale a acestuia 120 ml"},"content":{"rendered":"<p>Haruharu Wonder Black Rice Probiotics Barrier, 120 ml, Seruri pentru piele pentru femei, Tranzi\u021bia dintre cur\u0103\u021bare \u0219i rutina ulterioar\u0103 de \u00eengrijire a tenului este la fel de important\u0103 ca \u0219i procesul de cur\u0103\u021bare \u00een sine. Tonicul facial Haruharu Wonder Black Rice Probiotics Barrier \u00eembog\u0103\u021be\u0219te \u00eentreaga rutin\u0103 de cur\u0103\u021bare a tenului, conect\u00e2nd perfect etapele individuale ale acestor procese. Acesta se va ocupa de procesul de dup\u0103 cur\u0103\u021barea tenului, \u00eendep\u0103rt\u00e2nd reziduurile de machiaj, impurit\u0103\u021bile \u0219i produsele de cur\u0103\u021bare, \u00een timp ce tonifiaz\u0103 delicat tenul. \u00cel l\u0103sa perfect cur\u0103\u021bat \u0219i preg\u0103tit pentru \u00eengrijirea ulterioar\u0103, dar \u0219i revigorat, calmat \u0219i echilibrat.  Caracteristici:  hidrateaz\u0103 \u0219i hr\u0103ne\u0219te pielea protejeaz\u0103 pielea fa\u021b\u0103 de influen\u021be externe nocive las\u0103 pielea fin\u0103, moale \u0219i radioas\u0103 regenereaz\u0103 tenul are efect de calmare produsul este hipoalergenic  Ingrediente:  nu con\u021bine parfum testat dermatologic acid hialuronic \u2013 leag\u0103 o cantitate mare de ap\u0103 \u0219i hidrateaz\u0103 intens niacinamid\u0103 \u2013 favorizeaz\u0103 luminozitatea tenului, reducerea petelor pigmentare, uniformizarea nuan\u021bei \u0219i netezirea texturii neuniforme, contribuie la \u00eent\u0103rirea barierei protectoare cutanate \u0219i la \u00eembun\u0103t\u0103\u021birea nivelului de hidratare a tenului adenozin\u0103 \u2013 are efecte calmante, combate irita\u021biile  Cum se utilizeaz\u0103: Se aplic\u0103 pe fa\u021b\u0103, cu mi\u0219c\u0103ri line. Tapota\u021bi u\u0219or cu v\u00e2rful degetelor pentru a favoriza absorb\u021bia.<\/p>\n","protected":false},"excerpt":{"rendered":"<p>Haruharu Wonder Black Rice Probiotics Barrier, 120 ml, Seruri pentru piele pentru femei, Tranzi\u021bia dintre cur\u0103\u021bare \u0219i rutina ulterioar\u0103 de \u00eengrijire a tenului este la fel de important\u0103 ca \u0219i procesul de cur\u0103\u021bare \u00een sine. Tonicul facial Haruharu Wonder Black Rice Probiotics Barrier \u00eembog\u0103\u021be\u0219te \u00eentreaga rutin\u0103 de cur\u0103\u021bare a tenului, conect\u00e2nd perfect etapele individuale ale&#8230;<\/p>\n","protected":false},"featured_media":494947,"comment_status":"closed","ping_status":"open","template":"","meta":{"_acf_changed":false,"_kadence_starter_templates_imported_post":false,"_kad_post_transparent":"","_kad_post_title":"","_kad_post_layout":"","_kad_post_sidebar_id":"","_kad_post_content_style":"","_kad_post_vertical_padding":"","_kad_post_feature":"","_kad_post_feature_position":"","_kad_post_header":false,"_kad_post_footer":false,"_kad_post_classname":""},"product_brand":[819],"product_cat":[1564,1563,1565,1562],"product_tag":[],"class_list":{"0":"post-494946","1":"product","2":"type-product","3":"status-publish","4":"has-post-thumbnail","6":"product_brand-haruharu-wonder","7":"product_cat-cosmetice-ingrijire-personala","8":"product_cat-ingrijire-personala","9":"product_cat-ingrijirea-pielii","10":"product_cat-sanatate-si-frumusete","11":"pa_gen-female","12":"pa_marime-120-ml","14":"first","15":"instock","16":"sale","17":"product-type-external","18":"entry","19":"content-bg","20":"loop-entry"},"acf":[],"yoast_head":"<!-- This site is optimized with the Yoast SEO plugin v27.4 - https:\/\/yoast.com\/product\/yoast-seo-wordpress\/ -->\n<title>Haruharu Wonder Black Rice Probiotics Barrier Esenta pentru nutri\u021bia tenului \u0219i men\u021binerea hidrat\u0103rii naturale a acestuia 120 ml - SHOPATOA.COM<\/title>\n<meta name=\"robots\" content=\"index, follow, max-snippet:-1, max-image-preview:large, max-video-preview:-1\" \/>\n<link rel=\"canonical\" href=\"https:\/\/shopatoa.com\/ro\/haruharu-wonder-black-rice-probiotics-barrier-esenta-pentru-nutritia-tenului-si-mentinerea-hidratarii-naturale-a-acestuia-120-ml\/\" \/>\n<meta property=\"og:locale\" content=\"ro_RO\" \/>\n<meta property=\"og:type\" content=\"article\" \/>\n<meta property=\"og:title\" content=\"Haruharu Wonder Black Rice Probiotics Barrier Esenta pentru nutri\u021bia tenului \u0219i men\u021binerea hidrat\u0103rii naturale a acestuia 120 ml - SHOPATOA.COM\" \/>\n<meta property=\"og:description\" content=\"Haruharu Wonder Black Rice Probiotics Barrier, 120 ml, Seruri pentru piele pentru femei, Tranzi\u021bia dintre cur\u0103\u021bare \u0219i rutina ulterioar\u0103 de \u00eengrijire a tenului este la fel de important\u0103 ca \u0219i procesul de cur\u0103\u021bare \u00een sine. Tonicul facial Haruharu Wonder Black Rice Probiotics Barrier \u00eembog\u0103\u021be\u0219te \u00eentreaga rutin\u0103 de cur\u0103\u021bare a tenului, conect\u00e2nd perfect etapele individuale ale...\" \/>\n<meta property=\"og:url\" content=\"https:\/\/shopatoa.com\/ro\/haruharu-wonder-black-rice-probiotics-barrier-esenta-pentru-nutritia-tenului-si-mentinerea-hidratarii-naturale-a-acestuia-120-ml\/\" \/>\n<meta property=\"og:site_name\" content=\"SHOPATOA\" \/>\n<meta property=\"article:modified_time\" content=\"2025-12-15T04:42:26+00:00\" \/>\n<meta property=\"og:image\" content=\"https:\/\/storage.googleapis.com\/cz-shopatoa-img\/ro\/66ad14d2-unnamed-file.webp\" \/>\n\t<meta property=\"og:image:width\" content=\"800\" \/>\n\t<meta property=\"og:image:height\" content=\"800\" \/>\n\t<meta property=\"og:image:type\" content=\"image\/webp\" \/>\n<meta name=\"twitter:card\" content=\"summary_large_image\" \/>\n<meta name=\"twitter:label1\" content=\"Timp estimat pentru citire\" \/>\n\t<meta name=\"twitter:data1\" content=\"1 minut\" \/>\n<script type=\"application\/ld+json\" class=\"yoast-schema-graph\">{\"@context\":\"https:\\\/\\\/schema.org\",\"@graph\":[{\"@type\":\"WebPage\",\"@id\":\"https:\\\/\\\/shopatoa.com\\\/ro\\\/haruharu-wonder-black-rice-probiotics-barrier-esenta-pentru-nutritia-tenului-si-mentinerea-hidratarii-naturale-a-acestuia-120-ml\\\/\",\"url\":\"https:\\\/\\\/shopatoa.com\\\/ro\\\/haruharu-wonder-black-rice-probiotics-barrier-esenta-pentru-nutritia-tenului-si-mentinerea-hidratarii-naturale-a-acestuia-120-ml\\\/\",\"name\":\"Haruharu Wonder Black Rice Probiotics Barrier Esenta pentru nutri\u021bia tenului \u0219i men\u021binerea hidrat\u0103rii naturale a acestuia 120 ml - SHOPATOA.COM\",\"isPartOf\":{\"@id\":\"https:\\\/\\\/shopatoa.com\\\/ro\\\/#website\"},\"primaryImageOfPage\":{\"@id\":\"https:\\\/\\\/shopatoa.com\\\/ro\\\/haruharu-wonder-black-rice-probiotics-barrier-esenta-pentru-nutritia-tenului-si-mentinerea-hidratarii-naturale-a-acestuia-120-ml\\\/#primaryimage\"},\"image\":{\"@id\":\"https:\\\/\\\/shopatoa.com\\\/ro\\\/haruharu-wonder-black-rice-probiotics-barrier-esenta-pentru-nutritia-tenului-si-mentinerea-hidratarii-naturale-a-acestuia-120-ml\\\/#primaryimage\"},\"thumbnailUrl\":\"https:\\\/\\\/storage.googleapis.com\\\/cz-shopatoa-img\\\/ro\\\/66ad14d2-unnamed-file.webp\",\"datePublished\":\"2025-07-03T21:30:32+00:00\",\"dateModified\":\"2025-12-15T04:42:26+00:00\",\"breadcrumb\":{\"@id\":\"https:\\\/\\\/shopatoa.com\\\/ro\\\/haruharu-wonder-black-rice-probiotics-barrier-esenta-pentru-nutritia-tenului-si-mentinerea-hidratarii-naturale-a-acestuia-120-ml\\\/#breadcrumb\"},\"inLanguage\":\"ro-RO\",\"potentialAction\":[{\"@type\":\"ReadAction\",\"target\":[\"https:\\\/\\\/shopatoa.com\\\/ro\\\/haruharu-wonder-black-rice-probiotics-barrier-esenta-pentru-nutritia-tenului-si-mentinerea-hidratarii-naturale-a-acestuia-120-ml\\\/\"]}]},{\"@type\":\"ImageObject\",\"inLanguage\":\"ro-RO\",\"@id\":\"https:\\\/\\\/shopatoa.com\\\/ro\\\/haruharu-wonder-black-rice-probiotics-barrier-esenta-pentru-nutritia-tenului-si-mentinerea-hidratarii-naturale-a-acestuia-120-ml\\\/#primaryimage\",\"url\":\"https:\\\/\\\/storage.googleapis.com\\\/cz-shopatoa-img\\\/ro\\\/66ad14d2-unnamed-file.webp\",\"contentUrl\":\"https:\\\/\\\/storage.googleapis.com\\\/cz-shopatoa-img\\\/ro\\\/66ad14d2-unnamed-file.webp\",\"width\":800,\"height\":800},{\"@type\":\"BreadcrumbList\",\"@id\":\"https:\\\/\\\/shopatoa.com\\\/ro\\\/haruharu-wonder-black-rice-probiotics-barrier-esenta-pentru-nutritia-tenului-si-mentinerea-hidratarii-naturale-a-acestuia-120-ml\\\/#breadcrumb\",\"itemListElement\":[{\"@type\":\"ListItem\",\"position\":1,\"name\":\"Dom\u016f\",\"item\":\"https:\\\/\\\/shopatoa.com\\\/ro\\\/\"},{\"@type\":\"ListItem\",\"position\":2,\"name\":\"Shop\",\"item\":\"https:\\\/\\\/shopatoa.com\\\/ro\\\/shop\\\/\"},{\"@type\":\"ListItem\",\"position\":3,\"name\":\"S\u0103n\u0103tate \u0219i frumuse\u021be\",\"item\":\"https:\\\/\\\/shopatoa.com\\\/ro\\\/sanatate-si-frumusete\\\/\"},{\"@type\":\"ListItem\",\"position\":4,\"name\":\"\u00cengrijire personal\u0103\",\"item\":\"https:\\\/\\\/shopatoa.com\\\/ro\\\/ingrijire-personala\\\/\"},{\"@type\":\"ListItem\",\"position\":5,\"name\":\"Cosmetice\",\"item\":\"https:\\\/\\\/shopatoa.com\\\/ro\\\/cosmetice-ingrijire-personala\\\/\"},{\"@type\":\"ListItem\",\"position\":6,\"name\":\"\u00cengrijirea pielii\",\"item\":\"https:\\\/\\\/shopatoa.com\\\/ro\\\/ingrijirea-pielii\\\/\"},{\"@type\":\"ListItem\",\"position\":7,\"name\":\"Haruharu Wonder Black Rice Probiotics Barrier Esenta pentru nutri\u021bia tenului \u0219i men\u021binerea hidrat\u0103rii naturale a acestuia 120 ml\"}]},{\"@type\":\"WebSite\",\"@id\":\"https:\\\/\\\/shopatoa.com\\\/ro\\\/#website\",\"url\":\"https:\\\/\\\/shopatoa.com\\\/ro\\\/\",\"name\":\"SHOPATOA\",\"description\":\"\",\"publisher\":{\"@id\":\"https:\\\/\\\/shopatoa.com\\\/ro\\\/#organization\"},\"potentialAction\":[{\"@type\":\"SearchAction\",\"target\":{\"@type\":\"EntryPoint\",\"urlTemplate\":\"https:\\\/\\\/shopatoa.com\\\/ro\\\/?s={search_term_string}\"},\"query-input\":{\"@type\":\"PropertyValueSpecification\",\"valueRequired\":true,\"valueName\":\"search_term_string\"}}],\"inLanguage\":\"ro-RO\"},{\"@type\":\"Organization\",\"@id\":\"https:\\\/\\\/shopatoa.com\\\/ro\\\/#organization\",\"name\":\"SHOPATOA\",\"url\":\"https:\\\/\\\/shopatoa.com\\\/ro\\\/\",\"logo\":{\"@type\":\"ImageObject\",\"inLanguage\":\"ro-RO\",\"@id\":\"https:\\\/\\\/shopatoa.com\\\/ro\\\/#\\\/schema\\\/logo\\\/image\\\/\",\"url\":\"https:\\\/\\\/storage.googleapis.com\\\/cz-shopatoa-img\\\/ro\\\/b4dac915-shopatoa_logo.png\",\"contentUrl\":\"https:\\\/\\\/storage.googleapis.com\\\/cz-shopatoa-img\\\/ro\\\/b4dac915-shopatoa_logo.png\",\"width\":416,\"height\":63,\"caption\":\"SHOPATOA\"},\"image\":{\"@id\":\"https:\\\/\\\/shopatoa.com\\\/ro\\\/#\\\/schema\\\/logo\\\/image\\\/\"}}]}<\/script>\n<!-- \/ Yoast SEO plugin. -->","yoast_head_json":{"title":"Haruharu Wonder Black Rice Probiotics Barrier Esenta pentru nutri\u021bia tenului \u0219i men\u021binerea hidrat\u0103rii naturale a acestuia 120 ml - SHOPATOA.COM","robots":{"index":"index","follow":"follow","max-snippet":"max-snippet:-1","max-image-preview":"max-image-preview:large","max-video-preview":"max-video-preview:-1"},"canonical":"https:\/\/shopatoa.com\/ro\/haruharu-wonder-black-rice-probiotics-barrier-esenta-pentru-nutritia-tenului-si-mentinerea-hidratarii-naturale-a-acestuia-120-ml\/","og_locale":"ro_RO","og_type":"article","og_title":"Haruharu Wonder Black Rice Probiotics Barrier Esenta pentru nutri\u021bia tenului \u0219i men\u021binerea hidrat\u0103rii naturale a acestuia 120 ml - SHOPATOA.COM","og_description":"Haruharu Wonder Black Rice Probiotics Barrier, 120 ml, Seruri pentru piele pentru femei, Tranzi\u021bia dintre cur\u0103\u021bare \u0219i rutina ulterioar\u0103 de \u00eengrijire a tenului este la fel de important\u0103 ca \u0219i procesul de cur\u0103\u021bare \u00een sine. Tonicul facial Haruharu Wonder Black Rice Probiotics Barrier \u00eembog\u0103\u021be\u0219te \u00eentreaga rutin\u0103 de cur\u0103\u021bare a tenului, conect\u00e2nd perfect etapele individuale ale...","og_url":"https:\/\/shopatoa.com\/ro\/haruharu-wonder-black-rice-probiotics-barrier-esenta-pentru-nutritia-tenului-si-mentinerea-hidratarii-naturale-a-acestuia-120-ml\/","og_site_name":"SHOPATOA","article_modified_time":"2025-12-15T04:42:26+00:00","og_image":[{"width":800,"height":800,"url":"https:\/\/storage.googleapis.com\/cz-shopatoa-img\/ro\/66ad14d2-unnamed-file.webp","type":"image\/webp"}],"twitter_card":"summary_large_image","twitter_misc":{"Timp estimat pentru citire":"1 minut"},"schema":{"@context":"https:\/\/schema.org","@graph":[{"@type":"WebPage","@id":"https:\/\/shopatoa.com\/ro\/haruharu-wonder-black-rice-probiotics-barrier-esenta-pentru-nutritia-tenului-si-mentinerea-hidratarii-naturale-a-acestuia-120-ml\/","url":"https:\/\/shopatoa.com\/ro\/haruharu-wonder-black-rice-probiotics-barrier-esenta-pentru-nutritia-tenului-si-mentinerea-hidratarii-naturale-a-acestuia-120-ml\/","name":"Haruharu Wonder Black Rice Probiotics Barrier Esenta pentru nutri\u021bia tenului \u0219i men\u021binerea hidrat\u0103rii naturale a acestuia 120 ml - SHOPATOA.COM","isPartOf":{"@id":"https:\/\/shopatoa.com\/ro\/#website"},"primaryImageOfPage":{"@id":"https:\/\/shopatoa.com\/ro\/haruharu-wonder-black-rice-probiotics-barrier-esenta-pentru-nutritia-tenului-si-mentinerea-hidratarii-naturale-a-acestuia-120-ml\/#primaryimage"},"image":{"@id":"https:\/\/shopatoa.com\/ro\/haruharu-wonder-black-rice-probiotics-barrier-esenta-pentru-nutritia-tenului-si-mentinerea-hidratarii-naturale-a-acestuia-120-ml\/#primaryimage"},"thumbnailUrl":"https:\/\/storage.googleapis.com\/cz-shopatoa-img\/ro\/66ad14d2-unnamed-file.webp","datePublished":"2025-07-03T21:30:32+00:00","dateModified":"2025-12-15T04:42:26+00:00","breadcrumb":{"@id":"https:\/\/shopatoa.com\/ro\/haruharu-wonder-black-rice-probiotics-barrier-esenta-pentru-nutritia-tenului-si-mentinerea-hidratarii-naturale-a-acestuia-120-ml\/#breadcrumb"},"inLanguage":"ro-RO","potentialAction":[{"@type":"ReadAction","target":["https:\/\/shopatoa.com\/ro\/haruharu-wonder-black-rice-probiotics-barrier-esenta-pentru-nutritia-tenului-si-mentinerea-hidratarii-naturale-a-acestuia-120-ml\/"]}]},{"@type":"ImageObject","inLanguage":"ro-RO","@id":"https:\/\/shopatoa.com\/ro\/haruharu-wonder-black-rice-probiotics-barrier-esenta-pentru-nutritia-tenului-si-mentinerea-hidratarii-naturale-a-acestuia-120-ml\/#primaryimage","url":"https:\/\/storage.googleapis.com\/cz-shopatoa-img\/ro\/66ad14d2-unnamed-file.webp","contentUrl":"https:\/\/storage.googleapis.com\/cz-shopatoa-img\/ro\/66ad14d2-unnamed-file.webp","width":800,"height":800},{"@type":"BreadcrumbList","@id":"https:\/\/shopatoa.com\/ro\/haruharu-wonder-black-rice-probiotics-barrier-esenta-pentru-nutritia-tenului-si-mentinerea-hidratarii-naturale-a-acestuia-120-ml\/#breadcrumb","itemListElement":[{"@type":"ListItem","position":1,"name":"Dom\u016f","item":"https:\/\/shopatoa.com\/ro\/"},{"@type":"ListItem","position":2,"name":"Shop","item":"https:\/\/shopatoa.com\/ro\/shop\/"},{"@type":"ListItem","position":3,"name":"S\u0103n\u0103tate \u0219i frumuse\u021be","item":"https:\/\/shopatoa.com\/ro\/sanatate-si-frumusete\/"},{"@type":"ListItem","position":4,"name":"\u00cengrijire personal\u0103","item":"https:\/\/shopatoa.com\/ro\/ingrijire-personala\/"},{"@type":"ListItem","position":5,"name":"Cosmetice","item":"https:\/\/shopatoa.com\/ro\/cosmetice-ingrijire-personala\/"},{"@type":"ListItem","position":6,"name":"\u00cengrijirea pielii","item":"https:\/\/shopatoa.com\/ro\/ingrijirea-pielii\/"},{"@type":"ListItem","position":7,"name":"Haruharu Wonder Black Rice Probiotics Barrier Esenta pentru nutri\u021bia tenului \u0219i men\u021binerea hidrat\u0103rii naturale a acestuia 120 ml"}]},{"@type":"WebSite","@id":"https:\/\/shopatoa.com\/ro\/#website","url":"https:\/\/shopatoa.com\/ro\/","name":"SHOPATOA","description":"","publisher":{"@id":"https:\/\/shopatoa.com\/ro\/#organization"},"potentialAction":[{"@type":"SearchAction","target":{"@type":"EntryPoint","urlTemplate":"https:\/\/shopatoa.com\/ro\/?s={search_term_string}"},"query-input":{"@type":"PropertyValueSpecification","valueRequired":true,"valueName":"search_term_string"}}],"inLanguage":"ro-RO"},{"@type":"Organization","@id":"https:\/\/shopatoa.com\/ro\/#organization","name":"SHOPATOA","url":"https:\/\/shopatoa.com\/ro\/","logo":{"@type":"ImageObject","inLanguage":"ro-RO","@id":"https:\/\/shopatoa.com\/ro\/#\/schema\/logo\/image\/","url":"https:\/\/storage.googleapis.com\/cz-shopatoa-img\/ro\/b4dac915-shopatoa_logo.png","contentUrl":"https:\/\/storage.googleapis.com\/cz-shopatoa-img\/ro\/b4dac915-shopatoa_logo.png","width":416,"height":63,"caption":"SHOPATOA"},"image":{"@id":"https:\/\/shopatoa.com\/ro\/#\/schema\/logo\/image\/"}}]}},"_links":{"self":[{"href":"https:\/\/shopatoa.com\/ro\/wp-json\/wp\/v2\/product\/494946","targetHints":{"allow":["GET"]}}],"collection":[{"href":"https:\/\/shopatoa.com\/ro\/wp-json\/wp\/v2\/product"}],"about":[{"href":"https:\/\/shopatoa.com\/ro\/wp-json\/wp\/v2\/types\/product"}],"replies":[{"embeddable":true,"href":"https:\/\/shopatoa.com\/ro\/wp-json\/wp\/v2\/comments?post=494946"}],"wp:featuredmedia":[{"embeddable":true,"href":"https:\/\/shopatoa.com\/ro\/wp-json\/wp\/v2\/media\/494947"}],"wp:attachment":[{"href":"https:\/\/shopatoa.com\/ro\/wp-json\/wp\/v2\/media?parent=494946"}],"wp:term":[{"taxonomy":"product_brand","embeddable":true,"href":"https:\/\/shopatoa.com\/ro\/wp-json\/wp\/v2\/product_brand?post=494946"},{"taxonomy":"product_cat","embeddable":true,"href":"https:\/\/shopatoa.com\/ro\/wp-json\/wp\/v2\/product_cat?post=494946"},{"taxonomy":"product_tag","embeddable":true,"href":"https:\/\/shopatoa.com\/ro\/wp-json\/wp\/v2\/product_tag?post=494946"}],"curies":[{"name":"wp","href":"https:\/\/api.w.org\/{rel}","templated":true}]}}