{"id":495346,"date":"2025-07-04T00:18:08","date_gmt":"2025-07-03T22:18:08","guid":{"rendered":"https:\/\/shopatoa.com\/ro\/some-by-mi-aha%e2%88%99bha%e2%88%99pha-30-days-miracle-truecica-clear-pad-dischete-demachiante-pentru-ten-acneic-70-buc\/"},"modified":"2025-12-15T01:36:04","modified_gmt":"2025-12-15T00:36:04","slug":"some-by-mi-aha%e2%88%99bha%e2%88%99pha-30-days-miracle-truecica-clear-pad-dischete-demachiante-pentru-ten-acneic-70-buc","status":"publish","type":"product","link":"https:\/\/shopatoa.com\/ro\/some-by-mi-aha%e2%88%99bha%e2%88%99pha-30-days-miracle-truecica-clear-pad-dischete-demachiante-pentru-ten-acneic-70-buc\/","title":{"rendered":"Some By Mi AHA\u2219BHA\u2219PHA 30 Days Miracle Truecica Clear Pad dischete demachiante pentru ten acneic 70 buc"},"content":{"rendered":"<p>Some By Mi AHA\u2219BHA\u2219PHA 30 Days Miracle Truecica Clear Pad, 70 buc, Cur\u0103\u021barea pielii pentru femei, Ave\u021bi nevoie s\u0103 sc\u0103pa\u021bi c\u00e2t mai repede de co\u0219ul de pe fa\u021b\u0103? Plasturii pentru ten problematic Some By Mi AHA\u2219BHA\u2219PHA 30 Days Miracle Truecica Clear Pad sunt aici pentru dvs. Vor contribui la cur\u0103\u021barea \u0219i regenerarea mai rapid\u0103 a zonelor problematice, asigur\u00e2nd reducerea vizibilit\u0103\u021bii co\u0219urilor \u00een doar c\u00e2teva ore. Plasturii acoper\u0103 \u00een acela\u0219i timp tenul, protej\u00e2ndu-l de poluare.  Caracteristici:  ac\u021bioneaz\u0103 \u00eempotriva imperfec\u021biunilor regleaz\u0103 produc\u021bia de sebum amelioreaz\u0103 simptomele acneei cur\u0103\u021b\u0103 eficient porii are efect de calmare efect exfoliant hidrateaz\u0103 \u00een profunzime pentru tenul problematic amelioreaz\u0103 ro\u0219ea\u021ba pielii elimin\u0103 simptomele acneei  Cum se utilizeaz\u0103: Nu folosi\u021bi mai mult de 3\u00d7 pe zi. A se evita zona ochilor.<\/p>\n","protected":false},"excerpt":{"rendered":"<p>Some By Mi AHA\u2219BHA\u2219PHA 30 Days Miracle Truecica Clear Pad, 70 buc, Cur\u0103\u021barea pielii pentru femei, Ave\u021bi nevoie s\u0103 sc\u0103pa\u021bi c\u00e2t mai repede de co\u0219ul de pe fa\u021b\u0103? Plasturii pentru ten problematic Some By Mi AHA\u2219BHA\u2219PHA 30 Days Miracle Truecica Clear Pad sunt aici pentru dvs. Vor contribui la cur\u0103\u021barea \u0219i regenerarea mai rapid\u0103 a&#8230;<\/p>\n","protected":false},"featured_media":495347,"comment_status":"closed","ping_status":"open","template":"","meta":{"_acf_changed":false,"_kadence_starter_templates_imported_post":false,"_kad_post_transparent":"","_kad_post_title":"","_kad_post_layout":"","_kad_post_sidebar_id":"","_kad_post_content_style":"","_kad_post_vertical_padding":"","_kad_post_feature":"","_kad_post_feature_position":"","_kad_post_header":false,"_kad_post_footer":false,"_kad_post_classname":""},"product_brand":[2860],"product_cat":[1564,1563,1565,1562],"product_tag":[],"class_list":{"0":"post-495346","1":"product","2":"type-product","3":"status-publish","4":"has-post-thumbnail","6":"product_brand-some-by-mi","7":"product_cat-cosmetice-ingrijire-personala","8":"product_cat-ingrijire-personala","9":"product_cat-ingrijirea-pielii","10":"product_cat-sanatate-si-frumusete","11":"pa_gen-female","12":"pa_marime-70-buc","14":"first","15":"instock","16":"sale","17":"product-type-external","18":"entry","19":"content-bg","20":"loop-entry"},"acf":[],"yoast_head":"<!-- This site is optimized with the Yoast SEO plugin v27.4 - https:\/\/yoast.com\/product\/yoast-seo-wordpress\/ -->\n<title>Some By Mi AHA\u2219BHA\u2219PHA 30 Days Miracle Truecica Clear Pad dischete demachiante pentru ten acneic 70 buc - SHOPATOA.COM<\/title>\n<meta name=\"robots\" content=\"index, follow, max-snippet:-1, max-image-preview:large, max-video-preview:-1\" \/>\n<link rel=\"canonical\" href=\"https:\/\/shopatoa.com\/ro\/some-by-mi-aha\u2219bha\u2219pha-30-days-miracle-truecica-clear-pad-dischete-demachiante-pentru-ten-acneic-70-buc\/\" \/>\n<meta property=\"og:locale\" content=\"ro_RO\" \/>\n<meta property=\"og:type\" content=\"article\" \/>\n<meta property=\"og:title\" content=\"Some By Mi AHA\u2219BHA\u2219PHA 30 Days Miracle Truecica Clear Pad dischete demachiante pentru ten acneic 70 buc - SHOPATOA.COM\" \/>\n<meta property=\"og:description\" content=\"Some By Mi AHA\u2219BHA\u2219PHA 30 Days Miracle Truecica Clear Pad, 70 buc, Cur\u0103\u021barea pielii pentru femei, Ave\u021bi nevoie s\u0103 sc\u0103pa\u021bi c\u00e2t mai repede de co\u0219ul de pe fa\u021b\u0103? Plasturii pentru ten problematic Some By Mi AHA\u2219BHA\u2219PHA 30 Days Miracle Truecica Clear Pad sunt aici pentru dvs. Vor contribui la cur\u0103\u021barea \u0219i regenerarea mai rapid\u0103 a...\" \/>\n<meta property=\"og:url\" content=\"https:\/\/shopatoa.com\/ro\/some-by-mi-aha\u2219bha\u2219pha-30-days-miracle-truecica-clear-pad-dischete-demachiante-pentru-ten-acneic-70-buc\/\" \/>\n<meta property=\"og:site_name\" content=\"SHOPATOA\" \/>\n<meta property=\"article:modified_time\" content=\"2025-12-15T00:36:04+00:00\" \/>\n<meta property=\"og:image\" content=\"https:\/\/storage.googleapis.com\/cz-shopatoa-img\/ro\/50df2042-unnamed-file.webp\" \/>\n\t<meta property=\"og:image:width\" content=\"800\" \/>\n\t<meta property=\"og:image:height\" content=\"800\" \/>\n\t<meta property=\"og:image:type\" content=\"image\/webp\" \/>\n<meta name=\"twitter:card\" content=\"summary_large_image\" \/>\n<meta name=\"twitter:label1\" content=\"Timp estimat pentru citire\" \/>\n\t<meta name=\"twitter:data1\" content=\"1 minut\" \/>\n<script type=\"application\/ld+json\" class=\"yoast-schema-graph\">{\"@context\":\"https:\\\/\\\/schema.org\",\"@graph\":[{\"@type\":\"WebPage\",\"@id\":\"https:\\\/\\\/shopatoa.com\\\/ro\\\/some-by-mi-aha%e2%88%99bha%e2%88%99pha-30-days-miracle-truecica-clear-pad-dischete-demachiante-pentru-ten-acneic-70-buc\\\/\",\"url\":\"https:\\\/\\\/shopatoa.com\\\/ro\\\/some-by-mi-aha%e2%88%99bha%e2%88%99pha-30-days-miracle-truecica-clear-pad-dischete-demachiante-pentru-ten-acneic-70-buc\\\/\",\"name\":\"Some By Mi AHA\u2219BHA\u2219PHA 30 Days Miracle Truecica Clear Pad dischete demachiante pentru ten acneic 70 buc - SHOPATOA.COM\",\"isPartOf\":{\"@id\":\"https:\\\/\\\/shopatoa.com\\\/ro\\\/#website\"},\"primaryImageOfPage\":{\"@id\":\"https:\\\/\\\/shopatoa.com\\\/ro\\\/some-by-mi-aha%e2%88%99bha%e2%88%99pha-30-days-miracle-truecica-clear-pad-dischete-demachiante-pentru-ten-acneic-70-buc\\\/#primaryimage\"},\"image\":{\"@id\":\"https:\\\/\\\/shopatoa.com\\\/ro\\\/some-by-mi-aha%e2%88%99bha%e2%88%99pha-30-days-miracle-truecica-clear-pad-dischete-demachiante-pentru-ten-acneic-70-buc\\\/#primaryimage\"},\"thumbnailUrl\":\"https:\\\/\\\/storage.googleapis.com\\\/cz-shopatoa-img\\\/ro\\\/50df2042-unnamed-file.webp\",\"datePublished\":\"2025-07-03T22:18:08+00:00\",\"dateModified\":\"2025-12-15T00:36:04+00:00\",\"breadcrumb\":{\"@id\":\"https:\\\/\\\/shopatoa.com\\\/ro\\\/some-by-mi-aha%e2%88%99bha%e2%88%99pha-30-days-miracle-truecica-clear-pad-dischete-demachiante-pentru-ten-acneic-70-buc\\\/#breadcrumb\"},\"inLanguage\":\"ro-RO\",\"potentialAction\":[{\"@type\":\"ReadAction\",\"target\":[\"https:\\\/\\\/shopatoa.com\\\/ro\\\/some-by-mi-aha%e2%88%99bha%e2%88%99pha-30-days-miracle-truecica-clear-pad-dischete-demachiante-pentru-ten-acneic-70-buc\\\/\"]}]},{\"@type\":\"ImageObject\",\"inLanguage\":\"ro-RO\",\"@id\":\"https:\\\/\\\/shopatoa.com\\\/ro\\\/some-by-mi-aha%e2%88%99bha%e2%88%99pha-30-days-miracle-truecica-clear-pad-dischete-demachiante-pentru-ten-acneic-70-buc\\\/#primaryimage\",\"url\":\"https:\\\/\\\/storage.googleapis.com\\\/cz-shopatoa-img\\\/ro\\\/50df2042-unnamed-file.webp\",\"contentUrl\":\"https:\\\/\\\/storage.googleapis.com\\\/cz-shopatoa-img\\\/ro\\\/50df2042-unnamed-file.webp\",\"width\":800,\"height\":800},{\"@type\":\"BreadcrumbList\",\"@id\":\"https:\\\/\\\/shopatoa.com\\\/ro\\\/some-by-mi-aha%e2%88%99bha%e2%88%99pha-30-days-miracle-truecica-clear-pad-dischete-demachiante-pentru-ten-acneic-70-buc\\\/#breadcrumb\",\"itemListElement\":[{\"@type\":\"ListItem\",\"position\":1,\"name\":\"Dom\u016f\",\"item\":\"https:\\\/\\\/shopatoa.com\\\/ro\\\/\"},{\"@type\":\"ListItem\",\"position\":2,\"name\":\"Shop\",\"item\":\"https:\\\/\\\/shopatoa.com\\\/ro\\\/shop\\\/\"},{\"@type\":\"ListItem\",\"position\":3,\"name\":\"S\u0103n\u0103tate \u0219i frumuse\u021be\",\"item\":\"https:\\\/\\\/shopatoa.com\\\/ro\\\/sanatate-si-frumusete\\\/\"},{\"@type\":\"ListItem\",\"position\":4,\"name\":\"\u00cengrijire personal\u0103\",\"item\":\"https:\\\/\\\/shopatoa.com\\\/ro\\\/ingrijire-personala\\\/\"},{\"@type\":\"ListItem\",\"position\":5,\"name\":\"Cosmetice\",\"item\":\"https:\\\/\\\/shopatoa.com\\\/ro\\\/cosmetice-ingrijire-personala\\\/\"},{\"@type\":\"ListItem\",\"position\":6,\"name\":\"\u00cengrijirea pielii\",\"item\":\"https:\\\/\\\/shopatoa.com\\\/ro\\\/ingrijirea-pielii\\\/\"},{\"@type\":\"ListItem\",\"position\":7,\"name\":\"Some By Mi AHA\u2219BHA\u2219PHA 30 Days Miracle Truecica Clear Pad dischete demachiante pentru ten acneic 70 buc\"}]},{\"@type\":\"WebSite\",\"@id\":\"https:\\\/\\\/shopatoa.com\\\/ro\\\/#website\",\"url\":\"https:\\\/\\\/shopatoa.com\\\/ro\\\/\",\"name\":\"SHOPATOA\",\"description\":\"\",\"publisher\":{\"@id\":\"https:\\\/\\\/shopatoa.com\\\/ro\\\/#organization\"},\"potentialAction\":[{\"@type\":\"SearchAction\",\"target\":{\"@type\":\"EntryPoint\",\"urlTemplate\":\"https:\\\/\\\/shopatoa.com\\\/ro\\\/?s={search_term_string}\"},\"query-input\":{\"@type\":\"PropertyValueSpecification\",\"valueRequired\":true,\"valueName\":\"search_term_string\"}}],\"inLanguage\":\"ro-RO\"},{\"@type\":\"Organization\",\"@id\":\"https:\\\/\\\/shopatoa.com\\\/ro\\\/#organization\",\"name\":\"SHOPATOA\",\"url\":\"https:\\\/\\\/shopatoa.com\\\/ro\\\/\",\"logo\":{\"@type\":\"ImageObject\",\"inLanguage\":\"ro-RO\",\"@id\":\"https:\\\/\\\/shopatoa.com\\\/ro\\\/#\\\/schema\\\/logo\\\/image\\\/\",\"url\":\"https:\\\/\\\/storage.googleapis.com\\\/cz-shopatoa-img\\\/ro\\\/b4dac915-shopatoa_logo.png\",\"contentUrl\":\"https:\\\/\\\/storage.googleapis.com\\\/cz-shopatoa-img\\\/ro\\\/b4dac915-shopatoa_logo.png\",\"width\":416,\"height\":63,\"caption\":\"SHOPATOA\"},\"image\":{\"@id\":\"https:\\\/\\\/shopatoa.com\\\/ro\\\/#\\\/schema\\\/logo\\\/image\\\/\"}}]}<\/script>\n<!-- \/ Yoast SEO plugin. -->","yoast_head_json":{"title":"Some By Mi AHA\u2219BHA\u2219PHA 30 Days Miracle Truecica Clear Pad dischete demachiante pentru ten acneic 70 buc - SHOPATOA.COM","robots":{"index":"index","follow":"follow","max-snippet":"max-snippet:-1","max-image-preview":"max-image-preview:large","max-video-preview":"max-video-preview:-1"},"canonical":"https:\/\/shopatoa.com\/ro\/some-by-mi-aha\u2219bha\u2219pha-30-days-miracle-truecica-clear-pad-dischete-demachiante-pentru-ten-acneic-70-buc\/","og_locale":"ro_RO","og_type":"article","og_title":"Some By Mi AHA\u2219BHA\u2219PHA 30 Days Miracle Truecica Clear Pad dischete demachiante pentru ten acneic 70 buc - SHOPATOA.COM","og_description":"Some By Mi AHA\u2219BHA\u2219PHA 30 Days Miracle Truecica Clear Pad, 70 buc, Cur\u0103\u021barea pielii pentru femei, Ave\u021bi nevoie s\u0103 sc\u0103pa\u021bi c\u00e2t mai repede de co\u0219ul de pe fa\u021b\u0103? Plasturii pentru ten problematic Some By Mi AHA\u2219BHA\u2219PHA 30 Days Miracle Truecica Clear Pad sunt aici pentru dvs. Vor contribui la cur\u0103\u021barea \u0219i regenerarea mai rapid\u0103 a...","og_url":"https:\/\/shopatoa.com\/ro\/some-by-mi-aha\u2219bha\u2219pha-30-days-miracle-truecica-clear-pad-dischete-demachiante-pentru-ten-acneic-70-buc\/","og_site_name":"SHOPATOA","article_modified_time":"2025-12-15T00:36:04+00:00","og_image":[{"width":800,"height":800,"url":"https:\/\/storage.googleapis.com\/cz-shopatoa-img\/ro\/50df2042-unnamed-file.webp","type":"image\/webp"}],"twitter_card":"summary_large_image","twitter_misc":{"Timp estimat pentru citire":"1 minut"},"schema":{"@context":"https:\/\/schema.org","@graph":[{"@type":"WebPage","@id":"https:\/\/shopatoa.com\/ro\/some-by-mi-aha%e2%88%99bha%e2%88%99pha-30-days-miracle-truecica-clear-pad-dischete-demachiante-pentru-ten-acneic-70-buc\/","url":"https:\/\/shopatoa.com\/ro\/some-by-mi-aha%e2%88%99bha%e2%88%99pha-30-days-miracle-truecica-clear-pad-dischete-demachiante-pentru-ten-acneic-70-buc\/","name":"Some By Mi AHA\u2219BHA\u2219PHA 30 Days Miracle Truecica Clear Pad dischete demachiante pentru ten acneic 70 buc - SHOPATOA.COM","isPartOf":{"@id":"https:\/\/shopatoa.com\/ro\/#website"},"primaryImageOfPage":{"@id":"https:\/\/shopatoa.com\/ro\/some-by-mi-aha%e2%88%99bha%e2%88%99pha-30-days-miracle-truecica-clear-pad-dischete-demachiante-pentru-ten-acneic-70-buc\/#primaryimage"},"image":{"@id":"https:\/\/shopatoa.com\/ro\/some-by-mi-aha%e2%88%99bha%e2%88%99pha-30-days-miracle-truecica-clear-pad-dischete-demachiante-pentru-ten-acneic-70-buc\/#primaryimage"},"thumbnailUrl":"https:\/\/storage.googleapis.com\/cz-shopatoa-img\/ro\/50df2042-unnamed-file.webp","datePublished":"2025-07-03T22:18:08+00:00","dateModified":"2025-12-15T00:36:04+00:00","breadcrumb":{"@id":"https:\/\/shopatoa.com\/ro\/some-by-mi-aha%e2%88%99bha%e2%88%99pha-30-days-miracle-truecica-clear-pad-dischete-demachiante-pentru-ten-acneic-70-buc\/#breadcrumb"},"inLanguage":"ro-RO","potentialAction":[{"@type":"ReadAction","target":["https:\/\/shopatoa.com\/ro\/some-by-mi-aha%e2%88%99bha%e2%88%99pha-30-days-miracle-truecica-clear-pad-dischete-demachiante-pentru-ten-acneic-70-buc\/"]}]},{"@type":"ImageObject","inLanguage":"ro-RO","@id":"https:\/\/shopatoa.com\/ro\/some-by-mi-aha%e2%88%99bha%e2%88%99pha-30-days-miracle-truecica-clear-pad-dischete-demachiante-pentru-ten-acneic-70-buc\/#primaryimage","url":"https:\/\/storage.googleapis.com\/cz-shopatoa-img\/ro\/50df2042-unnamed-file.webp","contentUrl":"https:\/\/storage.googleapis.com\/cz-shopatoa-img\/ro\/50df2042-unnamed-file.webp","width":800,"height":800},{"@type":"BreadcrumbList","@id":"https:\/\/shopatoa.com\/ro\/some-by-mi-aha%e2%88%99bha%e2%88%99pha-30-days-miracle-truecica-clear-pad-dischete-demachiante-pentru-ten-acneic-70-buc\/#breadcrumb","itemListElement":[{"@type":"ListItem","position":1,"name":"Dom\u016f","item":"https:\/\/shopatoa.com\/ro\/"},{"@type":"ListItem","position":2,"name":"Shop","item":"https:\/\/shopatoa.com\/ro\/shop\/"},{"@type":"ListItem","position":3,"name":"S\u0103n\u0103tate \u0219i frumuse\u021be","item":"https:\/\/shopatoa.com\/ro\/sanatate-si-frumusete\/"},{"@type":"ListItem","position":4,"name":"\u00cengrijire personal\u0103","item":"https:\/\/shopatoa.com\/ro\/ingrijire-personala\/"},{"@type":"ListItem","position":5,"name":"Cosmetice","item":"https:\/\/shopatoa.com\/ro\/cosmetice-ingrijire-personala\/"},{"@type":"ListItem","position":6,"name":"\u00cengrijirea pielii","item":"https:\/\/shopatoa.com\/ro\/ingrijirea-pielii\/"},{"@type":"ListItem","position":7,"name":"Some By Mi AHA\u2219BHA\u2219PHA 30 Days Miracle Truecica Clear Pad dischete demachiante pentru ten acneic 70 buc"}]},{"@type":"WebSite","@id":"https:\/\/shopatoa.com\/ro\/#website","url":"https:\/\/shopatoa.com\/ro\/","name":"SHOPATOA","description":"","publisher":{"@id":"https:\/\/shopatoa.com\/ro\/#organization"},"potentialAction":[{"@type":"SearchAction","target":{"@type":"EntryPoint","urlTemplate":"https:\/\/shopatoa.com\/ro\/?s={search_term_string}"},"query-input":{"@type":"PropertyValueSpecification","valueRequired":true,"valueName":"search_term_string"}}],"inLanguage":"ro-RO"},{"@type":"Organization","@id":"https:\/\/shopatoa.com\/ro\/#organization","name":"SHOPATOA","url":"https:\/\/shopatoa.com\/ro\/","logo":{"@type":"ImageObject","inLanguage":"ro-RO","@id":"https:\/\/shopatoa.com\/ro\/#\/schema\/logo\/image\/","url":"https:\/\/storage.googleapis.com\/cz-shopatoa-img\/ro\/b4dac915-shopatoa_logo.png","contentUrl":"https:\/\/storage.googleapis.com\/cz-shopatoa-img\/ro\/b4dac915-shopatoa_logo.png","width":416,"height":63,"caption":"SHOPATOA"},"image":{"@id":"https:\/\/shopatoa.com\/ro\/#\/schema\/logo\/image\/"}}]}},"_links":{"self":[{"href":"https:\/\/shopatoa.com\/ro\/wp-json\/wp\/v2\/product\/495346","targetHints":{"allow":["GET"]}}],"collection":[{"href":"https:\/\/shopatoa.com\/ro\/wp-json\/wp\/v2\/product"}],"about":[{"href":"https:\/\/shopatoa.com\/ro\/wp-json\/wp\/v2\/types\/product"}],"replies":[{"embeddable":true,"href":"https:\/\/shopatoa.com\/ro\/wp-json\/wp\/v2\/comments?post=495346"}],"wp:featuredmedia":[{"embeddable":true,"href":"https:\/\/shopatoa.com\/ro\/wp-json\/wp\/v2\/media\/495347"}],"wp:attachment":[{"href":"https:\/\/shopatoa.com\/ro\/wp-json\/wp\/v2\/media?parent=495346"}],"wp:term":[{"taxonomy":"product_brand","embeddable":true,"href":"https:\/\/shopatoa.com\/ro\/wp-json\/wp\/v2\/product_brand?post=495346"},{"taxonomy":"product_cat","embeddable":true,"href":"https:\/\/shopatoa.com\/ro\/wp-json\/wp\/v2\/product_cat?post=495346"},{"taxonomy":"product_tag","embeddable":true,"href":"https:\/\/shopatoa.com\/ro\/wp-json\/wp\/v2\/product_tag?post=495346"}],"curies":[{"name":"wp","href":"https:\/\/api.w.org\/{rel}","templated":true}]}}