{"id":495482,"date":"2025-07-04T00:41:22","date_gmt":"2025-07-03T22:41:22","guid":{"rendered":"https:\/\/shopatoa.com\/ro\/haruharu-wonder-centella-5-niacinamide-radiance-gel-cream-gel-crema-deschisa-pentru-uniformizarea-nuantei-tenului-40-g\/"},"modified":"2025-12-14T23:25:20","modified_gmt":"2025-12-14T22:25:20","slug":"haruharu-wonder-centella-5-niacinamide-radiance-gel-cream-gel-crema-deschisa-pentru-uniformizarea-nuantei-tenului-40-g","status":"publish","type":"product","link":"https:\/\/shopatoa.com\/ro\/haruharu-wonder-centella-5-niacinamide-radiance-gel-cream-gel-crema-deschisa-pentru-uniformizarea-nuantei-tenului-40-g\/","title":{"rendered":"Haruharu Wonder Centella 5% Niacinamide Radiance Gel Cream gel crema deschisa pentru uniformizarea nuantei tenului 40 g"},"content":{"rendered":"<p>Haruharu Wonder Centella 5% Niacinamide Radiance Gel Cream, 40 g, Creme pentru ten pentru femei, Nu dori\u021bi s\u0103 subestima\u021bi \u00eengrijirea tenului? Folosi\u021bi zilnic o crem\u0103 de fa\u021b\u0103 \u2013 este elementul de baz\u0103 al \u00eengrijirii tenului, care nu ar trebui s\u0103 lipseasc\u0103 din nicio rutin\u0103 cosmetic\u0103, indiferent de tipul de ten \u0219i nevoile acestuia. Crema de fa\u021b\u0103 Haruharu Wonder Centella 5% Niacinamide Radiance Gel Cream sus\u021bine func\u021biile naturale cutanate, contribuie la men\u021binerea echilibrului \u0219i a hidrat\u0103rii tenului \u0219i favorizeaz\u0103 un aspect mai s\u0103n\u0103tos.  Caracteristici:  hr\u0103ne\u0219te \u00een profunzime hidrateaz\u0103 intens uniformizeaz\u0103 nuan\u021ba pielii regenereaz\u0103 \u0219i revitalizeaz\u0103 reducerea petelor pigmentare netezirea texturii neuniforme a tenului confer\u0103 pielii prospe\u021bime \u0219i luminozitate \u00eentinere\u0219te pielea \u0219i \u00eei confer\u0103 energie se absoarbe rapid  Ingrediente:  vitamina C \u2013 ofer\u0103 protec\u021bie antioxidant\u0103 \u00eempotriva deterior\u0103rii cauzate de radicalii liberi, combate petele pigmentare, uniformizeaz\u0103 nuan\u021ba \u0219i spore\u0219te aspectul radiant al pielii, favorizeaz\u0103 produc\u021bia de colagen, \u00eencetinind astfel procesul de \u00eemb\u0103tr\u00e2nire pantenol \u2013 are efecte hidratante \u0219i calmante, amelioreaz\u0103 irita\u021bia, ro\u0219ea\u021ba, uscarea \u0219i senza\u021biilor de disconfort niacinamid\u0103 \u2013 favorizeaz\u0103 luminozitatea tenului, reducerea petelor pigmentare, uniformizarea nuan\u021bei \u0219i netezirea texturii neuniforme, contribuie la \u00eent\u0103rirea barierei protectoare cutanate \u0219i la \u00eembun\u0103t\u0103\u021birea nivelului de hidratare a tenului squalane \u2013 fixeaz\u0103 umiditatea \u00een piele prin formarea unui strat protector pe suprafa\u021ba acesteia, hidrateaz\u0103, catifeleaz\u0103 \u0219i neteze\u0219te, ajut\u0103 la reglarea produc\u021biei de sebum, datorit\u0103 efectelor sale antioxidante puternice contribuie \u0219i la uniformizarea nuan\u021bei extract de gotu kola \u2013 restabile\u0219te \u0219i fortific\u0103 bariera cutanat\u0103, favorizeaz\u0103 procesele de regenerare, calmeaz\u0103 irita\u021biile, combate ro\u0219ea\u021ba \u0219i uscarea, are efecte antioxidante, hidrateaz\u0103, ajut\u0103 la combaterea \u00eemb\u0103tr\u00e2nirii pielii madecassoside \u2013 extract din frunze de centella asiatica, ofer\u0103 protec\u021bie antioxidant\u0103 \u0219i contribuie la fortificarea barierei cutanate  Cum se utilizeaz\u0103: Se aplic\u0103 pe pielea curat\u0103 \u0219i se maseaz\u0103 cu mi\u0219c\u0103ri circulare. Se las\u0103 s\u0103 se absoarb\u0103. Se utilizeaz\u0103 \u00een fiecare diminea\u021b\u0103 \u0219i\/sau sear\u0103.<\/p>\n","protected":false},"excerpt":{"rendered":"<p>Haruharu Wonder Centella 5% Niacinamide Radiance Gel Cream, 40 g, Creme pentru ten pentru femei, Nu dori\u021bi s\u0103 subestima\u021bi \u00eengrijirea tenului? Folosi\u021bi zilnic o crem\u0103 de fa\u021b\u0103 \u2013 este elementul de baz\u0103 al \u00eengrijirii tenului, care nu ar trebui s\u0103 lipseasc\u0103 din nicio rutin\u0103 cosmetic\u0103, indiferent de tipul de ten \u0219i nevoile acestuia. Crema de&#8230;<\/p>\n","protected":false},"featured_media":495483,"comment_status":"closed","ping_status":"open","template":"","meta":{"_acf_changed":false,"_kadence_starter_templates_imported_post":false,"_kad_post_transparent":"","_kad_post_title":"","_kad_post_layout":"","_kad_post_sidebar_id":"","_kad_post_content_style":"","_kad_post_vertical_padding":"","_kad_post_feature":"","_kad_post_feature_position":"","_kad_post_header":false,"_kad_post_footer":false,"_kad_post_classname":""},"product_brand":[819],"product_cat":[1564,1563,1565,1562],"product_tag":[],"class_list":{"0":"post-495482","1":"product","2":"type-product","3":"status-publish","4":"has-post-thumbnail","6":"product_brand-haruharu-wonder","7":"product_cat-cosmetice-ingrijire-personala","8":"product_cat-ingrijire-personala","9":"product_cat-ingrijirea-pielii","10":"product_cat-sanatate-si-frumusete","11":"pa_gen-female","12":"pa_marime-40-g","14":"first","15":"instock","16":"sale","17":"product-type-external","18":"entry","19":"content-bg","20":"loop-entry"},"acf":[],"yoast_head":"<!-- This site is optimized with the Yoast SEO plugin v27.4 - https:\/\/yoast.com\/product\/yoast-seo-wordpress\/ -->\n<title>Haruharu Wonder Centella 5% Niacinamide Radiance Gel Cream gel crema deschisa pentru uniformizarea nuantei tenului 40 g - SHOPATOA.COM<\/title>\n<meta name=\"robots\" content=\"index, follow, max-snippet:-1, max-image-preview:large, max-video-preview:-1\" \/>\n<link rel=\"canonical\" href=\"https:\/\/shopatoa.com\/ro\/haruharu-wonder-centella-5-niacinamide-radiance-gel-cream-gel-crema-deschisa-pentru-uniformizarea-nuantei-tenului-40-g\/\" \/>\n<meta property=\"og:locale\" content=\"ro_RO\" \/>\n<meta property=\"og:type\" content=\"article\" \/>\n<meta property=\"og:title\" content=\"Haruharu Wonder Centella 5% Niacinamide Radiance Gel Cream gel crema deschisa pentru uniformizarea nuantei tenului 40 g - SHOPATOA.COM\" \/>\n<meta property=\"og:description\" content=\"Haruharu Wonder Centella 5% Niacinamide Radiance Gel Cream, 40 g, Creme pentru ten pentru femei, Nu dori\u021bi s\u0103 subestima\u021bi \u00eengrijirea tenului? Folosi\u021bi zilnic o crem\u0103 de fa\u021b\u0103 \u2013 este elementul de baz\u0103 al \u00eengrijirii tenului, care nu ar trebui s\u0103 lipseasc\u0103 din nicio rutin\u0103 cosmetic\u0103, indiferent de tipul de ten \u0219i nevoile acestuia. Crema de...\" \/>\n<meta property=\"og:url\" content=\"https:\/\/shopatoa.com\/ro\/haruharu-wonder-centella-5-niacinamide-radiance-gel-cream-gel-crema-deschisa-pentru-uniformizarea-nuantei-tenului-40-g\/\" \/>\n<meta property=\"og:site_name\" content=\"SHOPATOA\" \/>\n<meta property=\"article:modified_time\" content=\"2025-12-14T22:25:20+00:00\" \/>\n<meta property=\"og:image\" content=\"https:\/\/storage.googleapis.com\/cz-shopatoa-img\/ro\/ea64d1bb-unnamed-file.webp\" \/>\n\t<meta property=\"og:image:width\" content=\"800\" \/>\n\t<meta property=\"og:image:height\" content=\"800\" \/>\n\t<meta property=\"og:image:type\" content=\"image\/webp\" \/>\n<meta name=\"twitter:card\" content=\"summary_large_image\" \/>\n<meta name=\"twitter:label1\" content=\"Timp estimat pentru citire\" \/>\n\t<meta name=\"twitter:data1\" content=\"2 minute\" \/>\n<script type=\"application\/ld+json\" class=\"yoast-schema-graph\">{\"@context\":\"https:\\\/\\\/schema.org\",\"@graph\":[{\"@type\":\"WebPage\",\"@id\":\"https:\\\/\\\/shopatoa.com\\\/ro\\\/haruharu-wonder-centella-5-niacinamide-radiance-gel-cream-gel-crema-deschisa-pentru-uniformizarea-nuantei-tenului-40-g\\\/\",\"url\":\"https:\\\/\\\/shopatoa.com\\\/ro\\\/haruharu-wonder-centella-5-niacinamide-radiance-gel-cream-gel-crema-deschisa-pentru-uniformizarea-nuantei-tenului-40-g\\\/\",\"name\":\"Haruharu Wonder Centella 5% Niacinamide Radiance Gel Cream gel crema deschisa pentru uniformizarea nuantei tenului 40 g - SHOPATOA.COM\",\"isPartOf\":{\"@id\":\"https:\\\/\\\/shopatoa.com\\\/ro\\\/#website\"},\"primaryImageOfPage\":{\"@id\":\"https:\\\/\\\/shopatoa.com\\\/ro\\\/haruharu-wonder-centella-5-niacinamide-radiance-gel-cream-gel-crema-deschisa-pentru-uniformizarea-nuantei-tenului-40-g\\\/#primaryimage\"},\"image\":{\"@id\":\"https:\\\/\\\/shopatoa.com\\\/ro\\\/haruharu-wonder-centella-5-niacinamide-radiance-gel-cream-gel-crema-deschisa-pentru-uniformizarea-nuantei-tenului-40-g\\\/#primaryimage\"},\"thumbnailUrl\":\"https:\\\/\\\/storage.googleapis.com\\\/cz-shopatoa-img\\\/ro\\\/ea64d1bb-unnamed-file.webp\",\"datePublished\":\"2025-07-03T22:41:22+00:00\",\"dateModified\":\"2025-12-14T22:25:20+00:00\",\"breadcrumb\":{\"@id\":\"https:\\\/\\\/shopatoa.com\\\/ro\\\/haruharu-wonder-centella-5-niacinamide-radiance-gel-cream-gel-crema-deschisa-pentru-uniformizarea-nuantei-tenului-40-g\\\/#breadcrumb\"},\"inLanguage\":\"ro-RO\",\"potentialAction\":[{\"@type\":\"ReadAction\",\"target\":[\"https:\\\/\\\/shopatoa.com\\\/ro\\\/haruharu-wonder-centella-5-niacinamide-radiance-gel-cream-gel-crema-deschisa-pentru-uniformizarea-nuantei-tenului-40-g\\\/\"]}]},{\"@type\":\"ImageObject\",\"inLanguage\":\"ro-RO\",\"@id\":\"https:\\\/\\\/shopatoa.com\\\/ro\\\/haruharu-wonder-centella-5-niacinamide-radiance-gel-cream-gel-crema-deschisa-pentru-uniformizarea-nuantei-tenului-40-g\\\/#primaryimage\",\"url\":\"https:\\\/\\\/storage.googleapis.com\\\/cz-shopatoa-img\\\/ro\\\/ea64d1bb-unnamed-file.webp\",\"contentUrl\":\"https:\\\/\\\/storage.googleapis.com\\\/cz-shopatoa-img\\\/ro\\\/ea64d1bb-unnamed-file.webp\",\"width\":800,\"height\":800},{\"@type\":\"BreadcrumbList\",\"@id\":\"https:\\\/\\\/shopatoa.com\\\/ro\\\/haruharu-wonder-centella-5-niacinamide-radiance-gel-cream-gel-crema-deschisa-pentru-uniformizarea-nuantei-tenului-40-g\\\/#breadcrumb\",\"itemListElement\":[{\"@type\":\"ListItem\",\"position\":1,\"name\":\"Dom\u016f\",\"item\":\"https:\\\/\\\/shopatoa.com\\\/ro\\\/\"},{\"@type\":\"ListItem\",\"position\":2,\"name\":\"Shop\",\"item\":\"https:\\\/\\\/shopatoa.com\\\/ro\\\/shop\\\/\"},{\"@type\":\"ListItem\",\"position\":3,\"name\":\"S\u0103n\u0103tate \u0219i frumuse\u021be\",\"item\":\"https:\\\/\\\/shopatoa.com\\\/ro\\\/sanatate-si-frumusete\\\/\"},{\"@type\":\"ListItem\",\"position\":4,\"name\":\"\u00cengrijire personal\u0103\",\"item\":\"https:\\\/\\\/shopatoa.com\\\/ro\\\/ingrijire-personala\\\/\"},{\"@type\":\"ListItem\",\"position\":5,\"name\":\"Cosmetice\",\"item\":\"https:\\\/\\\/shopatoa.com\\\/ro\\\/cosmetice-ingrijire-personala\\\/\"},{\"@type\":\"ListItem\",\"position\":6,\"name\":\"\u00cengrijirea pielii\",\"item\":\"https:\\\/\\\/shopatoa.com\\\/ro\\\/ingrijirea-pielii\\\/\"},{\"@type\":\"ListItem\",\"position\":7,\"name\":\"Haruharu Wonder Centella 5% Niacinamide Radiance Gel Cream gel crema deschisa pentru uniformizarea nuantei tenului 40 g\"}]},{\"@type\":\"WebSite\",\"@id\":\"https:\\\/\\\/shopatoa.com\\\/ro\\\/#website\",\"url\":\"https:\\\/\\\/shopatoa.com\\\/ro\\\/\",\"name\":\"SHOPATOA\",\"description\":\"\",\"publisher\":{\"@id\":\"https:\\\/\\\/shopatoa.com\\\/ro\\\/#organization\"},\"potentialAction\":[{\"@type\":\"SearchAction\",\"target\":{\"@type\":\"EntryPoint\",\"urlTemplate\":\"https:\\\/\\\/shopatoa.com\\\/ro\\\/?s={search_term_string}\"},\"query-input\":{\"@type\":\"PropertyValueSpecification\",\"valueRequired\":true,\"valueName\":\"search_term_string\"}}],\"inLanguage\":\"ro-RO\"},{\"@type\":\"Organization\",\"@id\":\"https:\\\/\\\/shopatoa.com\\\/ro\\\/#organization\",\"name\":\"SHOPATOA\",\"url\":\"https:\\\/\\\/shopatoa.com\\\/ro\\\/\",\"logo\":{\"@type\":\"ImageObject\",\"inLanguage\":\"ro-RO\",\"@id\":\"https:\\\/\\\/shopatoa.com\\\/ro\\\/#\\\/schema\\\/logo\\\/image\\\/\",\"url\":\"https:\\\/\\\/storage.googleapis.com\\\/cz-shopatoa-img\\\/ro\\\/b4dac915-shopatoa_logo.png\",\"contentUrl\":\"https:\\\/\\\/storage.googleapis.com\\\/cz-shopatoa-img\\\/ro\\\/b4dac915-shopatoa_logo.png\",\"width\":416,\"height\":63,\"caption\":\"SHOPATOA\"},\"image\":{\"@id\":\"https:\\\/\\\/shopatoa.com\\\/ro\\\/#\\\/schema\\\/logo\\\/image\\\/\"}}]}<\/script>\n<!-- \/ Yoast SEO plugin. -->","yoast_head_json":{"title":"Haruharu Wonder Centella 5% Niacinamide Radiance Gel Cream gel crema deschisa pentru uniformizarea nuantei tenului 40 g - SHOPATOA.COM","robots":{"index":"index","follow":"follow","max-snippet":"max-snippet:-1","max-image-preview":"max-image-preview:large","max-video-preview":"max-video-preview:-1"},"canonical":"https:\/\/shopatoa.com\/ro\/haruharu-wonder-centella-5-niacinamide-radiance-gel-cream-gel-crema-deschisa-pentru-uniformizarea-nuantei-tenului-40-g\/","og_locale":"ro_RO","og_type":"article","og_title":"Haruharu Wonder Centella 5% Niacinamide Radiance Gel Cream gel crema deschisa pentru uniformizarea nuantei tenului 40 g - SHOPATOA.COM","og_description":"Haruharu Wonder Centella 5% Niacinamide Radiance Gel Cream, 40 g, Creme pentru ten pentru femei, Nu dori\u021bi s\u0103 subestima\u021bi \u00eengrijirea tenului? Folosi\u021bi zilnic o crem\u0103 de fa\u021b\u0103 \u2013 este elementul de baz\u0103 al \u00eengrijirii tenului, care nu ar trebui s\u0103 lipseasc\u0103 din nicio rutin\u0103 cosmetic\u0103, indiferent de tipul de ten \u0219i nevoile acestuia. Crema de...","og_url":"https:\/\/shopatoa.com\/ro\/haruharu-wonder-centella-5-niacinamide-radiance-gel-cream-gel-crema-deschisa-pentru-uniformizarea-nuantei-tenului-40-g\/","og_site_name":"SHOPATOA","article_modified_time":"2025-12-14T22:25:20+00:00","og_image":[{"width":800,"height":800,"url":"https:\/\/storage.googleapis.com\/cz-shopatoa-img\/ro\/ea64d1bb-unnamed-file.webp","type":"image\/webp"}],"twitter_card":"summary_large_image","twitter_misc":{"Timp estimat pentru citire":"2 minute"},"schema":{"@context":"https:\/\/schema.org","@graph":[{"@type":"WebPage","@id":"https:\/\/shopatoa.com\/ro\/haruharu-wonder-centella-5-niacinamide-radiance-gel-cream-gel-crema-deschisa-pentru-uniformizarea-nuantei-tenului-40-g\/","url":"https:\/\/shopatoa.com\/ro\/haruharu-wonder-centella-5-niacinamide-radiance-gel-cream-gel-crema-deschisa-pentru-uniformizarea-nuantei-tenului-40-g\/","name":"Haruharu Wonder Centella 5% Niacinamide Radiance Gel Cream gel crema deschisa pentru uniformizarea nuantei tenului 40 g - SHOPATOA.COM","isPartOf":{"@id":"https:\/\/shopatoa.com\/ro\/#website"},"primaryImageOfPage":{"@id":"https:\/\/shopatoa.com\/ro\/haruharu-wonder-centella-5-niacinamide-radiance-gel-cream-gel-crema-deschisa-pentru-uniformizarea-nuantei-tenului-40-g\/#primaryimage"},"image":{"@id":"https:\/\/shopatoa.com\/ro\/haruharu-wonder-centella-5-niacinamide-radiance-gel-cream-gel-crema-deschisa-pentru-uniformizarea-nuantei-tenului-40-g\/#primaryimage"},"thumbnailUrl":"https:\/\/storage.googleapis.com\/cz-shopatoa-img\/ro\/ea64d1bb-unnamed-file.webp","datePublished":"2025-07-03T22:41:22+00:00","dateModified":"2025-12-14T22:25:20+00:00","breadcrumb":{"@id":"https:\/\/shopatoa.com\/ro\/haruharu-wonder-centella-5-niacinamide-radiance-gel-cream-gel-crema-deschisa-pentru-uniformizarea-nuantei-tenului-40-g\/#breadcrumb"},"inLanguage":"ro-RO","potentialAction":[{"@type":"ReadAction","target":["https:\/\/shopatoa.com\/ro\/haruharu-wonder-centella-5-niacinamide-radiance-gel-cream-gel-crema-deschisa-pentru-uniformizarea-nuantei-tenului-40-g\/"]}]},{"@type":"ImageObject","inLanguage":"ro-RO","@id":"https:\/\/shopatoa.com\/ro\/haruharu-wonder-centella-5-niacinamide-radiance-gel-cream-gel-crema-deschisa-pentru-uniformizarea-nuantei-tenului-40-g\/#primaryimage","url":"https:\/\/storage.googleapis.com\/cz-shopatoa-img\/ro\/ea64d1bb-unnamed-file.webp","contentUrl":"https:\/\/storage.googleapis.com\/cz-shopatoa-img\/ro\/ea64d1bb-unnamed-file.webp","width":800,"height":800},{"@type":"BreadcrumbList","@id":"https:\/\/shopatoa.com\/ro\/haruharu-wonder-centella-5-niacinamide-radiance-gel-cream-gel-crema-deschisa-pentru-uniformizarea-nuantei-tenului-40-g\/#breadcrumb","itemListElement":[{"@type":"ListItem","position":1,"name":"Dom\u016f","item":"https:\/\/shopatoa.com\/ro\/"},{"@type":"ListItem","position":2,"name":"Shop","item":"https:\/\/shopatoa.com\/ro\/shop\/"},{"@type":"ListItem","position":3,"name":"S\u0103n\u0103tate \u0219i frumuse\u021be","item":"https:\/\/shopatoa.com\/ro\/sanatate-si-frumusete\/"},{"@type":"ListItem","position":4,"name":"\u00cengrijire personal\u0103","item":"https:\/\/shopatoa.com\/ro\/ingrijire-personala\/"},{"@type":"ListItem","position":5,"name":"Cosmetice","item":"https:\/\/shopatoa.com\/ro\/cosmetice-ingrijire-personala\/"},{"@type":"ListItem","position":6,"name":"\u00cengrijirea pielii","item":"https:\/\/shopatoa.com\/ro\/ingrijirea-pielii\/"},{"@type":"ListItem","position":7,"name":"Haruharu Wonder Centella 5% Niacinamide Radiance Gel Cream gel crema deschisa pentru uniformizarea nuantei tenului 40 g"}]},{"@type":"WebSite","@id":"https:\/\/shopatoa.com\/ro\/#website","url":"https:\/\/shopatoa.com\/ro\/","name":"SHOPATOA","description":"","publisher":{"@id":"https:\/\/shopatoa.com\/ro\/#organization"},"potentialAction":[{"@type":"SearchAction","target":{"@type":"EntryPoint","urlTemplate":"https:\/\/shopatoa.com\/ro\/?s={search_term_string}"},"query-input":{"@type":"PropertyValueSpecification","valueRequired":true,"valueName":"search_term_string"}}],"inLanguage":"ro-RO"},{"@type":"Organization","@id":"https:\/\/shopatoa.com\/ro\/#organization","name":"SHOPATOA","url":"https:\/\/shopatoa.com\/ro\/","logo":{"@type":"ImageObject","inLanguage":"ro-RO","@id":"https:\/\/shopatoa.com\/ro\/#\/schema\/logo\/image\/","url":"https:\/\/storage.googleapis.com\/cz-shopatoa-img\/ro\/b4dac915-shopatoa_logo.png","contentUrl":"https:\/\/storage.googleapis.com\/cz-shopatoa-img\/ro\/b4dac915-shopatoa_logo.png","width":416,"height":63,"caption":"SHOPATOA"},"image":{"@id":"https:\/\/shopatoa.com\/ro\/#\/schema\/logo\/image\/"}}]}},"_links":{"self":[{"href":"https:\/\/shopatoa.com\/ro\/wp-json\/wp\/v2\/product\/495482","targetHints":{"allow":["GET"]}}],"collection":[{"href":"https:\/\/shopatoa.com\/ro\/wp-json\/wp\/v2\/product"}],"about":[{"href":"https:\/\/shopatoa.com\/ro\/wp-json\/wp\/v2\/types\/product"}],"replies":[{"embeddable":true,"href":"https:\/\/shopatoa.com\/ro\/wp-json\/wp\/v2\/comments?post=495482"}],"wp:featuredmedia":[{"embeddable":true,"href":"https:\/\/shopatoa.com\/ro\/wp-json\/wp\/v2\/media\/495483"}],"wp:attachment":[{"href":"https:\/\/shopatoa.com\/ro\/wp-json\/wp\/v2\/media?parent=495482"}],"wp:term":[{"taxonomy":"product_brand","embeddable":true,"href":"https:\/\/shopatoa.com\/ro\/wp-json\/wp\/v2\/product_brand?post=495482"},{"taxonomy":"product_cat","embeddable":true,"href":"https:\/\/shopatoa.com\/ro\/wp-json\/wp\/v2\/product_cat?post=495482"},{"taxonomy":"product_tag","embeddable":true,"href":"https:\/\/shopatoa.com\/ro\/wp-json\/wp\/v2\/product_tag?post=495482"}],"curies":[{"name":"wp","href":"https:\/\/api.w.org\/{rel}","templated":true}]}}