{"id":495586,"date":"2025-07-04T00:49:44","date_gmt":"2025-07-03T22:49:44","guid":{"rendered":"https:\/\/shopatoa.com\/ro\/rudy-le-maioliche-lavender-set-cadou-pentru-femei\/"},"modified":"2025-12-14T21:14:01","modified_gmt":"2025-12-14T20:14:01","slug":"rudy-le-maioliche-lavender-set-cadou-pentru-femei","status":"publish","type":"product","link":"https:\/\/shopatoa.com\/ro\/rudy-le-maioliche-lavender-set-cadou-pentru-femei\/","title":{"rendered":"Rudy &#8211; Le Maioliche Lavender set cadou pentru femei"},"content":{"rendered":"<p>Rudy &#8211; Le Maioliche Lavender, Sapunuri lichid pentru femei, Ocaziile speciale presupun cadouri speciale, fie c\u0103 dori\u021bi s\u0103 v\u0103 oferi\u021bi o bucurie dvs. sau celor dragi. Setul cadou Rudy &#8211; Le Maioliche Lavender include o combina\u021bie de parfumuri \u0219i produse cosmetice atent selec\u021bionate \u0219i asortate cu mult\u0103 dragoste, care vor aduce cu siguran\u021b\u0103 un z\u00e2mbet pe fa\u021b\u0103, fie dvs., fie celor dragi, indiferent dac\u0103 le ve\u021bi \u00eencerca pe toate deodat\u0103, sau dac\u0103 le ve\u021bi deschide treptat, pe parcursul lunii.  Setul con\u021bine:  s\u0103pun lichid 250 ml crema de maini 100 ml  Caracteristici:  hidrateaz\u0103 \u0219i hr\u0103ne\u0219te pielea previne uscarea pielii miroase pl\u0103cut se absoarbe rapid regenereaz\u0103 las\u0103 o senza\u021bie r\u0103coritoare<\/p>\n","protected":false},"excerpt":{"rendered":"<p>Rudy &#8211; Le Maioliche Lavender, Sapunuri lichid pentru femei, Ocaziile speciale presupun cadouri speciale, fie c\u0103 dori\u021bi s\u0103 v\u0103 oferi\u021bi o bucurie dvs. sau celor dragi. Setul cadou Rudy &#8211; Le Maioliche Lavender include o combina\u021bie de parfumuri \u0219i produse cosmetice atent selec\u021bionate \u0219i asortate cu mult\u0103 dragoste, care vor aduce cu siguran\u021b\u0103 un z\u00e2mbet&#8230;<\/p>\n","protected":false},"featured_media":495587,"comment_status":"closed","ping_status":"open","template":"","meta":{"_acf_changed":false,"_kadence_starter_templates_imported_post":false,"_kad_post_transparent":"","_kad_post_title":"","_kad_post_layout":"","_kad_post_sidebar_id":"","_kad_post_content_style":"","_kad_post_vertical_padding":"","_kad_post_feature":"","_kad_post_feature_position":"","_kad_post_header":false,"_kad_post_footer":false,"_kad_post_classname":""},"product_brand":[1895],"product_cat":[1564,1563,1565,1562],"product_tag":[],"class_list":{"0":"post-495586","1":"product","2":"type-product","3":"status-publish","4":"has-post-thumbnail","6":"product_brand-rudy-le-maioliche","7":"product_cat-cosmetice-ingrijire-personala","8":"product_cat-ingrijire-personala","9":"product_cat-ingrijirea-pielii","10":"product_cat-sanatate-si-frumusete","11":"pa_gen-female","13":"first","14":"instock","15":"sale","16":"product-type-external","17":"entry","18":"content-bg","19":"loop-entry"},"acf":[],"yoast_head":"<!-- This site is optimized with the Yoast SEO plugin v27.4 - https:\/\/yoast.com\/product\/yoast-seo-wordpress\/ -->\n<title>Rudy - Le Maioliche Lavender set cadou pentru femei - SHOPATOA.COM<\/title>\n<meta name=\"robots\" content=\"index, follow, max-snippet:-1, max-image-preview:large, max-video-preview:-1\" \/>\n<link rel=\"canonical\" href=\"https:\/\/shopatoa.com\/ro\/rudy-le-maioliche-lavender-set-cadou-pentru-femei\/\" \/>\n<meta property=\"og:locale\" content=\"ro_RO\" \/>\n<meta property=\"og:type\" content=\"article\" \/>\n<meta property=\"og:title\" content=\"Rudy - Le Maioliche Lavender set cadou pentru femei - SHOPATOA.COM\" \/>\n<meta property=\"og:description\" content=\"Rudy &#8211; Le Maioliche Lavender, Sapunuri lichid pentru femei, Ocaziile speciale presupun cadouri speciale, fie c\u0103 dori\u021bi s\u0103 v\u0103 oferi\u021bi o bucurie dvs. sau celor dragi. Setul cadou Rudy &#8211; Le Maioliche Lavender include o combina\u021bie de parfumuri \u0219i produse cosmetice atent selec\u021bionate \u0219i asortate cu mult\u0103 dragoste, care vor aduce cu siguran\u021b\u0103 un z\u00e2mbet...\" \/>\n<meta property=\"og:url\" content=\"https:\/\/shopatoa.com\/ro\/rudy-le-maioliche-lavender-set-cadou-pentru-femei\/\" \/>\n<meta property=\"og:site_name\" content=\"SHOPATOA\" \/>\n<meta property=\"article:modified_time\" content=\"2025-12-14T20:14:01+00:00\" \/>\n<meta property=\"og:image\" content=\"https:\/\/storage.googleapis.com\/cz-shopatoa-img\/ro\/588e4347-unnamed-file.webp\" \/>\n\t<meta property=\"og:image:width\" content=\"800\" \/>\n\t<meta property=\"og:image:height\" content=\"800\" \/>\n\t<meta property=\"og:image:type\" content=\"image\/webp\" \/>\n<meta name=\"twitter:card\" content=\"summary_large_image\" \/>\n<meta name=\"twitter:label1\" content=\"Timp estimat pentru citire\" \/>\n\t<meta name=\"twitter:data1\" content=\"1 minut\" \/>\n<script type=\"application\/ld+json\" class=\"yoast-schema-graph\">{\"@context\":\"https:\\\/\\\/schema.org\",\"@graph\":[{\"@type\":\"WebPage\",\"@id\":\"https:\\\/\\\/shopatoa.com\\\/ro\\\/rudy-le-maioliche-lavender-set-cadou-pentru-femei\\\/\",\"url\":\"https:\\\/\\\/shopatoa.com\\\/ro\\\/rudy-le-maioliche-lavender-set-cadou-pentru-femei\\\/\",\"name\":\"Rudy - Le Maioliche Lavender set cadou pentru femei - SHOPATOA.COM\",\"isPartOf\":{\"@id\":\"https:\\\/\\\/shopatoa.com\\\/ro\\\/#website\"},\"primaryImageOfPage\":{\"@id\":\"https:\\\/\\\/shopatoa.com\\\/ro\\\/rudy-le-maioliche-lavender-set-cadou-pentru-femei\\\/#primaryimage\"},\"image\":{\"@id\":\"https:\\\/\\\/shopatoa.com\\\/ro\\\/rudy-le-maioliche-lavender-set-cadou-pentru-femei\\\/#primaryimage\"},\"thumbnailUrl\":\"https:\\\/\\\/storage.googleapis.com\\\/cz-shopatoa-img\\\/ro\\\/588e4347-unnamed-file.webp\",\"datePublished\":\"2025-07-03T22:49:44+00:00\",\"dateModified\":\"2025-12-14T20:14:01+00:00\",\"breadcrumb\":{\"@id\":\"https:\\\/\\\/shopatoa.com\\\/ro\\\/rudy-le-maioliche-lavender-set-cadou-pentru-femei\\\/#breadcrumb\"},\"inLanguage\":\"ro-RO\",\"potentialAction\":[{\"@type\":\"ReadAction\",\"target\":[\"https:\\\/\\\/shopatoa.com\\\/ro\\\/rudy-le-maioliche-lavender-set-cadou-pentru-femei\\\/\"]}]},{\"@type\":\"ImageObject\",\"inLanguage\":\"ro-RO\",\"@id\":\"https:\\\/\\\/shopatoa.com\\\/ro\\\/rudy-le-maioliche-lavender-set-cadou-pentru-femei\\\/#primaryimage\",\"url\":\"https:\\\/\\\/storage.googleapis.com\\\/cz-shopatoa-img\\\/ro\\\/588e4347-unnamed-file.webp\",\"contentUrl\":\"https:\\\/\\\/storage.googleapis.com\\\/cz-shopatoa-img\\\/ro\\\/588e4347-unnamed-file.webp\",\"width\":800,\"height\":800},{\"@type\":\"BreadcrumbList\",\"@id\":\"https:\\\/\\\/shopatoa.com\\\/ro\\\/rudy-le-maioliche-lavender-set-cadou-pentru-femei\\\/#breadcrumb\",\"itemListElement\":[{\"@type\":\"ListItem\",\"position\":1,\"name\":\"Dom\u016f\",\"item\":\"https:\\\/\\\/shopatoa.com\\\/ro\\\/\"},{\"@type\":\"ListItem\",\"position\":2,\"name\":\"Shop\",\"item\":\"https:\\\/\\\/shopatoa.com\\\/ro\\\/shop\\\/\"},{\"@type\":\"ListItem\",\"position\":3,\"name\":\"S\u0103n\u0103tate \u0219i frumuse\u021be\",\"item\":\"https:\\\/\\\/shopatoa.com\\\/ro\\\/sanatate-si-frumusete\\\/\"},{\"@type\":\"ListItem\",\"position\":4,\"name\":\"\u00cengrijire personal\u0103\",\"item\":\"https:\\\/\\\/shopatoa.com\\\/ro\\\/ingrijire-personala\\\/\"},{\"@type\":\"ListItem\",\"position\":5,\"name\":\"Cosmetice\",\"item\":\"https:\\\/\\\/shopatoa.com\\\/ro\\\/cosmetice-ingrijire-personala\\\/\"},{\"@type\":\"ListItem\",\"position\":6,\"name\":\"\u00cengrijirea pielii\",\"item\":\"https:\\\/\\\/shopatoa.com\\\/ro\\\/ingrijirea-pielii\\\/\"},{\"@type\":\"ListItem\",\"position\":7,\"name\":\"Rudy &#8211; Le Maioliche Lavender set cadou pentru femei\"}]},{\"@type\":\"WebSite\",\"@id\":\"https:\\\/\\\/shopatoa.com\\\/ro\\\/#website\",\"url\":\"https:\\\/\\\/shopatoa.com\\\/ro\\\/\",\"name\":\"SHOPATOA\",\"description\":\"\",\"publisher\":{\"@id\":\"https:\\\/\\\/shopatoa.com\\\/ro\\\/#organization\"},\"potentialAction\":[{\"@type\":\"SearchAction\",\"target\":{\"@type\":\"EntryPoint\",\"urlTemplate\":\"https:\\\/\\\/shopatoa.com\\\/ro\\\/?s={search_term_string}\"},\"query-input\":{\"@type\":\"PropertyValueSpecification\",\"valueRequired\":true,\"valueName\":\"search_term_string\"}}],\"inLanguage\":\"ro-RO\"},{\"@type\":\"Organization\",\"@id\":\"https:\\\/\\\/shopatoa.com\\\/ro\\\/#organization\",\"name\":\"SHOPATOA\",\"url\":\"https:\\\/\\\/shopatoa.com\\\/ro\\\/\",\"logo\":{\"@type\":\"ImageObject\",\"inLanguage\":\"ro-RO\",\"@id\":\"https:\\\/\\\/shopatoa.com\\\/ro\\\/#\\\/schema\\\/logo\\\/image\\\/\",\"url\":\"https:\\\/\\\/storage.googleapis.com\\\/cz-shopatoa-img\\\/ro\\\/b4dac915-shopatoa_logo.png\",\"contentUrl\":\"https:\\\/\\\/storage.googleapis.com\\\/cz-shopatoa-img\\\/ro\\\/b4dac915-shopatoa_logo.png\",\"width\":416,\"height\":63,\"caption\":\"SHOPATOA\"},\"image\":{\"@id\":\"https:\\\/\\\/shopatoa.com\\\/ro\\\/#\\\/schema\\\/logo\\\/image\\\/\"}}]}<\/script>\n<!-- \/ Yoast SEO plugin. -->","yoast_head_json":{"title":"Rudy - Le Maioliche Lavender set cadou pentru femei - SHOPATOA.COM","robots":{"index":"index","follow":"follow","max-snippet":"max-snippet:-1","max-image-preview":"max-image-preview:large","max-video-preview":"max-video-preview:-1"},"canonical":"https:\/\/shopatoa.com\/ro\/rudy-le-maioliche-lavender-set-cadou-pentru-femei\/","og_locale":"ro_RO","og_type":"article","og_title":"Rudy - Le Maioliche Lavender set cadou pentru femei - SHOPATOA.COM","og_description":"Rudy &#8211; Le Maioliche Lavender, Sapunuri lichid pentru femei, Ocaziile speciale presupun cadouri speciale, fie c\u0103 dori\u021bi s\u0103 v\u0103 oferi\u021bi o bucurie dvs. sau celor dragi. Setul cadou Rudy &#8211; Le Maioliche Lavender include o combina\u021bie de parfumuri \u0219i produse cosmetice atent selec\u021bionate \u0219i asortate cu mult\u0103 dragoste, care vor aduce cu siguran\u021b\u0103 un z\u00e2mbet...","og_url":"https:\/\/shopatoa.com\/ro\/rudy-le-maioliche-lavender-set-cadou-pentru-femei\/","og_site_name":"SHOPATOA","article_modified_time":"2025-12-14T20:14:01+00:00","og_image":[{"width":800,"height":800,"url":"https:\/\/storage.googleapis.com\/cz-shopatoa-img\/ro\/588e4347-unnamed-file.webp","type":"image\/webp"}],"twitter_card":"summary_large_image","twitter_misc":{"Timp estimat pentru citire":"1 minut"},"schema":{"@context":"https:\/\/schema.org","@graph":[{"@type":"WebPage","@id":"https:\/\/shopatoa.com\/ro\/rudy-le-maioliche-lavender-set-cadou-pentru-femei\/","url":"https:\/\/shopatoa.com\/ro\/rudy-le-maioliche-lavender-set-cadou-pentru-femei\/","name":"Rudy - Le Maioliche Lavender set cadou pentru femei - SHOPATOA.COM","isPartOf":{"@id":"https:\/\/shopatoa.com\/ro\/#website"},"primaryImageOfPage":{"@id":"https:\/\/shopatoa.com\/ro\/rudy-le-maioliche-lavender-set-cadou-pentru-femei\/#primaryimage"},"image":{"@id":"https:\/\/shopatoa.com\/ro\/rudy-le-maioliche-lavender-set-cadou-pentru-femei\/#primaryimage"},"thumbnailUrl":"https:\/\/storage.googleapis.com\/cz-shopatoa-img\/ro\/588e4347-unnamed-file.webp","datePublished":"2025-07-03T22:49:44+00:00","dateModified":"2025-12-14T20:14:01+00:00","breadcrumb":{"@id":"https:\/\/shopatoa.com\/ro\/rudy-le-maioliche-lavender-set-cadou-pentru-femei\/#breadcrumb"},"inLanguage":"ro-RO","potentialAction":[{"@type":"ReadAction","target":["https:\/\/shopatoa.com\/ro\/rudy-le-maioliche-lavender-set-cadou-pentru-femei\/"]}]},{"@type":"ImageObject","inLanguage":"ro-RO","@id":"https:\/\/shopatoa.com\/ro\/rudy-le-maioliche-lavender-set-cadou-pentru-femei\/#primaryimage","url":"https:\/\/storage.googleapis.com\/cz-shopatoa-img\/ro\/588e4347-unnamed-file.webp","contentUrl":"https:\/\/storage.googleapis.com\/cz-shopatoa-img\/ro\/588e4347-unnamed-file.webp","width":800,"height":800},{"@type":"BreadcrumbList","@id":"https:\/\/shopatoa.com\/ro\/rudy-le-maioliche-lavender-set-cadou-pentru-femei\/#breadcrumb","itemListElement":[{"@type":"ListItem","position":1,"name":"Dom\u016f","item":"https:\/\/shopatoa.com\/ro\/"},{"@type":"ListItem","position":2,"name":"Shop","item":"https:\/\/shopatoa.com\/ro\/shop\/"},{"@type":"ListItem","position":3,"name":"S\u0103n\u0103tate \u0219i frumuse\u021be","item":"https:\/\/shopatoa.com\/ro\/sanatate-si-frumusete\/"},{"@type":"ListItem","position":4,"name":"\u00cengrijire personal\u0103","item":"https:\/\/shopatoa.com\/ro\/ingrijire-personala\/"},{"@type":"ListItem","position":5,"name":"Cosmetice","item":"https:\/\/shopatoa.com\/ro\/cosmetice-ingrijire-personala\/"},{"@type":"ListItem","position":6,"name":"\u00cengrijirea pielii","item":"https:\/\/shopatoa.com\/ro\/ingrijirea-pielii\/"},{"@type":"ListItem","position":7,"name":"Rudy &#8211; Le Maioliche Lavender set cadou pentru femei"}]},{"@type":"WebSite","@id":"https:\/\/shopatoa.com\/ro\/#website","url":"https:\/\/shopatoa.com\/ro\/","name":"SHOPATOA","description":"","publisher":{"@id":"https:\/\/shopatoa.com\/ro\/#organization"},"potentialAction":[{"@type":"SearchAction","target":{"@type":"EntryPoint","urlTemplate":"https:\/\/shopatoa.com\/ro\/?s={search_term_string}"},"query-input":{"@type":"PropertyValueSpecification","valueRequired":true,"valueName":"search_term_string"}}],"inLanguage":"ro-RO"},{"@type":"Organization","@id":"https:\/\/shopatoa.com\/ro\/#organization","name":"SHOPATOA","url":"https:\/\/shopatoa.com\/ro\/","logo":{"@type":"ImageObject","inLanguage":"ro-RO","@id":"https:\/\/shopatoa.com\/ro\/#\/schema\/logo\/image\/","url":"https:\/\/storage.googleapis.com\/cz-shopatoa-img\/ro\/b4dac915-shopatoa_logo.png","contentUrl":"https:\/\/storage.googleapis.com\/cz-shopatoa-img\/ro\/b4dac915-shopatoa_logo.png","width":416,"height":63,"caption":"SHOPATOA"},"image":{"@id":"https:\/\/shopatoa.com\/ro\/#\/schema\/logo\/image\/"}}]}},"_links":{"self":[{"href":"https:\/\/shopatoa.com\/ro\/wp-json\/wp\/v2\/product\/495586","targetHints":{"allow":["GET"]}}],"collection":[{"href":"https:\/\/shopatoa.com\/ro\/wp-json\/wp\/v2\/product"}],"about":[{"href":"https:\/\/shopatoa.com\/ro\/wp-json\/wp\/v2\/types\/product"}],"replies":[{"embeddable":true,"href":"https:\/\/shopatoa.com\/ro\/wp-json\/wp\/v2\/comments?post=495586"}],"wp:featuredmedia":[{"embeddable":true,"href":"https:\/\/shopatoa.com\/ro\/wp-json\/wp\/v2\/media\/495587"}],"wp:attachment":[{"href":"https:\/\/shopatoa.com\/ro\/wp-json\/wp\/v2\/media?parent=495586"}],"wp:term":[{"taxonomy":"product_brand","embeddable":true,"href":"https:\/\/shopatoa.com\/ro\/wp-json\/wp\/v2\/product_brand?post=495586"},{"taxonomy":"product_cat","embeddable":true,"href":"https:\/\/shopatoa.com\/ro\/wp-json\/wp\/v2\/product_cat?post=495586"},{"taxonomy":"product_tag","embeddable":true,"href":"https:\/\/shopatoa.com\/ro\/wp-json\/wp\/v2\/product_tag?post=495586"}],"curies":[{"name":"wp","href":"https:\/\/api.w.org\/{rel}","templated":true}]}}