{"id":495662,"date":"2025-07-04T01:07:19","date_gmt":"2025-07-03T23:07:19","guid":{"rendered":"https:\/\/shopatoa.com\/ro\/rio-lift-plus-60-second-facelift-aparat-pentru-masaj-cosmetic-bag-1-buc\/"},"modified":"2025-12-14T19:24:47","modified_gmt":"2025-12-14T18:24:47","slug":"rio-lift-plus-60-second-facelift-aparat-pentru-masaj-cosmetic-bag-1-buc","status":"publish","type":"product","link":"https:\/\/shopatoa.com\/ro\/rio-lift-plus-60-second-facelift-aparat-pentru-masaj-cosmetic-bag-1-buc\/","title":{"rendered":"RIO Lift Plus 60 Second Facelift aparat pentru masaj + Cosmetic Bag 1 buc"},"content":{"rendered":"<p>RIO Lift Plus 60 Second Facelift, 1 buc, Aparate de lifting pentru ten pentru femei, Sim\u021bi\u021bi c\u0103 anumite zone ale fe\u021bei dvs. au nevoie de o \u00eengrijire mai intens\u0103 \u0219i \u021bintit\u0103, \u00eentruc\u00e2t cremele \u0219i serurile din rutina dvs. obi\u0219nuit\u0103 nu sunt suficiente? \u00cengrijirea local\u0103 RIO Lift Plus 60 Second Facelift se va ocupa de aceste zone problematice \u2013 datorit\u0103 compozi\u021biei sale concentrate cu un con\u021binut ridicat de ingrediente active, efectul s\u0103u asupra tenului va fi mult mai intens \u0219i mai rapid dec\u00e2t \u00een cazul \u00eengrijirii obi\u0219nuite a tenului.<\/p>\n","protected":false},"excerpt":{"rendered":"<p>RIO Lift Plus 60 Second Facelift, 1 buc, Aparate de lifting pentru ten pentru femei, Sim\u021bi\u021bi c\u0103 anumite zone ale fe\u021bei dvs. au nevoie de o \u00eengrijire mai intens\u0103 \u0219i \u021bintit\u0103, \u00eentruc\u00e2t cremele \u0219i serurile din rutina dvs. obi\u0219nuit\u0103 nu sunt suficiente? \u00cengrijirea local\u0103 RIO Lift Plus 60 Second Facelift se va ocupa de aceste&#8230;<\/p>\n","protected":false},"featured_media":495663,"comment_status":"closed","ping_status":"open","template":"","meta":{"_acf_changed":false,"_kadence_starter_templates_imported_post":false,"_kad_post_transparent":"","_kad_post_title":"","_kad_post_layout":"","_kad_post_sidebar_id":"","_kad_post_content_style":"","_kad_post_vertical_padding":"","_kad_post_feature":"","_kad_post_feature_position":"","_kad_post_header":false,"_kad_post_footer":false,"_kad_post_classname":""},"product_brand":[2361],"product_cat":[3946,1564,3942,1563,1565,1562],"product_tag":[],"class_list":{"0":"post-495662","1":"product","2":"type-product","3":"status-publish","4":"has-post-thumbnail","6":"product_brand-rio","7":"product_cat-aparate-de-lifting-pentru-piele","8":"product_cat-cosmetice-ingrijire-personala","9":"product_cat-electronice-ingrijirea-pielii","10":"product_cat-ingrijire-personala","11":"product_cat-ingrijirea-pielii","12":"product_cat-sanatate-si-frumusete","13":"pa_gen-female","14":"pa_marime-1-buc","16":"first","17":"instock","18":"sale","19":"product-type-external","20":"entry","21":"content-bg","22":"loop-entry"},"acf":[],"yoast_head":"<!-- This site is optimized with the Yoast SEO plugin v27.4 - https:\/\/yoast.com\/product\/yoast-seo-wordpress\/ -->\n<title>RIO Lift Plus 60 Second Facelift aparat pentru masaj + Cosmetic Bag 1 buc - SHOPATOA.COM<\/title>\n<meta name=\"robots\" content=\"index, follow, max-snippet:-1, max-image-preview:large, max-video-preview:-1\" \/>\n<link rel=\"canonical\" href=\"https:\/\/shopatoa.com\/ro\/rio-lift-plus-60-second-facelift-aparat-pentru-masaj-cosmetic-bag-1-buc\/\" \/>\n<meta property=\"og:locale\" content=\"ro_RO\" \/>\n<meta property=\"og:type\" content=\"article\" \/>\n<meta property=\"og:title\" content=\"RIO Lift Plus 60 Second Facelift aparat pentru masaj + Cosmetic Bag 1 buc - SHOPATOA.COM\" \/>\n<meta property=\"og:description\" content=\"RIO Lift Plus 60 Second Facelift, 1 buc, Aparate de lifting pentru ten pentru femei, Sim\u021bi\u021bi c\u0103 anumite zone ale fe\u021bei dvs. au nevoie de o \u00eengrijire mai intens\u0103 \u0219i \u021bintit\u0103, \u00eentruc\u00e2t cremele \u0219i serurile din rutina dvs. obi\u0219nuit\u0103 nu sunt suficiente? \u00cengrijirea local\u0103 RIO Lift Plus 60 Second Facelift se va ocupa de aceste...\" \/>\n<meta property=\"og:url\" content=\"https:\/\/shopatoa.com\/ro\/rio-lift-plus-60-second-facelift-aparat-pentru-masaj-cosmetic-bag-1-buc\/\" \/>\n<meta property=\"og:site_name\" content=\"SHOPATOA\" \/>\n<meta property=\"article:modified_time\" content=\"2025-12-14T18:24:47+00:00\" \/>\n<meta property=\"og:image\" content=\"https:\/\/storage.googleapis.com\/cz-shopatoa-img\/ro\/9598ac8d-unnamed-file.webp\" \/>\n\t<meta property=\"og:image:width\" content=\"800\" \/>\n\t<meta property=\"og:image:height\" content=\"800\" \/>\n\t<meta property=\"og:image:type\" content=\"image\/webp\" \/>\n<meta name=\"twitter:card\" content=\"summary_large_image\" \/>\n<script type=\"application\/ld+json\" class=\"yoast-schema-graph\">{\"@context\":\"https:\\\/\\\/schema.org\",\"@graph\":[{\"@type\":\"WebPage\",\"@id\":\"https:\\\/\\\/shopatoa.com\\\/ro\\\/rio-lift-plus-60-second-facelift-aparat-pentru-masaj-cosmetic-bag-1-buc\\\/\",\"url\":\"https:\\\/\\\/shopatoa.com\\\/ro\\\/rio-lift-plus-60-second-facelift-aparat-pentru-masaj-cosmetic-bag-1-buc\\\/\",\"name\":\"RIO Lift Plus 60 Second Facelift aparat pentru masaj + Cosmetic Bag 1 buc - SHOPATOA.COM\",\"isPartOf\":{\"@id\":\"https:\\\/\\\/shopatoa.com\\\/ro\\\/#website\"},\"primaryImageOfPage\":{\"@id\":\"https:\\\/\\\/shopatoa.com\\\/ro\\\/rio-lift-plus-60-second-facelift-aparat-pentru-masaj-cosmetic-bag-1-buc\\\/#primaryimage\"},\"image\":{\"@id\":\"https:\\\/\\\/shopatoa.com\\\/ro\\\/rio-lift-plus-60-second-facelift-aparat-pentru-masaj-cosmetic-bag-1-buc\\\/#primaryimage\"},\"thumbnailUrl\":\"https:\\\/\\\/storage.googleapis.com\\\/cz-shopatoa-img\\\/ro\\\/9598ac8d-unnamed-file.webp\",\"datePublished\":\"2025-07-03T23:07:19+00:00\",\"dateModified\":\"2025-12-14T18:24:47+00:00\",\"breadcrumb\":{\"@id\":\"https:\\\/\\\/shopatoa.com\\\/ro\\\/rio-lift-plus-60-second-facelift-aparat-pentru-masaj-cosmetic-bag-1-buc\\\/#breadcrumb\"},\"inLanguage\":\"ro-RO\",\"potentialAction\":[{\"@type\":\"ReadAction\",\"target\":[\"https:\\\/\\\/shopatoa.com\\\/ro\\\/rio-lift-plus-60-second-facelift-aparat-pentru-masaj-cosmetic-bag-1-buc\\\/\"]}]},{\"@type\":\"ImageObject\",\"inLanguage\":\"ro-RO\",\"@id\":\"https:\\\/\\\/shopatoa.com\\\/ro\\\/rio-lift-plus-60-second-facelift-aparat-pentru-masaj-cosmetic-bag-1-buc\\\/#primaryimage\",\"url\":\"https:\\\/\\\/storage.googleapis.com\\\/cz-shopatoa-img\\\/ro\\\/9598ac8d-unnamed-file.webp\",\"contentUrl\":\"https:\\\/\\\/storage.googleapis.com\\\/cz-shopatoa-img\\\/ro\\\/9598ac8d-unnamed-file.webp\",\"width\":800,\"height\":800},{\"@type\":\"BreadcrumbList\",\"@id\":\"https:\\\/\\\/shopatoa.com\\\/ro\\\/rio-lift-plus-60-second-facelift-aparat-pentru-masaj-cosmetic-bag-1-buc\\\/#breadcrumb\",\"itemListElement\":[{\"@type\":\"ListItem\",\"position\":1,\"name\":\"Dom\u016f\",\"item\":\"https:\\\/\\\/shopatoa.com\\\/ro\\\/\"},{\"@type\":\"ListItem\",\"position\":2,\"name\":\"Shop\",\"item\":\"https:\\\/\\\/shopatoa.com\\\/ro\\\/shop\\\/\"},{\"@type\":\"ListItem\",\"position\":3,\"name\":\"S\u0103n\u0103tate \u0219i frumuse\u021be\",\"item\":\"https:\\\/\\\/shopatoa.com\\\/ro\\\/sanatate-si-frumusete\\\/\"},{\"@type\":\"ListItem\",\"position\":4,\"name\":\"\u00cengrijire personal\u0103\",\"item\":\"https:\\\/\\\/shopatoa.com\\\/ro\\\/ingrijire-personala\\\/\"},{\"@type\":\"ListItem\",\"position\":5,\"name\":\"Cosmetice\",\"item\":\"https:\\\/\\\/shopatoa.com\\\/ro\\\/cosmetice-ingrijire-personala\\\/\"},{\"@type\":\"ListItem\",\"position\":6,\"name\":\"\u00cengrijirea pielii\",\"item\":\"https:\\\/\\\/shopatoa.com\\\/ro\\\/ingrijirea-pielii\\\/\"},{\"@type\":\"ListItem\",\"position\":7,\"name\":\"Electronice\",\"item\":\"https:\\\/\\\/shopatoa.com\\\/ro\\\/electronice-ingrijirea-pielii\\\/\"},{\"@type\":\"ListItem\",\"position\":8,\"name\":\"Aparate de lifting pentru piele\",\"item\":\"https:\\\/\\\/shopatoa.com\\\/ro\\\/aparate-de-lifting-pentru-piele\\\/\"},{\"@type\":\"ListItem\",\"position\":9,\"name\":\"RIO Lift Plus 60 Second Facelift aparat pentru masaj + Cosmetic Bag 1 buc\"}]},{\"@type\":\"WebSite\",\"@id\":\"https:\\\/\\\/shopatoa.com\\\/ro\\\/#website\",\"url\":\"https:\\\/\\\/shopatoa.com\\\/ro\\\/\",\"name\":\"SHOPATOA\",\"description\":\"\",\"publisher\":{\"@id\":\"https:\\\/\\\/shopatoa.com\\\/ro\\\/#organization\"},\"potentialAction\":[{\"@type\":\"SearchAction\",\"target\":{\"@type\":\"EntryPoint\",\"urlTemplate\":\"https:\\\/\\\/shopatoa.com\\\/ro\\\/?s={search_term_string}\"},\"query-input\":{\"@type\":\"PropertyValueSpecification\",\"valueRequired\":true,\"valueName\":\"search_term_string\"}}],\"inLanguage\":\"ro-RO\"},{\"@type\":\"Organization\",\"@id\":\"https:\\\/\\\/shopatoa.com\\\/ro\\\/#organization\",\"name\":\"SHOPATOA\",\"url\":\"https:\\\/\\\/shopatoa.com\\\/ro\\\/\",\"logo\":{\"@type\":\"ImageObject\",\"inLanguage\":\"ro-RO\",\"@id\":\"https:\\\/\\\/shopatoa.com\\\/ro\\\/#\\\/schema\\\/logo\\\/image\\\/\",\"url\":\"https:\\\/\\\/storage.googleapis.com\\\/cz-shopatoa-img\\\/ro\\\/b4dac915-shopatoa_logo.png\",\"contentUrl\":\"https:\\\/\\\/storage.googleapis.com\\\/cz-shopatoa-img\\\/ro\\\/b4dac915-shopatoa_logo.png\",\"width\":416,\"height\":63,\"caption\":\"SHOPATOA\"},\"image\":{\"@id\":\"https:\\\/\\\/shopatoa.com\\\/ro\\\/#\\\/schema\\\/logo\\\/image\\\/\"}}]}<\/script>\n<!-- \/ Yoast SEO plugin. -->","yoast_head_json":{"title":"RIO Lift Plus 60 Second Facelift aparat pentru masaj + Cosmetic Bag 1 buc - SHOPATOA.COM","robots":{"index":"index","follow":"follow","max-snippet":"max-snippet:-1","max-image-preview":"max-image-preview:large","max-video-preview":"max-video-preview:-1"},"canonical":"https:\/\/shopatoa.com\/ro\/rio-lift-plus-60-second-facelift-aparat-pentru-masaj-cosmetic-bag-1-buc\/","og_locale":"ro_RO","og_type":"article","og_title":"RIO Lift Plus 60 Second Facelift aparat pentru masaj + Cosmetic Bag 1 buc - SHOPATOA.COM","og_description":"RIO Lift Plus 60 Second Facelift, 1 buc, Aparate de lifting pentru ten pentru femei, Sim\u021bi\u021bi c\u0103 anumite zone ale fe\u021bei dvs. au nevoie de o \u00eengrijire mai intens\u0103 \u0219i \u021bintit\u0103, \u00eentruc\u00e2t cremele \u0219i serurile din rutina dvs. obi\u0219nuit\u0103 nu sunt suficiente? \u00cengrijirea local\u0103 RIO Lift Plus 60 Second Facelift se va ocupa de aceste...","og_url":"https:\/\/shopatoa.com\/ro\/rio-lift-plus-60-second-facelift-aparat-pentru-masaj-cosmetic-bag-1-buc\/","og_site_name":"SHOPATOA","article_modified_time":"2025-12-14T18:24:47+00:00","og_image":[{"width":800,"height":800,"url":"https:\/\/storage.googleapis.com\/cz-shopatoa-img\/ro\/9598ac8d-unnamed-file.webp","type":"image\/webp"}],"twitter_card":"summary_large_image","schema":{"@context":"https:\/\/schema.org","@graph":[{"@type":"WebPage","@id":"https:\/\/shopatoa.com\/ro\/rio-lift-plus-60-second-facelift-aparat-pentru-masaj-cosmetic-bag-1-buc\/","url":"https:\/\/shopatoa.com\/ro\/rio-lift-plus-60-second-facelift-aparat-pentru-masaj-cosmetic-bag-1-buc\/","name":"RIO Lift Plus 60 Second Facelift aparat pentru masaj + Cosmetic Bag 1 buc - SHOPATOA.COM","isPartOf":{"@id":"https:\/\/shopatoa.com\/ro\/#website"},"primaryImageOfPage":{"@id":"https:\/\/shopatoa.com\/ro\/rio-lift-plus-60-second-facelift-aparat-pentru-masaj-cosmetic-bag-1-buc\/#primaryimage"},"image":{"@id":"https:\/\/shopatoa.com\/ro\/rio-lift-plus-60-second-facelift-aparat-pentru-masaj-cosmetic-bag-1-buc\/#primaryimage"},"thumbnailUrl":"https:\/\/storage.googleapis.com\/cz-shopatoa-img\/ro\/9598ac8d-unnamed-file.webp","datePublished":"2025-07-03T23:07:19+00:00","dateModified":"2025-12-14T18:24:47+00:00","breadcrumb":{"@id":"https:\/\/shopatoa.com\/ro\/rio-lift-plus-60-second-facelift-aparat-pentru-masaj-cosmetic-bag-1-buc\/#breadcrumb"},"inLanguage":"ro-RO","potentialAction":[{"@type":"ReadAction","target":["https:\/\/shopatoa.com\/ro\/rio-lift-plus-60-second-facelift-aparat-pentru-masaj-cosmetic-bag-1-buc\/"]}]},{"@type":"ImageObject","inLanguage":"ro-RO","@id":"https:\/\/shopatoa.com\/ro\/rio-lift-plus-60-second-facelift-aparat-pentru-masaj-cosmetic-bag-1-buc\/#primaryimage","url":"https:\/\/storage.googleapis.com\/cz-shopatoa-img\/ro\/9598ac8d-unnamed-file.webp","contentUrl":"https:\/\/storage.googleapis.com\/cz-shopatoa-img\/ro\/9598ac8d-unnamed-file.webp","width":800,"height":800},{"@type":"BreadcrumbList","@id":"https:\/\/shopatoa.com\/ro\/rio-lift-plus-60-second-facelift-aparat-pentru-masaj-cosmetic-bag-1-buc\/#breadcrumb","itemListElement":[{"@type":"ListItem","position":1,"name":"Dom\u016f","item":"https:\/\/shopatoa.com\/ro\/"},{"@type":"ListItem","position":2,"name":"Shop","item":"https:\/\/shopatoa.com\/ro\/shop\/"},{"@type":"ListItem","position":3,"name":"S\u0103n\u0103tate \u0219i frumuse\u021be","item":"https:\/\/shopatoa.com\/ro\/sanatate-si-frumusete\/"},{"@type":"ListItem","position":4,"name":"\u00cengrijire personal\u0103","item":"https:\/\/shopatoa.com\/ro\/ingrijire-personala\/"},{"@type":"ListItem","position":5,"name":"Cosmetice","item":"https:\/\/shopatoa.com\/ro\/cosmetice-ingrijire-personala\/"},{"@type":"ListItem","position":6,"name":"\u00cengrijirea pielii","item":"https:\/\/shopatoa.com\/ro\/ingrijirea-pielii\/"},{"@type":"ListItem","position":7,"name":"Electronice","item":"https:\/\/shopatoa.com\/ro\/electronice-ingrijirea-pielii\/"},{"@type":"ListItem","position":8,"name":"Aparate de lifting pentru piele","item":"https:\/\/shopatoa.com\/ro\/aparate-de-lifting-pentru-piele\/"},{"@type":"ListItem","position":9,"name":"RIO Lift Plus 60 Second Facelift aparat pentru masaj + Cosmetic Bag 1 buc"}]},{"@type":"WebSite","@id":"https:\/\/shopatoa.com\/ro\/#website","url":"https:\/\/shopatoa.com\/ro\/","name":"SHOPATOA","description":"","publisher":{"@id":"https:\/\/shopatoa.com\/ro\/#organization"},"potentialAction":[{"@type":"SearchAction","target":{"@type":"EntryPoint","urlTemplate":"https:\/\/shopatoa.com\/ro\/?s={search_term_string}"},"query-input":{"@type":"PropertyValueSpecification","valueRequired":true,"valueName":"search_term_string"}}],"inLanguage":"ro-RO"},{"@type":"Organization","@id":"https:\/\/shopatoa.com\/ro\/#organization","name":"SHOPATOA","url":"https:\/\/shopatoa.com\/ro\/","logo":{"@type":"ImageObject","inLanguage":"ro-RO","@id":"https:\/\/shopatoa.com\/ro\/#\/schema\/logo\/image\/","url":"https:\/\/storage.googleapis.com\/cz-shopatoa-img\/ro\/b4dac915-shopatoa_logo.png","contentUrl":"https:\/\/storage.googleapis.com\/cz-shopatoa-img\/ro\/b4dac915-shopatoa_logo.png","width":416,"height":63,"caption":"SHOPATOA"},"image":{"@id":"https:\/\/shopatoa.com\/ro\/#\/schema\/logo\/image\/"}}]}},"_links":{"self":[{"href":"https:\/\/shopatoa.com\/ro\/wp-json\/wp\/v2\/product\/495662","targetHints":{"allow":["GET"]}}],"collection":[{"href":"https:\/\/shopatoa.com\/ro\/wp-json\/wp\/v2\/product"}],"about":[{"href":"https:\/\/shopatoa.com\/ro\/wp-json\/wp\/v2\/types\/product"}],"replies":[{"embeddable":true,"href":"https:\/\/shopatoa.com\/ro\/wp-json\/wp\/v2\/comments?post=495662"}],"wp:featuredmedia":[{"embeddable":true,"href":"https:\/\/shopatoa.com\/ro\/wp-json\/wp\/v2\/media\/495663"}],"wp:attachment":[{"href":"https:\/\/shopatoa.com\/ro\/wp-json\/wp\/v2\/media?parent=495662"}],"wp:term":[{"taxonomy":"product_brand","embeddable":true,"href":"https:\/\/shopatoa.com\/ro\/wp-json\/wp\/v2\/product_brand?post=495662"},{"taxonomy":"product_cat","embeddable":true,"href":"https:\/\/shopatoa.com\/ro\/wp-json\/wp\/v2\/product_cat?post=495662"},{"taxonomy":"product_tag","embeddable":true,"href":"https:\/\/shopatoa.com\/ro\/wp-json\/wp\/v2\/product_tag?post=495662"}],"curies":[{"name":"wp","href":"https:\/\/api.w.org\/{rel}","templated":true}]}}