{"id":495708,"date":"2025-07-04T01:10:59","date_gmt":"2025-07-03T23:10:59","guid":{"rendered":"https:\/\/shopatoa.com\/ro\/travalo-classic-hd-set-cadou-unisex-3\/"},"modified":"2025-12-14T18:54:08","modified_gmt":"2025-12-14T17:54:08","slug":"travalo-classic-hd-set-cadou-unisex-3","status":"publish","type":"product","link":"https:\/\/shopatoa.com\/ro\/travalo-classic-hd-set-cadou-unisex-3\/","title":{"rendered":"Travalo Classic HD set cadou unisex"},"content":{"rendered":"<p>Travalo Classic HD, Sticlu\u021be re\u00eenc\u0103rcabile pentru parfum unisex, V-ar pl\u0103cea s\u0103 ave\u021bi parfumul preferat mereu la \u00eendem\u00e2n\u0103, dar f\u0103r\u0103 a c\u0103ra tot flaconul? O solu\u021bie simpl\u0103 este atomizorul de parfum re\u00eenc\u0103rcabil Travalo Classic HD , \u00een care pompa\u021bi u\u0219or parfumul preferat, \u00een doar c\u00e2teva secunde. Astfel, parfumul dvs. este disponibil mereu, peste tot, \u00een c\u0103l\u0103torii lungi sau scurte. Flaconul nu permite v\u0103rsarea sau scurgerea \u0219i con\u021bine o cantitate adecvat\u0103 din parfumul preferat, fiind totodat\u0103 suficient de mic pentru a \u00eenc\u0103pea \u00een orice geant\u0103 sau po\u0219et\u0103.  Setul con\u021bine:  Hot Pink sticlu\u021b\u0103 re\u00eenc\u0103rcabil\u0103 cu atomizor 5 ml recipient re\u00eenc\u0103rcabil pentru pulverizator de parfum<\/p>\n","protected":false},"excerpt":{"rendered":"<p>Travalo Classic HD, Sticlu\u021be re\u00eenc\u0103rcabile pentru parfum unisex, V-ar pl\u0103cea s\u0103 ave\u021bi parfumul preferat mereu la \u00eendem\u00e2n\u0103, dar f\u0103r\u0103 a c\u0103ra tot flaconul? O solu\u021bie simpl\u0103 este atomizorul de parfum re\u00eenc\u0103rcabil Travalo Classic HD , \u00een care pompa\u021bi u\u0219or parfumul preferat, \u00een doar c\u00e2teva secunde. Astfel, parfumul dvs. este disponibil mereu, peste tot, \u00een c\u0103l\u0103torii&#8230;<\/p>\n","protected":false},"featured_media":495709,"comment_status":"closed","ping_status":"open","template":"","meta":{"_acf_changed":false,"_kadence_starter_templates_imported_post":false,"_kad_post_transparent":"","_kad_post_title":"","_kad_post_layout":"","_kad_post_sidebar_id":"","_kad_post_content_style":"","_kad_post_vertical_padding":"","_kad_post_feature":"","_kad_post_feature_position":"","_kad_post_header":false,"_kad_post_footer":false,"_kad_post_classname":""},"product_brand":[447],"product_cat":[1564,1563,3200,1562],"product_tag":[],"class_list":{"0":"post-495708","1":"product","2":"type-product","3":"status-publish","4":"has-post-thumbnail","6":"product_brand-travalo","7":"product_cat-cosmetice-ingrijire-personala","8":"product_cat-ingrijire-personala","9":"product_cat-parfumuri-si-colonii","10":"product_cat-sanatate-si-frumusete","11":"pa_gen-unisex","13":"first","14":"instock","15":"sale","16":"product-type-external","17":"entry","18":"content-bg","19":"loop-entry"},"acf":[],"yoast_head":"<!-- This site is optimized with the Yoast SEO plugin v27.3 - https:\/\/yoast.com\/product\/yoast-seo-wordpress\/ -->\n<title>Travalo Classic HD set cadou unisex - SHOPATOA.COM<\/title>\n<meta name=\"robots\" content=\"index, follow, max-snippet:-1, max-image-preview:large, max-video-preview:-1\" \/>\n<link rel=\"canonical\" href=\"https:\/\/shopatoa.com\/ro\/travalo-classic-hd-set-cadou-unisex-3\/\" \/>\n<meta property=\"og:locale\" content=\"ro_RO\" \/>\n<meta property=\"og:type\" content=\"article\" \/>\n<meta property=\"og:title\" content=\"Travalo Classic HD set cadou unisex - SHOPATOA.COM\" \/>\n<meta property=\"og:description\" content=\"Travalo Classic HD, Sticlu\u021be re\u00eenc\u0103rcabile pentru parfum unisex, V-ar pl\u0103cea s\u0103 ave\u021bi parfumul preferat mereu la \u00eendem\u00e2n\u0103, dar f\u0103r\u0103 a c\u0103ra tot flaconul? O solu\u021bie simpl\u0103 este atomizorul de parfum re\u00eenc\u0103rcabil Travalo Classic HD , \u00een care pompa\u021bi u\u0219or parfumul preferat, \u00een doar c\u00e2teva secunde. Astfel, parfumul dvs. este disponibil mereu, peste tot, \u00een c\u0103l\u0103torii...\" \/>\n<meta property=\"og:url\" content=\"https:\/\/shopatoa.com\/ro\/travalo-classic-hd-set-cadou-unisex-3\/\" \/>\n<meta property=\"og:site_name\" content=\"SHOPATOA\" \/>\n<meta property=\"article:modified_time\" content=\"2025-12-14T17:54:08+00:00\" \/>\n<meta property=\"og:image\" content=\"https:\/\/storage.googleapis.com\/cz-shopatoa-img\/ro\/dde09d1f-unnamed-file.webp\" \/>\n\t<meta property=\"og:image:width\" content=\"800\" \/>\n\t<meta property=\"og:image:height\" content=\"800\" \/>\n\t<meta property=\"og:image:type\" content=\"image\/webp\" \/>\n<meta name=\"twitter:card\" content=\"summary_large_image\" \/>\n<meta name=\"twitter:label1\" content=\"Timp estimat pentru citire\" \/>\n\t<meta name=\"twitter:data1\" content=\"1 minut\" \/>\n<script type=\"application\/ld+json\" class=\"yoast-schema-graph\">{\"@context\":\"https:\\\/\\\/schema.org\",\"@graph\":[{\"@type\":\"WebPage\",\"@id\":\"https:\\\/\\\/shopatoa.com\\\/ro\\\/travalo-classic-hd-set-cadou-unisex-3\\\/\",\"url\":\"https:\\\/\\\/shopatoa.com\\\/ro\\\/travalo-classic-hd-set-cadou-unisex-3\\\/\",\"name\":\"Travalo Classic HD set cadou unisex - SHOPATOA.COM\",\"isPartOf\":{\"@id\":\"https:\\\/\\\/shopatoa.com\\\/ro\\\/#website\"},\"primaryImageOfPage\":{\"@id\":\"https:\\\/\\\/shopatoa.com\\\/ro\\\/travalo-classic-hd-set-cadou-unisex-3\\\/#primaryimage\"},\"image\":{\"@id\":\"https:\\\/\\\/shopatoa.com\\\/ro\\\/travalo-classic-hd-set-cadou-unisex-3\\\/#primaryimage\"},\"thumbnailUrl\":\"https:\\\/\\\/storage.googleapis.com\\\/cz-shopatoa-img\\\/ro\\\/dde09d1f-unnamed-file.webp\",\"datePublished\":\"2025-07-03T23:10:59+00:00\",\"dateModified\":\"2025-12-14T17:54:08+00:00\",\"breadcrumb\":{\"@id\":\"https:\\\/\\\/shopatoa.com\\\/ro\\\/travalo-classic-hd-set-cadou-unisex-3\\\/#breadcrumb\"},\"inLanguage\":\"ro-RO\",\"potentialAction\":[{\"@type\":\"ReadAction\",\"target\":[\"https:\\\/\\\/shopatoa.com\\\/ro\\\/travalo-classic-hd-set-cadou-unisex-3\\\/\"]}]},{\"@type\":\"ImageObject\",\"inLanguage\":\"ro-RO\",\"@id\":\"https:\\\/\\\/shopatoa.com\\\/ro\\\/travalo-classic-hd-set-cadou-unisex-3\\\/#primaryimage\",\"url\":\"https:\\\/\\\/storage.googleapis.com\\\/cz-shopatoa-img\\\/ro\\\/dde09d1f-unnamed-file.webp\",\"contentUrl\":\"https:\\\/\\\/storage.googleapis.com\\\/cz-shopatoa-img\\\/ro\\\/dde09d1f-unnamed-file.webp\",\"width\":800,\"height\":800},{\"@type\":\"BreadcrumbList\",\"@id\":\"https:\\\/\\\/shopatoa.com\\\/ro\\\/travalo-classic-hd-set-cadou-unisex-3\\\/#breadcrumb\",\"itemListElement\":[{\"@type\":\"ListItem\",\"position\":1,\"name\":\"Dom\u016f\",\"item\":\"https:\\\/\\\/shopatoa.com\\\/ro\\\/\"},{\"@type\":\"ListItem\",\"position\":2,\"name\":\"Shop\",\"item\":\"https:\\\/\\\/shopatoa.com\\\/ro\\\/shop\\\/\"},{\"@type\":\"ListItem\",\"position\":3,\"name\":\"S\u0103n\u0103tate \u0219i frumuse\u021be\",\"item\":\"https:\\\/\\\/shopatoa.com\\\/ro\\\/sanatate-si-frumusete\\\/\"},{\"@type\":\"ListItem\",\"position\":4,\"name\":\"\u00cengrijire personal\u0103\",\"item\":\"https:\\\/\\\/shopatoa.com\\\/ro\\\/ingrijire-personala\\\/\"},{\"@type\":\"ListItem\",\"position\":5,\"name\":\"Cosmetice\",\"item\":\"https:\\\/\\\/shopatoa.com\\\/ro\\\/cosmetice-ingrijire-personala\\\/\"},{\"@type\":\"ListItem\",\"position\":6,\"name\":\"Parfumuri \u0219i colonii\",\"item\":\"https:\\\/\\\/shopatoa.com\\\/ro\\\/parfumuri-si-colonii\\\/\"},{\"@type\":\"ListItem\",\"position\":7,\"name\":\"Travalo Classic HD set cadou unisex\"}]},{\"@type\":\"WebSite\",\"@id\":\"https:\\\/\\\/shopatoa.com\\\/ro\\\/#website\",\"url\":\"https:\\\/\\\/shopatoa.com\\\/ro\\\/\",\"name\":\"SHOPATOA\",\"description\":\"\",\"publisher\":{\"@id\":\"https:\\\/\\\/shopatoa.com\\\/ro\\\/#organization\"},\"potentialAction\":[{\"@type\":\"SearchAction\",\"target\":{\"@type\":\"EntryPoint\",\"urlTemplate\":\"https:\\\/\\\/shopatoa.com\\\/ro\\\/?s={search_term_string}\"},\"query-input\":{\"@type\":\"PropertyValueSpecification\",\"valueRequired\":true,\"valueName\":\"search_term_string\"}}],\"inLanguage\":\"ro-RO\"},{\"@type\":\"Organization\",\"@id\":\"https:\\\/\\\/shopatoa.com\\\/ro\\\/#organization\",\"name\":\"SHOPATOA\",\"url\":\"https:\\\/\\\/shopatoa.com\\\/ro\\\/\",\"logo\":{\"@type\":\"ImageObject\",\"inLanguage\":\"ro-RO\",\"@id\":\"https:\\\/\\\/shopatoa.com\\\/ro\\\/#\\\/schema\\\/logo\\\/image\\\/\",\"url\":\"https:\\\/\\\/storage.googleapis.com\\\/cz-shopatoa-img\\\/ro\\\/b4dac915-shopatoa_logo.png\",\"contentUrl\":\"https:\\\/\\\/storage.googleapis.com\\\/cz-shopatoa-img\\\/ro\\\/b4dac915-shopatoa_logo.png\",\"width\":416,\"height\":63,\"caption\":\"SHOPATOA\"},\"image\":{\"@id\":\"https:\\\/\\\/shopatoa.com\\\/ro\\\/#\\\/schema\\\/logo\\\/image\\\/\"}}]}<\/script>\n<!-- \/ Yoast SEO plugin. -->","yoast_head_json":{"title":"Travalo Classic HD set cadou unisex - SHOPATOA.COM","robots":{"index":"index","follow":"follow","max-snippet":"max-snippet:-1","max-image-preview":"max-image-preview:large","max-video-preview":"max-video-preview:-1"},"canonical":"https:\/\/shopatoa.com\/ro\/travalo-classic-hd-set-cadou-unisex-3\/","og_locale":"ro_RO","og_type":"article","og_title":"Travalo Classic HD set cadou unisex - SHOPATOA.COM","og_description":"Travalo Classic HD, Sticlu\u021be re\u00eenc\u0103rcabile pentru parfum unisex, V-ar pl\u0103cea s\u0103 ave\u021bi parfumul preferat mereu la \u00eendem\u00e2n\u0103, dar f\u0103r\u0103 a c\u0103ra tot flaconul? O solu\u021bie simpl\u0103 este atomizorul de parfum re\u00eenc\u0103rcabil Travalo Classic HD , \u00een care pompa\u021bi u\u0219or parfumul preferat, \u00een doar c\u00e2teva secunde. Astfel, parfumul dvs. este disponibil mereu, peste tot, \u00een c\u0103l\u0103torii...","og_url":"https:\/\/shopatoa.com\/ro\/travalo-classic-hd-set-cadou-unisex-3\/","og_site_name":"SHOPATOA","article_modified_time":"2025-12-14T17:54:08+00:00","og_image":[{"width":800,"height":800,"url":"https:\/\/storage.googleapis.com\/cz-shopatoa-img\/ro\/dde09d1f-unnamed-file.webp","type":"image\/webp"}],"twitter_card":"summary_large_image","twitter_misc":{"Timp estimat pentru citire":"1 minut"},"schema":{"@context":"https:\/\/schema.org","@graph":[{"@type":"WebPage","@id":"https:\/\/shopatoa.com\/ro\/travalo-classic-hd-set-cadou-unisex-3\/","url":"https:\/\/shopatoa.com\/ro\/travalo-classic-hd-set-cadou-unisex-3\/","name":"Travalo Classic HD set cadou unisex - SHOPATOA.COM","isPartOf":{"@id":"https:\/\/shopatoa.com\/ro\/#website"},"primaryImageOfPage":{"@id":"https:\/\/shopatoa.com\/ro\/travalo-classic-hd-set-cadou-unisex-3\/#primaryimage"},"image":{"@id":"https:\/\/shopatoa.com\/ro\/travalo-classic-hd-set-cadou-unisex-3\/#primaryimage"},"thumbnailUrl":"https:\/\/storage.googleapis.com\/cz-shopatoa-img\/ro\/dde09d1f-unnamed-file.webp","datePublished":"2025-07-03T23:10:59+00:00","dateModified":"2025-12-14T17:54:08+00:00","breadcrumb":{"@id":"https:\/\/shopatoa.com\/ro\/travalo-classic-hd-set-cadou-unisex-3\/#breadcrumb"},"inLanguage":"ro-RO","potentialAction":[{"@type":"ReadAction","target":["https:\/\/shopatoa.com\/ro\/travalo-classic-hd-set-cadou-unisex-3\/"]}]},{"@type":"ImageObject","inLanguage":"ro-RO","@id":"https:\/\/shopatoa.com\/ro\/travalo-classic-hd-set-cadou-unisex-3\/#primaryimage","url":"https:\/\/storage.googleapis.com\/cz-shopatoa-img\/ro\/dde09d1f-unnamed-file.webp","contentUrl":"https:\/\/storage.googleapis.com\/cz-shopatoa-img\/ro\/dde09d1f-unnamed-file.webp","width":800,"height":800},{"@type":"BreadcrumbList","@id":"https:\/\/shopatoa.com\/ro\/travalo-classic-hd-set-cadou-unisex-3\/#breadcrumb","itemListElement":[{"@type":"ListItem","position":1,"name":"Dom\u016f","item":"https:\/\/shopatoa.com\/ro\/"},{"@type":"ListItem","position":2,"name":"Shop","item":"https:\/\/shopatoa.com\/ro\/shop\/"},{"@type":"ListItem","position":3,"name":"S\u0103n\u0103tate \u0219i frumuse\u021be","item":"https:\/\/shopatoa.com\/ro\/sanatate-si-frumusete\/"},{"@type":"ListItem","position":4,"name":"\u00cengrijire personal\u0103","item":"https:\/\/shopatoa.com\/ro\/ingrijire-personala\/"},{"@type":"ListItem","position":5,"name":"Cosmetice","item":"https:\/\/shopatoa.com\/ro\/cosmetice-ingrijire-personala\/"},{"@type":"ListItem","position":6,"name":"Parfumuri \u0219i colonii","item":"https:\/\/shopatoa.com\/ro\/parfumuri-si-colonii\/"},{"@type":"ListItem","position":7,"name":"Travalo Classic HD set cadou unisex"}]},{"@type":"WebSite","@id":"https:\/\/shopatoa.com\/ro\/#website","url":"https:\/\/shopatoa.com\/ro\/","name":"SHOPATOA","description":"","publisher":{"@id":"https:\/\/shopatoa.com\/ro\/#organization"},"potentialAction":[{"@type":"SearchAction","target":{"@type":"EntryPoint","urlTemplate":"https:\/\/shopatoa.com\/ro\/?s={search_term_string}"},"query-input":{"@type":"PropertyValueSpecification","valueRequired":true,"valueName":"search_term_string"}}],"inLanguage":"ro-RO"},{"@type":"Organization","@id":"https:\/\/shopatoa.com\/ro\/#organization","name":"SHOPATOA","url":"https:\/\/shopatoa.com\/ro\/","logo":{"@type":"ImageObject","inLanguage":"ro-RO","@id":"https:\/\/shopatoa.com\/ro\/#\/schema\/logo\/image\/","url":"https:\/\/storage.googleapis.com\/cz-shopatoa-img\/ro\/b4dac915-shopatoa_logo.png","contentUrl":"https:\/\/storage.googleapis.com\/cz-shopatoa-img\/ro\/b4dac915-shopatoa_logo.png","width":416,"height":63,"caption":"SHOPATOA"},"image":{"@id":"https:\/\/shopatoa.com\/ro\/#\/schema\/logo\/image\/"}}]}},"_links":{"self":[{"href":"https:\/\/shopatoa.com\/ro\/wp-json\/wp\/v2\/product\/495708","targetHints":{"allow":["GET"]}}],"collection":[{"href":"https:\/\/shopatoa.com\/ro\/wp-json\/wp\/v2\/product"}],"about":[{"href":"https:\/\/shopatoa.com\/ro\/wp-json\/wp\/v2\/types\/product"}],"replies":[{"embeddable":true,"href":"https:\/\/shopatoa.com\/ro\/wp-json\/wp\/v2\/comments?post=495708"}],"wp:featuredmedia":[{"embeddable":true,"href":"https:\/\/shopatoa.com\/ro\/wp-json\/wp\/v2\/media\/495709"}],"wp:attachment":[{"href":"https:\/\/shopatoa.com\/ro\/wp-json\/wp\/v2\/media?parent=495708"}],"wp:term":[{"taxonomy":"product_brand","embeddable":true,"href":"https:\/\/shopatoa.com\/ro\/wp-json\/wp\/v2\/product_brand?post=495708"},{"taxonomy":"product_cat","embeddable":true,"href":"https:\/\/shopatoa.com\/ro\/wp-json\/wp\/v2\/product_cat?post=495708"},{"taxonomy":"product_tag","embeddable":true,"href":"https:\/\/shopatoa.com\/ro\/wp-json\/wp\/v2\/product_tag?post=495708"}],"curies":[{"name":"wp","href":"https:\/\/api.w.org\/{rel}","templated":true}]}}