{"id":495786,"date":"2025-07-04T01:20:16","date_gmt":"2025-07-03T23:20:16","guid":{"rendered":"https:\/\/shopatoa.com\/ro\/phyto-kids-intense-curls-magic-detangling-spray-spray-pentru-par-usor-de-pieptanat-pentru-par-cret-200-ml\/"},"modified":"2025-12-14T18:04:19","modified_gmt":"2025-12-14T17:04:19","slug":"phyto-kids-intense-curls-magic-detangling-spray-spray-pentru-par-usor-de-pieptanat-pentru-par-cret-200-ml","status":"publish","type":"product","link":"https:\/\/shopatoa.com\/ro\/phyto-kids-intense-curls-magic-detangling-spray-spray-pentru-par-usor-de-pieptanat-pentru-par-cret-200-ml\/","title":{"rendered":"Phyto Kids Intense Curls Magic Detangling Spray spray pentru par usor de pieptanat pentru p\u0103r cre\u021b 200 ml"},"content":{"rendered":"<p>Phyto Kids Intense Curls Magic Detangling Spray, 200 ml, Pentru o piept\u0103nare u\u0219oar\u0103 pentru copii, Din cauza p\u0103rului \u00eenc\u00e2lcit, procesul de piept\u0103nare poate fi deosebit de nepl\u0103cut, \u00een special pentru copiii mici. Din fericire, exist\u0103 produsul Phyto Kids Intense Curls Magic Detangling Spray, care emoliaz\u0103 instantaneu p\u0103rul copiilor, elimin\u00e2nd \u00eenc\u00e2lcirea \u0219i asigur\u00e2nd o piept\u0103nare u\u0219oar\u0103, nedureroas\u0103 \u0219i f\u0103r\u0103 tragere. Astfel, va transforma brusc o obliga\u021bie p\u00e2n\u0103 atunci temut\u0103 \u00eentr-o activitate pl\u0103cut\u0103 \u0219i distractiv\u0103 pe care copilul o va a\u0219tepta cu ner\u0103bdare. \u00cen plus, compozi\u021bia sa adaptat\u0103 la nevoile specifice ale copiilor va oferi p\u0103rului \u00eengrijirea de care are nevoie, iar datorit\u0103 bl\u00e2nde\u021bii sale, nu va provoca uscare sau irita\u021bii nedorite.  Caracteristici:  ajut\u0103 la descurcarea \u0219i netezirea p\u0103rului faciliteaz\u0103 descurcarea p\u0103rului \u0219i modelarea sa ulterioar\u0103  Ingrediente:  unt de shea \u2013 hidrateaz\u0103 \u0219i hr\u0103ne\u0219te p\u0103rul \u00een profunzime, \u00eei red\u0103 str\u0103lucirea \u0219i ajut\u0103 la remedierea deterior\u0103rilor  Cum se utilizeaz\u0103: A se agita energic, \u00eenainte de utilizare. Se aplic\u0103 uniform, pe p\u0103rul umed sau uscat. Se piept\u0103n\u0103. Pentru maximizarea rezultatului, se va utiliza \u00een combina\u021bie cu tratamentul din aceea\u0219i serie.<\/p>\n","protected":false},"excerpt":{"rendered":"<p>Phyto Kids Intense Curls Magic Detangling Spray, 200 ml, Pentru o piept\u0103nare u\u0219oar\u0103 pentru copii, Din cauza p\u0103rului \u00eenc\u00e2lcit, procesul de piept\u0103nare poate fi deosebit de nepl\u0103cut, \u00een special pentru copiii mici. Din fericire, exist\u0103 produsul Phyto Kids Intense Curls Magic Detangling Spray, care emoliaz\u0103 instantaneu p\u0103rul copiilor, elimin\u00e2nd \u00eenc\u00e2lcirea \u0219i asigur\u00e2nd o piept\u0103nare u\u0219oar\u0103,&#8230;<\/p>\n","protected":false},"featured_media":495787,"comment_status":"closed","ping_status":"open","template":"","meta":{"_acf_changed":false,"_kadence_starter_templates_imported_post":false,"_kad_post_transparent":"","_kad_post_title":"","_kad_post_layout":"","_kad_post_sidebar_id":"","_kad_post_content_style":"","_kad_post_vertical_padding":"","_kad_post_feature":"","_kad_post_feature_position":"","_kad_post_header":false,"_kad_post_footer":false,"_kad_post_classname":""},"product_brand":[2553],"product_cat":[1563,1590,1562],"product_tag":[],"class_list":{"0":"post-495786","1":"product","2":"type-product","3":"status-publish","4":"has-post-thumbnail","6":"product_brand-phyto","7":"product_cat-ingrijire-personala","8":"product_cat-ingrijirea-parului","9":"product_cat-sanatate-si-frumusete","10":"pa_gen-unisex","11":"pa_marime-200-ml","13":"first","14":"instock","15":"sale","16":"product-type-external","17":"entry","18":"content-bg","19":"loop-entry"},"acf":[],"yoast_head":"<!-- This site is optimized with the Yoast SEO plugin v27.4 - https:\/\/yoast.com\/product\/yoast-seo-wordpress\/ -->\n<title>Phyto Kids Intense Curls Magic Detangling Spray spray pentru par usor de pieptanat pentru p\u0103r cre\u021b 200 ml - SHOPATOA.COM<\/title>\n<meta name=\"robots\" content=\"index, follow, max-snippet:-1, max-image-preview:large, max-video-preview:-1\" \/>\n<link rel=\"canonical\" href=\"https:\/\/shopatoa.com\/ro\/phyto-kids-intense-curls-magic-detangling-spray-spray-pentru-par-usor-de-pieptanat-pentru-par-cret-200-ml\/\" \/>\n<meta property=\"og:locale\" content=\"ro_RO\" \/>\n<meta property=\"og:type\" content=\"article\" \/>\n<meta property=\"og:title\" content=\"Phyto Kids Intense Curls Magic Detangling Spray spray pentru par usor de pieptanat pentru p\u0103r cre\u021b 200 ml - SHOPATOA.COM\" \/>\n<meta property=\"og:description\" content=\"Phyto Kids Intense Curls Magic Detangling Spray, 200 ml, Pentru o piept\u0103nare u\u0219oar\u0103 pentru copii, Din cauza p\u0103rului \u00eenc\u00e2lcit, procesul de piept\u0103nare poate fi deosebit de nepl\u0103cut, \u00een special pentru copiii mici. Din fericire, exist\u0103 produsul Phyto Kids Intense Curls Magic Detangling Spray, care emoliaz\u0103 instantaneu p\u0103rul copiilor, elimin\u00e2nd \u00eenc\u00e2lcirea \u0219i asigur\u00e2nd o piept\u0103nare u\u0219oar\u0103,...\" \/>\n<meta property=\"og:url\" content=\"https:\/\/shopatoa.com\/ro\/phyto-kids-intense-curls-magic-detangling-spray-spray-pentru-par-usor-de-pieptanat-pentru-par-cret-200-ml\/\" \/>\n<meta property=\"og:site_name\" content=\"SHOPATOA\" \/>\n<meta property=\"article:modified_time\" content=\"2025-12-14T17:04:19+00:00\" \/>\n<meta property=\"og:image\" content=\"https:\/\/storage.googleapis.com\/cz-shopatoa-img\/ro\/7630fe87-unnamed-file.webp\" \/>\n\t<meta property=\"og:image:width\" content=\"800\" \/>\n\t<meta property=\"og:image:height\" content=\"800\" \/>\n\t<meta property=\"og:image:type\" content=\"image\/webp\" \/>\n<meta name=\"twitter:card\" content=\"summary_large_image\" \/>\n<meta name=\"twitter:label1\" content=\"Timp estimat pentru citire\" \/>\n\t<meta name=\"twitter:data1\" content=\"1 minut\" \/>\n<script type=\"application\/ld+json\" class=\"yoast-schema-graph\">{\"@context\":\"https:\\\/\\\/schema.org\",\"@graph\":[{\"@type\":\"WebPage\",\"@id\":\"https:\\\/\\\/shopatoa.com\\\/ro\\\/phyto-kids-intense-curls-magic-detangling-spray-spray-pentru-par-usor-de-pieptanat-pentru-par-cret-200-ml\\\/\",\"url\":\"https:\\\/\\\/shopatoa.com\\\/ro\\\/phyto-kids-intense-curls-magic-detangling-spray-spray-pentru-par-usor-de-pieptanat-pentru-par-cret-200-ml\\\/\",\"name\":\"Phyto Kids Intense Curls Magic Detangling Spray spray pentru par usor de pieptanat pentru p\u0103r cre\u021b 200 ml - SHOPATOA.COM\",\"isPartOf\":{\"@id\":\"https:\\\/\\\/shopatoa.com\\\/ro\\\/#website\"},\"primaryImageOfPage\":{\"@id\":\"https:\\\/\\\/shopatoa.com\\\/ro\\\/phyto-kids-intense-curls-magic-detangling-spray-spray-pentru-par-usor-de-pieptanat-pentru-par-cret-200-ml\\\/#primaryimage\"},\"image\":{\"@id\":\"https:\\\/\\\/shopatoa.com\\\/ro\\\/phyto-kids-intense-curls-magic-detangling-spray-spray-pentru-par-usor-de-pieptanat-pentru-par-cret-200-ml\\\/#primaryimage\"},\"thumbnailUrl\":\"https:\\\/\\\/storage.googleapis.com\\\/cz-shopatoa-img\\\/ro\\\/7630fe87-unnamed-file.webp\",\"datePublished\":\"2025-07-03T23:20:16+00:00\",\"dateModified\":\"2025-12-14T17:04:19+00:00\",\"breadcrumb\":{\"@id\":\"https:\\\/\\\/shopatoa.com\\\/ro\\\/phyto-kids-intense-curls-magic-detangling-spray-spray-pentru-par-usor-de-pieptanat-pentru-par-cret-200-ml\\\/#breadcrumb\"},\"inLanguage\":\"ro-RO\",\"potentialAction\":[{\"@type\":\"ReadAction\",\"target\":[\"https:\\\/\\\/shopatoa.com\\\/ro\\\/phyto-kids-intense-curls-magic-detangling-spray-spray-pentru-par-usor-de-pieptanat-pentru-par-cret-200-ml\\\/\"]}]},{\"@type\":\"ImageObject\",\"inLanguage\":\"ro-RO\",\"@id\":\"https:\\\/\\\/shopatoa.com\\\/ro\\\/phyto-kids-intense-curls-magic-detangling-spray-spray-pentru-par-usor-de-pieptanat-pentru-par-cret-200-ml\\\/#primaryimage\",\"url\":\"https:\\\/\\\/storage.googleapis.com\\\/cz-shopatoa-img\\\/ro\\\/7630fe87-unnamed-file.webp\",\"contentUrl\":\"https:\\\/\\\/storage.googleapis.com\\\/cz-shopatoa-img\\\/ro\\\/7630fe87-unnamed-file.webp\",\"width\":800,\"height\":800},{\"@type\":\"BreadcrumbList\",\"@id\":\"https:\\\/\\\/shopatoa.com\\\/ro\\\/phyto-kids-intense-curls-magic-detangling-spray-spray-pentru-par-usor-de-pieptanat-pentru-par-cret-200-ml\\\/#breadcrumb\",\"itemListElement\":[{\"@type\":\"ListItem\",\"position\":1,\"name\":\"Dom\u016f\",\"item\":\"https:\\\/\\\/shopatoa.com\\\/ro\\\/\"},{\"@type\":\"ListItem\",\"position\":2,\"name\":\"Shop\",\"item\":\"https:\\\/\\\/shopatoa.com\\\/ro\\\/shop\\\/\"},{\"@type\":\"ListItem\",\"position\":3,\"name\":\"S\u0103n\u0103tate \u0219i frumuse\u021be\",\"item\":\"https:\\\/\\\/shopatoa.com\\\/ro\\\/sanatate-si-frumusete\\\/\"},{\"@type\":\"ListItem\",\"position\":4,\"name\":\"\u00cengrijire personal\u0103\",\"item\":\"https:\\\/\\\/shopatoa.com\\\/ro\\\/ingrijire-personala\\\/\"},{\"@type\":\"ListItem\",\"position\":5,\"name\":\"\u00cengrijirea p\u0103rului\",\"item\":\"https:\\\/\\\/shopatoa.com\\\/ro\\\/ingrijirea-parului\\\/\"},{\"@type\":\"ListItem\",\"position\":6,\"name\":\"Phyto Kids Intense Curls Magic Detangling Spray spray pentru par usor de pieptanat pentru p\u0103r cre\u021b 200 ml\"}]},{\"@type\":\"WebSite\",\"@id\":\"https:\\\/\\\/shopatoa.com\\\/ro\\\/#website\",\"url\":\"https:\\\/\\\/shopatoa.com\\\/ro\\\/\",\"name\":\"SHOPATOA\",\"description\":\"\",\"publisher\":{\"@id\":\"https:\\\/\\\/shopatoa.com\\\/ro\\\/#organization\"},\"potentialAction\":[{\"@type\":\"SearchAction\",\"target\":{\"@type\":\"EntryPoint\",\"urlTemplate\":\"https:\\\/\\\/shopatoa.com\\\/ro\\\/?s={search_term_string}\"},\"query-input\":{\"@type\":\"PropertyValueSpecification\",\"valueRequired\":true,\"valueName\":\"search_term_string\"}}],\"inLanguage\":\"ro-RO\"},{\"@type\":\"Organization\",\"@id\":\"https:\\\/\\\/shopatoa.com\\\/ro\\\/#organization\",\"name\":\"SHOPATOA\",\"url\":\"https:\\\/\\\/shopatoa.com\\\/ro\\\/\",\"logo\":{\"@type\":\"ImageObject\",\"inLanguage\":\"ro-RO\",\"@id\":\"https:\\\/\\\/shopatoa.com\\\/ro\\\/#\\\/schema\\\/logo\\\/image\\\/\",\"url\":\"https:\\\/\\\/storage.googleapis.com\\\/cz-shopatoa-img\\\/ro\\\/b4dac915-shopatoa_logo.png\",\"contentUrl\":\"https:\\\/\\\/storage.googleapis.com\\\/cz-shopatoa-img\\\/ro\\\/b4dac915-shopatoa_logo.png\",\"width\":416,\"height\":63,\"caption\":\"SHOPATOA\"},\"image\":{\"@id\":\"https:\\\/\\\/shopatoa.com\\\/ro\\\/#\\\/schema\\\/logo\\\/image\\\/\"}}]}<\/script>\n<!-- \/ Yoast SEO plugin. -->","yoast_head_json":{"title":"Phyto Kids Intense Curls Magic Detangling Spray spray pentru par usor de pieptanat pentru p\u0103r cre\u021b 200 ml - SHOPATOA.COM","robots":{"index":"index","follow":"follow","max-snippet":"max-snippet:-1","max-image-preview":"max-image-preview:large","max-video-preview":"max-video-preview:-1"},"canonical":"https:\/\/shopatoa.com\/ro\/phyto-kids-intense-curls-magic-detangling-spray-spray-pentru-par-usor-de-pieptanat-pentru-par-cret-200-ml\/","og_locale":"ro_RO","og_type":"article","og_title":"Phyto Kids Intense Curls Magic Detangling Spray spray pentru par usor de pieptanat pentru p\u0103r cre\u021b 200 ml - SHOPATOA.COM","og_description":"Phyto Kids Intense Curls Magic Detangling Spray, 200 ml, Pentru o piept\u0103nare u\u0219oar\u0103 pentru copii, Din cauza p\u0103rului \u00eenc\u00e2lcit, procesul de piept\u0103nare poate fi deosebit de nepl\u0103cut, \u00een special pentru copiii mici. Din fericire, exist\u0103 produsul Phyto Kids Intense Curls Magic Detangling Spray, care emoliaz\u0103 instantaneu p\u0103rul copiilor, elimin\u00e2nd \u00eenc\u00e2lcirea \u0219i asigur\u00e2nd o piept\u0103nare u\u0219oar\u0103,...","og_url":"https:\/\/shopatoa.com\/ro\/phyto-kids-intense-curls-magic-detangling-spray-spray-pentru-par-usor-de-pieptanat-pentru-par-cret-200-ml\/","og_site_name":"SHOPATOA","article_modified_time":"2025-12-14T17:04:19+00:00","og_image":[{"width":800,"height":800,"url":"https:\/\/storage.googleapis.com\/cz-shopatoa-img\/ro\/7630fe87-unnamed-file.webp","type":"image\/webp"}],"twitter_card":"summary_large_image","twitter_misc":{"Timp estimat pentru citire":"1 minut"},"schema":{"@context":"https:\/\/schema.org","@graph":[{"@type":"WebPage","@id":"https:\/\/shopatoa.com\/ro\/phyto-kids-intense-curls-magic-detangling-spray-spray-pentru-par-usor-de-pieptanat-pentru-par-cret-200-ml\/","url":"https:\/\/shopatoa.com\/ro\/phyto-kids-intense-curls-magic-detangling-spray-spray-pentru-par-usor-de-pieptanat-pentru-par-cret-200-ml\/","name":"Phyto Kids Intense Curls Magic Detangling Spray spray pentru par usor de pieptanat pentru p\u0103r cre\u021b 200 ml - SHOPATOA.COM","isPartOf":{"@id":"https:\/\/shopatoa.com\/ro\/#website"},"primaryImageOfPage":{"@id":"https:\/\/shopatoa.com\/ro\/phyto-kids-intense-curls-magic-detangling-spray-spray-pentru-par-usor-de-pieptanat-pentru-par-cret-200-ml\/#primaryimage"},"image":{"@id":"https:\/\/shopatoa.com\/ro\/phyto-kids-intense-curls-magic-detangling-spray-spray-pentru-par-usor-de-pieptanat-pentru-par-cret-200-ml\/#primaryimage"},"thumbnailUrl":"https:\/\/storage.googleapis.com\/cz-shopatoa-img\/ro\/7630fe87-unnamed-file.webp","datePublished":"2025-07-03T23:20:16+00:00","dateModified":"2025-12-14T17:04:19+00:00","breadcrumb":{"@id":"https:\/\/shopatoa.com\/ro\/phyto-kids-intense-curls-magic-detangling-spray-spray-pentru-par-usor-de-pieptanat-pentru-par-cret-200-ml\/#breadcrumb"},"inLanguage":"ro-RO","potentialAction":[{"@type":"ReadAction","target":["https:\/\/shopatoa.com\/ro\/phyto-kids-intense-curls-magic-detangling-spray-spray-pentru-par-usor-de-pieptanat-pentru-par-cret-200-ml\/"]}]},{"@type":"ImageObject","inLanguage":"ro-RO","@id":"https:\/\/shopatoa.com\/ro\/phyto-kids-intense-curls-magic-detangling-spray-spray-pentru-par-usor-de-pieptanat-pentru-par-cret-200-ml\/#primaryimage","url":"https:\/\/storage.googleapis.com\/cz-shopatoa-img\/ro\/7630fe87-unnamed-file.webp","contentUrl":"https:\/\/storage.googleapis.com\/cz-shopatoa-img\/ro\/7630fe87-unnamed-file.webp","width":800,"height":800},{"@type":"BreadcrumbList","@id":"https:\/\/shopatoa.com\/ro\/phyto-kids-intense-curls-magic-detangling-spray-spray-pentru-par-usor-de-pieptanat-pentru-par-cret-200-ml\/#breadcrumb","itemListElement":[{"@type":"ListItem","position":1,"name":"Dom\u016f","item":"https:\/\/shopatoa.com\/ro\/"},{"@type":"ListItem","position":2,"name":"Shop","item":"https:\/\/shopatoa.com\/ro\/shop\/"},{"@type":"ListItem","position":3,"name":"S\u0103n\u0103tate \u0219i frumuse\u021be","item":"https:\/\/shopatoa.com\/ro\/sanatate-si-frumusete\/"},{"@type":"ListItem","position":4,"name":"\u00cengrijire personal\u0103","item":"https:\/\/shopatoa.com\/ro\/ingrijire-personala\/"},{"@type":"ListItem","position":5,"name":"\u00cengrijirea p\u0103rului","item":"https:\/\/shopatoa.com\/ro\/ingrijirea-parului\/"},{"@type":"ListItem","position":6,"name":"Phyto Kids Intense Curls Magic Detangling Spray spray pentru par usor de pieptanat pentru p\u0103r cre\u021b 200 ml"}]},{"@type":"WebSite","@id":"https:\/\/shopatoa.com\/ro\/#website","url":"https:\/\/shopatoa.com\/ro\/","name":"SHOPATOA","description":"","publisher":{"@id":"https:\/\/shopatoa.com\/ro\/#organization"},"potentialAction":[{"@type":"SearchAction","target":{"@type":"EntryPoint","urlTemplate":"https:\/\/shopatoa.com\/ro\/?s={search_term_string}"},"query-input":{"@type":"PropertyValueSpecification","valueRequired":true,"valueName":"search_term_string"}}],"inLanguage":"ro-RO"},{"@type":"Organization","@id":"https:\/\/shopatoa.com\/ro\/#organization","name":"SHOPATOA","url":"https:\/\/shopatoa.com\/ro\/","logo":{"@type":"ImageObject","inLanguage":"ro-RO","@id":"https:\/\/shopatoa.com\/ro\/#\/schema\/logo\/image\/","url":"https:\/\/storage.googleapis.com\/cz-shopatoa-img\/ro\/b4dac915-shopatoa_logo.png","contentUrl":"https:\/\/storage.googleapis.com\/cz-shopatoa-img\/ro\/b4dac915-shopatoa_logo.png","width":416,"height":63,"caption":"SHOPATOA"},"image":{"@id":"https:\/\/shopatoa.com\/ro\/#\/schema\/logo\/image\/"}}]}},"_links":{"self":[{"href":"https:\/\/shopatoa.com\/ro\/wp-json\/wp\/v2\/product\/495786","targetHints":{"allow":["GET"]}}],"collection":[{"href":"https:\/\/shopatoa.com\/ro\/wp-json\/wp\/v2\/product"}],"about":[{"href":"https:\/\/shopatoa.com\/ro\/wp-json\/wp\/v2\/types\/product"}],"replies":[{"embeddable":true,"href":"https:\/\/shopatoa.com\/ro\/wp-json\/wp\/v2\/comments?post=495786"}],"wp:featuredmedia":[{"embeddable":true,"href":"https:\/\/shopatoa.com\/ro\/wp-json\/wp\/v2\/media\/495787"}],"wp:attachment":[{"href":"https:\/\/shopatoa.com\/ro\/wp-json\/wp\/v2\/media?parent=495786"}],"wp:term":[{"taxonomy":"product_brand","embeddable":true,"href":"https:\/\/shopatoa.com\/ro\/wp-json\/wp\/v2\/product_brand?post=495786"},{"taxonomy":"product_cat","embeddable":true,"href":"https:\/\/shopatoa.com\/ro\/wp-json\/wp\/v2\/product_cat?post=495786"},{"taxonomy":"product_tag","embeddable":true,"href":"https:\/\/shopatoa.com\/ro\/wp-json\/wp\/v2\/product_tag?post=495786"}],"curies":[{"name":"wp","href":"https:\/\/api.w.org\/{rel}","templated":true}]}}