{"id":495970,"date":"2025-07-10T16:41:12","date_gmt":"2025-07-10T14:41:12","guid":{"rendered":"https:\/\/shopatoa.com\/ro\/medicube-zero-pore-pad-mild-discuri-pentru-indepartarea-impuritatilor-pentru-piele-sensibila-70-buc\/"},"modified":"2025-12-12T12:24:25","modified_gmt":"2025-12-12T11:24:25","slug":"medicube-zero-pore-pad-mild-discuri-pentru-indepartarea-impuritatilor-pentru-piele-sensibila-70-buc","status":"publish","type":"product","link":"https:\/\/shopatoa.com\/ro\/medicube-zero-pore-pad-mild-discuri-pentru-indepartarea-impuritatilor-pentru-piele-sensibila-70-buc\/","title":{"rendered":"Medicube Zero Pore Pad Mild discuri pentru indepartarea impuritatilor pentru piele sensibil\u0103 70 buc"},"content":{"rendered":"<p>Medicube Zero Pore Pad Mild, 70 buc, Cur\u0103\u021barea pielii pentru femei, Produsul tonic Medicube Zero Pore ajut\u0103 la cur\u0103\u021barea final\u0103, la armonizarea \u0219i la \u00eenviorarea pielii.  Caracteristici:  efect exfoliant calmeaz\u0103 \u0219i tonific\u0103 \u00eemprosp\u0103teaz\u0103 \u0219i ilumineaz\u0103 hidrateaz\u0103 \u0219i hr\u0103ne\u0219te pielea nu irit\u0103 pielea sensibil\u0103 aplicare practic\u0103 \u0219i igienic\u0103  Ingrediente:  extract de gotu kola \u2013 restabile\u0219te \u0219i fortific\u0103 bariera cutanat\u0103, favorizeaz\u0103 procesele de regenerare, calmeaz\u0103 irita\u021biile, combate ro\u0219ea\u021ba \u0219i uscarea, are efecte antioxidante, hidrateaz\u0103, ajut\u0103 la combaterea \u00eemb\u0103tr\u00e2nirii pielii acid hialuronic \u2013 leag\u0103 o cantitate mare de ap\u0103 \u0219i hidrateaz\u0103 intens madecassoside \u2013 extract din frunze de centella asiatica, ofer\u0103 protec\u021bie antioxidant\u0103 \u0219i contribuie la fortificarea barierei cutanate  Cum se utilizeaz\u0103: Cu ajutorul unei dischete de bumbac, aplica\u021bi u\u0219or pe tenul cur\u0103\u021bat, din centrul fe\u021bei spre exterior.<\/p>\n","protected":false},"excerpt":{"rendered":"<p>Medicube Zero Pore Pad Mild, 70 buc, Cur\u0103\u021barea pielii pentru femei, Produsul tonic Medicube Zero Pore ajut\u0103 la cur\u0103\u021barea final\u0103, la armonizarea \u0219i la \u00eenviorarea pielii. Caracteristici: efect exfoliant calmeaz\u0103 \u0219i tonific\u0103 \u00eemprosp\u0103teaz\u0103 \u0219i ilumineaz\u0103 hidrateaz\u0103 \u0219i hr\u0103ne\u0219te pielea nu irit\u0103 pielea sensibil\u0103 aplicare practic\u0103 \u0219i igienic\u0103 Ingrediente: extract de gotu kola \u2013 restabile\u0219te \u0219i&#8230;<\/p>\n","protected":false},"featured_media":496120,"comment_status":"closed","ping_status":"open","template":"","meta":{"_acf_changed":false,"_kadence_starter_templates_imported_post":false,"_kad_post_transparent":"","_kad_post_title":"","_kad_post_layout":"","_kad_post_sidebar_id":"","_kad_post_content_style":"","_kad_post_vertical_padding":"","_kad_post_feature":"","_kad_post_feature_position":"","_kad_post_header":false,"_kad_post_footer":false,"_kad_post_classname":""},"product_brand":[2826],"product_cat":[1564,1563,1565,1562],"product_tag":[],"class_list":{"0":"post-495970","1":"product","2":"type-product","3":"status-publish","4":"has-post-thumbnail","6":"product_brand-medicube","7":"product_cat-cosmetice-ingrijire-personala","8":"product_cat-ingrijire-personala","9":"product_cat-ingrijirea-pielii","10":"product_cat-sanatate-si-frumusete","11":"pa_gen-female","12":"pa_marime-70-buc","14":"first","15":"instock","16":"product-type-external","17":"entry","18":"content-bg","19":"loop-entry"},"acf":[],"yoast_head":"<!-- This site is optimized with the Yoast SEO plugin v27.4 - https:\/\/yoast.com\/product\/yoast-seo-wordpress\/ -->\n<title>Medicube Zero Pore Pad Mild discuri pentru indepartarea impuritatilor pentru piele sensibil\u0103 70 buc - SHOPATOA.COM<\/title>\n<meta name=\"robots\" content=\"index, follow, max-snippet:-1, max-image-preview:large, max-video-preview:-1\" \/>\n<link rel=\"canonical\" href=\"https:\/\/shopatoa.com\/ro\/medicube-zero-pore-pad-mild-discuri-pentru-indepartarea-impuritatilor-pentru-piele-sensibila-70-buc\/\" \/>\n<meta property=\"og:locale\" content=\"ro_RO\" \/>\n<meta property=\"og:type\" content=\"article\" \/>\n<meta property=\"og:title\" content=\"Medicube Zero Pore Pad Mild discuri pentru indepartarea impuritatilor pentru piele sensibil\u0103 70 buc - SHOPATOA.COM\" \/>\n<meta property=\"og:description\" content=\"Medicube Zero Pore Pad Mild, 70 buc, Cur\u0103\u021barea pielii pentru femei, Produsul tonic Medicube Zero Pore ajut\u0103 la cur\u0103\u021barea final\u0103, la armonizarea \u0219i la \u00eenviorarea pielii. Caracteristici: efect exfoliant calmeaz\u0103 \u0219i tonific\u0103 \u00eemprosp\u0103teaz\u0103 \u0219i ilumineaz\u0103 hidrateaz\u0103 \u0219i hr\u0103ne\u0219te pielea nu irit\u0103 pielea sensibil\u0103 aplicare practic\u0103 \u0219i igienic\u0103 Ingrediente: extract de gotu kola \u2013 restabile\u0219te \u0219i...\" \/>\n<meta property=\"og:url\" content=\"https:\/\/shopatoa.com\/ro\/medicube-zero-pore-pad-mild-discuri-pentru-indepartarea-impuritatilor-pentru-piele-sensibila-70-buc\/\" \/>\n<meta property=\"og:site_name\" content=\"SHOPATOA\" \/>\n<meta property=\"article:modified_time\" content=\"2025-12-12T11:24:25+00:00\" \/>\n<meta property=\"og:image\" content=\"https:\/\/storage.googleapis.com\/cz-shopatoa-img\/ro\/73c02559-medicubezeroporepadmilddiscuripentruindepartareaimpuritatilorpentru.jpg\" \/>\n\t<meta property=\"og:image:width\" content=\"800\" \/>\n\t<meta property=\"og:image:height\" content=\"800\" \/>\n\t<meta property=\"og:image:type\" content=\"image\/jpeg\" \/>\n<meta name=\"twitter:card\" content=\"summary_large_image\" \/>\n<meta name=\"twitter:label1\" content=\"Timp estimat pentru citire\" \/>\n\t<meta name=\"twitter:data1\" content=\"1 minut\" \/>\n<script type=\"application\/ld+json\" class=\"yoast-schema-graph\">{\"@context\":\"https:\\\/\\\/schema.org\",\"@graph\":[{\"@type\":\"WebPage\",\"@id\":\"https:\\\/\\\/shopatoa.com\\\/ro\\\/medicube-zero-pore-pad-mild-discuri-pentru-indepartarea-impuritatilor-pentru-piele-sensibila-70-buc\\\/\",\"url\":\"https:\\\/\\\/shopatoa.com\\\/ro\\\/medicube-zero-pore-pad-mild-discuri-pentru-indepartarea-impuritatilor-pentru-piele-sensibila-70-buc\\\/\",\"name\":\"Medicube Zero Pore Pad Mild discuri pentru indepartarea impuritatilor pentru piele sensibil\u0103 70 buc - SHOPATOA.COM\",\"isPartOf\":{\"@id\":\"https:\\\/\\\/shopatoa.com\\\/ro\\\/#website\"},\"primaryImageOfPage\":{\"@id\":\"https:\\\/\\\/shopatoa.com\\\/ro\\\/medicube-zero-pore-pad-mild-discuri-pentru-indepartarea-impuritatilor-pentru-piele-sensibila-70-buc\\\/#primaryimage\"},\"image\":{\"@id\":\"https:\\\/\\\/shopatoa.com\\\/ro\\\/medicube-zero-pore-pad-mild-discuri-pentru-indepartarea-impuritatilor-pentru-piele-sensibila-70-buc\\\/#primaryimage\"},\"thumbnailUrl\":\"https:\\\/\\\/storage.googleapis.com\\\/cz-shopatoa-img\\\/ro\\\/73c02559-medicubezeroporepadmilddiscuripentruindepartareaimpuritatilorpentru.jpg\",\"datePublished\":\"2025-07-10T14:41:12+00:00\",\"dateModified\":\"2025-12-12T11:24:25+00:00\",\"breadcrumb\":{\"@id\":\"https:\\\/\\\/shopatoa.com\\\/ro\\\/medicube-zero-pore-pad-mild-discuri-pentru-indepartarea-impuritatilor-pentru-piele-sensibila-70-buc\\\/#breadcrumb\"},\"inLanguage\":\"ro-RO\",\"potentialAction\":[{\"@type\":\"ReadAction\",\"target\":[\"https:\\\/\\\/shopatoa.com\\\/ro\\\/medicube-zero-pore-pad-mild-discuri-pentru-indepartarea-impuritatilor-pentru-piele-sensibila-70-buc\\\/\"]}]},{\"@type\":\"ImageObject\",\"inLanguage\":\"ro-RO\",\"@id\":\"https:\\\/\\\/shopatoa.com\\\/ro\\\/medicube-zero-pore-pad-mild-discuri-pentru-indepartarea-impuritatilor-pentru-piele-sensibila-70-buc\\\/#primaryimage\",\"url\":\"https:\\\/\\\/storage.googleapis.com\\\/cz-shopatoa-img\\\/ro\\\/73c02559-medicubezeroporepadmilddiscuripentruindepartareaimpuritatilorpentru.jpg\",\"contentUrl\":\"https:\\\/\\\/storage.googleapis.com\\\/cz-shopatoa-img\\\/ro\\\/73c02559-medicubezeroporepadmilddiscuripentruindepartareaimpuritatilorpentru.jpg\",\"width\":800,\"height\":800,\"caption\":\"Medicube Zero Pore Pad Mild discuri pentru indepartarea impuritatilor pentru piele sensibil\u0103 70 buc\"},{\"@type\":\"BreadcrumbList\",\"@id\":\"https:\\\/\\\/shopatoa.com\\\/ro\\\/medicube-zero-pore-pad-mild-discuri-pentru-indepartarea-impuritatilor-pentru-piele-sensibila-70-buc\\\/#breadcrumb\",\"itemListElement\":[{\"@type\":\"ListItem\",\"position\":1,\"name\":\"Dom\u016f\",\"item\":\"https:\\\/\\\/shopatoa.com\\\/ro\\\/\"},{\"@type\":\"ListItem\",\"position\":2,\"name\":\"Shop\",\"item\":\"https:\\\/\\\/shopatoa.com\\\/ro\\\/shop\\\/\"},{\"@type\":\"ListItem\",\"position\":3,\"name\":\"S\u0103n\u0103tate \u0219i frumuse\u021be\",\"item\":\"https:\\\/\\\/shopatoa.com\\\/ro\\\/sanatate-si-frumusete\\\/\"},{\"@type\":\"ListItem\",\"position\":4,\"name\":\"\u00cengrijire personal\u0103\",\"item\":\"https:\\\/\\\/shopatoa.com\\\/ro\\\/ingrijire-personala\\\/\"},{\"@type\":\"ListItem\",\"position\":5,\"name\":\"Cosmetice\",\"item\":\"https:\\\/\\\/shopatoa.com\\\/ro\\\/cosmetice-ingrijire-personala\\\/\"},{\"@type\":\"ListItem\",\"position\":6,\"name\":\"\u00cengrijirea pielii\",\"item\":\"https:\\\/\\\/shopatoa.com\\\/ro\\\/ingrijirea-pielii\\\/\"},{\"@type\":\"ListItem\",\"position\":7,\"name\":\"Medicube Zero Pore Pad Mild discuri pentru indepartarea impuritatilor pentru piele sensibil\u0103 70 buc\"}]},{\"@type\":\"WebSite\",\"@id\":\"https:\\\/\\\/shopatoa.com\\\/ro\\\/#website\",\"url\":\"https:\\\/\\\/shopatoa.com\\\/ro\\\/\",\"name\":\"SHOPATOA\",\"description\":\"\",\"publisher\":{\"@id\":\"https:\\\/\\\/shopatoa.com\\\/ro\\\/#organization\"},\"potentialAction\":[{\"@type\":\"SearchAction\",\"target\":{\"@type\":\"EntryPoint\",\"urlTemplate\":\"https:\\\/\\\/shopatoa.com\\\/ro\\\/?s={search_term_string}\"},\"query-input\":{\"@type\":\"PropertyValueSpecification\",\"valueRequired\":true,\"valueName\":\"search_term_string\"}}],\"inLanguage\":\"ro-RO\"},{\"@type\":\"Organization\",\"@id\":\"https:\\\/\\\/shopatoa.com\\\/ro\\\/#organization\",\"name\":\"SHOPATOA\",\"url\":\"https:\\\/\\\/shopatoa.com\\\/ro\\\/\",\"logo\":{\"@type\":\"ImageObject\",\"inLanguage\":\"ro-RO\",\"@id\":\"https:\\\/\\\/shopatoa.com\\\/ro\\\/#\\\/schema\\\/logo\\\/image\\\/\",\"url\":\"https:\\\/\\\/storage.googleapis.com\\\/cz-shopatoa-img\\\/ro\\\/b4dac915-shopatoa_logo.png\",\"contentUrl\":\"https:\\\/\\\/storage.googleapis.com\\\/cz-shopatoa-img\\\/ro\\\/b4dac915-shopatoa_logo.png\",\"width\":416,\"height\":63,\"caption\":\"SHOPATOA\"},\"image\":{\"@id\":\"https:\\\/\\\/shopatoa.com\\\/ro\\\/#\\\/schema\\\/logo\\\/image\\\/\"}}]}<\/script>\n<!-- \/ Yoast SEO plugin. -->","yoast_head_json":{"title":"Medicube Zero Pore Pad Mild discuri pentru indepartarea impuritatilor pentru piele sensibil\u0103 70 buc - SHOPATOA.COM","robots":{"index":"index","follow":"follow","max-snippet":"max-snippet:-1","max-image-preview":"max-image-preview:large","max-video-preview":"max-video-preview:-1"},"canonical":"https:\/\/shopatoa.com\/ro\/medicube-zero-pore-pad-mild-discuri-pentru-indepartarea-impuritatilor-pentru-piele-sensibila-70-buc\/","og_locale":"ro_RO","og_type":"article","og_title":"Medicube Zero Pore Pad Mild discuri pentru indepartarea impuritatilor pentru piele sensibil\u0103 70 buc - SHOPATOA.COM","og_description":"Medicube Zero Pore Pad Mild, 70 buc, Cur\u0103\u021barea pielii pentru femei, Produsul tonic Medicube Zero Pore ajut\u0103 la cur\u0103\u021barea final\u0103, la armonizarea \u0219i la \u00eenviorarea pielii. Caracteristici: efect exfoliant calmeaz\u0103 \u0219i tonific\u0103 \u00eemprosp\u0103teaz\u0103 \u0219i ilumineaz\u0103 hidrateaz\u0103 \u0219i hr\u0103ne\u0219te pielea nu irit\u0103 pielea sensibil\u0103 aplicare practic\u0103 \u0219i igienic\u0103 Ingrediente: extract de gotu kola \u2013 restabile\u0219te \u0219i...","og_url":"https:\/\/shopatoa.com\/ro\/medicube-zero-pore-pad-mild-discuri-pentru-indepartarea-impuritatilor-pentru-piele-sensibila-70-buc\/","og_site_name":"SHOPATOA","article_modified_time":"2025-12-12T11:24:25+00:00","og_image":[{"width":800,"height":800,"url":"https:\/\/storage.googleapis.com\/cz-shopatoa-img\/ro\/73c02559-medicubezeroporepadmilddiscuripentruindepartareaimpuritatilorpentru.jpg","type":"image\/jpeg"}],"twitter_card":"summary_large_image","twitter_misc":{"Timp estimat pentru citire":"1 minut"},"schema":{"@context":"https:\/\/schema.org","@graph":[{"@type":"WebPage","@id":"https:\/\/shopatoa.com\/ro\/medicube-zero-pore-pad-mild-discuri-pentru-indepartarea-impuritatilor-pentru-piele-sensibila-70-buc\/","url":"https:\/\/shopatoa.com\/ro\/medicube-zero-pore-pad-mild-discuri-pentru-indepartarea-impuritatilor-pentru-piele-sensibila-70-buc\/","name":"Medicube Zero Pore Pad Mild discuri pentru indepartarea impuritatilor pentru piele sensibil\u0103 70 buc - SHOPATOA.COM","isPartOf":{"@id":"https:\/\/shopatoa.com\/ro\/#website"},"primaryImageOfPage":{"@id":"https:\/\/shopatoa.com\/ro\/medicube-zero-pore-pad-mild-discuri-pentru-indepartarea-impuritatilor-pentru-piele-sensibila-70-buc\/#primaryimage"},"image":{"@id":"https:\/\/shopatoa.com\/ro\/medicube-zero-pore-pad-mild-discuri-pentru-indepartarea-impuritatilor-pentru-piele-sensibila-70-buc\/#primaryimage"},"thumbnailUrl":"https:\/\/storage.googleapis.com\/cz-shopatoa-img\/ro\/73c02559-medicubezeroporepadmilddiscuripentruindepartareaimpuritatilorpentru.jpg","datePublished":"2025-07-10T14:41:12+00:00","dateModified":"2025-12-12T11:24:25+00:00","breadcrumb":{"@id":"https:\/\/shopatoa.com\/ro\/medicube-zero-pore-pad-mild-discuri-pentru-indepartarea-impuritatilor-pentru-piele-sensibila-70-buc\/#breadcrumb"},"inLanguage":"ro-RO","potentialAction":[{"@type":"ReadAction","target":["https:\/\/shopatoa.com\/ro\/medicube-zero-pore-pad-mild-discuri-pentru-indepartarea-impuritatilor-pentru-piele-sensibila-70-buc\/"]}]},{"@type":"ImageObject","inLanguage":"ro-RO","@id":"https:\/\/shopatoa.com\/ro\/medicube-zero-pore-pad-mild-discuri-pentru-indepartarea-impuritatilor-pentru-piele-sensibila-70-buc\/#primaryimage","url":"https:\/\/storage.googleapis.com\/cz-shopatoa-img\/ro\/73c02559-medicubezeroporepadmilddiscuripentruindepartareaimpuritatilorpentru.jpg","contentUrl":"https:\/\/storage.googleapis.com\/cz-shopatoa-img\/ro\/73c02559-medicubezeroporepadmilddiscuripentruindepartareaimpuritatilorpentru.jpg","width":800,"height":800,"caption":"Medicube Zero Pore Pad Mild discuri pentru indepartarea impuritatilor pentru piele sensibil\u0103 70 buc"},{"@type":"BreadcrumbList","@id":"https:\/\/shopatoa.com\/ro\/medicube-zero-pore-pad-mild-discuri-pentru-indepartarea-impuritatilor-pentru-piele-sensibila-70-buc\/#breadcrumb","itemListElement":[{"@type":"ListItem","position":1,"name":"Dom\u016f","item":"https:\/\/shopatoa.com\/ro\/"},{"@type":"ListItem","position":2,"name":"Shop","item":"https:\/\/shopatoa.com\/ro\/shop\/"},{"@type":"ListItem","position":3,"name":"S\u0103n\u0103tate \u0219i frumuse\u021be","item":"https:\/\/shopatoa.com\/ro\/sanatate-si-frumusete\/"},{"@type":"ListItem","position":4,"name":"\u00cengrijire personal\u0103","item":"https:\/\/shopatoa.com\/ro\/ingrijire-personala\/"},{"@type":"ListItem","position":5,"name":"Cosmetice","item":"https:\/\/shopatoa.com\/ro\/cosmetice-ingrijire-personala\/"},{"@type":"ListItem","position":6,"name":"\u00cengrijirea pielii","item":"https:\/\/shopatoa.com\/ro\/ingrijirea-pielii\/"},{"@type":"ListItem","position":7,"name":"Medicube Zero Pore Pad Mild discuri pentru indepartarea impuritatilor pentru piele sensibil\u0103 70 buc"}]},{"@type":"WebSite","@id":"https:\/\/shopatoa.com\/ro\/#website","url":"https:\/\/shopatoa.com\/ro\/","name":"SHOPATOA","description":"","publisher":{"@id":"https:\/\/shopatoa.com\/ro\/#organization"},"potentialAction":[{"@type":"SearchAction","target":{"@type":"EntryPoint","urlTemplate":"https:\/\/shopatoa.com\/ro\/?s={search_term_string}"},"query-input":{"@type":"PropertyValueSpecification","valueRequired":true,"valueName":"search_term_string"}}],"inLanguage":"ro-RO"},{"@type":"Organization","@id":"https:\/\/shopatoa.com\/ro\/#organization","name":"SHOPATOA","url":"https:\/\/shopatoa.com\/ro\/","logo":{"@type":"ImageObject","inLanguage":"ro-RO","@id":"https:\/\/shopatoa.com\/ro\/#\/schema\/logo\/image\/","url":"https:\/\/storage.googleapis.com\/cz-shopatoa-img\/ro\/b4dac915-shopatoa_logo.png","contentUrl":"https:\/\/storage.googleapis.com\/cz-shopatoa-img\/ro\/b4dac915-shopatoa_logo.png","width":416,"height":63,"caption":"SHOPATOA"},"image":{"@id":"https:\/\/shopatoa.com\/ro\/#\/schema\/logo\/image\/"}}]}},"_links":{"self":[{"href":"https:\/\/shopatoa.com\/ro\/wp-json\/wp\/v2\/product\/495970","targetHints":{"allow":["GET"]}}],"collection":[{"href":"https:\/\/shopatoa.com\/ro\/wp-json\/wp\/v2\/product"}],"about":[{"href":"https:\/\/shopatoa.com\/ro\/wp-json\/wp\/v2\/types\/product"}],"replies":[{"embeddable":true,"href":"https:\/\/shopatoa.com\/ro\/wp-json\/wp\/v2\/comments?post=495970"}],"wp:featuredmedia":[{"embeddable":true,"href":"https:\/\/shopatoa.com\/ro\/wp-json\/wp\/v2\/media\/496120"}],"wp:attachment":[{"href":"https:\/\/shopatoa.com\/ro\/wp-json\/wp\/v2\/media?parent=495970"}],"wp:term":[{"taxonomy":"product_brand","embeddable":true,"href":"https:\/\/shopatoa.com\/ro\/wp-json\/wp\/v2\/product_brand?post=495970"},{"taxonomy":"product_cat","embeddable":true,"href":"https:\/\/shopatoa.com\/ro\/wp-json\/wp\/v2\/product_cat?post=495970"},{"taxonomy":"product_tag","embeddable":true,"href":"https:\/\/shopatoa.com\/ro\/wp-json\/wp\/v2\/product_tag?post=495970"}],"curies":[{"name":"wp","href":"https:\/\/api.w.org\/{rel}","templated":true}]}}