{"id":496875,"date":"2025-12-04T12:00:47","date_gmt":"2025-12-04T11:00:47","guid":{"rendered":"https:\/\/shopatoa.com\/ro\/schwarzkopf-professional-igora-royal-highlifts-culoare-permanenta-pentru-par-culoare-10-49-ultra-blonde-beige-violet-60-ml\/"},"modified":"2026-01-31T00:49:14","modified_gmt":"2026-01-30T23:49:14","slug":"schwarzkopf-professional-igora-royal-highlifts-culoare-permanenta-pentru-par-culoare-10-49-ultra-blonde-beige-violet-60-ml","status":"publish","type":"product","link":"https:\/\/shopatoa.com\/ro\/schwarzkopf-professional-igora-royal-highlifts-culoare-permanenta-pentru-par-culoare-10-49-ultra-blonde-beige-violet-60-ml\/","title":{"rendered":"Schwarzkopf Professional IGORA Royal Highlifts Culoare permanenta pentru par culoare 10-49 Ultra Blonde Beige Violet 60 ml"},"content":{"rendered":"<p>Schwarzkopf Professional IGORA Royal Highlifts, 60 ml, Vopsele de p\u0103r permanente pentru femei,<br \/>\n   Blond platinat sau blond \u00eenchis? Vopseaua permanent\u0103 pentru p\u0103r Schwarzkopf Professional Igora Royal Highlifts v\u0103 pune la dispozi ie o gam\u0103 complet\u0103 de nuan e, de la blond platinat p\u00e2n\u0103 la blond \u00eenchis, care confer\u0103 o luminozitate incredibil\u0103 i un aspect perfect zi de zi. Aceasta garanteaz\u0103 nu numai schimbarea culorii, ci i protec ia p\u0103rului, asigur\u00e2nd o acoperire optim\u0103 a p\u0103rului gri. Oferi i p\u0103rului o colorare intens\u0103 i un luciu fantastic!<br \/>\n   Caracteristici: <\/p>\n<p>    o gam\u0103 complet\u0103 de nuan e de la blond argintiu la blond deschis<br \/>\n    datorit\u0103 tehnologiei Fibreplex nu deterioreaz\u0103 p\u0103rul<br \/>\n    culoarea r\u0103m\u00e2ne mult timp frumoas\u0103 i bogat\u0103<br \/>\n    p\u00e2n\u0103 la 100% acoperire a firelor albe<br \/>\n    previne ruperea firului de p\u0103r<br \/>\n    culori vibrante i rezistente <\/p>\n<p>   Cum se utilizeaz\u0103: Vopseaua de p\u0103r ofer\u0103 2 tipuri de nuan e: Ultra Blond i Special Blond. Ambele tipuri se amestec\u0103 cu emulsia activatoare Igora Royal Oil sau Igora Royal Naturals de 30 vol. (9%) pentru o iluminare redus\u0103 sau 40 vol. (12%) pentru o iluminare mai puternic\u0103.<br \/>\n   Ultra Blond \u2013 sunt utilizate pe nuan ele de p\u0103r de 7 sau mai joase i pot decolora p\u0103rul cu p\u00e2n\u0103 la 4 niveluri.<br \/>\n   Special Blond \u2013 sunt utilizate pe nuan ele de p\u0103r de 6 sau mai deschise i pot decolora p\u0103rul cu p\u00e2n\u0103 la 5 niveluri.<\/p>\n","protected":false},"excerpt":{"rendered":"<p>Schwarzkopf Professional IGORA Royal Highlifts, 60 ml, Vopsele de p\u0103r permanente pentru femei, Blond platinat sau blond \u00eenchis? Vopseaua permanent\u0103 pentru p\u0103r Schwarzkopf Professional Igora Royal Highlifts v\u0103 pune la dispozi ie o gam\u0103 complet\u0103 de nuan e, de la blond platinat p\u00e2n\u0103 la blond \u00eenchis, care confer\u0103 o luminozitate incredibil\u0103 i un aspect perfect&#8230;<\/p>\n","protected":false},"featured_media":496876,"comment_status":"closed","ping_status":"open","template":"","meta":{"_acf_changed":false,"_kadence_starter_templates_imported_post":false,"_kad_post_transparent":"","_kad_post_title":"","_kad_post_layout":"","_kad_post_sidebar_id":"","_kad_post_content_style":"","_kad_post_vertical_padding":"","_kad_post_feature":"","_kad_post_feature_position":"","_kad_post_header":false,"_kad_post_footer":false,"_kad_post_classname":""},"product_brand":[231],"product_cat":[1563,1590,1562,3899,3900],"product_tag":[],"class_list":{"0":"post-496875","1":"product","2":"type-product","3":"status-publish","4":"has-post-thumbnail","6":"product_brand-schwarzkopf-professional","7":"product_cat-ingrijire-personala","8":"product_cat-ingrijirea-parului","9":"product_cat-sanatate-si-frumusete","10":"product_cat-vopsele-pentru-par","11":"product_cat-vopsele-permanente-pentru-par","12":"pa_gen-female","13":"pa_marime-60-ml","15":"first","16":"instock","17":"product-type-external","18":"entry","19":"content-bg","20":"loop-entry"},"acf":[],"yoast_head":"<!-- This site is optimized with the Yoast SEO plugin v27.4 - https:\/\/yoast.com\/product\/yoast-seo-wordpress\/ -->\n<title>Schwarzkopf Professional IGORA Royal Highlifts Culoare permanenta pentru par culoare 10-49 Ultra Blonde Beige Violet 60 ml - SHOPATOA.COM<\/title>\n<meta name=\"robots\" content=\"index, follow, max-snippet:-1, max-image-preview:large, max-video-preview:-1\" \/>\n<link rel=\"canonical\" href=\"https:\/\/shopatoa.com\/ro\/schwarzkopf-professional-igora-royal-highlifts-culoare-permanenta-pentru-par-culoare-10-49-ultra-blonde-beige-violet-60-ml\/\" \/>\n<meta property=\"og:locale\" content=\"ro_RO\" \/>\n<meta property=\"og:type\" content=\"article\" \/>\n<meta property=\"og:title\" content=\"Schwarzkopf Professional IGORA Royal Highlifts Culoare permanenta pentru par culoare 10-49 Ultra Blonde Beige Violet 60 ml - SHOPATOA.COM\" \/>\n<meta property=\"og:description\" content=\"Schwarzkopf Professional IGORA Royal Highlifts, 60 ml, Vopsele de p\u0103r permanente pentru femei, Blond platinat sau blond \u00eenchis? Vopseaua permanent\u0103 pentru p\u0103r Schwarzkopf Professional Igora Royal Highlifts v\u0103 pune la dispozi ie o gam\u0103 complet\u0103 de nuan e, de la blond platinat p\u00e2n\u0103 la blond \u00eenchis, care confer\u0103 o luminozitate incredibil\u0103 i un aspect perfect...\" \/>\n<meta property=\"og:url\" content=\"https:\/\/shopatoa.com\/ro\/schwarzkopf-professional-igora-royal-highlifts-culoare-permanenta-pentru-par-culoare-10-49-ultra-blonde-beige-violet-60-ml\/\" \/>\n<meta property=\"og:site_name\" content=\"SHOPATOA\" \/>\n<meta property=\"article:modified_time\" content=\"2026-01-30T23:49:14+00:00\" \/>\n<meta property=\"og:image\" content=\"https:\/\/storage.googleapis.com\/cz-shopatoa-img\/ro\/20d22575-4045787355819_01-o__15.jpg\" \/>\n\t<meta property=\"og:image:width\" content=\"800\" \/>\n\t<meta property=\"og:image:height\" content=\"800\" \/>\n\t<meta property=\"og:image:type\" content=\"image\/jpeg\" \/>\n<meta name=\"twitter:card\" content=\"summary_large_image\" \/>\n<meta name=\"twitter:label1\" content=\"Timp estimat pentru citire\" \/>\n\t<meta name=\"twitter:data1\" content=\"1 minut\" \/>\n<script type=\"application\/ld+json\" class=\"yoast-schema-graph\">{\"@context\":\"https:\\\/\\\/schema.org\",\"@graph\":[{\"@type\":\"WebPage\",\"@id\":\"https:\\\/\\\/shopatoa.com\\\/ro\\\/schwarzkopf-professional-igora-royal-highlifts-culoare-permanenta-pentru-par-culoare-10-49-ultra-blonde-beige-violet-60-ml\\\/\",\"url\":\"https:\\\/\\\/shopatoa.com\\\/ro\\\/schwarzkopf-professional-igora-royal-highlifts-culoare-permanenta-pentru-par-culoare-10-49-ultra-blonde-beige-violet-60-ml\\\/\",\"name\":\"Schwarzkopf Professional IGORA Royal Highlifts Culoare permanenta pentru par culoare 10-49 Ultra Blonde Beige Violet 60 ml - SHOPATOA.COM\",\"isPartOf\":{\"@id\":\"https:\\\/\\\/shopatoa.com\\\/ro\\\/#website\"},\"primaryImageOfPage\":{\"@id\":\"https:\\\/\\\/shopatoa.com\\\/ro\\\/schwarzkopf-professional-igora-royal-highlifts-culoare-permanenta-pentru-par-culoare-10-49-ultra-blonde-beige-violet-60-ml\\\/#primaryimage\"},\"image\":{\"@id\":\"https:\\\/\\\/shopatoa.com\\\/ro\\\/schwarzkopf-professional-igora-royal-highlifts-culoare-permanenta-pentru-par-culoare-10-49-ultra-blonde-beige-violet-60-ml\\\/#primaryimage\"},\"thumbnailUrl\":\"https:\\\/\\\/storage.googleapis.com\\\/cz-shopatoa-img\\\/ro\\\/20d22575-4045787355819_01-o__15.jpg\",\"datePublished\":\"2025-12-04T11:00:47+00:00\",\"dateModified\":\"2026-01-30T23:49:14+00:00\",\"breadcrumb\":{\"@id\":\"https:\\\/\\\/shopatoa.com\\\/ro\\\/schwarzkopf-professional-igora-royal-highlifts-culoare-permanenta-pentru-par-culoare-10-49-ultra-blonde-beige-violet-60-ml\\\/#breadcrumb\"},\"inLanguage\":\"ro-RO\",\"potentialAction\":[{\"@type\":\"ReadAction\",\"target\":[\"https:\\\/\\\/shopatoa.com\\\/ro\\\/schwarzkopf-professional-igora-royal-highlifts-culoare-permanenta-pentru-par-culoare-10-49-ultra-blonde-beige-violet-60-ml\\\/\"]}]},{\"@type\":\"ImageObject\",\"inLanguage\":\"ro-RO\",\"@id\":\"https:\\\/\\\/shopatoa.com\\\/ro\\\/schwarzkopf-professional-igora-royal-highlifts-culoare-permanenta-pentru-par-culoare-10-49-ultra-blonde-beige-violet-60-ml\\\/#primaryimage\",\"url\":\"https:\\\/\\\/storage.googleapis.com\\\/cz-shopatoa-img\\\/ro\\\/20d22575-4045787355819_01-o__15.jpg\",\"contentUrl\":\"https:\\\/\\\/storage.googleapis.com\\\/cz-shopatoa-img\\\/ro\\\/20d22575-4045787355819_01-o__15.jpg\",\"width\":800,\"height\":800},{\"@type\":\"BreadcrumbList\",\"@id\":\"https:\\\/\\\/shopatoa.com\\\/ro\\\/schwarzkopf-professional-igora-royal-highlifts-culoare-permanenta-pentru-par-culoare-10-49-ultra-blonde-beige-violet-60-ml\\\/#breadcrumb\",\"itemListElement\":[{\"@type\":\"ListItem\",\"position\":1,\"name\":\"Dom\u016f\",\"item\":\"https:\\\/\\\/shopatoa.com\\\/ro\\\/\"},{\"@type\":\"ListItem\",\"position\":2,\"name\":\"Shop\",\"item\":\"https:\\\/\\\/shopatoa.com\\\/ro\\\/shop\\\/\"},{\"@type\":\"ListItem\",\"position\":3,\"name\":\"S\u0103n\u0103tate \u0219i frumuse\u021be\",\"item\":\"https:\\\/\\\/shopatoa.com\\\/ro\\\/sanatate-si-frumusete\\\/\"},{\"@type\":\"ListItem\",\"position\":4,\"name\":\"\u00cengrijire personal\u0103\",\"item\":\"https:\\\/\\\/shopatoa.com\\\/ro\\\/ingrijire-personala\\\/\"},{\"@type\":\"ListItem\",\"position\":5,\"name\":\"\u00cengrijirea p\u0103rului\",\"item\":\"https:\\\/\\\/shopatoa.com\\\/ro\\\/ingrijirea-parului\\\/\"},{\"@type\":\"ListItem\",\"position\":6,\"name\":\"Vopsele pentru p\u0103r\",\"item\":\"https:\\\/\\\/shopatoa.com\\\/ro\\\/vopsele-pentru-par\\\/\"},{\"@type\":\"ListItem\",\"position\":7,\"name\":\"Vopsele permanente pentru p\u0103r\",\"item\":\"https:\\\/\\\/shopatoa.com\\\/ro\\\/vopsele-permanente-pentru-par\\\/\"},{\"@type\":\"ListItem\",\"position\":8,\"name\":\"Schwarzkopf Professional IGORA Royal Highlifts Culoare permanenta pentru par culoare 10-49 Ultra Blonde Beige Violet 60 ml\"}]},{\"@type\":\"WebSite\",\"@id\":\"https:\\\/\\\/shopatoa.com\\\/ro\\\/#website\",\"url\":\"https:\\\/\\\/shopatoa.com\\\/ro\\\/\",\"name\":\"SHOPATOA\",\"description\":\"\",\"publisher\":{\"@id\":\"https:\\\/\\\/shopatoa.com\\\/ro\\\/#organization\"},\"potentialAction\":[{\"@type\":\"SearchAction\",\"target\":{\"@type\":\"EntryPoint\",\"urlTemplate\":\"https:\\\/\\\/shopatoa.com\\\/ro\\\/?s={search_term_string}\"},\"query-input\":{\"@type\":\"PropertyValueSpecification\",\"valueRequired\":true,\"valueName\":\"search_term_string\"}}],\"inLanguage\":\"ro-RO\"},{\"@type\":\"Organization\",\"@id\":\"https:\\\/\\\/shopatoa.com\\\/ro\\\/#organization\",\"name\":\"SHOPATOA\",\"url\":\"https:\\\/\\\/shopatoa.com\\\/ro\\\/\",\"logo\":{\"@type\":\"ImageObject\",\"inLanguage\":\"ro-RO\",\"@id\":\"https:\\\/\\\/shopatoa.com\\\/ro\\\/#\\\/schema\\\/logo\\\/image\\\/\",\"url\":\"https:\\\/\\\/storage.googleapis.com\\\/cz-shopatoa-img\\\/ro\\\/b4dac915-shopatoa_logo.png\",\"contentUrl\":\"https:\\\/\\\/storage.googleapis.com\\\/cz-shopatoa-img\\\/ro\\\/b4dac915-shopatoa_logo.png\",\"width\":416,\"height\":63,\"caption\":\"SHOPATOA\"},\"image\":{\"@id\":\"https:\\\/\\\/shopatoa.com\\\/ro\\\/#\\\/schema\\\/logo\\\/image\\\/\"}}]}<\/script>\n<!-- \/ Yoast SEO plugin. -->","yoast_head_json":{"title":"Schwarzkopf Professional IGORA Royal Highlifts Culoare permanenta pentru par culoare 10-49 Ultra Blonde Beige Violet 60 ml - SHOPATOA.COM","robots":{"index":"index","follow":"follow","max-snippet":"max-snippet:-1","max-image-preview":"max-image-preview:large","max-video-preview":"max-video-preview:-1"},"canonical":"https:\/\/shopatoa.com\/ro\/schwarzkopf-professional-igora-royal-highlifts-culoare-permanenta-pentru-par-culoare-10-49-ultra-blonde-beige-violet-60-ml\/","og_locale":"ro_RO","og_type":"article","og_title":"Schwarzkopf Professional IGORA Royal Highlifts Culoare permanenta pentru par culoare 10-49 Ultra Blonde Beige Violet 60 ml - SHOPATOA.COM","og_description":"Schwarzkopf Professional IGORA Royal Highlifts, 60 ml, Vopsele de p\u0103r permanente pentru femei, Blond platinat sau blond \u00eenchis? Vopseaua permanent\u0103 pentru p\u0103r Schwarzkopf Professional Igora Royal Highlifts v\u0103 pune la dispozi ie o gam\u0103 complet\u0103 de nuan e, de la blond platinat p\u00e2n\u0103 la blond \u00eenchis, care confer\u0103 o luminozitate incredibil\u0103 i un aspect perfect...","og_url":"https:\/\/shopatoa.com\/ro\/schwarzkopf-professional-igora-royal-highlifts-culoare-permanenta-pentru-par-culoare-10-49-ultra-blonde-beige-violet-60-ml\/","og_site_name":"SHOPATOA","article_modified_time":"2026-01-30T23:49:14+00:00","og_image":[{"width":800,"height":800,"url":"https:\/\/storage.googleapis.com\/cz-shopatoa-img\/ro\/20d22575-4045787355819_01-o__15.jpg","type":"image\/jpeg"}],"twitter_card":"summary_large_image","twitter_misc":{"Timp estimat pentru citire":"1 minut"},"schema":{"@context":"https:\/\/schema.org","@graph":[{"@type":"WebPage","@id":"https:\/\/shopatoa.com\/ro\/schwarzkopf-professional-igora-royal-highlifts-culoare-permanenta-pentru-par-culoare-10-49-ultra-blonde-beige-violet-60-ml\/","url":"https:\/\/shopatoa.com\/ro\/schwarzkopf-professional-igora-royal-highlifts-culoare-permanenta-pentru-par-culoare-10-49-ultra-blonde-beige-violet-60-ml\/","name":"Schwarzkopf Professional IGORA Royal Highlifts Culoare permanenta pentru par culoare 10-49 Ultra Blonde Beige Violet 60 ml - SHOPATOA.COM","isPartOf":{"@id":"https:\/\/shopatoa.com\/ro\/#website"},"primaryImageOfPage":{"@id":"https:\/\/shopatoa.com\/ro\/schwarzkopf-professional-igora-royal-highlifts-culoare-permanenta-pentru-par-culoare-10-49-ultra-blonde-beige-violet-60-ml\/#primaryimage"},"image":{"@id":"https:\/\/shopatoa.com\/ro\/schwarzkopf-professional-igora-royal-highlifts-culoare-permanenta-pentru-par-culoare-10-49-ultra-blonde-beige-violet-60-ml\/#primaryimage"},"thumbnailUrl":"https:\/\/storage.googleapis.com\/cz-shopatoa-img\/ro\/20d22575-4045787355819_01-o__15.jpg","datePublished":"2025-12-04T11:00:47+00:00","dateModified":"2026-01-30T23:49:14+00:00","breadcrumb":{"@id":"https:\/\/shopatoa.com\/ro\/schwarzkopf-professional-igora-royal-highlifts-culoare-permanenta-pentru-par-culoare-10-49-ultra-blonde-beige-violet-60-ml\/#breadcrumb"},"inLanguage":"ro-RO","potentialAction":[{"@type":"ReadAction","target":["https:\/\/shopatoa.com\/ro\/schwarzkopf-professional-igora-royal-highlifts-culoare-permanenta-pentru-par-culoare-10-49-ultra-blonde-beige-violet-60-ml\/"]}]},{"@type":"ImageObject","inLanguage":"ro-RO","@id":"https:\/\/shopatoa.com\/ro\/schwarzkopf-professional-igora-royal-highlifts-culoare-permanenta-pentru-par-culoare-10-49-ultra-blonde-beige-violet-60-ml\/#primaryimage","url":"https:\/\/storage.googleapis.com\/cz-shopatoa-img\/ro\/20d22575-4045787355819_01-o__15.jpg","contentUrl":"https:\/\/storage.googleapis.com\/cz-shopatoa-img\/ro\/20d22575-4045787355819_01-o__15.jpg","width":800,"height":800},{"@type":"BreadcrumbList","@id":"https:\/\/shopatoa.com\/ro\/schwarzkopf-professional-igora-royal-highlifts-culoare-permanenta-pentru-par-culoare-10-49-ultra-blonde-beige-violet-60-ml\/#breadcrumb","itemListElement":[{"@type":"ListItem","position":1,"name":"Dom\u016f","item":"https:\/\/shopatoa.com\/ro\/"},{"@type":"ListItem","position":2,"name":"Shop","item":"https:\/\/shopatoa.com\/ro\/shop\/"},{"@type":"ListItem","position":3,"name":"S\u0103n\u0103tate \u0219i frumuse\u021be","item":"https:\/\/shopatoa.com\/ro\/sanatate-si-frumusete\/"},{"@type":"ListItem","position":4,"name":"\u00cengrijire personal\u0103","item":"https:\/\/shopatoa.com\/ro\/ingrijire-personala\/"},{"@type":"ListItem","position":5,"name":"\u00cengrijirea p\u0103rului","item":"https:\/\/shopatoa.com\/ro\/ingrijirea-parului\/"},{"@type":"ListItem","position":6,"name":"Vopsele pentru p\u0103r","item":"https:\/\/shopatoa.com\/ro\/vopsele-pentru-par\/"},{"@type":"ListItem","position":7,"name":"Vopsele permanente pentru p\u0103r","item":"https:\/\/shopatoa.com\/ro\/vopsele-permanente-pentru-par\/"},{"@type":"ListItem","position":8,"name":"Schwarzkopf Professional IGORA Royal Highlifts Culoare permanenta pentru par culoare 10-49 Ultra Blonde Beige Violet 60 ml"}]},{"@type":"WebSite","@id":"https:\/\/shopatoa.com\/ro\/#website","url":"https:\/\/shopatoa.com\/ro\/","name":"SHOPATOA","description":"","publisher":{"@id":"https:\/\/shopatoa.com\/ro\/#organization"},"potentialAction":[{"@type":"SearchAction","target":{"@type":"EntryPoint","urlTemplate":"https:\/\/shopatoa.com\/ro\/?s={search_term_string}"},"query-input":{"@type":"PropertyValueSpecification","valueRequired":true,"valueName":"search_term_string"}}],"inLanguage":"ro-RO"},{"@type":"Organization","@id":"https:\/\/shopatoa.com\/ro\/#organization","name":"SHOPATOA","url":"https:\/\/shopatoa.com\/ro\/","logo":{"@type":"ImageObject","inLanguage":"ro-RO","@id":"https:\/\/shopatoa.com\/ro\/#\/schema\/logo\/image\/","url":"https:\/\/storage.googleapis.com\/cz-shopatoa-img\/ro\/b4dac915-shopatoa_logo.png","contentUrl":"https:\/\/storage.googleapis.com\/cz-shopatoa-img\/ro\/b4dac915-shopatoa_logo.png","width":416,"height":63,"caption":"SHOPATOA"},"image":{"@id":"https:\/\/shopatoa.com\/ro\/#\/schema\/logo\/image\/"}}]}},"_links":{"self":[{"href":"https:\/\/shopatoa.com\/ro\/wp-json\/wp\/v2\/product\/496875","targetHints":{"allow":["GET"]}}],"collection":[{"href":"https:\/\/shopatoa.com\/ro\/wp-json\/wp\/v2\/product"}],"about":[{"href":"https:\/\/shopatoa.com\/ro\/wp-json\/wp\/v2\/types\/product"}],"replies":[{"embeddable":true,"href":"https:\/\/shopatoa.com\/ro\/wp-json\/wp\/v2\/comments?post=496875"}],"wp:featuredmedia":[{"embeddable":true,"href":"https:\/\/shopatoa.com\/ro\/wp-json\/wp\/v2\/media\/496876"}],"wp:attachment":[{"href":"https:\/\/shopatoa.com\/ro\/wp-json\/wp\/v2\/media?parent=496875"}],"wp:term":[{"taxonomy":"product_brand","embeddable":true,"href":"https:\/\/shopatoa.com\/ro\/wp-json\/wp\/v2\/product_brand?post=496875"},{"taxonomy":"product_cat","embeddable":true,"href":"https:\/\/shopatoa.com\/ro\/wp-json\/wp\/v2\/product_cat?post=496875"},{"taxonomy":"product_tag","embeddable":true,"href":"https:\/\/shopatoa.com\/ro\/wp-json\/wp\/v2\/product_tag?post=496875"}],"curies":[{"name":"wp","href":"https:\/\/api.w.org\/{rel}","templated":true}]}}