{"id":496877,"date":"2025-12-04T12:00:47","date_gmt":"2025-12-04T11:00:47","guid":{"rendered":"https:\/\/shopatoa.com\/ro\/palsar7-galvanic-iron-aparat-galvanic-de-cosmetica-zona-ochilor-1-buc\/"},"modified":"2026-01-31T00:49:09","modified_gmt":"2026-01-30T23:49:09","slug":"palsar7-galvanic-iron-aparat-galvanic-de-cosmetica-zona-ochilor-1-buc","status":"publish","type":"product","link":"https:\/\/shopatoa.com\/ro\/palsar7-galvanic-iron-aparat-galvanic-de-cosmetica-zona-ochilor-1-buc\/","title":{"rendered":"PALSAR7 Galvanic iron aparat galvanic de cosmetic\u0103 zona ochilor 1 buc"},"content":{"rendered":"<p>PALSAR7 Galvanic iron, 1 buc, Dispozitive galvanice de netezire, R\u0103sf\u0103 a i zona ochilor cu un tratament intit  Aparatul galvanic pentru zona ochilor PALSAR7 Galvanic Iron v\u0103 va transforma aspectul. Datorit\u0103 tehnologiei cu electricitate magnetic\u0103 i infuzie de ioni, microvibra iilor de \u00eenalt\u0103 frecven \u0103 i \u00eenc\u0103lzirii constante, ofer\u0103 tenului un tratament intensiv, \u00eembun\u0103t\u0103 e te absorb ia produselor cosmetice i contribuie la reducerea edemelor, cearc\u0103nelor i liniilor fine. Cele trei moduri de terapie prin lumin\u0103 calmeaz\u0103 tenul, \u00eei ilumineaz\u0103 nuan a i \u00eei sporesc elasticitatea. Designul modern al ambalajului, cu panglic\u0103 elegant\u0103, \u00eel transform\u0103 \u00eentr-un cadou minunat.  Caracteristici:  microvibra iile de \u00eenalt\u0103 frecven \u0103 maseaz\u0103 zona ochilor i asigur\u0103 efect de lifting ofer\u0103 lumini cosmetice colorate pentru calmarea, iluminarea i favorizarea elasticit\u0103 ii tenului \u00eenc\u0103lzirea rapid\u0103 \u00een 15 secunde faciliteaz\u0103 utilizarea func ia de memorie automat\u0103 activeaz\u0103 ultimul mod utilizat induc ia inteligent\u0103 porne te dispozitivul la atingerea cu m\u00e2na  Specifica ii tehnice:  trei niveluri de \u00eenc\u0103lzire \u2013 20\/40\/42 \u00b0C, \u00een func ie de nevoile tenului 3 lumini cosmetice \u2013 albastru, galben i ro u vibra ii de \u00eenalt\u0103 frecven \u0103: 13.000\/min oprire automat\u0103 dup\u0103 5 de minute de inactivitate capacitate baterie 600 mAh, timp de \u00eenc\u0103rcare aproximativ 2 ore dimensiunile dispozitivului: 144,3 \u00d7 24,5 \u00d7 23,5 mm, greutatea: 52 g  Pachetul con ine:  aparat galvanic de cosmetic\u0103 PALSAR7 Galvanic iron cablu de \u00eenc\u0103rcare USB-C<\/p>\n","protected":false},"excerpt":{"rendered":"<p>PALSAR7 Galvanic iron, 1 buc, Dispozitive galvanice de netezire, R\u0103sf\u0103 a i zona ochilor cu un tratament intit Aparatul galvanic pentru zona ochilor PALSAR7 Galvanic Iron v\u0103 va transforma aspectul. Datorit\u0103 tehnologiei cu electricitate magnetic\u0103 i infuzie de ioni, microvibra iilor de \u00eenalt\u0103 frecven \u0103 i \u00eenc\u0103lzirii constante, ofer\u0103 tenului un tratament intensiv, \u00eembun\u0103t\u0103 e&#8230;<\/p>\n","protected":false},"featured_media":496878,"comment_status":"closed","ping_status":"open","template":"","meta":{"_acf_changed":false,"_kadence_starter_templates_imported_post":false,"_kad_post_transparent":"","_kad_post_title":"","_kad_post_layout":"","_kad_post_sidebar_id":"","_kad_post_content_style":"","_kad_post_vertical_padding":"","_kad_post_feature":"","_kad_post_feature_position":"","_kad_post_header":false,"_kad_post_footer":false,"_kad_post_classname":""},"product_brand":[3565],"product_cat":[1564,3942,4010,1563,1565,1562],"product_tag":[],"class_list":{"0":"post-496877","1":"product","2":"type-product","3":"status-publish","4":"has-post-thumbnail","6":"product_brand-palsar7","7":"product_cat-cosmetice-ingrijire-personala","8":"product_cat-electronice-ingrijirea-pielii","9":"product_cat-fier-de-calcat-galvanic","10":"product_cat-ingrijire-personala","11":"product_cat-ingrijirea-pielii","12":"product_cat-sanatate-si-frumusete","13":"pa_gen-unisex","14":"pa_marime-1-buc","16":"first","17":"instock","18":"product-type-external","19":"entry","20":"content-bg","21":"loop-entry"},"acf":[],"yoast_head":"<!-- This site is optimized with the Yoast SEO plugin v27.4 - https:\/\/yoast.com\/product\/yoast-seo-wordpress\/ -->\n<title>PALSAR7 Galvanic iron aparat galvanic de cosmetic\u0103 zona ochilor 1 buc - SHOPATOA.COM<\/title>\n<meta name=\"robots\" content=\"index, follow, max-snippet:-1, max-image-preview:large, max-video-preview:-1\" \/>\n<link rel=\"canonical\" href=\"https:\/\/shopatoa.com\/ro\/palsar7-galvanic-iron-aparat-galvanic-de-cosmetica-zona-ochilor-1-buc\/\" \/>\n<meta property=\"og:locale\" content=\"ro_RO\" \/>\n<meta property=\"og:type\" content=\"article\" \/>\n<meta property=\"og:title\" content=\"PALSAR7 Galvanic iron aparat galvanic de cosmetic\u0103 zona ochilor 1 buc - SHOPATOA.COM\" \/>\n<meta property=\"og:description\" content=\"PALSAR7 Galvanic iron, 1 buc, Dispozitive galvanice de netezire, R\u0103sf\u0103 a i zona ochilor cu un tratament intit Aparatul galvanic pentru zona ochilor PALSAR7 Galvanic Iron v\u0103 va transforma aspectul. Datorit\u0103 tehnologiei cu electricitate magnetic\u0103 i infuzie de ioni, microvibra iilor de \u00eenalt\u0103 frecven \u0103 i \u00eenc\u0103lzirii constante, ofer\u0103 tenului un tratament intensiv, \u00eembun\u0103t\u0103 e...\" \/>\n<meta property=\"og:url\" content=\"https:\/\/shopatoa.com\/ro\/palsar7-galvanic-iron-aparat-galvanic-de-cosmetica-zona-ochilor-1-buc\/\" \/>\n<meta property=\"og:site_name\" content=\"SHOPATOA\" \/>\n<meta property=\"article:modified_time\" content=\"2026-01-30T23:49:09+00:00\" \/>\n<meta property=\"og:image\" content=\"https:\/\/storage.googleapis.com\/cz-shopatoa-img\/ro\/88acc872-8594209101467_01-o.jpg\" \/>\n\t<meta property=\"og:image:width\" content=\"800\" \/>\n\t<meta property=\"og:image:height\" content=\"800\" \/>\n\t<meta property=\"og:image:type\" content=\"image\/jpeg\" \/>\n<meta name=\"twitter:card\" content=\"summary_large_image\" \/>\n<meta name=\"twitter:label1\" content=\"Timp estimat pentru citire\" \/>\n\t<meta name=\"twitter:data1\" content=\"1 minut\" \/>\n<script type=\"application\/ld+json\" class=\"yoast-schema-graph\">{\"@context\":\"https:\\\/\\\/schema.org\",\"@graph\":[{\"@type\":\"WebPage\",\"@id\":\"https:\\\/\\\/shopatoa.com\\\/ro\\\/palsar7-galvanic-iron-aparat-galvanic-de-cosmetica-zona-ochilor-1-buc\\\/\",\"url\":\"https:\\\/\\\/shopatoa.com\\\/ro\\\/palsar7-galvanic-iron-aparat-galvanic-de-cosmetica-zona-ochilor-1-buc\\\/\",\"name\":\"PALSAR7 Galvanic iron aparat galvanic de cosmetic\u0103 zona ochilor 1 buc - SHOPATOA.COM\",\"isPartOf\":{\"@id\":\"https:\\\/\\\/shopatoa.com\\\/ro\\\/#website\"},\"primaryImageOfPage\":{\"@id\":\"https:\\\/\\\/shopatoa.com\\\/ro\\\/palsar7-galvanic-iron-aparat-galvanic-de-cosmetica-zona-ochilor-1-buc\\\/#primaryimage\"},\"image\":{\"@id\":\"https:\\\/\\\/shopatoa.com\\\/ro\\\/palsar7-galvanic-iron-aparat-galvanic-de-cosmetica-zona-ochilor-1-buc\\\/#primaryimage\"},\"thumbnailUrl\":\"https:\\\/\\\/storage.googleapis.com\\\/cz-shopatoa-img\\\/ro\\\/88acc872-8594209101467_01-o.jpg\",\"datePublished\":\"2025-12-04T11:00:47+00:00\",\"dateModified\":\"2026-01-30T23:49:09+00:00\",\"breadcrumb\":{\"@id\":\"https:\\\/\\\/shopatoa.com\\\/ro\\\/palsar7-galvanic-iron-aparat-galvanic-de-cosmetica-zona-ochilor-1-buc\\\/#breadcrumb\"},\"inLanguage\":\"ro-RO\",\"potentialAction\":[{\"@type\":\"ReadAction\",\"target\":[\"https:\\\/\\\/shopatoa.com\\\/ro\\\/palsar7-galvanic-iron-aparat-galvanic-de-cosmetica-zona-ochilor-1-buc\\\/\"]}]},{\"@type\":\"ImageObject\",\"inLanguage\":\"ro-RO\",\"@id\":\"https:\\\/\\\/shopatoa.com\\\/ro\\\/palsar7-galvanic-iron-aparat-galvanic-de-cosmetica-zona-ochilor-1-buc\\\/#primaryimage\",\"url\":\"https:\\\/\\\/storage.googleapis.com\\\/cz-shopatoa-img\\\/ro\\\/88acc872-8594209101467_01-o.jpg\",\"contentUrl\":\"https:\\\/\\\/storage.googleapis.com\\\/cz-shopatoa-img\\\/ro\\\/88acc872-8594209101467_01-o.jpg\",\"width\":800,\"height\":800},{\"@type\":\"BreadcrumbList\",\"@id\":\"https:\\\/\\\/shopatoa.com\\\/ro\\\/palsar7-galvanic-iron-aparat-galvanic-de-cosmetica-zona-ochilor-1-buc\\\/#breadcrumb\",\"itemListElement\":[{\"@type\":\"ListItem\",\"position\":1,\"name\":\"Dom\u016f\",\"item\":\"https:\\\/\\\/shopatoa.com\\\/ro\\\/\"},{\"@type\":\"ListItem\",\"position\":2,\"name\":\"Shop\",\"item\":\"https:\\\/\\\/shopatoa.com\\\/ro\\\/shop\\\/\"},{\"@type\":\"ListItem\",\"position\":3,\"name\":\"S\u0103n\u0103tate \u0219i frumuse\u021be\",\"item\":\"https:\\\/\\\/shopatoa.com\\\/ro\\\/sanatate-si-frumusete\\\/\"},{\"@type\":\"ListItem\",\"position\":4,\"name\":\"\u00cengrijire personal\u0103\",\"item\":\"https:\\\/\\\/shopatoa.com\\\/ro\\\/ingrijire-personala\\\/\"},{\"@type\":\"ListItem\",\"position\":5,\"name\":\"Cosmetice\",\"item\":\"https:\\\/\\\/shopatoa.com\\\/ro\\\/cosmetice-ingrijire-personala\\\/\"},{\"@type\":\"ListItem\",\"position\":6,\"name\":\"\u00cengrijirea pielii\",\"item\":\"https:\\\/\\\/shopatoa.com\\\/ro\\\/ingrijirea-pielii\\\/\"},{\"@type\":\"ListItem\",\"position\":7,\"name\":\"Electronice\",\"item\":\"https:\\\/\\\/shopatoa.com\\\/ro\\\/electronice-ingrijirea-pielii\\\/\"},{\"@type\":\"ListItem\",\"position\":8,\"name\":\"Fier de c\u0103lcat galvanic\",\"item\":\"https:\\\/\\\/shopatoa.com\\\/ro\\\/fier-de-calcat-galvanic\\\/\"},{\"@type\":\"ListItem\",\"position\":9,\"name\":\"PALSAR7 Galvanic iron aparat galvanic de cosmetic\u0103 zona ochilor 1 buc\"}]},{\"@type\":\"WebSite\",\"@id\":\"https:\\\/\\\/shopatoa.com\\\/ro\\\/#website\",\"url\":\"https:\\\/\\\/shopatoa.com\\\/ro\\\/\",\"name\":\"SHOPATOA\",\"description\":\"\",\"publisher\":{\"@id\":\"https:\\\/\\\/shopatoa.com\\\/ro\\\/#organization\"},\"potentialAction\":[{\"@type\":\"SearchAction\",\"target\":{\"@type\":\"EntryPoint\",\"urlTemplate\":\"https:\\\/\\\/shopatoa.com\\\/ro\\\/?s={search_term_string}\"},\"query-input\":{\"@type\":\"PropertyValueSpecification\",\"valueRequired\":true,\"valueName\":\"search_term_string\"}}],\"inLanguage\":\"ro-RO\"},{\"@type\":\"Organization\",\"@id\":\"https:\\\/\\\/shopatoa.com\\\/ro\\\/#organization\",\"name\":\"SHOPATOA\",\"url\":\"https:\\\/\\\/shopatoa.com\\\/ro\\\/\",\"logo\":{\"@type\":\"ImageObject\",\"inLanguage\":\"ro-RO\",\"@id\":\"https:\\\/\\\/shopatoa.com\\\/ro\\\/#\\\/schema\\\/logo\\\/image\\\/\",\"url\":\"https:\\\/\\\/storage.googleapis.com\\\/cz-shopatoa-img\\\/ro\\\/b4dac915-shopatoa_logo.png\",\"contentUrl\":\"https:\\\/\\\/storage.googleapis.com\\\/cz-shopatoa-img\\\/ro\\\/b4dac915-shopatoa_logo.png\",\"width\":416,\"height\":63,\"caption\":\"SHOPATOA\"},\"image\":{\"@id\":\"https:\\\/\\\/shopatoa.com\\\/ro\\\/#\\\/schema\\\/logo\\\/image\\\/\"}}]}<\/script>\n<!-- \/ Yoast SEO plugin. -->","yoast_head_json":{"title":"PALSAR7 Galvanic iron aparat galvanic de cosmetic\u0103 zona ochilor 1 buc - SHOPATOA.COM","robots":{"index":"index","follow":"follow","max-snippet":"max-snippet:-1","max-image-preview":"max-image-preview:large","max-video-preview":"max-video-preview:-1"},"canonical":"https:\/\/shopatoa.com\/ro\/palsar7-galvanic-iron-aparat-galvanic-de-cosmetica-zona-ochilor-1-buc\/","og_locale":"ro_RO","og_type":"article","og_title":"PALSAR7 Galvanic iron aparat galvanic de cosmetic\u0103 zona ochilor 1 buc - SHOPATOA.COM","og_description":"PALSAR7 Galvanic iron, 1 buc, Dispozitive galvanice de netezire, R\u0103sf\u0103 a i zona ochilor cu un tratament intit Aparatul galvanic pentru zona ochilor PALSAR7 Galvanic Iron v\u0103 va transforma aspectul. Datorit\u0103 tehnologiei cu electricitate magnetic\u0103 i infuzie de ioni, microvibra iilor de \u00eenalt\u0103 frecven \u0103 i \u00eenc\u0103lzirii constante, ofer\u0103 tenului un tratament intensiv, \u00eembun\u0103t\u0103 e...","og_url":"https:\/\/shopatoa.com\/ro\/palsar7-galvanic-iron-aparat-galvanic-de-cosmetica-zona-ochilor-1-buc\/","og_site_name":"SHOPATOA","article_modified_time":"2026-01-30T23:49:09+00:00","og_image":[{"width":800,"height":800,"url":"https:\/\/storage.googleapis.com\/cz-shopatoa-img\/ro\/88acc872-8594209101467_01-o.jpg","type":"image\/jpeg"}],"twitter_card":"summary_large_image","twitter_misc":{"Timp estimat pentru citire":"1 minut"},"schema":{"@context":"https:\/\/schema.org","@graph":[{"@type":"WebPage","@id":"https:\/\/shopatoa.com\/ro\/palsar7-galvanic-iron-aparat-galvanic-de-cosmetica-zona-ochilor-1-buc\/","url":"https:\/\/shopatoa.com\/ro\/palsar7-galvanic-iron-aparat-galvanic-de-cosmetica-zona-ochilor-1-buc\/","name":"PALSAR7 Galvanic iron aparat galvanic de cosmetic\u0103 zona ochilor 1 buc - SHOPATOA.COM","isPartOf":{"@id":"https:\/\/shopatoa.com\/ro\/#website"},"primaryImageOfPage":{"@id":"https:\/\/shopatoa.com\/ro\/palsar7-galvanic-iron-aparat-galvanic-de-cosmetica-zona-ochilor-1-buc\/#primaryimage"},"image":{"@id":"https:\/\/shopatoa.com\/ro\/palsar7-galvanic-iron-aparat-galvanic-de-cosmetica-zona-ochilor-1-buc\/#primaryimage"},"thumbnailUrl":"https:\/\/storage.googleapis.com\/cz-shopatoa-img\/ro\/88acc872-8594209101467_01-o.jpg","datePublished":"2025-12-04T11:00:47+00:00","dateModified":"2026-01-30T23:49:09+00:00","breadcrumb":{"@id":"https:\/\/shopatoa.com\/ro\/palsar7-galvanic-iron-aparat-galvanic-de-cosmetica-zona-ochilor-1-buc\/#breadcrumb"},"inLanguage":"ro-RO","potentialAction":[{"@type":"ReadAction","target":["https:\/\/shopatoa.com\/ro\/palsar7-galvanic-iron-aparat-galvanic-de-cosmetica-zona-ochilor-1-buc\/"]}]},{"@type":"ImageObject","inLanguage":"ro-RO","@id":"https:\/\/shopatoa.com\/ro\/palsar7-galvanic-iron-aparat-galvanic-de-cosmetica-zona-ochilor-1-buc\/#primaryimage","url":"https:\/\/storage.googleapis.com\/cz-shopatoa-img\/ro\/88acc872-8594209101467_01-o.jpg","contentUrl":"https:\/\/storage.googleapis.com\/cz-shopatoa-img\/ro\/88acc872-8594209101467_01-o.jpg","width":800,"height":800},{"@type":"BreadcrumbList","@id":"https:\/\/shopatoa.com\/ro\/palsar7-galvanic-iron-aparat-galvanic-de-cosmetica-zona-ochilor-1-buc\/#breadcrumb","itemListElement":[{"@type":"ListItem","position":1,"name":"Dom\u016f","item":"https:\/\/shopatoa.com\/ro\/"},{"@type":"ListItem","position":2,"name":"Shop","item":"https:\/\/shopatoa.com\/ro\/shop\/"},{"@type":"ListItem","position":3,"name":"S\u0103n\u0103tate \u0219i frumuse\u021be","item":"https:\/\/shopatoa.com\/ro\/sanatate-si-frumusete\/"},{"@type":"ListItem","position":4,"name":"\u00cengrijire personal\u0103","item":"https:\/\/shopatoa.com\/ro\/ingrijire-personala\/"},{"@type":"ListItem","position":5,"name":"Cosmetice","item":"https:\/\/shopatoa.com\/ro\/cosmetice-ingrijire-personala\/"},{"@type":"ListItem","position":6,"name":"\u00cengrijirea pielii","item":"https:\/\/shopatoa.com\/ro\/ingrijirea-pielii\/"},{"@type":"ListItem","position":7,"name":"Electronice","item":"https:\/\/shopatoa.com\/ro\/electronice-ingrijirea-pielii\/"},{"@type":"ListItem","position":8,"name":"Fier de c\u0103lcat galvanic","item":"https:\/\/shopatoa.com\/ro\/fier-de-calcat-galvanic\/"},{"@type":"ListItem","position":9,"name":"PALSAR7 Galvanic iron aparat galvanic de cosmetic\u0103 zona ochilor 1 buc"}]},{"@type":"WebSite","@id":"https:\/\/shopatoa.com\/ro\/#website","url":"https:\/\/shopatoa.com\/ro\/","name":"SHOPATOA","description":"","publisher":{"@id":"https:\/\/shopatoa.com\/ro\/#organization"},"potentialAction":[{"@type":"SearchAction","target":{"@type":"EntryPoint","urlTemplate":"https:\/\/shopatoa.com\/ro\/?s={search_term_string}"},"query-input":{"@type":"PropertyValueSpecification","valueRequired":true,"valueName":"search_term_string"}}],"inLanguage":"ro-RO"},{"@type":"Organization","@id":"https:\/\/shopatoa.com\/ro\/#organization","name":"SHOPATOA","url":"https:\/\/shopatoa.com\/ro\/","logo":{"@type":"ImageObject","inLanguage":"ro-RO","@id":"https:\/\/shopatoa.com\/ro\/#\/schema\/logo\/image\/","url":"https:\/\/storage.googleapis.com\/cz-shopatoa-img\/ro\/b4dac915-shopatoa_logo.png","contentUrl":"https:\/\/storage.googleapis.com\/cz-shopatoa-img\/ro\/b4dac915-shopatoa_logo.png","width":416,"height":63,"caption":"SHOPATOA"},"image":{"@id":"https:\/\/shopatoa.com\/ro\/#\/schema\/logo\/image\/"}}]}},"_links":{"self":[{"href":"https:\/\/shopatoa.com\/ro\/wp-json\/wp\/v2\/product\/496877","targetHints":{"allow":["GET"]}}],"collection":[{"href":"https:\/\/shopatoa.com\/ro\/wp-json\/wp\/v2\/product"}],"about":[{"href":"https:\/\/shopatoa.com\/ro\/wp-json\/wp\/v2\/types\/product"}],"replies":[{"embeddable":true,"href":"https:\/\/shopatoa.com\/ro\/wp-json\/wp\/v2\/comments?post=496877"}],"wp:featuredmedia":[{"embeddable":true,"href":"https:\/\/shopatoa.com\/ro\/wp-json\/wp\/v2\/media\/496878"}],"wp:attachment":[{"href":"https:\/\/shopatoa.com\/ro\/wp-json\/wp\/v2\/media?parent=496877"}],"wp:term":[{"taxonomy":"product_brand","embeddable":true,"href":"https:\/\/shopatoa.com\/ro\/wp-json\/wp\/v2\/product_brand?post=496877"},{"taxonomy":"product_cat","embeddable":true,"href":"https:\/\/shopatoa.com\/ro\/wp-json\/wp\/v2\/product_cat?post=496877"},{"taxonomy":"product_tag","embeddable":true,"href":"https:\/\/shopatoa.com\/ro\/wp-json\/wp\/v2\/product_tag?post=496877"}],"curies":[{"name":"wp","href":"https:\/\/api.w.org\/{rel}","templated":true}]}}