{"id":496925,"date":"2025-12-04T12:03:39","date_gmt":"2025-12-04T11:03:39","guid":{"rendered":"https:\/\/shopatoa.com\/ro\/beautifly-skinpure-therapy-masca-de-tratament-cu-led-1-buc\/"},"modified":"2026-01-31T00:42:09","modified_gmt":"2026-01-30T23:42:09","slug":"beautifly-skinpure-therapy-masca-de-tratament-cu-led-1-buc","status":"publish","type":"product","link":"https:\/\/shopatoa.com\/ro\/beautifly-skinpure-therapy-masca-de-tratament-cu-led-1-buc\/","title":{"rendered":"Beautifly SkinPure Therapy masc\u0103 de tratament cu LED 1 buc"},"content":{"rendered":"<p>Beautifly SkinPure Therapy, 1 buc, M\u0103\u0219ti LED, Doza dvs. zilnic\u0103 de lumin\u0103, care armonizeaz\u0103 i \u00eenfrumuse eaz\u0103  Sprijini i-v\u0103 frumuse ea i bun\u0103starea interioar\u0103 cu o tehnologie dovedit\u0103. Dispozitivul pentru terapie cu lumin\u0103 Beautifly SkinPure Therapy arat\u0103 ca un accesoriu elegant, dar ascunde puterea de \u00eentinerire a luminii ro ii i infraro ii. \u00cen timp ce pe raft arat\u0103 discret, atunci c\u00e2nd este folosit va stimula circula ia sanguin\u0103, va favoriza produc ia de colagen i v\u0103 va ajuta tenul s\u0103 \u00ee i restabileasc\u0103 fermitatea pierdut\u0103 i luminozitatea. Spectrul s\u0103u de lumin\u0103 p\u0103trunde ad\u00e2nc \u00een esuturi, unde amelioreaz\u0103 mu chii i articula iile i, totodat\u0103, ajut\u0103 la \u00eembun\u0103t\u0103 irea dispozi iei sau la reducerea stresului. Sunt suficiente c\u00e2teva minute pe zi i procesele naturale de regenerare vor fi declan ate cu energie nou\u0103.  Caracteristici:  stimuleaz\u0103 produc ia de colagen i reduce semnele de \u00eemb\u0103tr\u00e2nire a tenului reduce irita iile tenului i \u00eei favorizeaz\u0103 regenerarea amelioreaz\u0103 tensiunea muscular\u0103 i articular\u0103, favorizeaz\u0103 circula ia sanguin\u0103 \u00eembun\u0103t\u0103 e te microcircula ia i favorizeaz\u0103 cre terea p\u0103rului ajut\u0103 la reducerea stresului i a senza iei de tensiune \u00een corp i minte \u00eembun\u0103t\u0103 e te calitatea somnului i vitalitatea general\u0103 potrivit pentru fa \u0103 i corp  Specifica ii tehnice:  3 moduri de lumin\u0103 \u2013 ro u (660 nm), infraro u (850 nm), combinat func ia Ambient Mode \u2013 permite setarea a 4 niveluri de intensitate a luminii (100%, 75%, 50%, 25%) puterea luminii de 200 W \u2013 asigur\u0103 un efect de terapie profesional\u0103 cronometru, func ie pulsatorie i de reducere a intensit\u0103 ii luminoase utilizare intuitiv\u0103 cu ajutorul panoului simplu greutate \u2013 cca 850 g dimensiuni \u2013 26 \u00d7 16 \u00d7 3\u00a0cm durata de via \u0103 LED de p\u00e2n\u0103 la 50 000 de ore \u00eenc\u0103rcare prin cablu USB<\/p>\n","protected":false},"excerpt":{"rendered":"<p>Beautifly SkinPure Therapy, 1 buc, M\u0103\u0219ti LED, Doza dvs. zilnic\u0103 de lumin\u0103, care armonizeaz\u0103 i \u00eenfrumuse eaz\u0103 Sprijini i-v\u0103 frumuse ea i bun\u0103starea interioar\u0103 cu o tehnologie dovedit\u0103. Dispozitivul pentru terapie cu lumin\u0103 Beautifly SkinPure Therapy arat\u0103 ca un accesoriu elegant, dar ascunde puterea de \u00eentinerire a luminii ro ii i infraro ii. \u00cen timp&#8230;<\/p>\n","protected":false},"featured_media":496926,"comment_status":"closed","ping_status":"open","template":"","meta":{"_acf_changed":false,"_kadence_starter_templates_imported_post":false,"_kad_post_transparent":"","_kad_post_title":"","_kad_post_layout":"","_kad_post_sidebar_id":"","_kad_post_content_style":"","_kad_post_vertical_padding":"","_kad_post_feature":"","_kad_post_feature_position":"","_kad_post_header":false,"_kad_post_footer":false,"_kad_post_classname":""},"product_brand":[2329],"product_cat":[1564,3942,1563,1565,3990,1562],"product_tag":[],"class_list":{"0":"post-496925","1":"product","2":"type-product","3":"status-publish","4":"has-post-thumbnail","6":"product_brand-beautifly","7":"product_cat-cosmetice-ingrijire-personala","8":"product_cat-electronice-ingrijirea-pielii","9":"product_cat-ingrijire-personala","10":"product_cat-ingrijirea-pielii","11":"product_cat-masti-led","12":"product_cat-sanatate-si-frumusete","13":"pa_gen-unisex","14":"pa_marime-1-buc","16":"first","17":"instock","18":"product-type-external","19":"entry","20":"content-bg","21":"loop-entry"},"acf":[],"yoast_head":"<!-- This site is optimized with the Yoast SEO plugin v27.4 - https:\/\/yoast.com\/product\/yoast-seo-wordpress\/ -->\n<title>Beautifly SkinPure Therapy masc\u0103 de tratament cu LED 1 buc - SHOPATOA.COM<\/title>\n<meta name=\"robots\" content=\"index, follow, max-snippet:-1, max-image-preview:large, max-video-preview:-1\" \/>\n<link rel=\"canonical\" href=\"https:\/\/shopatoa.com\/ro\/beautifly-skinpure-therapy-masca-de-tratament-cu-led-1-buc\/\" \/>\n<meta property=\"og:locale\" content=\"ro_RO\" \/>\n<meta property=\"og:type\" content=\"article\" \/>\n<meta property=\"og:title\" content=\"Beautifly SkinPure Therapy masc\u0103 de tratament cu LED 1 buc - SHOPATOA.COM\" \/>\n<meta property=\"og:description\" content=\"Beautifly SkinPure Therapy, 1 buc, M\u0103\u0219ti LED, Doza dvs. zilnic\u0103 de lumin\u0103, care armonizeaz\u0103 i \u00eenfrumuse eaz\u0103 Sprijini i-v\u0103 frumuse ea i bun\u0103starea interioar\u0103 cu o tehnologie dovedit\u0103. Dispozitivul pentru terapie cu lumin\u0103 Beautifly SkinPure Therapy arat\u0103 ca un accesoriu elegant, dar ascunde puterea de \u00eentinerire a luminii ro ii i infraro ii. \u00cen timp...\" \/>\n<meta property=\"og:url\" content=\"https:\/\/shopatoa.com\/ro\/beautifly-skinpure-therapy-masca-de-tratament-cu-led-1-buc\/\" \/>\n<meta property=\"og:site_name\" content=\"SHOPATOA\" \/>\n<meta property=\"article:modified_time\" content=\"2026-01-30T23:42:09+00:00\" \/>\n<meta property=\"og:image\" content=\"https:\/\/storage.googleapis.com\/cz-shopatoa-img\/ro\/13c696db-5903003702689_01.jpg\" \/>\n\t<meta property=\"og:image:width\" content=\"800\" \/>\n\t<meta property=\"og:image:height\" content=\"800\" \/>\n\t<meta property=\"og:image:type\" content=\"image\/jpeg\" \/>\n<meta name=\"twitter:card\" content=\"summary_large_image\" \/>\n<meta name=\"twitter:label1\" content=\"Timp estimat pentru citire\" \/>\n\t<meta name=\"twitter:data1\" content=\"1 minut\" \/>\n<script type=\"application\/ld+json\" class=\"yoast-schema-graph\">{\"@context\":\"https:\\\/\\\/schema.org\",\"@graph\":[{\"@type\":\"WebPage\",\"@id\":\"https:\\\/\\\/shopatoa.com\\\/ro\\\/beautifly-skinpure-therapy-masca-de-tratament-cu-led-1-buc\\\/\",\"url\":\"https:\\\/\\\/shopatoa.com\\\/ro\\\/beautifly-skinpure-therapy-masca-de-tratament-cu-led-1-buc\\\/\",\"name\":\"Beautifly SkinPure Therapy masc\u0103 de tratament cu LED 1 buc - SHOPATOA.COM\",\"isPartOf\":{\"@id\":\"https:\\\/\\\/shopatoa.com\\\/ro\\\/#website\"},\"primaryImageOfPage\":{\"@id\":\"https:\\\/\\\/shopatoa.com\\\/ro\\\/beautifly-skinpure-therapy-masca-de-tratament-cu-led-1-buc\\\/#primaryimage\"},\"image\":{\"@id\":\"https:\\\/\\\/shopatoa.com\\\/ro\\\/beautifly-skinpure-therapy-masca-de-tratament-cu-led-1-buc\\\/#primaryimage\"},\"thumbnailUrl\":\"https:\\\/\\\/storage.googleapis.com\\\/cz-shopatoa-img\\\/ro\\\/13c696db-5903003702689_01.jpg\",\"datePublished\":\"2025-12-04T11:03:39+00:00\",\"dateModified\":\"2026-01-30T23:42:09+00:00\",\"breadcrumb\":{\"@id\":\"https:\\\/\\\/shopatoa.com\\\/ro\\\/beautifly-skinpure-therapy-masca-de-tratament-cu-led-1-buc\\\/#breadcrumb\"},\"inLanguage\":\"ro-RO\",\"potentialAction\":[{\"@type\":\"ReadAction\",\"target\":[\"https:\\\/\\\/shopatoa.com\\\/ro\\\/beautifly-skinpure-therapy-masca-de-tratament-cu-led-1-buc\\\/\"]}]},{\"@type\":\"ImageObject\",\"inLanguage\":\"ro-RO\",\"@id\":\"https:\\\/\\\/shopatoa.com\\\/ro\\\/beautifly-skinpure-therapy-masca-de-tratament-cu-led-1-buc\\\/#primaryimage\",\"url\":\"https:\\\/\\\/storage.googleapis.com\\\/cz-shopatoa-img\\\/ro\\\/13c696db-5903003702689_01.jpg\",\"contentUrl\":\"https:\\\/\\\/storage.googleapis.com\\\/cz-shopatoa-img\\\/ro\\\/13c696db-5903003702689_01.jpg\",\"width\":800,\"height\":800},{\"@type\":\"BreadcrumbList\",\"@id\":\"https:\\\/\\\/shopatoa.com\\\/ro\\\/beautifly-skinpure-therapy-masca-de-tratament-cu-led-1-buc\\\/#breadcrumb\",\"itemListElement\":[{\"@type\":\"ListItem\",\"position\":1,\"name\":\"Dom\u016f\",\"item\":\"https:\\\/\\\/shopatoa.com\\\/ro\\\/\"},{\"@type\":\"ListItem\",\"position\":2,\"name\":\"Shop\",\"item\":\"https:\\\/\\\/shopatoa.com\\\/ro\\\/shop\\\/\"},{\"@type\":\"ListItem\",\"position\":3,\"name\":\"S\u0103n\u0103tate \u0219i frumuse\u021be\",\"item\":\"https:\\\/\\\/shopatoa.com\\\/ro\\\/sanatate-si-frumusete\\\/\"},{\"@type\":\"ListItem\",\"position\":4,\"name\":\"\u00cengrijire personal\u0103\",\"item\":\"https:\\\/\\\/shopatoa.com\\\/ro\\\/ingrijire-personala\\\/\"},{\"@type\":\"ListItem\",\"position\":5,\"name\":\"Cosmetice\",\"item\":\"https:\\\/\\\/shopatoa.com\\\/ro\\\/cosmetice-ingrijire-personala\\\/\"},{\"@type\":\"ListItem\",\"position\":6,\"name\":\"\u00cengrijirea pielii\",\"item\":\"https:\\\/\\\/shopatoa.com\\\/ro\\\/ingrijirea-pielii\\\/\"},{\"@type\":\"ListItem\",\"position\":7,\"name\":\"Electronice\",\"item\":\"https:\\\/\\\/shopatoa.com\\\/ro\\\/electronice-ingrijirea-pielii\\\/\"},{\"@type\":\"ListItem\",\"position\":8,\"name\":\"M\u0103\u0219ti LED\",\"item\":\"https:\\\/\\\/shopatoa.com\\\/ro\\\/masti-led\\\/\"},{\"@type\":\"ListItem\",\"position\":9,\"name\":\"Beautifly SkinPure Therapy masc\u0103 de tratament cu LED 1 buc\"}]},{\"@type\":\"WebSite\",\"@id\":\"https:\\\/\\\/shopatoa.com\\\/ro\\\/#website\",\"url\":\"https:\\\/\\\/shopatoa.com\\\/ro\\\/\",\"name\":\"SHOPATOA\",\"description\":\"\",\"publisher\":{\"@id\":\"https:\\\/\\\/shopatoa.com\\\/ro\\\/#organization\"},\"potentialAction\":[{\"@type\":\"SearchAction\",\"target\":{\"@type\":\"EntryPoint\",\"urlTemplate\":\"https:\\\/\\\/shopatoa.com\\\/ro\\\/?s={search_term_string}\"},\"query-input\":{\"@type\":\"PropertyValueSpecification\",\"valueRequired\":true,\"valueName\":\"search_term_string\"}}],\"inLanguage\":\"ro-RO\"},{\"@type\":\"Organization\",\"@id\":\"https:\\\/\\\/shopatoa.com\\\/ro\\\/#organization\",\"name\":\"SHOPATOA\",\"url\":\"https:\\\/\\\/shopatoa.com\\\/ro\\\/\",\"logo\":{\"@type\":\"ImageObject\",\"inLanguage\":\"ro-RO\",\"@id\":\"https:\\\/\\\/shopatoa.com\\\/ro\\\/#\\\/schema\\\/logo\\\/image\\\/\",\"url\":\"https:\\\/\\\/storage.googleapis.com\\\/cz-shopatoa-img\\\/ro\\\/b4dac915-shopatoa_logo.png\",\"contentUrl\":\"https:\\\/\\\/storage.googleapis.com\\\/cz-shopatoa-img\\\/ro\\\/b4dac915-shopatoa_logo.png\",\"width\":416,\"height\":63,\"caption\":\"SHOPATOA\"},\"image\":{\"@id\":\"https:\\\/\\\/shopatoa.com\\\/ro\\\/#\\\/schema\\\/logo\\\/image\\\/\"}}]}<\/script>\n<!-- \/ Yoast SEO plugin. -->","yoast_head_json":{"title":"Beautifly SkinPure Therapy masc\u0103 de tratament cu LED 1 buc - SHOPATOA.COM","robots":{"index":"index","follow":"follow","max-snippet":"max-snippet:-1","max-image-preview":"max-image-preview:large","max-video-preview":"max-video-preview:-1"},"canonical":"https:\/\/shopatoa.com\/ro\/beautifly-skinpure-therapy-masca-de-tratament-cu-led-1-buc\/","og_locale":"ro_RO","og_type":"article","og_title":"Beautifly SkinPure Therapy masc\u0103 de tratament cu LED 1 buc - SHOPATOA.COM","og_description":"Beautifly SkinPure Therapy, 1 buc, M\u0103\u0219ti LED, Doza dvs. zilnic\u0103 de lumin\u0103, care armonizeaz\u0103 i \u00eenfrumuse eaz\u0103 Sprijini i-v\u0103 frumuse ea i bun\u0103starea interioar\u0103 cu o tehnologie dovedit\u0103. Dispozitivul pentru terapie cu lumin\u0103 Beautifly SkinPure Therapy arat\u0103 ca un accesoriu elegant, dar ascunde puterea de \u00eentinerire a luminii ro ii i infraro ii. \u00cen timp...","og_url":"https:\/\/shopatoa.com\/ro\/beautifly-skinpure-therapy-masca-de-tratament-cu-led-1-buc\/","og_site_name":"SHOPATOA","article_modified_time":"2026-01-30T23:42:09+00:00","og_image":[{"width":800,"height":800,"url":"https:\/\/storage.googleapis.com\/cz-shopatoa-img\/ro\/13c696db-5903003702689_01.jpg","type":"image\/jpeg"}],"twitter_card":"summary_large_image","twitter_misc":{"Timp estimat pentru citire":"1 minut"},"schema":{"@context":"https:\/\/schema.org","@graph":[{"@type":"WebPage","@id":"https:\/\/shopatoa.com\/ro\/beautifly-skinpure-therapy-masca-de-tratament-cu-led-1-buc\/","url":"https:\/\/shopatoa.com\/ro\/beautifly-skinpure-therapy-masca-de-tratament-cu-led-1-buc\/","name":"Beautifly SkinPure Therapy masc\u0103 de tratament cu LED 1 buc - SHOPATOA.COM","isPartOf":{"@id":"https:\/\/shopatoa.com\/ro\/#website"},"primaryImageOfPage":{"@id":"https:\/\/shopatoa.com\/ro\/beautifly-skinpure-therapy-masca-de-tratament-cu-led-1-buc\/#primaryimage"},"image":{"@id":"https:\/\/shopatoa.com\/ro\/beautifly-skinpure-therapy-masca-de-tratament-cu-led-1-buc\/#primaryimage"},"thumbnailUrl":"https:\/\/storage.googleapis.com\/cz-shopatoa-img\/ro\/13c696db-5903003702689_01.jpg","datePublished":"2025-12-04T11:03:39+00:00","dateModified":"2026-01-30T23:42:09+00:00","breadcrumb":{"@id":"https:\/\/shopatoa.com\/ro\/beautifly-skinpure-therapy-masca-de-tratament-cu-led-1-buc\/#breadcrumb"},"inLanguage":"ro-RO","potentialAction":[{"@type":"ReadAction","target":["https:\/\/shopatoa.com\/ro\/beautifly-skinpure-therapy-masca-de-tratament-cu-led-1-buc\/"]}]},{"@type":"ImageObject","inLanguage":"ro-RO","@id":"https:\/\/shopatoa.com\/ro\/beautifly-skinpure-therapy-masca-de-tratament-cu-led-1-buc\/#primaryimage","url":"https:\/\/storage.googleapis.com\/cz-shopatoa-img\/ro\/13c696db-5903003702689_01.jpg","contentUrl":"https:\/\/storage.googleapis.com\/cz-shopatoa-img\/ro\/13c696db-5903003702689_01.jpg","width":800,"height":800},{"@type":"BreadcrumbList","@id":"https:\/\/shopatoa.com\/ro\/beautifly-skinpure-therapy-masca-de-tratament-cu-led-1-buc\/#breadcrumb","itemListElement":[{"@type":"ListItem","position":1,"name":"Dom\u016f","item":"https:\/\/shopatoa.com\/ro\/"},{"@type":"ListItem","position":2,"name":"Shop","item":"https:\/\/shopatoa.com\/ro\/shop\/"},{"@type":"ListItem","position":3,"name":"S\u0103n\u0103tate \u0219i frumuse\u021be","item":"https:\/\/shopatoa.com\/ro\/sanatate-si-frumusete\/"},{"@type":"ListItem","position":4,"name":"\u00cengrijire personal\u0103","item":"https:\/\/shopatoa.com\/ro\/ingrijire-personala\/"},{"@type":"ListItem","position":5,"name":"Cosmetice","item":"https:\/\/shopatoa.com\/ro\/cosmetice-ingrijire-personala\/"},{"@type":"ListItem","position":6,"name":"\u00cengrijirea pielii","item":"https:\/\/shopatoa.com\/ro\/ingrijirea-pielii\/"},{"@type":"ListItem","position":7,"name":"Electronice","item":"https:\/\/shopatoa.com\/ro\/electronice-ingrijirea-pielii\/"},{"@type":"ListItem","position":8,"name":"M\u0103\u0219ti LED","item":"https:\/\/shopatoa.com\/ro\/masti-led\/"},{"@type":"ListItem","position":9,"name":"Beautifly SkinPure Therapy masc\u0103 de tratament cu LED 1 buc"}]},{"@type":"WebSite","@id":"https:\/\/shopatoa.com\/ro\/#website","url":"https:\/\/shopatoa.com\/ro\/","name":"SHOPATOA","description":"","publisher":{"@id":"https:\/\/shopatoa.com\/ro\/#organization"},"potentialAction":[{"@type":"SearchAction","target":{"@type":"EntryPoint","urlTemplate":"https:\/\/shopatoa.com\/ro\/?s={search_term_string}"},"query-input":{"@type":"PropertyValueSpecification","valueRequired":true,"valueName":"search_term_string"}}],"inLanguage":"ro-RO"},{"@type":"Organization","@id":"https:\/\/shopatoa.com\/ro\/#organization","name":"SHOPATOA","url":"https:\/\/shopatoa.com\/ro\/","logo":{"@type":"ImageObject","inLanguage":"ro-RO","@id":"https:\/\/shopatoa.com\/ro\/#\/schema\/logo\/image\/","url":"https:\/\/storage.googleapis.com\/cz-shopatoa-img\/ro\/b4dac915-shopatoa_logo.png","contentUrl":"https:\/\/storage.googleapis.com\/cz-shopatoa-img\/ro\/b4dac915-shopatoa_logo.png","width":416,"height":63,"caption":"SHOPATOA"},"image":{"@id":"https:\/\/shopatoa.com\/ro\/#\/schema\/logo\/image\/"}}]}},"_links":{"self":[{"href":"https:\/\/shopatoa.com\/ro\/wp-json\/wp\/v2\/product\/496925","targetHints":{"allow":["GET"]}}],"collection":[{"href":"https:\/\/shopatoa.com\/ro\/wp-json\/wp\/v2\/product"}],"about":[{"href":"https:\/\/shopatoa.com\/ro\/wp-json\/wp\/v2\/types\/product"}],"replies":[{"embeddable":true,"href":"https:\/\/shopatoa.com\/ro\/wp-json\/wp\/v2\/comments?post=496925"}],"wp:featuredmedia":[{"embeddable":true,"href":"https:\/\/shopatoa.com\/ro\/wp-json\/wp\/v2\/media\/496926"}],"wp:attachment":[{"href":"https:\/\/shopatoa.com\/ro\/wp-json\/wp\/v2\/media?parent=496925"}],"wp:term":[{"taxonomy":"product_brand","embeddable":true,"href":"https:\/\/shopatoa.com\/ro\/wp-json\/wp\/v2\/product_brand?post=496925"},{"taxonomy":"product_cat","embeddable":true,"href":"https:\/\/shopatoa.com\/ro\/wp-json\/wp\/v2\/product_cat?post=496925"},{"taxonomy":"product_tag","embeddable":true,"href":"https:\/\/shopatoa.com\/ro\/wp-json\/wp\/v2\/product_tag?post=496925"}],"curies":[{"name":"wp","href":"https:\/\/api.w.org\/{rel}","templated":true}]}}