{"id":496943,"date":"2025-12-04T12:05:05","date_gmt":"2025-12-04T11:05:05","guid":{"rendered":"https:\/\/shopatoa.com\/ro\/beautifly-b-shine-ice-epilator-ipl-pentru-corp-fata-zona-inghinala-si-axile-1-buc\/"},"modified":"2026-01-31T00:39:03","modified_gmt":"2026-01-30T23:39:03","slug":"beautifly-b-shine-ice-epilator-ipl-pentru-corp-fata-zona-inghinala-si-axile-1-buc","status":"publish","type":"product","link":"https:\/\/shopatoa.com\/ro\/beautifly-b-shine-ice-epilator-ipl-pentru-corp-fata-zona-inghinala-si-axile-1-buc\/","title":{"rendered":"Beautifly B-Shine Ice epilator IPL pentru corp, fa\u021b\u0103, zona inghinal\u0103 \u0219i axile 1 buc"},"content":{"rendered":"<p>Beautifly B-Shine Ice, 1 buc, Epilatoare IPL pentru femei, Gata cu firele de p\u0103r nedorite \u0219i cu grijile \u00een privin\u021ba rasului frecvent, bucura\u021bi-v\u0103 de o piele perfect neted\u0103. Epilatorul Beautifly B-Shine Ice v\u0103 permite s\u0103 \u00eendep\u0103rta\u021bi rapid, dar cu precizie, firele de p\u0103r mai lungi, mai scurte \u0219i foarte fine de pe corp. Le smulge cu tot cu r\u0103d\u0103cin\u0103, l\u0103s\u00e2ndu-v\u0103 pielea neted\u0103 pentru un timp foarte \u00eendelungat. \u00cen plus, rezist\u0103 mult mai mult dec\u00e2t lama de ras de unic\u0103 folosin\u021b\u0103, astfel \u00eenc\u00e2t nu va trebui s\u0103 tot cump\u0103ra\u021bi altele noi sau s\u0103 v\u0103 face\u021bi griji cu privire la cantitatea pe care o arunca\u021bi.  Setul con\u021bine:  epilator IPL pentru corp, fa\u021b\u0103, zona inghinal\u0103 \u0219i axile 1 buc capete de schimb pentru epilare 2 buc aparat de ras 1 buc ochelari de soare 1 buc geant\u0103 pentru c\u0103l\u0103torii 1 buc  Caracteristici:  \u00eendep\u0103rteaz\u0103 celulele epiteliale moarte este mai rapid \u0219i mai minu\u021bios dec\u00e2t depilarea tradi\u021bional\u0103 nu produce irita\u021bii confer\u0103 un aspect s\u0103n\u0103tos \u0219i str\u0103lucitor epilarea rezist\u0103 mult timp  Cum se utilizeaz\u0103: Se vor urma instruc\u021biunile incluse.<\/p>\n","protected":false},"excerpt":{"rendered":"<p>Beautifly B-Shine Ice, 1 buc, Epilatoare IPL pentru femei, Gata cu firele de p\u0103r nedorite \u0219i cu grijile \u00een privin\u021ba rasului frecvent, bucura\u021bi-v\u0103 de o piele perfect neted\u0103. Epilatorul Beautifly B-Shine Ice v\u0103 permite s\u0103 \u00eendep\u0103rta\u021bi rapid, dar cu precizie, firele de p\u0103r mai lungi, mai scurte \u0219i foarte fine de pe corp. Le smulge&#8230;<\/p>\n","protected":false},"featured_media":496944,"comment_status":"closed","ping_status":"open","template":"","meta":{"_acf_changed":false,"_kadence_starter_templates_imported_post":false,"_kad_post_transparent":"","_kad_post_title":"","_kad_post_layout":"","_kad_post_sidebar_id":"","_kad_post_content_style":"","_kad_post_vertical_padding":"","_kad_post_feature":"","_kad_post_feature_position":"","_kad_post_header":false,"_kad_post_footer":false,"_kad_post_classname":""},"product_brand":[2329],"product_cat":[1564,3942,4068,1563,1565,1562],"product_tag":[],"class_list":{"0":"post-496943","1":"product","2":"type-product","3":"status-publish","4":"has-post-thumbnail","6":"product_brand-beautifly","7":"product_cat-cosmetice-ingrijire-personala","8":"product_cat-electronice-ingrijirea-pielii","9":"product_cat-epilatoare-facciale","10":"product_cat-ingrijire-personala","11":"product_cat-ingrijirea-pielii","12":"product_cat-sanatate-si-frumusete","13":"pa_gen-female","14":"pa_marime-1-buc","16":"first","17":"instock","18":"product-type-external","19":"entry","20":"content-bg","21":"loop-entry"},"acf":[],"yoast_head":"<!-- This site is optimized with the Yoast SEO plugin v27.4 - https:\/\/yoast.com\/product\/yoast-seo-wordpress\/ -->\n<title>Beautifly B-Shine Ice epilator IPL pentru corp, fa\u021b\u0103, zona inghinal\u0103 \u0219i axile 1 buc - SHOPATOA.COM<\/title>\n<meta name=\"robots\" content=\"index, follow, max-snippet:-1, max-image-preview:large, max-video-preview:-1\" \/>\n<link rel=\"canonical\" href=\"https:\/\/shopatoa.com\/ro\/beautifly-b-shine-ice-epilator-ipl-pentru-corp-fata-zona-inghinala-si-axile-1-buc\/\" \/>\n<meta property=\"og:locale\" content=\"ro_RO\" \/>\n<meta property=\"og:type\" content=\"article\" \/>\n<meta property=\"og:title\" content=\"Beautifly B-Shine Ice epilator IPL pentru corp, fa\u021b\u0103, zona inghinal\u0103 \u0219i axile 1 buc - SHOPATOA.COM\" \/>\n<meta property=\"og:description\" content=\"Beautifly B-Shine Ice, 1 buc, Epilatoare IPL pentru femei, Gata cu firele de p\u0103r nedorite \u0219i cu grijile \u00een privin\u021ba rasului frecvent, bucura\u021bi-v\u0103 de o piele perfect neted\u0103. Epilatorul Beautifly B-Shine Ice v\u0103 permite s\u0103 \u00eendep\u0103rta\u021bi rapid, dar cu precizie, firele de p\u0103r mai lungi, mai scurte \u0219i foarte fine de pe corp. Le smulge...\" \/>\n<meta property=\"og:url\" content=\"https:\/\/shopatoa.com\/ro\/beautifly-b-shine-ice-epilator-ipl-pentru-corp-fata-zona-inghinala-si-axile-1-buc\/\" \/>\n<meta property=\"og:site_name\" content=\"SHOPATOA\" \/>\n<meta property=\"article:modified_time\" content=\"2026-01-30T23:39:03+00:00\" \/>\n<meta property=\"og:image\" content=\"https:\/\/storage.googleapis.com\/cz-shopatoa-img\/ro\/9fa582a2-5903003700357_01.jpg\" \/>\n\t<meta property=\"og:image:width\" content=\"800\" \/>\n\t<meta property=\"og:image:height\" content=\"800\" \/>\n\t<meta property=\"og:image:type\" content=\"image\/jpeg\" \/>\n<meta name=\"twitter:card\" content=\"summary_large_image\" \/>\n<meta name=\"twitter:label1\" content=\"Timp estimat pentru citire\" \/>\n\t<meta name=\"twitter:data1\" content=\"1 minut\" \/>\n<script type=\"application\/ld+json\" class=\"yoast-schema-graph\">{\"@context\":\"https:\\\/\\\/schema.org\",\"@graph\":[{\"@type\":\"WebPage\",\"@id\":\"https:\\\/\\\/shopatoa.com\\\/ro\\\/beautifly-b-shine-ice-epilator-ipl-pentru-corp-fata-zona-inghinala-si-axile-1-buc\\\/\",\"url\":\"https:\\\/\\\/shopatoa.com\\\/ro\\\/beautifly-b-shine-ice-epilator-ipl-pentru-corp-fata-zona-inghinala-si-axile-1-buc\\\/\",\"name\":\"Beautifly B-Shine Ice epilator IPL pentru corp, fa\u021b\u0103, zona inghinal\u0103 \u0219i axile 1 buc - SHOPATOA.COM\",\"isPartOf\":{\"@id\":\"https:\\\/\\\/shopatoa.com\\\/ro\\\/#website\"},\"primaryImageOfPage\":{\"@id\":\"https:\\\/\\\/shopatoa.com\\\/ro\\\/beautifly-b-shine-ice-epilator-ipl-pentru-corp-fata-zona-inghinala-si-axile-1-buc\\\/#primaryimage\"},\"image\":{\"@id\":\"https:\\\/\\\/shopatoa.com\\\/ro\\\/beautifly-b-shine-ice-epilator-ipl-pentru-corp-fata-zona-inghinala-si-axile-1-buc\\\/#primaryimage\"},\"thumbnailUrl\":\"https:\\\/\\\/storage.googleapis.com\\\/cz-shopatoa-img\\\/ro\\\/9fa582a2-5903003700357_01.jpg\",\"datePublished\":\"2025-12-04T11:05:05+00:00\",\"dateModified\":\"2026-01-30T23:39:03+00:00\",\"breadcrumb\":{\"@id\":\"https:\\\/\\\/shopatoa.com\\\/ro\\\/beautifly-b-shine-ice-epilator-ipl-pentru-corp-fata-zona-inghinala-si-axile-1-buc\\\/#breadcrumb\"},\"inLanguage\":\"ro-RO\",\"potentialAction\":[{\"@type\":\"ReadAction\",\"target\":[\"https:\\\/\\\/shopatoa.com\\\/ro\\\/beautifly-b-shine-ice-epilator-ipl-pentru-corp-fata-zona-inghinala-si-axile-1-buc\\\/\"]}]},{\"@type\":\"ImageObject\",\"inLanguage\":\"ro-RO\",\"@id\":\"https:\\\/\\\/shopatoa.com\\\/ro\\\/beautifly-b-shine-ice-epilator-ipl-pentru-corp-fata-zona-inghinala-si-axile-1-buc\\\/#primaryimage\",\"url\":\"https:\\\/\\\/storage.googleapis.com\\\/cz-shopatoa-img\\\/ro\\\/9fa582a2-5903003700357_01.jpg\",\"contentUrl\":\"https:\\\/\\\/storage.googleapis.com\\\/cz-shopatoa-img\\\/ro\\\/9fa582a2-5903003700357_01.jpg\",\"width\":800,\"height\":800},{\"@type\":\"BreadcrumbList\",\"@id\":\"https:\\\/\\\/shopatoa.com\\\/ro\\\/beautifly-b-shine-ice-epilator-ipl-pentru-corp-fata-zona-inghinala-si-axile-1-buc\\\/#breadcrumb\",\"itemListElement\":[{\"@type\":\"ListItem\",\"position\":1,\"name\":\"Dom\u016f\",\"item\":\"https:\\\/\\\/shopatoa.com\\\/ro\\\/\"},{\"@type\":\"ListItem\",\"position\":2,\"name\":\"Shop\",\"item\":\"https:\\\/\\\/shopatoa.com\\\/ro\\\/shop\\\/\"},{\"@type\":\"ListItem\",\"position\":3,\"name\":\"S\u0103n\u0103tate \u0219i frumuse\u021be\",\"item\":\"https:\\\/\\\/shopatoa.com\\\/ro\\\/sanatate-si-frumusete\\\/\"},{\"@type\":\"ListItem\",\"position\":4,\"name\":\"\u00cengrijire personal\u0103\",\"item\":\"https:\\\/\\\/shopatoa.com\\\/ro\\\/ingrijire-personala\\\/\"},{\"@type\":\"ListItem\",\"position\":5,\"name\":\"Cosmetice\",\"item\":\"https:\\\/\\\/shopatoa.com\\\/ro\\\/cosmetice-ingrijire-personala\\\/\"},{\"@type\":\"ListItem\",\"position\":6,\"name\":\"\u00cengrijirea pielii\",\"item\":\"https:\\\/\\\/shopatoa.com\\\/ro\\\/ingrijirea-pielii\\\/\"},{\"@type\":\"ListItem\",\"position\":7,\"name\":\"Electronice\",\"item\":\"https:\\\/\\\/shopatoa.com\\\/ro\\\/electronice-ingrijirea-pielii\\\/\"},{\"@type\":\"ListItem\",\"position\":8,\"name\":\"Epilatoare facciale\",\"item\":\"https:\\\/\\\/shopatoa.com\\\/ro\\\/epilatoare-facciale\\\/\"},{\"@type\":\"ListItem\",\"position\":9,\"name\":\"Beautifly B-Shine Ice epilator IPL pentru corp, fa\u021b\u0103, zona inghinal\u0103 \u0219i axile 1 buc\"}]},{\"@type\":\"WebSite\",\"@id\":\"https:\\\/\\\/shopatoa.com\\\/ro\\\/#website\",\"url\":\"https:\\\/\\\/shopatoa.com\\\/ro\\\/\",\"name\":\"SHOPATOA\",\"description\":\"\",\"publisher\":{\"@id\":\"https:\\\/\\\/shopatoa.com\\\/ro\\\/#organization\"},\"potentialAction\":[{\"@type\":\"SearchAction\",\"target\":{\"@type\":\"EntryPoint\",\"urlTemplate\":\"https:\\\/\\\/shopatoa.com\\\/ro\\\/?s={search_term_string}\"},\"query-input\":{\"@type\":\"PropertyValueSpecification\",\"valueRequired\":true,\"valueName\":\"search_term_string\"}}],\"inLanguage\":\"ro-RO\"},{\"@type\":\"Organization\",\"@id\":\"https:\\\/\\\/shopatoa.com\\\/ro\\\/#organization\",\"name\":\"SHOPATOA\",\"url\":\"https:\\\/\\\/shopatoa.com\\\/ro\\\/\",\"logo\":{\"@type\":\"ImageObject\",\"inLanguage\":\"ro-RO\",\"@id\":\"https:\\\/\\\/shopatoa.com\\\/ro\\\/#\\\/schema\\\/logo\\\/image\\\/\",\"url\":\"https:\\\/\\\/storage.googleapis.com\\\/cz-shopatoa-img\\\/ro\\\/b4dac915-shopatoa_logo.png\",\"contentUrl\":\"https:\\\/\\\/storage.googleapis.com\\\/cz-shopatoa-img\\\/ro\\\/b4dac915-shopatoa_logo.png\",\"width\":416,\"height\":63,\"caption\":\"SHOPATOA\"},\"image\":{\"@id\":\"https:\\\/\\\/shopatoa.com\\\/ro\\\/#\\\/schema\\\/logo\\\/image\\\/\"}}]}<\/script>\n<!-- \/ Yoast SEO plugin. -->","yoast_head_json":{"title":"Beautifly B-Shine Ice epilator IPL pentru corp, fa\u021b\u0103, zona inghinal\u0103 \u0219i axile 1 buc - SHOPATOA.COM","robots":{"index":"index","follow":"follow","max-snippet":"max-snippet:-1","max-image-preview":"max-image-preview:large","max-video-preview":"max-video-preview:-1"},"canonical":"https:\/\/shopatoa.com\/ro\/beautifly-b-shine-ice-epilator-ipl-pentru-corp-fata-zona-inghinala-si-axile-1-buc\/","og_locale":"ro_RO","og_type":"article","og_title":"Beautifly B-Shine Ice epilator IPL pentru corp, fa\u021b\u0103, zona inghinal\u0103 \u0219i axile 1 buc - SHOPATOA.COM","og_description":"Beautifly B-Shine Ice, 1 buc, Epilatoare IPL pentru femei, Gata cu firele de p\u0103r nedorite \u0219i cu grijile \u00een privin\u021ba rasului frecvent, bucura\u021bi-v\u0103 de o piele perfect neted\u0103. Epilatorul Beautifly B-Shine Ice v\u0103 permite s\u0103 \u00eendep\u0103rta\u021bi rapid, dar cu precizie, firele de p\u0103r mai lungi, mai scurte \u0219i foarte fine de pe corp. Le smulge...","og_url":"https:\/\/shopatoa.com\/ro\/beautifly-b-shine-ice-epilator-ipl-pentru-corp-fata-zona-inghinala-si-axile-1-buc\/","og_site_name":"SHOPATOA","article_modified_time":"2026-01-30T23:39:03+00:00","og_image":[{"width":800,"height":800,"url":"https:\/\/storage.googleapis.com\/cz-shopatoa-img\/ro\/9fa582a2-5903003700357_01.jpg","type":"image\/jpeg"}],"twitter_card":"summary_large_image","twitter_misc":{"Timp estimat pentru citire":"1 minut"},"schema":{"@context":"https:\/\/schema.org","@graph":[{"@type":"WebPage","@id":"https:\/\/shopatoa.com\/ro\/beautifly-b-shine-ice-epilator-ipl-pentru-corp-fata-zona-inghinala-si-axile-1-buc\/","url":"https:\/\/shopatoa.com\/ro\/beautifly-b-shine-ice-epilator-ipl-pentru-corp-fata-zona-inghinala-si-axile-1-buc\/","name":"Beautifly B-Shine Ice epilator IPL pentru corp, fa\u021b\u0103, zona inghinal\u0103 \u0219i axile 1 buc - SHOPATOA.COM","isPartOf":{"@id":"https:\/\/shopatoa.com\/ro\/#website"},"primaryImageOfPage":{"@id":"https:\/\/shopatoa.com\/ro\/beautifly-b-shine-ice-epilator-ipl-pentru-corp-fata-zona-inghinala-si-axile-1-buc\/#primaryimage"},"image":{"@id":"https:\/\/shopatoa.com\/ro\/beautifly-b-shine-ice-epilator-ipl-pentru-corp-fata-zona-inghinala-si-axile-1-buc\/#primaryimage"},"thumbnailUrl":"https:\/\/storage.googleapis.com\/cz-shopatoa-img\/ro\/9fa582a2-5903003700357_01.jpg","datePublished":"2025-12-04T11:05:05+00:00","dateModified":"2026-01-30T23:39:03+00:00","breadcrumb":{"@id":"https:\/\/shopatoa.com\/ro\/beautifly-b-shine-ice-epilator-ipl-pentru-corp-fata-zona-inghinala-si-axile-1-buc\/#breadcrumb"},"inLanguage":"ro-RO","potentialAction":[{"@type":"ReadAction","target":["https:\/\/shopatoa.com\/ro\/beautifly-b-shine-ice-epilator-ipl-pentru-corp-fata-zona-inghinala-si-axile-1-buc\/"]}]},{"@type":"ImageObject","inLanguage":"ro-RO","@id":"https:\/\/shopatoa.com\/ro\/beautifly-b-shine-ice-epilator-ipl-pentru-corp-fata-zona-inghinala-si-axile-1-buc\/#primaryimage","url":"https:\/\/storage.googleapis.com\/cz-shopatoa-img\/ro\/9fa582a2-5903003700357_01.jpg","contentUrl":"https:\/\/storage.googleapis.com\/cz-shopatoa-img\/ro\/9fa582a2-5903003700357_01.jpg","width":800,"height":800},{"@type":"BreadcrumbList","@id":"https:\/\/shopatoa.com\/ro\/beautifly-b-shine-ice-epilator-ipl-pentru-corp-fata-zona-inghinala-si-axile-1-buc\/#breadcrumb","itemListElement":[{"@type":"ListItem","position":1,"name":"Dom\u016f","item":"https:\/\/shopatoa.com\/ro\/"},{"@type":"ListItem","position":2,"name":"Shop","item":"https:\/\/shopatoa.com\/ro\/shop\/"},{"@type":"ListItem","position":3,"name":"S\u0103n\u0103tate \u0219i frumuse\u021be","item":"https:\/\/shopatoa.com\/ro\/sanatate-si-frumusete\/"},{"@type":"ListItem","position":4,"name":"\u00cengrijire personal\u0103","item":"https:\/\/shopatoa.com\/ro\/ingrijire-personala\/"},{"@type":"ListItem","position":5,"name":"Cosmetice","item":"https:\/\/shopatoa.com\/ro\/cosmetice-ingrijire-personala\/"},{"@type":"ListItem","position":6,"name":"\u00cengrijirea pielii","item":"https:\/\/shopatoa.com\/ro\/ingrijirea-pielii\/"},{"@type":"ListItem","position":7,"name":"Electronice","item":"https:\/\/shopatoa.com\/ro\/electronice-ingrijirea-pielii\/"},{"@type":"ListItem","position":8,"name":"Epilatoare facciale","item":"https:\/\/shopatoa.com\/ro\/epilatoare-facciale\/"},{"@type":"ListItem","position":9,"name":"Beautifly B-Shine Ice epilator IPL pentru corp, fa\u021b\u0103, zona inghinal\u0103 \u0219i axile 1 buc"}]},{"@type":"WebSite","@id":"https:\/\/shopatoa.com\/ro\/#website","url":"https:\/\/shopatoa.com\/ro\/","name":"SHOPATOA","description":"","publisher":{"@id":"https:\/\/shopatoa.com\/ro\/#organization"},"potentialAction":[{"@type":"SearchAction","target":{"@type":"EntryPoint","urlTemplate":"https:\/\/shopatoa.com\/ro\/?s={search_term_string}"},"query-input":{"@type":"PropertyValueSpecification","valueRequired":true,"valueName":"search_term_string"}}],"inLanguage":"ro-RO"},{"@type":"Organization","@id":"https:\/\/shopatoa.com\/ro\/#organization","name":"SHOPATOA","url":"https:\/\/shopatoa.com\/ro\/","logo":{"@type":"ImageObject","inLanguage":"ro-RO","@id":"https:\/\/shopatoa.com\/ro\/#\/schema\/logo\/image\/","url":"https:\/\/storage.googleapis.com\/cz-shopatoa-img\/ro\/b4dac915-shopatoa_logo.png","contentUrl":"https:\/\/storage.googleapis.com\/cz-shopatoa-img\/ro\/b4dac915-shopatoa_logo.png","width":416,"height":63,"caption":"SHOPATOA"},"image":{"@id":"https:\/\/shopatoa.com\/ro\/#\/schema\/logo\/image\/"}}]}},"_links":{"self":[{"href":"https:\/\/shopatoa.com\/ro\/wp-json\/wp\/v2\/product\/496943","targetHints":{"allow":["GET"]}}],"collection":[{"href":"https:\/\/shopatoa.com\/ro\/wp-json\/wp\/v2\/product"}],"about":[{"href":"https:\/\/shopatoa.com\/ro\/wp-json\/wp\/v2\/types\/product"}],"replies":[{"embeddable":true,"href":"https:\/\/shopatoa.com\/ro\/wp-json\/wp\/v2\/comments?post=496943"}],"wp:featuredmedia":[{"embeddable":true,"href":"https:\/\/shopatoa.com\/ro\/wp-json\/wp\/v2\/media\/496944"}],"wp:attachment":[{"href":"https:\/\/shopatoa.com\/ro\/wp-json\/wp\/v2\/media?parent=496943"}],"wp:term":[{"taxonomy":"product_brand","embeddable":true,"href":"https:\/\/shopatoa.com\/ro\/wp-json\/wp\/v2\/product_brand?post=496943"},{"taxonomy":"product_cat","embeddable":true,"href":"https:\/\/shopatoa.com\/ro\/wp-json\/wp\/v2\/product_cat?post=496943"},{"taxonomy":"product_tag","embeddable":true,"href":"https:\/\/shopatoa.com\/ro\/wp-json\/wp\/v2\/product_tag?post=496943"}],"curies":[{"name":"wp","href":"https:\/\/api.w.org\/{rel}","templated":true}]}}