{"id":496991,"date":"2025-12-04T12:09:11","date_gmt":"2025-12-04T11:09:11","guid":{"rendered":"https:\/\/shopatoa.com\/ro\/truelife-belle-skin-brush-b3-perie-pentru-curatarea-profunda-a-tenului-1-buc\/"},"modified":"2026-01-31T00:32:03","modified_gmt":"2026-01-30T23:32:03","slug":"truelife-belle-skin-brush-b3-perie-pentru-curatarea-profunda-a-tenului-1-buc","status":"publish","type":"product","link":"https:\/\/shopatoa.com\/ro\/truelife-belle-skin-brush-b3-perie-pentru-curatarea-profunda-a-tenului-1-buc\/","title":{"rendered":"TrueLife Belle Skin Brush B3 perie pentru cur\u0103\u021barea profund\u0103 a tenului 1 buc"},"content":{"rendered":"<p>TrueLife Belle Skin Brush B3, 1 buc, Perie pentru curatarea tenului  pentru femei, Ten curat \u00een 90 de secunde datorit\u0103 puterii vibra iilor sonice  Peria de cur\u0103 are pentru fa \u0103 TrueLife Belle Skin Brush B3 v\u0103 ajut\u0103 s\u0103 ob ine i un ten perfect curat, frumos i proasp\u0103t. Combin\u0103 vibra ii sonice eficiente, diferite tipuri de peri din silicon i bile magnetice rotative. Acestea asigur\u0103 efectul de masaj i activeaz\u0103 enzimele care favorizeaz\u0103 regenerarea natural\u0103 a tenului. Datorit\u0103 celor 4 moduri, pute i alege cu u urin \u0103 intensitatea care vi se potrive te, iar peria va memora set\u0103rile dvs. Utilizarea acestuia v\u0103 va lua doar 90 de secunde pe zi, iar rezultatul va fi un ten radiant, ca ren\u0103scut.  Caracteristici:  \u00eendep\u0103rteaz\u0103 de pe fa \u0103 machiajul, impurit\u0103 ile, celulele cutanate moarte i excesul de sebum favorizeaz\u0103 circula ia sanguin\u0103 a tenului, \u00eei \u00eembun\u0103t\u0103 e te textura contribuie la absorb ia produselor de \u00eengrijire designul ergonomic faciliteaz\u0103 manevrarea se poate folosi la du   Specifica ii tehnice:  vibra ii sonice \u2013 asigur\u0103 cur\u0103 area perfect\u0103 a tenului, favorizeaz\u0103 circula ia sanguin\u0103 la nivelul tenului bile rotative de masaj \u2013 \u00eentre ele se formeaz\u0103 micro-c\u00e2mpuri magnetice, care activeaz\u0103 enzimele responsabile de revitalizarea tenului 4 moduri \u2013 doar impulsuri sonice, doar bile rotative, impulsuri sonice + bile rotative, impulsuri sonice mai puternice + bile rotative 24 tipuri de peri \u2013 se adapteaz\u0103 tuturor contururilor fe ei memorie inteligent\u0103 \u2013 memoreaz\u0103 ultimul mod utilizat temporizator automat \u2013 este setat pe 90 de secunde, dup\u0103 tratament periu a se opre te singur\u0103 rezistent\u0103 la ap\u0103 (IPX7), fabricat\u0103 din silicon medical o \u00eenc\u0103rcare asigur\u0103 60 de minute de func ionare (p\u00e2n\u0103 la 80 de cicluri de cur\u0103 are)  Con inutul pachetului:  perie de cur\u0103 are TrueLife Belle Skin Brush B3 suport de \u00eenc\u0103rcare magnetic cablu USB-C instruc iuni de utilizare<\/p>\n","protected":false},"excerpt":{"rendered":"<p>TrueLife Belle Skin Brush B3, 1 buc, Perie pentru curatarea tenului pentru femei, Ten curat \u00een 90 de secunde datorit\u0103 puterii vibra iilor sonice Peria de cur\u0103 are pentru fa \u0103 TrueLife Belle Skin Brush B3 v\u0103 ajut\u0103 s\u0103 ob ine i un ten perfect curat, frumos i proasp\u0103t. Combin\u0103 vibra ii sonice eficiente, diferite&#8230;<\/p>\n","protected":false},"featured_media":496992,"comment_status":"closed","ping_status":"open","template":"","meta":{"_acf_changed":false,"_kadence_starter_templates_imported_post":false,"_kad_post_transparent":"","_kad_post_title":"","_kad_post_layout":"","_kad_post_sidebar_id":"","_kad_post_content_style":"","_kad_post_vertical_padding":"","_kad_post_feature":"","_kad_post_feature_position":"","_kad_post_header":false,"_kad_post_footer":false,"_kad_post_classname":""},"product_brand":[2086],"product_cat":[1564,3942,1563,1565,4014,1562],"product_tag":[],"class_list":{"0":"post-496991","1":"product","2":"type-product","3":"status-publish","4":"has-post-thumbnail","6":"product_brand-truelife","7":"product_cat-cosmetice-ingrijire-personala","8":"product_cat-electronice-ingrijirea-pielii","9":"product_cat-ingrijire-personala","10":"product_cat-ingrijirea-pielii","11":"product_cat-perii-electrice-de-curatare","12":"product_cat-sanatate-si-frumusete","13":"pa_gen-female","14":"pa_marime-1-buc","16":"first","17":"instock","18":"product-type-external","19":"entry","20":"content-bg","21":"loop-entry"},"acf":[],"yoast_head":"<!-- This site is optimized with the Yoast SEO plugin v27.4 - https:\/\/yoast.com\/product\/yoast-seo-wordpress\/ -->\n<title>TrueLife Belle Skin Brush B3 perie pentru cur\u0103\u021barea profund\u0103 a tenului 1 buc - SHOPATOA.COM<\/title>\n<meta name=\"robots\" content=\"index, follow, max-snippet:-1, max-image-preview:large, max-video-preview:-1\" \/>\n<link rel=\"canonical\" href=\"https:\/\/shopatoa.com\/ro\/truelife-belle-skin-brush-b3-perie-pentru-curatarea-profunda-a-tenului-1-buc\/\" \/>\n<meta property=\"og:locale\" content=\"ro_RO\" \/>\n<meta property=\"og:type\" content=\"article\" \/>\n<meta property=\"og:title\" content=\"TrueLife Belle Skin Brush B3 perie pentru cur\u0103\u021barea profund\u0103 a tenului 1 buc - SHOPATOA.COM\" \/>\n<meta property=\"og:description\" content=\"TrueLife Belle Skin Brush B3, 1 buc, Perie pentru curatarea tenului pentru femei, Ten curat \u00een 90 de secunde datorit\u0103 puterii vibra iilor sonice Peria de cur\u0103 are pentru fa \u0103 TrueLife Belle Skin Brush B3 v\u0103 ajut\u0103 s\u0103 ob ine i un ten perfect curat, frumos i proasp\u0103t. Combin\u0103 vibra ii sonice eficiente, diferite...\" \/>\n<meta property=\"og:url\" content=\"https:\/\/shopatoa.com\/ro\/truelife-belle-skin-brush-b3-perie-pentru-curatarea-profunda-a-tenului-1-buc\/\" \/>\n<meta property=\"og:site_name\" content=\"SHOPATOA\" \/>\n<meta property=\"article:modified_time\" content=\"2026-01-30T23:32:03+00:00\" \/>\n<meta property=\"og:image\" content=\"https:\/\/storage.googleapis.com\/cz-shopatoa-img\/ro\/afec3feb-8595724901556_01.jpg\" \/>\n\t<meta property=\"og:image:width\" content=\"800\" \/>\n\t<meta property=\"og:image:height\" content=\"800\" \/>\n\t<meta property=\"og:image:type\" content=\"image\/jpeg\" \/>\n<meta name=\"twitter:card\" content=\"summary_large_image\" \/>\n<meta name=\"twitter:label1\" content=\"Timp estimat pentru citire\" \/>\n\t<meta name=\"twitter:data1\" content=\"1 minut\" \/>\n<script type=\"application\/ld+json\" class=\"yoast-schema-graph\">{\"@context\":\"https:\\\/\\\/schema.org\",\"@graph\":[{\"@type\":\"WebPage\",\"@id\":\"https:\\\/\\\/shopatoa.com\\\/ro\\\/truelife-belle-skin-brush-b3-perie-pentru-curatarea-profunda-a-tenului-1-buc\\\/\",\"url\":\"https:\\\/\\\/shopatoa.com\\\/ro\\\/truelife-belle-skin-brush-b3-perie-pentru-curatarea-profunda-a-tenului-1-buc\\\/\",\"name\":\"TrueLife Belle Skin Brush B3 perie pentru cur\u0103\u021barea profund\u0103 a tenului 1 buc - SHOPATOA.COM\",\"isPartOf\":{\"@id\":\"https:\\\/\\\/shopatoa.com\\\/ro\\\/#website\"},\"primaryImageOfPage\":{\"@id\":\"https:\\\/\\\/shopatoa.com\\\/ro\\\/truelife-belle-skin-brush-b3-perie-pentru-curatarea-profunda-a-tenului-1-buc\\\/#primaryimage\"},\"image\":{\"@id\":\"https:\\\/\\\/shopatoa.com\\\/ro\\\/truelife-belle-skin-brush-b3-perie-pentru-curatarea-profunda-a-tenului-1-buc\\\/#primaryimage\"},\"thumbnailUrl\":\"https:\\\/\\\/storage.googleapis.com\\\/cz-shopatoa-img\\\/ro\\\/afec3feb-8595724901556_01.jpg\",\"datePublished\":\"2025-12-04T11:09:11+00:00\",\"dateModified\":\"2026-01-30T23:32:03+00:00\",\"breadcrumb\":{\"@id\":\"https:\\\/\\\/shopatoa.com\\\/ro\\\/truelife-belle-skin-brush-b3-perie-pentru-curatarea-profunda-a-tenului-1-buc\\\/#breadcrumb\"},\"inLanguage\":\"ro-RO\",\"potentialAction\":[{\"@type\":\"ReadAction\",\"target\":[\"https:\\\/\\\/shopatoa.com\\\/ro\\\/truelife-belle-skin-brush-b3-perie-pentru-curatarea-profunda-a-tenului-1-buc\\\/\"]}]},{\"@type\":\"ImageObject\",\"inLanguage\":\"ro-RO\",\"@id\":\"https:\\\/\\\/shopatoa.com\\\/ro\\\/truelife-belle-skin-brush-b3-perie-pentru-curatarea-profunda-a-tenului-1-buc\\\/#primaryimage\",\"url\":\"https:\\\/\\\/storage.googleapis.com\\\/cz-shopatoa-img\\\/ro\\\/afec3feb-8595724901556_01.jpg\",\"contentUrl\":\"https:\\\/\\\/storage.googleapis.com\\\/cz-shopatoa-img\\\/ro\\\/afec3feb-8595724901556_01.jpg\",\"width\":800,\"height\":800},{\"@type\":\"BreadcrumbList\",\"@id\":\"https:\\\/\\\/shopatoa.com\\\/ro\\\/truelife-belle-skin-brush-b3-perie-pentru-curatarea-profunda-a-tenului-1-buc\\\/#breadcrumb\",\"itemListElement\":[{\"@type\":\"ListItem\",\"position\":1,\"name\":\"Dom\u016f\",\"item\":\"https:\\\/\\\/shopatoa.com\\\/ro\\\/\"},{\"@type\":\"ListItem\",\"position\":2,\"name\":\"Shop\",\"item\":\"https:\\\/\\\/shopatoa.com\\\/ro\\\/shop\\\/\"},{\"@type\":\"ListItem\",\"position\":3,\"name\":\"S\u0103n\u0103tate \u0219i frumuse\u021be\",\"item\":\"https:\\\/\\\/shopatoa.com\\\/ro\\\/sanatate-si-frumusete\\\/\"},{\"@type\":\"ListItem\",\"position\":4,\"name\":\"\u00cengrijire personal\u0103\",\"item\":\"https:\\\/\\\/shopatoa.com\\\/ro\\\/ingrijire-personala\\\/\"},{\"@type\":\"ListItem\",\"position\":5,\"name\":\"Cosmetice\",\"item\":\"https:\\\/\\\/shopatoa.com\\\/ro\\\/cosmetice-ingrijire-personala\\\/\"},{\"@type\":\"ListItem\",\"position\":6,\"name\":\"\u00cengrijirea pielii\",\"item\":\"https:\\\/\\\/shopatoa.com\\\/ro\\\/ingrijirea-pielii\\\/\"},{\"@type\":\"ListItem\",\"position\":7,\"name\":\"Electronice\",\"item\":\"https:\\\/\\\/shopatoa.com\\\/ro\\\/electronice-ingrijirea-pielii\\\/\"},{\"@type\":\"ListItem\",\"position\":8,\"name\":\"Perii electrice de cur\u0103\u021bare\",\"item\":\"https:\\\/\\\/shopatoa.com\\\/ro\\\/perii-electrice-de-curatare\\\/\"},{\"@type\":\"ListItem\",\"position\":9,\"name\":\"TrueLife Belle Skin Brush B3 perie pentru cur\u0103\u021barea profund\u0103 a tenului 1 buc\"}]},{\"@type\":\"WebSite\",\"@id\":\"https:\\\/\\\/shopatoa.com\\\/ro\\\/#website\",\"url\":\"https:\\\/\\\/shopatoa.com\\\/ro\\\/\",\"name\":\"SHOPATOA\",\"description\":\"\",\"publisher\":{\"@id\":\"https:\\\/\\\/shopatoa.com\\\/ro\\\/#organization\"},\"potentialAction\":[{\"@type\":\"SearchAction\",\"target\":{\"@type\":\"EntryPoint\",\"urlTemplate\":\"https:\\\/\\\/shopatoa.com\\\/ro\\\/?s={search_term_string}\"},\"query-input\":{\"@type\":\"PropertyValueSpecification\",\"valueRequired\":true,\"valueName\":\"search_term_string\"}}],\"inLanguage\":\"ro-RO\"},{\"@type\":\"Organization\",\"@id\":\"https:\\\/\\\/shopatoa.com\\\/ro\\\/#organization\",\"name\":\"SHOPATOA\",\"url\":\"https:\\\/\\\/shopatoa.com\\\/ro\\\/\",\"logo\":{\"@type\":\"ImageObject\",\"inLanguage\":\"ro-RO\",\"@id\":\"https:\\\/\\\/shopatoa.com\\\/ro\\\/#\\\/schema\\\/logo\\\/image\\\/\",\"url\":\"https:\\\/\\\/storage.googleapis.com\\\/cz-shopatoa-img\\\/ro\\\/b4dac915-shopatoa_logo.png\",\"contentUrl\":\"https:\\\/\\\/storage.googleapis.com\\\/cz-shopatoa-img\\\/ro\\\/b4dac915-shopatoa_logo.png\",\"width\":416,\"height\":63,\"caption\":\"SHOPATOA\"},\"image\":{\"@id\":\"https:\\\/\\\/shopatoa.com\\\/ro\\\/#\\\/schema\\\/logo\\\/image\\\/\"}}]}<\/script>\n<!-- \/ Yoast SEO plugin. -->","yoast_head_json":{"title":"TrueLife Belle Skin Brush B3 perie pentru cur\u0103\u021barea profund\u0103 a tenului 1 buc - SHOPATOA.COM","robots":{"index":"index","follow":"follow","max-snippet":"max-snippet:-1","max-image-preview":"max-image-preview:large","max-video-preview":"max-video-preview:-1"},"canonical":"https:\/\/shopatoa.com\/ro\/truelife-belle-skin-brush-b3-perie-pentru-curatarea-profunda-a-tenului-1-buc\/","og_locale":"ro_RO","og_type":"article","og_title":"TrueLife Belle Skin Brush B3 perie pentru cur\u0103\u021barea profund\u0103 a tenului 1 buc - SHOPATOA.COM","og_description":"TrueLife Belle Skin Brush B3, 1 buc, Perie pentru curatarea tenului pentru femei, Ten curat \u00een 90 de secunde datorit\u0103 puterii vibra iilor sonice Peria de cur\u0103 are pentru fa \u0103 TrueLife Belle Skin Brush B3 v\u0103 ajut\u0103 s\u0103 ob ine i un ten perfect curat, frumos i proasp\u0103t. Combin\u0103 vibra ii sonice eficiente, diferite...","og_url":"https:\/\/shopatoa.com\/ro\/truelife-belle-skin-brush-b3-perie-pentru-curatarea-profunda-a-tenului-1-buc\/","og_site_name":"SHOPATOA","article_modified_time":"2026-01-30T23:32:03+00:00","og_image":[{"width":800,"height":800,"url":"https:\/\/storage.googleapis.com\/cz-shopatoa-img\/ro\/afec3feb-8595724901556_01.jpg","type":"image\/jpeg"}],"twitter_card":"summary_large_image","twitter_misc":{"Timp estimat pentru citire":"1 minut"},"schema":{"@context":"https:\/\/schema.org","@graph":[{"@type":"WebPage","@id":"https:\/\/shopatoa.com\/ro\/truelife-belle-skin-brush-b3-perie-pentru-curatarea-profunda-a-tenului-1-buc\/","url":"https:\/\/shopatoa.com\/ro\/truelife-belle-skin-brush-b3-perie-pentru-curatarea-profunda-a-tenului-1-buc\/","name":"TrueLife Belle Skin Brush B3 perie pentru cur\u0103\u021barea profund\u0103 a tenului 1 buc - SHOPATOA.COM","isPartOf":{"@id":"https:\/\/shopatoa.com\/ro\/#website"},"primaryImageOfPage":{"@id":"https:\/\/shopatoa.com\/ro\/truelife-belle-skin-brush-b3-perie-pentru-curatarea-profunda-a-tenului-1-buc\/#primaryimage"},"image":{"@id":"https:\/\/shopatoa.com\/ro\/truelife-belle-skin-brush-b3-perie-pentru-curatarea-profunda-a-tenului-1-buc\/#primaryimage"},"thumbnailUrl":"https:\/\/storage.googleapis.com\/cz-shopatoa-img\/ro\/afec3feb-8595724901556_01.jpg","datePublished":"2025-12-04T11:09:11+00:00","dateModified":"2026-01-30T23:32:03+00:00","breadcrumb":{"@id":"https:\/\/shopatoa.com\/ro\/truelife-belle-skin-brush-b3-perie-pentru-curatarea-profunda-a-tenului-1-buc\/#breadcrumb"},"inLanguage":"ro-RO","potentialAction":[{"@type":"ReadAction","target":["https:\/\/shopatoa.com\/ro\/truelife-belle-skin-brush-b3-perie-pentru-curatarea-profunda-a-tenului-1-buc\/"]}]},{"@type":"ImageObject","inLanguage":"ro-RO","@id":"https:\/\/shopatoa.com\/ro\/truelife-belle-skin-brush-b3-perie-pentru-curatarea-profunda-a-tenului-1-buc\/#primaryimage","url":"https:\/\/storage.googleapis.com\/cz-shopatoa-img\/ro\/afec3feb-8595724901556_01.jpg","contentUrl":"https:\/\/storage.googleapis.com\/cz-shopatoa-img\/ro\/afec3feb-8595724901556_01.jpg","width":800,"height":800},{"@type":"BreadcrumbList","@id":"https:\/\/shopatoa.com\/ro\/truelife-belle-skin-brush-b3-perie-pentru-curatarea-profunda-a-tenului-1-buc\/#breadcrumb","itemListElement":[{"@type":"ListItem","position":1,"name":"Dom\u016f","item":"https:\/\/shopatoa.com\/ro\/"},{"@type":"ListItem","position":2,"name":"Shop","item":"https:\/\/shopatoa.com\/ro\/shop\/"},{"@type":"ListItem","position":3,"name":"S\u0103n\u0103tate \u0219i frumuse\u021be","item":"https:\/\/shopatoa.com\/ro\/sanatate-si-frumusete\/"},{"@type":"ListItem","position":4,"name":"\u00cengrijire personal\u0103","item":"https:\/\/shopatoa.com\/ro\/ingrijire-personala\/"},{"@type":"ListItem","position":5,"name":"Cosmetice","item":"https:\/\/shopatoa.com\/ro\/cosmetice-ingrijire-personala\/"},{"@type":"ListItem","position":6,"name":"\u00cengrijirea pielii","item":"https:\/\/shopatoa.com\/ro\/ingrijirea-pielii\/"},{"@type":"ListItem","position":7,"name":"Electronice","item":"https:\/\/shopatoa.com\/ro\/electronice-ingrijirea-pielii\/"},{"@type":"ListItem","position":8,"name":"Perii electrice de cur\u0103\u021bare","item":"https:\/\/shopatoa.com\/ro\/perii-electrice-de-curatare\/"},{"@type":"ListItem","position":9,"name":"TrueLife Belle Skin Brush B3 perie pentru cur\u0103\u021barea profund\u0103 a tenului 1 buc"}]},{"@type":"WebSite","@id":"https:\/\/shopatoa.com\/ro\/#website","url":"https:\/\/shopatoa.com\/ro\/","name":"SHOPATOA","description":"","publisher":{"@id":"https:\/\/shopatoa.com\/ro\/#organization"},"potentialAction":[{"@type":"SearchAction","target":{"@type":"EntryPoint","urlTemplate":"https:\/\/shopatoa.com\/ro\/?s={search_term_string}"},"query-input":{"@type":"PropertyValueSpecification","valueRequired":true,"valueName":"search_term_string"}}],"inLanguage":"ro-RO"},{"@type":"Organization","@id":"https:\/\/shopatoa.com\/ro\/#organization","name":"SHOPATOA","url":"https:\/\/shopatoa.com\/ro\/","logo":{"@type":"ImageObject","inLanguage":"ro-RO","@id":"https:\/\/shopatoa.com\/ro\/#\/schema\/logo\/image\/","url":"https:\/\/storage.googleapis.com\/cz-shopatoa-img\/ro\/b4dac915-shopatoa_logo.png","contentUrl":"https:\/\/storage.googleapis.com\/cz-shopatoa-img\/ro\/b4dac915-shopatoa_logo.png","width":416,"height":63,"caption":"SHOPATOA"},"image":{"@id":"https:\/\/shopatoa.com\/ro\/#\/schema\/logo\/image\/"}}]}},"_links":{"self":[{"href":"https:\/\/shopatoa.com\/ro\/wp-json\/wp\/v2\/product\/496991","targetHints":{"allow":["GET"]}}],"collection":[{"href":"https:\/\/shopatoa.com\/ro\/wp-json\/wp\/v2\/product"}],"about":[{"href":"https:\/\/shopatoa.com\/ro\/wp-json\/wp\/v2\/types\/product"}],"replies":[{"embeddable":true,"href":"https:\/\/shopatoa.com\/ro\/wp-json\/wp\/v2\/comments?post=496991"}],"wp:featuredmedia":[{"embeddable":true,"href":"https:\/\/shopatoa.com\/ro\/wp-json\/wp\/v2\/media\/496992"}],"wp:attachment":[{"href":"https:\/\/shopatoa.com\/ro\/wp-json\/wp\/v2\/media?parent=496991"}],"wp:term":[{"taxonomy":"product_brand","embeddable":true,"href":"https:\/\/shopatoa.com\/ro\/wp-json\/wp\/v2\/product_brand?post=496991"},{"taxonomy":"product_cat","embeddable":true,"href":"https:\/\/shopatoa.com\/ro\/wp-json\/wp\/v2\/product_cat?post=496991"},{"taxonomy":"product_tag","embeddable":true,"href":"https:\/\/shopatoa.com\/ro\/wp-json\/wp\/v2\/product_tag?post=496991"}],"curies":[{"name":"wp","href":"https:\/\/api.w.org\/{rel}","templated":true}]}}