{"id":497015,"date":"2025-12-04T12:10:45","date_gmt":"2025-12-04T11:10:45","guid":{"rendered":"https:\/\/shopatoa.com\/ro\/d-r-harris-cologne-albany-eau-de-cologne-pentru-barbati-100-ml\/"},"modified":"2026-01-31T00:28:03","modified_gmt":"2026-01-30T23:28:03","slug":"d-r-harris-cologne-albany-eau-de-cologne-pentru-barbati-100-ml","status":"publish","type":"product","link":"https:\/\/shopatoa.com\/ro\/d-r-harris-cologne-albany-eau-de-cologne-pentru-barbati-100-ml\/","title":{"rendered":"D.R. Harris Cologne Albany eau de cologne pentru b\u0103rba\u021bi 100 ml"},"content":{"rendered":"<p>D.R. Harris Cologne Albany, 100 ml, Ap\u0103 de colonie pentru b\u0103rba\u021bi, \u00cenv\u0103lui\u021bi-v\u0103 \u00een aceast\u0103 arom\u0103 \u0219i ve\u021bi radia bun\u0103 dispozi\u021bie \u00eentreaga zi! Apa de colonie pentru b\u0103rba\u021bi D.R. Harris Cologne Albany este expresia optimismului \u0219i a sentimentului de total\u0103 fericire.  parfum floral parfum de fructe apreciat de orice gentleman modern pentru b\u0103rbatul activ \u0219i plin de energie iese \u00een eviden\u021b\u0103 la b\u0103rba\u021bii care nu se tem s\u0103 fie ei \u00een\u0219i\u0219i un parfum juc\u0103u\u0219, de care nu v\u0103 plictisi\u021bi niciodat\u0103 parfum proasp\u0103t, ideal pentru vreme cald\u0103<\/p>\n","protected":false},"excerpt":{"rendered":"<p>D.R. Harris Cologne Albany, 100 ml, Ap\u0103 de colonie pentru b\u0103rba\u021bi, \u00cenv\u0103lui\u021bi-v\u0103 \u00een aceast\u0103 arom\u0103 \u0219i ve\u021bi radia bun\u0103 dispozi\u021bie \u00eentreaga zi! Apa de colonie pentru b\u0103rba\u021bi D.R. Harris Cologne Albany este expresia optimismului \u0219i a sentimentului de total\u0103 fericire. parfum floral parfum de fructe apreciat de orice gentleman modern pentru b\u0103rbatul activ \u0219i plin&#8230;<\/p>\n","protected":false},"featured_media":497016,"comment_status":"closed","ping_status":"open","template":"","meta":{"_acf_changed":false,"_kadence_starter_templates_imported_post":false,"_kad_post_transparent":"","_kad_post_title":"","_kad_post_layout":"","_kad_post_sidebar_id":"","_kad_post_content_style":"","_kad_post_vertical_padding":"","_kad_post_feature":"","_kad_post_feature_position":"","_kad_post_header":false,"_kad_post_footer":false,"_kad_post_classname":""},"product_brand":[4277],"product_cat":[3201,1564,1563,3200,1562],"product_tag":[],"class_list":{"0":"post-497015","1":"product","2":"type-product","3":"status-publish","4":"has-post-thumbnail","6":"product_brand-d-r-harris","7":"product_cat-apele-de-colonie","8":"product_cat-cosmetice-ingrijire-personala","9":"product_cat-ingrijire-personala","10":"product_cat-parfumuri-si-colonii","11":"product_cat-sanatate-si-frumusete","12":"pa_gen-male","13":"pa_marime-100-ml","15":"first","16":"instock","17":"sale","18":"product-type-external","19":"entry","20":"content-bg","21":"loop-entry"},"acf":[],"yoast_head":"<!-- This site is optimized with the Yoast SEO plugin v27.3 - https:\/\/yoast.com\/product\/yoast-seo-wordpress\/ -->\n<title>D.R. Harris Cologne Albany eau de cologne pentru b\u0103rba\u021bi 100 ml - SHOPATOA.COM<\/title>\n<meta name=\"robots\" content=\"index, follow, max-snippet:-1, max-image-preview:large, max-video-preview:-1\" \/>\n<link rel=\"canonical\" href=\"https:\/\/shopatoa.com\/ro\/d-r-harris-cologne-albany-eau-de-cologne-pentru-barbati-100-ml\/\" \/>\n<meta property=\"og:locale\" content=\"ro_RO\" \/>\n<meta property=\"og:type\" content=\"article\" \/>\n<meta property=\"og:title\" content=\"D.R. Harris Cologne Albany eau de cologne pentru b\u0103rba\u021bi 100 ml - SHOPATOA.COM\" \/>\n<meta property=\"og:description\" content=\"D.R. Harris Cologne Albany, 100 ml, Ap\u0103 de colonie pentru b\u0103rba\u021bi, \u00cenv\u0103lui\u021bi-v\u0103 \u00een aceast\u0103 arom\u0103 \u0219i ve\u021bi radia bun\u0103 dispozi\u021bie \u00eentreaga zi! Apa de colonie pentru b\u0103rba\u021bi D.R. Harris Cologne Albany este expresia optimismului \u0219i a sentimentului de total\u0103 fericire. parfum floral parfum de fructe apreciat de orice gentleman modern pentru b\u0103rbatul activ \u0219i plin...\" \/>\n<meta property=\"og:url\" content=\"https:\/\/shopatoa.com\/ro\/d-r-harris-cologne-albany-eau-de-cologne-pentru-barbati-100-ml\/\" \/>\n<meta property=\"og:site_name\" content=\"SHOPATOA\" \/>\n<meta property=\"article:modified_time\" content=\"2026-01-30T23:28:03+00:00\" \/>\n<meta property=\"og:image\" content=\"https:\/\/storage.googleapis.com\/cz-shopatoa-img\/ro\/c63689a1-5060242621574_01-o.jpg\" \/>\n\t<meta property=\"og:image:width\" content=\"800\" \/>\n\t<meta property=\"og:image:height\" content=\"800\" \/>\n\t<meta property=\"og:image:type\" content=\"image\/jpeg\" \/>\n<meta name=\"twitter:card\" content=\"summary_large_image\" \/>\n<meta name=\"twitter:label1\" content=\"Timp estimat pentru citire\" \/>\n\t<meta name=\"twitter:data1\" content=\"1 minut\" \/>\n<script type=\"application\/ld+json\" class=\"yoast-schema-graph\">{\"@context\":\"https:\\\/\\\/schema.org\",\"@graph\":[{\"@type\":\"WebPage\",\"@id\":\"https:\\\/\\\/shopatoa.com\\\/ro\\\/d-r-harris-cologne-albany-eau-de-cologne-pentru-barbati-100-ml\\\/\",\"url\":\"https:\\\/\\\/shopatoa.com\\\/ro\\\/d-r-harris-cologne-albany-eau-de-cologne-pentru-barbati-100-ml\\\/\",\"name\":\"D.R. Harris Cologne Albany eau de cologne pentru b\u0103rba\u021bi 100 ml - SHOPATOA.COM\",\"isPartOf\":{\"@id\":\"https:\\\/\\\/shopatoa.com\\\/ro\\\/#website\"},\"primaryImageOfPage\":{\"@id\":\"https:\\\/\\\/shopatoa.com\\\/ro\\\/d-r-harris-cologne-albany-eau-de-cologne-pentru-barbati-100-ml\\\/#primaryimage\"},\"image\":{\"@id\":\"https:\\\/\\\/shopatoa.com\\\/ro\\\/d-r-harris-cologne-albany-eau-de-cologne-pentru-barbati-100-ml\\\/#primaryimage\"},\"thumbnailUrl\":\"https:\\\/\\\/storage.googleapis.com\\\/cz-shopatoa-img\\\/ro\\\/c63689a1-5060242621574_01-o.jpg\",\"datePublished\":\"2025-12-04T11:10:45+00:00\",\"dateModified\":\"2026-01-30T23:28:03+00:00\",\"breadcrumb\":{\"@id\":\"https:\\\/\\\/shopatoa.com\\\/ro\\\/d-r-harris-cologne-albany-eau-de-cologne-pentru-barbati-100-ml\\\/#breadcrumb\"},\"inLanguage\":\"ro-RO\",\"potentialAction\":[{\"@type\":\"ReadAction\",\"target\":[\"https:\\\/\\\/shopatoa.com\\\/ro\\\/d-r-harris-cologne-albany-eau-de-cologne-pentru-barbati-100-ml\\\/\"]}]},{\"@type\":\"ImageObject\",\"inLanguage\":\"ro-RO\",\"@id\":\"https:\\\/\\\/shopatoa.com\\\/ro\\\/d-r-harris-cologne-albany-eau-de-cologne-pentru-barbati-100-ml\\\/#primaryimage\",\"url\":\"https:\\\/\\\/storage.googleapis.com\\\/cz-shopatoa-img\\\/ro\\\/c63689a1-5060242621574_01-o.jpg\",\"contentUrl\":\"https:\\\/\\\/storage.googleapis.com\\\/cz-shopatoa-img\\\/ro\\\/c63689a1-5060242621574_01-o.jpg\",\"width\":800,\"height\":800},{\"@type\":\"BreadcrumbList\",\"@id\":\"https:\\\/\\\/shopatoa.com\\\/ro\\\/d-r-harris-cologne-albany-eau-de-cologne-pentru-barbati-100-ml\\\/#breadcrumb\",\"itemListElement\":[{\"@type\":\"ListItem\",\"position\":1,\"name\":\"Dom\u016f\",\"item\":\"https:\\\/\\\/shopatoa.com\\\/ro\\\/\"},{\"@type\":\"ListItem\",\"position\":2,\"name\":\"Shop\",\"item\":\"https:\\\/\\\/shopatoa.com\\\/ro\\\/shop\\\/\"},{\"@type\":\"ListItem\",\"position\":3,\"name\":\"S\u0103n\u0103tate \u0219i frumuse\u021be\",\"item\":\"https:\\\/\\\/shopatoa.com\\\/ro\\\/sanatate-si-frumusete\\\/\"},{\"@type\":\"ListItem\",\"position\":4,\"name\":\"\u00cengrijire personal\u0103\",\"item\":\"https:\\\/\\\/shopatoa.com\\\/ro\\\/ingrijire-personala\\\/\"},{\"@type\":\"ListItem\",\"position\":5,\"name\":\"Cosmetice\",\"item\":\"https:\\\/\\\/shopatoa.com\\\/ro\\\/cosmetice-ingrijire-personala\\\/\"},{\"@type\":\"ListItem\",\"position\":6,\"name\":\"Parfumuri \u0219i colonii\",\"item\":\"https:\\\/\\\/shopatoa.com\\\/ro\\\/parfumuri-si-colonii\\\/\"},{\"@type\":\"ListItem\",\"position\":7,\"name\":\"Apele de colonie\",\"item\":\"https:\\\/\\\/shopatoa.com\\\/ro\\\/apele-de-colonie\\\/\"},{\"@type\":\"ListItem\",\"position\":8,\"name\":\"D.R. Harris Cologne Albany eau de cologne pentru b\u0103rba\u021bi 100 ml\"}]},{\"@type\":\"WebSite\",\"@id\":\"https:\\\/\\\/shopatoa.com\\\/ro\\\/#website\",\"url\":\"https:\\\/\\\/shopatoa.com\\\/ro\\\/\",\"name\":\"SHOPATOA\",\"description\":\"\",\"publisher\":{\"@id\":\"https:\\\/\\\/shopatoa.com\\\/ro\\\/#organization\"},\"potentialAction\":[{\"@type\":\"SearchAction\",\"target\":{\"@type\":\"EntryPoint\",\"urlTemplate\":\"https:\\\/\\\/shopatoa.com\\\/ro\\\/?s={search_term_string}\"},\"query-input\":{\"@type\":\"PropertyValueSpecification\",\"valueRequired\":true,\"valueName\":\"search_term_string\"}}],\"inLanguage\":\"ro-RO\"},{\"@type\":\"Organization\",\"@id\":\"https:\\\/\\\/shopatoa.com\\\/ro\\\/#organization\",\"name\":\"SHOPATOA\",\"url\":\"https:\\\/\\\/shopatoa.com\\\/ro\\\/\",\"logo\":{\"@type\":\"ImageObject\",\"inLanguage\":\"ro-RO\",\"@id\":\"https:\\\/\\\/shopatoa.com\\\/ro\\\/#\\\/schema\\\/logo\\\/image\\\/\",\"url\":\"https:\\\/\\\/storage.googleapis.com\\\/cz-shopatoa-img\\\/ro\\\/b4dac915-shopatoa_logo.png\",\"contentUrl\":\"https:\\\/\\\/storage.googleapis.com\\\/cz-shopatoa-img\\\/ro\\\/b4dac915-shopatoa_logo.png\",\"width\":416,\"height\":63,\"caption\":\"SHOPATOA\"},\"image\":{\"@id\":\"https:\\\/\\\/shopatoa.com\\\/ro\\\/#\\\/schema\\\/logo\\\/image\\\/\"}}]}<\/script>\n<!-- \/ Yoast SEO plugin. -->","yoast_head_json":{"title":"D.R. Harris Cologne Albany eau de cologne pentru b\u0103rba\u021bi 100 ml - SHOPATOA.COM","robots":{"index":"index","follow":"follow","max-snippet":"max-snippet:-1","max-image-preview":"max-image-preview:large","max-video-preview":"max-video-preview:-1"},"canonical":"https:\/\/shopatoa.com\/ro\/d-r-harris-cologne-albany-eau-de-cologne-pentru-barbati-100-ml\/","og_locale":"ro_RO","og_type":"article","og_title":"D.R. Harris Cologne Albany eau de cologne pentru b\u0103rba\u021bi 100 ml - SHOPATOA.COM","og_description":"D.R. Harris Cologne Albany, 100 ml, Ap\u0103 de colonie pentru b\u0103rba\u021bi, \u00cenv\u0103lui\u021bi-v\u0103 \u00een aceast\u0103 arom\u0103 \u0219i ve\u021bi radia bun\u0103 dispozi\u021bie \u00eentreaga zi! Apa de colonie pentru b\u0103rba\u021bi D.R. Harris Cologne Albany este expresia optimismului \u0219i a sentimentului de total\u0103 fericire. parfum floral parfum de fructe apreciat de orice gentleman modern pentru b\u0103rbatul activ \u0219i plin...","og_url":"https:\/\/shopatoa.com\/ro\/d-r-harris-cologne-albany-eau-de-cologne-pentru-barbati-100-ml\/","og_site_name":"SHOPATOA","article_modified_time":"2026-01-30T23:28:03+00:00","og_image":[{"width":800,"height":800,"url":"https:\/\/storage.googleapis.com\/cz-shopatoa-img\/ro\/c63689a1-5060242621574_01-o.jpg","type":"image\/jpeg"}],"twitter_card":"summary_large_image","twitter_misc":{"Timp estimat pentru citire":"1 minut"},"schema":{"@context":"https:\/\/schema.org","@graph":[{"@type":"WebPage","@id":"https:\/\/shopatoa.com\/ro\/d-r-harris-cologne-albany-eau-de-cologne-pentru-barbati-100-ml\/","url":"https:\/\/shopatoa.com\/ro\/d-r-harris-cologne-albany-eau-de-cologne-pentru-barbati-100-ml\/","name":"D.R. Harris Cologne Albany eau de cologne pentru b\u0103rba\u021bi 100 ml - SHOPATOA.COM","isPartOf":{"@id":"https:\/\/shopatoa.com\/ro\/#website"},"primaryImageOfPage":{"@id":"https:\/\/shopatoa.com\/ro\/d-r-harris-cologne-albany-eau-de-cologne-pentru-barbati-100-ml\/#primaryimage"},"image":{"@id":"https:\/\/shopatoa.com\/ro\/d-r-harris-cologne-albany-eau-de-cologne-pentru-barbati-100-ml\/#primaryimage"},"thumbnailUrl":"https:\/\/storage.googleapis.com\/cz-shopatoa-img\/ro\/c63689a1-5060242621574_01-o.jpg","datePublished":"2025-12-04T11:10:45+00:00","dateModified":"2026-01-30T23:28:03+00:00","breadcrumb":{"@id":"https:\/\/shopatoa.com\/ro\/d-r-harris-cologne-albany-eau-de-cologne-pentru-barbati-100-ml\/#breadcrumb"},"inLanguage":"ro-RO","potentialAction":[{"@type":"ReadAction","target":["https:\/\/shopatoa.com\/ro\/d-r-harris-cologne-albany-eau-de-cologne-pentru-barbati-100-ml\/"]}]},{"@type":"ImageObject","inLanguage":"ro-RO","@id":"https:\/\/shopatoa.com\/ro\/d-r-harris-cologne-albany-eau-de-cologne-pentru-barbati-100-ml\/#primaryimage","url":"https:\/\/storage.googleapis.com\/cz-shopatoa-img\/ro\/c63689a1-5060242621574_01-o.jpg","contentUrl":"https:\/\/storage.googleapis.com\/cz-shopatoa-img\/ro\/c63689a1-5060242621574_01-o.jpg","width":800,"height":800},{"@type":"BreadcrumbList","@id":"https:\/\/shopatoa.com\/ro\/d-r-harris-cologne-albany-eau-de-cologne-pentru-barbati-100-ml\/#breadcrumb","itemListElement":[{"@type":"ListItem","position":1,"name":"Dom\u016f","item":"https:\/\/shopatoa.com\/ro\/"},{"@type":"ListItem","position":2,"name":"Shop","item":"https:\/\/shopatoa.com\/ro\/shop\/"},{"@type":"ListItem","position":3,"name":"S\u0103n\u0103tate \u0219i frumuse\u021be","item":"https:\/\/shopatoa.com\/ro\/sanatate-si-frumusete\/"},{"@type":"ListItem","position":4,"name":"\u00cengrijire personal\u0103","item":"https:\/\/shopatoa.com\/ro\/ingrijire-personala\/"},{"@type":"ListItem","position":5,"name":"Cosmetice","item":"https:\/\/shopatoa.com\/ro\/cosmetice-ingrijire-personala\/"},{"@type":"ListItem","position":6,"name":"Parfumuri \u0219i colonii","item":"https:\/\/shopatoa.com\/ro\/parfumuri-si-colonii\/"},{"@type":"ListItem","position":7,"name":"Apele de colonie","item":"https:\/\/shopatoa.com\/ro\/apele-de-colonie\/"},{"@type":"ListItem","position":8,"name":"D.R. Harris Cologne Albany eau de cologne pentru b\u0103rba\u021bi 100 ml"}]},{"@type":"WebSite","@id":"https:\/\/shopatoa.com\/ro\/#website","url":"https:\/\/shopatoa.com\/ro\/","name":"SHOPATOA","description":"","publisher":{"@id":"https:\/\/shopatoa.com\/ro\/#organization"},"potentialAction":[{"@type":"SearchAction","target":{"@type":"EntryPoint","urlTemplate":"https:\/\/shopatoa.com\/ro\/?s={search_term_string}"},"query-input":{"@type":"PropertyValueSpecification","valueRequired":true,"valueName":"search_term_string"}}],"inLanguage":"ro-RO"},{"@type":"Organization","@id":"https:\/\/shopatoa.com\/ro\/#organization","name":"SHOPATOA","url":"https:\/\/shopatoa.com\/ro\/","logo":{"@type":"ImageObject","inLanguage":"ro-RO","@id":"https:\/\/shopatoa.com\/ro\/#\/schema\/logo\/image\/","url":"https:\/\/storage.googleapis.com\/cz-shopatoa-img\/ro\/b4dac915-shopatoa_logo.png","contentUrl":"https:\/\/storage.googleapis.com\/cz-shopatoa-img\/ro\/b4dac915-shopatoa_logo.png","width":416,"height":63,"caption":"SHOPATOA"},"image":{"@id":"https:\/\/shopatoa.com\/ro\/#\/schema\/logo\/image\/"}}]}},"_links":{"self":[{"href":"https:\/\/shopatoa.com\/ro\/wp-json\/wp\/v2\/product\/497015","targetHints":{"allow":["GET"]}}],"collection":[{"href":"https:\/\/shopatoa.com\/ro\/wp-json\/wp\/v2\/product"}],"about":[{"href":"https:\/\/shopatoa.com\/ro\/wp-json\/wp\/v2\/types\/product"}],"replies":[{"embeddable":true,"href":"https:\/\/shopatoa.com\/ro\/wp-json\/wp\/v2\/comments?post=497015"}],"wp:featuredmedia":[{"embeddable":true,"href":"https:\/\/shopatoa.com\/ro\/wp-json\/wp\/v2\/media\/497016"}],"wp:attachment":[{"href":"https:\/\/shopatoa.com\/ro\/wp-json\/wp\/v2\/media?parent=497015"}],"wp:term":[{"taxonomy":"product_brand","embeddable":true,"href":"https:\/\/shopatoa.com\/ro\/wp-json\/wp\/v2\/product_brand?post=497015"},{"taxonomy":"product_cat","embeddable":true,"href":"https:\/\/shopatoa.com\/ro\/wp-json\/wp\/v2\/product_cat?post=497015"},{"taxonomy":"product_tag","embeddable":true,"href":"https:\/\/shopatoa.com\/ro\/wp-json\/wp\/v2\/product_tag?post=497015"}],"curies":[{"name":"wp","href":"https:\/\/api.w.org\/{rel}","templated":true}]}}