{"id":497255,"date":"2025-12-04T12:29:08","date_gmt":"2025-12-04T11:29:08","guid":{"rendered":"https:\/\/shopatoa.com\/ro\/rowenta-brush-activ-ub9534f0-perie-cu-aer-cald-5-buc\/"},"modified":"2026-01-30T23:52:03","modified_gmt":"2026-01-30T22:52:03","slug":"rowenta-brush-activ-ub9534f0-perie-cu-aer-cald-5-buc","status":"publish","type":"product","link":"https:\/\/shopatoa.com\/ro\/rowenta-brush-activ-ub9534f0-perie-cu-aer-cald-5-buc\/","title":{"rendered":"Rowenta Brush Activ UB9534F0 perie cu aer cald 5 buc"},"content":{"rendered":"<p>Rowenta Brush Activ UB9534F0, 5 buc, Perii cu aer cald pentru p\u0103r pentru femei, Din c\u00e2nd \u00een c\u00e2nd, este indicat s\u0103 v\u0103 l\u0103sa\u021bi p\u0103rul s\u0103 se usuce liber dup\u0103 sp\u0103lare, \u00eens\u0103 nu exist\u0103 \u00eentotdeauna timp suficient pentru asta. \u0218i tocmai \u00een situa\u021biile \u00een care sunte\u021bi presat\u0103 de timp \u0219i ave\u021bi nevoie s\u0103 v\u0103 usca\u021bi p\u0103rul mai rapid \u0219i mai eficient din diverse motive, v\u0103 va fi de folos usc\u0103torul de p\u0103r Rowenta Brush Activ UB9534F0. Asigur\u0103 o uscare rapid\u0103, eficient\u0103, dar delicat\u0103 a oric\u0103rui tip de p\u0103r \u0219i permite o uscare u\u0219oar\u0103 a p\u0103rului, pentru ca acesta s\u0103 capete mai mult volum \u0219i s\u0103 ob\u021bine\u021bi u\u0219or o coafur\u0103 frumoas\u0103 \u0219i voluminoas\u0103 ca la salon.  Setul con\u021bine:  extensii 3 buc perie de tip palet\u0103 1 buc Geanta pentru calatorio 1 buc  Caracteristici:  rularea natural\u0103 a p\u0103rului las\u0103 p\u0103rul neted \u0219i lucios suprafa\u021b\u0103 ceramic\u0103 previne \u00eencre\u021birea inestetic\u0103 \u0219i electrizarea p\u0103rului men\u021bine aspectul s\u0103n\u0103tos al p\u0103rului vitez\u0103 reglabil\u0103 cu temperatur\u0103 reglabil\u0103 func\u021bia de schimbare a sensului de rota\u021bie o diversitate de extensii, incluse \u00een pachet func\u021bie de ionizare permite reglarea vitezei permite reglarea temperaturii  Cum se utilizeaz\u0103: Se vor urma instruc\u021biunile de utilizare incluse.<\/p>\n","protected":false},"excerpt":{"rendered":"<p>Rowenta Brush Activ UB9534F0, 5 buc, Perii cu aer cald pentru p\u0103r pentru femei, Din c\u00e2nd \u00een c\u00e2nd, este indicat s\u0103 v\u0103 l\u0103sa\u021bi p\u0103rul s\u0103 se usuce liber dup\u0103 sp\u0103lare, \u00eens\u0103 nu exist\u0103 \u00eentotdeauna timp suficient pentru asta. \u0218i tocmai \u00een situa\u021biile \u00een care sunte\u021bi presat\u0103 de timp \u0219i ave\u021bi nevoie s\u0103 v\u0103 usca\u021bi p\u0103rul&#8230;<\/p>\n","protected":false},"featured_media":497256,"comment_status":"closed","ping_status":"open","template":"","meta":{"_acf_changed":false,"_kadence_starter_templates_imported_post":false,"_kad_post_transparent":"","_kad_post_title":"","_kad_post_layout":"","_kad_post_sidebar_id":"","_kad_post_content_style":"","_kad_post_vertical_padding":"","_kad_post_feature":"","_kad_post_feature_position":"","_kad_post_header":false,"_kad_post_footer":false,"_kad_post_classname":""},"product_brand":[2347],"product_cat":[1563,1590,3904,1562,3910],"product_tag":[],"class_list":{"0":"post-497255","1":"product","2":"type-product","3":"status-publish","4":"has-post-thumbnail","6":"product_brand-rowenta","7":"product_cat-ingrijire-personala","8":"product_cat-ingrijirea-parului","9":"product_cat-instrumente-pentru-coafat","10":"product_cat-sanatate-si-frumusete","11":"product_cat-uscatoare-de-par-instrumente-pentru-coafat","12":"pa_gen-female","13":"pa_marime-5-buc","15":"first","16":"instock","17":"product-type-external","18":"entry","19":"content-bg","20":"loop-entry"},"acf":[],"yoast_head":"<!-- This site is optimized with the Yoast SEO plugin v27.4 - https:\/\/yoast.com\/product\/yoast-seo-wordpress\/ -->\n<title>Rowenta Brush Activ UB9534F0 perie cu aer cald 5 buc - SHOPATOA.COM<\/title>\n<meta name=\"robots\" content=\"index, follow, max-snippet:-1, max-image-preview:large, max-video-preview:-1\" \/>\n<link rel=\"canonical\" href=\"https:\/\/shopatoa.com\/ro\/rowenta-brush-activ-ub9534f0-perie-cu-aer-cald-5-buc\/\" \/>\n<meta property=\"og:locale\" content=\"ro_RO\" \/>\n<meta property=\"og:type\" content=\"article\" \/>\n<meta property=\"og:title\" content=\"Rowenta Brush Activ UB9534F0 perie cu aer cald 5 buc - SHOPATOA.COM\" \/>\n<meta property=\"og:description\" content=\"Rowenta Brush Activ UB9534F0, 5 buc, Perii cu aer cald pentru p\u0103r pentru femei, Din c\u00e2nd \u00een c\u00e2nd, este indicat s\u0103 v\u0103 l\u0103sa\u021bi p\u0103rul s\u0103 se usuce liber dup\u0103 sp\u0103lare, \u00eens\u0103 nu exist\u0103 \u00eentotdeauna timp suficient pentru asta. \u0218i tocmai \u00een situa\u021biile \u00een care sunte\u021bi presat\u0103 de timp \u0219i ave\u021bi nevoie s\u0103 v\u0103 usca\u021bi p\u0103rul...\" \/>\n<meta property=\"og:url\" content=\"https:\/\/shopatoa.com\/ro\/rowenta-brush-activ-ub9534f0-perie-cu-aer-cald-5-buc\/\" \/>\n<meta property=\"og:site_name\" content=\"SHOPATOA\" \/>\n<meta property=\"article:modified_time\" content=\"2026-01-30T22:52:03+00:00\" \/>\n<meta property=\"og:image\" content=\"https:\/\/storage.googleapis.com\/cz-shopatoa-img\/ro\/7ed00816-3121040093382_01.jpg\" \/>\n\t<meta property=\"og:image:width\" content=\"800\" \/>\n\t<meta property=\"og:image:height\" content=\"800\" \/>\n\t<meta property=\"og:image:type\" content=\"image\/jpeg\" \/>\n<meta name=\"twitter:card\" content=\"summary_large_image\" \/>\n<meta name=\"twitter:label1\" content=\"Timp estimat pentru citire\" \/>\n\t<meta name=\"twitter:data1\" content=\"1 minut\" \/>\n<script type=\"application\/ld+json\" class=\"yoast-schema-graph\">{\"@context\":\"https:\\\/\\\/schema.org\",\"@graph\":[{\"@type\":\"WebPage\",\"@id\":\"https:\\\/\\\/shopatoa.com\\\/ro\\\/rowenta-brush-activ-ub9534f0-perie-cu-aer-cald-5-buc\\\/\",\"url\":\"https:\\\/\\\/shopatoa.com\\\/ro\\\/rowenta-brush-activ-ub9534f0-perie-cu-aer-cald-5-buc\\\/\",\"name\":\"Rowenta Brush Activ UB9534F0 perie cu aer cald 5 buc - SHOPATOA.COM\",\"isPartOf\":{\"@id\":\"https:\\\/\\\/shopatoa.com\\\/ro\\\/#website\"},\"primaryImageOfPage\":{\"@id\":\"https:\\\/\\\/shopatoa.com\\\/ro\\\/rowenta-brush-activ-ub9534f0-perie-cu-aer-cald-5-buc\\\/#primaryimage\"},\"image\":{\"@id\":\"https:\\\/\\\/shopatoa.com\\\/ro\\\/rowenta-brush-activ-ub9534f0-perie-cu-aer-cald-5-buc\\\/#primaryimage\"},\"thumbnailUrl\":\"https:\\\/\\\/storage.googleapis.com\\\/cz-shopatoa-img\\\/ro\\\/7ed00816-3121040093382_01.jpg\",\"datePublished\":\"2025-12-04T11:29:08+00:00\",\"dateModified\":\"2026-01-30T22:52:03+00:00\",\"breadcrumb\":{\"@id\":\"https:\\\/\\\/shopatoa.com\\\/ro\\\/rowenta-brush-activ-ub9534f0-perie-cu-aer-cald-5-buc\\\/#breadcrumb\"},\"inLanguage\":\"ro-RO\",\"potentialAction\":[{\"@type\":\"ReadAction\",\"target\":[\"https:\\\/\\\/shopatoa.com\\\/ro\\\/rowenta-brush-activ-ub9534f0-perie-cu-aer-cald-5-buc\\\/\"]}]},{\"@type\":\"ImageObject\",\"inLanguage\":\"ro-RO\",\"@id\":\"https:\\\/\\\/shopatoa.com\\\/ro\\\/rowenta-brush-activ-ub9534f0-perie-cu-aer-cald-5-buc\\\/#primaryimage\",\"url\":\"https:\\\/\\\/storage.googleapis.com\\\/cz-shopatoa-img\\\/ro\\\/7ed00816-3121040093382_01.jpg\",\"contentUrl\":\"https:\\\/\\\/storage.googleapis.com\\\/cz-shopatoa-img\\\/ro\\\/7ed00816-3121040093382_01.jpg\",\"width\":800,\"height\":800},{\"@type\":\"BreadcrumbList\",\"@id\":\"https:\\\/\\\/shopatoa.com\\\/ro\\\/rowenta-brush-activ-ub9534f0-perie-cu-aer-cald-5-buc\\\/#breadcrumb\",\"itemListElement\":[{\"@type\":\"ListItem\",\"position\":1,\"name\":\"Dom\u016f\",\"item\":\"https:\\\/\\\/shopatoa.com\\\/ro\\\/\"},{\"@type\":\"ListItem\",\"position\":2,\"name\":\"Shop\",\"item\":\"https:\\\/\\\/shopatoa.com\\\/ro\\\/shop\\\/\"},{\"@type\":\"ListItem\",\"position\":3,\"name\":\"S\u0103n\u0103tate \u0219i frumuse\u021be\",\"item\":\"https:\\\/\\\/shopatoa.com\\\/ro\\\/sanatate-si-frumusete\\\/\"},{\"@type\":\"ListItem\",\"position\":4,\"name\":\"\u00cengrijire personal\u0103\",\"item\":\"https:\\\/\\\/shopatoa.com\\\/ro\\\/ingrijire-personala\\\/\"},{\"@type\":\"ListItem\",\"position\":5,\"name\":\"\u00cengrijirea p\u0103rului\",\"item\":\"https:\\\/\\\/shopatoa.com\\\/ro\\\/ingrijirea-parului\\\/\"},{\"@type\":\"ListItem\",\"position\":6,\"name\":\"Instrumente pentru coafat\",\"item\":\"https:\\\/\\\/shopatoa.com\\\/ro\\\/instrumente-pentru-coafat\\\/\"},{\"@type\":\"ListItem\",\"position\":7,\"name\":\"Usc\u0103toare de p\u0103r\",\"item\":\"https:\\\/\\\/shopatoa.com\\\/ro\\\/uscatoare-de-par-instrumente-pentru-coafat\\\/\"},{\"@type\":\"ListItem\",\"position\":8,\"name\":\"Rowenta Brush Activ UB9534F0 perie cu aer cald 5 buc\"}]},{\"@type\":\"WebSite\",\"@id\":\"https:\\\/\\\/shopatoa.com\\\/ro\\\/#website\",\"url\":\"https:\\\/\\\/shopatoa.com\\\/ro\\\/\",\"name\":\"SHOPATOA\",\"description\":\"\",\"publisher\":{\"@id\":\"https:\\\/\\\/shopatoa.com\\\/ro\\\/#organization\"},\"potentialAction\":[{\"@type\":\"SearchAction\",\"target\":{\"@type\":\"EntryPoint\",\"urlTemplate\":\"https:\\\/\\\/shopatoa.com\\\/ro\\\/?s={search_term_string}\"},\"query-input\":{\"@type\":\"PropertyValueSpecification\",\"valueRequired\":true,\"valueName\":\"search_term_string\"}}],\"inLanguage\":\"ro-RO\"},{\"@type\":\"Organization\",\"@id\":\"https:\\\/\\\/shopatoa.com\\\/ro\\\/#organization\",\"name\":\"SHOPATOA\",\"url\":\"https:\\\/\\\/shopatoa.com\\\/ro\\\/\",\"logo\":{\"@type\":\"ImageObject\",\"inLanguage\":\"ro-RO\",\"@id\":\"https:\\\/\\\/shopatoa.com\\\/ro\\\/#\\\/schema\\\/logo\\\/image\\\/\",\"url\":\"https:\\\/\\\/storage.googleapis.com\\\/cz-shopatoa-img\\\/ro\\\/b4dac915-shopatoa_logo.png\",\"contentUrl\":\"https:\\\/\\\/storage.googleapis.com\\\/cz-shopatoa-img\\\/ro\\\/b4dac915-shopatoa_logo.png\",\"width\":416,\"height\":63,\"caption\":\"SHOPATOA\"},\"image\":{\"@id\":\"https:\\\/\\\/shopatoa.com\\\/ro\\\/#\\\/schema\\\/logo\\\/image\\\/\"}}]}<\/script>\n<!-- \/ Yoast SEO plugin. -->","yoast_head_json":{"title":"Rowenta Brush Activ UB9534F0 perie cu aer cald 5 buc - SHOPATOA.COM","robots":{"index":"index","follow":"follow","max-snippet":"max-snippet:-1","max-image-preview":"max-image-preview:large","max-video-preview":"max-video-preview:-1"},"canonical":"https:\/\/shopatoa.com\/ro\/rowenta-brush-activ-ub9534f0-perie-cu-aer-cald-5-buc\/","og_locale":"ro_RO","og_type":"article","og_title":"Rowenta Brush Activ UB9534F0 perie cu aer cald 5 buc - SHOPATOA.COM","og_description":"Rowenta Brush Activ UB9534F0, 5 buc, Perii cu aer cald pentru p\u0103r pentru femei, Din c\u00e2nd \u00een c\u00e2nd, este indicat s\u0103 v\u0103 l\u0103sa\u021bi p\u0103rul s\u0103 se usuce liber dup\u0103 sp\u0103lare, \u00eens\u0103 nu exist\u0103 \u00eentotdeauna timp suficient pentru asta. \u0218i tocmai \u00een situa\u021biile \u00een care sunte\u021bi presat\u0103 de timp \u0219i ave\u021bi nevoie s\u0103 v\u0103 usca\u021bi p\u0103rul...","og_url":"https:\/\/shopatoa.com\/ro\/rowenta-brush-activ-ub9534f0-perie-cu-aer-cald-5-buc\/","og_site_name":"SHOPATOA","article_modified_time":"2026-01-30T22:52:03+00:00","og_image":[{"width":800,"height":800,"url":"https:\/\/storage.googleapis.com\/cz-shopatoa-img\/ro\/7ed00816-3121040093382_01.jpg","type":"image\/jpeg"}],"twitter_card":"summary_large_image","twitter_misc":{"Timp estimat pentru citire":"1 minut"},"schema":{"@context":"https:\/\/schema.org","@graph":[{"@type":"WebPage","@id":"https:\/\/shopatoa.com\/ro\/rowenta-brush-activ-ub9534f0-perie-cu-aer-cald-5-buc\/","url":"https:\/\/shopatoa.com\/ro\/rowenta-brush-activ-ub9534f0-perie-cu-aer-cald-5-buc\/","name":"Rowenta Brush Activ UB9534F0 perie cu aer cald 5 buc - SHOPATOA.COM","isPartOf":{"@id":"https:\/\/shopatoa.com\/ro\/#website"},"primaryImageOfPage":{"@id":"https:\/\/shopatoa.com\/ro\/rowenta-brush-activ-ub9534f0-perie-cu-aer-cald-5-buc\/#primaryimage"},"image":{"@id":"https:\/\/shopatoa.com\/ro\/rowenta-brush-activ-ub9534f0-perie-cu-aer-cald-5-buc\/#primaryimage"},"thumbnailUrl":"https:\/\/storage.googleapis.com\/cz-shopatoa-img\/ro\/7ed00816-3121040093382_01.jpg","datePublished":"2025-12-04T11:29:08+00:00","dateModified":"2026-01-30T22:52:03+00:00","breadcrumb":{"@id":"https:\/\/shopatoa.com\/ro\/rowenta-brush-activ-ub9534f0-perie-cu-aer-cald-5-buc\/#breadcrumb"},"inLanguage":"ro-RO","potentialAction":[{"@type":"ReadAction","target":["https:\/\/shopatoa.com\/ro\/rowenta-brush-activ-ub9534f0-perie-cu-aer-cald-5-buc\/"]}]},{"@type":"ImageObject","inLanguage":"ro-RO","@id":"https:\/\/shopatoa.com\/ro\/rowenta-brush-activ-ub9534f0-perie-cu-aer-cald-5-buc\/#primaryimage","url":"https:\/\/storage.googleapis.com\/cz-shopatoa-img\/ro\/7ed00816-3121040093382_01.jpg","contentUrl":"https:\/\/storage.googleapis.com\/cz-shopatoa-img\/ro\/7ed00816-3121040093382_01.jpg","width":800,"height":800},{"@type":"BreadcrumbList","@id":"https:\/\/shopatoa.com\/ro\/rowenta-brush-activ-ub9534f0-perie-cu-aer-cald-5-buc\/#breadcrumb","itemListElement":[{"@type":"ListItem","position":1,"name":"Dom\u016f","item":"https:\/\/shopatoa.com\/ro\/"},{"@type":"ListItem","position":2,"name":"Shop","item":"https:\/\/shopatoa.com\/ro\/shop\/"},{"@type":"ListItem","position":3,"name":"S\u0103n\u0103tate \u0219i frumuse\u021be","item":"https:\/\/shopatoa.com\/ro\/sanatate-si-frumusete\/"},{"@type":"ListItem","position":4,"name":"\u00cengrijire personal\u0103","item":"https:\/\/shopatoa.com\/ro\/ingrijire-personala\/"},{"@type":"ListItem","position":5,"name":"\u00cengrijirea p\u0103rului","item":"https:\/\/shopatoa.com\/ro\/ingrijirea-parului\/"},{"@type":"ListItem","position":6,"name":"Instrumente pentru coafat","item":"https:\/\/shopatoa.com\/ro\/instrumente-pentru-coafat\/"},{"@type":"ListItem","position":7,"name":"Usc\u0103toare de p\u0103r","item":"https:\/\/shopatoa.com\/ro\/uscatoare-de-par-instrumente-pentru-coafat\/"},{"@type":"ListItem","position":8,"name":"Rowenta Brush Activ UB9534F0 perie cu aer cald 5 buc"}]},{"@type":"WebSite","@id":"https:\/\/shopatoa.com\/ro\/#website","url":"https:\/\/shopatoa.com\/ro\/","name":"SHOPATOA","description":"","publisher":{"@id":"https:\/\/shopatoa.com\/ro\/#organization"},"potentialAction":[{"@type":"SearchAction","target":{"@type":"EntryPoint","urlTemplate":"https:\/\/shopatoa.com\/ro\/?s={search_term_string}"},"query-input":{"@type":"PropertyValueSpecification","valueRequired":true,"valueName":"search_term_string"}}],"inLanguage":"ro-RO"},{"@type":"Organization","@id":"https:\/\/shopatoa.com\/ro\/#organization","name":"SHOPATOA","url":"https:\/\/shopatoa.com\/ro\/","logo":{"@type":"ImageObject","inLanguage":"ro-RO","@id":"https:\/\/shopatoa.com\/ro\/#\/schema\/logo\/image\/","url":"https:\/\/storage.googleapis.com\/cz-shopatoa-img\/ro\/b4dac915-shopatoa_logo.png","contentUrl":"https:\/\/storage.googleapis.com\/cz-shopatoa-img\/ro\/b4dac915-shopatoa_logo.png","width":416,"height":63,"caption":"SHOPATOA"},"image":{"@id":"https:\/\/shopatoa.com\/ro\/#\/schema\/logo\/image\/"}}]}},"_links":{"self":[{"href":"https:\/\/shopatoa.com\/ro\/wp-json\/wp\/v2\/product\/497255","targetHints":{"allow":["GET"]}}],"collection":[{"href":"https:\/\/shopatoa.com\/ro\/wp-json\/wp\/v2\/product"}],"about":[{"href":"https:\/\/shopatoa.com\/ro\/wp-json\/wp\/v2\/types\/product"}],"replies":[{"embeddable":true,"href":"https:\/\/shopatoa.com\/ro\/wp-json\/wp\/v2\/comments?post=497255"}],"wp:featuredmedia":[{"embeddable":true,"href":"https:\/\/shopatoa.com\/ro\/wp-json\/wp\/v2\/media\/497256"}],"wp:attachment":[{"href":"https:\/\/shopatoa.com\/ro\/wp-json\/wp\/v2\/media?parent=497255"}],"wp:term":[{"taxonomy":"product_brand","embeddable":true,"href":"https:\/\/shopatoa.com\/ro\/wp-json\/wp\/v2\/product_brand?post=497255"},{"taxonomy":"product_cat","embeddable":true,"href":"https:\/\/shopatoa.com\/ro\/wp-json\/wp\/v2\/product_cat?post=497255"},{"taxonomy":"product_tag","embeddable":true,"href":"https:\/\/shopatoa.com\/ro\/wp-json\/wp\/v2\/product_tag?post=497255"}],"curies":[{"name":"wp","href":"https:\/\/api.w.org\/{rel}","templated":true}]}}