{"id":497682,"date":"2025-12-04T13:01:24","date_gmt":"2025-12-04T12:01:24","guid":{"rendered":"https:\/\/shopatoa.com\/ro\/thameen-regent-leather-eau-de-parfum-unisex-100-ml\/"},"modified":"2026-01-30T22:47:03","modified_gmt":"2026-01-30T21:47:03","slug":"thameen-regent-leather-eau-de-parfum-unisex-100-ml","status":"publish","type":"product","link":"https:\/\/shopatoa.com\/ro\/thameen-regent-leather-eau-de-parfum-unisex-100-ml\/","title":{"rendered":"Thameen Regent Leather Eau de Parfum unisex 100 ml"},"content":{"rendered":"<p>Thameen Regent Leather, 100 ml, Ap\u0103 de parfum unisex, Farmecul parfumului const\u0103 \u00een faptul c\u0103 se potrive\u0219te at\u00e2t femeilor, c\u00e2t \u0219i b\u0103rba\u021bilor. Fiecare \u00ee\u0219i descoper\u0103 nota preferat\u0103 \u0219i la fiecare se dezvolt\u0103 altfel. Apa de parfum unisex Thameen Regent Leather arat\u0103 frumos pe m\u0103su\u021ba de toalet\u0103 \u0219i, \u00een plus, o pute\u021bi \u00eemp\u0103rt\u0103\u0219i cu draga dvs. jum\u0103tate.  parfum pielos parfum lemnos parfum picant pentru to\u021bi cei care nu se tem s\u0103 ias\u0103 \u00een eviden\u021b\u0103 parfum deosebit, pentru ocazii speciale<\/p>\n","protected":false},"excerpt":{"rendered":"<p>Thameen Regent Leather, 100 ml, Ap\u0103 de parfum unisex, Farmecul parfumului const\u0103 \u00een faptul c\u0103 se potrive\u0219te at\u00e2t femeilor, c\u00e2t \u0219i b\u0103rba\u021bilor. Fiecare \u00ee\u0219i descoper\u0103 nota preferat\u0103 \u0219i la fiecare se dezvolt\u0103 altfel. Apa de parfum unisex Thameen Regent Leather arat\u0103 frumos pe m\u0103su\u021ba de toalet\u0103 \u0219i, \u00een plus, o pute\u021bi \u00eemp\u0103rt\u0103\u0219i cu draga dvs&#8230;.<\/p>\n","protected":false},"featured_media":497683,"comment_status":"closed","ping_status":"open","template":"","meta":{"_acf_changed":false,"_kadence_starter_templates_imported_post":false,"_kad_post_transparent":"","_kad_post_title":"","_kad_post_layout":"","_kad_post_sidebar_id":"","_kad_post_content_style":"","_kad_post_vertical_padding":"","_kad_post_feature":"","_kad_post_feature_position":"","_kad_post_header":false,"_kad_post_footer":false,"_kad_post_classname":""},"product_brand":[1440],"product_cat":[3202,1564,1563,3200,1562],"product_tag":[],"class_list":{"0":"post-497682","1":"product","2":"type-product","3":"status-publish","4":"has-post-thumbnail","6":"product_brand-thameen","7":"product_cat-ape-de-parfum","8":"product_cat-cosmetice-ingrijire-personala","9":"product_cat-ingrijire-personala","10":"product_cat-parfumuri-si-colonii","11":"product_cat-sanatate-si-frumusete","12":"pa_gen-unisex","13":"pa_marime-100-ml","15":"first","16":"instock","17":"sale","18":"product-type-external","19":"entry","20":"content-bg","21":"loop-entry"},"acf":[],"yoast_head":"<!-- This site is optimized with the Yoast SEO plugin v27.3 - https:\/\/yoast.com\/product\/yoast-seo-wordpress\/ -->\n<title>Thameen Regent Leather Eau de Parfum unisex 100 ml - SHOPATOA.COM<\/title>\n<meta name=\"robots\" content=\"index, follow, max-snippet:-1, max-image-preview:large, max-video-preview:-1\" \/>\n<link rel=\"canonical\" href=\"https:\/\/shopatoa.com\/ro\/thameen-regent-leather-eau-de-parfum-unisex-100-ml\/\" \/>\n<meta property=\"og:locale\" content=\"ro_RO\" \/>\n<meta property=\"og:type\" content=\"article\" \/>\n<meta property=\"og:title\" content=\"Thameen Regent Leather Eau de Parfum unisex 100 ml - SHOPATOA.COM\" \/>\n<meta property=\"og:description\" content=\"Thameen Regent Leather, 100 ml, Ap\u0103 de parfum unisex, Farmecul parfumului const\u0103 \u00een faptul c\u0103 se potrive\u0219te at\u00e2t femeilor, c\u00e2t \u0219i b\u0103rba\u021bilor. Fiecare \u00ee\u0219i descoper\u0103 nota preferat\u0103 \u0219i la fiecare se dezvolt\u0103 altfel. Apa de parfum unisex Thameen Regent Leather arat\u0103 frumos pe m\u0103su\u021ba de toalet\u0103 \u0219i, \u00een plus, o pute\u021bi \u00eemp\u0103rt\u0103\u0219i cu draga dvs....\" \/>\n<meta property=\"og:url\" content=\"https:\/\/shopatoa.com\/ro\/thameen-regent-leather-eau-de-parfum-unisex-100-ml\/\" \/>\n<meta property=\"og:site_name\" content=\"SHOPATOA\" \/>\n<meta property=\"article:modified_time\" content=\"2026-01-30T21:47:03+00:00\" \/>\n<meta property=\"og:image\" content=\"https:\/\/storage.googleapis.com\/cz-shopatoa-img\/ro\/95eedfb9-5060905832460_01-o.jpg\" \/>\n\t<meta property=\"og:image:width\" content=\"800\" \/>\n\t<meta property=\"og:image:height\" content=\"800\" \/>\n\t<meta property=\"og:image:type\" content=\"image\/jpeg\" \/>\n<meta name=\"twitter:card\" content=\"summary_large_image\" \/>\n<script type=\"application\/ld+json\" class=\"yoast-schema-graph\">{\"@context\":\"https:\\\/\\\/schema.org\",\"@graph\":[{\"@type\":\"WebPage\",\"@id\":\"https:\\\/\\\/shopatoa.com\\\/ro\\\/thameen-regent-leather-eau-de-parfum-unisex-100-ml\\\/\",\"url\":\"https:\\\/\\\/shopatoa.com\\\/ro\\\/thameen-regent-leather-eau-de-parfum-unisex-100-ml\\\/\",\"name\":\"Thameen Regent Leather Eau de Parfum unisex 100 ml - SHOPATOA.COM\",\"isPartOf\":{\"@id\":\"https:\\\/\\\/shopatoa.com\\\/ro\\\/#website\"},\"primaryImageOfPage\":{\"@id\":\"https:\\\/\\\/shopatoa.com\\\/ro\\\/thameen-regent-leather-eau-de-parfum-unisex-100-ml\\\/#primaryimage\"},\"image\":{\"@id\":\"https:\\\/\\\/shopatoa.com\\\/ro\\\/thameen-regent-leather-eau-de-parfum-unisex-100-ml\\\/#primaryimage\"},\"thumbnailUrl\":\"https:\\\/\\\/storage.googleapis.com\\\/cz-shopatoa-img\\\/ro\\\/95eedfb9-5060905832460_01-o.jpg\",\"datePublished\":\"2025-12-04T12:01:24+00:00\",\"dateModified\":\"2026-01-30T21:47:03+00:00\",\"breadcrumb\":{\"@id\":\"https:\\\/\\\/shopatoa.com\\\/ro\\\/thameen-regent-leather-eau-de-parfum-unisex-100-ml\\\/#breadcrumb\"},\"inLanguage\":\"ro-RO\",\"potentialAction\":[{\"@type\":\"ReadAction\",\"target\":[\"https:\\\/\\\/shopatoa.com\\\/ro\\\/thameen-regent-leather-eau-de-parfum-unisex-100-ml\\\/\"]}]},{\"@type\":\"ImageObject\",\"inLanguage\":\"ro-RO\",\"@id\":\"https:\\\/\\\/shopatoa.com\\\/ro\\\/thameen-regent-leather-eau-de-parfum-unisex-100-ml\\\/#primaryimage\",\"url\":\"https:\\\/\\\/storage.googleapis.com\\\/cz-shopatoa-img\\\/ro\\\/95eedfb9-5060905832460_01-o.jpg\",\"contentUrl\":\"https:\\\/\\\/storage.googleapis.com\\\/cz-shopatoa-img\\\/ro\\\/95eedfb9-5060905832460_01-o.jpg\",\"width\":800,\"height\":800},{\"@type\":\"BreadcrumbList\",\"@id\":\"https:\\\/\\\/shopatoa.com\\\/ro\\\/thameen-regent-leather-eau-de-parfum-unisex-100-ml\\\/#breadcrumb\",\"itemListElement\":[{\"@type\":\"ListItem\",\"position\":1,\"name\":\"Dom\u016f\",\"item\":\"https:\\\/\\\/shopatoa.com\\\/ro\\\/\"},{\"@type\":\"ListItem\",\"position\":2,\"name\":\"Shop\",\"item\":\"https:\\\/\\\/shopatoa.com\\\/ro\\\/shop\\\/\"},{\"@type\":\"ListItem\",\"position\":3,\"name\":\"S\u0103n\u0103tate \u0219i frumuse\u021be\",\"item\":\"https:\\\/\\\/shopatoa.com\\\/ro\\\/sanatate-si-frumusete\\\/\"},{\"@type\":\"ListItem\",\"position\":4,\"name\":\"\u00cengrijire personal\u0103\",\"item\":\"https:\\\/\\\/shopatoa.com\\\/ro\\\/ingrijire-personala\\\/\"},{\"@type\":\"ListItem\",\"position\":5,\"name\":\"Cosmetice\",\"item\":\"https:\\\/\\\/shopatoa.com\\\/ro\\\/cosmetice-ingrijire-personala\\\/\"},{\"@type\":\"ListItem\",\"position\":6,\"name\":\"Parfumuri \u0219i colonii\",\"item\":\"https:\\\/\\\/shopatoa.com\\\/ro\\\/parfumuri-si-colonii\\\/\"},{\"@type\":\"ListItem\",\"position\":7,\"name\":\"Ape de parfum\",\"item\":\"https:\\\/\\\/shopatoa.com\\\/ro\\\/ape-de-parfum\\\/\"},{\"@type\":\"ListItem\",\"position\":8,\"name\":\"Thameen Regent Leather Eau de Parfum unisex 100 ml\"}]},{\"@type\":\"WebSite\",\"@id\":\"https:\\\/\\\/shopatoa.com\\\/ro\\\/#website\",\"url\":\"https:\\\/\\\/shopatoa.com\\\/ro\\\/\",\"name\":\"SHOPATOA\",\"description\":\"\",\"publisher\":{\"@id\":\"https:\\\/\\\/shopatoa.com\\\/ro\\\/#organization\"},\"potentialAction\":[{\"@type\":\"SearchAction\",\"target\":{\"@type\":\"EntryPoint\",\"urlTemplate\":\"https:\\\/\\\/shopatoa.com\\\/ro\\\/?s={search_term_string}\"},\"query-input\":{\"@type\":\"PropertyValueSpecification\",\"valueRequired\":true,\"valueName\":\"search_term_string\"}}],\"inLanguage\":\"ro-RO\"},{\"@type\":\"Organization\",\"@id\":\"https:\\\/\\\/shopatoa.com\\\/ro\\\/#organization\",\"name\":\"SHOPATOA\",\"url\":\"https:\\\/\\\/shopatoa.com\\\/ro\\\/\",\"logo\":{\"@type\":\"ImageObject\",\"inLanguage\":\"ro-RO\",\"@id\":\"https:\\\/\\\/shopatoa.com\\\/ro\\\/#\\\/schema\\\/logo\\\/image\\\/\",\"url\":\"https:\\\/\\\/storage.googleapis.com\\\/cz-shopatoa-img\\\/ro\\\/b4dac915-shopatoa_logo.png\",\"contentUrl\":\"https:\\\/\\\/storage.googleapis.com\\\/cz-shopatoa-img\\\/ro\\\/b4dac915-shopatoa_logo.png\",\"width\":416,\"height\":63,\"caption\":\"SHOPATOA\"},\"image\":{\"@id\":\"https:\\\/\\\/shopatoa.com\\\/ro\\\/#\\\/schema\\\/logo\\\/image\\\/\"}}]}<\/script>\n<!-- \/ Yoast SEO plugin. -->","yoast_head_json":{"title":"Thameen Regent Leather Eau de Parfum unisex 100 ml - SHOPATOA.COM","robots":{"index":"index","follow":"follow","max-snippet":"max-snippet:-1","max-image-preview":"max-image-preview:large","max-video-preview":"max-video-preview:-1"},"canonical":"https:\/\/shopatoa.com\/ro\/thameen-regent-leather-eau-de-parfum-unisex-100-ml\/","og_locale":"ro_RO","og_type":"article","og_title":"Thameen Regent Leather Eau de Parfum unisex 100 ml - SHOPATOA.COM","og_description":"Thameen Regent Leather, 100 ml, Ap\u0103 de parfum unisex, Farmecul parfumului const\u0103 \u00een faptul c\u0103 se potrive\u0219te at\u00e2t femeilor, c\u00e2t \u0219i b\u0103rba\u021bilor. Fiecare \u00ee\u0219i descoper\u0103 nota preferat\u0103 \u0219i la fiecare se dezvolt\u0103 altfel. Apa de parfum unisex Thameen Regent Leather arat\u0103 frumos pe m\u0103su\u021ba de toalet\u0103 \u0219i, \u00een plus, o pute\u021bi \u00eemp\u0103rt\u0103\u0219i cu draga dvs....","og_url":"https:\/\/shopatoa.com\/ro\/thameen-regent-leather-eau-de-parfum-unisex-100-ml\/","og_site_name":"SHOPATOA","article_modified_time":"2026-01-30T21:47:03+00:00","og_image":[{"width":800,"height":800,"url":"https:\/\/storage.googleapis.com\/cz-shopatoa-img\/ro\/95eedfb9-5060905832460_01-o.jpg","type":"image\/jpeg"}],"twitter_card":"summary_large_image","schema":{"@context":"https:\/\/schema.org","@graph":[{"@type":"WebPage","@id":"https:\/\/shopatoa.com\/ro\/thameen-regent-leather-eau-de-parfum-unisex-100-ml\/","url":"https:\/\/shopatoa.com\/ro\/thameen-regent-leather-eau-de-parfum-unisex-100-ml\/","name":"Thameen Regent Leather Eau de Parfum unisex 100 ml - SHOPATOA.COM","isPartOf":{"@id":"https:\/\/shopatoa.com\/ro\/#website"},"primaryImageOfPage":{"@id":"https:\/\/shopatoa.com\/ro\/thameen-regent-leather-eau-de-parfum-unisex-100-ml\/#primaryimage"},"image":{"@id":"https:\/\/shopatoa.com\/ro\/thameen-regent-leather-eau-de-parfum-unisex-100-ml\/#primaryimage"},"thumbnailUrl":"https:\/\/storage.googleapis.com\/cz-shopatoa-img\/ro\/95eedfb9-5060905832460_01-o.jpg","datePublished":"2025-12-04T12:01:24+00:00","dateModified":"2026-01-30T21:47:03+00:00","breadcrumb":{"@id":"https:\/\/shopatoa.com\/ro\/thameen-regent-leather-eau-de-parfum-unisex-100-ml\/#breadcrumb"},"inLanguage":"ro-RO","potentialAction":[{"@type":"ReadAction","target":["https:\/\/shopatoa.com\/ro\/thameen-regent-leather-eau-de-parfum-unisex-100-ml\/"]}]},{"@type":"ImageObject","inLanguage":"ro-RO","@id":"https:\/\/shopatoa.com\/ro\/thameen-regent-leather-eau-de-parfum-unisex-100-ml\/#primaryimage","url":"https:\/\/storage.googleapis.com\/cz-shopatoa-img\/ro\/95eedfb9-5060905832460_01-o.jpg","contentUrl":"https:\/\/storage.googleapis.com\/cz-shopatoa-img\/ro\/95eedfb9-5060905832460_01-o.jpg","width":800,"height":800},{"@type":"BreadcrumbList","@id":"https:\/\/shopatoa.com\/ro\/thameen-regent-leather-eau-de-parfum-unisex-100-ml\/#breadcrumb","itemListElement":[{"@type":"ListItem","position":1,"name":"Dom\u016f","item":"https:\/\/shopatoa.com\/ro\/"},{"@type":"ListItem","position":2,"name":"Shop","item":"https:\/\/shopatoa.com\/ro\/shop\/"},{"@type":"ListItem","position":3,"name":"S\u0103n\u0103tate \u0219i frumuse\u021be","item":"https:\/\/shopatoa.com\/ro\/sanatate-si-frumusete\/"},{"@type":"ListItem","position":4,"name":"\u00cengrijire personal\u0103","item":"https:\/\/shopatoa.com\/ro\/ingrijire-personala\/"},{"@type":"ListItem","position":5,"name":"Cosmetice","item":"https:\/\/shopatoa.com\/ro\/cosmetice-ingrijire-personala\/"},{"@type":"ListItem","position":6,"name":"Parfumuri \u0219i colonii","item":"https:\/\/shopatoa.com\/ro\/parfumuri-si-colonii\/"},{"@type":"ListItem","position":7,"name":"Ape de parfum","item":"https:\/\/shopatoa.com\/ro\/ape-de-parfum\/"},{"@type":"ListItem","position":8,"name":"Thameen Regent Leather Eau de Parfum unisex 100 ml"}]},{"@type":"WebSite","@id":"https:\/\/shopatoa.com\/ro\/#website","url":"https:\/\/shopatoa.com\/ro\/","name":"SHOPATOA","description":"","publisher":{"@id":"https:\/\/shopatoa.com\/ro\/#organization"},"potentialAction":[{"@type":"SearchAction","target":{"@type":"EntryPoint","urlTemplate":"https:\/\/shopatoa.com\/ro\/?s={search_term_string}"},"query-input":{"@type":"PropertyValueSpecification","valueRequired":true,"valueName":"search_term_string"}}],"inLanguage":"ro-RO"},{"@type":"Organization","@id":"https:\/\/shopatoa.com\/ro\/#organization","name":"SHOPATOA","url":"https:\/\/shopatoa.com\/ro\/","logo":{"@type":"ImageObject","inLanguage":"ro-RO","@id":"https:\/\/shopatoa.com\/ro\/#\/schema\/logo\/image\/","url":"https:\/\/storage.googleapis.com\/cz-shopatoa-img\/ro\/b4dac915-shopatoa_logo.png","contentUrl":"https:\/\/storage.googleapis.com\/cz-shopatoa-img\/ro\/b4dac915-shopatoa_logo.png","width":416,"height":63,"caption":"SHOPATOA"},"image":{"@id":"https:\/\/shopatoa.com\/ro\/#\/schema\/logo\/image\/"}}]}},"_links":{"self":[{"href":"https:\/\/shopatoa.com\/ro\/wp-json\/wp\/v2\/product\/497682","targetHints":{"allow":["GET"]}}],"collection":[{"href":"https:\/\/shopatoa.com\/ro\/wp-json\/wp\/v2\/product"}],"about":[{"href":"https:\/\/shopatoa.com\/ro\/wp-json\/wp\/v2\/types\/product"}],"replies":[{"embeddable":true,"href":"https:\/\/shopatoa.com\/ro\/wp-json\/wp\/v2\/comments?post=497682"}],"wp:featuredmedia":[{"embeddable":true,"href":"https:\/\/shopatoa.com\/ro\/wp-json\/wp\/v2\/media\/497683"}],"wp:attachment":[{"href":"https:\/\/shopatoa.com\/ro\/wp-json\/wp\/v2\/media?parent=497682"}],"wp:term":[{"taxonomy":"product_brand","embeddable":true,"href":"https:\/\/shopatoa.com\/ro\/wp-json\/wp\/v2\/product_brand?post=497682"},{"taxonomy":"product_cat","embeddable":true,"href":"https:\/\/shopatoa.com\/ro\/wp-json\/wp\/v2\/product_cat?post=497682"},{"taxonomy":"product_tag","embeddable":true,"href":"https:\/\/shopatoa.com\/ro\/wp-json\/wp\/v2\/product_tag?post=497682"}],"curies":[{"name":"wp","href":"https:\/\/api.w.org\/{rel}","templated":true}]}}