{"id":497987,"date":"2025-12-04T13:23:28","date_gmt":"2025-12-04T12:23:28","guid":{"rendered":"https:\/\/shopatoa.com\/ro\/bel-face-body-maxi-pads-dischete-demachiante-3x40-buc\/"},"modified":"2026-01-30T21:57:29","modified_gmt":"2026-01-30T20:57:29","slug":"bel-face-body-maxi-pads-dischete-demachiante-3x40-buc","status":"publish","type":"product","link":"https:\/\/shopatoa.com\/ro\/bel-face-body-maxi-pads-dischete-demachiante-3x40-buc\/","title":{"rendered":"Bel Face &amp; Body Maxi Pads dischete demachiante 3&#215;40 buc"},"content":{"rendered":"<p>Bel Face &amp; Body Maxi Pads, 3&#215;40 buc, Dischete demachiante pentru femei, Demachierea este un pas esen\u021bial pentru \u00eengrijirea tenului, care nu ar trebui omis niciodat\u0103. Dischetele demachiante Bel Face &amp; Body Maxi Pads ajut\u0103 la \u00eendep\u0103rtarea \u00eentregului machiaj de pe fa\u021b\u0103, cur\u0103\u021b\u0103 tenul \u0219i \u00eel preg\u0103tesc pentru urm\u0103toarea etap\u0103 a \u00eengrijirii.  Caracteristici:  form\u0103 oval\u0103 mai mare confec\u021bionat din material fin, dar puternic ajut\u0103 la \u00eendep\u0103rtarea machiajului \u0219i la cur\u0103\u021barea pielii nu irit\u0103 pielea sensibil\u0103 pentru \u00eengrijirea pielii de zi cu zi  Cum se utilizeaz\u0103: Aplica\u021bi produsul demachiant pe tamponul de machiaj \u0219i cur\u0103\u021ba\u021bi bine pielea cu mi\u0219c\u0103ri circulare.<\/p>\n","protected":false},"excerpt":{"rendered":"<p>Bel Face &amp; Body Maxi Pads, 3&#215;40 buc, Dischete demachiante pentru femei, Demachierea este un pas esen\u021bial pentru \u00eengrijirea tenului, care nu ar trebui omis niciodat\u0103. Dischetele demachiante Bel Face &amp; Body Maxi Pads ajut\u0103 la \u00eendep\u0103rtarea \u00eentregului machiaj de pe fa\u021b\u0103, cur\u0103\u021b\u0103 tenul \u0219i \u00eel preg\u0103tesc pentru urm\u0103toarea etap\u0103 a \u00eengrijirii. Caracteristici: form\u0103 oval\u0103&#8230;<\/p>\n","protected":false},"featured_media":497988,"comment_status":"closed","ping_status":"open","template":"","meta":{"_acf_changed":false,"_kadence_starter_templates_imported_post":false,"_kad_post_transparent":"","_kad_post_title":"","_kad_post_layout":"","_kad_post_sidebar_id":"","_kad_post_content_style":"","_kad_post_vertical_padding":"","_kad_post_feature":"","_kad_post_feature_position":"","_kad_post_header":false,"_kad_post_footer":false,"_kad_post_classname":""},"product_brand":[3292],"product_cat":[1564,3934,1563,3933,1562,3935],"product_tag":[],"class_list":{"0":"post-497987","1":"product","2":"type-product","3":"status-publish","4":"has-post-thumbnail","6":"product_brand-bel","7":"product_cat-cosmetice-ingrijire-personala","8":"product_cat-demachiante","9":"product_cat-ingrijire-personala","10":"product_cat-ingrijirea-tenului","11":"product_cat-sanatate-si-frumusete","12":"product_cat-tampoane-demachiante","13":"pa_gen-female","14":"pa_marime-3x40-buc","16":"first","17":"instock","18":"product-type-external","19":"entry","20":"content-bg","21":"loop-entry"},"acf":[],"yoast_head":"<!-- This site is optimized with the Yoast SEO plugin v27.3 - https:\/\/yoast.com\/product\/yoast-seo-wordpress\/ -->\n<title>Bel Face &amp; Body Maxi Pads dischete demachiante 3x40 buc - SHOPATOA.COM<\/title>\n<meta name=\"robots\" content=\"index, follow, max-snippet:-1, max-image-preview:large, max-video-preview:-1\" \/>\n<link rel=\"canonical\" href=\"https:\/\/shopatoa.com\/ro\/bel-face-body-maxi-pads-dischete-demachiante-3x40-buc\/\" \/>\n<meta property=\"og:locale\" content=\"ro_RO\" \/>\n<meta property=\"og:type\" content=\"article\" \/>\n<meta property=\"og:title\" content=\"Bel Face &amp; Body Maxi Pads dischete demachiante 3x40 buc - SHOPATOA.COM\" \/>\n<meta property=\"og:description\" content=\"Bel Face &amp; Body Maxi Pads, 3&#215;40 buc, Dischete demachiante pentru femei, Demachierea este un pas esen\u021bial pentru \u00eengrijirea tenului, care nu ar trebui omis niciodat\u0103. Dischetele demachiante Bel Face &amp; Body Maxi Pads ajut\u0103 la \u00eendep\u0103rtarea \u00eentregului machiaj de pe fa\u021b\u0103, cur\u0103\u021b\u0103 tenul \u0219i \u00eel preg\u0103tesc pentru urm\u0103toarea etap\u0103 a \u00eengrijirii. Caracteristici: form\u0103 oval\u0103...\" \/>\n<meta property=\"og:url\" content=\"https:\/\/shopatoa.com\/ro\/bel-face-body-maxi-pads-dischete-demachiante-3x40-buc\/\" \/>\n<meta property=\"og:site_name\" content=\"SHOPATOA\" \/>\n<meta property=\"article:modified_time\" content=\"2026-01-30T20:57:29+00:00\" \/>\n<meta property=\"og:image\" content=\"https:\/\/storage.googleapis.com\/cz-shopatoa-img\/ro\/b74f6f7b-4052199780672_01-o.jpg\" \/>\n\t<meta property=\"og:image:width\" content=\"800\" \/>\n\t<meta property=\"og:image:height\" content=\"800\" \/>\n\t<meta property=\"og:image:type\" content=\"image\/jpeg\" \/>\n<meta name=\"twitter:card\" content=\"summary_large_image\" \/>\n<meta name=\"twitter:label1\" content=\"Timp estimat pentru citire\" \/>\n\t<meta name=\"twitter:data1\" content=\"1 minut\" \/>\n<script type=\"application\/ld+json\" class=\"yoast-schema-graph\">{\"@context\":\"https:\\\/\\\/schema.org\",\"@graph\":[{\"@type\":\"WebPage\",\"@id\":\"https:\\\/\\\/shopatoa.com\\\/ro\\\/bel-face-body-maxi-pads-dischete-demachiante-3x40-buc\\\/\",\"url\":\"https:\\\/\\\/shopatoa.com\\\/ro\\\/bel-face-body-maxi-pads-dischete-demachiante-3x40-buc\\\/\",\"name\":\"Bel Face & Body Maxi Pads dischete demachiante 3x40 buc - SHOPATOA.COM\",\"isPartOf\":{\"@id\":\"https:\\\/\\\/shopatoa.com\\\/ro\\\/#website\"},\"primaryImageOfPage\":{\"@id\":\"https:\\\/\\\/shopatoa.com\\\/ro\\\/bel-face-body-maxi-pads-dischete-demachiante-3x40-buc\\\/#primaryimage\"},\"image\":{\"@id\":\"https:\\\/\\\/shopatoa.com\\\/ro\\\/bel-face-body-maxi-pads-dischete-demachiante-3x40-buc\\\/#primaryimage\"},\"thumbnailUrl\":\"https:\\\/\\\/storage.googleapis.com\\\/cz-shopatoa-img\\\/ro\\\/b74f6f7b-4052199780672_01-o.jpg\",\"datePublished\":\"2025-12-04T12:23:28+00:00\",\"dateModified\":\"2026-01-30T20:57:29+00:00\",\"breadcrumb\":{\"@id\":\"https:\\\/\\\/shopatoa.com\\\/ro\\\/bel-face-body-maxi-pads-dischete-demachiante-3x40-buc\\\/#breadcrumb\"},\"inLanguage\":\"ro-RO\",\"potentialAction\":[{\"@type\":\"ReadAction\",\"target\":[\"https:\\\/\\\/shopatoa.com\\\/ro\\\/bel-face-body-maxi-pads-dischete-demachiante-3x40-buc\\\/\"]}]},{\"@type\":\"ImageObject\",\"inLanguage\":\"ro-RO\",\"@id\":\"https:\\\/\\\/shopatoa.com\\\/ro\\\/bel-face-body-maxi-pads-dischete-demachiante-3x40-buc\\\/#primaryimage\",\"url\":\"https:\\\/\\\/storage.googleapis.com\\\/cz-shopatoa-img\\\/ro\\\/b74f6f7b-4052199780672_01-o.jpg\",\"contentUrl\":\"https:\\\/\\\/storage.googleapis.com\\\/cz-shopatoa-img\\\/ro\\\/b74f6f7b-4052199780672_01-o.jpg\",\"width\":800,\"height\":800},{\"@type\":\"BreadcrumbList\",\"@id\":\"https:\\\/\\\/shopatoa.com\\\/ro\\\/bel-face-body-maxi-pads-dischete-demachiante-3x40-buc\\\/#breadcrumb\",\"itemListElement\":[{\"@type\":\"ListItem\",\"position\":1,\"name\":\"Dom\u016f\",\"item\":\"https:\\\/\\\/shopatoa.com\\\/ro\\\/\"},{\"@type\":\"ListItem\",\"position\":2,\"name\":\"Shop\",\"item\":\"https:\\\/\\\/shopatoa.com\\\/ro\\\/shop\\\/\"},{\"@type\":\"ListItem\",\"position\":3,\"name\":\"S\u0103n\u0103tate \u0219i frumuse\u021be\",\"item\":\"https:\\\/\\\/shopatoa.com\\\/ro\\\/sanatate-si-frumusete\\\/\"},{\"@type\":\"ListItem\",\"position\":4,\"name\":\"\u00cengrijire personal\u0103\",\"item\":\"https:\\\/\\\/shopatoa.com\\\/ro\\\/ingrijire-personala\\\/\"},{\"@type\":\"ListItem\",\"position\":5,\"name\":\"Cosmetice\",\"item\":\"https:\\\/\\\/shopatoa.com\\\/ro\\\/cosmetice-ingrijire-personala\\\/\"},{\"@type\":\"ListItem\",\"position\":6,\"name\":\"\u00cengrijirea tenului\",\"item\":\"https:\\\/\\\/shopatoa.com\\\/ro\\\/ingrijirea-tenului\\\/\"},{\"@type\":\"ListItem\",\"position\":7,\"name\":\"Demachiante\",\"item\":\"https:\\\/\\\/shopatoa.com\\\/ro\\\/demachiante\\\/\"},{\"@type\":\"ListItem\",\"position\":8,\"name\":\"Tampoane demachiante\",\"item\":\"https:\\\/\\\/shopatoa.com\\\/ro\\\/tampoane-demachiante\\\/\"},{\"@type\":\"ListItem\",\"position\":9,\"name\":\"Bel Face &amp; Body Maxi Pads dischete demachiante 3&#215;40 buc\"}]},{\"@type\":\"WebSite\",\"@id\":\"https:\\\/\\\/shopatoa.com\\\/ro\\\/#website\",\"url\":\"https:\\\/\\\/shopatoa.com\\\/ro\\\/\",\"name\":\"SHOPATOA\",\"description\":\"\",\"publisher\":{\"@id\":\"https:\\\/\\\/shopatoa.com\\\/ro\\\/#organization\"},\"potentialAction\":[{\"@type\":\"SearchAction\",\"target\":{\"@type\":\"EntryPoint\",\"urlTemplate\":\"https:\\\/\\\/shopatoa.com\\\/ro\\\/?s={search_term_string}\"},\"query-input\":{\"@type\":\"PropertyValueSpecification\",\"valueRequired\":true,\"valueName\":\"search_term_string\"}}],\"inLanguage\":\"ro-RO\"},{\"@type\":\"Organization\",\"@id\":\"https:\\\/\\\/shopatoa.com\\\/ro\\\/#organization\",\"name\":\"SHOPATOA\",\"url\":\"https:\\\/\\\/shopatoa.com\\\/ro\\\/\",\"logo\":{\"@type\":\"ImageObject\",\"inLanguage\":\"ro-RO\",\"@id\":\"https:\\\/\\\/shopatoa.com\\\/ro\\\/#\\\/schema\\\/logo\\\/image\\\/\",\"url\":\"https:\\\/\\\/storage.googleapis.com\\\/cz-shopatoa-img\\\/ro\\\/b4dac915-shopatoa_logo.png\",\"contentUrl\":\"https:\\\/\\\/storage.googleapis.com\\\/cz-shopatoa-img\\\/ro\\\/b4dac915-shopatoa_logo.png\",\"width\":416,\"height\":63,\"caption\":\"SHOPATOA\"},\"image\":{\"@id\":\"https:\\\/\\\/shopatoa.com\\\/ro\\\/#\\\/schema\\\/logo\\\/image\\\/\"}}]}<\/script>\n<!-- \/ Yoast SEO plugin. -->","yoast_head_json":{"title":"Bel Face & Body Maxi Pads dischete demachiante 3x40 buc - SHOPATOA.COM","robots":{"index":"index","follow":"follow","max-snippet":"max-snippet:-1","max-image-preview":"max-image-preview:large","max-video-preview":"max-video-preview:-1"},"canonical":"https:\/\/shopatoa.com\/ro\/bel-face-body-maxi-pads-dischete-demachiante-3x40-buc\/","og_locale":"ro_RO","og_type":"article","og_title":"Bel Face & Body Maxi Pads dischete demachiante 3x40 buc - SHOPATOA.COM","og_description":"Bel Face &amp; Body Maxi Pads, 3&#215;40 buc, Dischete demachiante pentru femei, Demachierea este un pas esen\u021bial pentru \u00eengrijirea tenului, care nu ar trebui omis niciodat\u0103. Dischetele demachiante Bel Face &amp; Body Maxi Pads ajut\u0103 la \u00eendep\u0103rtarea \u00eentregului machiaj de pe fa\u021b\u0103, cur\u0103\u021b\u0103 tenul \u0219i \u00eel preg\u0103tesc pentru urm\u0103toarea etap\u0103 a \u00eengrijirii. Caracteristici: form\u0103 oval\u0103...","og_url":"https:\/\/shopatoa.com\/ro\/bel-face-body-maxi-pads-dischete-demachiante-3x40-buc\/","og_site_name":"SHOPATOA","article_modified_time":"2026-01-30T20:57:29+00:00","og_image":[{"width":800,"height":800,"url":"https:\/\/storage.googleapis.com\/cz-shopatoa-img\/ro\/b74f6f7b-4052199780672_01-o.jpg","type":"image\/jpeg"}],"twitter_card":"summary_large_image","twitter_misc":{"Timp estimat pentru citire":"1 minut"},"schema":{"@context":"https:\/\/schema.org","@graph":[{"@type":"WebPage","@id":"https:\/\/shopatoa.com\/ro\/bel-face-body-maxi-pads-dischete-demachiante-3x40-buc\/","url":"https:\/\/shopatoa.com\/ro\/bel-face-body-maxi-pads-dischete-demachiante-3x40-buc\/","name":"Bel Face & Body Maxi Pads dischete demachiante 3x40 buc - SHOPATOA.COM","isPartOf":{"@id":"https:\/\/shopatoa.com\/ro\/#website"},"primaryImageOfPage":{"@id":"https:\/\/shopatoa.com\/ro\/bel-face-body-maxi-pads-dischete-demachiante-3x40-buc\/#primaryimage"},"image":{"@id":"https:\/\/shopatoa.com\/ro\/bel-face-body-maxi-pads-dischete-demachiante-3x40-buc\/#primaryimage"},"thumbnailUrl":"https:\/\/storage.googleapis.com\/cz-shopatoa-img\/ro\/b74f6f7b-4052199780672_01-o.jpg","datePublished":"2025-12-04T12:23:28+00:00","dateModified":"2026-01-30T20:57:29+00:00","breadcrumb":{"@id":"https:\/\/shopatoa.com\/ro\/bel-face-body-maxi-pads-dischete-demachiante-3x40-buc\/#breadcrumb"},"inLanguage":"ro-RO","potentialAction":[{"@type":"ReadAction","target":["https:\/\/shopatoa.com\/ro\/bel-face-body-maxi-pads-dischete-demachiante-3x40-buc\/"]}]},{"@type":"ImageObject","inLanguage":"ro-RO","@id":"https:\/\/shopatoa.com\/ro\/bel-face-body-maxi-pads-dischete-demachiante-3x40-buc\/#primaryimage","url":"https:\/\/storage.googleapis.com\/cz-shopatoa-img\/ro\/b74f6f7b-4052199780672_01-o.jpg","contentUrl":"https:\/\/storage.googleapis.com\/cz-shopatoa-img\/ro\/b74f6f7b-4052199780672_01-o.jpg","width":800,"height":800},{"@type":"BreadcrumbList","@id":"https:\/\/shopatoa.com\/ro\/bel-face-body-maxi-pads-dischete-demachiante-3x40-buc\/#breadcrumb","itemListElement":[{"@type":"ListItem","position":1,"name":"Dom\u016f","item":"https:\/\/shopatoa.com\/ro\/"},{"@type":"ListItem","position":2,"name":"Shop","item":"https:\/\/shopatoa.com\/ro\/shop\/"},{"@type":"ListItem","position":3,"name":"S\u0103n\u0103tate \u0219i frumuse\u021be","item":"https:\/\/shopatoa.com\/ro\/sanatate-si-frumusete\/"},{"@type":"ListItem","position":4,"name":"\u00cengrijire personal\u0103","item":"https:\/\/shopatoa.com\/ro\/ingrijire-personala\/"},{"@type":"ListItem","position":5,"name":"Cosmetice","item":"https:\/\/shopatoa.com\/ro\/cosmetice-ingrijire-personala\/"},{"@type":"ListItem","position":6,"name":"\u00cengrijirea tenului","item":"https:\/\/shopatoa.com\/ro\/ingrijirea-tenului\/"},{"@type":"ListItem","position":7,"name":"Demachiante","item":"https:\/\/shopatoa.com\/ro\/demachiante\/"},{"@type":"ListItem","position":8,"name":"Tampoane demachiante","item":"https:\/\/shopatoa.com\/ro\/tampoane-demachiante\/"},{"@type":"ListItem","position":9,"name":"Bel Face &amp; Body Maxi Pads dischete demachiante 3&#215;40 buc"}]},{"@type":"WebSite","@id":"https:\/\/shopatoa.com\/ro\/#website","url":"https:\/\/shopatoa.com\/ro\/","name":"SHOPATOA","description":"","publisher":{"@id":"https:\/\/shopatoa.com\/ro\/#organization"},"potentialAction":[{"@type":"SearchAction","target":{"@type":"EntryPoint","urlTemplate":"https:\/\/shopatoa.com\/ro\/?s={search_term_string}"},"query-input":{"@type":"PropertyValueSpecification","valueRequired":true,"valueName":"search_term_string"}}],"inLanguage":"ro-RO"},{"@type":"Organization","@id":"https:\/\/shopatoa.com\/ro\/#organization","name":"SHOPATOA","url":"https:\/\/shopatoa.com\/ro\/","logo":{"@type":"ImageObject","inLanguage":"ro-RO","@id":"https:\/\/shopatoa.com\/ro\/#\/schema\/logo\/image\/","url":"https:\/\/storage.googleapis.com\/cz-shopatoa-img\/ro\/b4dac915-shopatoa_logo.png","contentUrl":"https:\/\/storage.googleapis.com\/cz-shopatoa-img\/ro\/b4dac915-shopatoa_logo.png","width":416,"height":63,"caption":"SHOPATOA"},"image":{"@id":"https:\/\/shopatoa.com\/ro\/#\/schema\/logo\/image\/"}}]}},"_links":{"self":[{"href":"https:\/\/shopatoa.com\/ro\/wp-json\/wp\/v2\/product\/497987","targetHints":{"allow":["GET"]}}],"collection":[{"href":"https:\/\/shopatoa.com\/ro\/wp-json\/wp\/v2\/product"}],"about":[{"href":"https:\/\/shopatoa.com\/ro\/wp-json\/wp\/v2\/types\/product"}],"replies":[{"embeddable":true,"href":"https:\/\/shopatoa.com\/ro\/wp-json\/wp\/v2\/comments?post=497987"}],"wp:featuredmedia":[{"embeddable":true,"href":"https:\/\/shopatoa.com\/ro\/wp-json\/wp\/v2\/media\/497988"}],"wp:attachment":[{"href":"https:\/\/shopatoa.com\/ro\/wp-json\/wp\/v2\/media?parent=497987"}],"wp:term":[{"taxonomy":"product_brand","embeddable":true,"href":"https:\/\/shopatoa.com\/ro\/wp-json\/wp\/v2\/product_brand?post=497987"},{"taxonomy":"product_cat","embeddable":true,"href":"https:\/\/shopatoa.com\/ro\/wp-json\/wp\/v2\/product_cat?post=497987"},{"taxonomy":"product_tag","embeddable":true,"href":"https:\/\/shopatoa.com\/ro\/wp-json\/wp\/v2\/product_tag?post=497987"}],"curies":[{"name":"wp","href":"https:\/\/api.w.org\/{rel}","templated":true}]}}