{"id":498148,"date":"2025-12-04T13:36:48","date_gmt":"2025-12-04T12:36:48","guid":{"rendered":"https:\/\/shopatoa.com\/ro\/schwarzkopf-professional-igora-zero-amm-culoare-permanenta-pentru-par-fara-amoniac-culoare-9-50-60-ml\/"},"modified":"2026-01-30T21:29:03","modified_gmt":"2026-01-30T20:29:03","slug":"schwarzkopf-professional-igora-zero-amm-culoare-permanenta-pentru-par-fara-amoniac-culoare-9-50-60-ml","status":"publish","type":"product","link":"https:\/\/shopatoa.com\/ro\/schwarzkopf-professional-igora-zero-amm-culoare-permanenta-pentru-par-fara-amoniac-culoare-9-50-60-ml\/","title":{"rendered":"Schwarzkopf Professional IGORA ZERO AMM Culoare permanenta pentru par f\u0103r\u0103 amoniac culoare 9-50 60 ml"},"content":{"rendered":"<p>Schwarzkopf Professional IGORA ZERO AMM, 60 ml, Vopsele de p\u0103r permanente pentru femei, Chiar i p\u0103rul vopsit se poate bucura de un aspect plin de naturale e care se men ine pentru mult timp. Folosind tehnologia Phytolipid, culoarea permanent\u0103 pentru p\u0103r f\u0103r\u0103 amoniac Schwarzkopf Professional IGORA ZERO AMM v\u0103 face o transformare uniform\u0103, acoperind firele albe i transform\u00e2ndu-v\u0103 look-ul cu o intensitate ce v\u0103 va aduce numai laude.  Caracteristici:  sigileaz\u0103 cuticulele de p\u0103r protej\u00e2nd i prelungind durata de via \u0103 a culorii vine cu o \u00eembun\u0103t\u0103 ire pentru direc ia, acoperirea i neutralizarea culorii p\u0103trunde \u00een ad\u00e2ncimea cortexului pentru o performan \u0103 avansat\u0103 p\u00e2n\u0103 la trei nivele de modificare a culorii (seriile 10) hidrateaz\u0103 firul de p\u0103r de la interior spre exterior ofer\u0103 p\u0103rului o acoperire 100% rezultate pline de naturale e  Ingrediente:  tehnologie Phytolipid \u2013 con ine un amestec de uleiuri micronizate i un amestec de pigmen i optimiza i pentru o penetrare egal\u0103 a culorii de la r\u0103d\u0103cini i p\u00e2n\u0103 la v\u00e2rfuri ulei din semin e de struguri, uleiuri din miez de caise \u2013 \u00eembun\u0103t\u0103 esc performan a culorii pentru rezultate de durat\u0103 Omega 9 \u2013 ajut\u0103 uleiurile s\u0103 acopere firele de p\u0103r sus in\u00e2nd astfel echilibrul de umiditate de la interior nu con ine amoniac  Aplicare: Numai pentru uz profesional. Se ine cont de instruc iunile incluse \u00een cutie. Poate fi folosit \u00eempreun\u0103 cu toate produsele IGORA Oil Developers. Pentru rezultate optime, nu se recomand\u0103 mixarea IGORA ZERO AMM cu vopselele crem\u0103 ESENSITY sau cu ESENSITY Developers.<\/p>\n","protected":false},"excerpt":{"rendered":"<p>Schwarzkopf Professional IGORA ZERO AMM, 60 ml, Vopsele de p\u0103r permanente pentru femei, Chiar i p\u0103rul vopsit se poate bucura de un aspect plin de naturale e care se men ine pentru mult timp. Folosind tehnologia Phytolipid, culoarea permanent\u0103 pentru p\u0103r f\u0103r\u0103 amoniac Schwarzkopf Professional IGORA ZERO AMM v\u0103 face o transformare uniform\u0103, acoperind firele&#8230;<\/p>\n","protected":false},"featured_media":497605,"comment_status":"closed","ping_status":"open","template":"","meta":{"_acf_changed":false,"_kadence_starter_templates_imported_post":false,"_kad_post_transparent":"","_kad_post_title":"","_kad_post_layout":"","_kad_post_sidebar_id":"","_kad_post_content_style":"","_kad_post_vertical_padding":"","_kad_post_feature":"","_kad_post_feature_position":"","_kad_post_header":false,"_kad_post_footer":false,"_kad_post_classname":""},"product_brand":[231],"product_cat":[1563,1590,1562,3899,3900],"product_tag":[],"class_list":{"0":"post-498148","1":"product","2":"type-product","3":"status-publish","4":"has-post-thumbnail","6":"product_brand-schwarzkopf-professional","7":"product_cat-ingrijire-personala","8":"product_cat-ingrijirea-parului","9":"product_cat-sanatate-si-frumusete","10":"product_cat-vopsele-pentru-par","11":"product_cat-vopsele-permanente-pentru-par","12":"pa_gen-female","13":"pa_marime-60-ml","15":"first","16":"instock","17":"product-type-external","18":"entry","19":"content-bg","20":"loop-entry"},"acf":[],"yoast_head":"<!-- This site is optimized with the Yoast SEO plugin v27.4 - https:\/\/yoast.com\/product\/yoast-seo-wordpress\/ -->\n<title>Schwarzkopf Professional IGORA ZERO AMM Culoare permanenta pentru par f\u0103r\u0103 amoniac culoare 9-50 60 ml - SHOPATOA.COM<\/title>\n<meta name=\"robots\" content=\"index, follow, max-snippet:-1, max-image-preview:large, max-video-preview:-1\" \/>\n<link rel=\"canonical\" href=\"https:\/\/shopatoa.com\/ro\/schwarzkopf-professional-igora-zero-amm-culoare-permanenta-pentru-par-fara-amoniac-culoare-9-50-60-ml\/\" \/>\n<meta property=\"og:locale\" content=\"ro_RO\" \/>\n<meta property=\"og:type\" content=\"article\" \/>\n<meta property=\"og:title\" content=\"Schwarzkopf Professional IGORA ZERO AMM Culoare permanenta pentru par f\u0103r\u0103 amoniac culoare 9-50 60 ml - SHOPATOA.COM\" \/>\n<meta property=\"og:description\" content=\"Schwarzkopf Professional IGORA ZERO AMM, 60 ml, Vopsele de p\u0103r permanente pentru femei, Chiar i p\u0103rul vopsit se poate bucura de un aspect plin de naturale e care se men ine pentru mult timp. Folosind tehnologia Phytolipid, culoarea permanent\u0103 pentru p\u0103r f\u0103r\u0103 amoniac Schwarzkopf Professional IGORA ZERO AMM v\u0103 face o transformare uniform\u0103, acoperind firele...\" \/>\n<meta property=\"og:url\" content=\"https:\/\/shopatoa.com\/ro\/schwarzkopf-professional-igora-zero-amm-culoare-permanenta-pentru-par-fara-amoniac-culoare-9-50-60-ml\/\" \/>\n<meta property=\"og:site_name\" content=\"SHOPATOA\" \/>\n<meta property=\"article:modified_time\" content=\"2026-01-30T20:29:03+00:00\" \/>\n<meta property=\"og:image\" content=\"https:\/\/storage.googleapis.com\/cz-shopatoa-img\/ro\/df7a6e87-4045787957853_01-o.jpg\" \/>\n\t<meta property=\"og:image:width\" content=\"800\" \/>\n\t<meta property=\"og:image:height\" content=\"800\" \/>\n\t<meta property=\"og:image:type\" content=\"image\/jpeg\" \/>\n<meta name=\"twitter:card\" content=\"summary_large_image\" \/>\n<meta name=\"twitter:label1\" content=\"Timp estimat pentru citire\" \/>\n\t<meta name=\"twitter:data1\" content=\"1 minut\" \/>\n<script type=\"application\/ld+json\" class=\"yoast-schema-graph\">{\"@context\":\"https:\\\/\\\/schema.org\",\"@graph\":[{\"@type\":\"WebPage\",\"@id\":\"https:\\\/\\\/shopatoa.com\\\/ro\\\/schwarzkopf-professional-igora-zero-amm-culoare-permanenta-pentru-par-fara-amoniac-culoare-9-50-60-ml\\\/\",\"url\":\"https:\\\/\\\/shopatoa.com\\\/ro\\\/schwarzkopf-professional-igora-zero-amm-culoare-permanenta-pentru-par-fara-amoniac-culoare-9-50-60-ml\\\/\",\"name\":\"Schwarzkopf Professional IGORA ZERO AMM Culoare permanenta pentru par f\u0103r\u0103 amoniac culoare 9-50 60 ml - SHOPATOA.COM\",\"isPartOf\":{\"@id\":\"https:\\\/\\\/shopatoa.com\\\/ro\\\/#website\"},\"primaryImageOfPage\":{\"@id\":\"https:\\\/\\\/shopatoa.com\\\/ro\\\/schwarzkopf-professional-igora-zero-amm-culoare-permanenta-pentru-par-fara-amoniac-culoare-9-50-60-ml\\\/#primaryimage\"},\"image\":{\"@id\":\"https:\\\/\\\/shopatoa.com\\\/ro\\\/schwarzkopf-professional-igora-zero-amm-culoare-permanenta-pentru-par-fara-amoniac-culoare-9-50-60-ml\\\/#primaryimage\"},\"thumbnailUrl\":\"https:\\\/\\\/storage.googleapis.com\\\/cz-shopatoa-img\\\/ro\\\/df7a6e87-4045787957853_01-o.jpg\",\"datePublished\":\"2025-12-04T12:36:48+00:00\",\"dateModified\":\"2026-01-30T20:29:03+00:00\",\"breadcrumb\":{\"@id\":\"https:\\\/\\\/shopatoa.com\\\/ro\\\/schwarzkopf-professional-igora-zero-amm-culoare-permanenta-pentru-par-fara-amoniac-culoare-9-50-60-ml\\\/#breadcrumb\"},\"inLanguage\":\"ro-RO\",\"potentialAction\":[{\"@type\":\"ReadAction\",\"target\":[\"https:\\\/\\\/shopatoa.com\\\/ro\\\/schwarzkopf-professional-igora-zero-amm-culoare-permanenta-pentru-par-fara-amoniac-culoare-9-50-60-ml\\\/\"]}]},{\"@type\":\"ImageObject\",\"inLanguage\":\"ro-RO\",\"@id\":\"https:\\\/\\\/shopatoa.com\\\/ro\\\/schwarzkopf-professional-igora-zero-amm-culoare-permanenta-pentru-par-fara-amoniac-culoare-9-50-60-ml\\\/#primaryimage\",\"url\":\"https:\\\/\\\/storage.googleapis.com\\\/cz-shopatoa-img\\\/ro\\\/df7a6e87-4045787957853_01-o.jpg\",\"contentUrl\":\"https:\\\/\\\/storage.googleapis.com\\\/cz-shopatoa-img\\\/ro\\\/df7a6e87-4045787957853_01-o.jpg\",\"width\":800,\"height\":800},{\"@type\":\"BreadcrumbList\",\"@id\":\"https:\\\/\\\/shopatoa.com\\\/ro\\\/schwarzkopf-professional-igora-zero-amm-culoare-permanenta-pentru-par-fara-amoniac-culoare-9-50-60-ml\\\/#breadcrumb\",\"itemListElement\":[{\"@type\":\"ListItem\",\"position\":1,\"name\":\"Dom\u016f\",\"item\":\"https:\\\/\\\/shopatoa.com\\\/ro\\\/\"},{\"@type\":\"ListItem\",\"position\":2,\"name\":\"Shop\",\"item\":\"https:\\\/\\\/shopatoa.com\\\/ro\\\/shop\\\/\"},{\"@type\":\"ListItem\",\"position\":3,\"name\":\"S\u0103n\u0103tate \u0219i frumuse\u021be\",\"item\":\"https:\\\/\\\/shopatoa.com\\\/ro\\\/sanatate-si-frumusete\\\/\"},{\"@type\":\"ListItem\",\"position\":4,\"name\":\"\u00cengrijire personal\u0103\",\"item\":\"https:\\\/\\\/shopatoa.com\\\/ro\\\/ingrijire-personala\\\/\"},{\"@type\":\"ListItem\",\"position\":5,\"name\":\"\u00cengrijirea p\u0103rului\",\"item\":\"https:\\\/\\\/shopatoa.com\\\/ro\\\/ingrijirea-parului\\\/\"},{\"@type\":\"ListItem\",\"position\":6,\"name\":\"Vopsele pentru p\u0103r\",\"item\":\"https:\\\/\\\/shopatoa.com\\\/ro\\\/vopsele-pentru-par\\\/\"},{\"@type\":\"ListItem\",\"position\":7,\"name\":\"Vopsele permanente pentru p\u0103r\",\"item\":\"https:\\\/\\\/shopatoa.com\\\/ro\\\/vopsele-permanente-pentru-par\\\/\"},{\"@type\":\"ListItem\",\"position\":8,\"name\":\"Schwarzkopf Professional IGORA ZERO AMM Culoare permanenta pentru par f\u0103r\u0103 amoniac culoare 9-50 60 ml\"}]},{\"@type\":\"WebSite\",\"@id\":\"https:\\\/\\\/shopatoa.com\\\/ro\\\/#website\",\"url\":\"https:\\\/\\\/shopatoa.com\\\/ro\\\/\",\"name\":\"SHOPATOA\",\"description\":\"\",\"publisher\":{\"@id\":\"https:\\\/\\\/shopatoa.com\\\/ro\\\/#organization\"},\"potentialAction\":[{\"@type\":\"SearchAction\",\"target\":{\"@type\":\"EntryPoint\",\"urlTemplate\":\"https:\\\/\\\/shopatoa.com\\\/ro\\\/?s={search_term_string}\"},\"query-input\":{\"@type\":\"PropertyValueSpecification\",\"valueRequired\":true,\"valueName\":\"search_term_string\"}}],\"inLanguage\":\"ro-RO\"},{\"@type\":\"Organization\",\"@id\":\"https:\\\/\\\/shopatoa.com\\\/ro\\\/#organization\",\"name\":\"SHOPATOA\",\"url\":\"https:\\\/\\\/shopatoa.com\\\/ro\\\/\",\"logo\":{\"@type\":\"ImageObject\",\"inLanguage\":\"ro-RO\",\"@id\":\"https:\\\/\\\/shopatoa.com\\\/ro\\\/#\\\/schema\\\/logo\\\/image\\\/\",\"url\":\"https:\\\/\\\/storage.googleapis.com\\\/cz-shopatoa-img\\\/ro\\\/b4dac915-shopatoa_logo.png\",\"contentUrl\":\"https:\\\/\\\/storage.googleapis.com\\\/cz-shopatoa-img\\\/ro\\\/b4dac915-shopatoa_logo.png\",\"width\":416,\"height\":63,\"caption\":\"SHOPATOA\"},\"image\":{\"@id\":\"https:\\\/\\\/shopatoa.com\\\/ro\\\/#\\\/schema\\\/logo\\\/image\\\/\"}}]}<\/script>\n<!-- \/ Yoast SEO plugin. -->","yoast_head_json":{"title":"Schwarzkopf Professional IGORA ZERO AMM Culoare permanenta pentru par f\u0103r\u0103 amoniac culoare 9-50 60 ml - SHOPATOA.COM","robots":{"index":"index","follow":"follow","max-snippet":"max-snippet:-1","max-image-preview":"max-image-preview:large","max-video-preview":"max-video-preview:-1"},"canonical":"https:\/\/shopatoa.com\/ro\/schwarzkopf-professional-igora-zero-amm-culoare-permanenta-pentru-par-fara-amoniac-culoare-9-50-60-ml\/","og_locale":"ro_RO","og_type":"article","og_title":"Schwarzkopf Professional IGORA ZERO AMM Culoare permanenta pentru par f\u0103r\u0103 amoniac culoare 9-50 60 ml - SHOPATOA.COM","og_description":"Schwarzkopf Professional IGORA ZERO AMM, 60 ml, Vopsele de p\u0103r permanente pentru femei, Chiar i p\u0103rul vopsit se poate bucura de un aspect plin de naturale e care se men ine pentru mult timp. Folosind tehnologia Phytolipid, culoarea permanent\u0103 pentru p\u0103r f\u0103r\u0103 amoniac Schwarzkopf Professional IGORA ZERO AMM v\u0103 face o transformare uniform\u0103, acoperind firele...","og_url":"https:\/\/shopatoa.com\/ro\/schwarzkopf-professional-igora-zero-amm-culoare-permanenta-pentru-par-fara-amoniac-culoare-9-50-60-ml\/","og_site_name":"SHOPATOA","article_modified_time":"2026-01-30T20:29:03+00:00","og_image":[{"width":800,"height":800,"url":"https:\/\/storage.googleapis.com\/cz-shopatoa-img\/ro\/df7a6e87-4045787957853_01-o.jpg","type":"image\/jpeg"}],"twitter_card":"summary_large_image","twitter_misc":{"Timp estimat pentru citire":"1 minut"},"schema":{"@context":"https:\/\/schema.org","@graph":[{"@type":"WebPage","@id":"https:\/\/shopatoa.com\/ro\/schwarzkopf-professional-igora-zero-amm-culoare-permanenta-pentru-par-fara-amoniac-culoare-9-50-60-ml\/","url":"https:\/\/shopatoa.com\/ro\/schwarzkopf-professional-igora-zero-amm-culoare-permanenta-pentru-par-fara-amoniac-culoare-9-50-60-ml\/","name":"Schwarzkopf Professional IGORA ZERO AMM Culoare permanenta pentru par f\u0103r\u0103 amoniac culoare 9-50 60 ml - SHOPATOA.COM","isPartOf":{"@id":"https:\/\/shopatoa.com\/ro\/#website"},"primaryImageOfPage":{"@id":"https:\/\/shopatoa.com\/ro\/schwarzkopf-professional-igora-zero-amm-culoare-permanenta-pentru-par-fara-amoniac-culoare-9-50-60-ml\/#primaryimage"},"image":{"@id":"https:\/\/shopatoa.com\/ro\/schwarzkopf-professional-igora-zero-amm-culoare-permanenta-pentru-par-fara-amoniac-culoare-9-50-60-ml\/#primaryimage"},"thumbnailUrl":"https:\/\/storage.googleapis.com\/cz-shopatoa-img\/ro\/df7a6e87-4045787957853_01-o.jpg","datePublished":"2025-12-04T12:36:48+00:00","dateModified":"2026-01-30T20:29:03+00:00","breadcrumb":{"@id":"https:\/\/shopatoa.com\/ro\/schwarzkopf-professional-igora-zero-amm-culoare-permanenta-pentru-par-fara-amoniac-culoare-9-50-60-ml\/#breadcrumb"},"inLanguage":"ro-RO","potentialAction":[{"@type":"ReadAction","target":["https:\/\/shopatoa.com\/ro\/schwarzkopf-professional-igora-zero-amm-culoare-permanenta-pentru-par-fara-amoniac-culoare-9-50-60-ml\/"]}]},{"@type":"ImageObject","inLanguage":"ro-RO","@id":"https:\/\/shopatoa.com\/ro\/schwarzkopf-professional-igora-zero-amm-culoare-permanenta-pentru-par-fara-amoniac-culoare-9-50-60-ml\/#primaryimage","url":"https:\/\/storage.googleapis.com\/cz-shopatoa-img\/ro\/df7a6e87-4045787957853_01-o.jpg","contentUrl":"https:\/\/storage.googleapis.com\/cz-shopatoa-img\/ro\/df7a6e87-4045787957853_01-o.jpg","width":800,"height":800},{"@type":"BreadcrumbList","@id":"https:\/\/shopatoa.com\/ro\/schwarzkopf-professional-igora-zero-amm-culoare-permanenta-pentru-par-fara-amoniac-culoare-9-50-60-ml\/#breadcrumb","itemListElement":[{"@type":"ListItem","position":1,"name":"Dom\u016f","item":"https:\/\/shopatoa.com\/ro\/"},{"@type":"ListItem","position":2,"name":"Shop","item":"https:\/\/shopatoa.com\/ro\/shop\/"},{"@type":"ListItem","position":3,"name":"S\u0103n\u0103tate \u0219i frumuse\u021be","item":"https:\/\/shopatoa.com\/ro\/sanatate-si-frumusete\/"},{"@type":"ListItem","position":4,"name":"\u00cengrijire personal\u0103","item":"https:\/\/shopatoa.com\/ro\/ingrijire-personala\/"},{"@type":"ListItem","position":5,"name":"\u00cengrijirea p\u0103rului","item":"https:\/\/shopatoa.com\/ro\/ingrijirea-parului\/"},{"@type":"ListItem","position":6,"name":"Vopsele pentru p\u0103r","item":"https:\/\/shopatoa.com\/ro\/vopsele-pentru-par\/"},{"@type":"ListItem","position":7,"name":"Vopsele permanente pentru p\u0103r","item":"https:\/\/shopatoa.com\/ro\/vopsele-permanente-pentru-par\/"},{"@type":"ListItem","position":8,"name":"Schwarzkopf Professional IGORA ZERO AMM Culoare permanenta pentru par f\u0103r\u0103 amoniac culoare 9-50 60 ml"}]},{"@type":"WebSite","@id":"https:\/\/shopatoa.com\/ro\/#website","url":"https:\/\/shopatoa.com\/ro\/","name":"SHOPATOA","description":"","publisher":{"@id":"https:\/\/shopatoa.com\/ro\/#organization"},"potentialAction":[{"@type":"SearchAction","target":{"@type":"EntryPoint","urlTemplate":"https:\/\/shopatoa.com\/ro\/?s={search_term_string}"},"query-input":{"@type":"PropertyValueSpecification","valueRequired":true,"valueName":"search_term_string"}}],"inLanguage":"ro-RO"},{"@type":"Organization","@id":"https:\/\/shopatoa.com\/ro\/#organization","name":"SHOPATOA","url":"https:\/\/shopatoa.com\/ro\/","logo":{"@type":"ImageObject","inLanguage":"ro-RO","@id":"https:\/\/shopatoa.com\/ro\/#\/schema\/logo\/image\/","url":"https:\/\/storage.googleapis.com\/cz-shopatoa-img\/ro\/b4dac915-shopatoa_logo.png","contentUrl":"https:\/\/storage.googleapis.com\/cz-shopatoa-img\/ro\/b4dac915-shopatoa_logo.png","width":416,"height":63,"caption":"SHOPATOA"},"image":{"@id":"https:\/\/shopatoa.com\/ro\/#\/schema\/logo\/image\/"}}]}},"_links":{"self":[{"href":"https:\/\/shopatoa.com\/ro\/wp-json\/wp\/v2\/product\/498148","targetHints":{"allow":["GET"]}}],"collection":[{"href":"https:\/\/shopatoa.com\/ro\/wp-json\/wp\/v2\/product"}],"about":[{"href":"https:\/\/shopatoa.com\/ro\/wp-json\/wp\/v2\/types\/product"}],"replies":[{"embeddable":true,"href":"https:\/\/shopatoa.com\/ro\/wp-json\/wp\/v2\/comments?post=498148"}],"wp:featuredmedia":[{"embeddable":true,"href":"https:\/\/shopatoa.com\/ro\/wp-json\/wp\/v2\/media\/497605"}],"wp:attachment":[{"href":"https:\/\/shopatoa.com\/ro\/wp-json\/wp\/v2\/media?parent=498148"}],"wp:term":[{"taxonomy":"product_brand","embeddable":true,"href":"https:\/\/shopatoa.com\/ro\/wp-json\/wp\/v2\/product_brand?post=498148"},{"taxonomy":"product_cat","embeddable":true,"href":"https:\/\/shopatoa.com\/ro\/wp-json\/wp\/v2\/product_cat?post=498148"},{"taxonomy":"product_tag","embeddable":true,"href":"https:\/\/shopatoa.com\/ro\/wp-json\/wp\/v2\/product_tag?post=498148"}],"curies":[{"name":"wp","href":"https:\/\/api.w.org\/{rel}","templated":true}]}}