{"id":498332,"date":"2025-12-04T13:51:57","date_gmt":"2025-12-04T12:51:57","guid":{"rendered":"https:\/\/shopatoa.com\/ro\/schwarzkopf-professional-igora-royal-culoare-par-culoare-3-0-dark-brown-natural-60-ml\/"},"modified":"2026-01-30T20:57:27","modified_gmt":"2026-01-30T19:57:27","slug":"schwarzkopf-professional-igora-royal-culoare-par-culoare-3-0-dark-brown-natural-60-ml","status":"publish","type":"product","link":"https:\/\/shopatoa.com\/ro\/schwarzkopf-professional-igora-royal-culoare-par-culoare-3-0-dark-brown-natural-60-ml\/","title":{"rendered":"Schwarzkopf Professional IGORA Royal culoare par culoare 3-0 Dark Brown Natural 60 ml"},"content":{"rendered":"<p>Schwarzkopf Professional IGORA Royal, 60 ml, Vopsele de p\u0103r permanente pentru femei, Spune i adio p\u0103rului cenu iu i bucura i-v\u0103 de o culoare perfect\u0103. Vopseaua de p\u0103r Schwarzkopf Professional IGORA Royal coloreaz\u0103 intens p\u0103rul, acoper\u0103 perfect firele cenu ii i con ine ingrediente de \u00eengrijire speciale, astfel \u00eenc\u00e2t p\u0103rul dvs. s\u0103 str\u0103luceasc\u0103 de s\u0103n\u0103tate. Oferi i-v\u0103 i dvs. acest lux.    Caracteristici:       \u00eengrije te delicat cuticula, f\u0103r\u0103 a o deteriora \u00een timpul vopsirii    confer\u0103 p\u0103rului o culoare intens\u0103    las\u0103 p\u0103rul str\u0103lucitor i moale    acoper\u0103 perfect firele albe     se aplic\u0103 u or      Ingrediente:            extract de moringa &#8211; protejeaz\u0103 p\u0103rul \u00een timpul vopsirii i \u00eei reface structura             complexul Color crystal &#8211; las\u0103 p\u0103rul neted i moale          Mod de aplicare: Vopseaua se amestec\u0103 cu revelatorul special dedicat Igora Royal Colorist Creme sau Igora Royal Colorist Color &amp; Care, \u00een urm\u0103toarele combina ii:   Pentru colorarea nuan elor mai \u00eenchise sau a celor pastel, folosi i revelator \u00een concentra ia 10 vol. (3 %).   Pentru acoperirea firelor cenu ii, decolorare u oar\u0103 cu p\u00e2n\u0103 la 2 nuan e sau vopsire ton pe ton, utiliza i revelatorul de 20 vol. (6 %).   Pentru decolorarea cu 2-3 nuan e, utiliza i revelator \u00een concentra ie de 30 vol. (9 %).   Pentru decolorare puternic\u0103 cu 3-4 nuan e, utiliza i revelator \u00een concentra ie de 40 vol. (12 %).<\/p>\n","protected":false},"excerpt":{"rendered":"<p>Schwarzkopf Professional IGORA Royal, 60 ml, Vopsele de p\u0103r permanente pentru femei, Spune i adio p\u0103rului cenu iu i bucura i-v\u0103 de o culoare perfect\u0103. Vopseaua de p\u0103r Schwarzkopf Professional IGORA Royal coloreaz\u0103 intens p\u0103rul, acoper\u0103 perfect firele cenu ii i con ine ingrediente de \u00eengrijire speciale, astfel \u00eenc\u00e2t p\u0103rul dvs. s\u0103 str\u0103luceasc\u0103 de s\u0103n\u0103tate&#8230;.<\/p>\n","protected":false},"featured_media":496708,"comment_status":"closed","ping_status":"open","template":"","meta":{"_acf_changed":false,"_kadence_starter_templates_imported_post":false,"_kad_post_transparent":"","_kad_post_title":"","_kad_post_layout":"","_kad_post_sidebar_id":"","_kad_post_content_style":"","_kad_post_vertical_padding":"","_kad_post_feature":"","_kad_post_feature_position":"","_kad_post_header":false,"_kad_post_footer":false,"_kad_post_classname":""},"product_brand":[231],"product_cat":[1563,1590,1562,3899,3900],"product_tag":[],"class_list":{"0":"post-498332","1":"product","2":"type-product","3":"status-publish","4":"has-post-thumbnail","6":"product_brand-schwarzkopf-professional","7":"product_cat-ingrijire-personala","8":"product_cat-ingrijirea-parului","9":"product_cat-sanatate-si-frumusete","10":"product_cat-vopsele-pentru-par","11":"product_cat-vopsele-permanente-pentru-par","12":"pa_gen-female","13":"pa_marime-60-ml","15":"first","16":"instock","17":"product-type-external","18":"entry","19":"content-bg","20":"loop-entry"},"acf":[],"yoast_head":"<!-- This site is optimized with the Yoast SEO plugin v27.4 - https:\/\/yoast.com\/product\/yoast-seo-wordpress\/ -->\n<title>Schwarzkopf Professional IGORA Royal culoare par culoare 3-0 Dark Brown Natural 60 ml - SHOPATOA.COM<\/title>\n<meta name=\"robots\" content=\"index, follow, max-snippet:-1, max-image-preview:large, max-video-preview:-1\" \/>\n<link rel=\"canonical\" href=\"https:\/\/shopatoa.com\/ro\/schwarzkopf-professional-igora-royal-culoare-par-culoare-3-0-dark-brown-natural-60-ml\/\" \/>\n<meta property=\"og:locale\" content=\"ro_RO\" \/>\n<meta property=\"og:type\" content=\"article\" \/>\n<meta property=\"og:title\" content=\"Schwarzkopf Professional IGORA Royal culoare par culoare 3-0 Dark Brown Natural 60 ml - SHOPATOA.COM\" \/>\n<meta property=\"og:description\" content=\"Schwarzkopf Professional IGORA Royal, 60 ml, Vopsele de p\u0103r permanente pentru femei, Spune i adio p\u0103rului cenu iu i bucura i-v\u0103 de o culoare perfect\u0103. Vopseaua de p\u0103r Schwarzkopf Professional IGORA Royal coloreaz\u0103 intens p\u0103rul, acoper\u0103 perfect firele cenu ii i con ine ingrediente de \u00eengrijire speciale, astfel \u00eenc\u00e2t p\u0103rul dvs. s\u0103 str\u0103luceasc\u0103 de s\u0103n\u0103tate....\" \/>\n<meta property=\"og:url\" content=\"https:\/\/shopatoa.com\/ro\/schwarzkopf-professional-igora-royal-culoare-par-culoare-3-0-dark-brown-natural-60-ml\/\" \/>\n<meta property=\"og:site_name\" content=\"SHOPATOA\" \/>\n<meta property=\"article:modified_time\" content=\"2026-01-30T19:57:27+00:00\" \/>\n<meta property=\"og:image\" content=\"https:\/\/storage.googleapis.com\/cz-shopatoa-img\/ro\/c1b01aef-4045787199345_01-o__23.jpg\" \/>\n\t<meta property=\"og:image:width\" content=\"800\" \/>\n\t<meta property=\"og:image:height\" content=\"800\" \/>\n\t<meta property=\"og:image:type\" content=\"image\/jpeg\" \/>\n<meta name=\"twitter:card\" content=\"summary_large_image\" \/>\n<meta name=\"twitter:label1\" content=\"Timp estimat pentru citire\" \/>\n\t<meta name=\"twitter:data1\" content=\"1 minut\" \/>\n<script type=\"application\/ld+json\" class=\"yoast-schema-graph\">{\"@context\":\"https:\\\/\\\/schema.org\",\"@graph\":[{\"@type\":\"WebPage\",\"@id\":\"https:\\\/\\\/shopatoa.com\\\/ro\\\/schwarzkopf-professional-igora-royal-culoare-par-culoare-3-0-dark-brown-natural-60-ml\\\/\",\"url\":\"https:\\\/\\\/shopatoa.com\\\/ro\\\/schwarzkopf-professional-igora-royal-culoare-par-culoare-3-0-dark-brown-natural-60-ml\\\/\",\"name\":\"Schwarzkopf Professional IGORA Royal culoare par culoare 3-0 Dark Brown Natural 60 ml - SHOPATOA.COM\",\"isPartOf\":{\"@id\":\"https:\\\/\\\/shopatoa.com\\\/ro\\\/#website\"},\"primaryImageOfPage\":{\"@id\":\"https:\\\/\\\/shopatoa.com\\\/ro\\\/schwarzkopf-professional-igora-royal-culoare-par-culoare-3-0-dark-brown-natural-60-ml\\\/#primaryimage\"},\"image\":{\"@id\":\"https:\\\/\\\/shopatoa.com\\\/ro\\\/schwarzkopf-professional-igora-royal-culoare-par-culoare-3-0-dark-brown-natural-60-ml\\\/#primaryimage\"},\"thumbnailUrl\":\"https:\\\/\\\/storage.googleapis.com\\\/cz-shopatoa-img\\\/ro\\\/c1b01aef-4045787199345_01-o__23.jpg\",\"datePublished\":\"2025-12-04T12:51:57+00:00\",\"dateModified\":\"2026-01-30T19:57:27+00:00\",\"breadcrumb\":{\"@id\":\"https:\\\/\\\/shopatoa.com\\\/ro\\\/schwarzkopf-professional-igora-royal-culoare-par-culoare-3-0-dark-brown-natural-60-ml\\\/#breadcrumb\"},\"inLanguage\":\"ro-RO\",\"potentialAction\":[{\"@type\":\"ReadAction\",\"target\":[\"https:\\\/\\\/shopatoa.com\\\/ro\\\/schwarzkopf-professional-igora-royal-culoare-par-culoare-3-0-dark-brown-natural-60-ml\\\/\"]}]},{\"@type\":\"ImageObject\",\"inLanguage\":\"ro-RO\",\"@id\":\"https:\\\/\\\/shopatoa.com\\\/ro\\\/schwarzkopf-professional-igora-royal-culoare-par-culoare-3-0-dark-brown-natural-60-ml\\\/#primaryimage\",\"url\":\"https:\\\/\\\/storage.googleapis.com\\\/cz-shopatoa-img\\\/ro\\\/c1b01aef-4045787199345_01-o__23.jpg\",\"contentUrl\":\"https:\\\/\\\/storage.googleapis.com\\\/cz-shopatoa-img\\\/ro\\\/c1b01aef-4045787199345_01-o__23.jpg\",\"width\":800,\"height\":800},{\"@type\":\"BreadcrumbList\",\"@id\":\"https:\\\/\\\/shopatoa.com\\\/ro\\\/schwarzkopf-professional-igora-royal-culoare-par-culoare-3-0-dark-brown-natural-60-ml\\\/#breadcrumb\",\"itemListElement\":[{\"@type\":\"ListItem\",\"position\":1,\"name\":\"Dom\u016f\",\"item\":\"https:\\\/\\\/shopatoa.com\\\/ro\\\/\"},{\"@type\":\"ListItem\",\"position\":2,\"name\":\"Shop\",\"item\":\"https:\\\/\\\/shopatoa.com\\\/ro\\\/shop\\\/\"},{\"@type\":\"ListItem\",\"position\":3,\"name\":\"S\u0103n\u0103tate \u0219i frumuse\u021be\",\"item\":\"https:\\\/\\\/shopatoa.com\\\/ro\\\/sanatate-si-frumusete\\\/\"},{\"@type\":\"ListItem\",\"position\":4,\"name\":\"\u00cengrijire personal\u0103\",\"item\":\"https:\\\/\\\/shopatoa.com\\\/ro\\\/ingrijire-personala\\\/\"},{\"@type\":\"ListItem\",\"position\":5,\"name\":\"\u00cengrijirea p\u0103rului\",\"item\":\"https:\\\/\\\/shopatoa.com\\\/ro\\\/ingrijirea-parului\\\/\"},{\"@type\":\"ListItem\",\"position\":6,\"name\":\"Vopsele pentru p\u0103r\",\"item\":\"https:\\\/\\\/shopatoa.com\\\/ro\\\/vopsele-pentru-par\\\/\"},{\"@type\":\"ListItem\",\"position\":7,\"name\":\"Vopsele permanente pentru p\u0103r\",\"item\":\"https:\\\/\\\/shopatoa.com\\\/ro\\\/vopsele-permanente-pentru-par\\\/\"},{\"@type\":\"ListItem\",\"position\":8,\"name\":\"Schwarzkopf Professional IGORA Royal culoare par culoare 3-0 Dark Brown Natural 60 ml\"}]},{\"@type\":\"WebSite\",\"@id\":\"https:\\\/\\\/shopatoa.com\\\/ro\\\/#website\",\"url\":\"https:\\\/\\\/shopatoa.com\\\/ro\\\/\",\"name\":\"SHOPATOA\",\"description\":\"\",\"publisher\":{\"@id\":\"https:\\\/\\\/shopatoa.com\\\/ro\\\/#organization\"},\"potentialAction\":[{\"@type\":\"SearchAction\",\"target\":{\"@type\":\"EntryPoint\",\"urlTemplate\":\"https:\\\/\\\/shopatoa.com\\\/ro\\\/?s={search_term_string}\"},\"query-input\":{\"@type\":\"PropertyValueSpecification\",\"valueRequired\":true,\"valueName\":\"search_term_string\"}}],\"inLanguage\":\"ro-RO\"},{\"@type\":\"Organization\",\"@id\":\"https:\\\/\\\/shopatoa.com\\\/ro\\\/#organization\",\"name\":\"SHOPATOA\",\"url\":\"https:\\\/\\\/shopatoa.com\\\/ro\\\/\",\"logo\":{\"@type\":\"ImageObject\",\"inLanguage\":\"ro-RO\",\"@id\":\"https:\\\/\\\/shopatoa.com\\\/ro\\\/#\\\/schema\\\/logo\\\/image\\\/\",\"url\":\"https:\\\/\\\/storage.googleapis.com\\\/cz-shopatoa-img\\\/ro\\\/b4dac915-shopatoa_logo.png\",\"contentUrl\":\"https:\\\/\\\/storage.googleapis.com\\\/cz-shopatoa-img\\\/ro\\\/b4dac915-shopatoa_logo.png\",\"width\":416,\"height\":63,\"caption\":\"SHOPATOA\"},\"image\":{\"@id\":\"https:\\\/\\\/shopatoa.com\\\/ro\\\/#\\\/schema\\\/logo\\\/image\\\/\"}}]}<\/script>\n<!-- \/ Yoast SEO plugin. -->","yoast_head_json":{"title":"Schwarzkopf Professional IGORA Royal culoare par culoare 3-0 Dark Brown Natural 60 ml - SHOPATOA.COM","robots":{"index":"index","follow":"follow","max-snippet":"max-snippet:-1","max-image-preview":"max-image-preview:large","max-video-preview":"max-video-preview:-1"},"canonical":"https:\/\/shopatoa.com\/ro\/schwarzkopf-professional-igora-royal-culoare-par-culoare-3-0-dark-brown-natural-60-ml\/","og_locale":"ro_RO","og_type":"article","og_title":"Schwarzkopf Professional IGORA Royal culoare par culoare 3-0 Dark Brown Natural 60 ml - SHOPATOA.COM","og_description":"Schwarzkopf Professional IGORA Royal, 60 ml, Vopsele de p\u0103r permanente pentru femei, Spune i adio p\u0103rului cenu iu i bucura i-v\u0103 de o culoare perfect\u0103. Vopseaua de p\u0103r Schwarzkopf Professional IGORA Royal coloreaz\u0103 intens p\u0103rul, acoper\u0103 perfect firele cenu ii i con ine ingrediente de \u00eengrijire speciale, astfel \u00eenc\u00e2t p\u0103rul dvs. s\u0103 str\u0103luceasc\u0103 de s\u0103n\u0103tate....","og_url":"https:\/\/shopatoa.com\/ro\/schwarzkopf-professional-igora-royal-culoare-par-culoare-3-0-dark-brown-natural-60-ml\/","og_site_name":"SHOPATOA","article_modified_time":"2026-01-30T19:57:27+00:00","og_image":[{"width":800,"height":800,"url":"https:\/\/storage.googleapis.com\/cz-shopatoa-img\/ro\/c1b01aef-4045787199345_01-o__23.jpg","type":"image\/jpeg"}],"twitter_card":"summary_large_image","twitter_misc":{"Timp estimat pentru citire":"1 minut"},"schema":{"@context":"https:\/\/schema.org","@graph":[{"@type":"WebPage","@id":"https:\/\/shopatoa.com\/ro\/schwarzkopf-professional-igora-royal-culoare-par-culoare-3-0-dark-brown-natural-60-ml\/","url":"https:\/\/shopatoa.com\/ro\/schwarzkopf-professional-igora-royal-culoare-par-culoare-3-0-dark-brown-natural-60-ml\/","name":"Schwarzkopf Professional IGORA Royal culoare par culoare 3-0 Dark Brown Natural 60 ml - SHOPATOA.COM","isPartOf":{"@id":"https:\/\/shopatoa.com\/ro\/#website"},"primaryImageOfPage":{"@id":"https:\/\/shopatoa.com\/ro\/schwarzkopf-professional-igora-royal-culoare-par-culoare-3-0-dark-brown-natural-60-ml\/#primaryimage"},"image":{"@id":"https:\/\/shopatoa.com\/ro\/schwarzkopf-professional-igora-royal-culoare-par-culoare-3-0-dark-brown-natural-60-ml\/#primaryimage"},"thumbnailUrl":"https:\/\/storage.googleapis.com\/cz-shopatoa-img\/ro\/c1b01aef-4045787199345_01-o__23.jpg","datePublished":"2025-12-04T12:51:57+00:00","dateModified":"2026-01-30T19:57:27+00:00","breadcrumb":{"@id":"https:\/\/shopatoa.com\/ro\/schwarzkopf-professional-igora-royal-culoare-par-culoare-3-0-dark-brown-natural-60-ml\/#breadcrumb"},"inLanguage":"ro-RO","potentialAction":[{"@type":"ReadAction","target":["https:\/\/shopatoa.com\/ro\/schwarzkopf-professional-igora-royal-culoare-par-culoare-3-0-dark-brown-natural-60-ml\/"]}]},{"@type":"ImageObject","inLanguage":"ro-RO","@id":"https:\/\/shopatoa.com\/ro\/schwarzkopf-professional-igora-royal-culoare-par-culoare-3-0-dark-brown-natural-60-ml\/#primaryimage","url":"https:\/\/storage.googleapis.com\/cz-shopatoa-img\/ro\/c1b01aef-4045787199345_01-o__23.jpg","contentUrl":"https:\/\/storage.googleapis.com\/cz-shopatoa-img\/ro\/c1b01aef-4045787199345_01-o__23.jpg","width":800,"height":800},{"@type":"BreadcrumbList","@id":"https:\/\/shopatoa.com\/ro\/schwarzkopf-professional-igora-royal-culoare-par-culoare-3-0-dark-brown-natural-60-ml\/#breadcrumb","itemListElement":[{"@type":"ListItem","position":1,"name":"Dom\u016f","item":"https:\/\/shopatoa.com\/ro\/"},{"@type":"ListItem","position":2,"name":"Shop","item":"https:\/\/shopatoa.com\/ro\/shop\/"},{"@type":"ListItem","position":3,"name":"S\u0103n\u0103tate \u0219i frumuse\u021be","item":"https:\/\/shopatoa.com\/ro\/sanatate-si-frumusete\/"},{"@type":"ListItem","position":4,"name":"\u00cengrijire personal\u0103","item":"https:\/\/shopatoa.com\/ro\/ingrijire-personala\/"},{"@type":"ListItem","position":5,"name":"\u00cengrijirea p\u0103rului","item":"https:\/\/shopatoa.com\/ro\/ingrijirea-parului\/"},{"@type":"ListItem","position":6,"name":"Vopsele pentru p\u0103r","item":"https:\/\/shopatoa.com\/ro\/vopsele-pentru-par\/"},{"@type":"ListItem","position":7,"name":"Vopsele permanente pentru p\u0103r","item":"https:\/\/shopatoa.com\/ro\/vopsele-permanente-pentru-par\/"},{"@type":"ListItem","position":8,"name":"Schwarzkopf Professional IGORA Royal culoare par culoare 3-0 Dark Brown Natural 60 ml"}]},{"@type":"WebSite","@id":"https:\/\/shopatoa.com\/ro\/#website","url":"https:\/\/shopatoa.com\/ro\/","name":"SHOPATOA","description":"","publisher":{"@id":"https:\/\/shopatoa.com\/ro\/#organization"},"potentialAction":[{"@type":"SearchAction","target":{"@type":"EntryPoint","urlTemplate":"https:\/\/shopatoa.com\/ro\/?s={search_term_string}"},"query-input":{"@type":"PropertyValueSpecification","valueRequired":true,"valueName":"search_term_string"}}],"inLanguage":"ro-RO"},{"@type":"Organization","@id":"https:\/\/shopatoa.com\/ro\/#organization","name":"SHOPATOA","url":"https:\/\/shopatoa.com\/ro\/","logo":{"@type":"ImageObject","inLanguage":"ro-RO","@id":"https:\/\/shopatoa.com\/ro\/#\/schema\/logo\/image\/","url":"https:\/\/storage.googleapis.com\/cz-shopatoa-img\/ro\/b4dac915-shopatoa_logo.png","contentUrl":"https:\/\/storage.googleapis.com\/cz-shopatoa-img\/ro\/b4dac915-shopatoa_logo.png","width":416,"height":63,"caption":"SHOPATOA"},"image":{"@id":"https:\/\/shopatoa.com\/ro\/#\/schema\/logo\/image\/"}}]}},"_links":{"self":[{"href":"https:\/\/shopatoa.com\/ro\/wp-json\/wp\/v2\/product\/498332","targetHints":{"allow":["GET"]}}],"collection":[{"href":"https:\/\/shopatoa.com\/ro\/wp-json\/wp\/v2\/product"}],"about":[{"href":"https:\/\/shopatoa.com\/ro\/wp-json\/wp\/v2\/types\/product"}],"replies":[{"embeddable":true,"href":"https:\/\/shopatoa.com\/ro\/wp-json\/wp\/v2\/comments?post=498332"}],"wp:featuredmedia":[{"embeddable":true,"href":"https:\/\/shopatoa.com\/ro\/wp-json\/wp\/v2\/media\/496708"}],"wp:attachment":[{"href":"https:\/\/shopatoa.com\/ro\/wp-json\/wp\/v2\/media?parent=498332"}],"wp:term":[{"taxonomy":"product_brand","embeddable":true,"href":"https:\/\/shopatoa.com\/ro\/wp-json\/wp\/v2\/product_brand?post=498332"},{"taxonomy":"product_cat","embeddable":true,"href":"https:\/\/shopatoa.com\/ro\/wp-json\/wp\/v2\/product_cat?post=498332"},{"taxonomy":"product_tag","embeddable":true,"href":"https:\/\/shopatoa.com\/ro\/wp-json\/wp\/v2\/product_tag?post=498332"}],"curies":[{"name":"wp","href":"https:\/\/api.w.org\/{rel}","templated":true}]}}