{"id":498449,"date":"2025-12-04T14:00:32","date_gmt":"2025-12-04T13:00:32","guid":{"rendered":"https:\/\/shopatoa.com\/ro\/niceboy-airblow-airstyler-1-buc\/"},"modified":"2026-01-30T20:38:18","modified_gmt":"2026-01-30T19:38:18","slug":"niceboy-airblow-airstyler-1-buc","status":"publish","type":"product","link":"https:\/\/shopatoa.com\/ro\/niceboy-airblow-airstyler-1-buc\/","title":{"rendered":"Niceboy AirBlow airstyler 1 buc"},"content":{"rendered":"<p>Niceboy AirBlow, 1 buc, Perii cu aer cald pentru p\u0103r pentru femei, \u00cen timpul aranj\u0103rii p\u0103rului, nu mai trebuie s\u0103 ave\u021bi m\u00e2inile \u00eenc\u0103rcate \u2013 \u00eentr-o m\u00e2n\u0103 usc\u0103torul de p\u0103r, iar \u00een cealalt\u0103 peria rotund\u0103 clasic\u0103. V\u0103 va fi de ajuns un singur ajutor practic, ondulatorul Niceboy AirBlow . Cu acest aparat de styling multifunc\u021bional, care ofer\u0103 simultan func\u021bii de usc\u0103tor de p\u0103r, perie rotund\u0103, ondulator \u0219i pieptene, v\u0103 pute\u021bi coafa p\u0103rul \u00een timp ce \u00eel usca\u021bi. Ob\u021bine\u021bi u\u0219or \u0219i rapid volumul dorit, o coafur\u0103 ondulat\u0103 u\u0219or sau mai mult, dar \u0219i natural dreapt\u0103. Datorit\u0103 aerului cald care circul\u0103 prin orificiile extensiei, v\u0103 ve\u021bi putea usca \u0219i coafa p\u0103rul \u00een acela\u0219i timp. Pe scurt, v\u0103 va oferi un aspect perfect ca de la salon \u0219i posibilitatea de a v\u0103 alege stilul \u00een func\u021bie de ocazie sau de dispozi\u021bia dvs. Aranjarea zilnic\u0103 a p\u0103rului va deveni astfel pentru dvs. o distrac\u021bie.  Setul con\u021bine:  Niceboy AirBlow airstyler 1 buc perie pentru formarea buclelor 1 buc duz\u0103 concentratoare 1 buc perie cu aer cald 1 buc  Caracteristici:  usuc\u0103 \u0219i modeleaz\u0103 p\u0103rul ofer\u0103 multiple op\u021biuni de stilizare a p\u0103rului ideal\u0103 pentru crearea unor bucle aerisite confer\u0103 volum coafurii las\u0103 p\u0103rul neted \u0219i lucios pentru orice tip de p\u0103r o diversitate de extensii, incluse \u00een pachet  Cum se utilizeaz\u0103: Se vor urma instruc\u021biunile de utilizare incluse.<\/p>\n","protected":false},"excerpt":{"rendered":"<p>Niceboy AirBlow, 1 buc, Perii cu aer cald pentru p\u0103r pentru femei, \u00cen timpul aranj\u0103rii p\u0103rului, nu mai trebuie s\u0103 ave\u021bi m\u00e2inile \u00eenc\u0103rcate \u2013 \u00eentr-o m\u00e2n\u0103 usc\u0103torul de p\u0103r, iar \u00een cealalt\u0103 peria rotund\u0103 clasic\u0103. V\u0103 va fi de ajuns un singur ajutor practic, ondulatorul Niceboy AirBlow . Cu acest aparat de styling multifunc\u021bional, care&#8230;<\/p>\n","protected":false},"featured_media":498450,"comment_status":"closed","ping_status":"open","template":"","meta":{"_acf_changed":false,"_kadence_starter_templates_imported_post":false,"_kad_post_transparent":"","_kad_post_title":"","_kad_post_layout":"","_kad_post_sidebar_id":"","_kad_post_content_style":"","_kad_post_vertical_padding":"","_kad_post_feature":"","_kad_post_feature_position":"","_kad_post_header":false,"_kad_post_footer":false,"_kad_post_classname":""},"product_brand":[2558],"product_cat":[1563,1590,3904,1562,3910],"product_tag":[],"class_list":{"0":"post-498449","1":"product","2":"type-product","3":"status-publish","4":"has-post-thumbnail","6":"product_brand-niceboy","7":"product_cat-ingrijire-personala","8":"product_cat-ingrijirea-parului","9":"product_cat-instrumente-pentru-coafat","10":"product_cat-sanatate-si-frumusete","11":"product_cat-uscatoare-de-par-instrumente-pentru-coafat","12":"pa_gen-female","13":"pa_marime-1-buc","15":"first","16":"instock","17":"product-type-external","18":"entry","19":"content-bg","20":"loop-entry"},"acf":[],"yoast_head":"<!-- This site is optimized with the Yoast SEO plugin v27.4 - https:\/\/yoast.com\/product\/yoast-seo-wordpress\/ -->\n<title>Niceboy AirBlow airstyler 1 buc - SHOPATOA.COM<\/title>\n<meta name=\"robots\" content=\"index, follow, max-snippet:-1, max-image-preview:large, max-video-preview:-1\" \/>\n<link rel=\"canonical\" href=\"https:\/\/shopatoa.com\/ro\/niceboy-airblow-airstyler-1-buc\/\" \/>\n<meta property=\"og:locale\" content=\"ro_RO\" \/>\n<meta property=\"og:type\" content=\"article\" \/>\n<meta property=\"og:title\" content=\"Niceboy AirBlow airstyler 1 buc - SHOPATOA.COM\" \/>\n<meta property=\"og:description\" content=\"Niceboy AirBlow, 1 buc, Perii cu aer cald pentru p\u0103r pentru femei, \u00cen timpul aranj\u0103rii p\u0103rului, nu mai trebuie s\u0103 ave\u021bi m\u00e2inile \u00eenc\u0103rcate \u2013 \u00eentr-o m\u00e2n\u0103 usc\u0103torul de p\u0103r, iar \u00een cealalt\u0103 peria rotund\u0103 clasic\u0103. V\u0103 va fi de ajuns un singur ajutor practic, ondulatorul Niceboy AirBlow . Cu acest aparat de styling multifunc\u021bional, care...\" \/>\n<meta property=\"og:url\" content=\"https:\/\/shopatoa.com\/ro\/niceboy-airblow-airstyler-1-buc\/\" \/>\n<meta property=\"og:site_name\" content=\"SHOPATOA\" \/>\n<meta property=\"article:modified_time\" content=\"2026-01-30T19:38:18+00:00\" \/>\n<meta property=\"og:image\" content=\"https:\/\/storage.googleapis.com\/cz-shopatoa-img\/ro\/318c4d1f-8594182432008_01.jpg\" \/>\n\t<meta property=\"og:image:width\" content=\"800\" \/>\n\t<meta property=\"og:image:height\" content=\"800\" \/>\n\t<meta property=\"og:image:type\" content=\"image\/jpeg\" \/>\n<meta name=\"twitter:card\" content=\"summary_large_image\" \/>\n<meta name=\"twitter:label1\" content=\"Timp estimat pentru citire\" \/>\n\t<meta name=\"twitter:data1\" content=\"1 minut\" \/>\n<script type=\"application\/ld+json\" class=\"yoast-schema-graph\">{\"@context\":\"https:\\\/\\\/schema.org\",\"@graph\":[{\"@type\":\"WebPage\",\"@id\":\"https:\\\/\\\/shopatoa.com\\\/ro\\\/niceboy-airblow-airstyler-1-buc\\\/\",\"url\":\"https:\\\/\\\/shopatoa.com\\\/ro\\\/niceboy-airblow-airstyler-1-buc\\\/\",\"name\":\"Niceboy AirBlow airstyler 1 buc - SHOPATOA.COM\",\"isPartOf\":{\"@id\":\"https:\\\/\\\/shopatoa.com\\\/ro\\\/#website\"},\"primaryImageOfPage\":{\"@id\":\"https:\\\/\\\/shopatoa.com\\\/ro\\\/niceboy-airblow-airstyler-1-buc\\\/#primaryimage\"},\"image\":{\"@id\":\"https:\\\/\\\/shopatoa.com\\\/ro\\\/niceboy-airblow-airstyler-1-buc\\\/#primaryimage\"},\"thumbnailUrl\":\"https:\\\/\\\/storage.googleapis.com\\\/cz-shopatoa-img\\\/ro\\\/318c4d1f-8594182432008_01.jpg\",\"datePublished\":\"2025-12-04T13:00:32+00:00\",\"dateModified\":\"2026-01-30T19:38:18+00:00\",\"breadcrumb\":{\"@id\":\"https:\\\/\\\/shopatoa.com\\\/ro\\\/niceboy-airblow-airstyler-1-buc\\\/#breadcrumb\"},\"inLanguage\":\"ro-RO\",\"potentialAction\":[{\"@type\":\"ReadAction\",\"target\":[\"https:\\\/\\\/shopatoa.com\\\/ro\\\/niceboy-airblow-airstyler-1-buc\\\/\"]}]},{\"@type\":\"ImageObject\",\"inLanguage\":\"ro-RO\",\"@id\":\"https:\\\/\\\/shopatoa.com\\\/ro\\\/niceboy-airblow-airstyler-1-buc\\\/#primaryimage\",\"url\":\"https:\\\/\\\/storage.googleapis.com\\\/cz-shopatoa-img\\\/ro\\\/318c4d1f-8594182432008_01.jpg\",\"contentUrl\":\"https:\\\/\\\/storage.googleapis.com\\\/cz-shopatoa-img\\\/ro\\\/318c4d1f-8594182432008_01.jpg\",\"width\":800,\"height\":800},{\"@type\":\"BreadcrumbList\",\"@id\":\"https:\\\/\\\/shopatoa.com\\\/ro\\\/niceboy-airblow-airstyler-1-buc\\\/#breadcrumb\",\"itemListElement\":[{\"@type\":\"ListItem\",\"position\":1,\"name\":\"Dom\u016f\",\"item\":\"https:\\\/\\\/shopatoa.com\\\/ro\\\/\"},{\"@type\":\"ListItem\",\"position\":2,\"name\":\"Shop\",\"item\":\"https:\\\/\\\/shopatoa.com\\\/ro\\\/shop\\\/\"},{\"@type\":\"ListItem\",\"position\":3,\"name\":\"S\u0103n\u0103tate \u0219i frumuse\u021be\",\"item\":\"https:\\\/\\\/shopatoa.com\\\/ro\\\/sanatate-si-frumusete\\\/\"},{\"@type\":\"ListItem\",\"position\":4,\"name\":\"\u00cengrijire personal\u0103\",\"item\":\"https:\\\/\\\/shopatoa.com\\\/ro\\\/ingrijire-personala\\\/\"},{\"@type\":\"ListItem\",\"position\":5,\"name\":\"\u00cengrijirea p\u0103rului\",\"item\":\"https:\\\/\\\/shopatoa.com\\\/ro\\\/ingrijirea-parului\\\/\"},{\"@type\":\"ListItem\",\"position\":6,\"name\":\"Instrumente pentru coafat\",\"item\":\"https:\\\/\\\/shopatoa.com\\\/ro\\\/instrumente-pentru-coafat\\\/\"},{\"@type\":\"ListItem\",\"position\":7,\"name\":\"Usc\u0103toare de p\u0103r\",\"item\":\"https:\\\/\\\/shopatoa.com\\\/ro\\\/uscatoare-de-par-instrumente-pentru-coafat\\\/\"},{\"@type\":\"ListItem\",\"position\":8,\"name\":\"Niceboy AirBlow airstyler 1 buc\"}]},{\"@type\":\"WebSite\",\"@id\":\"https:\\\/\\\/shopatoa.com\\\/ro\\\/#website\",\"url\":\"https:\\\/\\\/shopatoa.com\\\/ro\\\/\",\"name\":\"SHOPATOA\",\"description\":\"\",\"publisher\":{\"@id\":\"https:\\\/\\\/shopatoa.com\\\/ro\\\/#organization\"},\"potentialAction\":[{\"@type\":\"SearchAction\",\"target\":{\"@type\":\"EntryPoint\",\"urlTemplate\":\"https:\\\/\\\/shopatoa.com\\\/ro\\\/?s={search_term_string}\"},\"query-input\":{\"@type\":\"PropertyValueSpecification\",\"valueRequired\":true,\"valueName\":\"search_term_string\"}}],\"inLanguage\":\"ro-RO\"},{\"@type\":\"Organization\",\"@id\":\"https:\\\/\\\/shopatoa.com\\\/ro\\\/#organization\",\"name\":\"SHOPATOA\",\"url\":\"https:\\\/\\\/shopatoa.com\\\/ro\\\/\",\"logo\":{\"@type\":\"ImageObject\",\"inLanguage\":\"ro-RO\",\"@id\":\"https:\\\/\\\/shopatoa.com\\\/ro\\\/#\\\/schema\\\/logo\\\/image\\\/\",\"url\":\"https:\\\/\\\/storage.googleapis.com\\\/cz-shopatoa-img\\\/ro\\\/b4dac915-shopatoa_logo.png\",\"contentUrl\":\"https:\\\/\\\/storage.googleapis.com\\\/cz-shopatoa-img\\\/ro\\\/b4dac915-shopatoa_logo.png\",\"width\":416,\"height\":63,\"caption\":\"SHOPATOA\"},\"image\":{\"@id\":\"https:\\\/\\\/shopatoa.com\\\/ro\\\/#\\\/schema\\\/logo\\\/image\\\/\"}}]}<\/script>\n<!-- \/ Yoast SEO plugin. -->","yoast_head_json":{"title":"Niceboy AirBlow airstyler 1 buc - SHOPATOA.COM","robots":{"index":"index","follow":"follow","max-snippet":"max-snippet:-1","max-image-preview":"max-image-preview:large","max-video-preview":"max-video-preview:-1"},"canonical":"https:\/\/shopatoa.com\/ro\/niceboy-airblow-airstyler-1-buc\/","og_locale":"ro_RO","og_type":"article","og_title":"Niceboy AirBlow airstyler 1 buc - SHOPATOA.COM","og_description":"Niceboy AirBlow, 1 buc, Perii cu aer cald pentru p\u0103r pentru femei, \u00cen timpul aranj\u0103rii p\u0103rului, nu mai trebuie s\u0103 ave\u021bi m\u00e2inile \u00eenc\u0103rcate \u2013 \u00eentr-o m\u00e2n\u0103 usc\u0103torul de p\u0103r, iar \u00een cealalt\u0103 peria rotund\u0103 clasic\u0103. V\u0103 va fi de ajuns un singur ajutor practic, ondulatorul Niceboy AirBlow . Cu acest aparat de styling multifunc\u021bional, care...","og_url":"https:\/\/shopatoa.com\/ro\/niceboy-airblow-airstyler-1-buc\/","og_site_name":"SHOPATOA","article_modified_time":"2026-01-30T19:38:18+00:00","og_image":[{"width":800,"height":800,"url":"https:\/\/storage.googleapis.com\/cz-shopatoa-img\/ro\/318c4d1f-8594182432008_01.jpg","type":"image\/jpeg"}],"twitter_card":"summary_large_image","twitter_misc":{"Timp estimat pentru citire":"1 minut"},"schema":{"@context":"https:\/\/schema.org","@graph":[{"@type":"WebPage","@id":"https:\/\/shopatoa.com\/ro\/niceboy-airblow-airstyler-1-buc\/","url":"https:\/\/shopatoa.com\/ro\/niceboy-airblow-airstyler-1-buc\/","name":"Niceboy AirBlow airstyler 1 buc - SHOPATOA.COM","isPartOf":{"@id":"https:\/\/shopatoa.com\/ro\/#website"},"primaryImageOfPage":{"@id":"https:\/\/shopatoa.com\/ro\/niceboy-airblow-airstyler-1-buc\/#primaryimage"},"image":{"@id":"https:\/\/shopatoa.com\/ro\/niceboy-airblow-airstyler-1-buc\/#primaryimage"},"thumbnailUrl":"https:\/\/storage.googleapis.com\/cz-shopatoa-img\/ro\/318c4d1f-8594182432008_01.jpg","datePublished":"2025-12-04T13:00:32+00:00","dateModified":"2026-01-30T19:38:18+00:00","breadcrumb":{"@id":"https:\/\/shopatoa.com\/ro\/niceboy-airblow-airstyler-1-buc\/#breadcrumb"},"inLanguage":"ro-RO","potentialAction":[{"@type":"ReadAction","target":["https:\/\/shopatoa.com\/ro\/niceboy-airblow-airstyler-1-buc\/"]}]},{"@type":"ImageObject","inLanguage":"ro-RO","@id":"https:\/\/shopatoa.com\/ro\/niceboy-airblow-airstyler-1-buc\/#primaryimage","url":"https:\/\/storage.googleapis.com\/cz-shopatoa-img\/ro\/318c4d1f-8594182432008_01.jpg","contentUrl":"https:\/\/storage.googleapis.com\/cz-shopatoa-img\/ro\/318c4d1f-8594182432008_01.jpg","width":800,"height":800},{"@type":"BreadcrumbList","@id":"https:\/\/shopatoa.com\/ro\/niceboy-airblow-airstyler-1-buc\/#breadcrumb","itemListElement":[{"@type":"ListItem","position":1,"name":"Dom\u016f","item":"https:\/\/shopatoa.com\/ro\/"},{"@type":"ListItem","position":2,"name":"Shop","item":"https:\/\/shopatoa.com\/ro\/shop\/"},{"@type":"ListItem","position":3,"name":"S\u0103n\u0103tate \u0219i frumuse\u021be","item":"https:\/\/shopatoa.com\/ro\/sanatate-si-frumusete\/"},{"@type":"ListItem","position":4,"name":"\u00cengrijire personal\u0103","item":"https:\/\/shopatoa.com\/ro\/ingrijire-personala\/"},{"@type":"ListItem","position":5,"name":"\u00cengrijirea p\u0103rului","item":"https:\/\/shopatoa.com\/ro\/ingrijirea-parului\/"},{"@type":"ListItem","position":6,"name":"Instrumente pentru coafat","item":"https:\/\/shopatoa.com\/ro\/instrumente-pentru-coafat\/"},{"@type":"ListItem","position":7,"name":"Usc\u0103toare de p\u0103r","item":"https:\/\/shopatoa.com\/ro\/uscatoare-de-par-instrumente-pentru-coafat\/"},{"@type":"ListItem","position":8,"name":"Niceboy AirBlow airstyler 1 buc"}]},{"@type":"WebSite","@id":"https:\/\/shopatoa.com\/ro\/#website","url":"https:\/\/shopatoa.com\/ro\/","name":"SHOPATOA","description":"","publisher":{"@id":"https:\/\/shopatoa.com\/ro\/#organization"},"potentialAction":[{"@type":"SearchAction","target":{"@type":"EntryPoint","urlTemplate":"https:\/\/shopatoa.com\/ro\/?s={search_term_string}"},"query-input":{"@type":"PropertyValueSpecification","valueRequired":true,"valueName":"search_term_string"}}],"inLanguage":"ro-RO"},{"@type":"Organization","@id":"https:\/\/shopatoa.com\/ro\/#organization","name":"SHOPATOA","url":"https:\/\/shopatoa.com\/ro\/","logo":{"@type":"ImageObject","inLanguage":"ro-RO","@id":"https:\/\/shopatoa.com\/ro\/#\/schema\/logo\/image\/","url":"https:\/\/storage.googleapis.com\/cz-shopatoa-img\/ro\/b4dac915-shopatoa_logo.png","contentUrl":"https:\/\/storage.googleapis.com\/cz-shopatoa-img\/ro\/b4dac915-shopatoa_logo.png","width":416,"height":63,"caption":"SHOPATOA"},"image":{"@id":"https:\/\/shopatoa.com\/ro\/#\/schema\/logo\/image\/"}}]}},"_links":{"self":[{"href":"https:\/\/shopatoa.com\/ro\/wp-json\/wp\/v2\/product\/498449","targetHints":{"allow":["GET"]}}],"collection":[{"href":"https:\/\/shopatoa.com\/ro\/wp-json\/wp\/v2\/product"}],"about":[{"href":"https:\/\/shopatoa.com\/ro\/wp-json\/wp\/v2\/types\/product"}],"replies":[{"embeddable":true,"href":"https:\/\/shopatoa.com\/ro\/wp-json\/wp\/v2\/comments?post=498449"}],"wp:featuredmedia":[{"embeddable":true,"href":"https:\/\/shopatoa.com\/ro\/wp-json\/wp\/v2\/media\/498450"}],"wp:attachment":[{"href":"https:\/\/shopatoa.com\/ro\/wp-json\/wp\/v2\/media?parent=498449"}],"wp:term":[{"taxonomy":"product_brand","embeddable":true,"href":"https:\/\/shopatoa.com\/ro\/wp-json\/wp\/v2\/product_brand?post=498449"},{"taxonomy":"product_cat","embeddable":true,"href":"https:\/\/shopatoa.com\/ro\/wp-json\/wp\/v2\/product_cat?post=498449"},{"taxonomy":"product_tag","embeddable":true,"href":"https:\/\/shopatoa.com\/ro\/wp-json\/wp\/v2\/product_tag?post=498449"}],"curies":[{"name":"wp","href":"https:\/\/api.w.org\/{rel}","templated":true}]}}