{"id":498685,"date":"2025-12-04T14:18:50","date_gmt":"2025-12-04T13:18:50","guid":{"rendered":"https:\/\/shopatoa.com\/ro\/revlon-professional-revlonissimo-colorsmetique-mixers-culoare-permanenta-pentru-par-variante-de-culoare-017-60-ml\/"},"modified":"2026-01-30T20:01:03","modified_gmt":"2026-01-30T19:01:03","slug":"revlon-professional-revlonissimo-colorsmetique-mixers-culoare-permanenta-pentru-par-variante-de-culoare-017-60-ml","status":"publish","type":"product","link":"https:\/\/shopatoa.com\/ro\/revlon-professional-revlonissimo-colorsmetique-mixers-culoare-permanenta-pentru-par-variante-de-culoare-017-60-ml\/","title":{"rendered":"Revlon Professional Revlonissimo Colorsmetique Mixers Culoare permanenta pentru par variante de culoare 017 60 ml"},"content":{"rendered":"<p>Revlon Professional Revlonissimo Colorsmetique Mixers, 60 ml, Vopsele de p\u0103r permanente pentru femei, Vopsea permanent\u0103 pentru p\u0103r, pentru un rezultat radiant  Cum pute i ob ine un p\u0103r violet, albastru sau chiar verde care s\u0103 atrag\u0103 privirile? R\u0103spunsul la aceast\u0103 \u00eentrebare vine sub forma vopselei permanente pentru p\u0103r Revlon Professional Revlonissimo Colorsmetique Mixers. Aceast\u0103 vopsea deschide por ile c\u0103tre un univers de culori intense, pentru a crea rezultate personalizate i de lung\u0103 durat\u0103. Culorile pot fi combinate \u00eentre ele pentru a ob ine rezultatul dorit.  Caracteristici:  destinat\u0103 uzului profesional asigur\u0103 o culoare intens\u0103 de la r\u0103d\u0103cini p\u00e2n\u0103 la v\u00e2rfuri asigur\u0103 p\u0103rului un luciu nemaipomenit \u00eembun\u0103t\u0103 e te calitatea p\u0103rului \u00eenc\u0103 de la prima vopsire \u00eengrije te p\u0103rul \u00een timpul vopsirii\u00a0 neutralizeaz\u0103 metalele pentru protec ia fibrei capilare ofer\u0103 o acoperire de p\u00e2n\u0103 la 100% a firelor albe, pentru rezultate str\u0103lucitoare respect\u0103 scalpul  Ingrediente:  tehnologie KER_HA Complex \u2013 fortific\u0103 i protejeaz\u0103 p\u0103rul i asigur\u0103 o aplicare precis\u0103 a vopselei protec ie integrat\u0103 \u00eempotriva metalelor \u2013 neutralizeaz\u0103 metalele, protejeaz\u0103 fibrele capilare i fortific\u0103 structura de keratin\u0103 acid hialuronic \u2013 hidrateaz\u0103 p\u0103rul fitokeratin\u0103 \u2013 ajut\u0103 la protejarea, refacerea i consolidarea firului de p\u0103r molecul\u0103 antioxidant\u0103 \u2013 contribuie la rezultate de lung\u0103 durat\u0103  Mod de utilizare: Folosi i vopseaua Revlon Professional Revlonissimo Colorsmetique Mixers conform instruc iunilor produc\u0103torului.  Sfat Notino: \u00cen oferta brandului Revolution Professional ve i g\u0103si i alte vopsele pentru uz profesional, de exemplu vopselele Revlon Professional Revlonissimo Colorsmetique Copper Shades.<\/p>\n","protected":false},"excerpt":{"rendered":"<p>Revlon Professional Revlonissimo Colorsmetique Mixers, 60 ml, Vopsele de p\u0103r permanente pentru femei, Vopsea permanent\u0103 pentru p\u0103r, pentru un rezultat radiant Cum pute i ob ine un p\u0103r violet, albastru sau chiar verde care s\u0103 atrag\u0103 privirile? R\u0103spunsul la aceast\u0103 \u00eentrebare vine sub forma vopselei permanente pentru p\u0103r Revlon Professional Revlonissimo Colorsmetique Mixers. Aceast\u0103 vopsea&#8230;<\/p>\n","protected":false},"featured_media":498686,"comment_status":"closed","ping_status":"open","template":"","meta":{"_acf_changed":false,"_kadence_starter_templates_imported_post":false,"_kad_post_transparent":"","_kad_post_title":"","_kad_post_layout":"","_kad_post_sidebar_id":"","_kad_post_content_style":"","_kad_post_vertical_padding":"","_kad_post_feature":"","_kad_post_feature_position":"","_kad_post_header":false,"_kad_post_footer":false,"_kad_post_classname":""},"product_brand":[367],"product_cat":[1563,1590,1562,3899,3900],"product_tag":[],"class_list":{"0":"post-498685","1":"product","2":"type-product","3":"status-publish","4":"has-post-thumbnail","6":"product_brand-revlon-professional","7":"product_cat-ingrijire-personala","8":"product_cat-ingrijirea-parului","9":"product_cat-sanatate-si-frumusete","10":"product_cat-vopsele-pentru-par","11":"product_cat-vopsele-permanente-pentru-par","12":"pa_gen-female","13":"pa_marime-60-ml","15":"first","16":"instock","17":"product-type-external","18":"entry","19":"content-bg","20":"loop-entry"},"acf":[],"yoast_head":"<!-- This site is optimized with the Yoast SEO plugin v27.4 - https:\/\/yoast.com\/product\/yoast-seo-wordpress\/ -->\n<title>Revlon Professional Revlonissimo Colorsmetique Mixers Culoare permanenta pentru par variante de culoare 017 60 ml - SHOPATOA.COM<\/title>\n<meta name=\"robots\" content=\"index, follow, max-snippet:-1, max-image-preview:large, max-video-preview:-1\" \/>\n<link rel=\"canonical\" href=\"https:\/\/shopatoa.com\/ro\/revlon-professional-revlonissimo-colorsmetique-mixers-culoare-permanenta-pentru-par-variante-de-culoare-017-60-ml\/\" \/>\n<meta property=\"og:locale\" content=\"ro_RO\" \/>\n<meta property=\"og:type\" content=\"article\" \/>\n<meta property=\"og:title\" content=\"Revlon Professional Revlonissimo Colorsmetique Mixers Culoare permanenta pentru par variante de culoare 017 60 ml - SHOPATOA.COM\" \/>\n<meta property=\"og:description\" content=\"Revlon Professional Revlonissimo Colorsmetique Mixers, 60 ml, Vopsele de p\u0103r permanente pentru femei, Vopsea permanent\u0103 pentru p\u0103r, pentru un rezultat radiant Cum pute i ob ine un p\u0103r violet, albastru sau chiar verde care s\u0103 atrag\u0103 privirile? R\u0103spunsul la aceast\u0103 \u00eentrebare vine sub forma vopselei permanente pentru p\u0103r Revlon Professional Revlonissimo Colorsmetique Mixers. Aceast\u0103 vopsea...\" \/>\n<meta property=\"og:url\" content=\"https:\/\/shopatoa.com\/ro\/revlon-professional-revlonissimo-colorsmetique-mixers-culoare-permanenta-pentru-par-variante-de-culoare-017-60-ml\/\" \/>\n<meta property=\"og:site_name\" content=\"SHOPATOA\" \/>\n<meta property=\"article:modified_time\" content=\"2026-01-30T19:01:03+00:00\" \/>\n<meta property=\"og:image\" content=\"https:\/\/storage.googleapis.com\/cz-shopatoa-img\/ro\/fb9786c5-8007376057197_01.jpg\" \/>\n\t<meta property=\"og:image:width\" content=\"800\" \/>\n\t<meta property=\"og:image:height\" content=\"800\" \/>\n\t<meta property=\"og:image:type\" content=\"image\/jpeg\" \/>\n<meta name=\"twitter:card\" content=\"summary_large_image\" \/>\n<meta name=\"twitter:label1\" content=\"Timp estimat pentru citire\" \/>\n\t<meta name=\"twitter:data1\" content=\"1 minut\" \/>\n<script type=\"application\/ld+json\" class=\"yoast-schema-graph\">{\"@context\":\"https:\\\/\\\/schema.org\",\"@graph\":[{\"@type\":\"WebPage\",\"@id\":\"https:\\\/\\\/shopatoa.com\\\/ro\\\/revlon-professional-revlonissimo-colorsmetique-mixers-culoare-permanenta-pentru-par-variante-de-culoare-017-60-ml\\\/\",\"url\":\"https:\\\/\\\/shopatoa.com\\\/ro\\\/revlon-professional-revlonissimo-colorsmetique-mixers-culoare-permanenta-pentru-par-variante-de-culoare-017-60-ml\\\/\",\"name\":\"Revlon Professional Revlonissimo Colorsmetique Mixers Culoare permanenta pentru par variante de culoare 017 60 ml - SHOPATOA.COM\",\"isPartOf\":{\"@id\":\"https:\\\/\\\/shopatoa.com\\\/ro\\\/#website\"},\"primaryImageOfPage\":{\"@id\":\"https:\\\/\\\/shopatoa.com\\\/ro\\\/revlon-professional-revlonissimo-colorsmetique-mixers-culoare-permanenta-pentru-par-variante-de-culoare-017-60-ml\\\/#primaryimage\"},\"image\":{\"@id\":\"https:\\\/\\\/shopatoa.com\\\/ro\\\/revlon-professional-revlonissimo-colorsmetique-mixers-culoare-permanenta-pentru-par-variante-de-culoare-017-60-ml\\\/#primaryimage\"},\"thumbnailUrl\":\"https:\\\/\\\/storage.googleapis.com\\\/cz-shopatoa-img\\\/ro\\\/fb9786c5-8007376057197_01.jpg\",\"datePublished\":\"2025-12-04T13:18:50+00:00\",\"dateModified\":\"2026-01-30T19:01:03+00:00\",\"breadcrumb\":{\"@id\":\"https:\\\/\\\/shopatoa.com\\\/ro\\\/revlon-professional-revlonissimo-colorsmetique-mixers-culoare-permanenta-pentru-par-variante-de-culoare-017-60-ml\\\/#breadcrumb\"},\"inLanguage\":\"ro-RO\",\"potentialAction\":[{\"@type\":\"ReadAction\",\"target\":[\"https:\\\/\\\/shopatoa.com\\\/ro\\\/revlon-professional-revlonissimo-colorsmetique-mixers-culoare-permanenta-pentru-par-variante-de-culoare-017-60-ml\\\/\"]}]},{\"@type\":\"ImageObject\",\"inLanguage\":\"ro-RO\",\"@id\":\"https:\\\/\\\/shopatoa.com\\\/ro\\\/revlon-professional-revlonissimo-colorsmetique-mixers-culoare-permanenta-pentru-par-variante-de-culoare-017-60-ml\\\/#primaryimage\",\"url\":\"https:\\\/\\\/storage.googleapis.com\\\/cz-shopatoa-img\\\/ro\\\/fb9786c5-8007376057197_01.jpg\",\"contentUrl\":\"https:\\\/\\\/storage.googleapis.com\\\/cz-shopatoa-img\\\/ro\\\/fb9786c5-8007376057197_01.jpg\",\"width\":800,\"height\":800},{\"@type\":\"BreadcrumbList\",\"@id\":\"https:\\\/\\\/shopatoa.com\\\/ro\\\/revlon-professional-revlonissimo-colorsmetique-mixers-culoare-permanenta-pentru-par-variante-de-culoare-017-60-ml\\\/#breadcrumb\",\"itemListElement\":[{\"@type\":\"ListItem\",\"position\":1,\"name\":\"Dom\u016f\",\"item\":\"https:\\\/\\\/shopatoa.com\\\/ro\\\/\"},{\"@type\":\"ListItem\",\"position\":2,\"name\":\"Shop\",\"item\":\"https:\\\/\\\/shopatoa.com\\\/ro\\\/shop\\\/\"},{\"@type\":\"ListItem\",\"position\":3,\"name\":\"S\u0103n\u0103tate \u0219i frumuse\u021be\",\"item\":\"https:\\\/\\\/shopatoa.com\\\/ro\\\/sanatate-si-frumusete\\\/\"},{\"@type\":\"ListItem\",\"position\":4,\"name\":\"\u00cengrijire personal\u0103\",\"item\":\"https:\\\/\\\/shopatoa.com\\\/ro\\\/ingrijire-personala\\\/\"},{\"@type\":\"ListItem\",\"position\":5,\"name\":\"\u00cengrijirea p\u0103rului\",\"item\":\"https:\\\/\\\/shopatoa.com\\\/ro\\\/ingrijirea-parului\\\/\"},{\"@type\":\"ListItem\",\"position\":6,\"name\":\"Vopsele pentru p\u0103r\",\"item\":\"https:\\\/\\\/shopatoa.com\\\/ro\\\/vopsele-pentru-par\\\/\"},{\"@type\":\"ListItem\",\"position\":7,\"name\":\"Vopsele permanente pentru p\u0103r\",\"item\":\"https:\\\/\\\/shopatoa.com\\\/ro\\\/vopsele-permanente-pentru-par\\\/\"},{\"@type\":\"ListItem\",\"position\":8,\"name\":\"Revlon Professional Revlonissimo Colorsmetique Mixers Culoare permanenta pentru par variante de culoare 017 60 ml\"}]},{\"@type\":\"WebSite\",\"@id\":\"https:\\\/\\\/shopatoa.com\\\/ro\\\/#website\",\"url\":\"https:\\\/\\\/shopatoa.com\\\/ro\\\/\",\"name\":\"SHOPATOA\",\"description\":\"\",\"publisher\":{\"@id\":\"https:\\\/\\\/shopatoa.com\\\/ro\\\/#organization\"},\"potentialAction\":[{\"@type\":\"SearchAction\",\"target\":{\"@type\":\"EntryPoint\",\"urlTemplate\":\"https:\\\/\\\/shopatoa.com\\\/ro\\\/?s={search_term_string}\"},\"query-input\":{\"@type\":\"PropertyValueSpecification\",\"valueRequired\":true,\"valueName\":\"search_term_string\"}}],\"inLanguage\":\"ro-RO\"},{\"@type\":\"Organization\",\"@id\":\"https:\\\/\\\/shopatoa.com\\\/ro\\\/#organization\",\"name\":\"SHOPATOA\",\"url\":\"https:\\\/\\\/shopatoa.com\\\/ro\\\/\",\"logo\":{\"@type\":\"ImageObject\",\"inLanguage\":\"ro-RO\",\"@id\":\"https:\\\/\\\/shopatoa.com\\\/ro\\\/#\\\/schema\\\/logo\\\/image\\\/\",\"url\":\"https:\\\/\\\/storage.googleapis.com\\\/cz-shopatoa-img\\\/ro\\\/b4dac915-shopatoa_logo.png\",\"contentUrl\":\"https:\\\/\\\/storage.googleapis.com\\\/cz-shopatoa-img\\\/ro\\\/b4dac915-shopatoa_logo.png\",\"width\":416,\"height\":63,\"caption\":\"SHOPATOA\"},\"image\":{\"@id\":\"https:\\\/\\\/shopatoa.com\\\/ro\\\/#\\\/schema\\\/logo\\\/image\\\/\"}}]}<\/script>\n<!-- \/ Yoast SEO plugin. -->","yoast_head_json":{"title":"Revlon Professional Revlonissimo Colorsmetique Mixers Culoare permanenta pentru par variante de culoare 017 60 ml - SHOPATOA.COM","robots":{"index":"index","follow":"follow","max-snippet":"max-snippet:-1","max-image-preview":"max-image-preview:large","max-video-preview":"max-video-preview:-1"},"canonical":"https:\/\/shopatoa.com\/ro\/revlon-professional-revlonissimo-colorsmetique-mixers-culoare-permanenta-pentru-par-variante-de-culoare-017-60-ml\/","og_locale":"ro_RO","og_type":"article","og_title":"Revlon Professional Revlonissimo Colorsmetique Mixers Culoare permanenta pentru par variante de culoare 017 60 ml - SHOPATOA.COM","og_description":"Revlon Professional Revlonissimo Colorsmetique Mixers, 60 ml, Vopsele de p\u0103r permanente pentru femei, Vopsea permanent\u0103 pentru p\u0103r, pentru un rezultat radiant Cum pute i ob ine un p\u0103r violet, albastru sau chiar verde care s\u0103 atrag\u0103 privirile? R\u0103spunsul la aceast\u0103 \u00eentrebare vine sub forma vopselei permanente pentru p\u0103r Revlon Professional Revlonissimo Colorsmetique Mixers. Aceast\u0103 vopsea...","og_url":"https:\/\/shopatoa.com\/ro\/revlon-professional-revlonissimo-colorsmetique-mixers-culoare-permanenta-pentru-par-variante-de-culoare-017-60-ml\/","og_site_name":"SHOPATOA","article_modified_time":"2026-01-30T19:01:03+00:00","og_image":[{"width":800,"height":800,"url":"https:\/\/storage.googleapis.com\/cz-shopatoa-img\/ro\/fb9786c5-8007376057197_01.jpg","type":"image\/jpeg"}],"twitter_card":"summary_large_image","twitter_misc":{"Timp estimat pentru citire":"1 minut"},"schema":{"@context":"https:\/\/schema.org","@graph":[{"@type":"WebPage","@id":"https:\/\/shopatoa.com\/ro\/revlon-professional-revlonissimo-colorsmetique-mixers-culoare-permanenta-pentru-par-variante-de-culoare-017-60-ml\/","url":"https:\/\/shopatoa.com\/ro\/revlon-professional-revlonissimo-colorsmetique-mixers-culoare-permanenta-pentru-par-variante-de-culoare-017-60-ml\/","name":"Revlon Professional Revlonissimo Colorsmetique Mixers Culoare permanenta pentru par variante de culoare 017 60 ml - SHOPATOA.COM","isPartOf":{"@id":"https:\/\/shopatoa.com\/ro\/#website"},"primaryImageOfPage":{"@id":"https:\/\/shopatoa.com\/ro\/revlon-professional-revlonissimo-colorsmetique-mixers-culoare-permanenta-pentru-par-variante-de-culoare-017-60-ml\/#primaryimage"},"image":{"@id":"https:\/\/shopatoa.com\/ro\/revlon-professional-revlonissimo-colorsmetique-mixers-culoare-permanenta-pentru-par-variante-de-culoare-017-60-ml\/#primaryimage"},"thumbnailUrl":"https:\/\/storage.googleapis.com\/cz-shopatoa-img\/ro\/fb9786c5-8007376057197_01.jpg","datePublished":"2025-12-04T13:18:50+00:00","dateModified":"2026-01-30T19:01:03+00:00","breadcrumb":{"@id":"https:\/\/shopatoa.com\/ro\/revlon-professional-revlonissimo-colorsmetique-mixers-culoare-permanenta-pentru-par-variante-de-culoare-017-60-ml\/#breadcrumb"},"inLanguage":"ro-RO","potentialAction":[{"@type":"ReadAction","target":["https:\/\/shopatoa.com\/ro\/revlon-professional-revlonissimo-colorsmetique-mixers-culoare-permanenta-pentru-par-variante-de-culoare-017-60-ml\/"]}]},{"@type":"ImageObject","inLanguage":"ro-RO","@id":"https:\/\/shopatoa.com\/ro\/revlon-professional-revlonissimo-colorsmetique-mixers-culoare-permanenta-pentru-par-variante-de-culoare-017-60-ml\/#primaryimage","url":"https:\/\/storage.googleapis.com\/cz-shopatoa-img\/ro\/fb9786c5-8007376057197_01.jpg","contentUrl":"https:\/\/storage.googleapis.com\/cz-shopatoa-img\/ro\/fb9786c5-8007376057197_01.jpg","width":800,"height":800},{"@type":"BreadcrumbList","@id":"https:\/\/shopatoa.com\/ro\/revlon-professional-revlonissimo-colorsmetique-mixers-culoare-permanenta-pentru-par-variante-de-culoare-017-60-ml\/#breadcrumb","itemListElement":[{"@type":"ListItem","position":1,"name":"Dom\u016f","item":"https:\/\/shopatoa.com\/ro\/"},{"@type":"ListItem","position":2,"name":"Shop","item":"https:\/\/shopatoa.com\/ro\/shop\/"},{"@type":"ListItem","position":3,"name":"S\u0103n\u0103tate \u0219i frumuse\u021be","item":"https:\/\/shopatoa.com\/ro\/sanatate-si-frumusete\/"},{"@type":"ListItem","position":4,"name":"\u00cengrijire personal\u0103","item":"https:\/\/shopatoa.com\/ro\/ingrijire-personala\/"},{"@type":"ListItem","position":5,"name":"\u00cengrijirea p\u0103rului","item":"https:\/\/shopatoa.com\/ro\/ingrijirea-parului\/"},{"@type":"ListItem","position":6,"name":"Vopsele pentru p\u0103r","item":"https:\/\/shopatoa.com\/ro\/vopsele-pentru-par\/"},{"@type":"ListItem","position":7,"name":"Vopsele permanente pentru p\u0103r","item":"https:\/\/shopatoa.com\/ro\/vopsele-permanente-pentru-par\/"},{"@type":"ListItem","position":8,"name":"Revlon Professional Revlonissimo Colorsmetique Mixers Culoare permanenta pentru par variante de culoare 017 60 ml"}]},{"@type":"WebSite","@id":"https:\/\/shopatoa.com\/ro\/#website","url":"https:\/\/shopatoa.com\/ro\/","name":"SHOPATOA","description":"","publisher":{"@id":"https:\/\/shopatoa.com\/ro\/#organization"},"potentialAction":[{"@type":"SearchAction","target":{"@type":"EntryPoint","urlTemplate":"https:\/\/shopatoa.com\/ro\/?s={search_term_string}"},"query-input":{"@type":"PropertyValueSpecification","valueRequired":true,"valueName":"search_term_string"}}],"inLanguage":"ro-RO"},{"@type":"Organization","@id":"https:\/\/shopatoa.com\/ro\/#organization","name":"SHOPATOA","url":"https:\/\/shopatoa.com\/ro\/","logo":{"@type":"ImageObject","inLanguage":"ro-RO","@id":"https:\/\/shopatoa.com\/ro\/#\/schema\/logo\/image\/","url":"https:\/\/storage.googleapis.com\/cz-shopatoa-img\/ro\/b4dac915-shopatoa_logo.png","contentUrl":"https:\/\/storage.googleapis.com\/cz-shopatoa-img\/ro\/b4dac915-shopatoa_logo.png","width":416,"height":63,"caption":"SHOPATOA"},"image":{"@id":"https:\/\/shopatoa.com\/ro\/#\/schema\/logo\/image\/"}}]}},"_links":{"self":[{"href":"https:\/\/shopatoa.com\/ro\/wp-json\/wp\/v2\/product\/498685","targetHints":{"allow":["GET"]}}],"collection":[{"href":"https:\/\/shopatoa.com\/ro\/wp-json\/wp\/v2\/product"}],"about":[{"href":"https:\/\/shopatoa.com\/ro\/wp-json\/wp\/v2\/types\/product"}],"replies":[{"embeddable":true,"href":"https:\/\/shopatoa.com\/ro\/wp-json\/wp\/v2\/comments?post=498685"}],"wp:featuredmedia":[{"embeddable":true,"href":"https:\/\/shopatoa.com\/ro\/wp-json\/wp\/v2\/media\/498686"}],"wp:attachment":[{"href":"https:\/\/shopatoa.com\/ro\/wp-json\/wp\/v2\/media?parent=498685"}],"wp:term":[{"taxonomy":"product_brand","embeddable":true,"href":"https:\/\/shopatoa.com\/ro\/wp-json\/wp\/v2\/product_brand?post=498685"},{"taxonomy":"product_cat","embeddable":true,"href":"https:\/\/shopatoa.com\/ro\/wp-json\/wp\/v2\/product_cat?post=498685"},{"taxonomy":"product_tag","embeddable":true,"href":"https:\/\/shopatoa.com\/ro\/wp-json\/wp\/v2\/product_tag?post=498685"}],"curies":[{"name":"wp","href":"https:\/\/api.w.org\/{rel}","templated":true}]}}