{"id":498734,"date":"2025-12-04T14:22:52","date_gmt":"2025-12-04T13:22:52","guid":{"rendered":"https:\/\/shopatoa.com\/ro\/dyson-airwrap-i-d-hs08-t1-t2-ceramic-pink-rose-gold-multistyler-pentru-par-1-buc\/"},"modified":"2026-01-30T19:53:14","modified_gmt":"2026-01-30T18:53:14","slug":"dyson-airwrap-i-d-hs08-t1-t2-ceramic-pink-rose-gold-multistyler-pentru-par-1-buc","status":"publish","type":"product","link":"https:\/\/shopatoa.com\/ro\/dyson-airwrap-i-d-hs08-t1-t2-ceramic-pink-rose-gold-multistyler-pentru-par-1-buc\/","title":{"rendered":"Dyson Airwrap i.d.\u2122 HS08 T1\/T2 Ceramic Pink\/Rose Gold multistyler pentru p\u0103r 1 buc"},"content":{"rendered":"<p>Dyson Airwrap i.d.\u2122 HS08 T1\/T2 Ceramic Pink\/Rose Gold, 1 buc, Perii cu aer cald pentru p\u0103r pentru femei, Styling de nou\u0103 genera ie cu tehnologie care v\u0103 \u00een elege p\u0103rul  Descoperi i dispozitivul care va deveni coaforul dvs. personal. Multistyler-ul Dyson Airwrap i.d. HS08 T1\/T2 Ceramic Pink\/Rose Gold transform\u0103 aranjarea zilnic\u0103 a p\u0103rului \u00eentr-o experien \u0103 deosebit\u0103. Datorit\u0103 conect\u0103rii la aplica ia MyDyson\u2122, dispozitivul identific\u0103 nevoile p\u0103rului i adapteaz\u0103 fiecare detaliu al stylingului, de la temperatur\u0103 la timp. Tehnologia One touch i.d. Curl\u2122 creeaz\u0103 bucle perfecte printr-o simpl\u0103 ap\u0103sare de buton, folosind aer bl\u00e2nd, f\u0103r\u0103 c\u0103ldur\u0103 extrem\u0103. \u00cen pachet sunt incluse 6 accesorii care ofer\u0103 posibilit\u0103 i nelimitate pentru volum, netezime i valuri delicate, protej\u00e2nd \u00een acela i timp str\u0103lucirea natural\u0103 a p\u0103rului.  Caracteristici:  adapteaz\u0103 temperatura, fluxul de aer i timpul la tipul dvs. de p\u0103r creeaz\u0103 valuri i bucle cu ajutorul aerului, f\u0103r\u0103 c\u0103ldur\u0103 extrem\u0103 permite conectarea la aplica ia MyDyson\u2122 pentru styling personalizat alterneaz\u0103 automat fazele de ondulare, uscare i fixare ofer\u0103 ajust\u0103ri individuale ale timpului i temperaturii de styling pentru o protec ie maxim\u0103 a p\u0103rului alerteaz\u0103 cu privire la \u00eentre inere i ofer\u0103 sfaturi pentru \u00eengrijirea echipamentului \u00een nuan \u0103 delicat\u0103 de roz  Specifica ii tehnice:  reglare inteligent\u0103 a temperaturii \u2013 men ine temperatura sub 150 \u00b0 C, previne deteriorarea prin c\u0103ldur\u0103 extrem\u0103 i protejeaz\u0103 str\u0103lucirea p\u0103rului motor rapid, cu presiune mare \u2013 se rote te cu 110.000 rota ii pe minut tehnologie One touch i.d. Curl\u2122 \u2013 onduleaz\u0103 automat, modeleaz\u0103 i fixeaz\u0103 p\u0103rul conform profilului personal, salveaz\u0103 timpii ideali de coafare i faciliteaz\u0103 ob inerea buclelor perfecte bluetooth \u2013 permite conectarea multistyler-ului Dyson Airwrap i.d.\u2122 la aplica ia MyDyson\u2122 aplica ia MyDyson\u2122 \u2013 v\u0103 permite s\u0103 crea i un profil personal al p\u0103rului, s\u0103 seta i procedura individual\u0103 de ondulare, timpii i temperaturile ideale, s\u0103 cronometra i automat stylingul, s\u0103 primi i notific\u0103ri pentru \u00eentre inere i s\u0103 accesa i ghiduri de coafare i sfaturi personalizate efectul Coand\u0103 \u2013 creeaz\u0103 bucle delicat, folosind aerul, nu c\u0103ldur\u0103 extrem\u0103 ioni negativi \u2013 ajut\u0103 la reducerea electricit\u0103 ii statice i a firelor rebele de p\u0103r dimensiunile dispozitivului \u2013 27,2 \u00d7 4,8 \u00d7 4,1 mm flux de aer \u2013 13,5 l\/s lungime cablu \u2013 2,7 m putere \u2013 1.300 W greutate \u2013 550 g  Pachetul con ine:  multistyler Dyson Airwrap i.d.\u2122 ondulator conic\u0103 pentru bucle mai str\u00e2nse extensie de netezire cu efect Coand\u0103 extensie de uscare pentru preuscare rapid\u0103 40mm Airwrap\u2122 ondulator pentru bucle lejere perie rigid\u0103 de netezire pentru o coafur\u0103 dreapt\u0103 perie cilindric\u0103 mare, pentru volum perie pentru cur\u0103 area filtrului cutie de depozitare<\/p>\n","protected":false},"excerpt":{"rendered":"<p>Dyson Airwrap i.d.\u2122 HS08 T1\/T2 Ceramic Pink\/Rose Gold, 1 buc, Perii cu aer cald pentru p\u0103r pentru femei, Styling de nou\u0103 genera ie cu tehnologie care v\u0103 \u00een elege p\u0103rul Descoperi i dispozitivul care va deveni coaforul dvs. personal. Multistyler-ul Dyson Airwrap i.d. HS08 T1\/T2 Ceramic Pink\/Rose Gold transform\u0103 aranjarea zilnic\u0103 a p\u0103rului \u00eentr-o experien&#8230;<\/p>\n","protected":false},"featured_media":498735,"comment_status":"closed","ping_status":"open","template":"","meta":{"_acf_changed":false,"_kadence_starter_templates_imported_post":false,"_kad_post_transparent":"","_kad_post_title":"","_kad_post_layout":"","_kad_post_sidebar_id":"","_kad_post_content_style":"","_kad_post_vertical_padding":"","_kad_post_feature":"","_kad_post_feature_position":"","_kad_post_header":false,"_kad_post_footer":false,"_kad_post_classname":""},"product_brand":[2205],"product_cat":[1563,1590,3904,1562,3910],"product_tag":[],"class_list":{"0":"post-498734","1":"product","2":"type-product","3":"status-publish","4":"has-post-thumbnail","6":"product_brand-dyson","7":"product_cat-ingrijire-personala","8":"product_cat-ingrijirea-parului","9":"product_cat-instrumente-pentru-coafat","10":"product_cat-sanatate-si-frumusete","11":"product_cat-uscatoare-de-par-instrumente-pentru-coafat","12":"pa_gen-female","13":"pa_marime-1-buc","15":"first","16":"instock","17":"product-type-external","18":"entry","19":"content-bg","20":"loop-entry"},"acf":[],"yoast_head":"<!-- This site is optimized with the Yoast SEO plugin v27.4 - https:\/\/yoast.com\/product\/yoast-seo-wordpress\/ -->\n<title>Dyson Airwrap i.d.\u2122 HS08 T1\/T2 Ceramic Pink\/Rose Gold multistyler pentru p\u0103r 1 buc - SHOPATOA.COM<\/title>\n<meta name=\"robots\" content=\"index, follow, max-snippet:-1, max-image-preview:large, max-video-preview:-1\" \/>\n<link rel=\"canonical\" href=\"https:\/\/shopatoa.com\/ro\/dyson-airwrap-i-d-hs08-t1-t2-ceramic-pink-rose-gold-multistyler-pentru-par-1-buc\/\" \/>\n<meta property=\"og:locale\" content=\"ro_RO\" \/>\n<meta property=\"og:type\" content=\"article\" \/>\n<meta property=\"og:title\" content=\"Dyson Airwrap i.d.\u2122 HS08 T1\/T2 Ceramic Pink\/Rose Gold multistyler pentru p\u0103r 1 buc - SHOPATOA.COM\" \/>\n<meta property=\"og:description\" content=\"Dyson Airwrap i.d.\u2122 HS08 T1\/T2 Ceramic Pink\/Rose Gold, 1 buc, Perii cu aer cald pentru p\u0103r pentru femei, Styling de nou\u0103 genera ie cu tehnologie care v\u0103 \u00een elege p\u0103rul Descoperi i dispozitivul care va deveni coaforul dvs. personal. Multistyler-ul Dyson Airwrap i.d. HS08 T1\/T2 Ceramic Pink\/Rose Gold transform\u0103 aranjarea zilnic\u0103 a p\u0103rului \u00eentr-o experien...\" \/>\n<meta property=\"og:url\" content=\"https:\/\/shopatoa.com\/ro\/dyson-airwrap-i-d-hs08-t1-t2-ceramic-pink-rose-gold-multistyler-pentru-par-1-buc\/\" \/>\n<meta property=\"og:site_name\" content=\"SHOPATOA\" \/>\n<meta property=\"article:modified_time\" content=\"2026-01-30T18:53:14+00:00\" \/>\n<meta property=\"og:image\" content=\"https:\/\/storage.googleapis.com\/cz-shopatoa-img\/ro\/465cc388-5025155117187_01.jpg\" \/>\n\t<meta property=\"og:image:width\" content=\"800\" \/>\n\t<meta property=\"og:image:height\" content=\"800\" \/>\n\t<meta property=\"og:image:type\" content=\"image\/jpeg\" \/>\n<meta name=\"twitter:card\" content=\"summary_large_image\" \/>\n<meta name=\"twitter:label1\" content=\"Timp estimat pentru citire\" \/>\n\t<meta name=\"twitter:data1\" content=\"2 minute\" \/>\n<script type=\"application\/ld+json\" class=\"yoast-schema-graph\">{\"@context\":\"https:\\\/\\\/schema.org\",\"@graph\":[{\"@type\":\"WebPage\",\"@id\":\"https:\\\/\\\/shopatoa.com\\\/ro\\\/dyson-airwrap-i-d-hs08-t1-t2-ceramic-pink-rose-gold-multistyler-pentru-par-1-buc\\\/\",\"url\":\"https:\\\/\\\/shopatoa.com\\\/ro\\\/dyson-airwrap-i-d-hs08-t1-t2-ceramic-pink-rose-gold-multistyler-pentru-par-1-buc\\\/\",\"name\":\"Dyson Airwrap i.d.\u2122 HS08 T1\\\/T2 Ceramic Pink\\\/Rose Gold multistyler pentru p\u0103r 1 buc - SHOPATOA.COM\",\"isPartOf\":{\"@id\":\"https:\\\/\\\/shopatoa.com\\\/ro\\\/#website\"},\"primaryImageOfPage\":{\"@id\":\"https:\\\/\\\/shopatoa.com\\\/ro\\\/dyson-airwrap-i-d-hs08-t1-t2-ceramic-pink-rose-gold-multistyler-pentru-par-1-buc\\\/#primaryimage\"},\"image\":{\"@id\":\"https:\\\/\\\/shopatoa.com\\\/ro\\\/dyson-airwrap-i-d-hs08-t1-t2-ceramic-pink-rose-gold-multistyler-pentru-par-1-buc\\\/#primaryimage\"},\"thumbnailUrl\":\"https:\\\/\\\/storage.googleapis.com\\\/cz-shopatoa-img\\\/ro\\\/465cc388-5025155117187_01.jpg\",\"datePublished\":\"2025-12-04T13:22:52+00:00\",\"dateModified\":\"2026-01-30T18:53:14+00:00\",\"breadcrumb\":{\"@id\":\"https:\\\/\\\/shopatoa.com\\\/ro\\\/dyson-airwrap-i-d-hs08-t1-t2-ceramic-pink-rose-gold-multistyler-pentru-par-1-buc\\\/#breadcrumb\"},\"inLanguage\":\"ro-RO\",\"potentialAction\":[{\"@type\":\"ReadAction\",\"target\":[\"https:\\\/\\\/shopatoa.com\\\/ro\\\/dyson-airwrap-i-d-hs08-t1-t2-ceramic-pink-rose-gold-multistyler-pentru-par-1-buc\\\/\"]}]},{\"@type\":\"ImageObject\",\"inLanguage\":\"ro-RO\",\"@id\":\"https:\\\/\\\/shopatoa.com\\\/ro\\\/dyson-airwrap-i-d-hs08-t1-t2-ceramic-pink-rose-gold-multistyler-pentru-par-1-buc\\\/#primaryimage\",\"url\":\"https:\\\/\\\/storage.googleapis.com\\\/cz-shopatoa-img\\\/ro\\\/465cc388-5025155117187_01.jpg\",\"contentUrl\":\"https:\\\/\\\/storage.googleapis.com\\\/cz-shopatoa-img\\\/ro\\\/465cc388-5025155117187_01.jpg\",\"width\":800,\"height\":800},{\"@type\":\"BreadcrumbList\",\"@id\":\"https:\\\/\\\/shopatoa.com\\\/ro\\\/dyson-airwrap-i-d-hs08-t1-t2-ceramic-pink-rose-gold-multistyler-pentru-par-1-buc\\\/#breadcrumb\",\"itemListElement\":[{\"@type\":\"ListItem\",\"position\":1,\"name\":\"Dom\u016f\",\"item\":\"https:\\\/\\\/shopatoa.com\\\/ro\\\/\"},{\"@type\":\"ListItem\",\"position\":2,\"name\":\"Shop\",\"item\":\"https:\\\/\\\/shopatoa.com\\\/ro\\\/shop\\\/\"},{\"@type\":\"ListItem\",\"position\":3,\"name\":\"S\u0103n\u0103tate \u0219i frumuse\u021be\",\"item\":\"https:\\\/\\\/shopatoa.com\\\/ro\\\/sanatate-si-frumusete\\\/\"},{\"@type\":\"ListItem\",\"position\":4,\"name\":\"\u00cengrijire personal\u0103\",\"item\":\"https:\\\/\\\/shopatoa.com\\\/ro\\\/ingrijire-personala\\\/\"},{\"@type\":\"ListItem\",\"position\":5,\"name\":\"\u00cengrijirea p\u0103rului\",\"item\":\"https:\\\/\\\/shopatoa.com\\\/ro\\\/ingrijirea-parului\\\/\"},{\"@type\":\"ListItem\",\"position\":6,\"name\":\"Instrumente pentru coafat\",\"item\":\"https:\\\/\\\/shopatoa.com\\\/ro\\\/instrumente-pentru-coafat\\\/\"},{\"@type\":\"ListItem\",\"position\":7,\"name\":\"Usc\u0103toare de p\u0103r\",\"item\":\"https:\\\/\\\/shopatoa.com\\\/ro\\\/uscatoare-de-par-instrumente-pentru-coafat\\\/\"},{\"@type\":\"ListItem\",\"position\":8,\"name\":\"Dyson Airwrap i.d.\u2122 HS08 T1\\\/T2 Ceramic Pink\\\/Rose Gold multistyler pentru p\u0103r 1 buc\"}]},{\"@type\":\"WebSite\",\"@id\":\"https:\\\/\\\/shopatoa.com\\\/ro\\\/#website\",\"url\":\"https:\\\/\\\/shopatoa.com\\\/ro\\\/\",\"name\":\"SHOPATOA\",\"description\":\"\",\"publisher\":{\"@id\":\"https:\\\/\\\/shopatoa.com\\\/ro\\\/#organization\"},\"potentialAction\":[{\"@type\":\"SearchAction\",\"target\":{\"@type\":\"EntryPoint\",\"urlTemplate\":\"https:\\\/\\\/shopatoa.com\\\/ro\\\/?s={search_term_string}\"},\"query-input\":{\"@type\":\"PropertyValueSpecification\",\"valueRequired\":true,\"valueName\":\"search_term_string\"}}],\"inLanguage\":\"ro-RO\"},{\"@type\":\"Organization\",\"@id\":\"https:\\\/\\\/shopatoa.com\\\/ro\\\/#organization\",\"name\":\"SHOPATOA\",\"url\":\"https:\\\/\\\/shopatoa.com\\\/ro\\\/\",\"logo\":{\"@type\":\"ImageObject\",\"inLanguage\":\"ro-RO\",\"@id\":\"https:\\\/\\\/shopatoa.com\\\/ro\\\/#\\\/schema\\\/logo\\\/image\\\/\",\"url\":\"https:\\\/\\\/storage.googleapis.com\\\/cz-shopatoa-img\\\/ro\\\/b4dac915-shopatoa_logo.png\",\"contentUrl\":\"https:\\\/\\\/storage.googleapis.com\\\/cz-shopatoa-img\\\/ro\\\/b4dac915-shopatoa_logo.png\",\"width\":416,\"height\":63,\"caption\":\"SHOPATOA\"},\"image\":{\"@id\":\"https:\\\/\\\/shopatoa.com\\\/ro\\\/#\\\/schema\\\/logo\\\/image\\\/\"}}]}<\/script>\n<!-- \/ Yoast SEO plugin. -->","yoast_head_json":{"title":"Dyson Airwrap i.d.\u2122 HS08 T1\/T2 Ceramic Pink\/Rose Gold multistyler pentru p\u0103r 1 buc - SHOPATOA.COM","robots":{"index":"index","follow":"follow","max-snippet":"max-snippet:-1","max-image-preview":"max-image-preview:large","max-video-preview":"max-video-preview:-1"},"canonical":"https:\/\/shopatoa.com\/ro\/dyson-airwrap-i-d-hs08-t1-t2-ceramic-pink-rose-gold-multistyler-pentru-par-1-buc\/","og_locale":"ro_RO","og_type":"article","og_title":"Dyson Airwrap i.d.\u2122 HS08 T1\/T2 Ceramic Pink\/Rose Gold multistyler pentru p\u0103r 1 buc - SHOPATOA.COM","og_description":"Dyson Airwrap i.d.\u2122 HS08 T1\/T2 Ceramic Pink\/Rose Gold, 1 buc, Perii cu aer cald pentru p\u0103r pentru femei, Styling de nou\u0103 genera ie cu tehnologie care v\u0103 \u00een elege p\u0103rul Descoperi i dispozitivul care va deveni coaforul dvs. personal. Multistyler-ul Dyson Airwrap i.d. HS08 T1\/T2 Ceramic Pink\/Rose Gold transform\u0103 aranjarea zilnic\u0103 a p\u0103rului \u00eentr-o experien...","og_url":"https:\/\/shopatoa.com\/ro\/dyson-airwrap-i-d-hs08-t1-t2-ceramic-pink-rose-gold-multistyler-pentru-par-1-buc\/","og_site_name":"SHOPATOA","article_modified_time":"2026-01-30T18:53:14+00:00","og_image":[{"width":800,"height":800,"url":"https:\/\/storage.googleapis.com\/cz-shopatoa-img\/ro\/465cc388-5025155117187_01.jpg","type":"image\/jpeg"}],"twitter_card":"summary_large_image","twitter_misc":{"Timp estimat pentru citire":"2 minute"},"schema":{"@context":"https:\/\/schema.org","@graph":[{"@type":"WebPage","@id":"https:\/\/shopatoa.com\/ro\/dyson-airwrap-i-d-hs08-t1-t2-ceramic-pink-rose-gold-multistyler-pentru-par-1-buc\/","url":"https:\/\/shopatoa.com\/ro\/dyson-airwrap-i-d-hs08-t1-t2-ceramic-pink-rose-gold-multistyler-pentru-par-1-buc\/","name":"Dyson Airwrap i.d.\u2122 HS08 T1\/T2 Ceramic Pink\/Rose Gold multistyler pentru p\u0103r 1 buc - SHOPATOA.COM","isPartOf":{"@id":"https:\/\/shopatoa.com\/ro\/#website"},"primaryImageOfPage":{"@id":"https:\/\/shopatoa.com\/ro\/dyson-airwrap-i-d-hs08-t1-t2-ceramic-pink-rose-gold-multistyler-pentru-par-1-buc\/#primaryimage"},"image":{"@id":"https:\/\/shopatoa.com\/ro\/dyson-airwrap-i-d-hs08-t1-t2-ceramic-pink-rose-gold-multistyler-pentru-par-1-buc\/#primaryimage"},"thumbnailUrl":"https:\/\/storage.googleapis.com\/cz-shopatoa-img\/ro\/465cc388-5025155117187_01.jpg","datePublished":"2025-12-04T13:22:52+00:00","dateModified":"2026-01-30T18:53:14+00:00","breadcrumb":{"@id":"https:\/\/shopatoa.com\/ro\/dyson-airwrap-i-d-hs08-t1-t2-ceramic-pink-rose-gold-multistyler-pentru-par-1-buc\/#breadcrumb"},"inLanguage":"ro-RO","potentialAction":[{"@type":"ReadAction","target":["https:\/\/shopatoa.com\/ro\/dyson-airwrap-i-d-hs08-t1-t2-ceramic-pink-rose-gold-multistyler-pentru-par-1-buc\/"]}]},{"@type":"ImageObject","inLanguage":"ro-RO","@id":"https:\/\/shopatoa.com\/ro\/dyson-airwrap-i-d-hs08-t1-t2-ceramic-pink-rose-gold-multistyler-pentru-par-1-buc\/#primaryimage","url":"https:\/\/storage.googleapis.com\/cz-shopatoa-img\/ro\/465cc388-5025155117187_01.jpg","contentUrl":"https:\/\/storage.googleapis.com\/cz-shopatoa-img\/ro\/465cc388-5025155117187_01.jpg","width":800,"height":800},{"@type":"BreadcrumbList","@id":"https:\/\/shopatoa.com\/ro\/dyson-airwrap-i-d-hs08-t1-t2-ceramic-pink-rose-gold-multistyler-pentru-par-1-buc\/#breadcrumb","itemListElement":[{"@type":"ListItem","position":1,"name":"Dom\u016f","item":"https:\/\/shopatoa.com\/ro\/"},{"@type":"ListItem","position":2,"name":"Shop","item":"https:\/\/shopatoa.com\/ro\/shop\/"},{"@type":"ListItem","position":3,"name":"S\u0103n\u0103tate \u0219i frumuse\u021be","item":"https:\/\/shopatoa.com\/ro\/sanatate-si-frumusete\/"},{"@type":"ListItem","position":4,"name":"\u00cengrijire personal\u0103","item":"https:\/\/shopatoa.com\/ro\/ingrijire-personala\/"},{"@type":"ListItem","position":5,"name":"\u00cengrijirea p\u0103rului","item":"https:\/\/shopatoa.com\/ro\/ingrijirea-parului\/"},{"@type":"ListItem","position":6,"name":"Instrumente pentru coafat","item":"https:\/\/shopatoa.com\/ro\/instrumente-pentru-coafat\/"},{"@type":"ListItem","position":7,"name":"Usc\u0103toare de p\u0103r","item":"https:\/\/shopatoa.com\/ro\/uscatoare-de-par-instrumente-pentru-coafat\/"},{"@type":"ListItem","position":8,"name":"Dyson Airwrap i.d.\u2122 HS08 T1\/T2 Ceramic Pink\/Rose Gold multistyler pentru p\u0103r 1 buc"}]},{"@type":"WebSite","@id":"https:\/\/shopatoa.com\/ro\/#website","url":"https:\/\/shopatoa.com\/ro\/","name":"SHOPATOA","description":"","publisher":{"@id":"https:\/\/shopatoa.com\/ro\/#organization"},"potentialAction":[{"@type":"SearchAction","target":{"@type":"EntryPoint","urlTemplate":"https:\/\/shopatoa.com\/ro\/?s={search_term_string}"},"query-input":{"@type":"PropertyValueSpecification","valueRequired":true,"valueName":"search_term_string"}}],"inLanguage":"ro-RO"},{"@type":"Organization","@id":"https:\/\/shopatoa.com\/ro\/#organization","name":"SHOPATOA","url":"https:\/\/shopatoa.com\/ro\/","logo":{"@type":"ImageObject","inLanguage":"ro-RO","@id":"https:\/\/shopatoa.com\/ro\/#\/schema\/logo\/image\/","url":"https:\/\/storage.googleapis.com\/cz-shopatoa-img\/ro\/b4dac915-shopatoa_logo.png","contentUrl":"https:\/\/storage.googleapis.com\/cz-shopatoa-img\/ro\/b4dac915-shopatoa_logo.png","width":416,"height":63,"caption":"SHOPATOA"},"image":{"@id":"https:\/\/shopatoa.com\/ro\/#\/schema\/logo\/image\/"}}]}},"_links":{"self":[{"href":"https:\/\/shopatoa.com\/ro\/wp-json\/wp\/v2\/product\/498734","targetHints":{"allow":["GET"]}}],"collection":[{"href":"https:\/\/shopatoa.com\/ro\/wp-json\/wp\/v2\/product"}],"about":[{"href":"https:\/\/shopatoa.com\/ro\/wp-json\/wp\/v2\/types\/product"}],"replies":[{"embeddable":true,"href":"https:\/\/shopatoa.com\/ro\/wp-json\/wp\/v2\/comments?post=498734"}],"wp:featuredmedia":[{"embeddable":true,"href":"https:\/\/shopatoa.com\/ro\/wp-json\/wp\/v2\/media\/498735"}],"wp:attachment":[{"href":"https:\/\/shopatoa.com\/ro\/wp-json\/wp\/v2\/media?parent=498734"}],"wp:term":[{"taxonomy":"product_brand","embeddable":true,"href":"https:\/\/shopatoa.com\/ro\/wp-json\/wp\/v2\/product_brand?post=498734"},{"taxonomy":"product_cat","embeddable":true,"href":"https:\/\/shopatoa.com\/ro\/wp-json\/wp\/v2\/product_cat?post=498734"},{"taxonomy":"product_tag","embeddable":true,"href":"https:\/\/shopatoa.com\/ro\/wp-json\/wp\/v2\/product_tag?post=498734"}],"curies":[{"name":"wp","href":"https:\/\/api.w.org\/{rel}","templated":true}]}}