{"id":498768,"date":"2025-12-04T14:24:20","date_gmt":"2025-12-04T13:24:20","guid":{"rendered":"https:\/\/shopatoa.com\/ro\/chloe-chloe-set-cadou-pentru-femei-8\/"},"modified":"2026-01-30T19:48:03","modified_gmt":"2026-01-30T18:48:03","slug":"chloe-chloe-set-cadou-pentru-femei-8","status":"publish","type":"product","link":"https:\/\/shopatoa.com\/ro\/chloe-chloe-set-cadou-pentru-femei-8\/","title":{"rendered":"Chlo\u00e9 Chlo\u00e9 set cadou pentru femei"},"content":{"rendered":"<p>Chlo\u00e9 Chlo\u00e9, 1 buc, \u00cengrijirea corpului pentru femei, Ajuta\u021bi-v\u0103 parfumul preferat s\u0103 miroas\u0103 \u0219i mai intens. Setul de parfumuri pentru femei Chlo\u00e9 Chlo\u00e9 con\u021bine, pe l\u00e2ng\u0103 parfum, \u0219i produse cosmetice parfumate identic. Astfel, ve\u021bi avea zi de zi o rutin\u0103 de \u00eengrijire armonioas\u0103 \u0219i o experien\u021b\u0103 senzorial\u0103 persistent\u0103.  Caracteristici:  setul con\u021bine un parfum \u0219i accesorii cosmetice din aceea\u0219i colec\u021bie parfum potrivit pentru fiecare zi setul atrage de la prima vedere, datorit\u0103 ambalajului frumos foarte potrivit ca un cadou  parfum catifelat parfum floral  Setul con\u021bine:   Chlo\u00e9 Chlo\u00e9 Eau de Parfum 50 ml  Chlo\u00e9 Chlo\u00e9 lapte de corp 100 ml<\/p>\n","protected":false},"excerpt":{"rendered":"<p>Chlo\u00e9 Chlo\u00e9, 1 buc, \u00cengrijirea corpului pentru femei, Ajuta\u021bi-v\u0103 parfumul preferat s\u0103 miroas\u0103 \u0219i mai intens. Setul de parfumuri pentru femei Chlo\u00e9 Chlo\u00e9 con\u021bine, pe l\u00e2ng\u0103 parfum, \u0219i produse cosmetice parfumate identic. Astfel, ve\u021bi avea zi de zi o rutin\u0103 de \u00eengrijire armonioas\u0103 \u0219i o experien\u021b\u0103 senzorial\u0103 persistent\u0103. Caracteristici: setul con\u021bine un parfum \u0219i accesorii&#8230;<\/p>\n","protected":false},"featured_media":498769,"comment_status":"closed","ping_status":"open","template":"","meta":{"_acf_changed":false,"_kadence_starter_templates_imported_post":false,"_kad_post_transparent":"","_kad_post_title":"","_kad_post_layout":"","_kad_post_sidebar_id":"","_kad_post_content_style":"","_kad_post_vertical_padding":"","_kad_post_feature":"","_kad_post_feature_position":"","_kad_post_header":false,"_kad_post_footer":false,"_kad_post_classname":""},"product_brand":[561],"product_cat":[3202,1564,1563,3200,1562],"product_tag":[],"class_list":{"0":"post-498768","1":"product","2":"type-product","3":"status-publish","4":"has-post-thumbnail","6":"product_brand-chloe","7":"product_cat-ape-de-parfum","8":"product_cat-cosmetice-ingrijire-personala","9":"product_cat-ingrijire-personala","10":"product_cat-parfumuri-si-colonii","11":"product_cat-sanatate-si-frumusete","12":"pa_gen-female","13":"pa_marime-1-buc","15":"first","16":"instock","17":"sale","18":"product-type-external","19":"entry","20":"content-bg","21":"loop-entry"},"acf":[],"yoast_head":"<!-- This site is optimized with the Yoast SEO plugin v27.3 - https:\/\/yoast.com\/product\/yoast-seo-wordpress\/ -->\n<title>Chlo\u00e9 Chlo\u00e9 set cadou pentru femei - SHOPATOA.COM<\/title>\n<meta name=\"robots\" content=\"index, follow, max-snippet:-1, max-image-preview:large, max-video-preview:-1\" \/>\n<link rel=\"canonical\" href=\"https:\/\/shopatoa.com\/ro\/chloe-chloe-set-cadou-pentru-femei-8\/\" \/>\n<meta property=\"og:locale\" content=\"ro_RO\" \/>\n<meta property=\"og:type\" content=\"article\" \/>\n<meta property=\"og:title\" content=\"Chlo\u00e9 Chlo\u00e9 set cadou pentru femei - SHOPATOA.COM\" \/>\n<meta property=\"og:description\" content=\"Chlo\u00e9 Chlo\u00e9, 1 buc, \u00cengrijirea corpului pentru femei, Ajuta\u021bi-v\u0103 parfumul preferat s\u0103 miroas\u0103 \u0219i mai intens. Setul de parfumuri pentru femei Chlo\u00e9 Chlo\u00e9 con\u021bine, pe l\u00e2ng\u0103 parfum, \u0219i produse cosmetice parfumate identic. Astfel, ve\u021bi avea zi de zi o rutin\u0103 de \u00eengrijire armonioas\u0103 \u0219i o experien\u021b\u0103 senzorial\u0103 persistent\u0103. Caracteristici: setul con\u021bine un parfum \u0219i accesorii...\" \/>\n<meta property=\"og:url\" content=\"https:\/\/shopatoa.com\/ro\/chloe-chloe-set-cadou-pentru-femei-8\/\" \/>\n<meta property=\"og:site_name\" content=\"SHOPATOA\" \/>\n<meta property=\"article:modified_time\" content=\"2026-01-30T18:48:03+00:00\" \/>\n<meta property=\"og:image\" content=\"https:\/\/storage.googleapis.com\/cz-shopatoa-img\/ro\/06dcc092-3616306128958_01-o.jpg\" \/>\n\t<meta property=\"og:image:width\" content=\"800\" \/>\n\t<meta property=\"og:image:height\" content=\"800\" \/>\n\t<meta property=\"og:image:type\" content=\"image\/jpeg\" \/>\n<meta name=\"twitter:card\" content=\"summary_large_image\" \/>\n<meta name=\"twitter:label1\" content=\"Timp estimat pentru citire\" \/>\n\t<meta name=\"twitter:data1\" content=\"1 minut\" \/>\n<script type=\"application\/ld+json\" class=\"yoast-schema-graph\">{\"@context\":\"https:\\\/\\\/schema.org\",\"@graph\":[{\"@type\":\"WebPage\",\"@id\":\"https:\\\/\\\/shopatoa.com\\\/ro\\\/chloe-chloe-set-cadou-pentru-femei-8\\\/\",\"url\":\"https:\\\/\\\/shopatoa.com\\\/ro\\\/chloe-chloe-set-cadou-pentru-femei-8\\\/\",\"name\":\"Chlo\u00e9 Chlo\u00e9 set cadou pentru femei - SHOPATOA.COM\",\"isPartOf\":{\"@id\":\"https:\\\/\\\/shopatoa.com\\\/ro\\\/#website\"},\"primaryImageOfPage\":{\"@id\":\"https:\\\/\\\/shopatoa.com\\\/ro\\\/chloe-chloe-set-cadou-pentru-femei-8\\\/#primaryimage\"},\"image\":{\"@id\":\"https:\\\/\\\/shopatoa.com\\\/ro\\\/chloe-chloe-set-cadou-pentru-femei-8\\\/#primaryimage\"},\"thumbnailUrl\":\"https:\\\/\\\/storage.googleapis.com\\\/cz-shopatoa-img\\\/ro\\\/06dcc092-3616306128958_01-o.jpg\",\"datePublished\":\"2025-12-04T13:24:20+00:00\",\"dateModified\":\"2026-01-30T18:48:03+00:00\",\"breadcrumb\":{\"@id\":\"https:\\\/\\\/shopatoa.com\\\/ro\\\/chloe-chloe-set-cadou-pentru-femei-8\\\/#breadcrumb\"},\"inLanguage\":\"ro-RO\",\"potentialAction\":[{\"@type\":\"ReadAction\",\"target\":[\"https:\\\/\\\/shopatoa.com\\\/ro\\\/chloe-chloe-set-cadou-pentru-femei-8\\\/\"]}]},{\"@type\":\"ImageObject\",\"inLanguage\":\"ro-RO\",\"@id\":\"https:\\\/\\\/shopatoa.com\\\/ro\\\/chloe-chloe-set-cadou-pentru-femei-8\\\/#primaryimage\",\"url\":\"https:\\\/\\\/storage.googleapis.com\\\/cz-shopatoa-img\\\/ro\\\/06dcc092-3616306128958_01-o.jpg\",\"contentUrl\":\"https:\\\/\\\/storage.googleapis.com\\\/cz-shopatoa-img\\\/ro\\\/06dcc092-3616306128958_01-o.jpg\",\"width\":800,\"height\":800},{\"@type\":\"BreadcrumbList\",\"@id\":\"https:\\\/\\\/shopatoa.com\\\/ro\\\/chloe-chloe-set-cadou-pentru-femei-8\\\/#breadcrumb\",\"itemListElement\":[{\"@type\":\"ListItem\",\"position\":1,\"name\":\"Dom\u016f\",\"item\":\"https:\\\/\\\/shopatoa.com\\\/ro\\\/\"},{\"@type\":\"ListItem\",\"position\":2,\"name\":\"Shop\",\"item\":\"https:\\\/\\\/shopatoa.com\\\/ro\\\/shop\\\/\"},{\"@type\":\"ListItem\",\"position\":3,\"name\":\"S\u0103n\u0103tate \u0219i frumuse\u021be\",\"item\":\"https:\\\/\\\/shopatoa.com\\\/ro\\\/sanatate-si-frumusete\\\/\"},{\"@type\":\"ListItem\",\"position\":4,\"name\":\"\u00cengrijire personal\u0103\",\"item\":\"https:\\\/\\\/shopatoa.com\\\/ro\\\/ingrijire-personala\\\/\"},{\"@type\":\"ListItem\",\"position\":5,\"name\":\"Cosmetice\",\"item\":\"https:\\\/\\\/shopatoa.com\\\/ro\\\/cosmetice-ingrijire-personala\\\/\"},{\"@type\":\"ListItem\",\"position\":6,\"name\":\"Parfumuri \u0219i colonii\",\"item\":\"https:\\\/\\\/shopatoa.com\\\/ro\\\/parfumuri-si-colonii\\\/\"},{\"@type\":\"ListItem\",\"position\":7,\"name\":\"Ape de parfum\",\"item\":\"https:\\\/\\\/shopatoa.com\\\/ro\\\/ape-de-parfum\\\/\"},{\"@type\":\"ListItem\",\"position\":8,\"name\":\"Chlo\u00e9 Chlo\u00e9 set cadou pentru femei\"}]},{\"@type\":\"WebSite\",\"@id\":\"https:\\\/\\\/shopatoa.com\\\/ro\\\/#website\",\"url\":\"https:\\\/\\\/shopatoa.com\\\/ro\\\/\",\"name\":\"SHOPATOA\",\"description\":\"\",\"publisher\":{\"@id\":\"https:\\\/\\\/shopatoa.com\\\/ro\\\/#organization\"},\"potentialAction\":[{\"@type\":\"SearchAction\",\"target\":{\"@type\":\"EntryPoint\",\"urlTemplate\":\"https:\\\/\\\/shopatoa.com\\\/ro\\\/?s={search_term_string}\"},\"query-input\":{\"@type\":\"PropertyValueSpecification\",\"valueRequired\":true,\"valueName\":\"search_term_string\"}}],\"inLanguage\":\"ro-RO\"},{\"@type\":\"Organization\",\"@id\":\"https:\\\/\\\/shopatoa.com\\\/ro\\\/#organization\",\"name\":\"SHOPATOA\",\"url\":\"https:\\\/\\\/shopatoa.com\\\/ro\\\/\",\"logo\":{\"@type\":\"ImageObject\",\"inLanguage\":\"ro-RO\",\"@id\":\"https:\\\/\\\/shopatoa.com\\\/ro\\\/#\\\/schema\\\/logo\\\/image\\\/\",\"url\":\"https:\\\/\\\/storage.googleapis.com\\\/cz-shopatoa-img\\\/ro\\\/b4dac915-shopatoa_logo.png\",\"contentUrl\":\"https:\\\/\\\/storage.googleapis.com\\\/cz-shopatoa-img\\\/ro\\\/b4dac915-shopatoa_logo.png\",\"width\":416,\"height\":63,\"caption\":\"SHOPATOA\"},\"image\":{\"@id\":\"https:\\\/\\\/shopatoa.com\\\/ro\\\/#\\\/schema\\\/logo\\\/image\\\/\"}}]}<\/script>\n<!-- \/ Yoast SEO plugin. -->","yoast_head_json":{"title":"Chlo\u00e9 Chlo\u00e9 set cadou pentru femei - SHOPATOA.COM","robots":{"index":"index","follow":"follow","max-snippet":"max-snippet:-1","max-image-preview":"max-image-preview:large","max-video-preview":"max-video-preview:-1"},"canonical":"https:\/\/shopatoa.com\/ro\/chloe-chloe-set-cadou-pentru-femei-8\/","og_locale":"ro_RO","og_type":"article","og_title":"Chlo\u00e9 Chlo\u00e9 set cadou pentru femei - SHOPATOA.COM","og_description":"Chlo\u00e9 Chlo\u00e9, 1 buc, \u00cengrijirea corpului pentru femei, Ajuta\u021bi-v\u0103 parfumul preferat s\u0103 miroas\u0103 \u0219i mai intens. Setul de parfumuri pentru femei Chlo\u00e9 Chlo\u00e9 con\u021bine, pe l\u00e2ng\u0103 parfum, \u0219i produse cosmetice parfumate identic. Astfel, ve\u021bi avea zi de zi o rutin\u0103 de \u00eengrijire armonioas\u0103 \u0219i o experien\u021b\u0103 senzorial\u0103 persistent\u0103. Caracteristici: setul con\u021bine un parfum \u0219i accesorii...","og_url":"https:\/\/shopatoa.com\/ro\/chloe-chloe-set-cadou-pentru-femei-8\/","og_site_name":"SHOPATOA","article_modified_time":"2026-01-30T18:48:03+00:00","og_image":[{"width":800,"height":800,"url":"https:\/\/storage.googleapis.com\/cz-shopatoa-img\/ro\/06dcc092-3616306128958_01-o.jpg","type":"image\/jpeg"}],"twitter_card":"summary_large_image","twitter_misc":{"Timp estimat pentru citire":"1 minut"},"schema":{"@context":"https:\/\/schema.org","@graph":[{"@type":"WebPage","@id":"https:\/\/shopatoa.com\/ro\/chloe-chloe-set-cadou-pentru-femei-8\/","url":"https:\/\/shopatoa.com\/ro\/chloe-chloe-set-cadou-pentru-femei-8\/","name":"Chlo\u00e9 Chlo\u00e9 set cadou pentru femei - SHOPATOA.COM","isPartOf":{"@id":"https:\/\/shopatoa.com\/ro\/#website"},"primaryImageOfPage":{"@id":"https:\/\/shopatoa.com\/ro\/chloe-chloe-set-cadou-pentru-femei-8\/#primaryimage"},"image":{"@id":"https:\/\/shopatoa.com\/ro\/chloe-chloe-set-cadou-pentru-femei-8\/#primaryimage"},"thumbnailUrl":"https:\/\/storage.googleapis.com\/cz-shopatoa-img\/ro\/06dcc092-3616306128958_01-o.jpg","datePublished":"2025-12-04T13:24:20+00:00","dateModified":"2026-01-30T18:48:03+00:00","breadcrumb":{"@id":"https:\/\/shopatoa.com\/ro\/chloe-chloe-set-cadou-pentru-femei-8\/#breadcrumb"},"inLanguage":"ro-RO","potentialAction":[{"@type":"ReadAction","target":["https:\/\/shopatoa.com\/ro\/chloe-chloe-set-cadou-pentru-femei-8\/"]}]},{"@type":"ImageObject","inLanguage":"ro-RO","@id":"https:\/\/shopatoa.com\/ro\/chloe-chloe-set-cadou-pentru-femei-8\/#primaryimage","url":"https:\/\/storage.googleapis.com\/cz-shopatoa-img\/ro\/06dcc092-3616306128958_01-o.jpg","contentUrl":"https:\/\/storage.googleapis.com\/cz-shopatoa-img\/ro\/06dcc092-3616306128958_01-o.jpg","width":800,"height":800},{"@type":"BreadcrumbList","@id":"https:\/\/shopatoa.com\/ro\/chloe-chloe-set-cadou-pentru-femei-8\/#breadcrumb","itemListElement":[{"@type":"ListItem","position":1,"name":"Dom\u016f","item":"https:\/\/shopatoa.com\/ro\/"},{"@type":"ListItem","position":2,"name":"Shop","item":"https:\/\/shopatoa.com\/ro\/shop\/"},{"@type":"ListItem","position":3,"name":"S\u0103n\u0103tate \u0219i frumuse\u021be","item":"https:\/\/shopatoa.com\/ro\/sanatate-si-frumusete\/"},{"@type":"ListItem","position":4,"name":"\u00cengrijire personal\u0103","item":"https:\/\/shopatoa.com\/ro\/ingrijire-personala\/"},{"@type":"ListItem","position":5,"name":"Cosmetice","item":"https:\/\/shopatoa.com\/ro\/cosmetice-ingrijire-personala\/"},{"@type":"ListItem","position":6,"name":"Parfumuri \u0219i colonii","item":"https:\/\/shopatoa.com\/ro\/parfumuri-si-colonii\/"},{"@type":"ListItem","position":7,"name":"Ape de parfum","item":"https:\/\/shopatoa.com\/ro\/ape-de-parfum\/"},{"@type":"ListItem","position":8,"name":"Chlo\u00e9 Chlo\u00e9 set cadou pentru femei"}]},{"@type":"WebSite","@id":"https:\/\/shopatoa.com\/ro\/#website","url":"https:\/\/shopatoa.com\/ro\/","name":"SHOPATOA","description":"","publisher":{"@id":"https:\/\/shopatoa.com\/ro\/#organization"},"potentialAction":[{"@type":"SearchAction","target":{"@type":"EntryPoint","urlTemplate":"https:\/\/shopatoa.com\/ro\/?s={search_term_string}"},"query-input":{"@type":"PropertyValueSpecification","valueRequired":true,"valueName":"search_term_string"}}],"inLanguage":"ro-RO"},{"@type":"Organization","@id":"https:\/\/shopatoa.com\/ro\/#organization","name":"SHOPATOA","url":"https:\/\/shopatoa.com\/ro\/","logo":{"@type":"ImageObject","inLanguage":"ro-RO","@id":"https:\/\/shopatoa.com\/ro\/#\/schema\/logo\/image\/","url":"https:\/\/storage.googleapis.com\/cz-shopatoa-img\/ro\/b4dac915-shopatoa_logo.png","contentUrl":"https:\/\/storage.googleapis.com\/cz-shopatoa-img\/ro\/b4dac915-shopatoa_logo.png","width":416,"height":63,"caption":"SHOPATOA"},"image":{"@id":"https:\/\/shopatoa.com\/ro\/#\/schema\/logo\/image\/"}}]}},"_links":{"self":[{"href":"https:\/\/shopatoa.com\/ro\/wp-json\/wp\/v2\/product\/498768","targetHints":{"allow":["GET"]}}],"collection":[{"href":"https:\/\/shopatoa.com\/ro\/wp-json\/wp\/v2\/product"}],"about":[{"href":"https:\/\/shopatoa.com\/ro\/wp-json\/wp\/v2\/types\/product"}],"replies":[{"embeddable":true,"href":"https:\/\/shopatoa.com\/ro\/wp-json\/wp\/v2\/comments?post=498768"}],"wp:featuredmedia":[{"embeddable":true,"href":"https:\/\/shopatoa.com\/ro\/wp-json\/wp\/v2\/media\/498769"}],"wp:attachment":[{"href":"https:\/\/shopatoa.com\/ro\/wp-json\/wp\/v2\/media?parent=498768"}],"wp:term":[{"taxonomy":"product_brand","embeddable":true,"href":"https:\/\/shopatoa.com\/ro\/wp-json\/wp\/v2\/product_brand?post=498768"},{"taxonomy":"product_cat","embeddable":true,"href":"https:\/\/shopatoa.com\/ro\/wp-json\/wp\/v2\/product_cat?post=498768"},{"taxonomy":"product_tag","embeddable":true,"href":"https:\/\/shopatoa.com\/ro\/wp-json\/wp\/v2\/product_tag?post=498768"}],"curies":[{"name":"wp","href":"https:\/\/api.w.org\/{rel}","templated":true}]}}