{"id":498796,"date":"2025-12-04T14:27:10","date_gmt":"2025-12-04T13:27:10","guid":{"rendered":"https:\/\/shopatoa.com\/ro\/dyson-airwrap-i-d-hs08-t1-t2-amber-silk-multistyler-pentru-par-1-buc\/"},"modified":"2026-01-30T19:44:12","modified_gmt":"2026-01-30T18:44:12","slug":"dyson-airwrap-i-d-hs08-t1-t2-amber-silk-multistyler-pentru-par-1-buc","status":"publish","type":"product","link":"https:\/\/shopatoa.com\/ro\/dyson-airwrap-i-d-hs08-t1-t2-amber-silk-multistyler-pentru-par-1-buc\/","title":{"rendered":"Dyson Airwrap i.d.\u2122 HS08 T1\/T2 Amber Silk multistyler pentru p\u0103r 1 buc"},"content":{"rendered":"<p>Dyson Airwrap i.d.\u2122 HS08 T1\/T2 Amber Silk, 1 buc, Perii cu aer cald pentru p\u0103r pentru femei, Ofer\u0103 idei de styling \u00een func ie de profilul p\u0103rului dvs.  Multistyler-ul Dyson Airwrap i.d. HS08 aduce un nivel superior de stilizare a p\u0103rului. Conectarea cu aplica ia MyDyson v\u0103 permite s\u0103 crea i un profil personal al p\u0103rului i s\u0103 ajusta i temperatura, temporizarea i fluxul de aer exact dup\u0103 nevoile p\u0103rului dvs. Accesoriul conic Airwrap creeaz\u0103 bucle mai ferme aproape de linia p\u0103rului, p\u0103str\u00e2nd p\u0103rul voluminos, elastic i protejat de efectele c\u0103ldurii.  Caracteristici:  permite conectarea inteligent\u0103 cu aplica ia MyDyson comut\u0103 automat \u00eentre temporizarea pentru ondulare, uscarea cu aer cald i fixarea cu aer rece ajusteaz\u0103 temperatura i viteza fluxului de aer pentru coafuri perfecte, f\u0103r\u0103 expunere la c\u0103ldur\u0103 extrem\u0103 avertizeaz\u0103 asupra necesit\u0103 ii \u00eentre inerii i ofer\u0103 zeci de ghiduri i sfaturi de styling men ine temperatura sub 150 \u00b0C, astfel previne deteriorarea i protejeaz\u0103 str\u0103lucirea p\u0103rului  Parametri tehnici:  ioni negativi \u2013 ajut\u0103 la reducerea efectului electricit\u0103 ii statice motor cu vitez\u0103 de 110 000 rpm \u2013 creeaz\u0103 presiunea necesar\u0103 pentru efectul Coanda putere: 1 300 W flux de aer: 13,5 l\/s lungime cablu: 2,7 m dimensiuni: 272 \u00d7 48 \u00d7 41 mm greutate: 550 g  Con inutul pachetului:  multistyler Dyson Airwrap i.d. HS08 m\u0103tase chihlimbar accesoriu conic accesoriu pentru netezire, cu efect Coanda accesoriu pentru uscare 40 mm Airwrap accesoriu pentru bucle perie de netezire rigid\u0103 perie cilindric\u0103 mare, pentru volum perie pentru cur\u0103 area filtrului cutie de depozitare pieptene pentru descurcarea p\u0103rului<\/p>\n","protected":false},"excerpt":{"rendered":"<p>Dyson Airwrap i.d.\u2122 HS08 T1\/T2 Amber Silk, 1 buc, Perii cu aer cald pentru p\u0103r pentru femei, Ofer\u0103 idei de styling \u00een func ie de profilul p\u0103rului dvs. Multistyler-ul Dyson Airwrap i.d. HS08 aduce un nivel superior de stilizare a p\u0103rului. Conectarea cu aplica ia MyDyson v\u0103 permite s\u0103 crea i un profil personal al&#8230;<\/p>\n","protected":false},"featured_media":498797,"comment_status":"closed","ping_status":"open","template":"","meta":{"_acf_changed":false,"_kadence_starter_templates_imported_post":false,"_kad_post_transparent":"","_kad_post_title":"","_kad_post_layout":"","_kad_post_sidebar_id":"","_kad_post_content_style":"","_kad_post_vertical_padding":"","_kad_post_feature":"","_kad_post_feature_position":"","_kad_post_header":false,"_kad_post_footer":false,"_kad_post_classname":""},"product_brand":[2205],"product_cat":[1563,1590,3904,1562,3910],"product_tag":[],"class_list":{"0":"post-498796","1":"product","2":"type-product","3":"status-publish","4":"has-post-thumbnail","6":"product_brand-dyson","7":"product_cat-ingrijire-personala","8":"product_cat-ingrijirea-parului","9":"product_cat-instrumente-pentru-coafat","10":"product_cat-sanatate-si-frumusete","11":"product_cat-uscatoare-de-par-instrumente-pentru-coafat","12":"pa_gen-female","13":"pa_marime-1-buc","15":"first","16":"instock","17":"product-type-external","18":"entry","19":"content-bg","20":"loop-entry"},"acf":[],"yoast_head":"<!-- This site is optimized with the Yoast SEO plugin v27.4 - https:\/\/yoast.com\/product\/yoast-seo-wordpress\/ -->\n<title>Dyson Airwrap i.d.\u2122 HS08 T1\/T2 Amber Silk multistyler pentru p\u0103r 1 buc - SHOPATOA.COM<\/title>\n<meta name=\"robots\" content=\"index, follow, max-snippet:-1, max-image-preview:large, max-video-preview:-1\" \/>\n<link rel=\"canonical\" href=\"https:\/\/shopatoa.com\/ro\/dyson-airwrap-i-d-hs08-t1-t2-amber-silk-multistyler-pentru-par-1-buc\/\" \/>\n<meta property=\"og:locale\" content=\"ro_RO\" \/>\n<meta property=\"og:type\" content=\"article\" \/>\n<meta property=\"og:title\" content=\"Dyson Airwrap i.d.\u2122 HS08 T1\/T2 Amber Silk multistyler pentru p\u0103r 1 buc - SHOPATOA.COM\" \/>\n<meta property=\"og:description\" content=\"Dyson Airwrap i.d.\u2122 HS08 T1\/T2 Amber Silk, 1 buc, Perii cu aer cald pentru p\u0103r pentru femei, Ofer\u0103 idei de styling \u00een func ie de profilul p\u0103rului dvs. Multistyler-ul Dyson Airwrap i.d. HS08 aduce un nivel superior de stilizare a p\u0103rului. Conectarea cu aplica ia MyDyson v\u0103 permite s\u0103 crea i un profil personal al...\" \/>\n<meta property=\"og:url\" content=\"https:\/\/shopatoa.com\/ro\/dyson-airwrap-i-d-hs08-t1-t2-amber-silk-multistyler-pentru-par-1-buc\/\" \/>\n<meta property=\"og:site_name\" content=\"SHOPATOA\" \/>\n<meta property=\"article:modified_time\" content=\"2026-01-30T18:44:12+00:00\" \/>\n<meta property=\"og:image\" content=\"https:\/\/storage.googleapis.com\/cz-shopatoa-img\/ro\/7e3c43bd-5025155119693_01.jpg\" \/>\n\t<meta property=\"og:image:width\" content=\"800\" \/>\n\t<meta property=\"og:image:height\" content=\"800\" \/>\n\t<meta property=\"og:image:type\" content=\"image\/jpeg\" \/>\n<meta name=\"twitter:card\" content=\"summary_large_image\" \/>\n<meta name=\"twitter:label1\" content=\"Timp estimat pentru citire\" \/>\n\t<meta name=\"twitter:data1\" content=\"1 minut\" \/>\n<script type=\"application\/ld+json\" class=\"yoast-schema-graph\">{\"@context\":\"https:\\\/\\\/schema.org\",\"@graph\":[{\"@type\":\"WebPage\",\"@id\":\"https:\\\/\\\/shopatoa.com\\\/ro\\\/dyson-airwrap-i-d-hs08-t1-t2-amber-silk-multistyler-pentru-par-1-buc\\\/\",\"url\":\"https:\\\/\\\/shopatoa.com\\\/ro\\\/dyson-airwrap-i-d-hs08-t1-t2-amber-silk-multistyler-pentru-par-1-buc\\\/\",\"name\":\"Dyson Airwrap i.d.\u2122 HS08 T1\\\/T2 Amber Silk multistyler pentru p\u0103r 1 buc - SHOPATOA.COM\",\"isPartOf\":{\"@id\":\"https:\\\/\\\/shopatoa.com\\\/ro\\\/#website\"},\"primaryImageOfPage\":{\"@id\":\"https:\\\/\\\/shopatoa.com\\\/ro\\\/dyson-airwrap-i-d-hs08-t1-t2-amber-silk-multistyler-pentru-par-1-buc\\\/#primaryimage\"},\"image\":{\"@id\":\"https:\\\/\\\/shopatoa.com\\\/ro\\\/dyson-airwrap-i-d-hs08-t1-t2-amber-silk-multistyler-pentru-par-1-buc\\\/#primaryimage\"},\"thumbnailUrl\":\"https:\\\/\\\/storage.googleapis.com\\\/cz-shopatoa-img\\\/ro\\\/7e3c43bd-5025155119693_01.jpg\",\"datePublished\":\"2025-12-04T13:27:10+00:00\",\"dateModified\":\"2026-01-30T18:44:12+00:00\",\"breadcrumb\":{\"@id\":\"https:\\\/\\\/shopatoa.com\\\/ro\\\/dyson-airwrap-i-d-hs08-t1-t2-amber-silk-multistyler-pentru-par-1-buc\\\/#breadcrumb\"},\"inLanguage\":\"ro-RO\",\"potentialAction\":[{\"@type\":\"ReadAction\",\"target\":[\"https:\\\/\\\/shopatoa.com\\\/ro\\\/dyson-airwrap-i-d-hs08-t1-t2-amber-silk-multistyler-pentru-par-1-buc\\\/\"]}]},{\"@type\":\"ImageObject\",\"inLanguage\":\"ro-RO\",\"@id\":\"https:\\\/\\\/shopatoa.com\\\/ro\\\/dyson-airwrap-i-d-hs08-t1-t2-amber-silk-multistyler-pentru-par-1-buc\\\/#primaryimage\",\"url\":\"https:\\\/\\\/storage.googleapis.com\\\/cz-shopatoa-img\\\/ro\\\/7e3c43bd-5025155119693_01.jpg\",\"contentUrl\":\"https:\\\/\\\/storage.googleapis.com\\\/cz-shopatoa-img\\\/ro\\\/7e3c43bd-5025155119693_01.jpg\",\"width\":800,\"height\":800},{\"@type\":\"BreadcrumbList\",\"@id\":\"https:\\\/\\\/shopatoa.com\\\/ro\\\/dyson-airwrap-i-d-hs08-t1-t2-amber-silk-multistyler-pentru-par-1-buc\\\/#breadcrumb\",\"itemListElement\":[{\"@type\":\"ListItem\",\"position\":1,\"name\":\"Dom\u016f\",\"item\":\"https:\\\/\\\/shopatoa.com\\\/ro\\\/\"},{\"@type\":\"ListItem\",\"position\":2,\"name\":\"Shop\",\"item\":\"https:\\\/\\\/shopatoa.com\\\/ro\\\/shop\\\/\"},{\"@type\":\"ListItem\",\"position\":3,\"name\":\"S\u0103n\u0103tate \u0219i frumuse\u021be\",\"item\":\"https:\\\/\\\/shopatoa.com\\\/ro\\\/sanatate-si-frumusete\\\/\"},{\"@type\":\"ListItem\",\"position\":4,\"name\":\"\u00cengrijire personal\u0103\",\"item\":\"https:\\\/\\\/shopatoa.com\\\/ro\\\/ingrijire-personala\\\/\"},{\"@type\":\"ListItem\",\"position\":5,\"name\":\"\u00cengrijirea p\u0103rului\",\"item\":\"https:\\\/\\\/shopatoa.com\\\/ro\\\/ingrijirea-parului\\\/\"},{\"@type\":\"ListItem\",\"position\":6,\"name\":\"Instrumente pentru coafat\",\"item\":\"https:\\\/\\\/shopatoa.com\\\/ro\\\/instrumente-pentru-coafat\\\/\"},{\"@type\":\"ListItem\",\"position\":7,\"name\":\"Usc\u0103toare de p\u0103r\",\"item\":\"https:\\\/\\\/shopatoa.com\\\/ro\\\/uscatoare-de-par-instrumente-pentru-coafat\\\/\"},{\"@type\":\"ListItem\",\"position\":8,\"name\":\"Dyson Airwrap i.d.\u2122 HS08 T1\\\/T2 Amber Silk multistyler pentru p\u0103r 1 buc\"}]},{\"@type\":\"WebSite\",\"@id\":\"https:\\\/\\\/shopatoa.com\\\/ro\\\/#website\",\"url\":\"https:\\\/\\\/shopatoa.com\\\/ro\\\/\",\"name\":\"SHOPATOA\",\"description\":\"\",\"publisher\":{\"@id\":\"https:\\\/\\\/shopatoa.com\\\/ro\\\/#organization\"},\"potentialAction\":[{\"@type\":\"SearchAction\",\"target\":{\"@type\":\"EntryPoint\",\"urlTemplate\":\"https:\\\/\\\/shopatoa.com\\\/ro\\\/?s={search_term_string}\"},\"query-input\":{\"@type\":\"PropertyValueSpecification\",\"valueRequired\":true,\"valueName\":\"search_term_string\"}}],\"inLanguage\":\"ro-RO\"},{\"@type\":\"Organization\",\"@id\":\"https:\\\/\\\/shopatoa.com\\\/ro\\\/#organization\",\"name\":\"SHOPATOA\",\"url\":\"https:\\\/\\\/shopatoa.com\\\/ro\\\/\",\"logo\":{\"@type\":\"ImageObject\",\"inLanguage\":\"ro-RO\",\"@id\":\"https:\\\/\\\/shopatoa.com\\\/ro\\\/#\\\/schema\\\/logo\\\/image\\\/\",\"url\":\"https:\\\/\\\/storage.googleapis.com\\\/cz-shopatoa-img\\\/ro\\\/b4dac915-shopatoa_logo.png\",\"contentUrl\":\"https:\\\/\\\/storage.googleapis.com\\\/cz-shopatoa-img\\\/ro\\\/b4dac915-shopatoa_logo.png\",\"width\":416,\"height\":63,\"caption\":\"SHOPATOA\"},\"image\":{\"@id\":\"https:\\\/\\\/shopatoa.com\\\/ro\\\/#\\\/schema\\\/logo\\\/image\\\/\"}}]}<\/script>\n<!-- \/ Yoast SEO plugin. -->","yoast_head_json":{"title":"Dyson Airwrap i.d.\u2122 HS08 T1\/T2 Amber Silk multistyler pentru p\u0103r 1 buc - SHOPATOA.COM","robots":{"index":"index","follow":"follow","max-snippet":"max-snippet:-1","max-image-preview":"max-image-preview:large","max-video-preview":"max-video-preview:-1"},"canonical":"https:\/\/shopatoa.com\/ro\/dyson-airwrap-i-d-hs08-t1-t2-amber-silk-multistyler-pentru-par-1-buc\/","og_locale":"ro_RO","og_type":"article","og_title":"Dyson Airwrap i.d.\u2122 HS08 T1\/T2 Amber Silk multistyler pentru p\u0103r 1 buc - SHOPATOA.COM","og_description":"Dyson Airwrap i.d.\u2122 HS08 T1\/T2 Amber Silk, 1 buc, Perii cu aer cald pentru p\u0103r pentru femei, Ofer\u0103 idei de styling \u00een func ie de profilul p\u0103rului dvs. Multistyler-ul Dyson Airwrap i.d. HS08 aduce un nivel superior de stilizare a p\u0103rului. Conectarea cu aplica ia MyDyson v\u0103 permite s\u0103 crea i un profil personal al...","og_url":"https:\/\/shopatoa.com\/ro\/dyson-airwrap-i-d-hs08-t1-t2-amber-silk-multistyler-pentru-par-1-buc\/","og_site_name":"SHOPATOA","article_modified_time":"2026-01-30T18:44:12+00:00","og_image":[{"width":800,"height":800,"url":"https:\/\/storage.googleapis.com\/cz-shopatoa-img\/ro\/7e3c43bd-5025155119693_01.jpg","type":"image\/jpeg"}],"twitter_card":"summary_large_image","twitter_misc":{"Timp estimat pentru citire":"1 minut"},"schema":{"@context":"https:\/\/schema.org","@graph":[{"@type":"WebPage","@id":"https:\/\/shopatoa.com\/ro\/dyson-airwrap-i-d-hs08-t1-t2-amber-silk-multistyler-pentru-par-1-buc\/","url":"https:\/\/shopatoa.com\/ro\/dyson-airwrap-i-d-hs08-t1-t2-amber-silk-multistyler-pentru-par-1-buc\/","name":"Dyson Airwrap i.d.\u2122 HS08 T1\/T2 Amber Silk multistyler pentru p\u0103r 1 buc - SHOPATOA.COM","isPartOf":{"@id":"https:\/\/shopatoa.com\/ro\/#website"},"primaryImageOfPage":{"@id":"https:\/\/shopatoa.com\/ro\/dyson-airwrap-i-d-hs08-t1-t2-amber-silk-multistyler-pentru-par-1-buc\/#primaryimage"},"image":{"@id":"https:\/\/shopatoa.com\/ro\/dyson-airwrap-i-d-hs08-t1-t2-amber-silk-multistyler-pentru-par-1-buc\/#primaryimage"},"thumbnailUrl":"https:\/\/storage.googleapis.com\/cz-shopatoa-img\/ro\/7e3c43bd-5025155119693_01.jpg","datePublished":"2025-12-04T13:27:10+00:00","dateModified":"2026-01-30T18:44:12+00:00","breadcrumb":{"@id":"https:\/\/shopatoa.com\/ro\/dyson-airwrap-i-d-hs08-t1-t2-amber-silk-multistyler-pentru-par-1-buc\/#breadcrumb"},"inLanguage":"ro-RO","potentialAction":[{"@type":"ReadAction","target":["https:\/\/shopatoa.com\/ro\/dyson-airwrap-i-d-hs08-t1-t2-amber-silk-multistyler-pentru-par-1-buc\/"]}]},{"@type":"ImageObject","inLanguage":"ro-RO","@id":"https:\/\/shopatoa.com\/ro\/dyson-airwrap-i-d-hs08-t1-t2-amber-silk-multistyler-pentru-par-1-buc\/#primaryimage","url":"https:\/\/storage.googleapis.com\/cz-shopatoa-img\/ro\/7e3c43bd-5025155119693_01.jpg","contentUrl":"https:\/\/storage.googleapis.com\/cz-shopatoa-img\/ro\/7e3c43bd-5025155119693_01.jpg","width":800,"height":800},{"@type":"BreadcrumbList","@id":"https:\/\/shopatoa.com\/ro\/dyson-airwrap-i-d-hs08-t1-t2-amber-silk-multistyler-pentru-par-1-buc\/#breadcrumb","itemListElement":[{"@type":"ListItem","position":1,"name":"Dom\u016f","item":"https:\/\/shopatoa.com\/ro\/"},{"@type":"ListItem","position":2,"name":"Shop","item":"https:\/\/shopatoa.com\/ro\/shop\/"},{"@type":"ListItem","position":3,"name":"S\u0103n\u0103tate \u0219i frumuse\u021be","item":"https:\/\/shopatoa.com\/ro\/sanatate-si-frumusete\/"},{"@type":"ListItem","position":4,"name":"\u00cengrijire personal\u0103","item":"https:\/\/shopatoa.com\/ro\/ingrijire-personala\/"},{"@type":"ListItem","position":5,"name":"\u00cengrijirea p\u0103rului","item":"https:\/\/shopatoa.com\/ro\/ingrijirea-parului\/"},{"@type":"ListItem","position":6,"name":"Instrumente pentru coafat","item":"https:\/\/shopatoa.com\/ro\/instrumente-pentru-coafat\/"},{"@type":"ListItem","position":7,"name":"Usc\u0103toare de p\u0103r","item":"https:\/\/shopatoa.com\/ro\/uscatoare-de-par-instrumente-pentru-coafat\/"},{"@type":"ListItem","position":8,"name":"Dyson Airwrap i.d.\u2122 HS08 T1\/T2 Amber Silk multistyler pentru p\u0103r 1 buc"}]},{"@type":"WebSite","@id":"https:\/\/shopatoa.com\/ro\/#website","url":"https:\/\/shopatoa.com\/ro\/","name":"SHOPATOA","description":"","publisher":{"@id":"https:\/\/shopatoa.com\/ro\/#organization"},"potentialAction":[{"@type":"SearchAction","target":{"@type":"EntryPoint","urlTemplate":"https:\/\/shopatoa.com\/ro\/?s={search_term_string}"},"query-input":{"@type":"PropertyValueSpecification","valueRequired":true,"valueName":"search_term_string"}}],"inLanguage":"ro-RO"},{"@type":"Organization","@id":"https:\/\/shopatoa.com\/ro\/#organization","name":"SHOPATOA","url":"https:\/\/shopatoa.com\/ro\/","logo":{"@type":"ImageObject","inLanguage":"ro-RO","@id":"https:\/\/shopatoa.com\/ro\/#\/schema\/logo\/image\/","url":"https:\/\/storage.googleapis.com\/cz-shopatoa-img\/ro\/b4dac915-shopatoa_logo.png","contentUrl":"https:\/\/storage.googleapis.com\/cz-shopatoa-img\/ro\/b4dac915-shopatoa_logo.png","width":416,"height":63,"caption":"SHOPATOA"},"image":{"@id":"https:\/\/shopatoa.com\/ro\/#\/schema\/logo\/image\/"}}]}},"_links":{"self":[{"href":"https:\/\/shopatoa.com\/ro\/wp-json\/wp\/v2\/product\/498796","targetHints":{"allow":["GET"]}}],"collection":[{"href":"https:\/\/shopatoa.com\/ro\/wp-json\/wp\/v2\/product"}],"about":[{"href":"https:\/\/shopatoa.com\/ro\/wp-json\/wp\/v2\/types\/product"}],"replies":[{"embeddable":true,"href":"https:\/\/shopatoa.com\/ro\/wp-json\/wp\/v2\/comments?post=498796"}],"wp:featuredmedia":[{"embeddable":true,"href":"https:\/\/shopatoa.com\/ro\/wp-json\/wp\/v2\/media\/498797"}],"wp:attachment":[{"href":"https:\/\/shopatoa.com\/ro\/wp-json\/wp\/v2\/media?parent=498796"}],"wp:term":[{"taxonomy":"product_brand","embeddable":true,"href":"https:\/\/shopatoa.com\/ro\/wp-json\/wp\/v2\/product_brand?post=498796"},{"taxonomy":"product_cat","embeddable":true,"href":"https:\/\/shopatoa.com\/ro\/wp-json\/wp\/v2\/product_cat?post=498796"},{"taxonomy":"product_tag","embeddable":true,"href":"https:\/\/shopatoa.com\/ro\/wp-json\/wp\/v2\/product_tag?post=498796"}],"curies":[{"name":"wp","href":"https:\/\/api.w.org\/{rel}","templated":true}]}}