{"id":499044,"date":"2025-12-04T14:45:18","date_gmt":"2025-12-04T13:45:18","guid":{"rendered":"https:\/\/shopatoa.com\/ro\/foreo-ufo-mini-2-aparat-sonic-pentru-accelerarea-efectului-mastilor-de-ten-pachet-pentru-calatorie-fuchsia-1-buc\/"},"modified":"2025-12-04T14:45:58","modified_gmt":"2025-12-04T13:45:58","slug":"foreo-ufo-mini-2-aparat-sonic-pentru-accelerarea-efectului-mastilor-de-ten-pachet-pentru-calatorie-fuchsia-1-buc","status":"publish","type":"product","link":"https:\/\/shopatoa.com\/ro\/foreo-ufo-mini-2-aparat-sonic-pentru-accelerarea-efectului-mastilor-de-ten-pachet-pentru-calatorie-fuchsia-1-buc\/","title":{"rendered":"FOREO UFO\u2122 mini 2 aparat sonic pentru accelerarea efectului m\u0103\u0219tilor de ten pachet pentru calatorie Fuchsia 1 buc"},"content":{"rendered":"<p>FOREO UFO\u2122 mini 2, 1 buc, Aparate de lifting pentru ten pentru femei,<br \/>\n   Spa-ul dumneavoastr\u0103 privat, pe care \u00eel po i avea la \u00eendem\u00e2n\u0103 oric\u00e2nd i oriunde. Dispozitivul sonic pentru accelerarea efectelor m\u0103 tii de fa \u0103 FOREO UFO\u2122 mini 2 sus ine absorb ia m\u0103 tii de fa \u0103 astfel \u00eenc\u00e2t substan ele active s\u0103 ajung\u0103 mai profund \u00een piele. \u00cen acela i timp, efectueaz\u0103 un masaj facial bl\u00e2nd, reduce semnele de \u00eemb\u0103tr\u00e2nire a pielii, o lumineaz\u0103 i sprijin\u0103 produc ia de colagen.<br \/>\n   Nu mai trebuie s\u0103 a tepta i 20 de minute pentru ca masca s\u0103 \u00ee i fac\u0103 efectul. FOREO UFO\u2122 mini 2, prev\u0103zut cu 8 lumini LED diferite, v\u0103 va ajuta s\u0103 dezv\u0103lui i tenul frumos i str\u0103lucitor, \u00een doar 90 de secunde.<br \/>\n   Caracteristici: <\/p>\n<p>    stimuleaz\u0103 absorb ia m\u0103 tii faciale FOREO, accelereaz\u0103 ac iunea acesteia<br \/>\n    reduce semnele de \u00eemb\u0103tr\u00e2nire a tenului i stimuleaz\u0103 produc ia de colagen<br \/>\n    ilumineaz\u0103 tenul i \u00eei uniformizeaz\u0103 nuan a, stimuleaz\u0103 circula ia sanguin\u0103<br \/>\n    neteze te liniile fine, reduce edemele i cearc\u0103nele de sub ochi<br \/>\n    efectueaz\u0103 un masaj facial calmant<br \/>\n    elimin\u0103 bacteriile care cauzeaz\u0103 acnee<br \/>\n    utilizare cu ajutorul aplica iei mobile <\/p>\n<p>   Specifica ii tehnice: <\/p>\n<p>    10 000 de pulsa ii pe minut, pentru a \u00eembun\u0103t\u0103 i absorb ia substan elor active \u00een ten<br \/>\n    termoterapie \u2013 \u00eenc\u0103lze te i catifeleaz\u0103 tenul, calmeaz\u0103 porii<br \/>\n    8 lumini LED pentru \u00eengrijirea tenului, care d\u0103 rezultate \u00een doar 90 de secunde<br \/>\n    lumina LED ro ie \u2013 reduce semnele de \u00eemb\u0103tr\u00e2nire a tenului i stimuleaz\u0103 produc ia de colagen<br \/>\n    lumina LED verde \u2013 reduce hiper-pigmentarea, ilumineaz\u0103 tenul i \u00eei uniformizeaz\u0103 nuan a<br \/>\n    lumina LED albastru \u2013 elimin\u0103 bacteriile care cauzeaz\u0103 acnee i reduce ro ea a<br \/>\n    produs din silicon extra igienic, rezistent \u00eempotriva bacteriilor<br \/>\n    o \u00eenc\u0103rcare complet\u0103 permite p\u00e2n\u0103 la 40 de folosiri<br \/>\n    m\u0103rimea compact\u0103 este ideal\u0103 pentru c\u0103l\u0103torii<br \/>\n    100\u00a0% etan <\/p>\n<p>   Mod de utilizare: \u00cenainte de prima folosire, desc\u0103rca i aplica ia mobil\u0103 FOREO For You.<br \/>\n   Instruc iunile de utilizare sunt disponibile AICI.<\/p>\n","protected":false},"excerpt":{"rendered":"<p>FOREO UFO\u2122 mini 2, 1 buc, Aparate de lifting pentru ten pentru femei, Spa-ul dumneavoastr\u0103 privat, pe care \u00eel po i avea la \u00eendem\u00e2n\u0103 oric\u00e2nd i oriunde. Dispozitivul sonic pentru accelerarea efectelor m\u0103 tii de fa \u0103 FOREO UFO\u2122 mini 2 sus ine absorb ia m\u0103 tii de fa \u0103 astfel \u00eenc\u00e2t substan ele active&#8230;<\/p>\n","protected":false},"featured_media":499045,"comment_status":"closed","ping_status":"open","template":"","meta":{"_acf_changed":false,"_kadence_starter_templates_imported_post":false,"_kad_post_transparent":"","_kad_post_title":"","_kad_post_layout":"","_kad_post_sidebar_id":"","_kad_post_content_style":"","_kad_post_vertical_padding":"","_kad_post_feature":"","_kad_post_feature_position":"","_kad_post_header":false,"_kad_post_footer":false,"_kad_post_classname":""},"product_brand":[289],"product_cat":[1564,3942,1563,1565,1562,3943],"product_tag":[],"class_list":{"0":"post-499044","1":"product","2":"type-product","3":"status-publish","4":"has-post-thumbnail","6":"product_brand-foreo","7":"product_cat-cosmetice-ingrijire-personala","8":"product_cat-electronice-ingrijirea-pielii","9":"product_cat-ingrijire-personala","10":"product_cat-ingrijirea-pielii","11":"product_cat-sanatate-si-frumusete","12":"product_cat-terapia-cu-lumina","13":"pa_gen-female","14":"pa_marime-1-buc","16":"first","17":"instock","18":"sale","19":"product-type-external","20":"entry","21":"content-bg","22":"loop-entry"},"acf":[],"yoast_head":"<!-- This site is optimized with the Yoast SEO plugin v27.4 - https:\/\/yoast.com\/product\/yoast-seo-wordpress\/ -->\n<title>FOREO UFO\u2122 mini 2 aparat sonic pentru accelerarea efectului m\u0103\u0219tilor de ten pachet pentru calatorie Fuchsia 1 buc - SHOPATOA.COM<\/title>\n<meta name=\"robots\" content=\"index, follow, max-snippet:-1, max-image-preview:large, max-video-preview:-1\" \/>\n<link rel=\"canonical\" href=\"https:\/\/shopatoa.com\/ro\/foreo-ufo-mini-2-aparat-sonic-pentru-accelerarea-efectului-mastilor-de-ten-pachet-pentru-calatorie-fuchsia-1-buc\/\" \/>\n<meta property=\"og:locale\" content=\"ro_RO\" \/>\n<meta property=\"og:type\" content=\"article\" \/>\n<meta property=\"og:title\" content=\"FOREO UFO\u2122 mini 2 aparat sonic pentru accelerarea efectului m\u0103\u0219tilor de ten pachet pentru calatorie Fuchsia 1 buc - SHOPATOA.COM\" \/>\n<meta property=\"og:description\" content=\"FOREO UFO\u2122 mini 2, 1 buc, Aparate de lifting pentru ten pentru femei, Spa-ul dumneavoastr\u0103 privat, pe care \u00eel po i avea la \u00eendem\u00e2n\u0103 oric\u00e2nd i oriunde. Dispozitivul sonic pentru accelerarea efectelor m\u0103 tii de fa \u0103 FOREO UFO\u2122 mini 2 sus ine absorb ia m\u0103 tii de fa \u0103 astfel \u00eenc\u00e2t substan ele active...\" \/>\n<meta property=\"og:url\" content=\"https:\/\/shopatoa.com\/ro\/foreo-ufo-mini-2-aparat-sonic-pentru-accelerarea-efectului-mastilor-de-ten-pachet-pentru-calatorie-fuchsia-1-buc\/\" \/>\n<meta property=\"og:site_name\" content=\"SHOPATOA\" \/>\n<meta property=\"article:modified_time\" content=\"2025-12-04T13:45:58+00:00\" \/>\n<meta property=\"og:image\" content=\"https:\/\/storage.googleapis.com\/cz-shopatoa-img\/ro\/ded17c87-7350092134330_01-o.jpg\" \/>\n\t<meta property=\"og:image:width\" content=\"800\" \/>\n\t<meta property=\"og:image:height\" content=\"800\" \/>\n\t<meta property=\"og:image:type\" content=\"image\/jpeg\" \/>\n<meta name=\"twitter:card\" content=\"summary_large_image\" \/>\n<meta name=\"twitter:label1\" content=\"Timp estimat pentru citire\" \/>\n\t<meta name=\"twitter:data1\" content=\"2 minute\" \/>\n<script type=\"application\/ld+json\" class=\"yoast-schema-graph\">{\"@context\":\"https:\\\/\\\/schema.org\",\"@graph\":[{\"@type\":\"WebPage\",\"@id\":\"https:\\\/\\\/shopatoa.com\\\/ro\\\/foreo-ufo-mini-2-aparat-sonic-pentru-accelerarea-efectului-mastilor-de-ten-pachet-pentru-calatorie-fuchsia-1-buc\\\/\",\"url\":\"https:\\\/\\\/shopatoa.com\\\/ro\\\/foreo-ufo-mini-2-aparat-sonic-pentru-accelerarea-efectului-mastilor-de-ten-pachet-pentru-calatorie-fuchsia-1-buc\\\/\",\"name\":\"FOREO UFO\u2122 mini 2 aparat sonic pentru accelerarea efectului m\u0103\u0219tilor de ten pachet pentru calatorie Fuchsia 1 buc - SHOPATOA.COM\",\"isPartOf\":{\"@id\":\"https:\\\/\\\/shopatoa.com\\\/ro\\\/#website\"},\"primaryImageOfPage\":{\"@id\":\"https:\\\/\\\/shopatoa.com\\\/ro\\\/foreo-ufo-mini-2-aparat-sonic-pentru-accelerarea-efectului-mastilor-de-ten-pachet-pentru-calatorie-fuchsia-1-buc\\\/#primaryimage\"},\"image\":{\"@id\":\"https:\\\/\\\/shopatoa.com\\\/ro\\\/foreo-ufo-mini-2-aparat-sonic-pentru-accelerarea-efectului-mastilor-de-ten-pachet-pentru-calatorie-fuchsia-1-buc\\\/#primaryimage\"},\"thumbnailUrl\":\"https:\\\/\\\/storage.googleapis.com\\\/cz-shopatoa-img\\\/ro\\\/ded17c87-7350092134330_01-o.jpg\",\"datePublished\":\"2025-12-04T13:45:18+00:00\",\"dateModified\":\"2025-12-04T13:45:58+00:00\",\"breadcrumb\":{\"@id\":\"https:\\\/\\\/shopatoa.com\\\/ro\\\/foreo-ufo-mini-2-aparat-sonic-pentru-accelerarea-efectului-mastilor-de-ten-pachet-pentru-calatorie-fuchsia-1-buc\\\/#breadcrumb\"},\"inLanguage\":\"ro-RO\",\"potentialAction\":[{\"@type\":\"ReadAction\",\"target\":[\"https:\\\/\\\/shopatoa.com\\\/ro\\\/foreo-ufo-mini-2-aparat-sonic-pentru-accelerarea-efectului-mastilor-de-ten-pachet-pentru-calatorie-fuchsia-1-buc\\\/\"]}]},{\"@type\":\"ImageObject\",\"inLanguage\":\"ro-RO\",\"@id\":\"https:\\\/\\\/shopatoa.com\\\/ro\\\/foreo-ufo-mini-2-aparat-sonic-pentru-accelerarea-efectului-mastilor-de-ten-pachet-pentru-calatorie-fuchsia-1-buc\\\/#primaryimage\",\"url\":\"https:\\\/\\\/storage.googleapis.com\\\/cz-shopatoa-img\\\/ro\\\/ded17c87-7350092134330_01-o.jpg\",\"contentUrl\":\"https:\\\/\\\/storage.googleapis.com\\\/cz-shopatoa-img\\\/ro\\\/ded17c87-7350092134330_01-o.jpg\",\"width\":800,\"height\":800},{\"@type\":\"BreadcrumbList\",\"@id\":\"https:\\\/\\\/shopatoa.com\\\/ro\\\/foreo-ufo-mini-2-aparat-sonic-pentru-accelerarea-efectului-mastilor-de-ten-pachet-pentru-calatorie-fuchsia-1-buc\\\/#breadcrumb\",\"itemListElement\":[{\"@type\":\"ListItem\",\"position\":1,\"name\":\"Dom\u016f\",\"item\":\"https:\\\/\\\/shopatoa.com\\\/ro\\\/\"},{\"@type\":\"ListItem\",\"position\":2,\"name\":\"Shop\",\"item\":\"https:\\\/\\\/shopatoa.com\\\/ro\\\/shop\\\/\"},{\"@type\":\"ListItem\",\"position\":3,\"name\":\"FOREO UFO\u2122 mini 2 aparat sonic pentru accelerarea efectului m\u0103\u0219tilor de ten pachet pentru calatorie Fuchsia 1 buc\"}]},{\"@type\":\"WebSite\",\"@id\":\"https:\\\/\\\/shopatoa.com\\\/ro\\\/#website\",\"url\":\"https:\\\/\\\/shopatoa.com\\\/ro\\\/\",\"name\":\"SHOPATOA\",\"description\":\"\",\"publisher\":{\"@id\":\"https:\\\/\\\/shopatoa.com\\\/ro\\\/#organization\"},\"potentialAction\":[{\"@type\":\"SearchAction\",\"target\":{\"@type\":\"EntryPoint\",\"urlTemplate\":\"https:\\\/\\\/shopatoa.com\\\/ro\\\/?s={search_term_string}\"},\"query-input\":{\"@type\":\"PropertyValueSpecification\",\"valueRequired\":true,\"valueName\":\"search_term_string\"}}],\"inLanguage\":\"ro-RO\"},{\"@type\":\"Organization\",\"@id\":\"https:\\\/\\\/shopatoa.com\\\/ro\\\/#organization\",\"name\":\"SHOPATOA\",\"url\":\"https:\\\/\\\/shopatoa.com\\\/ro\\\/\",\"logo\":{\"@type\":\"ImageObject\",\"inLanguage\":\"ro-RO\",\"@id\":\"https:\\\/\\\/shopatoa.com\\\/ro\\\/#\\\/schema\\\/logo\\\/image\\\/\",\"url\":\"https:\\\/\\\/storage.googleapis.com\\\/cz-shopatoa-img\\\/ro\\\/b4dac915-shopatoa_logo.png\",\"contentUrl\":\"https:\\\/\\\/storage.googleapis.com\\\/cz-shopatoa-img\\\/ro\\\/b4dac915-shopatoa_logo.png\",\"width\":416,\"height\":63,\"caption\":\"SHOPATOA\"},\"image\":{\"@id\":\"https:\\\/\\\/shopatoa.com\\\/ro\\\/#\\\/schema\\\/logo\\\/image\\\/\"}}]}<\/script>\n<!-- \/ Yoast SEO plugin. -->","yoast_head_json":{"title":"FOREO UFO\u2122 mini 2 aparat sonic pentru accelerarea efectului m\u0103\u0219tilor de ten pachet pentru calatorie Fuchsia 1 buc - SHOPATOA.COM","robots":{"index":"index","follow":"follow","max-snippet":"max-snippet:-1","max-image-preview":"max-image-preview:large","max-video-preview":"max-video-preview:-1"},"canonical":"https:\/\/shopatoa.com\/ro\/foreo-ufo-mini-2-aparat-sonic-pentru-accelerarea-efectului-mastilor-de-ten-pachet-pentru-calatorie-fuchsia-1-buc\/","og_locale":"ro_RO","og_type":"article","og_title":"FOREO UFO\u2122 mini 2 aparat sonic pentru accelerarea efectului m\u0103\u0219tilor de ten pachet pentru calatorie Fuchsia 1 buc - SHOPATOA.COM","og_description":"FOREO UFO\u2122 mini 2, 1 buc, Aparate de lifting pentru ten pentru femei, Spa-ul dumneavoastr\u0103 privat, pe care \u00eel po i avea la \u00eendem\u00e2n\u0103 oric\u00e2nd i oriunde. Dispozitivul sonic pentru accelerarea efectelor m\u0103 tii de fa \u0103 FOREO UFO\u2122 mini 2 sus ine absorb ia m\u0103 tii de fa \u0103 astfel \u00eenc\u00e2t substan ele active...","og_url":"https:\/\/shopatoa.com\/ro\/foreo-ufo-mini-2-aparat-sonic-pentru-accelerarea-efectului-mastilor-de-ten-pachet-pentru-calatorie-fuchsia-1-buc\/","og_site_name":"SHOPATOA","article_modified_time":"2025-12-04T13:45:58+00:00","og_image":[{"width":800,"height":800,"url":"https:\/\/storage.googleapis.com\/cz-shopatoa-img\/ro\/ded17c87-7350092134330_01-o.jpg","type":"image\/jpeg"}],"twitter_card":"summary_large_image","twitter_misc":{"Timp estimat pentru citire":"2 minute"},"schema":{"@context":"https:\/\/schema.org","@graph":[{"@type":"WebPage","@id":"https:\/\/shopatoa.com\/ro\/foreo-ufo-mini-2-aparat-sonic-pentru-accelerarea-efectului-mastilor-de-ten-pachet-pentru-calatorie-fuchsia-1-buc\/","url":"https:\/\/shopatoa.com\/ro\/foreo-ufo-mini-2-aparat-sonic-pentru-accelerarea-efectului-mastilor-de-ten-pachet-pentru-calatorie-fuchsia-1-buc\/","name":"FOREO UFO\u2122 mini 2 aparat sonic pentru accelerarea efectului m\u0103\u0219tilor de ten pachet pentru calatorie Fuchsia 1 buc - SHOPATOA.COM","isPartOf":{"@id":"https:\/\/shopatoa.com\/ro\/#website"},"primaryImageOfPage":{"@id":"https:\/\/shopatoa.com\/ro\/foreo-ufo-mini-2-aparat-sonic-pentru-accelerarea-efectului-mastilor-de-ten-pachet-pentru-calatorie-fuchsia-1-buc\/#primaryimage"},"image":{"@id":"https:\/\/shopatoa.com\/ro\/foreo-ufo-mini-2-aparat-sonic-pentru-accelerarea-efectului-mastilor-de-ten-pachet-pentru-calatorie-fuchsia-1-buc\/#primaryimage"},"thumbnailUrl":"https:\/\/storage.googleapis.com\/cz-shopatoa-img\/ro\/ded17c87-7350092134330_01-o.jpg","datePublished":"2025-12-04T13:45:18+00:00","dateModified":"2025-12-04T13:45:58+00:00","breadcrumb":{"@id":"https:\/\/shopatoa.com\/ro\/foreo-ufo-mini-2-aparat-sonic-pentru-accelerarea-efectului-mastilor-de-ten-pachet-pentru-calatorie-fuchsia-1-buc\/#breadcrumb"},"inLanguage":"ro-RO","potentialAction":[{"@type":"ReadAction","target":["https:\/\/shopatoa.com\/ro\/foreo-ufo-mini-2-aparat-sonic-pentru-accelerarea-efectului-mastilor-de-ten-pachet-pentru-calatorie-fuchsia-1-buc\/"]}]},{"@type":"ImageObject","inLanguage":"ro-RO","@id":"https:\/\/shopatoa.com\/ro\/foreo-ufo-mini-2-aparat-sonic-pentru-accelerarea-efectului-mastilor-de-ten-pachet-pentru-calatorie-fuchsia-1-buc\/#primaryimage","url":"https:\/\/storage.googleapis.com\/cz-shopatoa-img\/ro\/ded17c87-7350092134330_01-o.jpg","contentUrl":"https:\/\/storage.googleapis.com\/cz-shopatoa-img\/ro\/ded17c87-7350092134330_01-o.jpg","width":800,"height":800},{"@type":"BreadcrumbList","@id":"https:\/\/shopatoa.com\/ro\/foreo-ufo-mini-2-aparat-sonic-pentru-accelerarea-efectului-mastilor-de-ten-pachet-pentru-calatorie-fuchsia-1-buc\/#breadcrumb","itemListElement":[{"@type":"ListItem","position":1,"name":"Dom\u016f","item":"https:\/\/shopatoa.com\/ro\/"},{"@type":"ListItem","position":2,"name":"Shop","item":"https:\/\/shopatoa.com\/ro\/shop\/"},{"@type":"ListItem","position":3,"name":"FOREO UFO\u2122 mini 2 aparat sonic pentru accelerarea efectului m\u0103\u0219tilor de ten pachet pentru calatorie Fuchsia 1 buc"}]},{"@type":"WebSite","@id":"https:\/\/shopatoa.com\/ro\/#website","url":"https:\/\/shopatoa.com\/ro\/","name":"SHOPATOA","description":"","publisher":{"@id":"https:\/\/shopatoa.com\/ro\/#organization"},"potentialAction":[{"@type":"SearchAction","target":{"@type":"EntryPoint","urlTemplate":"https:\/\/shopatoa.com\/ro\/?s={search_term_string}"},"query-input":{"@type":"PropertyValueSpecification","valueRequired":true,"valueName":"search_term_string"}}],"inLanguage":"ro-RO"},{"@type":"Organization","@id":"https:\/\/shopatoa.com\/ro\/#organization","name":"SHOPATOA","url":"https:\/\/shopatoa.com\/ro\/","logo":{"@type":"ImageObject","inLanguage":"ro-RO","@id":"https:\/\/shopatoa.com\/ro\/#\/schema\/logo\/image\/","url":"https:\/\/storage.googleapis.com\/cz-shopatoa-img\/ro\/b4dac915-shopatoa_logo.png","contentUrl":"https:\/\/storage.googleapis.com\/cz-shopatoa-img\/ro\/b4dac915-shopatoa_logo.png","width":416,"height":63,"caption":"SHOPATOA"},"image":{"@id":"https:\/\/shopatoa.com\/ro\/#\/schema\/logo\/image\/"}}]}},"_links":{"self":[{"href":"https:\/\/shopatoa.com\/ro\/wp-json\/wp\/v2\/product\/499044","targetHints":{"allow":["GET"]}}],"collection":[{"href":"https:\/\/shopatoa.com\/ro\/wp-json\/wp\/v2\/product"}],"about":[{"href":"https:\/\/shopatoa.com\/ro\/wp-json\/wp\/v2\/types\/product"}],"replies":[{"embeddable":true,"href":"https:\/\/shopatoa.com\/ro\/wp-json\/wp\/v2\/comments?post=499044"}],"wp:featuredmedia":[{"embeddable":true,"href":"https:\/\/shopatoa.com\/ro\/wp-json\/wp\/v2\/media\/499045"}],"wp:attachment":[{"href":"https:\/\/shopatoa.com\/ro\/wp-json\/wp\/v2\/media?parent=499044"}],"wp:term":[{"taxonomy":"product_brand","embeddable":true,"href":"https:\/\/shopatoa.com\/ro\/wp-json\/wp\/v2\/product_brand?post=499044"},{"taxonomy":"product_cat","embeddable":true,"href":"https:\/\/shopatoa.com\/ro\/wp-json\/wp\/v2\/product_cat?post=499044"},{"taxonomy":"product_tag","embeddable":true,"href":"https:\/\/shopatoa.com\/ro\/wp-json\/wp\/v2\/product_tag?post=499044"}],"curies":[{"name":"wp","href":"https:\/\/api.w.org\/{rel}","templated":true}]}}