{"id":499110,"date":"2025-12-04T14:51:51","date_gmt":"2025-12-04T13:51:51","guid":{"rendered":"https:\/\/shopatoa.com\/ro\/revlon-professional-revlonissimo-color-sublime-culoare-permanenta-pentru-par-fara-silicon-culoare-5-4-75-ml\/"},"modified":"2026-01-30T18:52:03","modified_gmt":"2026-01-30T17:52:03","slug":"revlon-professional-revlonissimo-color-sublime-culoare-permanenta-pentru-par-fara-silicon-culoare-5-4-75-ml","status":"publish","type":"product","link":"https:\/\/shopatoa.com\/ro\/revlon-professional-revlonissimo-color-sublime-culoare-permanenta-pentru-par-fara-silicon-culoare-5-4-75-ml\/","title":{"rendered":"Revlon Professional Revlonissimo Color Sublime Culoare permanenta pentru par fara silicon culoare 5.4 75 ml"},"content":{"rendered":"<p>Revlon Professional Revlonissimo Color Sublime, 75 ml, Vopsele de p\u0103r permanente pentru femei, Vopsea de p\u0103r vegan\u0103, inspirat\u0103 de natur\u0103 \u2013 f\u0103r\u0103 amoniac, f\u0103r\u0103 siliconi, cu rezultate de lung\u0103 durat\u0103  \u00cencerca i o vopsea care combin\u0103 puterea naturii cu rezultate profesionale i r\u0103sfa \u0103 p\u0103rul cu fiecare vopsire. Vopseaua de p\u0103r permanent\u0103 Revlon Professional Revlonissimo Color Sublime exploateaz\u0103 puterea uleiurilor naturale presate la rece pentru a p\u0103trunde ad\u00e2nc \u00een fibra capilar\u0103, hr\u0103nind-o i oferindu-i o culoare uniform\u0103 i intens\u0103. Fiecare nuan \u0103 str\u0103luce te cu reflexii naturale i men ine aspectul s\u0103n\u0103tos al p\u0103rului timp de c\u00e2teva s\u0103pt\u0103m\u00e2ni. Compozi ia delicat\u0103, f\u0103r\u0103 siliconi, amoniac i alcool care usuc\u0103, asigur\u0103 nu numai rezisten a culorii, ci i o \u00eengrijire veritabil\u0103 a p\u0103rului.  Caracteristici:  confer\u0103 p\u0103rului o culoare radiant\u0103, care rezist\u0103 p\u00e2n\u0103 la 10 s\u0103pt\u0103m\u00e2ni asigur\u0103 o acoperire uniform\u0103 i un rezultat de culoare uniform creeaz\u0103 nuan e cu aspect natural, cu reflexii discrete las\u0103 p\u0103rul str\u0103lucitor, hr\u0103nit i rezistent protejeaz\u0103 i hr\u0103ne te scalpul garanteaz\u0103 acoperirea 100% a p\u0103rului c\u0103runt  Ingrediente:  complex Dual-Action Vegan Color System \u2013 protejeaz\u0103 p\u0103rul din exterior i \u00eel hr\u0103ne te din interior, con ine ulei de floarea soarelui (asigur\u0103 p\u0103trunderea micro-pigmen ilor \u00een profunzimea fibrei capilare i confer\u0103 p\u0103rului o culoare bogat\u0103), ulei de cocos (protejeaz\u0103 p\u0103rul de pierderea proteinelor) i alte uleiuri naturale (formeaz\u0103 o pelicul\u0103 protectoare pe p\u0103r, conferindu-i catifelare i str\u0103lucire radiant\u0103) f\u0103r\u0103 amoniac, siliconi, uleiuri minerale i alcool 87% ingrediente de origine natural\u0103 96% substan e biodegradabile compozi ie vegan\u0103  Aplicare: \u00cen timpul aplic\u0103rii vopselei de p\u0103r Color Sublime, urma i instruc iunile incluse \u00een ambalaj.<\/p>\n","protected":false},"excerpt":{"rendered":"<p>Revlon Professional Revlonissimo Color Sublime, 75 ml, Vopsele de p\u0103r permanente pentru femei, Vopsea de p\u0103r vegan\u0103, inspirat\u0103 de natur\u0103 \u2013 f\u0103r\u0103 amoniac, f\u0103r\u0103 siliconi, cu rezultate de lung\u0103 durat\u0103 \u00cencerca i o vopsea care combin\u0103 puterea naturii cu rezultate profesionale i r\u0103sfa \u0103 p\u0103rul cu fiecare vopsire. Vopseaua de p\u0103r permanent\u0103 Revlon Professional Revlonissimo&#8230;<\/p>\n","protected":false},"featured_media":496928,"comment_status":"closed","ping_status":"open","template":"","meta":{"_acf_changed":false,"_kadence_starter_templates_imported_post":false,"_kad_post_transparent":"","_kad_post_title":"","_kad_post_layout":"","_kad_post_sidebar_id":"","_kad_post_content_style":"","_kad_post_vertical_padding":"","_kad_post_feature":"","_kad_post_feature_position":"","_kad_post_header":false,"_kad_post_footer":false,"_kad_post_classname":""},"product_brand":[367],"product_cat":[1563,1590,1562,3899,3900],"product_tag":[],"class_list":{"0":"post-499110","1":"product","2":"type-product","3":"status-publish","4":"has-post-thumbnail","6":"product_brand-revlon-professional","7":"product_cat-ingrijire-personala","8":"product_cat-ingrijirea-parului","9":"product_cat-sanatate-si-frumusete","10":"product_cat-vopsele-pentru-par","11":"product_cat-vopsele-permanente-pentru-par","12":"pa_gen-female","13":"pa_marime-75-ml","15":"first","16":"instock","17":"sale","18":"product-type-external","19":"entry","20":"content-bg","21":"loop-entry"},"acf":[],"yoast_head":"<!-- This site is optimized with the Yoast SEO plugin v27.4 - https:\/\/yoast.com\/product\/yoast-seo-wordpress\/ -->\n<title>Revlon Professional Revlonissimo Color Sublime Culoare permanenta pentru par fara silicon culoare 5.4 75 ml - SHOPATOA.COM<\/title>\n<meta name=\"robots\" content=\"index, follow, max-snippet:-1, max-image-preview:large, max-video-preview:-1\" \/>\n<link rel=\"canonical\" href=\"https:\/\/shopatoa.com\/ro\/revlon-professional-revlonissimo-color-sublime-culoare-permanenta-pentru-par-fara-silicon-culoare-5-4-75-ml\/\" \/>\n<meta property=\"og:locale\" content=\"ro_RO\" \/>\n<meta property=\"og:type\" content=\"article\" \/>\n<meta property=\"og:title\" content=\"Revlon Professional Revlonissimo Color Sublime Culoare permanenta pentru par fara silicon culoare 5.4 75 ml - SHOPATOA.COM\" \/>\n<meta property=\"og:description\" content=\"Revlon Professional Revlonissimo Color Sublime, 75 ml, Vopsele de p\u0103r permanente pentru femei, Vopsea de p\u0103r vegan\u0103, inspirat\u0103 de natur\u0103 \u2013 f\u0103r\u0103 amoniac, f\u0103r\u0103 siliconi, cu rezultate de lung\u0103 durat\u0103 \u00cencerca i o vopsea care combin\u0103 puterea naturii cu rezultate profesionale i r\u0103sfa \u0103 p\u0103rul cu fiecare vopsire. Vopseaua de p\u0103r permanent\u0103 Revlon Professional Revlonissimo...\" \/>\n<meta property=\"og:url\" content=\"https:\/\/shopatoa.com\/ro\/revlon-professional-revlonissimo-color-sublime-culoare-permanenta-pentru-par-fara-silicon-culoare-5-4-75-ml\/\" \/>\n<meta property=\"og:site_name\" content=\"SHOPATOA\" \/>\n<meta property=\"article:modified_time\" content=\"2026-01-30T17:52:03+00:00\" \/>\n<meta property=\"og:image\" content=\"https:\/\/storage.googleapis.com\/cz-shopatoa-img\/ro\/251db1ab-8007376050006_01-o.jpg\" \/>\n\t<meta property=\"og:image:width\" content=\"800\" \/>\n\t<meta property=\"og:image:height\" content=\"800\" \/>\n\t<meta property=\"og:image:type\" content=\"image\/jpeg\" \/>\n<meta name=\"twitter:card\" content=\"summary_large_image\" \/>\n<meta name=\"twitter:label1\" content=\"Timp estimat pentru citire\" \/>\n\t<meta name=\"twitter:data1\" content=\"1 minut\" \/>\n<script type=\"application\/ld+json\" class=\"yoast-schema-graph\">{\"@context\":\"https:\\\/\\\/schema.org\",\"@graph\":[{\"@type\":\"WebPage\",\"@id\":\"https:\\\/\\\/shopatoa.com\\\/ro\\\/revlon-professional-revlonissimo-color-sublime-culoare-permanenta-pentru-par-fara-silicon-culoare-5-4-75-ml\\\/\",\"url\":\"https:\\\/\\\/shopatoa.com\\\/ro\\\/revlon-professional-revlonissimo-color-sublime-culoare-permanenta-pentru-par-fara-silicon-culoare-5-4-75-ml\\\/\",\"name\":\"Revlon Professional Revlonissimo Color Sublime Culoare permanenta pentru par fara silicon culoare 5.4 75 ml - SHOPATOA.COM\",\"isPartOf\":{\"@id\":\"https:\\\/\\\/shopatoa.com\\\/ro\\\/#website\"},\"primaryImageOfPage\":{\"@id\":\"https:\\\/\\\/shopatoa.com\\\/ro\\\/revlon-professional-revlonissimo-color-sublime-culoare-permanenta-pentru-par-fara-silicon-culoare-5-4-75-ml\\\/#primaryimage\"},\"image\":{\"@id\":\"https:\\\/\\\/shopatoa.com\\\/ro\\\/revlon-professional-revlonissimo-color-sublime-culoare-permanenta-pentru-par-fara-silicon-culoare-5-4-75-ml\\\/#primaryimage\"},\"thumbnailUrl\":\"https:\\\/\\\/storage.googleapis.com\\\/cz-shopatoa-img\\\/ro\\\/251db1ab-8007376050006_01-o.jpg\",\"datePublished\":\"2025-12-04T13:51:51+00:00\",\"dateModified\":\"2026-01-30T17:52:03+00:00\",\"breadcrumb\":{\"@id\":\"https:\\\/\\\/shopatoa.com\\\/ro\\\/revlon-professional-revlonissimo-color-sublime-culoare-permanenta-pentru-par-fara-silicon-culoare-5-4-75-ml\\\/#breadcrumb\"},\"inLanguage\":\"ro-RO\",\"potentialAction\":[{\"@type\":\"ReadAction\",\"target\":[\"https:\\\/\\\/shopatoa.com\\\/ro\\\/revlon-professional-revlonissimo-color-sublime-culoare-permanenta-pentru-par-fara-silicon-culoare-5-4-75-ml\\\/\"]}]},{\"@type\":\"ImageObject\",\"inLanguage\":\"ro-RO\",\"@id\":\"https:\\\/\\\/shopatoa.com\\\/ro\\\/revlon-professional-revlonissimo-color-sublime-culoare-permanenta-pentru-par-fara-silicon-culoare-5-4-75-ml\\\/#primaryimage\",\"url\":\"https:\\\/\\\/storage.googleapis.com\\\/cz-shopatoa-img\\\/ro\\\/251db1ab-8007376050006_01-o.jpg\",\"contentUrl\":\"https:\\\/\\\/storage.googleapis.com\\\/cz-shopatoa-img\\\/ro\\\/251db1ab-8007376050006_01-o.jpg\",\"width\":800,\"height\":800},{\"@type\":\"BreadcrumbList\",\"@id\":\"https:\\\/\\\/shopatoa.com\\\/ro\\\/revlon-professional-revlonissimo-color-sublime-culoare-permanenta-pentru-par-fara-silicon-culoare-5-4-75-ml\\\/#breadcrumb\",\"itemListElement\":[{\"@type\":\"ListItem\",\"position\":1,\"name\":\"Dom\u016f\",\"item\":\"https:\\\/\\\/shopatoa.com\\\/ro\\\/\"},{\"@type\":\"ListItem\",\"position\":2,\"name\":\"Shop\",\"item\":\"https:\\\/\\\/shopatoa.com\\\/ro\\\/shop\\\/\"},{\"@type\":\"ListItem\",\"position\":3,\"name\":\"S\u0103n\u0103tate \u0219i frumuse\u021be\",\"item\":\"https:\\\/\\\/shopatoa.com\\\/ro\\\/sanatate-si-frumusete\\\/\"},{\"@type\":\"ListItem\",\"position\":4,\"name\":\"\u00cengrijire personal\u0103\",\"item\":\"https:\\\/\\\/shopatoa.com\\\/ro\\\/ingrijire-personala\\\/\"},{\"@type\":\"ListItem\",\"position\":5,\"name\":\"\u00cengrijirea p\u0103rului\",\"item\":\"https:\\\/\\\/shopatoa.com\\\/ro\\\/ingrijirea-parului\\\/\"},{\"@type\":\"ListItem\",\"position\":6,\"name\":\"Vopsele pentru p\u0103r\",\"item\":\"https:\\\/\\\/shopatoa.com\\\/ro\\\/vopsele-pentru-par\\\/\"},{\"@type\":\"ListItem\",\"position\":7,\"name\":\"Vopsele permanente pentru p\u0103r\",\"item\":\"https:\\\/\\\/shopatoa.com\\\/ro\\\/vopsele-permanente-pentru-par\\\/\"},{\"@type\":\"ListItem\",\"position\":8,\"name\":\"Revlon Professional Revlonissimo Color Sublime Culoare permanenta pentru par fara silicon culoare 5.4 75 ml\"}]},{\"@type\":\"WebSite\",\"@id\":\"https:\\\/\\\/shopatoa.com\\\/ro\\\/#website\",\"url\":\"https:\\\/\\\/shopatoa.com\\\/ro\\\/\",\"name\":\"SHOPATOA\",\"description\":\"\",\"publisher\":{\"@id\":\"https:\\\/\\\/shopatoa.com\\\/ro\\\/#organization\"},\"potentialAction\":[{\"@type\":\"SearchAction\",\"target\":{\"@type\":\"EntryPoint\",\"urlTemplate\":\"https:\\\/\\\/shopatoa.com\\\/ro\\\/?s={search_term_string}\"},\"query-input\":{\"@type\":\"PropertyValueSpecification\",\"valueRequired\":true,\"valueName\":\"search_term_string\"}}],\"inLanguage\":\"ro-RO\"},{\"@type\":\"Organization\",\"@id\":\"https:\\\/\\\/shopatoa.com\\\/ro\\\/#organization\",\"name\":\"SHOPATOA\",\"url\":\"https:\\\/\\\/shopatoa.com\\\/ro\\\/\",\"logo\":{\"@type\":\"ImageObject\",\"inLanguage\":\"ro-RO\",\"@id\":\"https:\\\/\\\/shopatoa.com\\\/ro\\\/#\\\/schema\\\/logo\\\/image\\\/\",\"url\":\"https:\\\/\\\/storage.googleapis.com\\\/cz-shopatoa-img\\\/ro\\\/b4dac915-shopatoa_logo.png\",\"contentUrl\":\"https:\\\/\\\/storage.googleapis.com\\\/cz-shopatoa-img\\\/ro\\\/b4dac915-shopatoa_logo.png\",\"width\":416,\"height\":63,\"caption\":\"SHOPATOA\"},\"image\":{\"@id\":\"https:\\\/\\\/shopatoa.com\\\/ro\\\/#\\\/schema\\\/logo\\\/image\\\/\"}}]}<\/script>\n<!-- \/ Yoast SEO plugin. -->","yoast_head_json":{"title":"Revlon Professional Revlonissimo Color Sublime Culoare permanenta pentru par fara silicon culoare 5.4 75 ml - SHOPATOA.COM","robots":{"index":"index","follow":"follow","max-snippet":"max-snippet:-1","max-image-preview":"max-image-preview:large","max-video-preview":"max-video-preview:-1"},"canonical":"https:\/\/shopatoa.com\/ro\/revlon-professional-revlonissimo-color-sublime-culoare-permanenta-pentru-par-fara-silicon-culoare-5-4-75-ml\/","og_locale":"ro_RO","og_type":"article","og_title":"Revlon Professional Revlonissimo Color Sublime Culoare permanenta pentru par fara silicon culoare 5.4 75 ml - SHOPATOA.COM","og_description":"Revlon Professional Revlonissimo Color Sublime, 75 ml, Vopsele de p\u0103r permanente pentru femei, Vopsea de p\u0103r vegan\u0103, inspirat\u0103 de natur\u0103 \u2013 f\u0103r\u0103 amoniac, f\u0103r\u0103 siliconi, cu rezultate de lung\u0103 durat\u0103 \u00cencerca i o vopsea care combin\u0103 puterea naturii cu rezultate profesionale i r\u0103sfa \u0103 p\u0103rul cu fiecare vopsire. Vopseaua de p\u0103r permanent\u0103 Revlon Professional Revlonissimo...","og_url":"https:\/\/shopatoa.com\/ro\/revlon-professional-revlonissimo-color-sublime-culoare-permanenta-pentru-par-fara-silicon-culoare-5-4-75-ml\/","og_site_name":"SHOPATOA","article_modified_time":"2026-01-30T17:52:03+00:00","og_image":[{"width":800,"height":800,"url":"https:\/\/storage.googleapis.com\/cz-shopatoa-img\/ro\/251db1ab-8007376050006_01-o.jpg","type":"image\/jpeg"}],"twitter_card":"summary_large_image","twitter_misc":{"Timp estimat pentru citire":"1 minut"},"schema":{"@context":"https:\/\/schema.org","@graph":[{"@type":"WebPage","@id":"https:\/\/shopatoa.com\/ro\/revlon-professional-revlonissimo-color-sublime-culoare-permanenta-pentru-par-fara-silicon-culoare-5-4-75-ml\/","url":"https:\/\/shopatoa.com\/ro\/revlon-professional-revlonissimo-color-sublime-culoare-permanenta-pentru-par-fara-silicon-culoare-5-4-75-ml\/","name":"Revlon Professional Revlonissimo Color Sublime Culoare permanenta pentru par fara silicon culoare 5.4 75 ml - SHOPATOA.COM","isPartOf":{"@id":"https:\/\/shopatoa.com\/ro\/#website"},"primaryImageOfPage":{"@id":"https:\/\/shopatoa.com\/ro\/revlon-professional-revlonissimo-color-sublime-culoare-permanenta-pentru-par-fara-silicon-culoare-5-4-75-ml\/#primaryimage"},"image":{"@id":"https:\/\/shopatoa.com\/ro\/revlon-professional-revlonissimo-color-sublime-culoare-permanenta-pentru-par-fara-silicon-culoare-5-4-75-ml\/#primaryimage"},"thumbnailUrl":"https:\/\/storage.googleapis.com\/cz-shopatoa-img\/ro\/251db1ab-8007376050006_01-o.jpg","datePublished":"2025-12-04T13:51:51+00:00","dateModified":"2026-01-30T17:52:03+00:00","breadcrumb":{"@id":"https:\/\/shopatoa.com\/ro\/revlon-professional-revlonissimo-color-sublime-culoare-permanenta-pentru-par-fara-silicon-culoare-5-4-75-ml\/#breadcrumb"},"inLanguage":"ro-RO","potentialAction":[{"@type":"ReadAction","target":["https:\/\/shopatoa.com\/ro\/revlon-professional-revlonissimo-color-sublime-culoare-permanenta-pentru-par-fara-silicon-culoare-5-4-75-ml\/"]}]},{"@type":"ImageObject","inLanguage":"ro-RO","@id":"https:\/\/shopatoa.com\/ro\/revlon-professional-revlonissimo-color-sublime-culoare-permanenta-pentru-par-fara-silicon-culoare-5-4-75-ml\/#primaryimage","url":"https:\/\/storage.googleapis.com\/cz-shopatoa-img\/ro\/251db1ab-8007376050006_01-o.jpg","contentUrl":"https:\/\/storage.googleapis.com\/cz-shopatoa-img\/ro\/251db1ab-8007376050006_01-o.jpg","width":800,"height":800},{"@type":"BreadcrumbList","@id":"https:\/\/shopatoa.com\/ro\/revlon-professional-revlonissimo-color-sublime-culoare-permanenta-pentru-par-fara-silicon-culoare-5-4-75-ml\/#breadcrumb","itemListElement":[{"@type":"ListItem","position":1,"name":"Dom\u016f","item":"https:\/\/shopatoa.com\/ro\/"},{"@type":"ListItem","position":2,"name":"Shop","item":"https:\/\/shopatoa.com\/ro\/shop\/"},{"@type":"ListItem","position":3,"name":"S\u0103n\u0103tate \u0219i frumuse\u021be","item":"https:\/\/shopatoa.com\/ro\/sanatate-si-frumusete\/"},{"@type":"ListItem","position":4,"name":"\u00cengrijire personal\u0103","item":"https:\/\/shopatoa.com\/ro\/ingrijire-personala\/"},{"@type":"ListItem","position":5,"name":"\u00cengrijirea p\u0103rului","item":"https:\/\/shopatoa.com\/ro\/ingrijirea-parului\/"},{"@type":"ListItem","position":6,"name":"Vopsele pentru p\u0103r","item":"https:\/\/shopatoa.com\/ro\/vopsele-pentru-par\/"},{"@type":"ListItem","position":7,"name":"Vopsele permanente pentru p\u0103r","item":"https:\/\/shopatoa.com\/ro\/vopsele-permanente-pentru-par\/"},{"@type":"ListItem","position":8,"name":"Revlon Professional Revlonissimo Color Sublime Culoare permanenta pentru par fara silicon culoare 5.4 75 ml"}]},{"@type":"WebSite","@id":"https:\/\/shopatoa.com\/ro\/#website","url":"https:\/\/shopatoa.com\/ro\/","name":"SHOPATOA","description":"","publisher":{"@id":"https:\/\/shopatoa.com\/ro\/#organization"},"potentialAction":[{"@type":"SearchAction","target":{"@type":"EntryPoint","urlTemplate":"https:\/\/shopatoa.com\/ro\/?s={search_term_string}"},"query-input":{"@type":"PropertyValueSpecification","valueRequired":true,"valueName":"search_term_string"}}],"inLanguage":"ro-RO"},{"@type":"Organization","@id":"https:\/\/shopatoa.com\/ro\/#organization","name":"SHOPATOA","url":"https:\/\/shopatoa.com\/ro\/","logo":{"@type":"ImageObject","inLanguage":"ro-RO","@id":"https:\/\/shopatoa.com\/ro\/#\/schema\/logo\/image\/","url":"https:\/\/storage.googleapis.com\/cz-shopatoa-img\/ro\/b4dac915-shopatoa_logo.png","contentUrl":"https:\/\/storage.googleapis.com\/cz-shopatoa-img\/ro\/b4dac915-shopatoa_logo.png","width":416,"height":63,"caption":"SHOPATOA"},"image":{"@id":"https:\/\/shopatoa.com\/ro\/#\/schema\/logo\/image\/"}}]}},"_links":{"self":[{"href":"https:\/\/shopatoa.com\/ro\/wp-json\/wp\/v2\/product\/499110","targetHints":{"allow":["GET"]}}],"collection":[{"href":"https:\/\/shopatoa.com\/ro\/wp-json\/wp\/v2\/product"}],"about":[{"href":"https:\/\/shopatoa.com\/ro\/wp-json\/wp\/v2\/types\/product"}],"replies":[{"embeddable":true,"href":"https:\/\/shopatoa.com\/ro\/wp-json\/wp\/v2\/comments?post=499110"}],"wp:featuredmedia":[{"embeddable":true,"href":"https:\/\/shopatoa.com\/ro\/wp-json\/wp\/v2\/media\/496928"}],"wp:attachment":[{"href":"https:\/\/shopatoa.com\/ro\/wp-json\/wp\/v2\/media?parent=499110"}],"wp:term":[{"taxonomy":"product_brand","embeddable":true,"href":"https:\/\/shopatoa.com\/ro\/wp-json\/wp\/v2\/product_brand?post=499110"},{"taxonomy":"product_cat","embeddable":true,"href":"https:\/\/shopatoa.com\/ro\/wp-json\/wp\/v2\/product_cat?post=499110"},{"taxonomy":"product_tag","embeddable":true,"href":"https:\/\/shopatoa.com\/ro\/wp-json\/wp\/v2\/product_tag?post=499110"}],"curies":[{"name":"wp","href":"https:\/\/api.w.org\/{rel}","templated":true}]}}