{"id":499437,"date":"2025-12-04T15:16:52","date_gmt":"2025-12-04T14:16:52","guid":{"rendered":"https:\/\/shopatoa.com\/ro\/palsar7-ultrasonic-face-spatula-spatula-multifunctionala-cu-ultrasunete-faciale-1-buc\/"},"modified":"2026-01-30T17:58:02","modified_gmt":"2026-01-30T16:58:02","slug":"palsar7-ultrasonic-face-spatula-spatula-multifunctionala-cu-ultrasunete-faciale-1-buc","status":"publish","type":"product","link":"https:\/\/shopatoa.com\/ro\/palsar7-ultrasonic-face-spatula-spatula-multifunctionala-cu-ultrasunete-faciale-1-buc\/","title":{"rendered":"PALSAR7 Ultrasonic Face Spatula spatul\u0103 multifunc\u021bional\u0103 cu ultrasunete faciale 1 buc"},"content":{"rendered":"<p>PALSAR7 Ultrasonic Face Spatula, 1 buc, Spatule ultrasonice pentru femei, Cur\u0103\u021barea obi\u0219nuit\u0103 cu geluri, creme, spume \u0219i alte produse similare nu este suficient\u0103 pentru tenul dvs.? Nu este nevoie s\u0103 apela\u021bi direct la un salon de cosmetic\u0103. Spatula cu ultrasunete PALSAR7 Ultrasonic Face Spatula v\u0103 va oferi o cur\u0103\u021bare profund\u0103 ca din m\u00e2inile unui estetician, \u00een confortul de acas\u0103. \u00cendep\u0103rteaz\u0103 toate impurit\u0103\u021bile \u0219i celulele moarte cutanate nu numai de la suprafa\u021ba tenului, ci \u0219i din porii \u0219i cavit\u0103\u021bile microscopice, prin eliminarea lor cu ajutorul vibra\u021biilor de \u00eenalt\u0103 frecven\u021b\u0103. Astfel, v\u0103 va ajuta s\u0103 sc\u0103pa\u021bi de punctele negre, s\u0103 str\u00e2nge\u021bi porii dilata\u021bi \u0219i s\u0103 preveni\u021bi formarea co\u0219urilor. V\u0103 va ajuta s\u0103 ob\u021bine\u021bi un ten frumos, perfect curat, proasp\u0103t \u0219i delicat, u\u0219or, rapid \u0219i f\u0103r\u0103 durere, \u0219i v\u0103 va oferi, totodat\u0103, un micromasaj care favorizeaz\u0103 circula\u021bia s\u00e2ngelui \u0219i netezirea ridurilor.  Caracteristici:  cur\u0103\u021b\u0103 profund porii ajut\u0103 la re\u00eennoirea celulelor epidermei las\u0103 tenul neted \u0219i proasp\u0103t neteze\u0219te ridurile fine elimin\u0103 impurit\u0103\u021bile din pori \u0219i din cavit\u0103\u021bile microscopice ale tenului promoveaz\u0103 produc\u021bia de colagen ajut\u0103 la cre\u0219terea fluxului sanguin \u00een piele \u00eembun\u0103t\u0103\u021be\u0219te calitatea pielii d\u0103 un aspect ferm conturului fe\u021bei maseaz\u0103 delicat fa\u021ba str\u00e2nge porii dilata\u021bi este mai eficient dec\u00e2t cur\u0103\u021barea manual\u0103 a tenului utilizeaz\u0103 efectele vibra\u021biilor de \u00eenalt\u0103 frecven\u021b\u0103 (ultrasunete) metod\u0103 non-invaziv\u0103 de \u00eengrijire a tenului  Cum se utilizeaz\u0103: Se vor urma instruc\u021biunile de utilizare incluse.<\/p>\n","protected":false},"excerpt":{"rendered":"<p>PALSAR7 Ultrasonic Face Spatula, 1 buc, Spatule ultrasonice pentru femei, Cur\u0103\u021barea obi\u0219nuit\u0103 cu geluri, creme, spume \u0219i alte produse similare nu este suficient\u0103 pentru tenul dvs.? Nu este nevoie s\u0103 apela\u021bi direct la un salon de cosmetic\u0103. Spatula cu ultrasunete PALSAR7 Ultrasonic Face Spatula v\u0103 va oferi o cur\u0103\u021bare profund\u0103 ca din m\u00e2inile unui estetician,&#8230;<\/p>\n","protected":false},"featured_media":499438,"comment_status":"closed","ping_status":"open","template":"","meta":{"_acf_changed":false,"_kadence_starter_templates_imported_post":false,"_kad_post_transparent":"","_kad_post_title":"","_kad_post_layout":"","_kad_post_sidebar_id":"","_kad_post_content_style":"","_kad_post_vertical_padding":"","_kad_post_feature":"","_kad_post_feature_position":"","_kad_post_header":false,"_kad_post_footer":false,"_kad_post_classname":""},"product_brand":[3565],"product_cat":[1564,3942,1563,1565,1562,4298],"product_tag":[],"class_list":{"0":"post-499437","1":"product","2":"type-product","3":"status-publish","4":"has-post-thumbnail","6":"product_brand-palsar7","7":"product_cat-cosmetice-ingrijire-personala","8":"product_cat-electronice-ingrijirea-pielii","9":"product_cat-ingrijire-personala","10":"product_cat-ingrijirea-pielii","11":"product_cat-sanatate-si-frumusete","12":"product_cat-spatule-ultrasonice","13":"pa_gen-female","14":"pa_marime-1-buc","16":"first","17":"instock","18":"product-type-external","19":"entry","20":"content-bg","21":"loop-entry"},"acf":[],"yoast_head":"<!-- This site is optimized with the Yoast SEO plugin v27.4 - https:\/\/yoast.com\/product\/yoast-seo-wordpress\/ -->\n<title>PALSAR7 Ultrasonic Face Spatula spatul\u0103 multifunc\u021bional\u0103 cu ultrasunete faciale 1 buc - SHOPATOA.COM<\/title>\n<meta name=\"robots\" content=\"index, follow, max-snippet:-1, max-image-preview:large, max-video-preview:-1\" \/>\n<link rel=\"canonical\" href=\"https:\/\/shopatoa.com\/ro\/palsar7-ultrasonic-face-spatula-spatula-multifunctionala-cu-ultrasunete-faciale-1-buc\/\" \/>\n<meta property=\"og:locale\" content=\"ro_RO\" \/>\n<meta property=\"og:type\" content=\"article\" \/>\n<meta property=\"og:title\" content=\"PALSAR7 Ultrasonic Face Spatula spatul\u0103 multifunc\u021bional\u0103 cu ultrasunete faciale 1 buc - SHOPATOA.COM\" \/>\n<meta property=\"og:description\" content=\"PALSAR7 Ultrasonic Face Spatula, 1 buc, Spatule ultrasonice pentru femei, Cur\u0103\u021barea obi\u0219nuit\u0103 cu geluri, creme, spume \u0219i alte produse similare nu este suficient\u0103 pentru tenul dvs.? Nu este nevoie s\u0103 apela\u021bi direct la un salon de cosmetic\u0103. Spatula cu ultrasunete PALSAR7 Ultrasonic Face Spatula v\u0103 va oferi o cur\u0103\u021bare profund\u0103 ca din m\u00e2inile unui estetician,...\" \/>\n<meta property=\"og:url\" content=\"https:\/\/shopatoa.com\/ro\/palsar7-ultrasonic-face-spatula-spatula-multifunctionala-cu-ultrasunete-faciale-1-buc\/\" \/>\n<meta property=\"og:site_name\" content=\"SHOPATOA\" \/>\n<meta property=\"article:modified_time\" content=\"2026-01-30T16:58:02+00:00\" \/>\n<meta property=\"og:image\" content=\"https:\/\/storage.googleapis.com\/cz-shopatoa-img\/ro\/c92f29d7-8594209100804_01.jpg\" \/>\n\t<meta property=\"og:image:width\" content=\"800\" \/>\n\t<meta property=\"og:image:height\" content=\"800\" \/>\n\t<meta property=\"og:image:type\" content=\"image\/jpeg\" \/>\n<meta name=\"twitter:card\" content=\"summary_large_image\" \/>\n<meta name=\"twitter:label1\" content=\"Timp estimat pentru citire\" \/>\n\t<meta name=\"twitter:data1\" content=\"1 minut\" \/>\n<script type=\"application\/ld+json\" class=\"yoast-schema-graph\">{\"@context\":\"https:\\\/\\\/schema.org\",\"@graph\":[{\"@type\":\"WebPage\",\"@id\":\"https:\\\/\\\/shopatoa.com\\\/ro\\\/palsar7-ultrasonic-face-spatula-spatula-multifunctionala-cu-ultrasunete-faciale-1-buc\\\/\",\"url\":\"https:\\\/\\\/shopatoa.com\\\/ro\\\/palsar7-ultrasonic-face-spatula-spatula-multifunctionala-cu-ultrasunete-faciale-1-buc\\\/\",\"name\":\"PALSAR7 Ultrasonic Face Spatula spatul\u0103 multifunc\u021bional\u0103 cu ultrasunete faciale 1 buc - SHOPATOA.COM\",\"isPartOf\":{\"@id\":\"https:\\\/\\\/shopatoa.com\\\/ro\\\/#website\"},\"primaryImageOfPage\":{\"@id\":\"https:\\\/\\\/shopatoa.com\\\/ro\\\/palsar7-ultrasonic-face-spatula-spatula-multifunctionala-cu-ultrasunete-faciale-1-buc\\\/#primaryimage\"},\"image\":{\"@id\":\"https:\\\/\\\/shopatoa.com\\\/ro\\\/palsar7-ultrasonic-face-spatula-spatula-multifunctionala-cu-ultrasunete-faciale-1-buc\\\/#primaryimage\"},\"thumbnailUrl\":\"https:\\\/\\\/storage.googleapis.com\\\/cz-shopatoa-img\\\/ro\\\/c92f29d7-8594209100804_01.jpg\",\"datePublished\":\"2025-12-04T14:16:52+00:00\",\"dateModified\":\"2026-01-30T16:58:02+00:00\",\"breadcrumb\":{\"@id\":\"https:\\\/\\\/shopatoa.com\\\/ro\\\/palsar7-ultrasonic-face-spatula-spatula-multifunctionala-cu-ultrasunete-faciale-1-buc\\\/#breadcrumb\"},\"inLanguage\":\"ro-RO\",\"potentialAction\":[{\"@type\":\"ReadAction\",\"target\":[\"https:\\\/\\\/shopatoa.com\\\/ro\\\/palsar7-ultrasonic-face-spatula-spatula-multifunctionala-cu-ultrasunete-faciale-1-buc\\\/\"]}]},{\"@type\":\"ImageObject\",\"inLanguage\":\"ro-RO\",\"@id\":\"https:\\\/\\\/shopatoa.com\\\/ro\\\/palsar7-ultrasonic-face-spatula-spatula-multifunctionala-cu-ultrasunete-faciale-1-buc\\\/#primaryimage\",\"url\":\"https:\\\/\\\/storage.googleapis.com\\\/cz-shopatoa-img\\\/ro\\\/c92f29d7-8594209100804_01.jpg\",\"contentUrl\":\"https:\\\/\\\/storage.googleapis.com\\\/cz-shopatoa-img\\\/ro\\\/c92f29d7-8594209100804_01.jpg\",\"width\":800,\"height\":800},{\"@type\":\"BreadcrumbList\",\"@id\":\"https:\\\/\\\/shopatoa.com\\\/ro\\\/palsar7-ultrasonic-face-spatula-spatula-multifunctionala-cu-ultrasunete-faciale-1-buc\\\/#breadcrumb\",\"itemListElement\":[{\"@type\":\"ListItem\",\"position\":1,\"name\":\"Dom\u016f\",\"item\":\"https:\\\/\\\/shopatoa.com\\\/ro\\\/\"},{\"@type\":\"ListItem\",\"position\":2,\"name\":\"Shop\",\"item\":\"https:\\\/\\\/shopatoa.com\\\/ro\\\/shop\\\/\"},{\"@type\":\"ListItem\",\"position\":3,\"name\":\"S\u0103n\u0103tate \u0219i frumuse\u021be\",\"item\":\"https:\\\/\\\/shopatoa.com\\\/ro\\\/sanatate-si-frumusete\\\/\"},{\"@type\":\"ListItem\",\"position\":4,\"name\":\"\u00cengrijire personal\u0103\",\"item\":\"https:\\\/\\\/shopatoa.com\\\/ro\\\/ingrijire-personala\\\/\"},{\"@type\":\"ListItem\",\"position\":5,\"name\":\"Cosmetice\",\"item\":\"https:\\\/\\\/shopatoa.com\\\/ro\\\/cosmetice-ingrijire-personala\\\/\"},{\"@type\":\"ListItem\",\"position\":6,\"name\":\"\u00cengrijirea pielii\",\"item\":\"https:\\\/\\\/shopatoa.com\\\/ro\\\/ingrijirea-pielii\\\/\"},{\"@type\":\"ListItem\",\"position\":7,\"name\":\"Electronice\",\"item\":\"https:\\\/\\\/shopatoa.com\\\/ro\\\/electronice-ingrijirea-pielii\\\/\"},{\"@type\":\"ListItem\",\"position\":8,\"name\":\"Spatule ultrasonice\",\"item\":\"https:\\\/\\\/shopatoa.com\\\/ro\\\/spatule-ultrasonice\\\/\"},{\"@type\":\"ListItem\",\"position\":9,\"name\":\"PALSAR7 Ultrasonic Face Spatula spatul\u0103 multifunc\u021bional\u0103 cu ultrasunete faciale 1 buc\"}]},{\"@type\":\"WebSite\",\"@id\":\"https:\\\/\\\/shopatoa.com\\\/ro\\\/#website\",\"url\":\"https:\\\/\\\/shopatoa.com\\\/ro\\\/\",\"name\":\"SHOPATOA\",\"description\":\"\",\"publisher\":{\"@id\":\"https:\\\/\\\/shopatoa.com\\\/ro\\\/#organization\"},\"potentialAction\":[{\"@type\":\"SearchAction\",\"target\":{\"@type\":\"EntryPoint\",\"urlTemplate\":\"https:\\\/\\\/shopatoa.com\\\/ro\\\/?s={search_term_string}\"},\"query-input\":{\"@type\":\"PropertyValueSpecification\",\"valueRequired\":true,\"valueName\":\"search_term_string\"}}],\"inLanguage\":\"ro-RO\"},{\"@type\":\"Organization\",\"@id\":\"https:\\\/\\\/shopatoa.com\\\/ro\\\/#organization\",\"name\":\"SHOPATOA\",\"url\":\"https:\\\/\\\/shopatoa.com\\\/ro\\\/\",\"logo\":{\"@type\":\"ImageObject\",\"inLanguage\":\"ro-RO\",\"@id\":\"https:\\\/\\\/shopatoa.com\\\/ro\\\/#\\\/schema\\\/logo\\\/image\\\/\",\"url\":\"https:\\\/\\\/storage.googleapis.com\\\/cz-shopatoa-img\\\/ro\\\/b4dac915-shopatoa_logo.png\",\"contentUrl\":\"https:\\\/\\\/storage.googleapis.com\\\/cz-shopatoa-img\\\/ro\\\/b4dac915-shopatoa_logo.png\",\"width\":416,\"height\":63,\"caption\":\"SHOPATOA\"},\"image\":{\"@id\":\"https:\\\/\\\/shopatoa.com\\\/ro\\\/#\\\/schema\\\/logo\\\/image\\\/\"}}]}<\/script>\n<!-- \/ Yoast SEO plugin. -->","yoast_head_json":{"title":"PALSAR7 Ultrasonic Face Spatula spatul\u0103 multifunc\u021bional\u0103 cu ultrasunete faciale 1 buc - SHOPATOA.COM","robots":{"index":"index","follow":"follow","max-snippet":"max-snippet:-1","max-image-preview":"max-image-preview:large","max-video-preview":"max-video-preview:-1"},"canonical":"https:\/\/shopatoa.com\/ro\/palsar7-ultrasonic-face-spatula-spatula-multifunctionala-cu-ultrasunete-faciale-1-buc\/","og_locale":"ro_RO","og_type":"article","og_title":"PALSAR7 Ultrasonic Face Spatula spatul\u0103 multifunc\u021bional\u0103 cu ultrasunete faciale 1 buc - SHOPATOA.COM","og_description":"PALSAR7 Ultrasonic Face Spatula, 1 buc, Spatule ultrasonice pentru femei, Cur\u0103\u021barea obi\u0219nuit\u0103 cu geluri, creme, spume \u0219i alte produse similare nu este suficient\u0103 pentru tenul dvs.? Nu este nevoie s\u0103 apela\u021bi direct la un salon de cosmetic\u0103. Spatula cu ultrasunete PALSAR7 Ultrasonic Face Spatula v\u0103 va oferi o cur\u0103\u021bare profund\u0103 ca din m\u00e2inile unui estetician,...","og_url":"https:\/\/shopatoa.com\/ro\/palsar7-ultrasonic-face-spatula-spatula-multifunctionala-cu-ultrasunete-faciale-1-buc\/","og_site_name":"SHOPATOA","article_modified_time":"2026-01-30T16:58:02+00:00","og_image":[{"width":800,"height":800,"url":"https:\/\/storage.googleapis.com\/cz-shopatoa-img\/ro\/c92f29d7-8594209100804_01.jpg","type":"image\/jpeg"}],"twitter_card":"summary_large_image","twitter_misc":{"Timp estimat pentru citire":"1 minut"},"schema":{"@context":"https:\/\/schema.org","@graph":[{"@type":"WebPage","@id":"https:\/\/shopatoa.com\/ro\/palsar7-ultrasonic-face-spatula-spatula-multifunctionala-cu-ultrasunete-faciale-1-buc\/","url":"https:\/\/shopatoa.com\/ro\/palsar7-ultrasonic-face-spatula-spatula-multifunctionala-cu-ultrasunete-faciale-1-buc\/","name":"PALSAR7 Ultrasonic Face Spatula spatul\u0103 multifunc\u021bional\u0103 cu ultrasunete faciale 1 buc - SHOPATOA.COM","isPartOf":{"@id":"https:\/\/shopatoa.com\/ro\/#website"},"primaryImageOfPage":{"@id":"https:\/\/shopatoa.com\/ro\/palsar7-ultrasonic-face-spatula-spatula-multifunctionala-cu-ultrasunete-faciale-1-buc\/#primaryimage"},"image":{"@id":"https:\/\/shopatoa.com\/ro\/palsar7-ultrasonic-face-spatula-spatula-multifunctionala-cu-ultrasunete-faciale-1-buc\/#primaryimage"},"thumbnailUrl":"https:\/\/storage.googleapis.com\/cz-shopatoa-img\/ro\/c92f29d7-8594209100804_01.jpg","datePublished":"2025-12-04T14:16:52+00:00","dateModified":"2026-01-30T16:58:02+00:00","breadcrumb":{"@id":"https:\/\/shopatoa.com\/ro\/palsar7-ultrasonic-face-spatula-spatula-multifunctionala-cu-ultrasunete-faciale-1-buc\/#breadcrumb"},"inLanguage":"ro-RO","potentialAction":[{"@type":"ReadAction","target":["https:\/\/shopatoa.com\/ro\/palsar7-ultrasonic-face-spatula-spatula-multifunctionala-cu-ultrasunete-faciale-1-buc\/"]}]},{"@type":"ImageObject","inLanguage":"ro-RO","@id":"https:\/\/shopatoa.com\/ro\/palsar7-ultrasonic-face-spatula-spatula-multifunctionala-cu-ultrasunete-faciale-1-buc\/#primaryimage","url":"https:\/\/storage.googleapis.com\/cz-shopatoa-img\/ro\/c92f29d7-8594209100804_01.jpg","contentUrl":"https:\/\/storage.googleapis.com\/cz-shopatoa-img\/ro\/c92f29d7-8594209100804_01.jpg","width":800,"height":800},{"@type":"BreadcrumbList","@id":"https:\/\/shopatoa.com\/ro\/palsar7-ultrasonic-face-spatula-spatula-multifunctionala-cu-ultrasunete-faciale-1-buc\/#breadcrumb","itemListElement":[{"@type":"ListItem","position":1,"name":"Dom\u016f","item":"https:\/\/shopatoa.com\/ro\/"},{"@type":"ListItem","position":2,"name":"Shop","item":"https:\/\/shopatoa.com\/ro\/shop\/"},{"@type":"ListItem","position":3,"name":"S\u0103n\u0103tate \u0219i frumuse\u021be","item":"https:\/\/shopatoa.com\/ro\/sanatate-si-frumusete\/"},{"@type":"ListItem","position":4,"name":"\u00cengrijire personal\u0103","item":"https:\/\/shopatoa.com\/ro\/ingrijire-personala\/"},{"@type":"ListItem","position":5,"name":"Cosmetice","item":"https:\/\/shopatoa.com\/ro\/cosmetice-ingrijire-personala\/"},{"@type":"ListItem","position":6,"name":"\u00cengrijirea pielii","item":"https:\/\/shopatoa.com\/ro\/ingrijirea-pielii\/"},{"@type":"ListItem","position":7,"name":"Electronice","item":"https:\/\/shopatoa.com\/ro\/electronice-ingrijirea-pielii\/"},{"@type":"ListItem","position":8,"name":"Spatule ultrasonice","item":"https:\/\/shopatoa.com\/ro\/spatule-ultrasonice\/"},{"@type":"ListItem","position":9,"name":"PALSAR7 Ultrasonic Face Spatula spatul\u0103 multifunc\u021bional\u0103 cu ultrasunete faciale 1 buc"}]},{"@type":"WebSite","@id":"https:\/\/shopatoa.com\/ro\/#website","url":"https:\/\/shopatoa.com\/ro\/","name":"SHOPATOA","description":"","publisher":{"@id":"https:\/\/shopatoa.com\/ro\/#organization"},"potentialAction":[{"@type":"SearchAction","target":{"@type":"EntryPoint","urlTemplate":"https:\/\/shopatoa.com\/ro\/?s={search_term_string}"},"query-input":{"@type":"PropertyValueSpecification","valueRequired":true,"valueName":"search_term_string"}}],"inLanguage":"ro-RO"},{"@type":"Organization","@id":"https:\/\/shopatoa.com\/ro\/#organization","name":"SHOPATOA","url":"https:\/\/shopatoa.com\/ro\/","logo":{"@type":"ImageObject","inLanguage":"ro-RO","@id":"https:\/\/shopatoa.com\/ro\/#\/schema\/logo\/image\/","url":"https:\/\/storage.googleapis.com\/cz-shopatoa-img\/ro\/b4dac915-shopatoa_logo.png","contentUrl":"https:\/\/storage.googleapis.com\/cz-shopatoa-img\/ro\/b4dac915-shopatoa_logo.png","width":416,"height":63,"caption":"SHOPATOA"},"image":{"@id":"https:\/\/shopatoa.com\/ro\/#\/schema\/logo\/image\/"}}]}},"_links":{"self":[{"href":"https:\/\/shopatoa.com\/ro\/wp-json\/wp\/v2\/product\/499437","targetHints":{"allow":["GET"]}}],"collection":[{"href":"https:\/\/shopatoa.com\/ro\/wp-json\/wp\/v2\/product"}],"about":[{"href":"https:\/\/shopatoa.com\/ro\/wp-json\/wp\/v2\/types\/product"}],"replies":[{"embeddable":true,"href":"https:\/\/shopatoa.com\/ro\/wp-json\/wp\/v2\/comments?post=499437"}],"wp:featuredmedia":[{"embeddable":true,"href":"https:\/\/shopatoa.com\/ro\/wp-json\/wp\/v2\/media\/499438"}],"wp:attachment":[{"href":"https:\/\/shopatoa.com\/ro\/wp-json\/wp\/v2\/media?parent=499437"}],"wp:term":[{"taxonomy":"product_brand","embeddable":true,"href":"https:\/\/shopatoa.com\/ro\/wp-json\/wp\/v2\/product_brand?post=499437"},{"taxonomy":"product_cat","embeddable":true,"href":"https:\/\/shopatoa.com\/ro\/wp-json\/wp\/v2\/product_cat?post=499437"},{"taxonomy":"product_tag","embeddable":true,"href":"https:\/\/shopatoa.com\/ro\/wp-json\/wp\/v2\/product_tag?post=499437"}],"curies":[{"name":"wp","href":"https:\/\/api.w.org\/{rel}","templated":true}]}}