{"id":499439,"date":"2025-12-04T15:16:52","date_gmt":"2025-12-04T14:16:52","guid":{"rendered":"https:\/\/shopatoa.com\/ro\/palsar7-photon-led-mask-8in1-masca-faciala-cu-led-1-buc\/"},"modified":"2026-01-30T17:57:37","modified_gmt":"2026-01-30T16:57:37","slug":"palsar7-photon-led-mask-8in1-masca-faciala-cu-led-1-buc","status":"publish","type":"product","link":"https:\/\/shopatoa.com\/ro\/palsar7-photon-led-mask-8in1-masca-faciala-cu-led-1-buc\/","title":{"rendered":"PALSAR7 Photon LED mask 8in1 masc\u0103 facial\u0103 cu LED 1 buc"},"content":{"rendered":"<p>PALSAR7 Photon LED mask 8in1, 1 buc, M\u0103\u0219ti LED, \u00centineri i-v\u0103 tenul cu ajutorul luminii  Masca LED facial\u0103 PALSAR7 Photon LED mask 8in1 aduce terapia fotonic\u0103 profesional\u0103 chiar \u00een confortul casei dvs. Acesta activeaz\u0103 celulele cutanate, favorizeaz\u0103 regenerarea colagenului i rezolv\u0103 problemele tenului, de la acnee la linii fine, cu opt moduri de lumin\u0103. Tehnologia neinvaziv\u0103, f\u0103r\u0103 utilizarea de produse cosmetice, este bl\u00e2nd\u0103, sigur\u0103 i nedureroas\u0103, dar \u00eembun\u0103t\u0103 e te vizibil aspectul i vitalitatea tenului. Fiecare moment al \u00eengrijirii se transform\u0103 \u00eentr-un ritual relaxant care red\u0103 tenului frumuse ea natural\u0103, f\u0103r\u0103 a limita mi carea.  Caracteristici:  stimuleaz\u0103 metabolismul celular i favorizeaz\u0103 re\u00eennoirea colagenului reduce ridurile i m\u0103re te fermitatea tenului flasc ajut\u0103 la tratarea acneei i amelioreaz\u0103 cicatricile cauzate de acnee estompeaz\u0103 petele pigmentare i uniformizeaz\u0103 nuan a tenului calmeaz\u0103 irita iile i tenul sensibil favorizeaz\u0103 microcircula ia i \u00eembun\u0103t\u0103 e te nutri ia celulelor cutanate permite combinarea cu produsele cosmetice preferate pentru un efect mai bun  Specifica ii tehnice:  72 de diode LED \u00een 4 culori \u2013 asigur\u0103 o \u00eengrijire fotonic\u0103 eficient\u0103 a tenului 8 moduri de lumin\u0103 \u2013 ro u, infraro u, albastru, verde, galben, mov, azuriu i lumin\u0103 alb\u0103 3 niveluri de intensitate \u2013 3%, 50% i 75% pentru reglarea individual\u0103 temporizator \u2013 5\/10\/15\/20\/25\/30 minute, \u00een func ie de necesitate \u00eenc\u0103rcare telecomand\u0103 prin USB-C \u2013 baterie cu capacitate de 2600 mAh dimensiune masc\u0103 220 \u00d7 270 \u00d7 6 mm, greutate 223 g dimensiune telecomand\u0103 45 \u00d7 35 \u00d7 135 mm, greutate 105 g material silicon hipoalergenic  Pachetul con ine:  masc\u0103 LED\u200bPALSAR7 Photon LED mask 8in1 2\u00d7 curele elastice 2\u00d7 protec ii pentru ochi din silicon telecomand\u0103 cablu USB-C<\/p>\n","protected":false},"excerpt":{"rendered":"<p>PALSAR7 Photon LED mask 8in1, 1 buc, M\u0103\u0219ti LED, \u00centineri i-v\u0103 tenul cu ajutorul luminii Masca LED facial\u0103 PALSAR7 Photon LED mask 8in1 aduce terapia fotonic\u0103 profesional\u0103 chiar \u00een confortul casei dvs. Acesta activeaz\u0103 celulele cutanate, favorizeaz\u0103 regenerarea colagenului i rezolv\u0103 problemele tenului, de la acnee la linii fine, cu opt moduri de lumin\u0103. Tehnologia&#8230;<\/p>\n","protected":false},"featured_media":499440,"comment_status":"closed","ping_status":"open","template":"","meta":{"_acf_changed":false,"_kadence_starter_templates_imported_post":false,"_kad_post_transparent":"","_kad_post_title":"","_kad_post_layout":"","_kad_post_sidebar_id":"","_kad_post_content_style":"","_kad_post_vertical_padding":"","_kad_post_feature":"","_kad_post_feature_position":"","_kad_post_header":false,"_kad_post_footer":false,"_kad_post_classname":""},"product_brand":[3565],"product_cat":[1564,3942,1563,1565,3990,1562],"product_tag":[],"class_list":{"0":"post-499439","1":"product","2":"type-product","3":"status-publish","4":"has-post-thumbnail","6":"product_brand-palsar7","7":"product_cat-cosmetice-ingrijire-personala","8":"product_cat-electronice-ingrijirea-pielii","9":"product_cat-ingrijire-personala","10":"product_cat-ingrijirea-pielii","11":"product_cat-masti-led","12":"product_cat-sanatate-si-frumusete","13":"pa_gen-unisex","14":"pa_marime-1-buc","16":"first","17":"instock","18":"sale","19":"product-type-external","20":"entry","21":"content-bg","22":"loop-entry"},"acf":[],"yoast_head":"<!-- This site is optimized with the Yoast SEO plugin v27.4 - https:\/\/yoast.com\/product\/yoast-seo-wordpress\/ -->\n<title>PALSAR7 Photon LED mask 8in1 masc\u0103 facial\u0103 cu LED 1 buc - SHOPATOA.COM<\/title>\n<meta name=\"robots\" content=\"index, follow, max-snippet:-1, max-image-preview:large, max-video-preview:-1\" \/>\n<link rel=\"canonical\" href=\"https:\/\/shopatoa.com\/ro\/palsar7-photon-led-mask-8in1-masca-faciala-cu-led-1-buc\/\" \/>\n<meta property=\"og:locale\" content=\"ro_RO\" \/>\n<meta property=\"og:type\" content=\"article\" \/>\n<meta property=\"og:title\" content=\"PALSAR7 Photon LED mask 8in1 masc\u0103 facial\u0103 cu LED 1 buc - SHOPATOA.COM\" \/>\n<meta property=\"og:description\" content=\"PALSAR7 Photon LED mask 8in1, 1 buc, M\u0103\u0219ti LED, \u00centineri i-v\u0103 tenul cu ajutorul luminii Masca LED facial\u0103 PALSAR7 Photon LED mask 8in1 aduce terapia fotonic\u0103 profesional\u0103 chiar \u00een confortul casei dvs. Acesta activeaz\u0103 celulele cutanate, favorizeaz\u0103 regenerarea colagenului i rezolv\u0103 problemele tenului, de la acnee la linii fine, cu opt moduri de lumin\u0103. Tehnologia...\" \/>\n<meta property=\"og:url\" content=\"https:\/\/shopatoa.com\/ro\/palsar7-photon-led-mask-8in1-masca-faciala-cu-led-1-buc\/\" \/>\n<meta property=\"og:site_name\" content=\"SHOPATOA\" \/>\n<meta property=\"article:modified_time\" content=\"2026-01-30T16:57:37+00:00\" \/>\n<meta property=\"og:image\" content=\"https:\/\/storage.googleapis.com\/cz-shopatoa-img\/ro\/38ae768a-8594209100927_01.jpg\" \/>\n\t<meta property=\"og:image:width\" content=\"800\" \/>\n\t<meta property=\"og:image:height\" content=\"800\" \/>\n\t<meta property=\"og:image:type\" content=\"image\/jpeg\" \/>\n<meta name=\"twitter:card\" content=\"summary_large_image\" \/>\n<meta name=\"twitter:label1\" content=\"Timp estimat pentru citire\" \/>\n\t<meta name=\"twitter:data1\" content=\"1 minut\" \/>\n<script type=\"application\/ld+json\" class=\"yoast-schema-graph\">{\"@context\":\"https:\\\/\\\/schema.org\",\"@graph\":[{\"@type\":\"WebPage\",\"@id\":\"https:\\\/\\\/shopatoa.com\\\/ro\\\/palsar7-photon-led-mask-8in1-masca-faciala-cu-led-1-buc\\\/\",\"url\":\"https:\\\/\\\/shopatoa.com\\\/ro\\\/palsar7-photon-led-mask-8in1-masca-faciala-cu-led-1-buc\\\/\",\"name\":\"PALSAR7 Photon LED mask 8in1 masc\u0103 facial\u0103 cu LED 1 buc - SHOPATOA.COM\",\"isPartOf\":{\"@id\":\"https:\\\/\\\/shopatoa.com\\\/ro\\\/#website\"},\"primaryImageOfPage\":{\"@id\":\"https:\\\/\\\/shopatoa.com\\\/ro\\\/palsar7-photon-led-mask-8in1-masca-faciala-cu-led-1-buc\\\/#primaryimage\"},\"image\":{\"@id\":\"https:\\\/\\\/shopatoa.com\\\/ro\\\/palsar7-photon-led-mask-8in1-masca-faciala-cu-led-1-buc\\\/#primaryimage\"},\"thumbnailUrl\":\"https:\\\/\\\/storage.googleapis.com\\\/cz-shopatoa-img\\\/ro\\\/38ae768a-8594209100927_01.jpg\",\"datePublished\":\"2025-12-04T14:16:52+00:00\",\"dateModified\":\"2026-01-30T16:57:37+00:00\",\"breadcrumb\":{\"@id\":\"https:\\\/\\\/shopatoa.com\\\/ro\\\/palsar7-photon-led-mask-8in1-masca-faciala-cu-led-1-buc\\\/#breadcrumb\"},\"inLanguage\":\"ro-RO\",\"potentialAction\":[{\"@type\":\"ReadAction\",\"target\":[\"https:\\\/\\\/shopatoa.com\\\/ro\\\/palsar7-photon-led-mask-8in1-masca-faciala-cu-led-1-buc\\\/\"]}]},{\"@type\":\"ImageObject\",\"inLanguage\":\"ro-RO\",\"@id\":\"https:\\\/\\\/shopatoa.com\\\/ro\\\/palsar7-photon-led-mask-8in1-masca-faciala-cu-led-1-buc\\\/#primaryimage\",\"url\":\"https:\\\/\\\/storage.googleapis.com\\\/cz-shopatoa-img\\\/ro\\\/38ae768a-8594209100927_01.jpg\",\"contentUrl\":\"https:\\\/\\\/storage.googleapis.com\\\/cz-shopatoa-img\\\/ro\\\/38ae768a-8594209100927_01.jpg\",\"width\":800,\"height\":800},{\"@type\":\"BreadcrumbList\",\"@id\":\"https:\\\/\\\/shopatoa.com\\\/ro\\\/palsar7-photon-led-mask-8in1-masca-faciala-cu-led-1-buc\\\/#breadcrumb\",\"itemListElement\":[{\"@type\":\"ListItem\",\"position\":1,\"name\":\"Dom\u016f\",\"item\":\"https:\\\/\\\/shopatoa.com\\\/ro\\\/\"},{\"@type\":\"ListItem\",\"position\":2,\"name\":\"Shop\",\"item\":\"https:\\\/\\\/shopatoa.com\\\/ro\\\/shop\\\/\"},{\"@type\":\"ListItem\",\"position\":3,\"name\":\"S\u0103n\u0103tate \u0219i frumuse\u021be\",\"item\":\"https:\\\/\\\/shopatoa.com\\\/ro\\\/sanatate-si-frumusete\\\/\"},{\"@type\":\"ListItem\",\"position\":4,\"name\":\"\u00cengrijire personal\u0103\",\"item\":\"https:\\\/\\\/shopatoa.com\\\/ro\\\/ingrijire-personala\\\/\"},{\"@type\":\"ListItem\",\"position\":5,\"name\":\"Cosmetice\",\"item\":\"https:\\\/\\\/shopatoa.com\\\/ro\\\/cosmetice-ingrijire-personala\\\/\"},{\"@type\":\"ListItem\",\"position\":6,\"name\":\"\u00cengrijirea pielii\",\"item\":\"https:\\\/\\\/shopatoa.com\\\/ro\\\/ingrijirea-pielii\\\/\"},{\"@type\":\"ListItem\",\"position\":7,\"name\":\"Electronice\",\"item\":\"https:\\\/\\\/shopatoa.com\\\/ro\\\/electronice-ingrijirea-pielii\\\/\"},{\"@type\":\"ListItem\",\"position\":8,\"name\":\"M\u0103\u0219ti LED\",\"item\":\"https:\\\/\\\/shopatoa.com\\\/ro\\\/masti-led\\\/\"},{\"@type\":\"ListItem\",\"position\":9,\"name\":\"PALSAR7 Photon LED mask 8in1 masc\u0103 facial\u0103 cu LED 1 buc\"}]},{\"@type\":\"WebSite\",\"@id\":\"https:\\\/\\\/shopatoa.com\\\/ro\\\/#website\",\"url\":\"https:\\\/\\\/shopatoa.com\\\/ro\\\/\",\"name\":\"SHOPATOA\",\"description\":\"\",\"publisher\":{\"@id\":\"https:\\\/\\\/shopatoa.com\\\/ro\\\/#organization\"},\"potentialAction\":[{\"@type\":\"SearchAction\",\"target\":{\"@type\":\"EntryPoint\",\"urlTemplate\":\"https:\\\/\\\/shopatoa.com\\\/ro\\\/?s={search_term_string}\"},\"query-input\":{\"@type\":\"PropertyValueSpecification\",\"valueRequired\":true,\"valueName\":\"search_term_string\"}}],\"inLanguage\":\"ro-RO\"},{\"@type\":\"Organization\",\"@id\":\"https:\\\/\\\/shopatoa.com\\\/ro\\\/#organization\",\"name\":\"SHOPATOA\",\"url\":\"https:\\\/\\\/shopatoa.com\\\/ro\\\/\",\"logo\":{\"@type\":\"ImageObject\",\"inLanguage\":\"ro-RO\",\"@id\":\"https:\\\/\\\/shopatoa.com\\\/ro\\\/#\\\/schema\\\/logo\\\/image\\\/\",\"url\":\"https:\\\/\\\/storage.googleapis.com\\\/cz-shopatoa-img\\\/ro\\\/b4dac915-shopatoa_logo.png\",\"contentUrl\":\"https:\\\/\\\/storage.googleapis.com\\\/cz-shopatoa-img\\\/ro\\\/b4dac915-shopatoa_logo.png\",\"width\":416,\"height\":63,\"caption\":\"SHOPATOA\"},\"image\":{\"@id\":\"https:\\\/\\\/shopatoa.com\\\/ro\\\/#\\\/schema\\\/logo\\\/image\\\/\"}}]}<\/script>\n<!-- \/ Yoast SEO plugin. -->","yoast_head_json":{"title":"PALSAR7 Photon LED mask 8in1 masc\u0103 facial\u0103 cu LED 1 buc - SHOPATOA.COM","robots":{"index":"index","follow":"follow","max-snippet":"max-snippet:-1","max-image-preview":"max-image-preview:large","max-video-preview":"max-video-preview:-1"},"canonical":"https:\/\/shopatoa.com\/ro\/palsar7-photon-led-mask-8in1-masca-faciala-cu-led-1-buc\/","og_locale":"ro_RO","og_type":"article","og_title":"PALSAR7 Photon LED mask 8in1 masc\u0103 facial\u0103 cu LED 1 buc - SHOPATOA.COM","og_description":"PALSAR7 Photon LED mask 8in1, 1 buc, M\u0103\u0219ti LED, \u00centineri i-v\u0103 tenul cu ajutorul luminii Masca LED facial\u0103 PALSAR7 Photon LED mask 8in1 aduce terapia fotonic\u0103 profesional\u0103 chiar \u00een confortul casei dvs. Acesta activeaz\u0103 celulele cutanate, favorizeaz\u0103 regenerarea colagenului i rezolv\u0103 problemele tenului, de la acnee la linii fine, cu opt moduri de lumin\u0103. Tehnologia...","og_url":"https:\/\/shopatoa.com\/ro\/palsar7-photon-led-mask-8in1-masca-faciala-cu-led-1-buc\/","og_site_name":"SHOPATOA","article_modified_time":"2026-01-30T16:57:37+00:00","og_image":[{"width":800,"height":800,"url":"https:\/\/storage.googleapis.com\/cz-shopatoa-img\/ro\/38ae768a-8594209100927_01.jpg","type":"image\/jpeg"}],"twitter_card":"summary_large_image","twitter_misc":{"Timp estimat pentru citire":"1 minut"},"schema":{"@context":"https:\/\/schema.org","@graph":[{"@type":"WebPage","@id":"https:\/\/shopatoa.com\/ro\/palsar7-photon-led-mask-8in1-masca-faciala-cu-led-1-buc\/","url":"https:\/\/shopatoa.com\/ro\/palsar7-photon-led-mask-8in1-masca-faciala-cu-led-1-buc\/","name":"PALSAR7 Photon LED mask 8in1 masc\u0103 facial\u0103 cu LED 1 buc - SHOPATOA.COM","isPartOf":{"@id":"https:\/\/shopatoa.com\/ro\/#website"},"primaryImageOfPage":{"@id":"https:\/\/shopatoa.com\/ro\/palsar7-photon-led-mask-8in1-masca-faciala-cu-led-1-buc\/#primaryimage"},"image":{"@id":"https:\/\/shopatoa.com\/ro\/palsar7-photon-led-mask-8in1-masca-faciala-cu-led-1-buc\/#primaryimage"},"thumbnailUrl":"https:\/\/storage.googleapis.com\/cz-shopatoa-img\/ro\/38ae768a-8594209100927_01.jpg","datePublished":"2025-12-04T14:16:52+00:00","dateModified":"2026-01-30T16:57:37+00:00","breadcrumb":{"@id":"https:\/\/shopatoa.com\/ro\/palsar7-photon-led-mask-8in1-masca-faciala-cu-led-1-buc\/#breadcrumb"},"inLanguage":"ro-RO","potentialAction":[{"@type":"ReadAction","target":["https:\/\/shopatoa.com\/ro\/palsar7-photon-led-mask-8in1-masca-faciala-cu-led-1-buc\/"]}]},{"@type":"ImageObject","inLanguage":"ro-RO","@id":"https:\/\/shopatoa.com\/ro\/palsar7-photon-led-mask-8in1-masca-faciala-cu-led-1-buc\/#primaryimage","url":"https:\/\/storage.googleapis.com\/cz-shopatoa-img\/ro\/38ae768a-8594209100927_01.jpg","contentUrl":"https:\/\/storage.googleapis.com\/cz-shopatoa-img\/ro\/38ae768a-8594209100927_01.jpg","width":800,"height":800},{"@type":"BreadcrumbList","@id":"https:\/\/shopatoa.com\/ro\/palsar7-photon-led-mask-8in1-masca-faciala-cu-led-1-buc\/#breadcrumb","itemListElement":[{"@type":"ListItem","position":1,"name":"Dom\u016f","item":"https:\/\/shopatoa.com\/ro\/"},{"@type":"ListItem","position":2,"name":"Shop","item":"https:\/\/shopatoa.com\/ro\/shop\/"},{"@type":"ListItem","position":3,"name":"S\u0103n\u0103tate \u0219i frumuse\u021be","item":"https:\/\/shopatoa.com\/ro\/sanatate-si-frumusete\/"},{"@type":"ListItem","position":4,"name":"\u00cengrijire personal\u0103","item":"https:\/\/shopatoa.com\/ro\/ingrijire-personala\/"},{"@type":"ListItem","position":5,"name":"Cosmetice","item":"https:\/\/shopatoa.com\/ro\/cosmetice-ingrijire-personala\/"},{"@type":"ListItem","position":6,"name":"\u00cengrijirea pielii","item":"https:\/\/shopatoa.com\/ro\/ingrijirea-pielii\/"},{"@type":"ListItem","position":7,"name":"Electronice","item":"https:\/\/shopatoa.com\/ro\/electronice-ingrijirea-pielii\/"},{"@type":"ListItem","position":8,"name":"M\u0103\u0219ti LED","item":"https:\/\/shopatoa.com\/ro\/masti-led\/"},{"@type":"ListItem","position":9,"name":"PALSAR7 Photon LED mask 8in1 masc\u0103 facial\u0103 cu LED 1 buc"}]},{"@type":"WebSite","@id":"https:\/\/shopatoa.com\/ro\/#website","url":"https:\/\/shopatoa.com\/ro\/","name":"SHOPATOA","description":"","publisher":{"@id":"https:\/\/shopatoa.com\/ro\/#organization"},"potentialAction":[{"@type":"SearchAction","target":{"@type":"EntryPoint","urlTemplate":"https:\/\/shopatoa.com\/ro\/?s={search_term_string}"},"query-input":{"@type":"PropertyValueSpecification","valueRequired":true,"valueName":"search_term_string"}}],"inLanguage":"ro-RO"},{"@type":"Organization","@id":"https:\/\/shopatoa.com\/ro\/#organization","name":"SHOPATOA","url":"https:\/\/shopatoa.com\/ro\/","logo":{"@type":"ImageObject","inLanguage":"ro-RO","@id":"https:\/\/shopatoa.com\/ro\/#\/schema\/logo\/image\/","url":"https:\/\/storage.googleapis.com\/cz-shopatoa-img\/ro\/b4dac915-shopatoa_logo.png","contentUrl":"https:\/\/storage.googleapis.com\/cz-shopatoa-img\/ro\/b4dac915-shopatoa_logo.png","width":416,"height":63,"caption":"SHOPATOA"},"image":{"@id":"https:\/\/shopatoa.com\/ro\/#\/schema\/logo\/image\/"}}]}},"_links":{"self":[{"href":"https:\/\/shopatoa.com\/ro\/wp-json\/wp\/v2\/product\/499439","targetHints":{"allow":["GET"]}}],"collection":[{"href":"https:\/\/shopatoa.com\/ro\/wp-json\/wp\/v2\/product"}],"about":[{"href":"https:\/\/shopatoa.com\/ro\/wp-json\/wp\/v2\/types\/product"}],"replies":[{"embeddable":true,"href":"https:\/\/shopatoa.com\/ro\/wp-json\/wp\/v2\/comments?post=499439"}],"wp:featuredmedia":[{"embeddable":true,"href":"https:\/\/shopatoa.com\/ro\/wp-json\/wp\/v2\/media\/499440"}],"wp:attachment":[{"href":"https:\/\/shopatoa.com\/ro\/wp-json\/wp\/v2\/media?parent=499439"}],"wp:term":[{"taxonomy":"product_brand","embeddable":true,"href":"https:\/\/shopatoa.com\/ro\/wp-json\/wp\/v2\/product_brand?post=499439"},{"taxonomy":"product_cat","embeddable":true,"href":"https:\/\/shopatoa.com\/ro\/wp-json\/wp\/v2\/product_cat?post=499439"},{"taxonomy":"product_tag","embeddable":true,"href":"https:\/\/shopatoa.com\/ro\/wp-json\/wp\/v2\/product_tag?post=499439"}],"curies":[{"name":"wp","href":"https:\/\/api.w.org\/{rel}","templated":true}]}}