{"id":499441,"date":"2025-12-04T15:16:52","date_gmt":"2025-12-04T14:16:52","guid":{"rendered":"https:\/\/shopatoa.com\/ro\/palsar7-galvanic-iron-aparat-galvanic-de-cosmetica-pentru-gat-si-decolteu-1-buc\/"},"modified":"2026-01-30T17:57:32","modified_gmt":"2026-01-30T16:57:32","slug":"palsar7-galvanic-iron-aparat-galvanic-de-cosmetica-pentru-gat-si-decolteu-1-buc","status":"publish","type":"product","link":"https:\/\/shopatoa.com\/ro\/palsar7-galvanic-iron-aparat-galvanic-de-cosmetica-pentru-gat-si-decolteu-1-buc\/","title":{"rendered":"PALSAR7 Galvanic iron aparat galvanic de cosmetic\u0103 pentru gat si decolteu 1 buc"},"content":{"rendered":"<p>PALSAR7 Galvanic iron, 1 buc, Dispozitive galvanice de netezire, Procesul natural de \u00eemb\u0103tr\u00e2nire nu poate fi evitat, dar de ce s\u0103 nu v\u0103 men\u021bine\u021bi aspectul tineresc al tenului pentru c\u00e2t mai mult timp? Aparatul galvanic PALSAR7 Galvanic iron v\u0103 va ajuta s\u0103 ob\u021bine\u021bi un ten impecabil \u0219i tineresc, f\u0103r\u0103 a fi nevoie s\u0103 vizita\u021bi un salon de cosmetic\u0103. Datorit\u0103 procedurii terapeutice care utilizeaz\u0103 curent galvanic pozitiv \u0219i negativ, v\u0103 permite s\u0103 conferi\u021bi tenului o fermitate de lux, lifting vizibil \u0219i s\u0103 \u00eel revitaliza\u021bi direct din confortul de acas\u0103. Curentul galvanic p\u0103trunde \u00een ten \u0219i stimuleaz\u0103 celulele pentru o regenerare mai rapid\u0103, favorizeaz\u0103 produc\u021bia de celule noi, \u00eembun\u0103t\u0103\u021be\u0219te circula\u021bia s\u00e2ngelui \u0219i asigur\u0103 o cur\u0103\u021bare profund\u0103. Cu o utilizare regulat\u0103, tenul dvs. va fi din nou ferm, suplu, neted \u0219i radiant, ridurile vor fi estompate \u0219i, \u00een plus, va fi sporit\u0103 eficien\u021ba produselor de \u00eengrijire a tenului, deoarece aparul galvanic contribuie la o mai bun\u0103 absorb\u021bie \u00een ten a substan\u021belor active ale acestora.  Caracteristici:  utilizeaz\u0103 efectele terapiei galvanice stimuleaz\u0103 regenerarea mai rapid\u0103 a celulelor cutanate ac\u021bioneaz\u0103 asupra tenului prin curen\u021bi galvanici pozitivi \u0219i negativi ajut\u0103 la re\u00eennoirea celulelor epidermei las\u0103 tenul neted \u0219i proasp\u0103t asigur\u0103 un rezultat profesional promoveaz\u0103 produc\u021bia de colagen neteze\u0219te eficient liniile \u0219i ridurile fine metod\u0103 non-invaziv\u0103 de \u00eengrijire a tenului reface aspectul tineresc al tenului reface suple\u021bea pielii form\u0103 ergonomic\u0103  Cum se utilizeaz\u0103: Folosi\u021bi numai produse cosmetice potrivite pentru dispozitive galvanice.<\/p>\n","protected":false},"excerpt":{"rendered":"<p>PALSAR7 Galvanic iron, 1 buc, Dispozitive galvanice de netezire, Procesul natural de \u00eemb\u0103tr\u00e2nire nu poate fi evitat, dar de ce s\u0103 nu v\u0103 men\u021bine\u021bi aspectul tineresc al tenului pentru c\u00e2t mai mult timp? Aparatul galvanic PALSAR7 Galvanic iron v\u0103 va ajuta s\u0103 ob\u021bine\u021bi un ten impecabil \u0219i tineresc, f\u0103r\u0103 a fi nevoie s\u0103 vizita\u021bi un&#8230;<\/p>\n","protected":false},"featured_media":499442,"comment_status":"closed","ping_status":"open","template":"","meta":{"_acf_changed":false,"_kadence_starter_templates_imported_post":false,"_kad_post_transparent":"","_kad_post_title":"","_kad_post_layout":"","_kad_post_sidebar_id":"","_kad_post_content_style":"","_kad_post_vertical_padding":"","_kad_post_feature":"","_kad_post_feature_position":"","_kad_post_header":false,"_kad_post_footer":false,"_kad_post_classname":""},"product_brand":[3565],"product_cat":[1564,3942,4010,1563,1565,1562],"product_tag":[],"class_list":{"0":"post-499441","1":"product","2":"type-product","3":"status-publish","4":"has-post-thumbnail","6":"product_brand-palsar7","7":"product_cat-cosmetice-ingrijire-personala","8":"product_cat-electronice-ingrijirea-pielii","9":"product_cat-fier-de-calcat-galvanic","10":"product_cat-ingrijire-personala","11":"product_cat-ingrijirea-pielii","12":"product_cat-sanatate-si-frumusete","13":"pa_gen-unisex","14":"pa_marime-1-buc","16":"first","17":"instock","18":"product-type-external","19":"entry","20":"content-bg","21":"loop-entry"},"acf":[],"yoast_head":"<!-- This site is optimized with the Yoast SEO plugin v27.4 - https:\/\/yoast.com\/product\/yoast-seo-wordpress\/ -->\n<title>PALSAR7 Galvanic iron aparat galvanic de cosmetic\u0103 pentru gat si decolteu 1 buc - SHOPATOA.COM<\/title>\n<meta name=\"robots\" content=\"index, follow, max-snippet:-1, max-image-preview:large, max-video-preview:-1\" \/>\n<link rel=\"canonical\" href=\"https:\/\/shopatoa.com\/ro\/palsar7-galvanic-iron-aparat-galvanic-de-cosmetica-pentru-gat-si-decolteu-1-buc\/\" \/>\n<meta property=\"og:locale\" content=\"ro_RO\" \/>\n<meta property=\"og:type\" content=\"article\" \/>\n<meta property=\"og:title\" content=\"PALSAR7 Galvanic iron aparat galvanic de cosmetic\u0103 pentru gat si decolteu 1 buc - SHOPATOA.COM\" \/>\n<meta property=\"og:description\" content=\"PALSAR7 Galvanic iron, 1 buc, Dispozitive galvanice de netezire, Procesul natural de \u00eemb\u0103tr\u00e2nire nu poate fi evitat, dar de ce s\u0103 nu v\u0103 men\u021bine\u021bi aspectul tineresc al tenului pentru c\u00e2t mai mult timp? Aparatul galvanic PALSAR7 Galvanic iron v\u0103 va ajuta s\u0103 ob\u021bine\u021bi un ten impecabil \u0219i tineresc, f\u0103r\u0103 a fi nevoie s\u0103 vizita\u021bi un...\" \/>\n<meta property=\"og:url\" content=\"https:\/\/shopatoa.com\/ro\/palsar7-galvanic-iron-aparat-galvanic-de-cosmetica-pentru-gat-si-decolteu-1-buc\/\" \/>\n<meta property=\"og:site_name\" content=\"SHOPATOA\" \/>\n<meta property=\"article:modified_time\" content=\"2026-01-30T16:57:32+00:00\" \/>\n<meta property=\"og:image\" content=\"https:\/\/storage.googleapis.com\/cz-shopatoa-img\/ro\/0741421d-8594209100682_01.jpg\" \/>\n\t<meta property=\"og:image:width\" content=\"800\" \/>\n\t<meta property=\"og:image:height\" content=\"800\" \/>\n\t<meta property=\"og:image:type\" content=\"image\/jpeg\" \/>\n<meta name=\"twitter:card\" content=\"summary_large_image\" \/>\n<meta name=\"twitter:label1\" content=\"Timp estimat pentru citire\" \/>\n\t<meta name=\"twitter:data1\" content=\"1 minut\" \/>\n<script type=\"application\/ld+json\" class=\"yoast-schema-graph\">{\"@context\":\"https:\\\/\\\/schema.org\",\"@graph\":[{\"@type\":\"WebPage\",\"@id\":\"https:\\\/\\\/shopatoa.com\\\/ro\\\/palsar7-galvanic-iron-aparat-galvanic-de-cosmetica-pentru-gat-si-decolteu-1-buc\\\/\",\"url\":\"https:\\\/\\\/shopatoa.com\\\/ro\\\/palsar7-galvanic-iron-aparat-galvanic-de-cosmetica-pentru-gat-si-decolteu-1-buc\\\/\",\"name\":\"PALSAR7 Galvanic iron aparat galvanic de cosmetic\u0103 pentru gat si decolteu 1 buc - SHOPATOA.COM\",\"isPartOf\":{\"@id\":\"https:\\\/\\\/shopatoa.com\\\/ro\\\/#website\"},\"primaryImageOfPage\":{\"@id\":\"https:\\\/\\\/shopatoa.com\\\/ro\\\/palsar7-galvanic-iron-aparat-galvanic-de-cosmetica-pentru-gat-si-decolteu-1-buc\\\/#primaryimage\"},\"image\":{\"@id\":\"https:\\\/\\\/shopatoa.com\\\/ro\\\/palsar7-galvanic-iron-aparat-galvanic-de-cosmetica-pentru-gat-si-decolteu-1-buc\\\/#primaryimage\"},\"thumbnailUrl\":\"https:\\\/\\\/storage.googleapis.com\\\/cz-shopatoa-img\\\/ro\\\/0741421d-8594209100682_01.jpg\",\"datePublished\":\"2025-12-04T14:16:52+00:00\",\"dateModified\":\"2026-01-30T16:57:32+00:00\",\"breadcrumb\":{\"@id\":\"https:\\\/\\\/shopatoa.com\\\/ro\\\/palsar7-galvanic-iron-aparat-galvanic-de-cosmetica-pentru-gat-si-decolteu-1-buc\\\/#breadcrumb\"},\"inLanguage\":\"ro-RO\",\"potentialAction\":[{\"@type\":\"ReadAction\",\"target\":[\"https:\\\/\\\/shopatoa.com\\\/ro\\\/palsar7-galvanic-iron-aparat-galvanic-de-cosmetica-pentru-gat-si-decolteu-1-buc\\\/\"]}]},{\"@type\":\"ImageObject\",\"inLanguage\":\"ro-RO\",\"@id\":\"https:\\\/\\\/shopatoa.com\\\/ro\\\/palsar7-galvanic-iron-aparat-galvanic-de-cosmetica-pentru-gat-si-decolteu-1-buc\\\/#primaryimage\",\"url\":\"https:\\\/\\\/storage.googleapis.com\\\/cz-shopatoa-img\\\/ro\\\/0741421d-8594209100682_01.jpg\",\"contentUrl\":\"https:\\\/\\\/storage.googleapis.com\\\/cz-shopatoa-img\\\/ro\\\/0741421d-8594209100682_01.jpg\",\"width\":800,\"height\":800},{\"@type\":\"BreadcrumbList\",\"@id\":\"https:\\\/\\\/shopatoa.com\\\/ro\\\/palsar7-galvanic-iron-aparat-galvanic-de-cosmetica-pentru-gat-si-decolteu-1-buc\\\/#breadcrumb\",\"itemListElement\":[{\"@type\":\"ListItem\",\"position\":1,\"name\":\"Dom\u016f\",\"item\":\"https:\\\/\\\/shopatoa.com\\\/ro\\\/\"},{\"@type\":\"ListItem\",\"position\":2,\"name\":\"Shop\",\"item\":\"https:\\\/\\\/shopatoa.com\\\/ro\\\/shop\\\/\"},{\"@type\":\"ListItem\",\"position\":3,\"name\":\"S\u0103n\u0103tate \u0219i frumuse\u021be\",\"item\":\"https:\\\/\\\/shopatoa.com\\\/ro\\\/sanatate-si-frumusete\\\/\"},{\"@type\":\"ListItem\",\"position\":4,\"name\":\"\u00cengrijire personal\u0103\",\"item\":\"https:\\\/\\\/shopatoa.com\\\/ro\\\/ingrijire-personala\\\/\"},{\"@type\":\"ListItem\",\"position\":5,\"name\":\"Cosmetice\",\"item\":\"https:\\\/\\\/shopatoa.com\\\/ro\\\/cosmetice-ingrijire-personala\\\/\"},{\"@type\":\"ListItem\",\"position\":6,\"name\":\"\u00cengrijirea pielii\",\"item\":\"https:\\\/\\\/shopatoa.com\\\/ro\\\/ingrijirea-pielii\\\/\"},{\"@type\":\"ListItem\",\"position\":7,\"name\":\"Electronice\",\"item\":\"https:\\\/\\\/shopatoa.com\\\/ro\\\/electronice-ingrijirea-pielii\\\/\"},{\"@type\":\"ListItem\",\"position\":8,\"name\":\"Fier de c\u0103lcat galvanic\",\"item\":\"https:\\\/\\\/shopatoa.com\\\/ro\\\/fier-de-calcat-galvanic\\\/\"},{\"@type\":\"ListItem\",\"position\":9,\"name\":\"PALSAR7 Galvanic iron aparat galvanic de cosmetic\u0103 pentru gat si decolteu 1 buc\"}]},{\"@type\":\"WebSite\",\"@id\":\"https:\\\/\\\/shopatoa.com\\\/ro\\\/#website\",\"url\":\"https:\\\/\\\/shopatoa.com\\\/ro\\\/\",\"name\":\"SHOPATOA\",\"description\":\"\",\"publisher\":{\"@id\":\"https:\\\/\\\/shopatoa.com\\\/ro\\\/#organization\"},\"potentialAction\":[{\"@type\":\"SearchAction\",\"target\":{\"@type\":\"EntryPoint\",\"urlTemplate\":\"https:\\\/\\\/shopatoa.com\\\/ro\\\/?s={search_term_string}\"},\"query-input\":{\"@type\":\"PropertyValueSpecification\",\"valueRequired\":true,\"valueName\":\"search_term_string\"}}],\"inLanguage\":\"ro-RO\"},{\"@type\":\"Organization\",\"@id\":\"https:\\\/\\\/shopatoa.com\\\/ro\\\/#organization\",\"name\":\"SHOPATOA\",\"url\":\"https:\\\/\\\/shopatoa.com\\\/ro\\\/\",\"logo\":{\"@type\":\"ImageObject\",\"inLanguage\":\"ro-RO\",\"@id\":\"https:\\\/\\\/shopatoa.com\\\/ro\\\/#\\\/schema\\\/logo\\\/image\\\/\",\"url\":\"https:\\\/\\\/storage.googleapis.com\\\/cz-shopatoa-img\\\/ro\\\/b4dac915-shopatoa_logo.png\",\"contentUrl\":\"https:\\\/\\\/storage.googleapis.com\\\/cz-shopatoa-img\\\/ro\\\/b4dac915-shopatoa_logo.png\",\"width\":416,\"height\":63,\"caption\":\"SHOPATOA\"},\"image\":{\"@id\":\"https:\\\/\\\/shopatoa.com\\\/ro\\\/#\\\/schema\\\/logo\\\/image\\\/\"}}]}<\/script>\n<!-- \/ Yoast SEO plugin. -->","yoast_head_json":{"title":"PALSAR7 Galvanic iron aparat galvanic de cosmetic\u0103 pentru gat si decolteu 1 buc - SHOPATOA.COM","robots":{"index":"index","follow":"follow","max-snippet":"max-snippet:-1","max-image-preview":"max-image-preview:large","max-video-preview":"max-video-preview:-1"},"canonical":"https:\/\/shopatoa.com\/ro\/palsar7-galvanic-iron-aparat-galvanic-de-cosmetica-pentru-gat-si-decolteu-1-buc\/","og_locale":"ro_RO","og_type":"article","og_title":"PALSAR7 Galvanic iron aparat galvanic de cosmetic\u0103 pentru gat si decolteu 1 buc - SHOPATOA.COM","og_description":"PALSAR7 Galvanic iron, 1 buc, Dispozitive galvanice de netezire, Procesul natural de \u00eemb\u0103tr\u00e2nire nu poate fi evitat, dar de ce s\u0103 nu v\u0103 men\u021bine\u021bi aspectul tineresc al tenului pentru c\u00e2t mai mult timp? Aparatul galvanic PALSAR7 Galvanic iron v\u0103 va ajuta s\u0103 ob\u021bine\u021bi un ten impecabil \u0219i tineresc, f\u0103r\u0103 a fi nevoie s\u0103 vizita\u021bi un...","og_url":"https:\/\/shopatoa.com\/ro\/palsar7-galvanic-iron-aparat-galvanic-de-cosmetica-pentru-gat-si-decolteu-1-buc\/","og_site_name":"SHOPATOA","article_modified_time":"2026-01-30T16:57:32+00:00","og_image":[{"width":800,"height":800,"url":"https:\/\/storage.googleapis.com\/cz-shopatoa-img\/ro\/0741421d-8594209100682_01.jpg","type":"image\/jpeg"}],"twitter_card":"summary_large_image","twitter_misc":{"Timp estimat pentru citire":"1 minut"},"schema":{"@context":"https:\/\/schema.org","@graph":[{"@type":"WebPage","@id":"https:\/\/shopatoa.com\/ro\/palsar7-galvanic-iron-aparat-galvanic-de-cosmetica-pentru-gat-si-decolteu-1-buc\/","url":"https:\/\/shopatoa.com\/ro\/palsar7-galvanic-iron-aparat-galvanic-de-cosmetica-pentru-gat-si-decolteu-1-buc\/","name":"PALSAR7 Galvanic iron aparat galvanic de cosmetic\u0103 pentru gat si decolteu 1 buc - SHOPATOA.COM","isPartOf":{"@id":"https:\/\/shopatoa.com\/ro\/#website"},"primaryImageOfPage":{"@id":"https:\/\/shopatoa.com\/ro\/palsar7-galvanic-iron-aparat-galvanic-de-cosmetica-pentru-gat-si-decolteu-1-buc\/#primaryimage"},"image":{"@id":"https:\/\/shopatoa.com\/ro\/palsar7-galvanic-iron-aparat-galvanic-de-cosmetica-pentru-gat-si-decolteu-1-buc\/#primaryimage"},"thumbnailUrl":"https:\/\/storage.googleapis.com\/cz-shopatoa-img\/ro\/0741421d-8594209100682_01.jpg","datePublished":"2025-12-04T14:16:52+00:00","dateModified":"2026-01-30T16:57:32+00:00","breadcrumb":{"@id":"https:\/\/shopatoa.com\/ro\/palsar7-galvanic-iron-aparat-galvanic-de-cosmetica-pentru-gat-si-decolteu-1-buc\/#breadcrumb"},"inLanguage":"ro-RO","potentialAction":[{"@type":"ReadAction","target":["https:\/\/shopatoa.com\/ro\/palsar7-galvanic-iron-aparat-galvanic-de-cosmetica-pentru-gat-si-decolteu-1-buc\/"]}]},{"@type":"ImageObject","inLanguage":"ro-RO","@id":"https:\/\/shopatoa.com\/ro\/palsar7-galvanic-iron-aparat-galvanic-de-cosmetica-pentru-gat-si-decolteu-1-buc\/#primaryimage","url":"https:\/\/storage.googleapis.com\/cz-shopatoa-img\/ro\/0741421d-8594209100682_01.jpg","contentUrl":"https:\/\/storage.googleapis.com\/cz-shopatoa-img\/ro\/0741421d-8594209100682_01.jpg","width":800,"height":800},{"@type":"BreadcrumbList","@id":"https:\/\/shopatoa.com\/ro\/palsar7-galvanic-iron-aparat-galvanic-de-cosmetica-pentru-gat-si-decolteu-1-buc\/#breadcrumb","itemListElement":[{"@type":"ListItem","position":1,"name":"Dom\u016f","item":"https:\/\/shopatoa.com\/ro\/"},{"@type":"ListItem","position":2,"name":"Shop","item":"https:\/\/shopatoa.com\/ro\/shop\/"},{"@type":"ListItem","position":3,"name":"S\u0103n\u0103tate \u0219i frumuse\u021be","item":"https:\/\/shopatoa.com\/ro\/sanatate-si-frumusete\/"},{"@type":"ListItem","position":4,"name":"\u00cengrijire personal\u0103","item":"https:\/\/shopatoa.com\/ro\/ingrijire-personala\/"},{"@type":"ListItem","position":5,"name":"Cosmetice","item":"https:\/\/shopatoa.com\/ro\/cosmetice-ingrijire-personala\/"},{"@type":"ListItem","position":6,"name":"\u00cengrijirea pielii","item":"https:\/\/shopatoa.com\/ro\/ingrijirea-pielii\/"},{"@type":"ListItem","position":7,"name":"Electronice","item":"https:\/\/shopatoa.com\/ro\/electronice-ingrijirea-pielii\/"},{"@type":"ListItem","position":8,"name":"Fier de c\u0103lcat galvanic","item":"https:\/\/shopatoa.com\/ro\/fier-de-calcat-galvanic\/"},{"@type":"ListItem","position":9,"name":"PALSAR7 Galvanic iron aparat galvanic de cosmetic\u0103 pentru gat si decolteu 1 buc"}]},{"@type":"WebSite","@id":"https:\/\/shopatoa.com\/ro\/#website","url":"https:\/\/shopatoa.com\/ro\/","name":"SHOPATOA","description":"","publisher":{"@id":"https:\/\/shopatoa.com\/ro\/#organization"},"potentialAction":[{"@type":"SearchAction","target":{"@type":"EntryPoint","urlTemplate":"https:\/\/shopatoa.com\/ro\/?s={search_term_string}"},"query-input":{"@type":"PropertyValueSpecification","valueRequired":true,"valueName":"search_term_string"}}],"inLanguage":"ro-RO"},{"@type":"Organization","@id":"https:\/\/shopatoa.com\/ro\/#organization","name":"SHOPATOA","url":"https:\/\/shopatoa.com\/ro\/","logo":{"@type":"ImageObject","inLanguage":"ro-RO","@id":"https:\/\/shopatoa.com\/ro\/#\/schema\/logo\/image\/","url":"https:\/\/storage.googleapis.com\/cz-shopatoa-img\/ro\/b4dac915-shopatoa_logo.png","contentUrl":"https:\/\/storage.googleapis.com\/cz-shopatoa-img\/ro\/b4dac915-shopatoa_logo.png","width":416,"height":63,"caption":"SHOPATOA"},"image":{"@id":"https:\/\/shopatoa.com\/ro\/#\/schema\/logo\/image\/"}}]}},"_links":{"self":[{"href":"https:\/\/shopatoa.com\/ro\/wp-json\/wp\/v2\/product\/499441","targetHints":{"allow":["GET"]}}],"collection":[{"href":"https:\/\/shopatoa.com\/ro\/wp-json\/wp\/v2\/product"}],"about":[{"href":"https:\/\/shopatoa.com\/ro\/wp-json\/wp\/v2\/types\/product"}],"replies":[{"embeddable":true,"href":"https:\/\/shopatoa.com\/ro\/wp-json\/wp\/v2\/comments?post=499441"}],"wp:featuredmedia":[{"embeddable":true,"href":"https:\/\/shopatoa.com\/ro\/wp-json\/wp\/v2\/media\/499442"}],"wp:attachment":[{"href":"https:\/\/shopatoa.com\/ro\/wp-json\/wp\/v2\/media?parent=499441"}],"wp:term":[{"taxonomy":"product_brand","embeddable":true,"href":"https:\/\/shopatoa.com\/ro\/wp-json\/wp\/v2\/product_brand?post=499441"},{"taxonomy":"product_cat","embeddable":true,"href":"https:\/\/shopatoa.com\/ro\/wp-json\/wp\/v2\/product_cat?post=499441"},{"taxonomy":"product_tag","embeddable":true,"href":"https:\/\/shopatoa.com\/ro\/wp-json\/wp\/v2\/product_tag?post=499441"}],"curies":[{"name":"wp","href":"https:\/\/api.w.org\/{rel}","templated":true}]}}