{"id":499583,"date":"2025-12-04T15:28:12","date_gmt":"2025-12-04T14:28:12","guid":{"rendered":"https:\/\/shopatoa.com\/ro\/police-potion-absinthe-eau-de-parfum-pentru-barbati-30-ml\/"},"modified":"2025-12-04T15:28:19","modified_gmt":"2025-12-04T14:28:19","slug":"police-potion-absinthe-eau-de-parfum-pentru-barbati-30-ml","status":"publish","type":"product","link":"https:\/\/shopatoa.com\/ro\/police-potion-absinthe-eau-de-parfum-pentru-barbati-30-ml\/","title":{"rendered":"Police Potion Absinthe Eau de Parfum pentru b\u0103rba\u021bi 30 ml"},"content":{"rendered":"<p>Police Potion Absinthe, 30 ml, Ap\u0103 de parfum pentru b\u0103rba\u021bi, Apa de parfum pentru b\u0103rba\u021bi Police Potion Absinthe v\u0103 captiveaz\u0103 ca o nou\u0103 dependen\u021b\u0103, la care nu ve\u021bi dori s\u0103 renun\u021ba\u021bi. V\u0103 convinge, \u00eenc\u0103 de la prima parfumare, c\u0103, de acum \u00eenainte, este indispensabil\u0103 pentru fiecare zi.  parfum aromatic, cu tonuri ierboase parfum picant parfum potrivit pentru fiecare zi<\/p>\n","protected":false},"excerpt":{"rendered":"<p>Police Potion Absinthe, 30 ml, Ap\u0103 de parfum pentru b\u0103rba\u021bi, Apa de parfum pentru b\u0103rba\u021bi Police Potion Absinthe v\u0103 captiveaz\u0103 ca o nou\u0103 dependen\u021b\u0103, la care nu ve\u021bi dori s\u0103 renun\u021ba\u021bi. V\u0103 convinge, \u00eenc\u0103 de la prima parfumare, c\u0103, de acum \u00eenainte, este indispensabil\u0103 pentru fiecare zi. parfum aromatic, cu tonuri ierboase parfum picant parfum&#8230;<\/p>\n","protected":false},"featured_media":499584,"comment_status":"closed","ping_status":"open","template":"","meta":{"_acf_changed":false,"_kadence_starter_templates_imported_post":false,"_kad_post_transparent":"","_kad_post_title":"","_kad_post_layout":"","_kad_post_sidebar_id":"","_kad_post_content_style":"","_kad_post_vertical_padding":"","_kad_post_feature":"","_kad_post_feature_position":"","_kad_post_header":false,"_kad_post_footer":false,"_kad_post_classname":""},"product_brand":[198],"product_cat":[3202,1564,1563,3200,1562],"product_tag":[],"class_list":{"0":"post-499583","1":"product","2":"type-product","3":"status-publish","4":"has-post-thumbnail","6":"product_brand-police","7":"product_cat-ape-de-parfum","8":"product_cat-cosmetice-ingrijire-personala","9":"product_cat-ingrijire-personala","10":"product_cat-parfumuri-si-colonii","11":"product_cat-sanatate-si-frumusete","12":"pa_gen-male","13":"pa_marime-30-ml","15":"first","16":"instock","17":"product-type-external","18":"entry","19":"content-bg","20":"loop-entry"},"acf":[],"yoast_head":"<!-- This site is optimized with the Yoast SEO plugin v27.3 - https:\/\/yoast.com\/product\/yoast-seo-wordpress\/ -->\n<title>Police Potion Absinthe Eau de Parfum pentru b\u0103rba\u021bi 30 ml - SHOPATOA.COM<\/title>\n<meta name=\"robots\" content=\"index, follow, max-snippet:-1, max-image-preview:large, max-video-preview:-1\" \/>\n<link rel=\"canonical\" href=\"https:\/\/shopatoa.com\/ro\/police-potion-absinthe-eau-de-parfum-pentru-barbati-30-ml\/\" \/>\n<meta property=\"og:locale\" content=\"ro_RO\" \/>\n<meta property=\"og:type\" content=\"article\" \/>\n<meta property=\"og:title\" content=\"Police Potion Absinthe Eau de Parfum pentru b\u0103rba\u021bi 30 ml - SHOPATOA.COM\" \/>\n<meta property=\"og:description\" content=\"Police Potion Absinthe, 30 ml, Ap\u0103 de parfum pentru b\u0103rba\u021bi, Apa de parfum pentru b\u0103rba\u021bi Police Potion Absinthe v\u0103 captiveaz\u0103 ca o nou\u0103 dependen\u021b\u0103, la care nu ve\u021bi dori s\u0103 renun\u021ba\u021bi. V\u0103 convinge, \u00eenc\u0103 de la prima parfumare, c\u0103, de acum \u00eenainte, este indispensabil\u0103 pentru fiecare zi. parfum aromatic, cu tonuri ierboase parfum picant parfum...\" \/>\n<meta property=\"og:url\" content=\"https:\/\/shopatoa.com\/ro\/police-potion-absinthe-eau-de-parfum-pentru-barbati-30-ml\/\" \/>\n<meta property=\"og:site_name\" content=\"SHOPATOA\" \/>\n<meta property=\"article:modified_time\" content=\"2025-12-04T14:28:19+00:00\" \/>\n<meta property=\"og:image\" content=\"https:\/\/storage.googleapis.com\/cz-shopatoa-img\/ro\/f04b6635-679602143127_01-o.jpg\" \/>\n\t<meta property=\"og:image:width\" content=\"800\" \/>\n\t<meta property=\"og:image:height\" content=\"800\" \/>\n\t<meta property=\"og:image:type\" content=\"image\/jpeg\" \/>\n<meta name=\"twitter:card\" content=\"summary_large_image\" \/>\n<script type=\"application\/ld+json\" class=\"yoast-schema-graph\">{\"@context\":\"https:\\\/\\\/schema.org\",\"@graph\":[{\"@type\":\"WebPage\",\"@id\":\"https:\\\/\\\/shopatoa.com\\\/ro\\\/police-potion-absinthe-eau-de-parfum-pentru-barbati-30-ml\\\/\",\"url\":\"https:\\\/\\\/shopatoa.com\\\/ro\\\/police-potion-absinthe-eau-de-parfum-pentru-barbati-30-ml\\\/\",\"name\":\"Police Potion Absinthe Eau de Parfum pentru b\u0103rba\u021bi 30 ml - SHOPATOA.COM\",\"isPartOf\":{\"@id\":\"https:\\\/\\\/shopatoa.com\\\/ro\\\/#website\"},\"primaryImageOfPage\":{\"@id\":\"https:\\\/\\\/shopatoa.com\\\/ro\\\/police-potion-absinthe-eau-de-parfum-pentru-barbati-30-ml\\\/#primaryimage\"},\"image\":{\"@id\":\"https:\\\/\\\/shopatoa.com\\\/ro\\\/police-potion-absinthe-eau-de-parfum-pentru-barbati-30-ml\\\/#primaryimage\"},\"thumbnailUrl\":\"https:\\\/\\\/storage.googleapis.com\\\/cz-shopatoa-img\\\/ro\\\/f04b6635-679602143127_01-o.jpg\",\"datePublished\":\"2025-12-04T14:28:12+00:00\",\"dateModified\":\"2025-12-04T14:28:19+00:00\",\"breadcrumb\":{\"@id\":\"https:\\\/\\\/shopatoa.com\\\/ro\\\/police-potion-absinthe-eau-de-parfum-pentru-barbati-30-ml\\\/#breadcrumb\"},\"inLanguage\":\"ro-RO\",\"potentialAction\":[{\"@type\":\"ReadAction\",\"target\":[\"https:\\\/\\\/shopatoa.com\\\/ro\\\/police-potion-absinthe-eau-de-parfum-pentru-barbati-30-ml\\\/\"]}]},{\"@type\":\"ImageObject\",\"inLanguage\":\"ro-RO\",\"@id\":\"https:\\\/\\\/shopatoa.com\\\/ro\\\/police-potion-absinthe-eau-de-parfum-pentru-barbati-30-ml\\\/#primaryimage\",\"url\":\"https:\\\/\\\/storage.googleapis.com\\\/cz-shopatoa-img\\\/ro\\\/f04b6635-679602143127_01-o.jpg\",\"contentUrl\":\"https:\\\/\\\/storage.googleapis.com\\\/cz-shopatoa-img\\\/ro\\\/f04b6635-679602143127_01-o.jpg\",\"width\":800,\"height\":800},{\"@type\":\"BreadcrumbList\",\"@id\":\"https:\\\/\\\/shopatoa.com\\\/ro\\\/police-potion-absinthe-eau-de-parfum-pentru-barbati-30-ml\\\/#breadcrumb\",\"itemListElement\":[{\"@type\":\"ListItem\",\"position\":1,\"name\":\"Dom\u016f\",\"item\":\"https:\\\/\\\/shopatoa.com\\\/ro\\\/\"},{\"@type\":\"ListItem\",\"position\":2,\"name\":\"Shop\",\"item\":\"https:\\\/\\\/shopatoa.com\\\/ro\\\/shop\\\/\"},{\"@type\":\"ListItem\",\"position\":3,\"name\":\"Police Potion Absinthe Eau de Parfum pentru b\u0103rba\u021bi 30 ml\"}]},{\"@type\":\"WebSite\",\"@id\":\"https:\\\/\\\/shopatoa.com\\\/ro\\\/#website\",\"url\":\"https:\\\/\\\/shopatoa.com\\\/ro\\\/\",\"name\":\"SHOPATOA\",\"description\":\"\",\"publisher\":{\"@id\":\"https:\\\/\\\/shopatoa.com\\\/ro\\\/#organization\"},\"potentialAction\":[{\"@type\":\"SearchAction\",\"target\":{\"@type\":\"EntryPoint\",\"urlTemplate\":\"https:\\\/\\\/shopatoa.com\\\/ro\\\/?s={search_term_string}\"},\"query-input\":{\"@type\":\"PropertyValueSpecification\",\"valueRequired\":true,\"valueName\":\"search_term_string\"}}],\"inLanguage\":\"ro-RO\"},{\"@type\":\"Organization\",\"@id\":\"https:\\\/\\\/shopatoa.com\\\/ro\\\/#organization\",\"name\":\"SHOPATOA\",\"url\":\"https:\\\/\\\/shopatoa.com\\\/ro\\\/\",\"logo\":{\"@type\":\"ImageObject\",\"inLanguage\":\"ro-RO\",\"@id\":\"https:\\\/\\\/shopatoa.com\\\/ro\\\/#\\\/schema\\\/logo\\\/image\\\/\",\"url\":\"https:\\\/\\\/storage.googleapis.com\\\/cz-shopatoa-img\\\/ro\\\/b4dac915-shopatoa_logo.png\",\"contentUrl\":\"https:\\\/\\\/storage.googleapis.com\\\/cz-shopatoa-img\\\/ro\\\/b4dac915-shopatoa_logo.png\",\"width\":416,\"height\":63,\"caption\":\"SHOPATOA\"},\"image\":{\"@id\":\"https:\\\/\\\/shopatoa.com\\\/ro\\\/#\\\/schema\\\/logo\\\/image\\\/\"}}]}<\/script>\n<!-- \/ Yoast SEO plugin. -->","yoast_head_json":{"title":"Police Potion Absinthe Eau de Parfum pentru b\u0103rba\u021bi 30 ml - SHOPATOA.COM","robots":{"index":"index","follow":"follow","max-snippet":"max-snippet:-1","max-image-preview":"max-image-preview:large","max-video-preview":"max-video-preview:-1"},"canonical":"https:\/\/shopatoa.com\/ro\/police-potion-absinthe-eau-de-parfum-pentru-barbati-30-ml\/","og_locale":"ro_RO","og_type":"article","og_title":"Police Potion Absinthe Eau de Parfum pentru b\u0103rba\u021bi 30 ml - SHOPATOA.COM","og_description":"Police Potion Absinthe, 30 ml, Ap\u0103 de parfum pentru b\u0103rba\u021bi, Apa de parfum pentru b\u0103rba\u021bi Police Potion Absinthe v\u0103 captiveaz\u0103 ca o nou\u0103 dependen\u021b\u0103, la care nu ve\u021bi dori s\u0103 renun\u021ba\u021bi. V\u0103 convinge, \u00eenc\u0103 de la prima parfumare, c\u0103, de acum \u00eenainte, este indispensabil\u0103 pentru fiecare zi. parfum aromatic, cu tonuri ierboase parfum picant parfum...","og_url":"https:\/\/shopatoa.com\/ro\/police-potion-absinthe-eau-de-parfum-pentru-barbati-30-ml\/","og_site_name":"SHOPATOA","article_modified_time":"2025-12-04T14:28:19+00:00","og_image":[{"width":800,"height":800,"url":"https:\/\/storage.googleapis.com\/cz-shopatoa-img\/ro\/f04b6635-679602143127_01-o.jpg","type":"image\/jpeg"}],"twitter_card":"summary_large_image","schema":{"@context":"https:\/\/schema.org","@graph":[{"@type":"WebPage","@id":"https:\/\/shopatoa.com\/ro\/police-potion-absinthe-eau-de-parfum-pentru-barbati-30-ml\/","url":"https:\/\/shopatoa.com\/ro\/police-potion-absinthe-eau-de-parfum-pentru-barbati-30-ml\/","name":"Police Potion Absinthe Eau de Parfum pentru b\u0103rba\u021bi 30 ml - SHOPATOA.COM","isPartOf":{"@id":"https:\/\/shopatoa.com\/ro\/#website"},"primaryImageOfPage":{"@id":"https:\/\/shopatoa.com\/ro\/police-potion-absinthe-eau-de-parfum-pentru-barbati-30-ml\/#primaryimage"},"image":{"@id":"https:\/\/shopatoa.com\/ro\/police-potion-absinthe-eau-de-parfum-pentru-barbati-30-ml\/#primaryimage"},"thumbnailUrl":"https:\/\/storage.googleapis.com\/cz-shopatoa-img\/ro\/f04b6635-679602143127_01-o.jpg","datePublished":"2025-12-04T14:28:12+00:00","dateModified":"2025-12-04T14:28:19+00:00","breadcrumb":{"@id":"https:\/\/shopatoa.com\/ro\/police-potion-absinthe-eau-de-parfum-pentru-barbati-30-ml\/#breadcrumb"},"inLanguage":"ro-RO","potentialAction":[{"@type":"ReadAction","target":["https:\/\/shopatoa.com\/ro\/police-potion-absinthe-eau-de-parfum-pentru-barbati-30-ml\/"]}]},{"@type":"ImageObject","inLanguage":"ro-RO","@id":"https:\/\/shopatoa.com\/ro\/police-potion-absinthe-eau-de-parfum-pentru-barbati-30-ml\/#primaryimage","url":"https:\/\/storage.googleapis.com\/cz-shopatoa-img\/ro\/f04b6635-679602143127_01-o.jpg","contentUrl":"https:\/\/storage.googleapis.com\/cz-shopatoa-img\/ro\/f04b6635-679602143127_01-o.jpg","width":800,"height":800},{"@type":"BreadcrumbList","@id":"https:\/\/shopatoa.com\/ro\/police-potion-absinthe-eau-de-parfum-pentru-barbati-30-ml\/#breadcrumb","itemListElement":[{"@type":"ListItem","position":1,"name":"Dom\u016f","item":"https:\/\/shopatoa.com\/ro\/"},{"@type":"ListItem","position":2,"name":"Shop","item":"https:\/\/shopatoa.com\/ro\/shop\/"},{"@type":"ListItem","position":3,"name":"Police Potion Absinthe Eau de Parfum pentru b\u0103rba\u021bi 30 ml"}]},{"@type":"WebSite","@id":"https:\/\/shopatoa.com\/ro\/#website","url":"https:\/\/shopatoa.com\/ro\/","name":"SHOPATOA","description":"","publisher":{"@id":"https:\/\/shopatoa.com\/ro\/#organization"},"potentialAction":[{"@type":"SearchAction","target":{"@type":"EntryPoint","urlTemplate":"https:\/\/shopatoa.com\/ro\/?s={search_term_string}"},"query-input":{"@type":"PropertyValueSpecification","valueRequired":true,"valueName":"search_term_string"}}],"inLanguage":"ro-RO"},{"@type":"Organization","@id":"https:\/\/shopatoa.com\/ro\/#organization","name":"SHOPATOA","url":"https:\/\/shopatoa.com\/ro\/","logo":{"@type":"ImageObject","inLanguage":"ro-RO","@id":"https:\/\/shopatoa.com\/ro\/#\/schema\/logo\/image\/","url":"https:\/\/storage.googleapis.com\/cz-shopatoa-img\/ro\/b4dac915-shopatoa_logo.png","contentUrl":"https:\/\/storage.googleapis.com\/cz-shopatoa-img\/ro\/b4dac915-shopatoa_logo.png","width":416,"height":63,"caption":"SHOPATOA"},"image":{"@id":"https:\/\/shopatoa.com\/ro\/#\/schema\/logo\/image\/"}}]}},"_links":{"self":[{"href":"https:\/\/shopatoa.com\/ro\/wp-json\/wp\/v2\/product\/499583","targetHints":{"allow":["GET"]}}],"collection":[{"href":"https:\/\/shopatoa.com\/ro\/wp-json\/wp\/v2\/product"}],"about":[{"href":"https:\/\/shopatoa.com\/ro\/wp-json\/wp\/v2\/types\/product"}],"replies":[{"embeddable":true,"href":"https:\/\/shopatoa.com\/ro\/wp-json\/wp\/v2\/comments?post=499583"}],"wp:featuredmedia":[{"embeddable":true,"href":"https:\/\/shopatoa.com\/ro\/wp-json\/wp\/v2\/media\/499584"}],"wp:attachment":[{"href":"https:\/\/shopatoa.com\/ro\/wp-json\/wp\/v2\/media?parent=499583"}],"wp:term":[{"taxonomy":"product_brand","embeddable":true,"href":"https:\/\/shopatoa.com\/ro\/wp-json\/wp\/v2\/product_brand?post=499583"},{"taxonomy":"product_cat","embeddable":true,"href":"https:\/\/shopatoa.com\/ro\/wp-json\/wp\/v2\/product_cat?post=499583"},{"taxonomy":"product_tag","embeddable":true,"href":"https:\/\/shopatoa.com\/ro\/wp-json\/wp\/v2\/product_tag?post=499583"}],"curies":[{"name":"wp","href":"https:\/\/api.w.org\/{rel}","templated":true}]}}